{"id":176,"date":"2022-10-12T14:00:38","date_gmt":"2022-10-12T13:00:38","guid":{"rendered":"http:\/\/theyoungmessiah.com\/conexion-bisexual\/"},"modified":"2022-10-12T14:00:38","modified_gmt":"2022-10-12T13:00:38","slug":"conexion-bisexual","status":"publish","type":"page","link":"https:\/\/theyoungmessiah.com\/es\/conexion-bisexual\/","title":{"rendered":"Conexi\u00f3n bisexual"},"content":{"rendered":"<p>Hay algunos sitios de citas bisexuales diferentes que puede usar para conectarse con alguien. Estos sitios est\u00e1n dise\u00f1ados espec\u00edficamente para personas que est\u00e1n interesadas en salir o conectarse con alguien que es bisexual. Pueden ser una excelente manera de conocer gente nueva y explorar tu sexualidad. Sin embargo, es importante tener cuidado al usar estos sitios, ya que hay algunas personas que pueden no ser genuinas. Siempre aseg\u00farese de chatear con personas en l\u00ednea antes de reunirse con ellas en persona.<\/p>\n<h2>Sitios web bisexuales<\/h2>\n<p>Hay muchos sitios web bisexuales que atienden a aquellos que est\u00e1n interesados en salir tanto con hombres como con mujeres. Estos sitios generalmente tienen un gran grupo de miembros para elegir y ofrecen una variedad de caracter\u00edsticas que los hacen f\u00e1ciles de usar y efectivos para ayudar a las personas a encontrar coincidencias compatibles. Algunos de los sitios de citas bisexuales m\u00e1s populares incluyen Bicupid, BiPeopleMeet y BiCurious. Estos sitios han existido por un tiempo y han establecido reputaciones como confiables y exitosos para ayudar a las personas a encontrar lo que est\u00e1n buscando.<\/p>\n<h2>Citas Casuales Bi<\/h2>\n<p>Hay muchas razones para probar las citas casuales bi. Tal vez tengas curiosidad por explorar tu sexualidad, o est\u00e9s interesado en probar algo nuevo con tu pareja. Cualquiera que sea la raz\u00f3n, las citas casuales de bi pueden ser una excelente manera de conocer gente nueva y divertirse.<\/p>\n<p>Hay algunas cosas a tener en cuenta si est\u00e1s considerando citas casuales bi. Primero, es importante ser honesto contigo mismo y con tu pareja sobre lo que est\u00e1s buscando. Sea claro acerca de sus l\u00edmites y expectativas, y aseg\u00farese de que todos est\u00e9n en la misma p\u00e1gina. Tambi\u00e9n es una buena idea investigar un poco de antemano para saber qu\u00e9 esperar.<\/p>\n<p>Si eres abierto y honesto sobre lo que est\u00e1s buscando, las citas casuales pueden ser una excelente manera de explorar tu sexualidad y divertirte. Solo aseg\u00farese de comunicarse con su pareja y establecer algunos l\u00edmites para que todos est\u00e9n c\u00f3modos y seguros.<\/p>\n<p>No se puede negar que <a href=\"http:\/\/theyoungmessiah.com\/es\/reunase-para-el-sexo\/\">las citas en l\u00ednea han hecho que conectarse sea m\u00e1s f\u00e1cil que nunca<\/a>. Pero para los solteros bisexuales, puede ser un poco m\u00e1s dif\u00edcil encontrar una buena pareja.<\/p>\n<p>Si bien hay muchos sitios de citas y aplicaciones que atienden a solteros heterosexuales, no hay tantas opciones para aquellos que se identifican como bisexuales. Y debido a eso, las conexiones bisexuales pueden ser un poco m\u00e1s dif\u00edciles de conseguir.<\/p>\n<p>Pero eso no significa que sean imposibles de encontrar. Hay algunos sitios y aplicaciones de citas espec\u00edficos para bisexuales, e incluso algunos sitios y aplicaciones de citas generales que incluyen todas las orientaciones sexuales.<\/p>\n<p>As\u00ed que si est\u00e1s buscando una conexi\u00f3n bisexual, no te desesperes. Hay mucha gente por ah\u00ed que es como t\u00fa.<\/p>\n<h3>Lovoo<\/h3>\n<p>Lovoo es una aplicaci\u00f3n de citas que est\u00e1 creciendo en popularidad, especialmente entre los solteros bisexuales. La aplicaci\u00f3n es f\u00e1cil de usar y tiene una interfaz f\u00e1cil de usar. Tambi\u00e9n tiene muchas caracter\u00edsticas que lo convierten en una gran opci\u00f3n para las citas bisexuales. Por ejemplo, Lovoo tiene una funci\u00f3n que permite a los usuarios ver qui\u00e9n est\u00e1 en l\u00ednea al mismo tiempo que ellos. Esto es ideal para encontrar posibles coincidencias que est\u00e9n en l\u00ednea y listas para chatear. La aplicaci\u00f3n tambi\u00e9n tiene una funci\u00f3n de \u00abcasamentero\u00bb que ayuda a los usuarios a encontrar posibles coincidencias en funci\u00f3n de sus intereses. En general, Lovoo es una gran opci\u00f3n para solteros bisexuales que buscan una aplicaci\u00f3n de citas que sea f\u00e1cil de usar y tenga muchas caracter\u00edsticas.<\/p>\n<h3>BoneAMilf<\/h3>\n<p>BoneAMilf es una nueva aplicaci\u00f3n de citas que est\u00e1 sacudiendo la escena de citas en l\u00ednea para bisexuales. Esta aplicaci\u00f3n est\u00e1 dise\u00f1ada espec\u00edficamente para aquellos que se sienten atra\u00eddos por mujeres maduras y desean encontrar una cita o conexi\u00f3n con una. La aplicaci\u00f3n es f\u00e1cil de usar y tiene una interfaz limpia y moderna. Tambi\u00e9n tiene una gran base de datos de usuarios, por lo que seguramente encontrar\u00e1 a alguien que cumpla con sus criterios.<\/p>\n<h3>FriendFinder-X<\/h3>\n<p>FriendFinder-X es una gran opci\u00f3n para solteros bisexuales o parejas que buscan diversi\u00f3n sexy en l\u00ednea. El sitio tiene millones de miembros en todo el mundo, por lo que definitivamente hay algo para todos. El proceso de registro es r\u00e1pido y f\u00e1cil, y puede comenzar a chatear, coquetear y conectarse de inmediato.<\/p>\n<p>El sitio tiene muchas caracter\u00edsticas excelentes, que incluyen chat en vivo, chat de video y un mundo virtual donde puedes explorar tus fantas\u00edas. Tambi\u00e9n puede encontrar miembros locales con los que conectarse en persona. FriendFinder-X es una gran opci\u00f3n para cualquiera que busque diversi\u00f3n bisexual.<\/p>\n<h3>Juntos2Noches<\/h3>\n<p>Si est\u00e1 buscando una aplicaci\u00f3n de citas que atienda a solteros bisexuales, entonces querr\u00e1 consultar Together2Night. Esta aplicaci\u00f3n es uno de los sitios de citas bisexuales m\u00e1s populares, y es f\u00e1cil ver por qu\u00e9. El sitio tiene una interfaz limpia y f\u00e1cil de usar, y est\u00e1 repleto de caracter\u00edsticas que facilitan la conexi\u00f3n con otros solteros bisexuales. Lo mejor de todo es que es gratis unirse, por lo que puede comenzar a conocer gente nueva de inmediato.<\/p>\n","protected":false},"excerpt":{"rendered":"<p>Hay algunos sitios de citas bisexuales diferentes que puede usar para conectarse con alguien. Estos sitios est\u00e1n dise\u00f1ados espec\u00edficamente para personas que est\u00e1n interesadas en salir o conectarse con alguien que es bisexual. Pueden ser una excelente manera de conocer gente nueva y explorar tu sexualidad. Sin embargo, es importante tener cuidado al usar estos&#8230;<a class=\"read-more-link button\" href=\"https:\/\/theyoungmessiah.com\/es\/conexion-bisexual\/\">Read more<\/a><\/p>\n","protected":false},"author":1,"featured_media":0,"parent":0,"menu_order":0,"comment_status":"closed","ping_status":"closed","template":"","meta":[],"yoast_head":"<!-- This site is optimized with the Yoast SEO plugin v17.7.1 - https:\/\/yoast.com\/wordpress\/plugins\/seo\/ -->\n<title>Conexi\u00f3n bisexual - Online Adult Dating<\/title>\n<meta name=\"robots\" content=\"index, follow, max-snippet:-1, max-image-preview:large, max-video-preview:-1\" \/>\n<link rel=\"canonical\" href=\"https:\/\/theyoungmessiah.com\/es\/conexion-bisexual\/\" \/>\n<meta property=\"og:locale\" content=\"es_ES\" \/>\n<meta property=\"og:type\" content=\"article\" \/>\n<meta property=\"og:title\" content=\"Conexi\u00f3n bisexual - Online Adult Dating\" \/>\n<meta property=\"og:description\" content=\"Hay algunos sitios de citas bisexuales diferentes que puede usar para conectarse con alguien. Estos sitios est\u00e1n dise\u00f1ados espec\u00edficamente para personas que est\u00e1n interesadas en salir o conectarse con alguien que es bisexual. Pueden ser una excelente manera de conocer gente nueva y explorar tu sexualidad. Sin embargo, es importante tener cuidado al usar estos...Read more\" \/>\n<meta property=\"og:url\" content=\"https:\/\/theyoungmessiah.com\/es\/conexion-bisexual\/\" \/>\n<meta property=\"og:site_name\" content=\"Online Adult Dating\" \/>\n<meta name=\"twitter:card\" content=\"summary_large_image\" \/>\n<meta name=\"twitter:label1\" content=\"Tiempo de lectura\" \/>\n\t<meta name=\"twitter:data1\" content=\"5 minutos\" \/>\n<script type=\"application\/ld+json\" class=\"yoast-schema-graph\">{\"@context\":\"https:\/\/schema.org\",\"@graph\":[{\"@type\":\"WebSite\",\"@id\":\"https:\/\/theyoungmessiah.com\/es\/#website\",\"url\":\"https:\/\/theyoungmessiah.com\/es\/\",\"name\":\"Online Adult Dating\",\"description\":\"Local Sex Hookups\",\"potentialAction\":[{\"@type\":\"SearchAction\",\"target\":{\"@type\":\"EntryPoint\",\"urlTemplate\":\"https:\/\/theyoungmessiah.com\/es\/?s={search_term_string}\"},\"query-input\":\"required name=search_term_string\"}],\"inLanguage\":\"es\"},{\"@type\":\"WebPage\",\"@id\":\"https:\/\/theyoungmessiah.com\/es\/conexion-bisexual\/#webpage\",\"url\":\"https:\/\/theyoungmessiah.com\/es\/conexion-bisexual\/\",\"name\":\"Conexi\\u00f3n bisexual - Online Adult Dating\",\"isPartOf\":{\"@id\":\"https:\/\/theyoungmessiah.com\/es\/#website\"},\"datePublished\":\"2022-10-12T13:00:38+00:00\",\"dateModified\":\"2022-10-12T13:00:38+00:00\",\"breadcrumb\":{\"@id\":\"https:\/\/theyoungmessiah.com\/es\/conexion-bisexual\/#breadcrumb\"},\"inLanguage\":\"es\",\"potentialAction\":[{\"@type\":\"ReadAction\",\"target\":[\"https:\/\/theyoungmessiah.com\/es\/conexion-bisexual\/\"]}]},{\"@type\":\"BreadcrumbList\",\"@id\":\"https:\/\/theyoungmessiah.com\/es\/conexion-bisexual\/#breadcrumb\",\"itemListElement\":[{\"@type\":\"ListItem\",\"position\":1,\"name\":\"Home\",\"item\":\"https:\/\/theyoungmessiah.com\/es\/\"},{\"@type\":\"ListItem\",\"position\":2,\"name\":\"Conexi\\u00f3n bisexual\"}]}]}<\/script>\n<!-- \/ Yoast SEO plugin. -->","yoast_head_json":{"title":"Conexi\u00f3n bisexual - Online Adult Dating","robots":{"index":"index","follow":"follow","max-snippet":"max-snippet:-1","max-image-preview":"max-image-preview:large","max-video-preview":"max-video-preview:-1"},"canonical":"https:\/\/theyoungmessiah.com\/es\/conexion-bisexual\/","og_locale":"es_ES","og_type":"article","og_title":"Conexi\u00f3n bisexual - Online Adult Dating","og_description":"Hay algunos sitios de citas bisexuales diferentes que puede usar para conectarse con alguien. Estos sitios est\u00e1n dise\u00f1ados espec\u00edficamente para personas que est\u00e1n interesadas en salir o conectarse con alguien que es bisexual. Pueden ser una excelente manera de conocer gente nueva y explorar tu sexualidad. Sin embargo, es importante tener cuidado al usar estos...Read more","og_url":"https:\/\/theyoungmessiah.com\/es\/conexion-bisexual\/","og_site_name":"Online Adult Dating","twitter_card":"summary_large_image","twitter_misc":{"Tiempo de lectura":"5 minutos"},"schema":{"@context":"https:\/\/schema.org","@graph":[{"@type":"WebSite","@id":"https:\/\/theyoungmessiah.com\/es\/#website","url":"https:\/\/theyoungmessiah.com\/es\/","name":"Online Adult Dating","description":"Local Sex Hookups","potentialAction":[{"@type":"SearchAction","target":{"@type":"EntryPoint","urlTemplate":"https:\/\/theyoungmessiah.com\/es\/?s={search_term_string}"},"query-input":"required name=search_term_string"}],"inLanguage":"es"},{"@type":"WebPage","@id":"https:\/\/theyoungmessiah.com\/es\/conexion-bisexual\/#webpage","url":"https:\/\/theyoungmessiah.com\/es\/conexion-bisexual\/","name":"Conexi\u00f3n bisexual - Online Adult Dating","isPartOf":{"@id":"https:\/\/theyoungmessiah.com\/es\/#website"},"datePublished":"2022-10-12T13:00:38+00:00","dateModified":"2022-10-12T13:00:38+00:00","breadcrumb":{"@id":"https:\/\/theyoungmessiah.com\/es\/conexion-bisexual\/#breadcrumb"},"inLanguage":"es","potentialAction":[{"@type":"ReadAction","target":["https:\/\/theyoungmessiah.com\/es\/conexion-bisexual\/"]}]},{"@type":"BreadcrumbList","@id":"https:\/\/theyoungmessiah.com\/es\/conexion-bisexual\/#breadcrumb","itemListElement":[{"@type":"ListItem","position":1,"name":"Home","item":"https:\/\/theyoungmessiah.com\/es\/"},{"@type":"ListItem","position":2,"name":"Conexi\u00f3n bisexual"}]}]}},"_links":{"self":[{"href":"https:\/\/theyoungmessiah.com\/es\/wp-json\/wp\/v2\/pages\/176"}],"collection":[{"href":"https:\/\/theyoungmessiah.com\/es\/wp-json\/wp\/v2\/pages"}],"about":[{"href":"https:\/\/theyoungmessiah.com\/es\/wp-json\/wp\/v2\/types\/page"}],"author":[{"embeddable":true,"href":"https:\/\/theyoungmessiah.com\/es\/wp-json\/wp\/v2\/users\/1"}],"replies":[{"embeddable":true,"href":"https:\/\/theyoungmessiah.com\/es\/wp-json\/wp\/v2\/comments?post=176"}],"version-history":[{"count":0,"href":"https:\/\/theyoungmessiah.com\/es\/wp-json\/wp\/v2\/pages\/176\/revisions"}],"wp:attachment":[{"href":"https:\/\/theyoungmessiah.com\/es\/wp-json\/wp\/v2\/media?parent=176"}],"curies":[{"name":"wp","href":"https:\/\/api.w.org\/{rel}","templated":true}]}}