{"id":191,"date":"2022-10-12T13:53:06","date_gmt":"2022-10-12T12:53:06","guid":{"rendered":"http:\/\/theyoungmessiah.com\/sitios-web-de-friends-with-benefits\/"},"modified":"2022-10-12T13:53:06","modified_gmt":"2022-10-12T12:53:06","slug":"sitios-web-de-friends-with-benefits","status":"publish","type":"page","link":"https:\/\/theyoungmessiah.com\/es\/sitios-web-de-friends-with-benefits\/","title":{"rendered":"Sitios web de Friends With Benefits"},"content":{"rendered":"<p>Hay algunos tipos diferentes de amigos con sitios web de beneficios. El primer tipo es donde puedes encontrar personas con las que conectarte sin ning\u00fan cord\u00f3n conectado. Este tipo de sitio web es ideal para personas que solo quieren divertirse y no preocuparse por entrar en una relaci\u00f3n. El segundo tipo de sitio web de amigos con beneficios es donde puede encontrar personas con las que salir y posiblemente tener una relaci\u00f3n. Este tipo de sitio web es ideal para las personas que buscan algo m\u00e1s que una conexi\u00f3n.<\/p>\n<h2>El mejor sitio para Fwb<\/h2>\n<p>Hay muchos sitios web excelentes para <a href=\"http:\/\/theyoungmessiah.com\/ebony-hookups\/\">encontrar un amigo con beneficios<\/a>, pero mi favorito personal es FWB Dates. Es f\u00e1cil de usar y tiene muchas caracter\u00edsticas excelentes que hacen que encontrar una coincidencia sea r\u00e1pido y f\u00e1cil. Adem\u00e1s, el sitio es gratuito para unirse, por lo que puede comenzar a encontrar su pareja perfecta de inmediato. Hay mucha gente por ah\u00ed que est\u00e1 buscando un amigo de mierda. Puede encontrarlos en l\u00ednea en un sitio web de citas o incluso en sitios de redes sociales. Todo lo que necesita hacer es buscarlos y los encontrar\u00e1.<\/p>\n<p>Si est\u00e1s buscando un amigo de mierda, el mejor lugar para buscar es en l\u00ednea. Hay muchos sitios web y aplicaciones que pueden ayudarlo a encontrar a alguien que est\u00e9 listo para una conexi\u00f3n. Todo lo que necesita hacer es crear un perfil y comenzar a navegar a trav\u00e9s de posibles coincidencias. Cuando encuentres a alguien que te interese, simplemente env\u00edale un mensaje y mira a d\u00f3nde van las cosas.<\/p>\n<h3>OnlyFlings<\/h3>\n<p>Si est\u00e1 buscando un amigo con una situaci\u00f3n de beneficios, definitivamente deber\u00eda consultar OnlyFlings. Es una gran aplicaci\u00f3n de citas que le permite encontrar posibles coincidencias en su \u00e1rea. La aplicaci\u00f3n es f\u00e1cil de usar y tiene muchas caracter\u00edsticas excelentes, incluido un sistema de mensajer\u00eda que le permite comunicarse con posibles coincidencias. El \u00fanico inconveniente es que la aplicaci\u00f3n es un poco cara, pero definitivamente vale la pena si est\u00e1 buscando un amigo con una situaci\u00f3n de beneficios.<\/p>\n<h3>BookOfSext<\/h3>\n<p>Si est\u00e1 buscando una aplicaci\u00f3n de citas de amigos con beneficios, BookOfSext es una excelente opci\u00f3n. La aplicaci\u00f3n se puede descargar y usar de forma gratuita, y est\u00e1 repleta de caracter\u00edsticas que facilitan la b\u00fasqueda y la conexi\u00f3n con posibles coincidencias. La funci\u00f3n de b\u00fasqueda es especialmente \u00fatil, y puede usarla para encontrar coincidencias en su \u00e1rea o en cualquier parte del mundo. La aplicaci\u00f3n tambi\u00e9n tiene una funci\u00f3n de mensajer\u00eda, por lo que puede mantenerse en contacto con sus coincidencias incluso cuando no est\u00e1 utilizando la aplicaci\u00f3n. En general, BookOfSext es una gran opci\u00f3n para cualquiera que busque una aplicaci\u00f3n de citas de amigos con beneficios.<\/p>\n<h3>Un mont\u00f3n de pescado<\/h3>\n<p>Hay muchas razones para probar Plenty of Fish, especialmente si est\u00e1s buscando amigos con beneficios. La aplicaci\u00f3n de citas tiene un gran grupo de usuarios para elegir, por lo que seguramente encontrar\u00e1 a alguien que sea compatible con usted. Adem\u00e1s, la aplicaci\u00f3n es de uso gratuito, por lo que puede ahorrar su dinero para otras cosas.<\/p>\n<p>La aplicaci\u00f3n es f\u00e1cil de usar y navegar, y no es demasiado complicada. Puede buscar posibles coincidencias por ubicaci\u00f3n, edad y otros criterios, y puede enviarles un mensaje directamente. La aplicaci\u00f3n tambi\u00e9n tiene algunas otras caracter\u00edsticas, como una funci\u00f3n \u00abPoke\u00bb, que le permite coquetear con posibles coincidencias.<\/p>\n<p>En general, Plenty of Fish es una gran opci\u00f3n para cualquiera que busque amigos con beneficios. La aplicaci\u00f3n es de uso gratuito y es f\u00e1cil encontrar posibles coincidencias. Adem\u00e1s, la aplicaci\u00f3n tiene algunas otras caracter\u00edsticas que hacen que valga la pena echarle un vistazo.<\/p>\n<h3>Xpress<\/h3>\n<p>Si est\u00e1 buscando un sitio web de amigos con beneficios que realmente ofrezca, entonces Xpress es la aplicaci\u00f3n para usted. He probado muchas de estas aplicaciones y la mayor\u00eda de ellas son basura completa. O est\u00e1n llenas de perfiles falsos, o las chicas son tan feas que prefieres simplemente tirarte. Pero Xpress es diferente. Las chicas de aqu\u00ed son bastante calientes, y tambi\u00e9n est\u00e1n dispuestas a conectarse.<\/p>\n<p>Me he conectado con algunas chicas de Xpress, y siempre ha sido una gran experiencia. Las chicas son f\u00e1ciles de hablar y en realidad est\u00e1n dispuestas a divertirse. Si est\u00e1 buscando un sitio web de amigos con beneficios que realmente funcione, entonces Xpress es la aplicaci\u00f3n para usted.<\/p>\n","protected":false},"excerpt":{"rendered":"<p>Hay algunos tipos diferentes de amigos con sitios web de beneficios. El primer tipo es donde puedes encontrar personas con las que conectarte sin ning\u00fan cord\u00f3n conectado. Este tipo de sitio web es ideal para personas que solo quieren divertirse y no preocuparse por entrar en una relaci\u00f3n. El segundo tipo de sitio web de&#8230;<a class=\"read-more-link button\" href=\"https:\/\/theyoungmessiah.com\/es\/sitios-web-de-friends-with-benefits\/\">Read more<\/a><\/p>\n","protected":false},"author":1,"featured_media":0,"parent":0,"menu_order":0,"comment_status":"closed","ping_status":"closed","template":"","meta":[],"yoast_head":"<!-- This site is optimized with the Yoast SEO plugin v17.7.1 - https:\/\/yoast.com\/wordpress\/plugins\/seo\/ -->\n<title>Sitios web de Friends With Benefits - Online Adult Dating<\/title>\n<meta name=\"robots\" content=\"index, follow, max-snippet:-1, max-image-preview:large, max-video-preview:-1\" \/>\n<link rel=\"canonical\" href=\"https:\/\/theyoungmessiah.com\/es\/sitios-web-de-friends-with-benefits\/\" \/>\n<meta property=\"og:locale\" content=\"es_ES\" \/>\n<meta property=\"og:type\" content=\"article\" \/>\n<meta property=\"og:title\" content=\"Sitios web de Friends With Benefits - Online Adult Dating\" \/>\n<meta property=\"og:description\" content=\"Hay algunos tipos diferentes de amigos con sitios web de beneficios. El primer tipo es donde puedes encontrar personas con las que conectarte sin ning\u00fan cord\u00f3n conectado. Este tipo de sitio web es ideal para personas que solo quieren divertirse y no preocuparse por entrar en una relaci\u00f3n. El segundo tipo de sitio web de...Read more\" \/>\n<meta property=\"og:url\" content=\"https:\/\/theyoungmessiah.com\/es\/sitios-web-de-friends-with-benefits\/\" \/>\n<meta property=\"og:site_name\" content=\"Online Adult Dating\" \/>\n<meta name=\"twitter:card\" content=\"summary_large_image\" \/>\n<meta name=\"twitter:label1\" content=\"Tiempo de lectura\" \/>\n\t<meta name=\"twitter:data1\" content=\"4 minutos\" \/>\n<script type=\"application\/ld+json\" class=\"yoast-schema-graph\">{\"@context\":\"https:\/\/schema.org\",\"@graph\":[{\"@type\":\"WebSite\",\"@id\":\"https:\/\/theyoungmessiah.com\/es\/#website\",\"url\":\"https:\/\/theyoungmessiah.com\/es\/\",\"name\":\"Online Adult Dating\",\"description\":\"Local Sex Hookups\",\"potentialAction\":[{\"@type\":\"SearchAction\",\"target\":{\"@type\":\"EntryPoint\",\"urlTemplate\":\"https:\/\/theyoungmessiah.com\/es\/?s={search_term_string}\"},\"query-input\":\"required name=search_term_string\"}],\"inLanguage\":\"es\"},{\"@type\":\"WebPage\",\"@id\":\"https:\/\/theyoungmessiah.com\/es\/sitios-web-de-friends-with-benefits\/#webpage\",\"url\":\"https:\/\/theyoungmessiah.com\/es\/sitios-web-de-friends-with-benefits\/\",\"name\":\"Sitios web de Friends With Benefits - Online Adult Dating\",\"isPartOf\":{\"@id\":\"https:\/\/theyoungmessiah.com\/es\/#website\"},\"datePublished\":\"2022-10-12T12:53:06+00:00\",\"dateModified\":\"2022-10-12T12:53:06+00:00\",\"breadcrumb\":{\"@id\":\"https:\/\/theyoungmessiah.com\/es\/sitios-web-de-friends-with-benefits\/#breadcrumb\"},\"inLanguage\":\"es\",\"potentialAction\":[{\"@type\":\"ReadAction\",\"target\":[\"https:\/\/theyoungmessiah.com\/es\/sitios-web-de-friends-with-benefits\/\"]}]},{\"@type\":\"BreadcrumbList\",\"@id\":\"https:\/\/theyoungmessiah.com\/es\/sitios-web-de-friends-with-benefits\/#breadcrumb\",\"itemListElement\":[{\"@type\":\"ListItem\",\"position\":1,\"name\":\"Home\",\"item\":\"https:\/\/theyoungmessiah.com\/es\/\"},{\"@type\":\"ListItem\",\"position\":2,\"name\":\"Sitios web de Friends With Benefits\"}]}]}<\/script>\n<!-- \/ Yoast SEO plugin. -->","yoast_head_json":{"title":"Sitios web de Friends With Benefits - Online Adult Dating","robots":{"index":"index","follow":"follow","max-snippet":"max-snippet:-1","max-image-preview":"max-image-preview:large","max-video-preview":"max-video-preview:-1"},"canonical":"https:\/\/theyoungmessiah.com\/es\/sitios-web-de-friends-with-benefits\/","og_locale":"es_ES","og_type":"article","og_title":"Sitios web de Friends With Benefits - Online Adult Dating","og_description":"Hay algunos tipos diferentes de amigos con sitios web de beneficios. El primer tipo es donde puedes encontrar personas con las que conectarte sin ning\u00fan cord\u00f3n conectado. Este tipo de sitio web es ideal para personas que solo quieren divertirse y no preocuparse por entrar en una relaci\u00f3n. El segundo tipo de sitio web de...Read more","og_url":"https:\/\/theyoungmessiah.com\/es\/sitios-web-de-friends-with-benefits\/","og_site_name":"Online Adult Dating","twitter_card":"summary_large_image","twitter_misc":{"Tiempo de lectura":"4 minutos"},"schema":{"@context":"https:\/\/schema.org","@graph":[{"@type":"WebSite","@id":"https:\/\/theyoungmessiah.com\/es\/#website","url":"https:\/\/theyoungmessiah.com\/es\/","name":"Online Adult Dating","description":"Local Sex Hookups","potentialAction":[{"@type":"SearchAction","target":{"@type":"EntryPoint","urlTemplate":"https:\/\/theyoungmessiah.com\/es\/?s={search_term_string}"},"query-input":"required name=search_term_string"}],"inLanguage":"es"},{"@type":"WebPage","@id":"https:\/\/theyoungmessiah.com\/es\/sitios-web-de-friends-with-benefits\/#webpage","url":"https:\/\/theyoungmessiah.com\/es\/sitios-web-de-friends-with-benefits\/","name":"Sitios web de Friends With Benefits - Online Adult Dating","isPartOf":{"@id":"https:\/\/theyoungmessiah.com\/es\/#website"},"datePublished":"2022-10-12T12:53:06+00:00","dateModified":"2022-10-12T12:53:06+00:00","breadcrumb":{"@id":"https:\/\/theyoungmessiah.com\/es\/sitios-web-de-friends-with-benefits\/#breadcrumb"},"inLanguage":"es","potentialAction":[{"@type":"ReadAction","target":["https:\/\/theyoungmessiah.com\/es\/sitios-web-de-friends-with-benefits\/"]}]},{"@type":"BreadcrumbList","@id":"https:\/\/theyoungmessiah.com\/es\/sitios-web-de-friends-with-benefits\/#breadcrumb","itemListElement":[{"@type":"ListItem","position":1,"name":"Home","item":"https:\/\/theyoungmessiah.com\/es\/"},{"@type":"ListItem","position":2,"name":"Sitios web de Friends With Benefits"}]}]}},"_links":{"self":[{"href":"https:\/\/theyoungmessiah.com\/es\/wp-json\/wp\/v2\/pages\/191"}],"collection":[{"href":"https:\/\/theyoungmessiah.com\/es\/wp-json\/wp\/v2\/pages"}],"about":[{"href":"https:\/\/theyoungmessiah.com\/es\/wp-json\/wp\/v2\/types\/page"}],"author":[{"embeddable":true,"href":"https:\/\/theyoungmessiah.com\/es\/wp-json\/wp\/v2\/users\/1"}],"replies":[{"embeddable":true,"href":"https:\/\/theyoungmessiah.com\/es\/wp-json\/wp\/v2\/comments?post=191"}],"version-history":[{"count":0,"href":"https:\/\/theyoungmessiah.com\/es\/wp-json\/wp\/v2\/pages\/191\/revisions"}],"wp:attachment":[{"href":"https:\/\/theyoungmessiah.com\/es\/wp-json\/wp\/v2\/media?parent=191"}],"curies":[{"name":"wp","href":"https:\/\/api.w.org\/{rel}","templated":true}]}}