{"id":218,"date":"2022-10-12T13:59:28","date_gmt":"2022-10-12T12:59:28","guid":{"rendered":"http:\/\/theyoungmessiah.com\/sitios-de-sugar-mummy\/"},"modified":"2022-10-12T13:59:28","modified_gmt":"2022-10-12T12:59:28","slug":"sitios-de-sugar-mummy","status":"publish","type":"page","link":"https:\/\/theyoungmessiah.com\/es\/sitios-de-sugar-mummy\/","title":{"rendered":"Sitios de sugar mummy"},"content":{"rendered":"<p>Hay varios sitios de momias de az\u00facar disponibles en Internet. Estos sitios web proporcionan una plataforma para que las mujeres mayores se conecten con hombres m\u00e1s j\u00f3venes con el prop\u00f3sito de tener relaciones sexuales. Los sitios de momias de az\u00facar generalmente cobran una tarifa de membres\u00eda, y las mujeres mayores ofrecen incentivos financieros a los hombres m\u00e1s j\u00f3venes a cambio de favores sexuales. El acuerdo es mutuamente beneficioso, ya que las mujeres mayores pueden disfrutar de la compa\u00f1\u00eda de hombres m\u00e1s j\u00f3venes y atractivos, y los hombres m\u00e1s j\u00f3venes pueden experimentar relaciones sexuales con mujeres mayores y m\u00e1s experimentadas.<\/p>\n<h2>Mam\u00e1 azucarera local<\/h2>\n<p>Hay muchas mam\u00e1s de az\u00facar en la escena de las citas, y vienen en todas las formas y tama\u00f1os. Algunas son mujeres mayores que buscan un hombre joven y guapo para mimar y mimar, mientras que otras simplemente buscan a alguien que pueda hacerlas sentir j\u00f3venes y vivas nuevamente. No importa cu\u00e1l sea tu tipo, seguramente habr\u00e1 una mam\u00e1 azucarera que sea perfecta para ti. \u00a1La mejor manera de encontrar tu pareja perfecta es salir y comenzar a salir! Asista a eventos locales de solteros, o reg\u00edstrese en un sitio de citas espec\u00edficamente dirigido a las mam\u00e1s de az\u00facar y los hombres que las aman. Con un poco de esfuerzo, seguramente encontrar\u00e1s la mam\u00e1 azucarera de tus sue\u00f1os.<\/p>\n<p>Hay algunas cosas a tener en cuenta al buscar una mam\u00e1 azucarera en l\u00ednea. Primero, es importante ser honesto acerca de lo que est\u00e1s buscando. Sea claro acerca de sus intenciones y aseg\u00farese de comunicarlas a posibles coincidencias. En segundo lugar, sea paciente y est\u00e9 dispuesto a trabajar para encontrar a la persona adecuada para usted. Hay muchas mam\u00e1s de az\u00facar por ah\u00ed, pero puede llevar alg\u00fan tiempo encontrar la adecuada para ti. Finalmente, cuando encuentres una mam\u00e1 de az\u00facar con la que hagas clic, aseg\u00farate de tratarla con respeto y aprecio.<\/p>\n<h2>Cita con una mam\u00e1 azucarada<\/h2>\n<p>Hay algunas cosas a tener en cuenta si est\u00e1s interesado en salir con una mam\u00e1 azucarera en l\u00ednea. Primero, las mam\u00e1s de az\u00facar suelen ser mujeres mayores, por lo que deber\u00e1 estar de acuerdo con eso. En segundo lugar, generalmente est\u00e1n buscando a alguien que pueda hacerlos sentir especiales y apreciados, as\u00ed que aseg\u00farese de mostrar sus mejores cualidades. Finalmente, es probable que sean muy generosos con su tiempo y dinero, \u00a1as\u00ed que prep\u00e1rate para ser mimado! Si crees que puedes manejar todo eso, entonces sigue adelante y pru\u00e9balo. Qui\u00e9n sabe, es posible que encuentres la mam\u00e1 de az\u00facar perfecta para ti.<\/p>\n<h3>Un mont\u00f3n de pescado<\/h3>\n<p>Plenty of Fish es una aplicaci\u00f3n de citas que permite a los usuarios crear un perfil, encontrar coincidencias y chatear con otros usuarios. La aplicaci\u00f3n tiene una buena reputaci\u00f3n por ser f\u00e1cil de usar y por proporcionar un gran grupo de posibles coincidencias. Sin embargo, algunos usuarios se han quejado de que la aplicaci\u00f3n tiene errores y que es dif\u00edcil cancelar una suscripci\u00f3n. En general, Plenty of Fish es una buena opci\u00f3n para aquellos que buscan un sitio de momias de az\u00facar.<\/p>\n<h3>XCheaters<\/h3>\n<p>Si est\u00e1s buscando una momia de az\u00facar, entonces definitivamente deber\u00edas echar un vistazo a XCheaters. Es uno de los sitios de momias de az\u00facar m\u00e1s populares, y por una buena raz\u00f3n. La aplicaci\u00f3n es f\u00e1cil de usar y es gratis unirse. Adem\u00e1s, hay toneladas de momias de az\u00facar en el sitio que est\u00e1n buscando a alguien como t\u00fa.<\/p>\n<p>Entonces, si est\u00e1s buscando una momia de az\u00facar, entonces XCheaters es definitivamente el sitio para ti. La aplicaci\u00f3n es f\u00e1cil de usar y hay toneladas de momias de az\u00facar en el sitio. Adem\u00e1s, es gratis unirse. Entonces, \u00bfa qu\u00e9 est\u00e1s esperando? \u00a1Ve a verlo!<\/p>\n<h3>Instasex<\/h3>\n<p>Instasex es una nueva aplicaci\u00f3n de citas que promete llevar los sitios de momias de az\u00facar a un nivel completamente nuevo. Con sus caracter\u00edsticas \u00fanicas y su interfaz f\u00e1cil de usar, hace que sea f\u00e1cil para los usuarios encontrar y conectarse con sitios de momias de az\u00facar. La aplicaci\u00f3n tambi\u00e9n permite a los usuarios chatear y compartir fotos entre s\u00ed, lo que la convierte en una gran plataforma para que los sitios de momias de az\u00facar se conecten e interact\u00faen entre s\u00ed.<\/p>\n<h3>B\u00fasqueda de acuerdos<\/h3>\n<p>Si est\u00e1s buscando una momia de az\u00facar, Seeking Arrangements es la aplicaci\u00f3n de citas para ti. Con m\u00e1s de 10 millones de miembros en todo el mundo, es el sitio de momias de az\u00facar m\u00e1s grande de Internet. \u00a1Y es gratis unirse! Puede crear un perfil, buscar momias de az\u00facar en su \u00e1rea y enviarles un mensaje de forma gratuita.<\/p>\n<p>Lo mejor de Seeking Arrangements es que es una forma segura y f\u00e1cil de conocer momias de az\u00facar. No tiene que preocuparse por estafadores o perfiles falsos, porque el sitio est\u00e1 moderado por un equipo de profesionales. Y si alguna vez tiene alguna pregunta o inquietud, siempre puede ponerse en contacto con el servicio de atenci\u00f3n al cliente.<\/p>\n<p>Entonces, si est\u00e1s buscando una momia de az\u00facar, Seeking Arrangements es la aplicaci\u00f3n de citas perfecta para ti. \u00a1Reg\u00edstrese hoy y comience a enviar mensajes a momias de az\u00facar en su \u00e1rea!<\/p>\n","protected":false},"excerpt":{"rendered":"<p>Hay varios sitios de momias de az\u00facar disponibles en Internet. Estos sitios web proporcionan una plataforma para que las mujeres mayores se conecten con hombres m\u00e1s j\u00f3venes con el prop\u00f3sito de tener relaciones sexuales. Los sitios de momias de az\u00facar generalmente cobran una tarifa de membres\u00eda, y las mujeres mayores ofrecen incentivos financieros a los&#8230;<a class=\"read-more-link button\" href=\"https:\/\/theyoungmessiah.com\/es\/sitios-de-sugar-mummy\/\">Read more<\/a><\/p>\n","protected":false},"author":1,"featured_media":0,"parent":0,"menu_order":0,"comment_status":"closed","ping_status":"closed","template":"","meta":[],"yoast_head":"<!-- This site is optimized with the Yoast SEO plugin v17.7.1 - https:\/\/yoast.com\/wordpress\/plugins\/seo\/ -->\n<title>Sitios de sugar mummy - Online Adult Dating<\/title>\n<meta name=\"robots\" content=\"index, follow, max-snippet:-1, max-image-preview:large, max-video-preview:-1\" \/>\n<link rel=\"canonical\" href=\"https:\/\/theyoungmessiah.com\/es\/sitios-de-sugar-mummy\/\" \/>\n<meta property=\"og:locale\" content=\"es_ES\" \/>\n<meta property=\"og:type\" content=\"article\" \/>\n<meta property=\"og:title\" content=\"Sitios de sugar mummy - Online Adult Dating\" \/>\n<meta property=\"og:description\" content=\"Hay varios sitios de momias de az\u00facar disponibles en Internet. Estos sitios web proporcionan una plataforma para que las mujeres mayores se conecten con hombres m\u00e1s j\u00f3venes con el prop\u00f3sito de tener relaciones sexuales. Los sitios de momias de az\u00facar generalmente cobran una tarifa de membres\u00eda, y las mujeres mayores ofrecen incentivos financieros a los...Read more\" \/>\n<meta property=\"og:url\" content=\"https:\/\/theyoungmessiah.com\/es\/sitios-de-sugar-mummy\/\" \/>\n<meta property=\"og:site_name\" content=\"Online Adult Dating\" \/>\n<meta name=\"twitter:card\" content=\"summary_large_image\" \/>\n<meta name=\"twitter:label1\" content=\"Tiempo de lectura\" \/>\n\t<meta name=\"twitter:data1\" content=\"5 minutos\" \/>\n<script type=\"application\/ld+json\" class=\"yoast-schema-graph\">{\"@context\":\"https:\/\/schema.org\",\"@graph\":[{\"@type\":\"WebSite\",\"@id\":\"https:\/\/theyoungmessiah.com\/es\/#website\",\"url\":\"https:\/\/theyoungmessiah.com\/es\/\",\"name\":\"Online Adult Dating\",\"description\":\"Local Sex Hookups\",\"potentialAction\":[{\"@type\":\"SearchAction\",\"target\":{\"@type\":\"EntryPoint\",\"urlTemplate\":\"https:\/\/theyoungmessiah.com\/es\/?s={search_term_string}\"},\"query-input\":\"required name=search_term_string\"}],\"inLanguage\":\"es\"},{\"@type\":\"WebPage\",\"@id\":\"https:\/\/theyoungmessiah.com\/es\/sitios-de-sugar-mummy\/#webpage\",\"url\":\"https:\/\/theyoungmessiah.com\/es\/sitios-de-sugar-mummy\/\",\"name\":\"Sitios de sugar mummy - Online Adult Dating\",\"isPartOf\":{\"@id\":\"https:\/\/theyoungmessiah.com\/es\/#website\"},\"datePublished\":\"2022-10-12T12:59:28+00:00\",\"dateModified\":\"2022-10-12T12:59:28+00:00\",\"breadcrumb\":{\"@id\":\"https:\/\/theyoungmessiah.com\/es\/sitios-de-sugar-mummy\/#breadcrumb\"},\"inLanguage\":\"es\",\"potentialAction\":[{\"@type\":\"ReadAction\",\"target\":[\"https:\/\/theyoungmessiah.com\/es\/sitios-de-sugar-mummy\/\"]}]},{\"@type\":\"BreadcrumbList\",\"@id\":\"https:\/\/theyoungmessiah.com\/es\/sitios-de-sugar-mummy\/#breadcrumb\",\"itemListElement\":[{\"@type\":\"ListItem\",\"position\":1,\"name\":\"Home\",\"item\":\"https:\/\/theyoungmessiah.com\/es\/\"},{\"@type\":\"ListItem\",\"position\":2,\"name\":\"Sitios de sugar mummy\"}]}]}<\/script>\n<!-- \/ Yoast SEO plugin. -->","yoast_head_json":{"title":"Sitios de sugar mummy - Online Adult Dating","robots":{"index":"index","follow":"follow","max-snippet":"max-snippet:-1","max-image-preview":"max-image-preview:large","max-video-preview":"max-video-preview:-1"},"canonical":"https:\/\/theyoungmessiah.com\/es\/sitios-de-sugar-mummy\/","og_locale":"es_ES","og_type":"article","og_title":"Sitios de sugar mummy - Online Adult Dating","og_description":"Hay varios sitios de momias de az\u00facar disponibles en Internet. Estos sitios web proporcionan una plataforma para que las mujeres mayores se conecten con hombres m\u00e1s j\u00f3venes con el prop\u00f3sito de tener relaciones sexuales. Los sitios de momias de az\u00facar generalmente cobran una tarifa de membres\u00eda, y las mujeres mayores ofrecen incentivos financieros a los...Read more","og_url":"https:\/\/theyoungmessiah.com\/es\/sitios-de-sugar-mummy\/","og_site_name":"Online Adult Dating","twitter_card":"summary_large_image","twitter_misc":{"Tiempo de lectura":"5 minutos"},"schema":{"@context":"https:\/\/schema.org","@graph":[{"@type":"WebSite","@id":"https:\/\/theyoungmessiah.com\/es\/#website","url":"https:\/\/theyoungmessiah.com\/es\/","name":"Online Adult Dating","description":"Local Sex Hookups","potentialAction":[{"@type":"SearchAction","target":{"@type":"EntryPoint","urlTemplate":"https:\/\/theyoungmessiah.com\/es\/?s={search_term_string}"},"query-input":"required name=search_term_string"}],"inLanguage":"es"},{"@type":"WebPage","@id":"https:\/\/theyoungmessiah.com\/es\/sitios-de-sugar-mummy\/#webpage","url":"https:\/\/theyoungmessiah.com\/es\/sitios-de-sugar-mummy\/","name":"Sitios de sugar mummy - Online Adult Dating","isPartOf":{"@id":"https:\/\/theyoungmessiah.com\/es\/#website"},"datePublished":"2022-10-12T12:59:28+00:00","dateModified":"2022-10-12T12:59:28+00:00","breadcrumb":{"@id":"https:\/\/theyoungmessiah.com\/es\/sitios-de-sugar-mummy\/#breadcrumb"},"inLanguage":"es","potentialAction":[{"@type":"ReadAction","target":["https:\/\/theyoungmessiah.com\/es\/sitios-de-sugar-mummy\/"]}]},{"@type":"BreadcrumbList","@id":"https:\/\/theyoungmessiah.com\/es\/sitios-de-sugar-mummy\/#breadcrumb","itemListElement":[{"@type":"ListItem","position":1,"name":"Home","item":"https:\/\/theyoungmessiah.com\/es\/"},{"@type":"ListItem","position":2,"name":"Sitios de sugar mummy"}]}]}},"_links":{"self":[{"href":"https:\/\/theyoungmessiah.com\/es\/wp-json\/wp\/v2\/pages\/218"}],"collection":[{"href":"https:\/\/theyoungmessiah.com\/es\/wp-json\/wp\/v2\/pages"}],"about":[{"href":"https:\/\/theyoungmessiah.com\/es\/wp-json\/wp\/v2\/types\/page"}],"author":[{"embeddable":true,"href":"https:\/\/theyoungmessiah.com\/es\/wp-json\/wp\/v2\/users\/1"}],"replies":[{"embeddable":true,"href":"https:\/\/theyoungmessiah.com\/es\/wp-json\/wp\/v2\/comments?post=218"}],"version-history":[{"count":0,"href":"https:\/\/theyoungmessiah.com\/es\/wp-json\/wp\/v2\/pages\/218\/revisions"}],"wp:attachment":[{"href":"https:\/\/theyoungmessiah.com\/es\/wp-json\/wp\/v2\/media?parent=218"}],"curies":[{"name":"wp","href":"https:\/\/api.w.org\/{rel}","templated":true}]}}