{"id":220,"date":"2022-10-12T14:00:02","date_gmt":"2022-10-12T13:00:02","guid":{"rendered":"http:\/\/theyoungmessiah.com\/sitios-de-citas-de-married-affair\/"},"modified":"2022-10-12T14:00:02","modified_gmt":"2022-10-12T13:00:02","slug":"sitios-de-citas-de-married-affair","status":"publish","type":"page","link":"https:\/\/theyoungmessiah.com\/es\/sitios-de-citas-de-married-affair\/","title":{"rendered":"Sitios de citas de married affair"},"content":{"rendered":"<p>Hay una serie de sitios de citas de relaciones matrimoniales que permiten a las personas conectarse con otras personas que tambi\u00e9n est\u00e1n casadas. Estos sitios generalmente requieren una tarifa de membres\u00eda y ofrecen una variedad de caracter\u00edsticas dise\u00f1adas para ayudar a las personas a conectarse con otras personas que est\u00e1n interesadas en tener una aventura. Algunas de las caracter\u00edsticas que ofrecen estos sitios incluyen mensajer\u00eda privada, salas de chat y bases de datos de miembros que se pueden buscar. Muchos de estos sitios tambi\u00e9n ofrecen consejos y apoyo para las personas que est\u00e1n considerando tener una aventura, o que ya est\u00e1n involucradas en una.<\/p>\n<h2>Conexiones discretas<\/h2>\n<p>Las conexiones discretas se est\u00e1n volviendo cada vez m\u00e1s populares a medida que las personas buscan formas de divertirse sin compromiso. Estos arreglos son perfectos para aquellos que quieren disfrutar de la compa\u00f1\u00eda de otra persona sin ning\u00fan tipo de condiciones. Hay muchas maneras de encontrar a alguien con quien conectarse, y hay tantas razones por las que las personas eligen hacerlo. Ya sea que est\u00e9 buscando una aventura r\u00e1pida o algo un poco m\u00e1s a largo plazo, hay alguien por ah\u00ed que est\u00e1 buscando lo mismo. Todo lo que necesitas hacer es encontrarlos.<\/p>\n<p>Ahora hay aplicaciones de citas matrimoniales disponibles para aquellos que est\u00e1n interesados en buscar relaciones extramatrimoniales. Si bien estas aplicaciones facilitan la conexi\u00f3n con socios potenciales, tambi\u00e9n conllevan algunos riesgos. Por ejemplo, si su c\u00f3nyuge se enterara de su uso de una aplicaci\u00f3n de citas matrimoniales, podr\u00eda da\u00f1ar su relaci\u00f3n. Adem\u00e1s, siempre existe la posibilidad de conocer a alguien que no es quien dice estar en l\u00ednea, lo que puede conducir a situaciones peligrosas. Si decide usar una aplicaci\u00f3n de citas para casados, es importante ser honesto con sus parejas potenciales sobre su estado civil y reunirse siempre en un lugar p\u00fablico.<\/p>\n<h2>Encuentra una conexi\u00f3n discreta<\/h2>\n<p>Hay muchas maneras de encontrar una conexi\u00f3n discreta en l\u00ednea. Puede usar un sitio de citas que se especialice en conexiones, o puede usar un sitio de citas general y simplemente ser sincero sobre lo que est\u00e1 buscando. Tambi\u00e9n puede usar sitios de redes sociales como Facebook y Twitter para encontrar posibles conexiones. Otra opci\u00f3n es utilizar un sitio como Craigslist, que tiene una secci\u00f3n dedicada a los encuentros casuales. Solo aseg\u00farese de estar seguro y use el sentido com\u00fan cuando conozca a alguien en l\u00ednea.<\/p>\n<h3>Yesca<\/h3>\n<p>Tinder es una de las aplicaciones de citas m\u00e1s populares con m\u00e1s de 50 millones de usuarios. Se ha descrito como una \u00abaplicaci\u00f3n de conexi\u00f3n\u00bb, pero tambi\u00e9n se puede usar para citas y ha sido utilizada por personas en relaciones para asuntos. Tinder es r\u00e1pido y f\u00e1cil de usar y puede conectarse con personas en su \u00e1rea que buscan lo mismo que usted. La aplicaci\u00f3n se puede descargar y usar de forma gratuita, pero hay algunas funciones de pago que puede usar para sacar m\u00e1s provecho de la aplicaci\u00f3n. En general, Tinder es una gran aplicaci\u00f3n de citas para personas que buscan una forma r\u00e1pida y f\u00e1cil de conectarse con personas en su \u00e1rea.<\/p>\n<h3>XPickup<\/h3>\n<p>Si est\u00e1 buscando un sitio de citas de aventuras que le permita explorar sus opciones y encontrar una pareja, XPickup es una gran opci\u00f3n. El sitio tiene una gran base de usuarios y una amplia gama de caracter\u00edsticas, lo que lo convierte en una excelente opci\u00f3n para encontrar una coincidencia. El sitio tambi\u00e9n tiene una buena reputaci\u00f3n de ser seguro y protegido, por lo que puede estar seguro de que su informaci\u00f3n est\u00e1 segura. En general, XPickup es una gran opci\u00f3n para las citas de relaciones matrimoniales.<\/p>\n<h3>Uberhorny<\/h3>\n<p>Si est\u00e1 buscando una aplicaci\u00f3n de citas para ayudarlo a tener una aventura matrimonial, entonces Uberhorny es una excelente opci\u00f3n. La aplicaci\u00f3n es f\u00e1cil de usar y tiene muchas caracter\u00edsticas excelentes para ayudarlo a encontrar a alguien con quien hacer trampa. La funci\u00f3n de b\u00fasqueda es muy completa y puede reducir sus resultados por una variedad de criterios. El sistema de mensajer\u00eda tambi\u00e9n es muy bueno, y puede realizar un seguimiento f\u00e1cil de sus conversaciones. En general, Uberhorny es una gran opci\u00f3n para las citas de relaciones matrimoniales y lo recomendar\u00edamos a cualquiera que busque una forma discreta de enga\u00f1ar a su c\u00f3nyuge.<\/p>\n<h3>OnlyFlings<\/h3>\n<p>Si est\u00e1 buscando un sitio de citas de aventuras discreto, entonces OnlyFlings es una gran opci\u00f3n. El sitio es f\u00e1cil de usar y ofrece una variedad de caracter\u00edsticas para ayudarlo a encontrar una coincidencia. El sitio tambi\u00e9n tiene una buena reputaci\u00f3n de seguridad y privacidad.<\/p>\n","protected":false},"excerpt":{"rendered":"<p>Hay una serie de sitios de citas de relaciones matrimoniales que permiten a las personas conectarse con otras personas que tambi\u00e9n est\u00e1n casadas. Estos sitios generalmente requieren una tarifa de membres\u00eda y ofrecen una variedad de caracter\u00edsticas dise\u00f1adas para ayudar a las personas a conectarse con otras personas que est\u00e1n interesadas en tener una aventura&#8230;.<a class=\"read-more-link button\" href=\"https:\/\/theyoungmessiah.com\/es\/sitios-de-citas-de-married-affair\/\">Read more<\/a><\/p>\n","protected":false},"author":1,"featured_media":0,"parent":0,"menu_order":0,"comment_status":"closed","ping_status":"closed","template":"","meta":[],"yoast_head":"<!-- This site is optimized with the Yoast SEO plugin v17.7.1 - https:\/\/yoast.com\/wordpress\/plugins\/seo\/ -->\n<title>Sitios de citas de married affair - Online Adult Dating<\/title>\n<meta name=\"robots\" content=\"index, follow, max-snippet:-1, max-image-preview:large, max-video-preview:-1\" \/>\n<link rel=\"canonical\" href=\"https:\/\/theyoungmessiah.com\/es\/sitios-de-citas-de-married-affair\/\" \/>\n<meta property=\"og:locale\" content=\"es_ES\" \/>\n<meta property=\"og:type\" content=\"article\" \/>\n<meta property=\"og:title\" content=\"Sitios de citas de married affair - Online Adult Dating\" \/>\n<meta property=\"og:description\" content=\"Hay una serie de sitios de citas de relaciones matrimoniales que permiten a las personas conectarse con otras personas que tambi\u00e9n est\u00e1n casadas. Estos sitios generalmente requieren una tarifa de membres\u00eda y ofrecen una variedad de caracter\u00edsticas dise\u00f1adas para ayudar a las personas a conectarse con otras personas que est\u00e1n interesadas en tener una aventura....Read more\" \/>\n<meta property=\"og:url\" content=\"https:\/\/theyoungmessiah.com\/es\/sitios-de-citas-de-married-affair\/\" \/>\n<meta property=\"og:site_name\" content=\"Online Adult Dating\" \/>\n<meta name=\"twitter:card\" content=\"summary_large_image\" \/>\n<meta name=\"twitter:label1\" content=\"Tiempo de lectura\" \/>\n\t<meta name=\"twitter:data1\" content=\"4 minutos\" \/>\n<script type=\"application\/ld+json\" class=\"yoast-schema-graph\">{\"@context\":\"https:\/\/schema.org\",\"@graph\":[{\"@type\":\"WebSite\",\"@id\":\"https:\/\/theyoungmessiah.com\/es\/#website\",\"url\":\"https:\/\/theyoungmessiah.com\/es\/\",\"name\":\"Online Adult Dating\",\"description\":\"Local Sex Hookups\",\"potentialAction\":[{\"@type\":\"SearchAction\",\"target\":{\"@type\":\"EntryPoint\",\"urlTemplate\":\"https:\/\/theyoungmessiah.com\/es\/?s={search_term_string}\"},\"query-input\":\"required name=search_term_string\"}],\"inLanguage\":\"es\"},{\"@type\":\"WebPage\",\"@id\":\"https:\/\/theyoungmessiah.com\/es\/sitios-de-citas-de-married-affair\/#webpage\",\"url\":\"https:\/\/theyoungmessiah.com\/es\/sitios-de-citas-de-married-affair\/\",\"name\":\"Sitios de citas de married affair - Online Adult Dating\",\"isPartOf\":{\"@id\":\"https:\/\/theyoungmessiah.com\/es\/#website\"},\"datePublished\":\"2022-10-12T13:00:02+00:00\",\"dateModified\":\"2022-10-12T13:00:02+00:00\",\"breadcrumb\":{\"@id\":\"https:\/\/theyoungmessiah.com\/es\/sitios-de-citas-de-married-affair\/#breadcrumb\"},\"inLanguage\":\"es\",\"potentialAction\":[{\"@type\":\"ReadAction\",\"target\":[\"https:\/\/theyoungmessiah.com\/es\/sitios-de-citas-de-married-affair\/\"]}]},{\"@type\":\"BreadcrumbList\",\"@id\":\"https:\/\/theyoungmessiah.com\/es\/sitios-de-citas-de-married-affair\/#breadcrumb\",\"itemListElement\":[{\"@type\":\"ListItem\",\"position\":1,\"name\":\"Home\",\"item\":\"https:\/\/theyoungmessiah.com\/es\/\"},{\"@type\":\"ListItem\",\"position\":2,\"name\":\"Sitios de citas de married affair\"}]}]}<\/script>\n<!-- \/ Yoast SEO plugin. -->","yoast_head_json":{"title":"Sitios de citas de married affair - Online Adult Dating","robots":{"index":"index","follow":"follow","max-snippet":"max-snippet:-1","max-image-preview":"max-image-preview:large","max-video-preview":"max-video-preview:-1"},"canonical":"https:\/\/theyoungmessiah.com\/es\/sitios-de-citas-de-married-affair\/","og_locale":"es_ES","og_type":"article","og_title":"Sitios de citas de married affair - Online Adult Dating","og_description":"Hay una serie de sitios de citas de relaciones matrimoniales que permiten a las personas conectarse con otras personas que tambi\u00e9n est\u00e1n casadas. Estos sitios generalmente requieren una tarifa de membres\u00eda y ofrecen una variedad de caracter\u00edsticas dise\u00f1adas para ayudar a las personas a conectarse con otras personas que est\u00e1n interesadas en tener una aventura....Read more","og_url":"https:\/\/theyoungmessiah.com\/es\/sitios-de-citas-de-married-affair\/","og_site_name":"Online Adult Dating","twitter_card":"summary_large_image","twitter_misc":{"Tiempo de lectura":"4 minutos"},"schema":{"@context":"https:\/\/schema.org","@graph":[{"@type":"WebSite","@id":"https:\/\/theyoungmessiah.com\/es\/#website","url":"https:\/\/theyoungmessiah.com\/es\/","name":"Online Adult Dating","description":"Local Sex Hookups","potentialAction":[{"@type":"SearchAction","target":{"@type":"EntryPoint","urlTemplate":"https:\/\/theyoungmessiah.com\/es\/?s={search_term_string}"},"query-input":"required name=search_term_string"}],"inLanguage":"es"},{"@type":"WebPage","@id":"https:\/\/theyoungmessiah.com\/es\/sitios-de-citas-de-married-affair\/#webpage","url":"https:\/\/theyoungmessiah.com\/es\/sitios-de-citas-de-married-affair\/","name":"Sitios de citas de married affair - Online Adult Dating","isPartOf":{"@id":"https:\/\/theyoungmessiah.com\/es\/#website"},"datePublished":"2022-10-12T13:00:02+00:00","dateModified":"2022-10-12T13:00:02+00:00","breadcrumb":{"@id":"https:\/\/theyoungmessiah.com\/es\/sitios-de-citas-de-married-affair\/#breadcrumb"},"inLanguage":"es","potentialAction":[{"@type":"ReadAction","target":["https:\/\/theyoungmessiah.com\/es\/sitios-de-citas-de-married-affair\/"]}]},{"@type":"BreadcrumbList","@id":"https:\/\/theyoungmessiah.com\/es\/sitios-de-citas-de-married-affair\/#breadcrumb","itemListElement":[{"@type":"ListItem","position":1,"name":"Home","item":"https:\/\/theyoungmessiah.com\/es\/"},{"@type":"ListItem","position":2,"name":"Sitios de citas de married affair"}]}]}},"_links":{"self":[{"href":"https:\/\/theyoungmessiah.com\/es\/wp-json\/wp\/v2\/pages\/220"}],"collection":[{"href":"https:\/\/theyoungmessiah.com\/es\/wp-json\/wp\/v2\/pages"}],"about":[{"href":"https:\/\/theyoungmessiah.com\/es\/wp-json\/wp\/v2\/types\/page"}],"author":[{"embeddable":true,"href":"https:\/\/theyoungmessiah.com\/es\/wp-json\/wp\/v2\/users\/1"}],"replies":[{"embeddable":true,"href":"https:\/\/theyoungmessiah.com\/es\/wp-json\/wp\/v2\/comments?post=220"}],"version-history":[{"count":0,"href":"https:\/\/theyoungmessiah.com\/es\/wp-json\/wp\/v2\/pages\/220\/revisions"}],"wp:attachment":[{"href":"https:\/\/theyoungmessiah.com\/es\/wp-json\/wp\/v2\/media?parent=220"}],"curies":[{"name":"wp","href":"https:\/\/api.w.org\/{rel}","templated":true}]}}