{"id":237,"date":"2022-10-12T13:52:14","date_gmt":"2022-10-12T12:52:14","guid":{"rendered":"http:\/\/theyoungmessiah.com\/sitios-de-conexiones-locales-gratuitas\/"},"modified":"2022-10-12T13:52:14","modified_gmt":"2022-10-12T12:52:14","slug":"sitios-de-conexiones-locales-gratuitas","status":"publish","type":"page","link":"https:\/\/theyoungmessiah.com\/es\/sitios-de-conexiones-locales-gratuitas\/","title":{"rendered":"Sitios de conexiones locales gratuitas"},"content":{"rendered":"<p>Hay muchos <a href=\"http:\/\/theyoungmessiah.com\/free-milf-chat-sites\/\">sitios de conexi\u00f3n locales<\/a> que pueden ayudarlo a encontrar a alguien con quien conectarse. Todo lo que necesita hacer es crear un perfil y comenzar a buscar a alguien que cumpla con sus criterios. Conectarse con alguien puede ser una excelente manera de divertirse y experimentar cosas nuevas, pero es importante estar seguro y ser responsable al hacerlo. Aseg\u00farese de conocer bien a la persona antes de reunirse, y siempre re\u00fanase primero en un lugar p\u00fablico. Con un poco de planificaci\u00f3n y suerte, puede encontrar a alguien con quien conectarse en uno de estos sitios locales.<\/p>\n<h2>Conexi\u00f3n local cerca de m\u00ed<\/h2>\n<p>No hay nada como la emoci\u00f3n de conocer a alguien nuevo y la anticipaci\u00f3n de lo que podr\u00eda suceder a continuaci\u00f3n. Cuando se trata de encontrar una conexi\u00f3n local cerca de m\u00ed, no hay escasez de opciones. Ya sea que est\u00e9 buscando un encuentro casual o algo un poco m\u00e1s serio, seguramente habr\u00e1 alguien que sea adecuado para usted.<\/p>\n<p>Lo mejor de Internet es que ha abierto el mundo de las citas y la conexi\u00f3n con todos. No importa d\u00f3nde vivas, es probable que haya alguien cerca que est\u00e9 buscando lo mismo que t\u00fa. Todo lo que necesitas hacer es ponerte ah\u00ed fuera y ver qu\u00e9 sucede.<\/p>\n<p>Qui\u00e9n sabe, es posible que encuentres al amor de tu vida. O, al menos, tendr\u00e1s algunas grandes historias para contarles a tus amigos.<\/p>\n<p>Hay muchos sitios web y aplicaciones de citas que ofrecen conexiones locales gratuitas. Esto significa que puede usarlos para encontrar personas en su \u00e1rea que buscan lo mismo que usted. Todo lo que necesita hacer es crear un perfil y comenzar a buscar. Tambi\u00e9n puede usar estos sitios web y aplicaciones para chatear con personas en su \u00e1rea que buscan lo mismo que usted.<\/p>\n<h2>Conexiones locales cerca de m\u00ed<\/h2>\n<p>Hay muchas opciones de conexi\u00f3n local cerca de m\u00ed cuando se trata de citas en l\u00ednea. Puede encontrar sitios web y aplicaciones que est\u00e1n dise\u00f1ados espec\u00edficamente para ayudarlo a conectarse con otros solteros en su \u00e1rea. Esto hace que sea f\u00e1cil encontrar una cita o conexi\u00f3n sin tener que viajar muy lejos. Tambi\u00e9n hay muchas personas que usan las citas en l\u00ednea como una forma de conocer gente nueva y hacer nuevos amigos. Ya sea que est\u00e9 buscando una conexi\u00f3n casual o una relaci\u00f3n seria, hay alguien ah\u00ed para usted.<\/p>\n<h3>BBWCupid<\/h3>\n<p>BBWCupid es una de las aplicaciones de citas m\u00e1s populares para mujeres y hombres con curvas que los aman. La aplicaci\u00f3n se puede descargar y usar de forma gratuita, y ofrece una membres\u00eda premium por $ 9.99 \/ mes que desbloquea algunas funciones adicionales.<\/p>\n<p>La aplicaci\u00f3n est\u00e1 bien dise\u00f1ada y es f\u00e1cil de usar, con una interfaz limpia y moderna. Tambi\u00e9n es una de las pocas aplicaciones de citas que atiende espec\u00edficamente a las mujeres con curvas y sus admiradores.<\/p>\n<p>Una desventaja es que no hay muchos usuarios en mi \u00e1rea, por lo que puede ser dif\u00edcil encontrar coincidencias. Pero en general, creo que BBWCupid es una gran aplicaci\u00f3n de citas para mujeres con curvas y sus admiradores.<\/p>\n<h3>Un mont\u00f3n de pescado<\/h3>\n<p>Si est\u00e1 buscando un sitio de conexi\u00f3n local, Plenty of Fish es una excelente opci\u00f3n. Tiene una gran base de usuarios y es f\u00e1cil de usar. Sin embargo, no tiene tantas caracter\u00edsticas como algunos de los otros sitios en esta lista.<\/p>\n<h3>Bumble<\/h3>\n<p>Bumble es una aplicaci\u00f3n social y de citas basada en la ubicaci\u00f3n que facilita la comunicaci\u00f3n entre los usuarios interesados. En las coincidencias heterosexuales, solo las usuarias pueden iniciar el contacto con usuarios masculinos, mientras que en las coincidencias entre personas del mismo sexo cualquiera de los participantes puede iniciar el contacto. Los usuarios pueden registrarse usando su n\u00famero de tel\u00e9fono o perfil de Facebook, y tienen la opci\u00f3n de ocultar su edad, ubicaci\u00f3n y nombre de otros usuarios. Bumble tiene su sede en Austin, Texas, y tiene m\u00e1s de 50 millones de usuarios en todo el mundo.<\/p>\n<p>La aplicaci\u00f3n est\u00e1 dise\u00f1ada para crear conexiones significativas, con el objetivo del matrimonio o las relaciones a largo plazo. La aplicaci\u00f3n tiene una calificaci\u00f3n de 4 estrellas en la App Store, y los usuarios elogian su facilidad de uso y caracter\u00edsticas de seguridad. Sin embargo, algunos usuarios se han quejado de que la aplicaci\u00f3n est\u00e1 demasiado centrada en la conexi\u00f3n y que es dif\u00edcil encontrar una relaci\u00f3n seria. En general, Bumble es una gran opci\u00f3n para aquellos que buscan una relaci\u00f3n seria, o simplemente una forma divertida y f\u00e1cil de conocer gente nueva.<\/p>\n<h3>Zoosk<\/h3>\n<p>Zoosk es una aplicaci\u00f3n de citas que le permite ver perfiles de solteros locales en su \u00e1rea. Tambi\u00e9n puede ver fotos de solteros locales y ver qui\u00e9n est\u00e1 en l\u00ednea ahora. La aplicaci\u00f3n tambi\u00e9n tiene una funci\u00f3n de mensajer\u00eda para que pueda enviar mensajes a sus coincidencias. La aplicaci\u00f3n se puede descargar y usar de forma gratuita, pero puede actualizar a una membres\u00eda paga para desbloquear todas las funciones. La aplicaci\u00f3n est\u00e1 disponible para iPhone y Android.<\/p>\n","protected":false},"excerpt":{"rendered":"<p>Hay muchos sitios de conexi\u00f3n locales que pueden ayudarlo a encontrar a alguien con quien conectarse. Todo lo que necesita hacer es crear un perfil y comenzar a buscar a alguien que cumpla con sus criterios. Conectarse con alguien puede ser una excelente manera de divertirse y experimentar cosas nuevas, pero es importante estar seguro&#8230;<a class=\"read-more-link button\" href=\"https:\/\/theyoungmessiah.com\/es\/sitios-de-conexiones-locales-gratuitas\/\">Read more<\/a><\/p>\n","protected":false},"author":1,"featured_media":0,"parent":0,"menu_order":0,"comment_status":"closed","ping_status":"closed","template":"","meta":[],"yoast_head":"<!-- This site is optimized with the Yoast SEO plugin v17.7.1 - https:\/\/yoast.com\/wordpress\/plugins\/seo\/ -->\n<title>Sitios de conexiones locales gratuitas - Online Adult Dating<\/title>\n<meta name=\"robots\" content=\"index, follow, max-snippet:-1, max-image-preview:large, max-video-preview:-1\" \/>\n<link rel=\"canonical\" href=\"https:\/\/theyoungmessiah.com\/es\/sitios-de-conexiones-locales-gratuitas\/\" \/>\n<meta property=\"og:locale\" content=\"es_ES\" \/>\n<meta property=\"og:type\" content=\"article\" \/>\n<meta property=\"og:title\" content=\"Sitios de conexiones locales gratuitas - Online Adult Dating\" \/>\n<meta property=\"og:description\" content=\"Hay muchos sitios de conexi\u00f3n locales que pueden ayudarlo a encontrar a alguien con quien conectarse. Todo lo que necesita hacer es crear un perfil y comenzar a buscar a alguien que cumpla con sus criterios. Conectarse con alguien puede ser una excelente manera de divertirse y experimentar cosas nuevas, pero es importante estar seguro...Read more\" \/>\n<meta property=\"og:url\" content=\"https:\/\/theyoungmessiah.com\/es\/sitios-de-conexiones-locales-gratuitas\/\" \/>\n<meta property=\"og:site_name\" content=\"Online Adult Dating\" \/>\n<meta name=\"twitter:card\" content=\"summary_large_image\" \/>\n<meta name=\"twitter:label1\" content=\"Tiempo de lectura\" \/>\n\t<meta name=\"twitter:data1\" content=\"4 minutos\" \/>\n<script type=\"application\/ld+json\" class=\"yoast-schema-graph\">{\"@context\":\"https:\/\/schema.org\",\"@graph\":[{\"@type\":\"WebSite\",\"@id\":\"https:\/\/theyoungmessiah.com\/es\/#website\",\"url\":\"https:\/\/theyoungmessiah.com\/es\/\",\"name\":\"Online Adult Dating\",\"description\":\"Local Sex Hookups\",\"potentialAction\":[{\"@type\":\"SearchAction\",\"target\":{\"@type\":\"EntryPoint\",\"urlTemplate\":\"https:\/\/theyoungmessiah.com\/es\/?s={search_term_string}\"},\"query-input\":\"required name=search_term_string\"}],\"inLanguage\":\"es\"},{\"@type\":\"WebPage\",\"@id\":\"https:\/\/theyoungmessiah.com\/es\/sitios-de-conexiones-locales-gratuitas\/#webpage\",\"url\":\"https:\/\/theyoungmessiah.com\/es\/sitios-de-conexiones-locales-gratuitas\/\",\"name\":\"Sitios de conexiones locales gratuitas - Online Adult Dating\",\"isPartOf\":{\"@id\":\"https:\/\/theyoungmessiah.com\/es\/#website\"},\"datePublished\":\"2022-10-12T12:52:14+00:00\",\"dateModified\":\"2022-10-12T12:52:14+00:00\",\"breadcrumb\":{\"@id\":\"https:\/\/theyoungmessiah.com\/es\/sitios-de-conexiones-locales-gratuitas\/#breadcrumb\"},\"inLanguage\":\"es\",\"potentialAction\":[{\"@type\":\"ReadAction\",\"target\":[\"https:\/\/theyoungmessiah.com\/es\/sitios-de-conexiones-locales-gratuitas\/\"]}]},{\"@type\":\"BreadcrumbList\",\"@id\":\"https:\/\/theyoungmessiah.com\/es\/sitios-de-conexiones-locales-gratuitas\/#breadcrumb\",\"itemListElement\":[{\"@type\":\"ListItem\",\"position\":1,\"name\":\"Home\",\"item\":\"https:\/\/theyoungmessiah.com\/es\/\"},{\"@type\":\"ListItem\",\"position\":2,\"name\":\"Sitios de conexiones locales gratuitas\"}]}]}<\/script>\n<!-- \/ Yoast SEO plugin. -->","yoast_head_json":{"title":"Sitios de conexiones locales gratuitas - Online Adult Dating","robots":{"index":"index","follow":"follow","max-snippet":"max-snippet:-1","max-image-preview":"max-image-preview:large","max-video-preview":"max-video-preview:-1"},"canonical":"https:\/\/theyoungmessiah.com\/es\/sitios-de-conexiones-locales-gratuitas\/","og_locale":"es_ES","og_type":"article","og_title":"Sitios de conexiones locales gratuitas - Online Adult Dating","og_description":"Hay muchos sitios de conexi\u00f3n locales que pueden ayudarlo a encontrar a alguien con quien conectarse. Todo lo que necesita hacer es crear un perfil y comenzar a buscar a alguien que cumpla con sus criterios. Conectarse con alguien puede ser una excelente manera de divertirse y experimentar cosas nuevas, pero es importante estar seguro...Read more","og_url":"https:\/\/theyoungmessiah.com\/es\/sitios-de-conexiones-locales-gratuitas\/","og_site_name":"Online Adult Dating","twitter_card":"summary_large_image","twitter_misc":{"Tiempo de lectura":"4 minutos"},"schema":{"@context":"https:\/\/schema.org","@graph":[{"@type":"WebSite","@id":"https:\/\/theyoungmessiah.com\/es\/#website","url":"https:\/\/theyoungmessiah.com\/es\/","name":"Online Adult Dating","description":"Local Sex Hookups","potentialAction":[{"@type":"SearchAction","target":{"@type":"EntryPoint","urlTemplate":"https:\/\/theyoungmessiah.com\/es\/?s={search_term_string}"},"query-input":"required name=search_term_string"}],"inLanguage":"es"},{"@type":"WebPage","@id":"https:\/\/theyoungmessiah.com\/es\/sitios-de-conexiones-locales-gratuitas\/#webpage","url":"https:\/\/theyoungmessiah.com\/es\/sitios-de-conexiones-locales-gratuitas\/","name":"Sitios de conexiones locales gratuitas - Online Adult Dating","isPartOf":{"@id":"https:\/\/theyoungmessiah.com\/es\/#website"},"datePublished":"2022-10-12T12:52:14+00:00","dateModified":"2022-10-12T12:52:14+00:00","breadcrumb":{"@id":"https:\/\/theyoungmessiah.com\/es\/sitios-de-conexiones-locales-gratuitas\/#breadcrumb"},"inLanguage":"es","potentialAction":[{"@type":"ReadAction","target":["https:\/\/theyoungmessiah.com\/es\/sitios-de-conexiones-locales-gratuitas\/"]}]},{"@type":"BreadcrumbList","@id":"https:\/\/theyoungmessiah.com\/es\/sitios-de-conexiones-locales-gratuitas\/#breadcrumb","itemListElement":[{"@type":"ListItem","position":1,"name":"Home","item":"https:\/\/theyoungmessiah.com\/es\/"},{"@type":"ListItem","position":2,"name":"Sitios de conexiones locales gratuitas"}]}]}},"_links":{"self":[{"href":"https:\/\/theyoungmessiah.com\/es\/wp-json\/wp\/v2\/pages\/237"}],"collection":[{"href":"https:\/\/theyoungmessiah.com\/es\/wp-json\/wp\/v2\/pages"}],"about":[{"href":"https:\/\/theyoungmessiah.com\/es\/wp-json\/wp\/v2\/types\/page"}],"author":[{"embeddable":true,"href":"https:\/\/theyoungmessiah.com\/es\/wp-json\/wp\/v2\/users\/1"}],"replies":[{"embeddable":true,"href":"https:\/\/theyoungmessiah.com\/es\/wp-json\/wp\/v2\/comments?post=237"}],"version-history":[{"count":0,"href":"https:\/\/theyoungmessiah.com\/es\/wp-json\/wp\/v2\/pages\/237\/revisions"}],"wp:attachment":[{"href":"https:\/\/theyoungmessiah.com\/es\/wp-json\/wp\/v2\/media?parent=237"}],"curies":[{"name":"wp","href":"https:\/\/api.w.org\/{rel}","templated":true}]}}