{"id":238,"date":"2022-10-12T13:52:31","date_gmt":"2022-10-12T12:52:31","guid":{"rendered":"http:\/\/theyoungmessiah.com\/aplicaciones-de-citas-para-personas-mayores\/"},"modified":"2022-10-12T13:52:31","modified_gmt":"2022-10-12T12:52:31","slug":"aplicaciones-de-citas-para-personas-mayores","status":"publish","type":"page","link":"https:\/\/theyoungmessiah.com\/es\/aplicaciones-de-citas-para-personas-mayores\/","title":{"rendered":"Aplicaciones de citas para personas mayores"},"content":{"rendered":"<p>Hay algunas aplicaciones de citas para personas mayores diferentes, pero la m\u00e1s popular es Tinder. Tinder es una <a href=\"http:\/\/theyoungmessiah.com\/free-local-hookups-sites\/\">aplicaci\u00f3n de citas<\/a> que permite a los usuarios deslizar hacia la izquierda o hacia la derecha en posibles coincidencias. Si dos usuarios deslizan el dedo hacia la derecha el uno sobre el otro, coinciden y pueden chatear. Tinder se usa m\u00e1s com\u00fanmente para conectarse, pero tambi\u00e9n se puede usar para citas.<\/p>\n<h2>Sitios de citas para mayores de 40 a\u00f1os<\/h2>\n<p>Hay muchos sitios de citas para mayores de 40 a\u00f1os, por lo que puede ser abrumador tratar de decidir cu\u00e1l es el adecuado para usted. Un buen lugar para comenzar es pensar en lo que est\u00e1s buscando en una pareja. \u00bfQuieres a alguien que sea divertido y tranquilo? \u00bfAlguien que es serio y motivado? Una vez que sepa lo que est\u00e1 buscando, puede comenzar a reducir sus opciones.<\/p>\n<p>Otra cosa a considerar es qu\u00e9 tipo de citas te interesan. \u00bfEst\u00e1s buscando algo casual, o est\u00e1s interesado en algo m\u00e1s serio? Hay sitios de citas para ambos tipos de relaciones, por lo que deber\u00e1 decidir cu\u00e1l es el adecuado para usted.<\/p>\n<p>Si tienes m\u00e1s de 40 a\u00f1os y eres soltero, no hay raz\u00f3n para desesperarte. Hay muchos sitios de citas que pueden ayudarlo a encontrar la pareja perfecta. Solo t\u00f3mese su tiempo, investigue y encontrar\u00e1 el que sea adecuado para usted.<\/p>\n<h2>Sitios de citas para personas mayores gratis<\/h2>\n<p>Hay muchos sitios de citas gratuitas para personas mayores disponibles en l\u00ednea, pero no todos valen la pena. Los mejores sitios de citas gratuitos para personas mayores son los que te dan la oportunidad de conocer gente nueva, construir relaciones y tal vez incluso encontrar el amor. Para encontrar los mejores sitios de citas gratuitos para personas mayores, querr\u00e1 asegurarse de que tengan una gran base de usuarios, ofrezcan muchas funciones y tengan una reputaci\u00f3n positiva. Con tantos sitios de citas gratuitos para personas mayores para elegir, es importante encontrar el que sea adecuado para usted.<\/p>\n<p>Hay muchas razones por las que las personas pueden elegir salir m\u00e1s tarde en la vida. Tal vez son m\u00e1s maduros y tienen una mejor idea de lo que est\u00e1n buscando en una relaci\u00f3n. Tal vez han pasado por un divorcio o han tenido alguna otra experiencia de vida que los ha hecho m\u00e1s cautelosos al involucrarse con alguien. Cualquiera que sea la raz\u00f3n, hay muchos solteros maduros que est\u00e1n utilizando sitios de citas en l\u00ednea para encontrar amor y compa\u00f1\u00eda.<\/p>\n<p>Si est\u00e1 pensando en probar las citas en l\u00ednea, es importante elegir un sitio que est\u00e9 orientado a solteros maduros. Querr\u00e1 buscar un sitio que tenga una base de miembros grande y activa, as\u00ed como un conjunto s\u00f3lido de caracter\u00edsticas y medidas de seguridad. Y, por supuesto, querr\u00e1 asegurarse de que el sitio que elija sea uno que se sienta c\u00f3modo usando.<\/p>\n<p>Con un poco de investigaci\u00f3n, deber\u00eda poder encontrar un sitio de citas en l\u00ednea que sea perfecto para usted. Y, qui\u00e9n sabe, es posible que encuentres al amor de tu vida.<\/p>\n<h3>LuckyCrush<\/h3>\n<p>Si est\u00e1 buscando una aplicaci\u00f3n de citas para personas mayores que est\u00e9 basada en Luck, LuckyCrush es una excelente opci\u00f3n. Es una aplicaci\u00f3n gratuita que te empareja con otros usuarios en funci\u00f3n de tu ubicaci\u00f3n, y puedes chatear con ellos si ambos est\u00e1n interesados. La aplicaci\u00f3n tambi\u00e9n tiene una calificaci\u00f3n de 4 estrellas en la App Store, por lo que definitivamente vale la pena echarle un vistazo.<\/p>\n<h3>OneNightFriend<\/h3>\n<p>Si est\u00e1 buscando una aplicaci\u00f3n de citas para personas mayores, OneNightFriend es una excelente opci\u00f3n. Es f\u00e1cil de usar y tiene muchas caracter\u00edsticas que lo convierten en una excelente opci\u00f3n para las personas mayores. La aplicaci\u00f3n se puede descargar y usar de forma gratuita, y est\u00e1 disponible en dispositivos iOS y Android. OneNightFriend es una excelente manera de conocer gente nueva y encontrar posibles coincidencias. La aplicaci\u00f3n es f\u00e1cil de usar y tiene muchas caracter\u00edsticas que la convierten en una excelente opci\u00f3n para las personas mayores. OneNightFriend es una excelente manera de conocer gente nueva y encontrar posibles coincidencias.<\/p>\n<h3>XPickup<\/h3>\n<p>XPickup es una nueva aplicaci\u00f3n de citas que est\u00e1 dise\u00f1ada espec\u00edficamente para personas mayores. Est\u00e1 disponible de forma gratuita en App Store y Google Play. La aplicaci\u00f3n tiene una interfaz simple y f\u00e1cil de usar. Los usuarios pueden crear un perfil y agregar fotos. Luego pueden buscar a otras personas mayores que est\u00e1n buscando una cita. XPickup tambi\u00e9n ofrece una funci\u00f3n de chat, para que los usuarios puedan comunicarse entre s\u00ed. La aplicaci\u00f3n es segura y protegida, y es f\u00e1cil de usar. En general, XPickup es una gran aplicaci\u00f3n de citas para personas mayores.<\/p>\n<h3>BoneAMilf<\/h3>\n<p>Si est\u00e1 buscando una aplicaci\u00f3n de citas dise\u00f1ada espec\u00edficamente para adultos mayores, entonces definitivamente deber\u00eda consultar BoneAMilf. Esta aplicaci\u00f3n est\u00e1 repleta de caracter\u00edsticas que facilitan la b\u00fasqueda y conexi\u00f3n con posibles coincidencias, y tambi\u00e9n tiene una excelente interfaz de usuario.<\/p>\n<p>Una de las mejores cosas de BoneAMilf es que ofrece una amplia gama de opciones de b\u00fasqueda, por lo que puede encontrar f\u00e1cilmente personas que cumplan con sus criterios espec\u00edficos. Tambi\u00e9n puede usar la aplicaci\u00f3n para ver perfiles de otros usuarios y ver qui\u00e9n est\u00e1 actualmente en l\u00ednea.<\/p>\n<p>La aplicaci\u00f3n tambi\u00e9n tiene un sistema de mensajer\u00eda incorporado, por lo que puede chatear f\u00e1cilmente con posibles coincidencias. En general, BoneAMilf es una gran opci\u00f3n para los adultos mayores que buscan una aplicaci\u00f3n de citas que sea f\u00e1cil de usar y est\u00e9 repleta de funciones.<\/p>\n","protected":false},"excerpt":{"rendered":"<p>Hay algunas aplicaciones de citas para personas mayores diferentes, pero la m\u00e1s popular es Tinder. Tinder es una aplicaci\u00f3n de citas que permite a los usuarios deslizar hacia la izquierda o hacia la derecha en posibles coincidencias. Si dos usuarios deslizan el dedo hacia la derecha el uno sobre el otro, coinciden y pueden chatear&#8230;.<a class=\"read-more-link button\" href=\"https:\/\/theyoungmessiah.com\/es\/aplicaciones-de-citas-para-personas-mayores\/\">Read more<\/a><\/p>\n","protected":false},"author":1,"featured_media":0,"parent":0,"menu_order":0,"comment_status":"closed","ping_status":"closed","template":"","meta":[],"yoast_head":"<!-- This site is optimized with the Yoast SEO plugin v17.7.1 - https:\/\/yoast.com\/wordpress\/plugins\/seo\/ -->\n<title>Aplicaciones de citas para personas mayores - Online Adult Dating<\/title>\n<meta name=\"robots\" content=\"index, follow, max-snippet:-1, max-image-preview:large, max-video-preview:-1\" \/>\n<link rel=\"canonical\" href=\"https:\/\/theyoungmessiah.com\/es\/aplicaciones-de-citas-para-personas-mayores\/\" \/>\n<meta property=\"og:locale\" content=\"es_ES\" \/>\n<meta property=\"og:type\" content=\"article\" \/>\n<meta property=\"og:title\" content=\"Aplicaciones de citas para personas mayores - Online Adult Dating\" \/>\n<meta property=\"og:description\" content=\"Hay algunas aplicaciones de citas para personas mayores diferentes, pero la m\u00e1s popular es Tinder. Tinder es una aplicaci\u00f3n de citas que permite a los usuarios deslizar hacia la izquierda o hacia la derecha en posibles coincidencias. Si dos usuarios deslizan el dedo hacia la derecha el uno sobre el otro, coinciden y pueden chatear....Read more\" \/>\n<meta property=\"og:url\" content=\"https:\/\/theyoungmessiah.com\/es\/aplicaciones-de-citas-para-personas-mayores\/\" \/>\n<meta property=\"og:site_name\" content=\"Online Adult Dating\" \/>\n<meta name=\"twitter:card\" content=\"summary_large_image\" \/>\n<meta name=\"twitter:label1\" content=\"Tiempo de lectura\" \/>\n\t<meta name=\"twitter:data1\" content=\"5 minutos\" \/>\n<script type=\"application\/ld+json\" class=\"yoast-schema-graph\">{\"@context\":\"https:\/\/schema.org\",\"@graph\":[{\"@type\":\"WebSite\",\"@id\":\"https:\/\/theyoungmessiah.com\/es\/#website\",\"url\":\"https:\/\/theyoungmessiah.com\/es\/\",\"name\":\"Online Adult Dating\",\"description\":\"Local Sex Hookups\",\"potentialAction\":[{\"@type\":\"SearchAction\",\"target\":{\"@type\":\"EntryPoint\",\"urlTemplate\":\"https:\/\/theyoungmessiah.com\/es\/?s={search_term_string}\"},\"query-input\":\"required name=search_term_string\"}],\"inLanguage\":\"es\"},{\"@type\":\"WebPage\",\"@id\":\"https:\/\/theyoungmessiah.com\/es\/aplicaciones-de-citas-para-personas-mayores\/#webpage\",\"url\":\"https:\/\/theyoungmessiah.com\/es\/aplicaciones-de-citas-para-personas-mayores\/\",\"name\":\"Aplicaciones de citas para personas mayores - Online Adult Dating\",\"isPartOf\":{\"@id\":\"https:\/\/theyoungmessiah.com\/es\/#website\"},\"datePublished\":\"2022-10-12T12:52:31+00:00\",\"dateModified\":\"2022-10-12T12:52:31+00:00\",\"breadcrumb\":{\"@id\":\"https:\/\/theyoungmessiah.com\/es\/aplicaciones-de-citas-para-personas-mayores\/#breadcrumb\"},\"inLanguage\":\"es\",\"potentialAction\":[{\"@type\":\"ReadAction\",\"target\":[\"https:\/\/theyoungmessiah.com\/es\/aplicaciones-de-citas-para-personas-mayores\/\"]}]},{\"@type\":\"BreadcrumbList\",\"@id\":\"https:\/\/theyoungmessiah.com\/es\/aplicaciones-de-citas-para-personas-mayores\/#breadcrumb\",\"itemListElement\":[{\"@type\":\"ListItem\",\"position\":1,\"name\":\"Home\",\"item\":\"https:\/\/theyoungmessiah.com\/es\/\"},{\"@type\":\"ListItem\",\"position\":2,\"name\":\"Aplicaciones de citas para personas mayores\"}]}]}<\/script>\n<!-- \/ Yoast SEO plugin. -->","yoast_head_json":{"title":"Aplicaciones de citas para personas mayores - Online Adult Dating","robots":{"index":"index","follow":"follow","max-snippet":"max-snippet:-1","max-image-preview":"max-image-preview:large","max-video-preview":"max-video-preview:-1"},"canonical":"https:\/\/theyoungmessiah.com\/es\/aplicaciones-de-citas-para-personas-mayores\/","og_locale":"es_ES","og_type":"article","og_title":"Aplicaciones de citas para personas mayores - Online Adult Dating","og_description":"Hay algunas aplicaciones de citas para personas mayores diferentes, pero la m\u00e1s popular es Tinder. Tinder es una aplicaci\u00f3n de citas que permite a los usuarios deslizar hacia la izquierda o hacia la derecha en posibles coincidencias. Si dos usuarios deslizan el dedo hacia la derecha el uno sobre el otro, coinciden y pueden chatear....Read more","og_url":"https:\/\/theyoungmessiah.com\/es\/aplicaciones-de-citas-para-personas-mayores\/","og_site_name":"Online Adult Dating","twitter_card":"summary_large_image","twitter_misc":{"Tiempo de lectura":"5 minutos"},"schema":{"@context":"https:\/\/schema.org","@graph":[{"@type":"WebSite","@id":"https:\/\/theyoungmessiah.com\/es\/#website","url":"https:\/\/theyoungmessiah.com\/es\/","name":"Online Adult Dating","description":"Local Sex Hookups","potentialAction":[{"@type":"SearchAction","target":{"@type":"EntryPoint","urlTemplate":"https:\/\/theyoungmessiah.com\/es\/?s={search_term_string}"},"query-input":"required name=search_term_string"}],"inLanguage":"es"},{"@type":"WebPage","@id":"https:\/\/theyoungmessiah.com\/es\/aplicaciones-de-citas-para-personas-mayores\/#webpage","url":"https:\/\/theyoungmessiah.com\/es\/aplicaciones-de-citas-para-personas-mayores\/","name":"Aplicaciones de citas para personas mayores - Online Adult Dating","isPartOf":{"@id":"https:\/\/theyoungmessiah.com\/es\/#website"},"datePublished":"2022-10-12T12:52:31+00:00","dateModified":"2022-10-12T12:52:31+00:00","breadcrumb":{"@id":"https:\/\/theyoungmessiah.com\/es\/aplicaciones-de-citas-para-personas-mayores\/#breadcrumb"},"inLanguage":"es","potentialAction":[{"@type":"ReadAction","target":["https:\/\/theyoungmessiah.com\/es\/aplicaciones-de-citas-para-personas-mayores\/"]}]},{"@type":"BreadcrumbList","@id":"https:\/\/theyoungmessiah.com\/es\/aplicaciones-de-citas-para-personas-mayores\/#breadcrumb","itemListElement":[{"@type":"ListItem","position":1,"name":"Home","item":"https:\/\/theyoungmessiah.com\/es\/"},{"@type":"ListItem","position":2,"name":"Aplicaciones de citas para personas mayores"}]}]}},"_links":{"self":[{"href":"https:\/\/theyoungmessiah.com\/es\/wp-json\/wp\/v2\/pages\/238"}],"collection":[{"href":"https:\/\/theyoungmessiah.com\/es\/wp-json\/wp\/v2\/pages"}],"about":[{"href":"https:\/\/theyoungmessiah.com\/es\/wp-json\/wp\/v2\/types\/page"}],"author":[{"embeddable":true,"href":"https:\/\/theyoungmessiah.com\/es\/wp-json\/wp\/v2\/users\/1"}],"replies":[{"embeddable":true,"href":"https:\/\/theyoungmessiah.com\/es\/wp-json\/wp\/v2\/comments?post=238"}],"version-history":[{"count":0,"href":"https:\/\/theyoungmessiah.com\/es\/wp-json\/wp\/v2\/pages\/238\/revisions"}],"wp:attachment":[{"href":"https:\/\/theyoungmessiah.com\/es\/wp-json\/wp\/v2\/media?parent=238"}],"curies":[{"name":"wp","href":"https:\/\/api.w.org\/{rel}","templated":true}]}}