{"id":256,"date":"2022-10-12T13:51:02","date_gmt":"2022-10-12T12:51:02","guid":{"rendered":"http:\/\/theyoungmessiah.com\/mujeres-locales-que-buscan-sexo\/"},"modified":"2022-10-12T13:51:02","modified_gmt":"2022-10-12T12:51:02","slug":"mujeres-locales-que-buscan-sexo","status":"publish","type":"page","link":"https:\/\/theyoungmessiah.com\/es\/mujeres-locales-que-buscan-sexo\/","title":{"rendered":"Mujeres locales que buscan sexo"},"content":{"rendered":"<p>Las mujeres locales que buscan sexo a menudo est\u00e1n dispuestas a conectarse con hombres que conocen en l\u00ednea. Hay una serie de sitios web y aplicaciones que atienden a este grupo demogr\u00e1fico, lo que facilita la conexi\u00f3n con socios potenciales. En muchos casos, estas mujeres simplemente buscan una conexi\u00f3n f\u00edsica y no est\u00e1n interesadas en nada m\u00e1s. Sin embargo, tambi\u00e9n hay algunas mujeres que buscan una relaci\u00f3n m\u00e1s seria. Estas mujeres pueden ser m\u00e1s dif\u00edciles de encontrar, pero est\u00e1n ah\u00ed fuera. La mejor manera de encontrarlos es usar un sitio o aplicaci\u00f3n de citas que le permita buscar mujeres que buscan <a href=\"http:\/\/theyoungmessiah.com\/date-in-your-area\/\">algo m\u00e1s que una conexi\u00f3n<\/a>.<\/p>\n<h2>Mujeres que quieren follar<\/h2>\n<p>No hay nada de malo en querer follar, y hay muchas mujeres que sienten lo mismo. La clave es encontrar a alguien que comparta tus deseos y con quien seas compatible.<\/p>\n<p>Hay algunas cosas a tener en cuenta cuando se busca un amigo de mierda.<\/p>\n<ul>\n<li>Primero, aseg\u00farate de estar en la misma p\u00e1gina sobre lo que est\u00e1s buscando. No tiene sentido involucrarse con alguien si no est\u00e1s en la misma p\u00e1gina sobre lo que est\u00e1s haciendo.<\/li>\n<li>En segundo lugar, aseg\u00farese de que ambos se sientan c\u00f3modos el uno con el otro. Si no se sienten c\u00f3modos el uno con el otro, no va a ser un buen momento.<\/li>\n<li>En tercer lugar, la comunicaci\u00f3n es clave. Aseg\u00farate de que ambos est\u00e1n comunicando lo que quieren y necesitan de la relaci\u00f3n. Si no est\u00e1s en la misma p\u00e1gina, no va a funcionar.<\/li>\n<li>Finalmente, no tengas miedo de experimentar. Si no est\u00e1 seguro de lo que quiere, pruebe diferentes cosas y vea qu\u00e9 funciona para usted. No hay una sola forma correcta de hacer las cosas, as\u00ed que no tengas miedo de explorar.<\/li>\n<\/ul>\n<p>Hay muchas maneras de conocer mujeres cachondas cerca de ti, pero la forma m\u00e1s popular es definitivamente las citas en l\u00ednea. Esto se debe a que las citas en l\u00ednea le brindan muchas m\u00e1s opciones y mucha m\u00e1s flexibilidad cuando se trata de elegir a qui\u00e9n desea conocer. Tambi\u00e9n puede usar las citas en l\u00ednea para encontrar mujeres que buscan lo mismo que usted, lo cual es mucho m\u00e1s f\u00e1cil que tratar de recogerlas en persona.<\/p>\n<h2>Conoce a mujeres locales para el sexo<\/h2>\n<p>Hay muchos sitios web que le permiten conocer a mujeres locales para tener relaciones sexuales. Puede usar estos sitios web para encontrar mujeres que buscan sexo en su \u00e1rea. Tambi\u00e9n puede usar estos sitios web para encontrar mujeres que buscan una relaci\u00f3n. Puede usar estos sitios web para encontrar mujeres que buscan una aventura de una noche. Puede usar estos sitios web para encontrar mujeres que buscan un encuentro casual.<\/p>\n<h3>Zoosk<\/h3>\n<p>Zoosk es una aplicaci\u00f3n de citas que te permite conectarte con mujeres locales que buscan sexo. La aplicaci\u00f3n es f\u00e1cil de usar y tiene una variedad de caracter\u00edsticas que la convierten en una excelente opci\u00f3n para aquellos que buscan una conexi\u00f3n casual o una relaci\u00f3n m\u00e1s seria. La aplicaci\u00f3n tambi\u00e9n tiene una gran base de usuarios, lo que significa que es m\u00e1s probable que encuentres a alguien que sea una buena opci\u00f3n para ti.<\/p>\n<h3>Milfaholic<\/h3>\n<p>Hay muchas aplicaciones de citas por ah\u00ed, pero Milfaholic es una de las \u00fanicas dise\u00f1adas espec\u00edficamente para mujeres mayores y hombres m\u00e1s j\u00f3venes. Esta aplicaci\u00f3n es perfecta para cualquiera que est\u00e9 buscando una relaci\u00f3n sin ataduras con una mujer mayor caliente. El proceso de registro es r\u00e1pido y f\u00e1cil, y puede comenzar a enviar mensajes a las mujeres de inmediato. Las mujeres en Milfaholic son todas locales, por lo que puede estar seguro de encontrar a alguien en su \u00e1rea. Y si est\u00e1 buscando algo un poco m\u00e1s a largo plazo, tambi\u00e9n puede usar Milfaholic para encontrar mujeres mayores que est\u00e9n interesadas en salir con hombres m\u00e1s j\u00f3venes.<\/p>\n<h3>Flingster<\/h3>\n<p>Si est\u00e1s buscando una aventura o una conexi\u00f3n, Flingster es definitivamente la aplicaci\u00f3n de citas para ti. La aplicaci\u00f3n es incre\u00edblemente f\u00e1cil de usar y es gratis registrarse. Puede navegar a trav\u00e9s de perfiles locales y enviar mensajes a cualquier persona que le interese. La aplicaci\u00f3n tambi\u00e9n es muy popular entre las mujeres locales que buscan sexo. La funci\u00f3n de b\u00fasqueda es muy f\u00e1cil de usar y puede filtrar por ubicaci\u00f3n, edad e intereses. En general, Flingster es una gran opci\u00f3n para cualquiera que busque una conexi\u00f3n casual o una aventura.<\/p>\n<h3>ComeWithYou<\/h3>\n<p>ComeWithYou es una nueva aplicaci\u00f3n de citas que est\u00e1 recibiendo mucho ruido. La aplicaci\u00f3n est\u00e1 dise\u00f1ada para ayudar a las mujeres a encontrar hombres locales para el sexo casual. La aplicaci\u00f3n es muy f\u00e1cil de usar y solo toma unos segundos registrarse. La aplicaci\u00f3n se puede descargar de forma gratuita y est\u00e1 disponible tanto para iOS como para Android. ComeWithYou es una gran opci\u00f3n para las mujeres que buscan sexo casual. La aplicaci\u00f3n es muy f\u00e1cil de usar y se puede descargar de forma gratuita. La aplicaci\u00f3n tambi\u00e9n est\u00e1 disponible tanto para iOS como para Android.<\/p>\n","protected":false},"excerpt":{"rendered":"<p>Las mujeres locales que buscan sexo a menudo est\u00e1n dispuestas a conectarse con hombres que conocen en l\u00ednea. Hay una serie de sitios web y aplicaciones que atienden a este grupo demogr\u00e1fico, lo que facilita la conexi\u00f3n con socios potenciales. En muchos casos, estas mujeres simplemente buscan una conexi\u00f3n f\u00edsica y no est\u00e1n interesadas en&#8230;<a class=\"read-more-link button\" href=\"https:\/\/theyoungmessiah.com\/es\/mujeres-locales-que-buscan-sexo\/\">Read more<\/a><\/p>\n","protected":false},"author":1,"featured_media":0,"parent":0,"menu_order":0,"comment_status":"closed","ping_status":"closed","template":"","meta":[],"yoast_head":"<!-- This site is optimized with the Yoast SEO plugin v17.7.1 - https:\/\/yoast.com\/wordpress\/plugins\/seo\/ -->\n<title>Mujeres locales que buscan sexo - Online Adult Dating<\/title>\n<meta name=\"robots\" content=\"index, follow, max-snippet:-1, max-image-preview:large, max-video-preview:-1\" \/>\n<link rel=\"canonical\" href=\"https:\/\/theyoungmessiah.com\/es\/mujeres-locales-que-buscan-sexo\/\" \/>\n<meta property=\"og:locale\" content=\"es_ES\" \/>\n<meta property=\"og:type\" content=\"article\" \/>\n<meta property=\"og:title\" content=\"Mujeres locales que buscan sexo - Online Adult Dating\" \/>\n<meta property=\"og:description\" content=\"Las mujeres locales que buscan sexo a menudo est\u00e1n dispuestas a conectarse con hombres que conocen en l\u00ednea. Hay una serie de sitios web y aplicaciones que atienden a este grupo demogr\u00e1fico, lo que facilita la conexi\u00f3n con socios potenciales. En muchos casos, estas mujeres simplemente buscan una conexi\u00f3n f\u00edsica y no est\u00e1n interesadas en...Read more\" \/>\n<meta property=\"og:url\" content=\"https:\/\/theyoungmessiah.com\/es\/mujeres-locales-que-buscan-sexo\/\" \/>\n<meta property=\"og:site_name\" content=\"Online Adult Dating\" \/>\n<meta name=\"twitter:card\" content=\"summary_large_image\" \/>\n<meta name=\"twitter:label1\" content=\"Tiempo de lectura\" \/>\n\t<meta name=\"twitter:data1\" content=\"5 minutos\" \/>\n<script type=\"application\/ld+json\" class=\"yoast-schema-graph\">{\"@context\":\"https:\/\/schema.org\",\"@graph\":[{\"@type\":\"WebSite\",\"@id\":\"https:\/\/theyoungmessiah.com\/es\/#website\",\"url\":\"https:\/\/theyoungmessiah.com\/es\/\",\"name\":\"Online Adult Dating\",\"description\":\"Local Sex Hookups\",\"potentialAction\":[{\"@type\":\"SearchAction\",\"target\":{\"@type\":\"EntryPoint\",\"urlTemplate\":\"https:\/\/theyoungmessiah.com\/es\/?s={search_term_string}\"},\"query-input\":\"required name=search_term_string\"}],\"inLanguage\":\"es\"},{\"@type\":\"WebPage\",\"@id\":\"https:\/\/theyoungmessiah.com\/es\/mujeres-locales-que-buscan-sexo\/#webpage\",\"url\":\"https:\/\/theyoungmessiah.com\/es\/mujeres-locales-que-buscan-sexo\/\",\"name\":\"Mujeres locales que buscan sexo - Online Adult Dating\",\"isPartOf\":{\"@id\":\"https:\/\/theyoungmessiah.com\/es\/#website\"},\"datePublished\":\"2022-10-12T12:51:02+00:00\",\"dateModified\":\"2022-10-12T12:51:02+00:00\",\"breadcrumb\":{\"@id\":\"https:\/\/theyoungmessiah.com\/es\/mujeres-locales-que-buscan-sexo\/#breadcrumb\"},\"inLanguage\":\"es\",\"potentialAction\":[{\"@type\":\"ReadAction\",\"target\":[\"https:\/\/theyoungmessiah.com\/es\/mujeres-locales-que-buscan-sexo\/\"]}]},{\"@type\":\"BreadcrumbList\",\"@id\":\"https:\/\/theyoungmessiah.com\/es\/mujeres-locales-que-buscan-sexo\/#breadcrumb\",\"itemListElement\":[{\"@type\":\"ListItem\",\"position\":1,\"name\":\"Home\",\"item\":\"https:\/\/theyoungmessiah.com\/es\/\"},{\"@type\":\"ListItem\",\"position\":2,\"name\":\"Mujeres locales que buscan sexo\"}]}]}<\/script>\n<!-- \/ Yoast SEO plugin. -->","yoast_head_json":{"title":"Mujeres locales que buscan sexo - Online Adult Dating","robots":{"index":"index","follow":"follow","max-snippet":"max-snippet:-1","max-image-preview":"max-image-preview:large","max-video-preview":"max-video-preview:-1"},"canonical":"https:\/\/theyoungmessiah.com\/es\/mujeres-locales-que-buscan-sexo\/","og_locale":"es_ES","og_type":"article","og_title":"Mujeres locales que buscan sexo - Online Adult Dating","og_description":"Las mujeres locales que buscan sexo a menudo est\u00e1n dispuestas a conectarse con hombres que conocen en l\u00ednea. Hay una serie de sitios web y aplicaciones que atienden a este grupo demogr\u00e1fico, lo que facilita la conexi\u00f3n con socios potenciales. En muchos casos, estas mujeres simplemente buscan una conexi\u00f3n f\u00edsica y no est\u00e1n interesadas en...Read more","og_url":"https:\/\/theyoungmessiah.com\/es\/mujeres-locales-que-buscan-sexo\/","og_site_name":"Online Adult Dating","twitter_card":"summary_large_image","twitter_misc":{"Tiempo de lectura":"5 minutos"},"schema":{"@context":"https:\/\/schema.org","@graph":[{"@type":"WebSite","@id":"https:\/\/theyoungmessiah.com\/es\/#website","url":"https:\/\/theyoungmessiah.com\/es\/","name":"Online Adult Dating","description":"Local Sex Hookups","potentialAction":[{"@type":"SearchAction","target":{"@type":"EntryPoint","urlTemplate":"https:\/\/theyoungmessiah.com\/es\/?s={search_term_string}"},"query-input":"required name=search_term_string"}],"inLanguage":"es"},{"@type":"WebPage","@id":"https:\/\/theyoungmessiah.com\/es\/mujeres-locales-que-buscan-sexo\/#webpage","url":"https:\/\/theyoungmessiah.com\/es\/mujeres-locales-que-buscan-sexo\/","name":"Mujeres locales que buscan sexo - Online Adult Dating","isPartOf":{"@id":"https:\/\/theyoungmessiah.com\/es\/#website"},"datePublished":"2022-10-12T12:51:02+00:00","dateModified":"2022-10-12T12:51:02+00:00","breadcrumb":{"@id":"https:\/\/theyoungmessiah.com\/es\/mujeres-locales-que-buscan-sexo\/#breadcrumb"},"inLanguage":"es","potentialAction":[{"@type":"ReadAction","target":["https:\/\/theyoungmessiah.com\/es\/mujeres-locales-que-buscan-sexo\/"]}]},{"@type":"BreadcrumbList","@id":"https:\/\/theyoungmessiah.com\/es\/mujeres-locales-que-buscan-sexo\/#breadcrumb","itemListElement":[{"@type":"ListItem","position":1,"name":"Home","item":"https:\/\/theyoungmessiah.com\/es\/"},{"@type":"ListItem","position":2,"name":"Mujeres locales que buscan sexo"}]}]}},"_links":{"self":[{"href":"https:\/\/theyoungmessiah.com\/es\/wp-json\/wp\/v2\/pages\/256"}],"collection":[{"href":"https:\/\/theyoungmessiah.com\/es\/wp-json\/wp\/v2\/pages"}],"about":[{"href":"https:\/\/theyoungmessiah.com\/es\/wp-json\/wp\/v2\/types\/page"}],"author":[{"embeddable":true,"href":"https:\/\/theyoungmessiah.com\/es\/wp-json\/wp\/v2\/users\/1"}],"replies":[{"embeddable":true,"href":"https:\/\/theyoungmessiah.com\/es\/wp-json\/wp\/v2\/comments?post=256"}],"version-history":[{"count":0,"href":"https:\/\/theyoungmessiah.com\/es\/wp-json\/wp\/v2\/pages\/256\/revisions"}],"wp:attachment":[{"href":"https:\/\/theyoungmessiah.com\/es\/wp-json\/wp\/v2\/media?parent=256"}],"curies":[{"name":"wp","href":"https:\/\/api.w.org\/{rel}","templated":true}]}}