{"id":259,"date":"2022-10-12T13:51:18","date_gmt":"2022-10-12T12:51:18","guid":{"rendered":"http:\/\/theyoungmessiah.com\/gente-cachonda-cerca-de-mi\/"},"modified":"2022-10-12T13:51:18","modified_gmt":"2022-10-12T12:51:18","slug":"gente-cachonda-cerca-de-mi","status":"publish","type":"page","link":"https:\/\/theyoungmessiah.com\/es\/gente-cachonda-cerca-de-mi\/","title":{"rendered":"Gente cachonda cerca de m\u00ed"},"content":{"rendered":"<p>Hay muchas personas cachondas cerca de ti si est\u00e1s buscando conectarte. La mejor manera de encontrarlos es usar una aplicaci\u00f3n de citas o conexi\u00f3n como Tinder, Bumble o Grindr. Tambi\u00e9n puede intentar ir a bares o clubes populares en su \u00e1rea. Si est\u00e1s luchando por encontrar a alguien, siempre puedes preguntar a tus amigos si conocen a alguien que pueda estar interesado.<\/p>\n<p><a href=\"http:\/\/theyoungmessiah.com\/local-women-looking-for-sex\/\">Las mujeres cachondas<\/a> se pueden encontrar en todo Internet, y por lo general est\u00e1n dispuestas a charlar sobre cualquier cosa. Sin embargo, cuando se trata de citas, hay algunas cosas que debe tener en cuenta. Primero, las mujeres cachondas a menudo son muy avanzadas, por lo que deber\u00e1 estar preparada para eso. En segundo lugar, generalmente buscan una conexi\u00f3n r\u00e1pida, as\u00ed que no esperes nada demasiado serio. Finalmente, las mujeres cachondas a menudo son bastante salvajes en la cama, \u00a1as\u00ed que prep\u00e1rate para pasar un buen rato!<\/p>\n<h2>Conociendo a Horny Girls<\/h2>\n<p>No hay nada como conocer a una chica caliente en l\u00ednea y saber que es tan cachonda como t\u00fa. Es una excelente manera de conocer a alguien y bajar al mismo tiempo. Solo aseg\u00farese de estar seguro y de usar un sitio de buena reputaci\u00f3n.<\/p>\n<p>Hay muchas mujeres cachondas cerca de m\u00ed y en todo el pa\u00eds que est\u00e1n buscando a un hombre como t\u00fa. Puede encontrarlos en l\u00ednea en cualquier n\u00famero de sitios web de citas. Todo lo que necesita hacer es configurar un perfil, colocar algunas im\u00e1genes y comenzar a enviar mensajes. Las mujeres en estos sitios web generalmente est\u00e1n abiertas a reunirse para tener relaciones sexuales casuales, por lo que no deber\u00eda tener ning\u00fan problema para encontrar a alguien con quien conectarse.<\/p>\n<h3>Avenida chat<\/h3>\n<p>Si est\u00e1s buscando una aplicaci\u00f3n de citas que te ayude a encontrar personas cachondas cerca de ti, Chat Avenue es una buena opci\u00f3n. La aplicaci\u00f3n tiene una gran base de usuarios, por lo que es probable que encuentre a alguien que est\u00e9 interesado en conectarse. La aplicaci\u00f3n se puede descargar y usar de forma gratuita, y es f\u00e1cil registrarse y comenzar a chatear con personas. Sin embargo, la aplicaci\u00f3n no est\u00e1 exenta de defectos. Algunos usuarios han informado que la aplicaci\u00f3n tiene errores y se bloquea a menudo. Adem\u00e1s, la aplicaci\u00f3n no tiene muchas caracter\u00edsticas, por lo que no es tan completa como algunas de las otras aplicaciones de citas que existen. En general, Chat Avenue es una opci\u00f3n decente para encontrar personas cachondas con las que conectarse.<\/p>\n<h3>Zoosk<\/h3>\n<p>Si est\u00e1 buscando una aplicaci\u00f3n de citas que facilite la conexi\u00f3n con solteros locales, entonces Zoosk es una gran opci\u00f3n. Con m\u00e1s de 30 millones de miembros, es una de las aplicaciones de citas m\u00e1s populares. Y es especialmente popular entre las personas cachondas cerca de m\u00ed.<\/p>\n<p>La aplicaci\u00f3n Zoosk se puede descargar y usar de forma gratuita, y es bastante f\u00e1cil de usar. Simplemente cree un perfil, cargue una foto y comience a buscar solteros locales. Puede filtrar su b\u00fasqueda por ubicaci\u00f3n, edad e intereses, y puede enviar mensajes a cualquier persona que le llame la atenci\u00f3n.<\/p>\n<p>El \u00fanico inconveniente de Zoosk es que no es tan popular como algunas de las otras aplicaciones de citas que existen, por lo que es posible que tenga m\u00e1s dificultades para encontrar coincidencias. Pero si est\u00e1 buscando una conexi\u00f3n r\u00e1pida, definitivamente vale la pena intentarlo.<\/p>\n<h3>Fling.com<\/h3>\n<p>Fling.com es una aplicaci\u00f3n de citas que te permite encontrar personas cachondas cerca de ti. La aplicaci\u00f3n se puede descargar y usar de forma gratuita, y ofrece una variedad de caracter\u00edsticas para ayudarlo a encontrar una coincidencia. Puede buscar usuarios por ubicaci\u00f3n, edad y sexo, y puede enviarles un mensaje para iniciar una conversaci\u00f3n. La aplicaci\u00f3n tambi\u00e9n incluye una funci\u00f3n de \u00abbuscador de fling\u00bb que le permite encontrar usuarios que buscan una aventura. En general, la aplicaci\u00f3n es una excelente manera de conocer gente nueva y ponerse a trabajar.<\/p>\n<h3>Bumble<\/h3>\n<p>Bumble es una aplicaci\u00f3n de citas que te permite encontrar posibles citas cerca de ti. Es similar a otras aplicaciones de citas como Tinder y OkCupid, pero tiene algunas diferencias clave. Primero, las mujeres tienen el control. Deben hacer el primer movimiento, y solo pueden enviar mensajes a los hombres con los que han coincidido. En segundo lugar, la aplicaci\u00f3n est\u00e1 orientada a relaciones m\u00e1s serias. No es tan casual como Tinder, y es m\u00e1s probable que encuentres a alguien que busque una relaci\u00f3n a largo plazo. En general, Bumble es una gran aplicaci\u00f3n de citas para mujeres que quieren tener el control y para personas que buscan relaciones m\u00e1s serias.<\/p>\n","protected":false},"excerpt":{"rendered":"<p>Hay muchas personas cachondas cerca de ti si est\u00e1s buscando conectarte. La mejor manera de encontrarlos es usar una aplicaci\u00f3n de citas o conexi\u00f3n como Tinder, Bumble o Grindr. Tambi\u00e9n puede intentar ir a bares o clubes populares en su \u00e1rea. Si est\u00e1s luchando por encontrar a alguien, siempre puedes preguntar a tus amigos si&#8230;<a class=\"read-more-link button\" href=\"https:\/\/theyoungmessiah.com\/es\/gente-cachonda-cerca-de-mi\/\">Read more<\/a><\/p>\n","protected":false},"author":1,"featured_media":0,"parent":0,"menu_order":0,"comment_status":"closed","ping_status":"closed","template":"","meta":[],"yoast_head":"<!-- This site is optimized with the Yoast SEO plugin v17.7.1 - https:\/\/yoast.com\/wordpress\/plugins\/seo\/ -->\n<title>Gente cachonda cerca de m\u00ed - Online Adult Dating<\/title>\n<meta name=\"robots\" content=\"index, follow, max-snippet:-1, max-image-preview:large, max-video-preview:-1\" \/>\n<link rel=\"canonical\" href=\"https:\/\/theyoungmessiah.com\/es\/gente-cachonda-cerca-de-mi\/\" \/>\n<meta property=\"og:locale\" content=\"es_ES\" \/>\n<meta property=\"og:type\" content=\"article\" \/>\n<meta property=\"og:title\" content=\"Gente cachonda cerca de m\u00ed - Online Adult Dating\" \/>\n<meta property=\"og:description\" content=\"Hay muchas personas cachondas cerca de ti si est\u00e1s buscando conectarte. La mejor manera de encontrarlos es usar una aplicaci\u00f3n de citas o conexi\u00f3n como Tinder, Bumble o Grindr. Tambi\u00e9n puede intentar ir a bares o clubes populares en su \u00e1rea. Si est\u00e1s luchando por encontrar a alguien, siempre puedes preguntar a tus amigos si...Read more\" \/>\n<meta property=\"og:url\" content=\"https:\/\/theyoungmessiah.com\/es\/gente-cachonda-cerca-de-mi\/\" \/>\n<meta property=\"og:site_name\" content=\"Online Adult Dating\" \/>\n<meta name=\"twitter:card\" content=\"summary_large_image\" \/>\n<meta name=\"twitter:label1\" content=\"Tiempo de lectura\" \/>\n\t<meta name=\"twitter:data1\" content=\"4 minutos\" \/>\n<script type=\"application\/ld+json\" class=\"yoast-schema-graph\">{\"@context\":\"https:\/\/schema.org\",\"@graph\":[{\"@type\":\"WebSite\",\"@id\":\"https:\/\/theyoungmessiah.com\/es\/#website\",\"url\":\"https:\/\/theyoungmessiah.com\/es\/\",\"name\":\"Online Adult Dating\",\"description\":\"Local Sex Hookups\",\"potentialAction\":[{\"@type\":\"SearchAction\",\"target\":{\"@type\":\"EntryPoint\",\"urlTemplate\":\"https:\/\/theyoungmessiah.com\/es\/?s={search_term_string}\"},\"query-input\":\"required name=search_term_string\"}],\"inLanguage\":\"es\"},{\"@type\":\"WebPage\",\"@id\":\"https:\/\/theyoungmessiah.com\/es\/gente-cachonda-cerca-de-mi\/#webpage\",\"url\":\"https:\/\/theyoungmessiah.com\/es\/gente-cachonda-cerca-de-mi\/\",\"name\":\"Gente cachonda cerca de m\\u00ed - Online Adult Dating\",\"isPartOf\":{\"@id\":\"https:\/\/theyoungmessiah.com\/es\/#website\"},\"datePublished\":\"2022-10-12T12:51:18+00:00\",\"dateModified\":\"2022-10-12T12:51:18+00:00\",\"breadcrumb\":{\"@id\":\"https:\/\/theyoungmessiah.com\/es\/gente-cachonda-cerca-de-mi\/#breadcrumb\"},\"inLanguage\":\"es\",\"potentialAction\":[{\"@type\":\"ReadAction\",\"target\":[\"https:\/\/theyoungmessiah.com\/es\/gente-cachonda-cerca-de-mi\/\"]}]},{\"@type\":\"BreadcrumbList\",\"@id\":\"https:\/\/theyoungmessiah.com\/es\/gente-cachonda-cerca-de-mi\/#breadcrumb\",\"itemListElement\":[{\"@type\":\"ListItem\",\"position\":1,\"name\":\"Home\",\"item\":\"https:\/\/theyoungmessiah.com\/es\/\"},{\"@type\":\"ListItem\",\"position\":2,\"name\":\"Gente cachonda cerca de m\\u00ed\"}]}]}<\/script>\n<!-- \/ Yoast SEO plugin. -->","yoast_head_json":{"title":"Gente cachonda cerca de m\u00ed - Online Adult Dating","robots":{"index":"index","follow":"follow","max-snippet":"max-snippet:-1","max-image-preview":"max-image-preview:large","max-video-preview":"max-video-preview:-1"},"canonical":"https:\/\/theyoungmessiah.com\/es\/gente-cachonda-cerca-de-mi\/","og_locale":"es_ES","og_type":"article","og_title":"Gente cachonda cerca de m\u00ed - Online Adult Dating","og_description":"Hay muchas personas cachondas cerca de ti si est\u00e1s buscando conectarte. La mejor manera de encontrarlos es usar una aplicaci\u00f3n de citas o conexi\u00f3n como Tinder, Bumble o Grindr. Tambi\u00e9n puede intentar ir a bares o clubes populares en su \u00e1rea. Si est\u00e1s luchando por encontrar a alguien, siempre puedes preguntar a tus amigos si...Read more","og_url":"https:\/\/theyoungmessiah.com\/es\/gente-cachonda-cerca-de-mi\/","og_site_name":"Online Adult Dating","twitter_card":"summary_large_image","twitter_misc":{"Tiempo de lectura":"4 minutos"},"schema":{"@context":"https:\/\/schema.org","@graph":[{"@type":"WebSite","@id":"https:\/\/theyoungmessiah.com\/es\/#website","url":"https:\/\/theyoungmessiah.com\/es\/","name":"Online Adult Dating","description":"Local Sex Hookups","potentialAction":[{"@type":"SearchAction","target":{"@type":"EntryPoint","urlTemplate":"https:\/\/theyoungmessiah.com\/es\/?s={search_term_string}"},"query-input":"required name=search_term_string"}],"inLanguage":"es"},{"@type":"WebPage","@id":"https:\/\/theyoungmessiah.com\/es\/gente-cachonda-cerca-de-mi\/#webpage","url":"https:\/\/theyoungmessiah.com\/es\/gente-cachonda-cerca-de-mi\/","name":"Gente cachonda cerca de m\u00ed - Online Adult Dating","isPartOf":{"@id":"https:\/\/theyoungmessiah.com\/es\/#website"},"datePublished":"2022-10-12T12:51:18+00:00","dateModified":"2022-10-12T12:51:18+00:00","breadcrumb":{"@id":"https:\/\/theyoungmessiah.com\/es\/gente-cachonda-cerca-de-mi\/#breadcrumb"},"inLanguage":"es","potentialAction":[{"@type":"ReadAction","target":["https:\/\/theyoungmessiah.com\/es\/gente-cachonda-cerca-de-mi\/"]}]},{"@type":"BreadcrumbList","@id":"https:\/\/theyoungmessiah.com\/es\/gente-cachonda-cerca-de-mi\/#breadcrumb","itemListElement":[{"@type":"ListItem","position":1,"name":"Home","item":"https:\/\/theyoungmessiah.com\/es\/"},{"@type":"ListItem","position":2,"name":"Gente cachonda cerca de m\u00ed"}]}]}},"_links":{"self":[{"href":"https:\/\/theyoungmessiah.com\/es\/wp-json\/wp\/v2\/pages\/259"}],"collection":[{"href":"https:\/\/theyoungmessiah.com\/es\/wp-json\/wp\/v2\/pages"}],"about":[{"href":"https:\/\/theyoungmessiah.com\/es\/wp-json\/wp\/v2\/types\/page"}],"author":[{"embeddable":true,"href":"https:\/\/theyoungmessiah.com\/es\/wp-json\/wp\/v2\/users\/1"}],"replies":[{"embeddable":true,"href":"https:\/\/theyoungmessiah.com\/es\/wp-json\/wp\/v2\/comments?post=259"}],"version-history":[{"count":0,"href":"https:\/\/theyoungmessiah.com\/es\/wp-json\/wp\/v2\/pages\/259\/revisions"}],"wp:attachment":[{"href":"https:\/\/theyoungmessiah.com\/es\/wp-json\/wp\/v2\/media?parent=259"}],"curies":[{"name":"wp","href":"https:\/\/api.w.org\/{rel}","templated":true}]}}