{"id":264,"date":"2022-10-12T13:51:58","date_gmt":"2022-10-12T12:51:58","guid":{"rendered":"http:\/\/theyoungmessiah.com\/sitios-de-chat-gratuitos-de-milf\/"},"modified":"2022-10-12T13:51:58","modified_gmt":"2022-10-12T12:51:58","slug":"sitios-de-chat-gratuitos-de-milf","status":"publish","type":"page","link":"https:\/\/theyoungmessiah.com\/es\/sitios-de-chat-gratuitos-de-milf\/","title":{"rendered":"Sitios de chat gratuitos de Milf"},"content":{"rendered":"<p>Hay muchos sitios de chat milf gratuitos en l\u00ednea que le permiten chatear con mujeres maduras que buscan una aventura. Estos sitios son una excelente manera de conectarse con mujeres mayores que est\u00e1n interesadas en conectarse. Todo lo que necesita hacer es crear un perfil y comenzar a chatear. Te sorprender\u00e1 lo f\u00e1cil que es encontrar un milf para chatear.<\/p>\n<h2>Salas de chat MILF gratuitas<\/h2>\n<p>Hay muchas salas de chat milf gratuitas disponibles en l\u00ednea que se pueden <a href=\"http:\/\/theyoungmessiah.com\/horny-people-near-me\/\">usar para fines de citas<\/a>. Estas salas de chat proporcionan una gran plataforma para conocer socios potenciales y conocerlos mejor. Muchas salas de chat tambi\u00e9n ofrecen instalaciones de c\u00e1mara web que se pueden utilizar para una mayor comunicaci\u00f3n. Las salas de chat milf gratuitas se pueden encontrar en muchos sitios web de citas y son un gran recurso para conocer gente nueva.<\/p>\n<p>Chatear con milfs en l\u00ednea puede ser una excelente manera de conocerlos mejor y construir una relaci\u00f3n. Aqu\u00ed hay algunos consejos para aprovechar al m\u00e1ximo sus conversaciones:<\/p>\n<p>T\u00f3mese el tiempo para leer su perfil antes de comenzar a chatear. Esto te dar\u00e1 una idea de lo que les interesa y te ayudar\u00e1 a dirigir la conversaci\u00f3n en esa direcci\u00f3n.<\/p>\n<ul>\n<li>Sea respetuoso y evite hacer comentarios ofensivos o sugerentes.<\/li>\n<li>Haga preguntas y escuche atentamente sus respuestas. Esto demostrar\u00e1 que est\u00e1s interesado en ellos y ayudar\u00e1 a mantener la conversaci\u00f3n fluida.<\/li>\n<li>No tengas miedo de coquetear un poco, \u00a1todo es parte de la diversi\u00f3n!<\/li>\n<li>Termine la conversaci\u00f3n con una nota positiva, haci\u00e9ndoles saber que ha disfrutado hablando con ellos y esperando volver a chatear pronto.<\/li>\n<\/ul>\n<h2>Habla con Milfs<\/h2>\n<p>He tenido algunas conversaciones geniales con milfs en sitios de citas en l\u00ednea. Por lo general, son muy abiertos de mente y est\u00e1n dispuestos a hablar sobre una variedad de temas. He descubierto que a menudo tienen m\u00e1s experiencia que las mujeres m\u00e1s j\u00f3venes y, por lo general, tienen m\u00e1s confianza en su sexualidad. Esto lo convierte en una gran combinaci\u00f3n en el dormitorio. Tambi\u00e9n he descubierto que los milfs a menudo est\u00e1n muy abiertos a probar cosas nuevas y generalmente est\u00e1n dispuestos a experimentar. He tenido algunas grandes experiencias con milfs y definitivamente los recomendar\u00eda a cualquiera que busque un gran momento.<\/p>\n<h3>Geek2Geek<\/h3>\n<p>Si est\u00e1 buscando una aplicaci\u00f3n de citas que atienda a los geeks, querr\u00e1 consultar Geek2Geek. Esta aplicaci\u00f3n est\u00e1 dise\u00f1ada espec\u00edficamente para geeks y proporciona una forma divertida, segura y f\u00e1cil de conocer y chatear con otros geeks. La aplicaci\u00f3n se puede descargar y usar de forma gratuita, y est\u00e1 disponible para dispositivos iOS y Android. Una de las mejores cosas de Geek2Geek es que es una zona libre de juicios. Ya sea que te guste el cosplay, los juegos, los c\u00f3mics o cualquier otra cosa geek, encontrar\u00e1s una comunidad de personas de ideas afines en esta aplicaci\u00f3n. La aplicaci\u00f3n tambi\u00e9n tiene una variedad de caracter\u00edsticas para ayudarlo a conectarse con otros geeks, incluido un sistema de mensajer\u00eda privado, un \u00abcuestionario geek\u00bb para ayudarlo a encontrar coincidencias y una \u00abgeekipedia\u00bb con toneladas de informaci\u00f3n sobre todas las cosas geek.<\/p>\n<p>Si est\u00e1 buscando una forma divertida, segura y f\u00e1cil de conectarse con otros geeks, Geek2Geek es la aplicaci\u00f3n de citas para usted.<\/p>\n<h3>Chatzy<\/h3>\n<p>Si est\u00e1 buscando un sitio de chat milf gratuito, Chatzy es una excelente opci\u00f3n. El sitio tiene una interfaz limpia y f\u00e1cil de usar, y es f\u00e1cil encontrar y unirse a salas de chat. Tambi\u00e9n hay una variedad de caracter\u00edsticas, incluida la capacidad de enviar mensajes privados, compartir fotos y crear grupos.<\/p>\n<p>Si bien el sitio no tiene un mont\u00f3n de usuarios, sigue siendo una gran opci\u00f3n para chatear con milfs. Las salas son generalmente activas, y por lo general se puede encontrar un milf para charlar. El sitio tambi\u00e9n tiene una buena selecci\u00f3n de habitaciones, por lo que seguramente encontrar\u00e1 una adecuada para usted.<\/p>\n<h3>HeatedAffairs<\/h3>\n<p>HeatedAffairs es un sitio de chat milf que le permite conectarse con mujeres mayores de forma gratuita. El sitio tiene un dise\u00f1o simple y es f\u00e1cil de usar. Puede navegar a trav\u00e9s de perfiles y enviar mensajes a las mujeres que le interesan. Las mujeres en el sitio son activas y receptivas. Tambi\u00e9n puede usar el sitio para encontrar milfs en su \u00e1rea.<\/p>\n<h3>Milfaholic<\/h3>\n<p>Si est\u00e1 buscando un sitio de chat milf gratuito, entonces definitivamente deber\u00eda consultar Milfaholic. Este sitio es una gran opci\u00f3n para aquellos que buscan un lugar para chatear con mujeres mayores. Hay muchas salas de chat diferentes en el sitio, por lo que siempre puede encontrar una que le interese. Tambi\u00e9n puede buscar miembros por edad, ubicaci\u00f3n o intereses.<\/p>\n<p>La mejor parte de Milfaholic es que es absolutamente gratuito de usar. Puede registrarse para obtener una cuenta y comenzar a chatear de inmediato. No hay necesidad de pagar nada para usar el sitio. Esto lo convierte en una gran opci\u00f3n para aquellos que quieren chatear con mujeres mayores sin tener que gastar dinero.<\/p>\n","protected":false},"excerpt":{"rendered":"<p>Hay muchos sitios de chat milf gratuitos en l\u00ednea que le permiten chatear con mujeres maduras que buscan una aventura. Estos sitios son una excelente manera de conectarse con mujeres mayores que est\u00e1n interesadas en conectarse. Todo lo que necesita hacer es crear un perfil y comenzar a chatear. Te sorprender\u00e1 lo f\u00e1cil que es&#8230;<a class=\"read-more-link button\" href=\"https:\/\/theyoungmessiah.com\/es\/sitios-de-chat-gratuitos-de-milf\/\">Read more<\/a><\/p>\n","protected":false},"author":1,"featured_media":0,"parent":0,"menu_order":0,"comment_status":"closed","ping_status":"closed","template":"","meta":[],"yoast_head":"<!-- This site is optimized with the Yoast SEO plugin v17.7.1 - https:\/\/yoast.com\/wordpress\/plugins\/seo\/ -->\n<title>Sitios de chat gratuitos de Milf - Online Adult Dating<\/title>\n<meta name=\"robots\" content=\"index, follow, max-snippet:-1, max-image-preview:large, max-video-preview:-1\" \/>\n<link rel=\"canonical\" href=\"https:\/\/theyoungmessiah.com\/es\/sitios-de-chat-gratuitos-de-milf\/\" \/>\n<meta property=\"og:locale\" content=\"es_ES\" \/>\n<meta property=\"og:type\" content=\"article\" \/>\n<meta property=\"og:title\" content=\"Sitios de chat gratuitos de Milf - Online Adult Dating\" \/>\n<meta property=\"og:description\" content=\"Hay muchos sitios de chat milf gratuitos en l\u00ednea que le permiten chatear con mujeres maduras que buscan una aventura. Estos sitios son una excelente manera de conectarse con mujeres mayores que est\u00e1n interesadas en conectarse. Todo lo que necesita hacer es crear un perfil y comenzar a chatear. Te sorprender\u00e1 lo f\u00e1cil que es...Read more\" \/>\n<meta property=\"og:url\" content=\"https:\/\/theyoungmessiah.com\/es\/sitios-de-chat-gratuitos-de-milf\/\" \/>\n<meta property=\"og:site_name\" content=\"Online Adult Dating\" \/>\n<meta name=\"twitter:card\" content=\"summary_large_image\" \/>\n<meta name=\"twitter:label1\" content=\"Tiempo de lectura\" \/>\n\t<meta name=\"twitter:data1\" content=\"4 minutos\" \/>\n<script type=\"application\/ld+json\" class=\"yoast-schema-graph\">{\"@context\":\"https:\/\/schema.org\",\"@graph\":[{\"@type\":\"WebSite\",\"@id\":\"https:\/\/theyoungmessiah.com\/es\/#website\",\"url\":\"https:\/\/theyoungmessiah.com\/es\/\",\"name\":\"Online Adult Dating\",\"description\":\"Local Sex Hookups\",\"potentialAction\":[{\"@type\":\"SearchAction\",\"target\":{\"@type\":\"EntryPoint\",\"urlTemplate\":\"https:\/\/theyoungmessiah.com\/es\/?s={search_term_string}\"},\"query-input\":\"required name=search_term_string\"}],\"inLanguage\":\"es\"},{\"@type\":\"WebPage\",\"@id\":\"https:\/\/theyoungmessiah.com\/es\/sitios-de-chat-gratuitos-de-milf\/#webpage\",\"url\":\"https:\/\/theyoungmessiah.com\/es\/sitios-de-chat-gratuitos-de-milf\/\",\"name\":\"Sitios de chat gratuitos de Milf - Online Adult Dating\",\"isPartOf\":{\"@id\":\"https:\/\/theyoungmessiah.com\/es\/#website\"},\"datePublished\":\"2022-10-12T12:51:58+00:00\",\"dateModified\":\"2022-10-12T12:51:58+00:00\",\"breadcrumb\":{\"@id\":\"https:\/\/theyoungmessiah.com\/es\/sitios-de-chat-gratuitos-de-milf\/#breadcrumb\"},\"inLanguage\":\"es\",\"potentialAction\":[{\"@type\":\"ReadAction\",\"target\":[\"https:\/\/theyoungmessiah.com\/es\/sitios-de-chat-gratuitos-de-milf\/\"]}]},{\"@type\":\"BreadcrumbList\",\"@id\":\"https:\/\/theyoungmessiah.com\/es\/sitios-de-chat-gratuitos-de-milf\/#breadcrumb\",\"itemListElement\":[{\"@type\":\"ListItem\",\"position\":1,\"name\":\"Home\",\"item\":\"https:\/\/theyoungmessiah.com\/es\/\"},{\"@type\":\"ListItem\",\"position\":2,\"name\":\"Sitios de chat gratuitos de Milf\"}]}]}<\/script>\n<!-- \/ Yoast SEO plugin. -->","yoast_head_json":{"title":"Sitios de chat gratuitos de Milf - Online Adult Dating","robots":{"index":"index","follow":"follow","max-snippet":"max-snippet:-1","max-image-preview":"max-image-preview:large","max-video-preview":"max-video-preview:-1"},"canonical":"https:\/\/theyoungmessiah.com\/es\/sitios-de-chat-gratuitos-de-milf\/","og_locale":"es_ES","og_type":"article","og_title":"Sitios de chat gratuitos de Milf - Online Adult Dating","og_description":"Hay muchos sitios de chat milf gratuitos en l\u00ednea que le permiten chatear con mujeres maduras que buscan una aventura. Estos sitios son una excelente manera de conectarse con mujeres mayores que est\u00e1n interesadas en conectarse. Todo lo que necesita hacer es crear un perfil y comenzar a chatear. Te sorprender\u00e1 lo f\u00e1cil que es...Read more","og_url":"https:\/\/theyoungmessiah.com\/es\/sitios-de-chat-gratuitos-de-milf\/","og_site_name":"Online Adult Dating","twitter_card":"summary_large_image","twitter_misc":{"Tiempo de lectura":"4 minutos"},"schema":{"@context":"https:\/\/schema.org","@graph":[{"@type":"WebSite","@id":"https:\/\/theyoungmessiah.com\/es\/#website","url":"https:\/\/theyoungmessiah.com\/es\/","name":"Online Adult Dating","description":"Local Sex Hookups","potentialAction":[{"@type":"SearchAction","target":{"@type":"EntryPoint","urlTemplate":"https:\/\/theyoungmessiah.com\/es\/?s={search_term_string}"},"query-input":"required name=search_term_string"}],"inLanguage":"es"},{"@type":"WebPage","@id":"https:\/\/theyoungmessiah.com\/es\/sitios-de-chat-gratuitos-de-milf\/#webpage","url":"https:\/\/theyoungmessiah.com\/es\/sitios-de-chat-gratuitos-de-milf\/","name":"Sitios de chat gratuitos de Milf - Online Adult Dating","isPartOf":{"@id":"https:\/\/theyoungmessiah.com\/es\/#website"},"datePublished":"2022-10-12T12:51:58+00:00","dateModified":"2022-10-12T12:51:58+00:00","breadcrumb":{"@id":"https:\/\/theyoungmessiah.com\/es\/sitios-de-chat-gratuitos-de-milf\/#breadcrumb"},"inLanguage":"es","potentialAction":[{"@type":"ReadAction","target":["https:\/\/theyoungmessiah.com\/es\/sitios-de-chat-gratuitos-de-milf\/"]}]},{"@type":"BreadcrumbList","@id":"https:\/\/theyoungmessiah.com\/es\/sitios-de-chat-gratuitos-de-milf\/#breadcrumb","itemListElement":[{"@type":"ListItem","position":1,"name":"Home","item":"https:\/\/theyoungmessiah.com\/es\/"},{"@type":"ListItem","position":2,"name":"Sitios de chat gratuitos de Milf"}]}]}},"_links":{"self":[{"href":"https:\/\/theyoungmessiah.com\/es\/wp-json\/wp\/v2\/pages\/264"}],"collection":[{"href":"https:\/\/theyoungmessiah.com\/es\/wp-json\/wp\/v2\/pages"}],"about":[{"href":"https:\/\/theyoungmessiah.com\/es\/wp-json\/wp\/v2\/types\/page"}],"author":[{"embeddable":true,"href":"https:\/\/theyoungmessiah.com\/es\/wp-json\/wp\/v2\/users\/1"}],"replies":[{"embeddable":true,"href":"https:\/\/theyoungmessiah.com\/es\/wp-json\/wp\/v2\/comments?post=264"}],"version-history":[{"count":0,"href":"https:\/\/theyoungmessiah.com\/es\/wp-json\/wp\/v2\/pages\/264\/revisions"}],"wp:attachment":[{"href":"https:\/\/theyoungmessiah.com\/es\/wp-json\/wp\/v2\/media?parent=264"}],"curies":[{"name":"wp","href":"https:\/\/api.w.org\/{rel}","templated":true}]}}