{"id":287,"date":"2022-10-12T13:50:25","date_gmt":"2022-10-12T12:50:25","guid":{"rendered":"http:\/\/theyoungmessiah.com\/citas-locales-de-milf\/"},"modified":"2022-10-12T13:50:25","modified_gmt":"2022-10-12T12:50:25","slug":"citas-locales-de-milf","status":"publish","type":"page","link":"https:\/\/theyoungmessiah.com\/es\/citas-locales-de-milf\/","title":{"rendered":"Citas locales de Milf"},"content":{"rendered":"<p>Hay muchas maneras de obtener una conexi\u00f3n milf gratis. Puede encontrar sitios web que se especializan en conexiones milf, o puede usar sitios de citas regulares. Tambi\u00e9n puede probar sitios de redes sociales como Facebook y Twitter. Cualquiera que sea el m\u00e9todo que elija, aseg\u00farese de ser respetuoso y considerado con el milf con el que est\u00e1 tratando de conectarse.<\/p>\n<h2>Citas MILF<\/h2>\n<p>Hay algo intrigante en milfs. Tienen experiencia, saben lo que quieren y no tienen miedo de ir tras ello. Es por eso que las citas milf pueden ser tan emocionantes. Puedes aprender de alguien que sabe lo que est\u00e1 haciendo, y puedes experimentar cosas nuevas.<\/p>\n<p>Sin embargo, las <a href=\"http:\/\/theyoungmessiah.com\/granny-hookup\/\">citas<\/a> milf tambi\u00e9n pueden ser un desaf\u00edo. Estas mujeres a menudo est\u00e1n ocupadas y es posible que no tengan mucho tiempo para salir. Es por eso que es importante ser paciente y entender que las cosas no siempre suceden tan r\u00e1pido como te gustar\u00eda.<\/p>\n<p>Si est\u00e1s interesado en las citas milf, entonces es importante ser respetuoso y entender lo que ella est\u00e1 buscando. Ella no est\u00e1 buscando una aventura de una noche, est\u00e1 buscando una relaci\u00f3n. As\u00ed que t\u00f3mate tu tiempo, con\u00f3cela y mira a d\u00f3nde van las cosas.<\/p>\n<p>No se puede negar que las citas en l\u00ednea tienen sus ventajas: puede llegar a un grupo m\u00e1s amplio de socios potenciales y puede hacerlo desde la comodidad de su propio hogar. Pero una cosa que las citas en l\u00ednea no pueden darte es la capacidad de conocer a alguien en persona de inmediato. Y ah\u00ed es donde entran en juego los MILF locales.<\/p>\n<p>Los MILF locales son excelentes para las personas que desean desconectar el proceso de citas en l\u00ednea lo m\u00e1s r\u00e1pido posible. Tambi\u00e9n son perfectos para aquellos que pueden estar un poco oxidados cuando se trata de citas. Despu\u00e9s de todo, nada supera a la pr\u00e1ctica.<\/p>\n<p>Entonces, si est\u00e1 buscando conocer a alguien especial y no est\u00e1 seguro de por d\u00f3nde empezar, \u00bfpor qu\u00e9 no intentar buscar MILF locales en su \u00e1rea? Es posible que se sorprenda de cu\u00e1ntas mujeres atractivas y elegibles hay por ah\u00ed, y lo f\u00e1cil que es encontrarlas.<\/p>\n<h2>Conozca a un MILF<\/h2>\n<p>Hay algo en salir con un MILF que simplemente te hace sentir como un hombre. Tal vez sea porque saben lo que quieren, o tal vez es porque no tienen miedo de ir tras \u00e9l. De cualquier manera, si est\u00e1 buscando conocer a un MILF, no hay mejor lugar para hacerlo que en l\u00ednea.<\/p>\n<p>Hay muchos sitios de citas MILF por ah\u00ed, pero no todos son creados iguales. Desea asegurarse de que est\u00e1 utilizando un sitio que sea popular y tenga una buena reputaci\u00f3n. Tambi\u00e9n debe asegurarse de que est\u00e1 utilizando un sitio que tiene muchos miembros activos. De esa manera, es m\u00e1s probable que encuentres a alguien que realmente est\u00e9 interesado en reunirse.<\/p>\n<p>Una vez que encuentre un sitio de citas MILF que le guste, reg\u00edstrese y cree un perfil. Aseg\u00farate de incluir algunas fotos y un poco sobre ti. Luego, comience a buscar MILF en su \u00e1rea. Cuando encuentre a alguien que le interese, env\u00edele un mensaje y vea si est\u00e1 interesado en reunirse.<\/p>\n<p>Si juegas bien tus cartas, podr\u00edas estar conociendo a un MILF en poco tiempo. Solo recuerda ser respetuoso y tomar las cosas con calma. Despu\u00e9s de todo, no quieres apresurarte en nada y terminar lastim\u00e1ndote.<\/p>\n<h3>OnlyFlings<\/h3>\n<p>Si est\u00e1 buscando una conexi\u00f3n milf gratuita, OnlyFlings es una gran opci\u00f3n. La aplicaci\u00f3n es f\u00e1cil de usar y tiene muchas caracter\u00edsticas excelentes, como chat de video y un sistema de mensajer\u00eda incorporado. El \u00fanico inconveniente es que a\u00fan no hay muchos usuarios en la aplicaci\u00f3n, por lo que es posible que tenga problemas para encontrar a alguien en su \u00e1rea. En general, sin embargo, OnlyFlings es una gran opci\u00f3n para una conexi\u00f3n milf gratuita.<\/p>\n<h3>Bumble<\/h3>\n<p>Bumble es una aplicaci\u00f3n gratuita de citas en l\u00ednea que permite a los usuarios conectarse con posibles parejas en todo el mundo. La aplicaci\u00f3n tiene una interfaz simple y es f\u00e1cil de usar. Bumble tiene un gran grupo de coincidencias potenciales y muchas caracter\u00edsticas que lo convierten en una excelente opci\u00f3n para las citas en l\u00ednea. La aplicaci\u00f3n se puede descargar y usar de forma gratuita, y tiene una opci\u00f3n de suscripci\u00f3n paga que brinda a los usuarios acceso a m\u00e1s funciones. En general, Bumble es una gran opci\u00f3n para las citas en l\u00ednea y vale la pena probarla.<\/p>\n<h3>BoneAMilf<\/h3>\n<p>Si est\u00e1 buscando una conexi\u00f3n milf gratuita, BoneAMilf es la aplicaci\u00f3n para usted. Con m\u00e1s de 1 mill\u00f3n de miembros en todo el mundo, es f\u00e1cil encontrar a alguien en su \u00e1rea con quien conectarse. La aplicaci\u00f3n se puede descargar y usar de forma gratuita, y no hay compras en la aplicaci\u00f3n. Puede buscar miembros por ubicaci\u00f3n, edad e intereses, y puede enviarles un mensaje directamente. La aplicaci\u00f3n tambi\u00e9n tiene una funci\u00f3n de \u00abfavoritos\u00bb, para que pueda realizar un seguimiento de los miembros que le interesan. El \u00fanico inconveniente es que la aplicaci\u00f3n solo est\u00e1 disponible en ingl\u00e9s.<\/p>\n<h3>Bisagra<\/h3>\n<p>Si est\u00e1 buscando una aplicaci\u00f3n de citas que no requiera mucho compromiso, Hinge es una gran opci\u00f3n. La aplicaci\u00f3n se puede descargar y usar de forma gratuita, y ofrece una variedad de caracter\u00edsticas para ayudarlo a encontrar una coincidencia. Puede crear un perfil, ver los perfiles de otros usuarios y enviar mensajes de forma gratuita. Tambi\u00e9n puede actualizar a una membres\u00eda paga para desbloquear funciones adicionales.<\/p>\n<p>Hinge es una aplicaci\u00f3n de citas popular por una raz\u00f3n. Es f\u00e1cil de usar y es gratis para descargar y usar. La aplicaci\u00f3n ofrece una variedad de caracter\u00edsticas para ayudarlo a encontrar una coincidencia, y es f\u00e1cil de navegar. Si est\u00e1 buscando una aplicaci\u00f3n de citas que no requiera mucho compromiso, Hinge es una gran opci\u00f3n.<\/p>\n","protected":false},"excerpt":{"rendered":"<p>Hay muchas maneras de obtener una conexi\u00f3n milf gratis. Puede encontrar sitios web que se especializan en conexiones milf, o puede usar sitios de citas regulares. Tambi\u00e9n puede probar sitios de redes sociales como Facebook y Twitter. Cualquiera que sea el m\u00e9todo que elija, aseg\u00farese de ser respetuoso y considerado con el milf con el&#8230;<a class=\"read-more-link button\" href=\"https:\/\/theyoungmessiah.com\/es\/citas-locales-de-milf\/\">Read more<\/a><\/p>\n","protected":false},"author":1,"featured_media":0,"parent":0,"menu_order":0,"comment_status":"closed","ping_status":"closed","template":"","meta":[],"yoast_head":"<!-- This site is optimized with the Yoast SEO plugin v17.7.1 - https:\/\/yoast.com\/wordpress\/plugins\/seo\/ -->\n<title>Citas locales de Milf - Online Adult Dating<\/title>\n<meta name=\"robots\" content=\"index, follow, max-snippet:-1, max-image-preview:large, max-video-preview:-1\" \/>\n<link rel=\"canonical\" href=\"https:\/\/theyoungmessiah.com\/es\/citas-locales-de-milf\/\" \/>\n<meta property=\"og:locale\" content=\"es_ES\" \/>\n<meta property=\"og:type\" content=\"article\" \/>\n<meta property=\"og:title\" content=\"Citas locales de Milf - Online Adult Dating\" \/>\n<meta property=\"og:description\" content=\"Hay muchas maneras de obtener una conexi\u00f3n milf gratis. Puede encontrar sitios web que se especializan en conexiones milf, o puede usar sitios de citas regulares. Tambi\u00e9n puede probar sitios de redes sociales como Facebook y Twitter. Cualquiera que sea el m\u00e9todo que elija, aseg\u00farese de ser respetuoso y considerado con el milf con el...Read more\" \/>\n<meta property=\"og:url\" content=\"https:\/\/theyoungmessiah.com\/es\/citas-locales-de-milf\/\" \/>\n<meta property=\"og:site_name\" content=\"Online Adult Dating\" \/>\n<meta name=\"twitter:card\" content=\"summary_large_image\" \/>\n<meta name=\"twitter:label1\" content=\"Tiempo de lectura\" \/>\n\t<meta name=\"twitter:data1\" content=\"5 minutos\" \/>\n<script type=\"application\/ld+json\" class=\"yoast-schema-graph\">{\"@context\":\"https:\/\/schema.org\",\"@graph\":[{\"@type\":\"WebSite\",\"@id\":\"https:\/\/theyoungmessiah.com\/es\/#website\",\"url\":\"https:\/\/theyoungmessiah.com\/es\/\",\"name\":\"Online Adult Dating\",\"description\":\"Local Sex Hookups\",\"potentialAction\":[{\"@type\":\"SearchAction\",\"target\":{\"@type\":\"EntryPoint\",\"urlTemplate\":\"https:\/\/theyoungmessiah.com\/es\/?s={search_term_string}\"},\"query-input\":\"required name=search_term_string\"}],\"inLanguage\":\"es\"},{\"@type\":\"WebPage\",\"@id\":\"https:\/\/theyoungmessiah.com\/es\/citas-locales-de-milf\/#webpage\",\"url\":\"https:\/\/theyoungmessiah.com\/es\/citas-locales-de-milf\/\",\"name\":\"Citas locales de Milf - Online Adult Dating\",\"isPartOf\":{\"@id\":\"https:\/\/theyoungmessiah.com\/es\/#website\"},\"datePublished\":\"2022-10-12T12:50:25+00:00\",\"dateModified\":\"2022-10-12T12:50:25+00:00\",\"breadcrumb\":{\"@id\":\"https:\/\/theyoungmessiah.com\/es\/citas-locales-de-milf\/#breadcrumb\"},\"inLanguage\":\"es\",\"potentialAction\":[{\"@type\":\"ReadAction\",\"target\":[\"https:\/\/theyoungmessiah.com\/es\/citas-locales-de-milf\/\"]}]},{\"@type\":\"BreadcrumbList\",\"@id\":\"https:\/\/theyoungmessiah.com\/es\/citas-locales-de-milf\/#breadcrumb\",\"itemListElement\":[{\"@type\":\"ListItem\",\"position\":1,\"name\":\"Home\",\"item\":\"https:\/\/theyoungmessiah.com\/es\/\"},{\"@type\":\"ListItem\",\"position\":2,\"name\":\"Citas locales de Milf\"}]}]}<\/script>\n<!-- \/ Yoast SEO plugin. -->","yoast_head_json":{"title":"Citas locales de Milf - Online Adult Dating","robots":{"index":"index","follow":"follow","max-snippet":"max-snippet:-1","max-image-preview":"max-image-preview:large","max-video-preview":"max-video-preview:-1"},"canonical":"https:\/\/theyoungmessiah.com\/es\/citas-locales-de-milf\/","og_locale":"es_ES","og_type":"article","og_title":"Citas locales de Milf - Online Adult Dating","og_description":"Hay muchas maneras de obtener una conexi\u00f3n milf gratis. Puede encontrar sitios web que se especializan en conexiones milf, o puede usar sitios de citas regulares. Tambi\u00e9n puede probar sitios de redes sociales como Facebook y Twitter. Cualquiera que sea el m\u00e9todo que elija, aseg\u00farese de ser respetuoso y considerado con el milf con el...Read more","og_url":"https:\/\/theyoungmessiah.com\/es\/citas-locales-de-milf\/","og_site_name":"Online Adult Dating","twitter_card":"summary_large_image","twitter_misc":{"Tiempo de lectura":"5 minutos"},"schema":{"@context":"https:\/\/schema.org","@graph":[{"@type":"WebSite","@id":"https:\/\/theyoungmessiah.com\/es\/#website","url":"https:\/\/theyoungmessiah.com\/es\/","name":"Online Adult Dating","description":"Local Sex Hookups","potentialAction":[{"@type":"SearchAction","target":{"@type":"EntryPoint","urlTemplate":"https:\/\/theyoungmessiah.com\/es\/?s={search_term_string}"},"query-input":"required name=search_term_string"}],"inLanguage":"es"},{"@type":"WebPage","@id":"https:\/\/theyoungmessiah.com\/es\/citas-locales-de-milf\/#webpage","url":"https:\/\/theyoungmessiah.com\/es\/citas-locales-de-milf\/","name":"Citas locales de Milf - Online Adult Dating","isPartOf":{"@id":"https:\/\/theyoungmessiah.com\/es\/#website"},"datePublished":"2022-10-12T12:50:25+00:00","dateModified":"2022-10-12T12:50:25+00:00","breadcrumb":{"@id":"https:\/\/theyoungmessiah.com\/es\/citas-locales-de-milf\/#breadcrumb"},"inLanguage":"es","potentialAction":[{"@type":"ReadAction","target":["https:\/\/theyoungmessiah.com\/es\/citas-locales-de-milf\/"]}]},{"@type":"BreadcrumbList","@id":"https:\/\/theyoungmessiah.com\/es\/citas-locales-de-milf\/#breadcrumb","itemListElement":[{"@type":"ListItem","position":1,"name":"Home","item":"https:\/\/theyoungmessiah.com\/es\/"},{"@type":"ListItem","position":2,"name":"Citas locales de Milf"}]}]}},"_links":{"self":[{"href":"https:\/\/theyoungmessiah.com\/es\/wp-json\/wp\/v2\/pages\/287"}],"collection":[{"href":"https:\/\/theyoungmessiah.com\/es\/wp-json\/wp\/v2\/pages"}],"about":[{"href":"https:\/\/theyoungmessiah.com\/es\/wp-json\/wp\/v2\/types\/page"}],"author":[{"embeddable":true,"href":"https:\/\/theyoungmessiah.com\/es\/wp-json\/wp\/v2\/users\/1"}],"replies":[{"embeddable":true,"href":"https:\/\/theyoungmessiah.com\/es\/wp-json\/wp\/v2\/comments?post=287"}],"version-history":[{"count":0,"href":"https:\/\/theyoungmessiah.com\/es\/wp-json\/wp\/v2\/pages\/287\/revisions"}],"wp:attachment":[{"href":"https:\/\/theyoungmessiah.com\/es\/wp-json\/wp\/v2\/media?parent=287"}],"curies":[{"name":"wp","href":"https:\/\/api.w.org\/{rel}","templated":true}]}}