{"id":306,"date":"2022-10-12T13:50:13","date_gmt":"2022-10-12T12:50:13","guid":{"rendered":"http:\/\/theyoungmessiah.com\/conexion-de-la-abuela\/"},"modified":"2022-10-12T13:50:13","modified_gmt":"2022-10-12T12:50:13","slug":"conexion-de-la-abuela","status":"publish","type":"page","link":"https:\/\/theyoungmessiah.com\/es\/conexion-de-la-abuela\/","title":{"rendered":"Conexi\u00f3n de la abuela"},"content":{"rendered":"<p>Hay algo intrigante en la idea de conectarse con una abuelita. Tal vez sea la naturaleza tab\u00fa de esto, o el hecho de que tienen experiencia y saben lo que est\u00e1n haciendo. Cualquiera que sea la raz\u00f3n, las conexiones de la abuela pueden ser muy divertidas.<\/p>\n<p>Por supuesto, hay algunas cosas que debe tener en cuenta antes <a href=\"http:\/\/theyoungmessiah.com\/dating-site-for-older-women\/\">de conectarse<\/a> con una abuela. Para empezar, es probable que tengan mucha m\u00e1s experiencia que t\u00fa, as\u00ed que no esperes ser el que tenga el control. Adem\u00e1s, es posible que no sean tan flexibles como est\u00e1 acostumbrado, as\u00ed que prep\u00e1rese para algunas posiciones no convencionales.<\/p>\n<p>Pero si te apetece un poco de diversi\u00f3n, entonces una conexi\u00f3n de abuela puede ser una gran experiencia. Solo aseg\u00farate de entrar en \u00e9l con las expectativas correctas y seguro que lo pasar\u00e1s bien.<\/p>\n<h2>Sitios locales de citas de abuelas<\/h2>\n<p>Hay muchos sitios locales de citas de abuelas que pueden ayudarlo a conocer a mujeres mayores en su \u00e1rea. Estos sitios pueden ser una excelente manera de conocer gente nueva y construir nuevas relaciones. Muchos de estos sitios ofrecen membres\u00eda gratuita, por lo que puede probarlos antes de comprometerse con una membres\u00eda paga. Aseg\u00farese de leer los t\u00e9rminos y condiciones de cada sitio antes de registrarse, para que sepa en qu\u00e9 se est\u00e1 metiendo. Una vez que haya encontrado algunas coincidencias potenciales, t\u00f3mese el tiempo para enviarles un mensaje y conocerlos mejor. Si todo va bien, puede hacer arreglos para reunirse en persona y ver si hay una chispa. \u00a1Buena suerte!<\/p>\n<p>Hay muchas mujeres mayores que est\u00e1n interesadas en salir con hombres m\u00e1s j\u00f3venes, y viceversa. Sin embargo, puede ser dif\u00edcil encontrar coincidencias a trav\u00e9s de m\u00e9todos de citas tradicionales como las citas en l\u00ednea. Esto se debe a que muchos sitios y aplicaciones de citas est\u00e1n orientados a emparejar personas de edades similares, en lugar de emparejar a las personas en funci\u00f3n de sus intereses.<\/p>\n<p>Una forma de encontrar coincidencias con mujeres mayores, si eres un hombre m\u00e1s joven interesado en salir con ellas, es buscar sitios y aplicaciones que atiendan espec\u00edficamente a este grupo demogr\u00e1fico. Por ejemplo, hay sitios como CougarLife.com que est\u00e1n dise\u00f1ados espec\u00edficamente para que las mujeres mayores y los hombres m\u00e1s j\u00f3venes se re\u00fanan y salgan. Tambi\u00e9n hay aplicaciones de citas como Tinder que le permiten establecer sus preferencias de edad, por lo que solo puede ver a las mujeres mayores que est\u00e1n dentro de su rango de edad deseado.<\/p>\n<p>Por supuesto, tambi\u00e9n puede intentar conocer a mujeres mayores fuera de l\u00ednea, a trav\u00e9s de amigos en com\u00fan o simplemente acerc\u00e1ndose a ellas en persona. Sin embargo, las citas en l\u00ednea pueden ser una excelente manera de conectarse con mujeres mayores que de otra manera no tendr\u00eda la oportunidad de conocer.<\/p>\n<h2>Mujeres mayores que buscan sexo<\/h2>\n<p>Hay una tendencia creciente de mujeres mayores que buscan sexo en l\u00ednea. Esto se debe probablemente al hecho de que muchas mujeres ahora se sienten m\u00e1s c\u00f3modas con su sexualidad y est\u00e1n m\u00e1s abiertas a explorar sus deseos sexuales. Adem\u00e1s, las mujeres mayores pueden tener m\u00e1s dificultades para encontrar parejas de su misma edad, por lo que est\u00e1n recurriendo a Internet para encontrar posibles parejas sexuales.<\/p>\n<p>Hay una serie de sitios web y aplicaciones que atienden a las mujeres mayores que buscan sexo. Estas plataformas proporcionan un entorno seguro y c\u00f3modo para que las mujeres exploren su sexualidad y encuentren parejas sexuales. Adem\u00e1s, estas plataformas ofrecen una variedad de caracter\u00edsticas y filtros de b\u00fasqueda que permiten a las mujeres encontrar parejas que satisfagan sus necesidades y deseos espec\u00edficos.<\/p>\n<h3>DateMyAge<\/h3>\n<p>DateMyAge es una aplicaci\u00f3n de conexi\u00f3n de abuela que le permite encontrar mujeres mayores locales que buscan una aventura. La aplicaci\u00f3n es f\u00e1cil de usar y tiene muchas caracter\u00edsticas que le permiten encontrar exactamente lo que est\u00e1 buscando. La funci\u00f3n de b\u00fasqueda es muy f\u00e1cil de usar y la aplicaci\u00f3n tambi\u00e9n le permite ver los perfiles de otros miembros en su \u00e1rea. En general, esta es una gran aplicaci\u00f3n para encontrar una conexi\u00f3n de abuela.<\/p>\n<h3>ComeWithYou<\/h3>\n<p>ComeWithYou es una nueva aplicaci\u00f3n de citas que es perfecta para las conexiones de la abuela. La aplicaci\u00f3n es muy f\u00e1cil de usar y f\u00e1cil de navegar. Tiene muchas caracter\u00edsticas excelentes que facilitan la b\u00fasqueda y conexi\u00f3n con posibles coincidencias. La funci\u00f3n de b\u00fasqueda es muy completa y le permite encontrar coincidencias basadas en una variedad de criterios. La funci\u00f3n de mensajer\u00eda tambi\u00e9n es muy buena y le permite conectarse f\u00e1cilmente con las coincidencias. En general, ComeWithYou es una gran opci\u00f3n para las conexiones de abuelas y lo recomendar\u00eda encarecidamente a cualquiera que busque una nueva aplicaci\u00f3n de citas.<\/p>\n<h3>DateYou<\/h3>\n<p>Encontr\u00e9 que la aplicaci\u00f3n de citas DateYou es una excelente manera de conocer a las abuelas para las conexiones. La aplicaci\u00f3n es f\u00e1cil de usar y tiene muchas caracter\u00edsticas excelentes. La funci\u00f3n de b\u00fasqueda es excelente y el sistema de mensajer\u00eda es muy f\u00e1cil de usar. Tambi\u00e9n me gusta el hecho de que puedes ver qui\u00e9n est\u00e1 en l\u00ednea y qui\u00e9n no. En general, definitivamente recomendar\u00eda esta aplicaci\u00f3n a cualquiera que busque una conexi\u00f3n de abuela.<\/p>\n<h3>Badoo<\/h3>\n<p>Si est\u00e1s buscando una conexi\u00f3n de abuela, Badoo probablemente no sea la aplicaci\u00f3n de citas para ti. Aunque se anuncia a s\u00ed misma como una aplicaci\u00f3n de citas, muchos usuarios informan que es dif\u00edcil encontrar coincidencias en la aplicaci\u00f3n. De hecho, muchos usuarios informan que la aplicaci\u00f3n est\u00e1 llena de perfiles falsos y que es dif\u00edcil ponerse en contacto con el servicio de atenci\u00f3n al cliente cuando tiene un problema. Por lo tanto, si est\u00e1 buscando una conexi\u00f3n de abuela, es posible que desee probar otra aplicaci\u00f3n.<\/p>\n","protected":false},"excerpt":{"rendered":"<p>Hay algo intrigante en la idea de conectarse con una abuelita. Tal vez sea la naturaleza tab\u00fa de esto, o el hecho de que tienen experiencia y saben lo que est\u00e1n haciendo. Cualquiera que sea la raz\u00f3n, las conexiones de la abuela pueden ser muy divertidas. Por supuesto, hay algunas cosas que debe tener en&#8230;<a class=\"read-more-link button\" href=\"https:\/\/theyoungmessiah.com\/es\/conexion-de-la-abuela\/\">Read more<\/a><\/p>\n","protected":false},"author":1,"featured_media":0,"parent":0,"menu_order":0,"comment_status":"closed","ping_status":"closed","template":"","meta":[],"yoast_head":"<!-- This site is optimized with the Yoast SEO plugin v17.7.1 - https:\/\/yoast.com\/wordpress\/plugins\/seo\/ -->\n<title>Conexi\u00f3n de la abuela - Online Adult Dating<\/title>\n<meta name=\"robots\" content=\"index, follow, max-snippet:-1, max-image-preview:large, max-video-preview:-1\" \/>\n<link rel=\"canonical\" href=\"https:\/\/theyoungmessiah.com\/es\/conexion-de-la-abuela\/\" \/>\n<meta property=\"og:locale\" content=\"es_ES\" \/>\n<meta property=\"og:type\" content=\"article\" \/>\n<meta property=\"og:title\" content=\"Conexi\u00f3n de la abuela - Online Adult Dating\" \/>\n<meta property=\"og:description\" content=\"Hay algo intrigante en la idea de conectarse con una abuelita. Tal vez sea la naturaleza tab\u00fa de esto, o el hecho de que tienen experiencia y saben lo que est\u00e1n haciendo. Cualquiera que sea la raz\u00f3n, las conexiones de la abuela pueden ser muy divertidas. Por supuesto, hay algunas cosas que debe tener en...Read more\" \/>\n<meta property=\"og:url\" content=\"https:\/\/theyoungmessiah.com\/es\/conexion-de-la-abuela\/\" \/>\n<meta property=\"og:site_name\" content=\"Online Adult Dating\" \/>\n<meta name=\"twitter:card\" content=\"summary_large_image\" \/>\n<meta name=\"twitter:label1\" content=\"Tiempo de lectura\" \/>\n\t<meta name=\"twitter:data1\" content=\"5 minutos\" \/>\n<script type=\"application\/ld+json\" class=\"yoast-schema-graph\">{\"@context\":\"https:\/\/schema.org\",\"@graph\":[{\"@type\":\"WebSite\",\"@id\":\"https:\/\/theyoungmessiah.com\/es\/#website\",\"url\":\"https:\/\/theyoungmessiah.com\/es\/\",\"name\":\"Online Adult Dating\",\"description\":\"Local Sex Hookups\",\"potentialAction\":[{\"@type\":\"SearchAction\",\"target\":{\"@type\":\"EntryPoint\",\"urlTemplate\":\"https:\/\/theyoungmessiah.com\/es\/?s={search_term_string}\"},\"query-input\":\"required name=search_term_string\"}],\"inLanguage\":\"es\"},{\"@type\":\"WebPage\",\"@id\":\"https:\/\/theyoungmessiah.com\/es\/conexion-de-la-abuela\/#webpage\",\"url\":\"https:\/\/theyoungmessiah.com\/es\/conexion-de-la-abuela\/\",\"name\":\"Conexi\\u00f3n de la abuela - Online Adult Dating\",\"isPartOf\":{\"@id\":\"https:\/\/theyoungmessiah.com\/es\/#website\"},\"datePublished\":\"2022-10-12T12:50:13+00:00\",\"dateModified\":\"2022-10-12T12:50:13+00:00\",\"breadcrumb\":{\"@id\":\"https:\/\/theyoungmessiah.com\/es\/conexion-de-la-abuela\/#breadcrumb\"},\"inLanguage\":\"es\",\"potentialAction\":[{\"@type\":\"ReadAction\",\"target\":[\"https:\/\/theyoungmessiah.com\/es\/conexion-de-la-abuela\/\"]}]},{\"@type\":\"BreadcrumbList\",\"@id\":\"https:\/\/theyoungmessiah.com\/es\/conexion-de-la-abuela\/#breadcrumb\",\"itemListElement\":[{\"@type\":\"ListItem\",\"position\":1,\"name\":\"Home\",\"item\":\"https:\/\/theyoungmessiah.com\/es\/\"},{\"@type\":\"ListItem\",\"position\":2,\"name\":\"Conexi\\u00f3n de la abuela\"}]}]}<\/script>\n<!-- \/ Yoast SEO plugin. -->","yoast_head_json":{"title":"Conexi\u00f3n de la abuela - Online Adult Dating","robots":{"index":"index","follow":"follow","max-snippet":"max-snippet:-1","max-image-preview":"max-image-preview:large","max-video-preview":"max-video-preview:-1"},"canonical":"https:\/\/theyoungmessiah.com\/es\/conexion-de-la-abuela\/","og_locale":"es_ES","og_type":"article","og_title":"Conexi\u00f3n de la abuela - Online Adult Dating","og_description":"Hay algo intrigante en la idea de conectarse con una abuelita. Tal vez sea la naturaleza tab\u00fa de esto, o el hecho de que tienen experiencia y saben lo que est\u00e1n haciendo. Cualquiera que sea la raz\u00f3n, las conexiones de la abuela pueden ser muy divertidas. Por supuesto, hay algunas cosas que debe tener en...Read more","og_url":"https:\/\/theyoungmessiah.com\/es\/conexion-de-la-abuela\/","og_site_name":"Online Adult Dating","twitter_card":"summary_large_image","twitter_misc":{"Tiempo de lectura":"5 minutos"},"schema":{"@context":"https:\/\/schema.org","@graph":[{"@type":"WebSite","@id":"https:\/\/theyoungmessiah.com\/es\/#website","url":"https:\/\/theyoungmessiah.com\/es\/","name":"Online Adult Dating","description":"Local Sex Hookups","potentialAction":[{"@type":"SearchAction","target":{"@type":"EntryPoint","urlTemplate":"https:\/\/theyoungmessiah.com\/es\/?s={search_term_string}"},"query-input":"required name=search_term_string"}],"inLanguage":"es"},{"@type":"WebPage","@id":"https:\/\/theyoungmessiah.com\/es\/conexion-de-la-abuela\/#webpage","url":"https:\/\/theyoungmessiah.com\/es\/conexion-de-la-abuela\/","name":"Conexi\u00f3n de la abuela - Online Adult Dating","isPartOf":{"@id":"https:\/\/theyoungmessiah.com\/es\/#website"},"datePublished":"2022-10-12T12:50:13+00:00","dateModified":"2022-10-12T12:50:13+00:00","breadcrumb":{"@id":"https:\/\/theyoungmessiah.com\/es\/conexion-de-la-abuela\/#breadcrumb"},"inLanguage":"es","potentialAction":[{"@type":"ReadAction","target":["https:\/\/theyoungmessiah.com\/es\/conexion-de-la-abuela\/"]}]},{"@type":"BreadcrumbList","@id":"https:\/\/theyoungmessiah.com\/es\/conexion-de-la-abuela\/#breadcrumb","itemListElement":[{"@type":"ListItem","position":1,"name":"Home","item":"https:\/\/theyoungmessiah.com\/es\/"},{"@type":"ListItem","position":2,"name":"Conexi\u00f3n de la abuela"}]}]}},"_links":{"self":[{"href":"https:\/\/theyoungmessiah.com\/es\/wp-json\/wp\/v2\/pages\/306"}],"collection":[{"href":"https:\/\/theyoungmessiah.com\/es\/wp-json\/wp\/v2\/pages"}],"about":[{"href":"https:\/\/theyoungmessiah.com\/es\/wp-json\/wp\/v2\/types\/page"}],"author":[{"embeddable":true,"href":"https:\/\/theyoungmessiah.com\/es\/wp-json\/wp\/v2\/users\/1"}],"replies":[{"embeddable":true,"href":"https:\/\/theyoungmessiah.com\/es\/wp-json\/wp\/v2\/comments?post=306"}],"version-history":[{"count":0,"href":"https:\/\/theyoungmessiah.com\/es\/wp-json\/wp\/v2\/pages\/306\/revisions"}],"wp:attachment":[{"href":"https:\/\/theyoungmessiah.com\/es\/wp-json\/wp\/v2\/media?parent=306"}],"curies":[{"name":"wp","href":"https:\/\/api.w.org\/{rel}","templated":true}]}}