{"id":314,"date":"2022-10-12T13:49:52","date_gmt":"2022-10-12T12:49:52","guid":{"rendered":"http:\/\/theyoungmessiah.com\/sitios-locales-de-fuck\/"},"modified":"2022-10-12T13:49:52","modified_gmt":"2022-10-12T12:49:52","slug":"sitios-locales-de-fuck","status":"publish","type":"page","link":"https:\/\/theyoungmessiah.com\/es\/sitios-locales-de-fuck\/","title":{"rendered":"Sitios locales de fuck"},"content":{"rendered":"<p>Los sitios de mierda locales son una moneda de diez centavos por docena, y puede ser dif\u00edcil saber cu\u00e1l elegir. Sin embargo, si est\u00e1 buscando una manera r\u00e1pida y f\u00e1cil de conectarse con alguien en su \u00e1rea, entonces un sitio de mierda local es definitivamente el camino a seguir. Hay muchos sitios de mierda locales por ah\u00ed, por lo que definitivamente deber\u00eda poder encontrar uno que satisfaga sus necesidades. Solo aseg\u00farate de leer las rese\u00f1as antes de registrarte para cualquier cosa, para que sepas en qu\u00e9 te est\u00e1s metiendo.<\/p>\n<p>Si est\u00e1s buscando conocer y follar a alguien especial, entonces definitivamente deber\u00edas echar un vistazo a las citas en l\u00ednea. Con las citas en l\u00ednea, puede conectarse con personas de todo el mundo que buscan lo mismo que usted. Hay toneladas de sitios web y aplicaciones de citas que puedes usar para encontrar a alguien a quien follar, e incluso puedes filtrar tu b\u00fasqueda para encontrar a alguien que est\u00e9 interesado en las mismas cosas que t\u00fa. Ya sea que est\u00e9 buscando una aventura de una noche o una relaci\u00f3n a largo plazo, las citas en l\u00ednea son una excelente manera de conocer y follar a alguien especial.<\/p>\n<p>Estoy buscando un foll\u00f3n gratis esta noche. He estado enviando mensajes a algunas chicas en un sitio de citas y estoy lista para llevar las cosas al siguiente nivel. Estoy dispuesto a cualquier cosa, as\u00ed que si est\u00e1s interesado, h\u00e1zmelo saber. Estoy seguro de que podemos resolver algo.<\/p>\n<h2>Fuck Gratis<\/h2>\n<p>Si est\u00e1 buscando un sitio de citas en l\u00ednea gratuito, entonces definitivamente deber\u00eda consultar Fuck For Free. Este sitio es un gran recurso para encontrar solteros locales que buscan una conexi\u00f3n sin ataduras. El sitio es f\u00e1cil de usar y tiene un mont\u00f3n de caracter\u00edsticas que hacen que encontrar una coincidencia sea f\u00e1cil. Puede buscar por ubicaci\u00f3n, edad, intereses y m\u00e1s. Adem\u00e1s, el sitio tiene una gran sensaci\u00f3n de comunidad, con foros y salas de chat donde puede interactuar con otros miembros.<\/p>\n<h3>AdultFriendFinder<\/h3>\n<p>AdultFriendFinder es una de las aplicaciones de citas m\u00e1s populares para encontrar amigos de mierda locales. La aplicaci\u00f3n tiene una gran base de usuarios y es f\u00e1cil de usar. Puede buscar posibles coincidencias por ubicaci\u00f3n, edad y otros criterios. La aplicaci\u00f3n tambi\u00e9n tiene una funci\u00f3n de mensajer\u00eda para que pueda comunicarse con posibles coincidencias. La aplicaci\u00f3n es de uso gratuito, pero puede actualizar a una membres\u00eda premium para obtener funciones adicionales.<\/p>\n<h3>OneNightFriend<\/h3>\n<p>OneNightFriend es una popular aplicaci\u00f3n de citas que ayuda a las personas a conectarse con amigos de mierda locales. La aplicaci\u00f3n tiene una gran base de datos de usuarios y es muy f\u00e1cil de usar. La aplicaci\u00f3n tambi\u00e9n tiene muchas cr\u00edticas positivas de los usuarios.<\/p>\n<h3>Yesca<\/h3>\n<p>Tinder es una aplicaci\u00f3n de citas que le permite encontrar posibles coincidencias dentro de su \u00e1rea local. A continuaci\u00f3n, puede chatear con estos partidos y, potencialmente, reunirse con ellos en persona. Tinder es una excelente manera de conocer gente nueva y potencialmente encontrar un amigo de mierda local. La aplicaci\u00f3n es f\u00e1cil de usar y es gratis registrarse. Puede leer las rese\u00f1as de Tinder en l\u00ednea antes de decidirse a usarlo.<\/p>\n<h3>Xmeets<\/h3>\n<p>Si est\u00e1s buscando un sitio de mierda local, definitivamente vale la pena echarle un vistazo a Xmeets. La aplicaci\u00f3n es f\u00e1cil de usar y hay toneladas de usuarios locales para elegir. La mejor parte es que puede filtrar su b\u00fasqueda para encontrar exactamente lo que est\u00e1 buscando. Ya sea que est\u00e9 buscando una conexi\u00f3n \u00fanica o algo m\u00e1s a largo plazo, definitivamente vale la pena echarle un vistazo a Xmeets.<\/p>\n","protected":false},"excerpt":{"rendered":"<p>Los sitios de mierda locales son una moneda de diez centavos por docena, y puede ser dif\u00edcil saber cu\u00e1l elegir. Sin embargo, si est\u00e1 buscando una manera r\u00e1pida y f\u00e1cil de conectarse con alguien en su \u00e1rea, entonces un sitio de mierda local es definitivamente el camino a seguir. Hay muchos sitios de mierda locales&#8230;<a class=\"read-more-link button\" href=\"https:\/\/theyoungmessiah.com\/es\/sitios-locales-de-fuck\/\">Read more<\/a><\/p>\n","protected":false},"author":1,"featured_media":0,"parent":0,"menu_order":0,"comment_status":"closed","ping_status":"closed","template":"","meta":[],"yoast_head":"<!-- This site is optimized with the Yoast SEO plugin v17.7.1 - https:\/\/yoast.com\/wordpress\/plugins\/seo\/ -->\n<title>Sitios locales de fuck - Online Adult Dating<\/title>\n<meta name=\"robots\" content=\"index, follow, max-snippet:-1, max-image-preview:large, max-video-preview:-1\" \/>\n<link rel=\"canonical\" href=\"https:\/\/theyoungmessiah.com\/es\/sitios-locales-de-fuck\/\" \/>\n<meta property=\"og:locale\" content=\"es_ES\" \/>\n<meta property=\"og:type\" content=\"article\" \/>\n<meta property=\"og:title\" content=\"Sitios locales de fuck - Online Adult Dating\" \/>\n<meta property=\"og:description\" content=\"Los sitios de mierda locales son una moneda de diez centavos por docena, y puede ser dif\u00edcil saber cu\u00e1l elegir. Sin embargo, si est\u00e1 buscando una manera r\u00e1pida y f\u00e1cil de conectarse con alguien en su \u00e1rea, entonces un sitio de mierda local es definitivamente el camino a seguir. Hay muchos sitios de mierda locales...Read more\" \/>\n<meta property=\"og:url\" content=\"https:\/\/theyoungmessiah.com\/es\/sitios-locales-de-fuck\/\" \/>\n<meta property=\"og:site_name\" content=\"Online Adult Dating\" \/>\n<meta name=\"twitter:card\" content=\"summary_large_image\" \/>\n<meta name=\"twitter:label1\" content=\"Tiempo de lectura\" \/>\n\t<meta name=\"twitter:data1\" content=\"3 minutos\" \/>\n<script type=\"application\/ld+json\" class=\"yoast-schema-graph\">{\"@context\":\"https:\/\/schema.org\",\"@graph\":[{\"@type\":\"WebSite\",\"@id\":\"https:\/\/theyoungmessiah.com\/es\/#website\",\"url\":\"https:\/\/theyoungmessiah.com\/es\/\",\"name\":\"Online Adult Dating\",\"description\":\"Local Sex Hookups\",\"potentialAction\":[{\"@type\":\"SearchAction\",\"target\":{\"@type\":\"EntryPoint\",\"urlTemplate\":\"https:\/\/theyoungmessiah.com\/es\/?s={search_term_string}\"},\"query-input\":\"required name=search_term_string\"}],\"inLanguage\":\"es\"},{\"@type\":\"WebPage\",\"@id\":\"https:\/\/theyoungmessiah.com\/es\/sitios-locales-de-fuck\/#webpage\",\"url\":\"https:\/\/theyoungmessiah.com\/es\/sitios-locales-de-fuck\/\",\"name\":\"Sitios locales de fuck - Online Adult Dating\",\"isPartOf\":{\"@id\":\"https:\/\/theyoungmessiah.com\/es\/#website\"},\"datePublished\":\"2022-10-12T12:49:52+00:00\",\"dateModified\":\"2022-10-12T12:49:52+00:00\",\"breadcrumb\":{\"@id\":\"https:\/\/theyoungmessiah.com\/es\/sitios-locales-de-fuck\/#breadcrumb\"},\"inLanguage\":\"es\",\"potentialAction\":[{\"@type\":\"ReadAction\",\"target\":[\"https:\/\/theyoungmessiah.com\/es\/sitios-locales-de-fuck\/\"]}]},{\"@type\":\"BreadcrumbList\",\"@id\":\"https:\/\/theyoungmessiah.com\/es\/sitios-locales-de-fuck\/#breadcrumb\",\"itemListElement\":[{\"@type\":\"ListItem\",\"position\":1,\"name\":\"Home\",\"item\":\"https:\/\/theyoungmessiah.com\/es\/\"},{\"@type\":\"ListItem\",\"position\":2,\"name\":\"Sitios locales de fuck\"}]}]}<\/script>\n<!-- \/ Yoast SEO plugin. -->","yoast_head_json":{"title":"Sitios locales de fuck - Online Adult Dating","robots":{"index":"index","follow":"follow","max-snippet":"max-snippet:-1","max-image-preview":"max-image-preview:large","max-video-preview":"max-video-preview:-1"},"canonical":"https:\/\/theyoungmessiah.com\/es\/sitios-locales-de-fuck\/","og_locale":"es_ES","og_type":"article","og_title":"Sitios locales de fuck - Online Adult Dating","og_description":"Los sitios de mierda locales son una moneda de diez centavos por docena, y puede ser dif\u00edcil saber cu\u00e1l elegir. Sin embargo, si est\u00e1 buscando una manera r\u00e1pida y f\u00e1cil de conectarse con alguien en su \u00e1rea, entonces un sitio de mierda local es definitivamente el camino a seguir. Hay muchos sitios de mierda locales...Read more","og_url":"https:\/\/theyoungmessiah.com\/es\/sitios-locales-de-fuck\/","og_site_name":"Online Adult Dating","twitter_card":"summary_large_image","twitter_misc":{"Tiempo de lectura":"3 minutos"},"schema":{"@context":"https:\/\/schema.org","@graph":[{"@type":"WebSite","@id":"https:\/\/theyoungmessiah.com\/es\/#website","url":"https:\/\/theyoungmessiah.com\/es\/","name":"Online Adult Dating","description":"Local Sex Hookups","potentialAction":[{"@type":"SearchAction","target":{"@type":"EntryPoint","urlTemplate":"https:\/\/theyoungmessiah.com\/es\/?s={search_term_string}"},"query-input":"required name=search_term_string"}],"inLanguage":"es"},{"@type":"WebPage","@id":"https:\/\/theyoungmessiah.com\/es\/sitios-locales-de-fuck\/#webpage","url":"https:\/\/theyoungmessiah.com\/es\/sitios-locales-de-fuck\/","name":"Sitios locales de fuck - Online Adult Dating","isPartOf":{"@id":"https:\/\/theyoungmessiah.com\/es\/#website"},"datePublished":"2022-10-12T12:49:52+00:00","dateModified":"2022-10-12T12:49:52+00:00","breadcrumb":{"@id":"https:\/\/theyoungmessiah.com\/es\/sitios-locales-de-fuck\/#breadcrumb"},"inLanguage":"es","potentialAction":[{"@type":"ReadAction","target":["https:\/\/theyoungmessiah.com\/es\/sitios-locales-de-fuck\/"]}]},{"@type":"BreadcrumbList","@id":"https:\/\/theyoungmessiah.com\/es\/sitios-locales-de-fuck\/#breadcrumb","itemListElement":[{"@type":"ListItem","position":1,"name":"Home","item":"https:\/\/theyoungmessiah.com\/es\/"},{"@type":"ListItem","position":2,"name":"Sitios locales de fuck"}]}]}},"_links":{"self":[{"href":"https:\/\/theyoungmessiah.com\/es\/wp-json\/wp\/v2\/pages\/314"}],"collection":[{"href":"https:\/\/theyoungmessiah.com\/es\/wp-json\/wp\/v2\/pages"}],"about":[{"href":"https:\/\/theyoungmessiah.com\/es\/wp-json\/wp\/v2\/types\/page"}],"author":[{"embeddable":true,"href":"https:\/\/theyoungmessiah.com\/es\/wp-json\/wp\/v2\/users\/1"}],"replies":[{"embeddable":true,"href":"https:\/\/theyoungmessiah.com\/es\/wp-json\/wp\/v2\/comments?post=314"}],"version-history":[{"count":0,"href":"https:\/\/theyoungmessiah.com\/es\/wp-json\/wp\/v2\/pages\/314\/revisions"}],"wp:attachment":[{"href":"https:\/\/theyoungmessiah.com\/es\/wp-json\/wp\/v2\/media?parent=314"}],"curies":[{"name":"wp","href":"https:\/\/api.w.org\/{rel}","templated":true}]}}