{"id":335,"date":"2022-10-12T12:56:34","date_gmt":"2022-10-12T11:56:34","guid":{"rendered":"http:\/\/theyoungmessiah.com\/mundo-de-las-citas-en-linea\/"},"modified":"2022-10-12T12:56:34","modified_gmt":"2022-10-12T11:56:34","slug":"mundo-de-las-citas-en-linea","status":"publish","type":"page","link":"https:\/\/theyoungmessiah.com\/es\/","title":{"rendered":"Mundo de las citas en l\u00ednea"},"content":{"rendered":"<p>El mundo de las citas en l\u00ednea ha cambiado dr\u00e1sticamente en la \u00faltima d\u00e9cada. Hoy en d\u00eda, hay muchas opciones para encontrar el amor, desde servicios tradicionales de emparejamiento hasta aplicaciones de nicho que atienden intereses espec\u00edficos.<\/p>\n<p>Pero, \u00bfcu\u00e1les vale la pena echarle un vistazo? Hemos reunido nuestros sitios de citas favoritos en funci\u00f3n de categor\u00edas como costo, caracter\u00edsticas, popularidad y facilidad de uso.<\/p>\n<h2>C\u00f3mo clasificamos los sitios<\/h2>\n<p>Probamos cada sitio a fondo y los clasificamos en funci\u00f3n del n\u00famero de miembros, la seguridad, las historias de \u00e9xito, las caracter\u00edsticas, el precio, las aplicaciones m\u00f3viles, la disponibilidad de la ubicaci\u00f3n y m\u00e1s.<\/p>\n<p>Las citas casuales pueden servir como un paso de transici\u00f3n entre las conexiones y una relaci\u00f3n m\u00e1s seria. Algunas personas se sienten inc\u00f3modas siendo rom\u00e1nticas con alguien que no conocen bien. Otros tienen miedo de lastimarse de nuevo. Otros se preocupan por c\u00f3mo manejar\u00e1n la intimidad. Salir casualmente puede darte pr\u00e1ctica para hablar sobre sentimientos, establecer l\u00edmites y practicar la asertividad.<\/p>\n<h2>Comience con las citas casuales<\/h2>\n<p>No todas las personas se sienten c\u00f3modas saliendo en serio (y muchas personas no est\u00e1n interesadas en ello). Si no quieres salir con nadie, est\u00e1 bien. Pero si quieres probar las citas casuales, esto es lo que debes considerar.<\/p>\n<p>Los FFWB y las conexiones tienden a operar bajo un conjunto de reglas. Las citas casuales generalmente involucran alg\u00fan tipo de par\u00e1metros similares a las relaciones, ya sea una amistad comprometida sin condiciones o algo m\u00e1s serio. Si bien hay muchas personas que usan el t\u00e9rmino \u00abcitas casuales\u00bb indistintamente con \u00abconectarse\u00bb, eso no es necesariamente lo que implica la palabra.<\/p>\n<h3>Citas casuales vs. citas serias<\/h3>\n<p>La diferencia entre las citas casuales y las citas serias: hay algunas diferencias distintas. Descubrimos que las personas definen las citas casuales de manera diferente: algunos piensan que significa poder tener citas sin tener que planificar con anticipaci\u00f3n, mientras que otros dicen que significa que no quieres hacer un gran problema con eso. Y hay quienes creen que no debes salir con nadie a menos que ambos est\u00e9n listos para comprometerse.<\/p>\n<ul>\n<li>Citas casuales: Esto es a menudo (pero no siempre) no exclusivo. La gente com\u00fanmente asume que est\u00e1 bien ver a otras personas a menos que haya tenido una conversaci\u00f3n expl\u00edcita sobre la exclusividad. A\u00fan as\u00ed, siempre es inteligente tener una charla sobre exclusividad en alg\u00fan momento solo para asegurarse de que todos est\u00e9n en la misma p\u00e1gina. En t\u00e9rminos generales, las citas casuales se refieren a conexiones que implican cierto grado de apego emocional.<\/li>\n<li>Citas serias: Las personas a menudo salen seriamente con la esperanza de encontrar una pareja para casarse alg\u00fan d\u00eda. Pero, \u00bfqu\u00e9 constituye exactamente una relaci\u00f3n seria? \u00bfSe trata de estar emocionalmente apegado? \u00bfO necesitan discutir su futuro juntos? Si est\u00e1 buscando un compa\u00f1ero de vida, aqu\u00ed le mostramos c\u00f3mo saber si alguien podr\u00eda ser el indicado.<\/li>\n<\/ul>\n<p><img loading=\"lazy\" class=\" wp-image-35 aligncenter\" src=\"http:\/\/theyoungmessiah.com\/wp-content\/uploads\/2022\/10\/meet-up-dating-1024x684.jpeg\" alt=\"\" width=\"612\" height=\"409\" srcset=\"https:\/\/theyoungmessiah.com\/wp-content\/uploads\/2022\/10\/meet-up-dating-1024x684.jpeg 1024w, https:\/\/theyoungmessiah.com\/wp-content\/uploads\/2022\/10\/meet-up-dating-300x200.jpeg 300w, https:\/\/theyoungmessiah.com\/wp-content\/uploads\/2022\/10\/meet-up-dating-768x513.jpeg 768w, https:\/\/theyoungmessiah.com\/wp-content\/uploads\/2022\/10\/meet-up-dating-1536x1025.jpeg 1536w, https:\/\/theyoungmessiah.com\/wp-content\/uploads\/2022\/10\/meet-up-dating-2048x1367.jpeg 2048w\" sizes=\"(max-width: 612px) 100vw, 612px\" \/><\/p>\n<h3>Qu\u00e9 hacer inicialmente<\/h3>\n<p>Al principio, las citas casuales parecen ser una forma f\u00e1cil de conocer gente sin apegarse demasiado. Despu\u00e9s de todo, no hay expectativas, compromisos o responsabilidades. Pero las citas casuales no se tratan solo de encontrar a alguien con quien salir; se trata de construir relaciones basadas en la confianza y el respeto mutuo. Las citas casuales requieren mucha comunicaci\u00f3n y madurez emocional. Si te acercas a las citas casuales con la actitud equivocada, podr\u00edas sentirte decepcionado m\u00e1s adelante en el camino.<\/p>\n<p>Adem\u00e1s de ser respetuoso, considere los siguientes consejos antes de saltar a las citas casuales:<\/p>\n<ul>\n<li>S\u00e9 honesto. Dile a las fechas potenciales lo que realmente quieres. No hagas promesas que no cumplir\u00e1s.<\/li>\n<li>Conoce tus l\u00edmites. \u00bfQu\u00e9 te sientes c\u00f3modo compartiendo con los dem\u00e1s? \u00bfEst\u00e1 dispuesto a divulgar su informaci\u00f3n personal en l\u00ednea? \u00bfTienes una palabra segura?<\/li>\n<li>Tener metas realistas. \u00bfSon las citas casuales algo que est\u00e1s esperando o temiendo? Piensa en lo comprometido que te gustar\u00eda estar y si est\u00e1s listo para llevar las cosas m\u00e1s lejos.<\/li>\n<li>Establece l\u00edmites. Aseg\u00farese de saber d\u00f3nde se encuentra antes de entrar en una relaci\u00f3n.<\/li>\n<li>Est\u00e9 abierto al cambio. Nunca se sabe lo que puede suceder durante un encuentro casual.<\/li>\n<\/ul>\n<p>Las citas en l\u00ednea se han convertido en un m\u00e9todo cada vez m\u00e1s popular para conocer parejas potenciales. No es de extra\u00f1ar que millones de solteros en todo el mundo est\u00e9n utilizando estos sitios web para encontrar el amor.<\/p>\n<p>Sin embargo, la mayor\u00eda de las personas no se dan cuenta de que los sitios de citas en l\u00ednea funcionan de manera diferente a los m\u00e9todos tradicionales de conocer gente.<\/p>\n<h3>Los sitios de citas en l\u00ednea funcionan de manera diferente a los m\u00e9todos tradicionales<\/h3>\n<p>Los m\u00e9todos tradicionales de citas incluyen ir a bares, clubes, restaurantes, fiestas y eventos. Estos lugares est\u00e1n abarrotados y a menudo llenos de extra\u00f1os. Esto hace que sea dif\u00edcil conectarse con los dem\u00e1s. Por otro lado, los sitios de citas en l\u00ednea le permiten buscar coincidencias basadas en criterios espec\u00edficos. Esto significa que puede reducir sus resultados de b\u00fasqueda hasta que encuentre exactamente lo que est\u00e1 buscando. Por ejemplo, puede filtrar los resultados de b\u00fasqueda para encontrar hombres o mujeres entre las edades de 18 y 35 a\u00f1os. O puede especificar si est\u00e1 interesado en hombres o mujeres. Tambi\u00e9n puede establecer preferencias como la ubicaci\u00f3n, la religi\u00f3n, el origen \u00e9tnico, el nivel de educaci\u00f3n, la ocupaci\u00f3n, los pasatiempos, los intereses y las opiniones pol\u00edticas.<\/p>\n<p>Todas estas cosas te ayudan a reducir tus resultados de b\u00fasqueda y encontrar a la persona adecuada para ti.<\/p>\n<h3>Solteros que quieren conocer gente nueva<\/h3>\n<p>La mayor\u00eda de las personas que usan sitios de citas en l\u00ednea son solteras. Pueden estar buscando una relaci\u00f3n o simplemente tratando de conocer gente nueva. Debido a que los sitios de citas en l\u00ednea le permiten buscar coincidencias basadas en ciertos criterios, puede encontrar f\u00e1cilmente a alguien que comparta valores y creencias similares. Cuando conoces a alguien que comparte tus valores y creencias, te sientes c\u00f3modo hablando con \u00e9l o ella. Esto te ayuda a desarrollar relaciones m\u00e1s fuertes m\u00e1s r\u00e1pido.<\/p>\n","protected":false},"excerpt":{"rendered":"<p>El mundo de las citas en l\u00ednea ha cambiado dr\u00e1sticamente en la \u00faltima d\u00e9cada. Hoy en d\u00eda, hay muchas opciones para encontrar el amor, desde servicios tradicionales de emparejamiento hasta aplicaciones de nicho que atienden intereses espec\u00edficos. Pero, \u00bfcu\u00e1les vale la pena echarle un vistazo? Hemos reunido nuestros sitios de citas favoritos en funci\u00f3n de&#8230;<a class=\"read-more-link button\" href=\"https:\/\/theyoungmessiah.com\/es\/\">Read more<\/a><\/p>\n","protected":false},"author":1,"featured_media":133,"parent":0,"menu_order":0,"comment_status":"closed","ping_status":"closed","template":"","meta":[],"yoast_head":"<!-- This site is optimized with the Yoast SEO plugin v17.7.1 - https:\/\/yoast.com\/wordpress\/plugins\/seo\/ -->\n<title>Mundo de las citas en l\u00ednea - Online Adult Dating<\/title>\n<meta name=\"robots\" content=\"index, follow, max-snippet:-1, max-image-preview:large, max-video-preview:-1\" \/>\n<link rel=\"canonical\" href=\"https:\/\/theyoungmessiah.com\/es\/\" \/>\n<meta property=\"og:locale\" content=\"es_ES\" \/>\n<meta property=\"og:type\" content=\"article\" \/>\n<meta property=\"og:title\" content=\"Mundo de las citas en l\u00ednea - Online Adult Dating\" \/>\n<meta property=\"og:description\" content=\"El mundo de las citas en l\u00ednea ha cambiado dr\u00e1sticamente en la \u00faltima d\u00e9cada. Hoy en d\u00eda, hay muchas opciones para encontrar el amor, desde servicios tradicionales de emparejamiento hasta aplicaciones de nicho que atienden intereses espec\u00edficos. Pero, \u00bfcu\u00e1les vale la pena echarle un vistazo? Hemos reunido nuestros sitios de citas favoritos en funci\u00f3n de...Read more\" \/>\n<meta property=\"og:url\" content=\"https:\/\/theyoungmessiah.com\/es\/\" \/>\n<meta property=\"og:site_name\" content=\"Online Adult Dating\" \/>\n<meta property=\"og:image\" content=\"https:\/\/theyoungmessiah.com\/wp-content\/uploads\/2022\/10\/hookup-finder.jpeg\" \/>\n\t<meta property=\"og:image:width\" content=\"1600\" \/>\n\t<meta property=\"og:image:height\" content=\"1067\" \/>\n<meta name=\"twitter:card\" content=\"summary_large_image\" \/>\n<meta name=\"twitter:label1\" content=\"Tiempo de lectura\" \/>\n\t<meta name=\"twitter:data1\" content=\"5 minutos\" \/>\n<script type=\"application\/ld+json\" class=\"yoast-schema-graph\">{\"@context\":\"https:\/\/schema.org\",\"@graph\":[{\"@type\":\"WebSite\",\"@id\":\"https:\/\/theyoungmessiah.com\/es\/#website\",\"url\":\"https:\/\/theyoungmessiah.com\/es\/\",\"name\":\"Online Adult Dating\",\"description\":\"Local Sex Hookups\",\"potentialAction\":[{\"@type\":\"SearchAction\",\"target\":{\"@type\":\"EntryPoint\",\"urlTemplate\":\"https:\/\/theyoungmessiah.com\/es\/?s={search_term_string}\"},\"query-input\":\"required name=search_term_string\"}],\"inLanguage\":\"es\"},{\"@type\":\"ImageObject\",\"@id\":\"https:\/\/theyoungmessiah.com\/es\/#primaryimage\",\"inLanguage\":\"es\",\"url\":\"https:\/\/theyoungmessiah.com\/wp-content\/uploads\/2022\/10\/hookup-finder.jpeg\",\"contentUrl\":\"https:\/\/theyoungmessiah.com\/wp-content\/uploads\/2022\/10\/hookup-finder.jpeg\",\"width\":1600,\"height\":1067},{\"@type\":\"WebPage\",\"@id\":\"https:\/\/theyoungmessiah.com\/es\/#webpage\",\"url\":\"https:\/\/theyoungmessiah.com\/es\/\",\"name\":\"Mundo de las citas en l\\u00ednea - Online Adult Dating\",\"isPartOf\":{\"@id\":\"https:\/\/theyoungmessiah.com\/es\/#website\"},\"primaryImageOfPage\":{\"@id\":\"https:\/\/theyoungmessiah.com\/es\/#primaryimage\"},\"datePublished\":\"2022-10-12T11:56:34+00:00\",\"dateModified\":\"2022-10-12T11:56:34+00:00\",\"breadcrumb\":{\"@id\":\"https:\/\/theyoungmessiah.com\/es\/#breadcrumb\"},\"inLanguage\":\"es\",\"potentialAction\":[{\"@type\":\"ReadAction\",\"target\":[\"https:\/\/theyoungmessiah.com\/es\/\"]}]},{\"@type\":\"BreadcrumbList\",\"@id\":\"https:\/\/theyoungmessiah.com\/es\/#breadcrumb\",\"itemListElement\":[{\"@type\":\"ListItem\",\"position\":1,\"name\":\"Home\",\"item\":\"https:\/\/theyoungmessiah.com\/es\/\"},{\"@type\":\"ListItem\",\"position\":2,\"name\":\"Mundo de las citas en l\\u00ednea\"}]}]}<\/script>\n<!-- \/ Yoast SEO plugin. -->","yoast_head_json":{"title":"Mundo de las citas en l\u00ednea - Online Adult Dating","robots":{"index":"index","follow":"follow","max-snippet":"max-snippet:-1","max-image-preview":"max-image-preview:large","max-video-preview":"max-video-preview:-1"},"canonical":"https:\/\/theyoungmessiah.com\/es\/","og_locale":"es_ES","og_type":"article","og_title":"Mundo de las citas en l\u00ednea - Online Adult Dating","og_description":"El mundo de las citas en l\u00ednea ha cambiado dr\u00e1sticamente en la \u00faltima d\u00e9cada. Hoy en d\u00eda, hay muchas opciones para encontrar el amor, desde servicios tradicionales de emparejamiento hasta aplicaciones de nicho que atienden intereses espec\u00edficos. Pero, \u00bfcu\u00e1les vale la pena echarle un vistazo? Hemos reunido nuestros sitios de citas favoritos en funci\u00f3n de...Read more","og_url":"https:\/\/theyoungmessiah.com\/es\/","og_site_name":"Online Adult Dating","og_image":[{"width":1600,"height":1067,"url":"https:\/\/theyoungmessiah.com\/wp-content\/uploads\/2022\/10\/hookup-finder.jpeg","type":"image\/jpeg"}],"twitter_card":"summary_large_image","twitter_misc":{"Tiempo de lectura":"5 minutos"},"schema":{"@context":"https:\/\/schema.org","@graph":[{"@type":"WebSite","@id":"https:\/\/theyoungmessiah.com\/es\/#website","url":"https:\/\/theyoungmessiah.com\/es\/","name":"Online Adult Dating","description":"Local Sex Hookups","potentialAction":[{"@type":"SearchAction","target":{"@type":"EntryPoint","urlTemplate":"https:\/\/theyoungmessiah.com\/es\/?s={search_term_string}"},"query-input":"required name=search_term_string"}],"inLanguage":"es"},{"@type":"ImageObject","@id":"https:\/\/theyoungmessiah.com\/es\/#primaryimage","inLanguage":"es","url":"https:\/\/theyoungmessiah.com\/wp-content\/uploads\/2022\/10\/hookup-finder.jpeg","contentUrl":"https:\/\/theyoungmessiah.com\/wp-content\/uploads\/2022\/10\/hookup-finder.jpeg","width":1600,"height":1067},{"@type":"WebPage","@id":"https:\/\/theyoungmessiah.com\/es\/#webpage","url":"https:\/\/theyoungmessiah.com\/es\/","name":"Mundo de las citas en l\u00ednea - Online Adult Dating","isPartOf":{"@id":"https:\/\/theyoungmessiah.com\/es\/#website"},"primaryImageOfPage":{"@id":"https:\/\/theyoungmessiah.com\/es\/#primaryimage"},"datePublished":"2022-10-12T11:56:34+00:00","dateModified":"2022-10-12T11:56:34+00:00","breadcrumb":{"@id":"https:\/\/theyoungmessiah.com\/es\/#breadcrumb"},"inLanguage":"es","potentialAction":[{"@type":"ReadAction","target":["https:\/\/theyoungmessiah.com\/es\/"]}]},{"@type":"BreadcrumbList","@id":"https:\/\/theyoungmessiah.com\/es\/#breadcrumb","itemListElement":[{"@type":"ListItem","position":1,"name":"Home","item":"https:\/\/theyoungmessiah.com\/es\/"},{"@type":"ListItem","position":2,"name":"Mundo de las citas en l\u00ednea"}]}]}},"_links":{"self":[{"href":"https:\/\/theyoungmessiah.com\/es\/wp-json\/wp\/v2\/pages\/335"}],"collection":[{"href":"https:\/\/theyoungmessiah.com\/es\/wp-json\/wp\/v2\/pages"}],"about":[{"href":"https:\/\/theyoungmessiah.com\/es\/wp-json\/wp\/v2\/types\/page"}],"author":[{"embeddable":true,"href":"https:\/\/theyoungmessiah.com\/es\/wp-json\/wp\/v2\/users\/1"}],"replies":[{"embeddable":true,"href":"https:\/\/theyoungmessiah.com\/es\/wp-json\/wp\/v2\/comments?post=335"}],"version-history":[{"count":0,"href":"https:\/\/theyoungmessiah.com\/es\/wp-json\/wp\/v2\/pages\/335\/revisions"}],"wp:featuredmedia":[{"embeddable":true,"href":"https:\/\/theyoungmessiah.com\/es\/wp-json\/wp\/v2\/media\/133"}],"wp:attachment":[{"href":"https:\/\/theyoungmessiah.com\/es\/wp-json\/wp\/v2\/media?parent=335"}],"curies":[{"name":"wp","href":"https:\/\/api.w.org\/{rel}","templated":true}]}}