{"id":152,"date":"2022-10-12T14:00:02","date_gmt":"2022-10-12T13:00:02","guid":{"rendered":"http:\/\/theyoungmessiah.com\/naimisissa-olevien-asioiden-treffisivustot\/"},"modified":"2022-10-12T14:00:02","modified_gmt":"2022-10-12T13:00:02","slug":"naimisissa-olevien-asioiden-treffisivustot","status":"publish","type":"page","link":"https:\/\/theyoungmessiah.com\/fi\/naimisissa-olevien-asioiden-treffisivustot\/","title":{"rendered":"Naimisissa olevien asioiden treffisivustot"},"content":{"rendered":"<p>On olemassa useita naimisissa olevien suhteiden treffisivustoja, joiden avulla ihmiset voivat olla yhteydess\u00e4 muihin, jotka ovat my\u00f6s naimisissa. N\u00e4m\u00e4 sivustot vaativat yleens\u00e4 j\u00e4senmaksun, ja ne tarjoavat erilaisia ominaisuuksia, jotka on suunniteltu auttamaan ihmisi\u00e4 olemaan yhteydess\u00e4 muihin, jotka ovat kiinnostuneita suhteesta. Joitakin n\u00e4iden sivustojen tarjoamia ominaisuuksia ovat yksityiset viestit, chat-huoneet ja haettavat j\u00e4senten tietokannat. Monet n\u00e4ist\u00e4 sivustoista tarjoavat my\u00f6s neuvoja ja tukea ihmisille, jotka harkitsevat suhdetta tai jotka ovat jo mukana sellaisessa.<\/p>\n<h2>Huomaamattomat kytkenn\u00e4t<\/h2>\n<p>Huomaamattomat kytkenn\u00e4t ovat yh\u00e4 suositumpia, kun ihmiset etsiv\u00e4t tapoja pit\u00e4\u00e4 hauskaa ilman sitoutumista. N\u00e4m\u00e4 j\u00e4rjestelyt ovat t\u00e4ydellisi\u00e4 niille, jotka haluavat nauttia toisen henkil\u00f6n seurasta ilman ehtoja. On monia tapoja l\u00f6yt\u00e4\u00e4 joku, johon olla yhteydess\u00e4, ja on yht\u00e4 monia syit\u00e4, miksi ihmiset p\u00e4\u00e4tt\u00e4v\u00e4t tehd\u00e4 sen. Etsitp\u00e4 sitten nopeaa heittoa tai jotain hieman pitk\u00e4aikaisempaa, siell\u00e4 on joku, joka etsii samaa asiaa. Sinun tarvitsee vain l\u00f6yt\u00e4\u00e4 ne.<\/p>\n<p>Nyt on olemassa naimisissa olevia treffisovelluksia niille, jotka ovat kiinnostuneita jatkamaan avioliiton ulkopuolisia suhteita. Vaikka n\u00e4m\u00e4 sovellukset helpottavat yhteydenpitoa potentiaalisiin kumppaneihin, niihin liittyy my\u00f6s joitain riskej\u00e4. Jos esimerkiksi puolisosi saisi tiet\u00e4\u00e4 naimisissa olevan treffisovelluksen k\u00e4yt\u00f6st\u00e4si, se voi mahdollisesti vahingoittaa suhdettasi. Lis\u00e4ksi on aina mahdollista tavata joku, joka ei ole se, jonka he v\u00e4itt\u00e4v\u00e4t olevan verkossa, mik\u00e4 voi johtaa vaarallisiin tilanteisiin. Jos p\u00e4\u00e4t\u00e4t k\u00e4ytt\u00e4\u00e4 naimisissa olevaa treffisovellusta, on t\u00e4rke\u00e4\u00e4 olla rehellinen potentiaalisille kumppaneillesi siviilis\u00e4\u00e4dyst\u00e4si ja tavata aina julkisella paikalla.<\/p>\n<h2>Etsi huomaamaton yhteys<\/h2>\n<p>On monia tapoja l\u00f6yt\u00e4\u00e4 huomaamaton yhteys verkossa. Voit k\u00e4ytt\u00e4\u00e4 treffisivustoa, joka on erikoistunut kytkent\u00f6ihin, tai voit k\u00e4ytt\u00e4\u00e4 yleist\u00e4 treffisivustoa ja olla vain etuk\u00e4teen etsim\u00e4si suhteen. Voit my\u00f6s k\u00e4ytt\u00e4\u00e4 sosiaalisen median sivustoja, kuten Facebookia ja Twitteri\u00e4, l\u00f6yt\u00e4\u00e4ksesi mahdollisia kytkent\u00f6j\u00e4. Toinen vaihtoehto on k\u00e4ytt\u00e4\u00e4 Craigslistin kaltaista sivustoa, jossa on osio, joka on omistettu satunnaisille kohtaamisille. Muista vain olla turvassa ja k\u00e4ytt\u00e4\u00e4 tervett\u00e4 j\u00e4rke\u00e4, kun tapaat jonkun verkosta.<\/p>\n<h3>Taula<\/h3>\n<p>Tinder on yksi suosituimmista treffisovelluksista, jolla on yli 50 miljoonaa k\u00e4ytt\u00e4j\u00e4\u00e4. Sit\u00e4 on kuvattu &#8221;kytkent\u00e4sovellukseksi&#8221;, mutta sit\u00e4 voidaan k\u00e4ytt\u00e4\u00e4 my\u00f6s treffailuun, ja ihmiset ovat k\u00e4ytt\u00e4neet sit\u00e4 suhteissa asioihin. Tinder on nopea ja helppok\u00e4ytt\u00f6inen, ja voit olla yhteydess\u00e4 alueesi ihmisiin, jotka etsiv\u00e4t samaa asiaa kuin sin\u00e4. Sovellus on ladattavissa ja k\u00e4ytett\u00e4viss\u00e4 ilmaiseksi, mutta on joitain maksullisia ominaisuuksia, joiden avulla voit saada enemm\u00e4n irti sovelluksesta. Kaiken kaikkiaan Tinder on loistava treffisovellus ihmisille, jotka etsiv\u00e4t nopeaa ja helppoa tapaa olla yhteydess\u00e4 alueensa ihmisiin.<\/p>\n<h3>XPickup<\/h3>\n<p>Jos etsit suhteiden treffisivustoa, jonka avulla voit tutkia vaihtoehtojasi ja l\u00f6yt\u00e4\u00e4 ottelun, XPickup on loistava valinta. Sivustolla on laaja k\u00e4ytt\u00e4j\u00e4kunta ja laaja valikoima ominaisuuksia, joten se on loistava vaihtoehto ottelun l\u00f6yt\u00e4miseen. Sivustolla on my\u00f6s hyv\u00e4 maine turvallisena, joten voit olla varma, ett\u00e4 tietosi ovat turvassa. Kaiken kaikkiaan XPickup on loistava valinta avioliiton seurusteluun.<\/p>\n<h3>Uberhorny<\/h3>\n<p>Jos etsit treffisovellusta, joka auttaa sinua saamaan naimisissa olevan suhteen, Uberhorny on loistava vaihtoehto. Sovellusta on helppo k\u00e4ytt\u00e4\u00e4 ja siin\u00e4 on paljon hienoja ominaisuuksia, joiden avulla voit l\u00f6yt\u00e4\u00e4 jonkun, jonka kanssa huijata. Hakutoiminto on eritt\u00e4in kattava ja voit rajata tuloksiasi useilla eri kriteereill\u00e4. Viestij\u00e4rjestelm\u00e4 on my\u00f6s eritt\u00e4in hyv\u00e4, ja voit helposti seurata keskustelujasi. Kaiken kaikkiaan Uberhorny on loistava vaihtoehto naimisissa olevien suhteiden treffailuun, ja suosittelemme sit\u00e4 kaikille, jotka etsiv\u00e4t huomaamatonta tapaa huijata puolisoaan.<\/p>\n<h3>Vainflings<\/h3>\n<p>Jos etsit huomaamatonta affair-treffisivustoa, OnlyFlings on loistava vaihtoehto. Sivusto on helppok\u00e4ytt\u00f6inen ja tarjoaa erilaisia ominaisuuksia, joiden avulla voit l\u00f6yt\u00e4\u00e4 ottelun. Sivustolla on my\u00f6s hyv\u00e4 maine turvallisuudesta ja yksityisyydest\u00e4.<\/p>\n","protected":false},"excerpt":{"rendered":"<p>On olemassa useita naimisissa olevien suhteiden treffisivustoja, joiden avulla ihmiset voivat olla yhteydess\u00e4 muihin, jotka ovat my\u00f6s naimisissa. N\u00e4m\u00e4 sivustot vaativat yleens\u00e4 j\u00e4senmaksun, ja ne tarjoavat erilaisia ominaisuuksia, jotka on suunniteltu auttamaan ihmisi\u00e4 olemaan yhteydess\u00e4 muihin, jotka ovat kiinnostuneita suhteesta. Joitakin n\u00e4iden sivustojen tarjoamia ominaisuuksia ovat yksityiset viestit, chat-huoneet ja haettavat j\u00e4senten tietokannat. Monet n\u00e4ist\u00e4&#8230;<a class=\"read-more-link button\" href=\"https:\/\/theyoungmessiah.com\/fi\/naimisissa-olevien-asioiden-treffisivustot\/\">Read more<\/a><\/p>\n","protected":false},"author":1,"featured_media":0,"parent":0,"menu_order":0,"comment_status":"closed","ping_status":"closed","template":"","meta":[],"yoast_head":"<!-- This site is optimized with the Yoast SEO plugin v17.7.1 - https:\/\/yoast.com\/wordpress\/plugins\/seo\/ -->\n<title>Naimisissa olevien asioiden treffisivustot - Online Adult Dating<\/title>\n<meta name=\"robots\" content=\"index, follow, max-snippet:-1, max-image-preview:large, max-video-preview:-1\" \/>\n<link rel=\"canonical\" href=\"https:\/\/theyoungmessiah.com\/fi\/naimisissa-olevien-asioiden-treffisivustot\/\" \/>\n<meta property=\"og:locale\" content=\"fi_FI\" \/>\n<meta property=\"og:type\" content=\"article\" \/>\n<meta property=\"og:title\" content=\"Naimisissa olevien asioiden treffisivustot - Online Adult Dating\" \/>\n<meta property=\"og:description\" content=\"On olemassa useita naimisissa olevien suhteiden treffisivustoja, joiden avulla ihmiset voivat olla yhteydess\u00e4 muihin, jotka ovat my\u00f6s naimisissa. N\u00e4m\u00e4 sivustot vaativat yleens\u00e4 j\u00e4senmaksun, ja ne tarjoavat erilaisia ominaisuuksia, jotka on suunniteltu auttamaan ihmisi\u00e4 olemaan yhteydess\u00e4 muihin, jotka ovat kiinnostuneita suhteesta. Joitakin n\u00e4iden sivustojen tarjoamia ominaisuuksia ovat yksityiset viestit, chat-huoneet ja haettavat j\u00e4senten tietokannat. Monet n\u00e4ist\u00e4...Read more\" \/>\n<meta property=\"og:url\" content=\"https:\/\/theyoungmessiah.com\/fi\/naimisissa-olevien-asioiden-treffisivustot\/\" \/>\n<meta property=\"og:site_name\" content=\"Online Adult Dating\" \/>\n<meta name=\"twitter:card\" content=\"summary_large_image\" \/>\n<meta name=\"twitter:label1\" content=\"Arvioitu lukuaika\" \/>\n\t<meta name=\"twitter:data1\" content=\"3 minuuttia\" \/>\n<script type=\"application\/ld+json\" class=\"yoast-schema-graph\">{\"@context\":\"https:\/\/schema.org\",\"@graph\":[{\"@type\":\"WebSite\",\"@id\":\"https:\/\/theyoungmessiah.com\/fi\/#website\",\"url\":\"https:\/\/theyoungmessiah.com\/fi\/\",\"name\":\"Online Adult Dating\",\"description\":\"Local Sex Hookups\",\"potentialAction\":[{\"@type\":\"SearchAction\",\"target\":{\"@type\":\"EntryPoint\",\"urlTemplate\":\"https:\/\/theyoungmessiah.com\/fi\/?s={search_term_string}\"},\"query-input\":\"required name=search_term_string\"}],\"inLanguage\":\"fi\"},{\"@type\":\"WebPage\",\"@id\":\"https:\/\/theyoungmessiah.com\/fi\/naimisissa-olevien-asioiden-treffisivustot\/#webpage\",\"url\":\"https:\/\/theyoungmessiah.com\/fi\/naimisissa-olevien-asioiden-treffisivustot\/\",\"name\":\"Naimisissa olevien asioiden treffisivustot - Online Adult Dating\",\"isPartOf\":{\"@id\":\"https:\/\/theyoungmessiah.com\/fi\/#website\"},\"datePublished\":\"2022-10-12T13:00:02+00:00\",\"dateModified\":\"2022-10-12T13:00:02+00:00\",\"breadcrumb\":{\"@id\":\"https:\/\/theyoungmessiah.com\/fi\/naimisissa-olevien-asioiden-treffisivustot\/#breadcrumb\"},\"inLanguage\":\"fi\",\"potentialAction\":[{\"@type\":\"ReadAction\",\"target\":[\"https:\/\/theyoungmessiah.com\/fi\/naimisissa-olevien-asioiden-treffisivustot\/\"]}]},{\"@type\":\"BreadcrumbList\",\"@id\":\"https:\/\/theyoungmessiah.com\/fi\/naimisissa-olevien-asioiden-treffisivustot\/#breadcrumb\",\"itemListElement\":[{\"@type\":\"ListItem\",\"position\":1,\"name\":\"Home\",\"item\":\"http:\/\/theyoungmessiah.com\/fi\/\"},{\"@type\":\"ListItem\",\"position\":2,\"name\":\"Naimisissa olevien asioiden treffisivustot\"}]}]}<\/script>\n<!-- \/ Yoast SEO plugin. -->","yoast_head_json":{"title":"Naimisissa olevien asioiden treffisivustot - Online Adult Dating","robots":{"index":"index","follow":"follow","max-snippet":"max-snippet:-1","max-image-preview":"max-image-preview:large","max-video-preview":"max-video-preview:-1"},"canonical":"https:\/\/theyoungmessiah.com\/fi\/naimisissa-olevien-asioiden-treffisivustot\/","og_locale":"fi_FI","og_type":"article","og_title":"Naimisissa olevien asioiden treffisivustot - Online Adult Dating","og_description":"On olemassa useita naimisissa olevien suhteiden treffisivustoja, joiden avulla ihmiset voivat olla yhteydess\u00e4 muihin, jotka ovat my\u00f6s naimisissa. N\u00e4m\u00e4 sivustot vaativat yleens\u00e4 j\u00e4senmaksun, ja ne tarjoavat erilaisia ominaisuuksia, jotka on suunniteltu auttamaan ihmisi\u00e4 olemaan yhteydess\u00e4 muihin, jotka ovat kiinnostuneita suhteesta. Joitakin n\u00e4iden sivustojen tarjoamia ominaisuuksia ovat yksityiset viestit, chat-huoneet ja haettavat j\u00e4senten tietokannat. Monet n\u00e4ist\u00e4...Read more","og_url":"https:\/\/theyoungmessiah.com\/fi\/naimisissa-olevien-asioiden-treffisivustot\/","og_site_name":"Online Adult Dating","twitter_card":"summary_large_image","twitter_misc":{"Arvioitu lukuaika":"3 minuuttia"},"schema":{"@context":"https:\/\/schema.org","@graph":[{"@type":"WebSite","@id":"https:\/\/theyoungmessiah.com\/fi\/#website","url":"https:\/\/theyoungmessiah.com\/fi\/","name":"Online Adult Dating","description":"Local Sex Hookups","potentialAction":[{"@type":"SearchAction","target":{"@type":"EntryPoint","urlTemplate":"https:\/\/theyoungmessiah.com\/fi\/?s={search_term_string}"},"query-input":"required name=search_term_string"}],"inLanguage":"fi"},{"@type":"WebPage","@id":"https:\/\/theyoungmessiah.com\/fi\/naimisissa-olevien-asioiden-treffisivustot\/#webpage","url":"https:\/\/theyoungmessiah.com\/fi\/naimisissa-olevien-asioiden-treffisivustot\/","name":"Naimisissa olevien asioiden treffisivustot - Online Adult Dating","isPartOf":{"@id":"https:\/\/theyoungmessiah.com\/fi\/#website"},"datePublished":"2022-10-12T13:00:02+00:00","dateModified":"2022-10-12T13:00:02+00:00","breadcrumb":{"@id":"https:\/\/theyoungmessiah.com\/fi\/naimisissa-olevien-asioiden-treffisivustot\/#breadcrumb"},"inLanguage":"fi","potentialAction":[{"@type":"ReadAction","target":["https:\/\/theyoungmessiah.com\/fi\/naimisissa-olevien-asioiden-treffisivustot\/"]}]},{"@type":"BreadcrumbList","@id":"https:\/\/theyoungmessiah.com\/fi\/naimisissa-olevien-asioiden-treffisivustot\/#breadcrumb","itemListElement":[{"@type":"ListItem","position":1,"name":"Home","item":"http:\/\/theyoungmessiah.com\/fi\/"},{"@type":"ListItem","position":2,"name":"Naimisissa olevien asioiden treffisivustot"}]}]}},"_links":{"self":[{"href":"https:\/\/theyoungmessiah.com\/fi\/wp-json\/wp\/v2\/pages\/152"}],"collection":[{"href":"https:\/\/theyoungmessiah.com\/fi\/wp-json\/wp\/v2\/pages"}],"about":[{"href":"https:\/\/theyoungmessiah.com\/fi\/wp-json\/wp\/v2\/types\/page"}],"author":[{"embeddable":true,"href":"https:\/\/theyoungmessiah.com\/fi\/wp-json\/wp\/v2\/users\/1"}],"replies":[{"embeddable":true,"href":"https:\/\/theyoungmessiah.com\/fi\/wp-json\/wp\/v2\/comments?post=152"}],"version-history":[{"count":0,"href":"https:\/\/theyoungmessiah.com\/fi\/wp-json\/wp\/v2\/pages\/152\/revisions"}],"wp:attachment":[{"href":"https:\/\/theyoungmessiah.com\/fi\/wp-json\/wp\/v2\/media?parent=152"}],"curies":[{"name":"wp","href":"https:\/\/api.w.org\/{rel}","templated":true}]}}