{"id":170,"date":"2022-10-12T13:59:19","date_gmt":"2022-10-12T12:59:19","guid":{"rendered":"http:\/\/theyoungmessiah.com\/kink-treffisivustot\/"},"modified":"2022-10-12T13:59:19","modified_gmt":"2022-10-12T12:59:19","slug":"kink-treffisivustot","status":"publish","type":"page","link":"https:\/\/theyoungmessiah.com\/fi\/kink-treffisivustot\/","title":{"rendered":"Kink-treffisivustot"},"content":{"rendered":"<p>On olemassa erilaisia omituisia treffisivustoja ihmisille, jotka ovat kiinnostuneita tutkimaan seksuaalisia fetissej\u00e4\u00e4n ja omituisuuksiaan. N\u00e4m\u00e4 sivustot tarjoavat turvallisen ja mukavan ymp\u00e4rist\u00f6n, jossa ihmiset voivat olla yhteydess\u00e4 muihin, joilla on samanlaisia kiinnostuksen kohteita. Kink-treffisivustot voivat olla loistava tapa tavata uusia ihmisi\u00e4 ja tutkia seksuaalisuuttasi turvallisella ja yhteisymm\u00e4rrykseen perustuvalla tavalla.<\/p>\n<h2>Paikallinen BDSM-kytkent\u00e4<\/h2>\n<p>Jos etsit paikallisia BDSM-kytkent\u00f6j\u00e4, sinun tulee pit\u00e4\u00e4 mieless\u00e4 muutama asia. Ensinn\u00e4kin on t\u00e4rke\u00e4\u00e4 l\u00f6yt\u00e4\u00e4 ryhm\u00e4 tai yhteis\u00f6, johon olet tyytyv\u00e4inen. Siell\u00e4 on paljon erilaisia BDSM-ryhmi\u00e4, joten on t\u00e4rke\u00e4\u00e4 l\u00f6yt\u00e4\u00e4 sellainen, johon sovit. Kun olet l\u00f6yt\u00e4nyt ryhm\u00e4n, seuraava vaihe on l\u00f6yt\u00e4\u00e4 joku, jonka kanssa olet yhteensopiva. T\u00e4m\u00e4 voidaan tehd\u00e4 osallistumalla tapahtumiin tai tapaamalla ihmisi\u00e4 verkossa. Kun olet l\u00f6yt\u00e4nyt jonkun, on t\u00e4rke\u00e4\u00e4 kommunikoida ja varmistaa, ett\u00e4 olet molemmat samalla sivulla. BDSM voi olla hauskaa, mutta on t\u00e4rke\u00e4\u00e4 varmistaa, ett\u00e4 kaikki ovat mukavia ja turvallisia.<\/p>\n<p>On paljon orjuuden treffisivustoja, jotka palvelevat niit\u00e4, jotka pit\u00e4v\u00e4t BDSM: st\u00e4 ja kinkier-seksileikeist\u00e4. Voit etsi\u00e4 paikallisia j\u00e4seni\u00e4, jotka ovat kiinnostuneita samoista asioista kuin sin\u00e4 ja jotka asuvat l\u00e4hell\u00e4. T\u00e4m\u00e4n ansiosta on helppo tavata kinky-hauskaa. Monilla n\u00e4ist\u00e4 sivustoista on ilmaisia j\u00e4senyyksi\u00e4, joten voit kokeilla niit\u00e4 ennen kuin sitoudut mihink\u00e4\u00e4n. Varmista vain, ett\u00e4 luet ensin arvostelut n\u00e4hd\u00e4ksesi, mit\u00e4 muut ihmiset ajattelivat kokemuksestaan.<\/p>\n<h2>Ilmaiset Kinky-henkil\u00f6kohtaiset<\/h2>\n<p>Verkossa on paljon kinky-henkil\u00f6kohtaisia sivustoja, ja ne ovat kaikki ilmaisia k\u00e4ytt\u00e4\u00e4. L\u00f6yd\u00e4t alueeltasi perverssej\u00e4 sinkkuja, jotka pit\u00e4v\u00e4t kaikenlaisista kinkeist\u00e4 ja fetisseist\u00e4. Olitpa sitten kiinnostunut BDSM:st\u00e4, jalkafetissist\u00e4 tai mist\u00e4 tahansa muusta, voit l\u00f6yt\u00e4\u00e4 jonkun, joka jakaa kiinnostuksen kohteesi kinky personals -sivustolta.<\/p>\n<h3>AdultFriendFinder<\/h3>\n<p>AdultFriendFinder on yksi suosituimmista treffisovelluksista kinkstereille. Sill\u00e4 on suuri k\u00e4ytt\u00e4j\u00e4kunta ja se on eritt\u00e4in suosittu kink-yhteis\u00f6ss\u00e4. Sovellusta on helppo k\u00e4ytt\u00e4\u00e4 ja siin\u00e4 on paljon ominaisuuksia. Voit hakea k\u00e4ytt\u00e4ji\u00e4 sijainnin, i\u00e4n, sukupuolen ja kiinnostuksen kohteiden mukaan. Sovelluksessa on my\u00f6s viestiominaisuus, jotta voit kommunikoida muiden k\u00e4ytt\u00e4jien kanssa. Sovellus on ilmainen k\u00e4ytt\u00e4\u00e4, mutta siin\u00e4 on maksullinen tilausvaihtoehto, jos haluat k\u00e4ytt\u00e4\u00e4 muita ominaisuuksia.<\/p>\n<h3>Rubmap-kartat<\/h3>\n<p>Rubmaps on uusi treffisovellus, joka palvelee sek\u00e4 kinkstereit\u00e4 ett\u00e4 fetstereit\u00e4. Se on yksinkertainen k\u00e4site: k\u00e4ytt\u00e4j\u00e4t luovat profiilin ja selaavat sitten mahdollisia osumia ja l\u00e4hett\u00e4v\u00e4t viestej\u00e4 niille, joista he ovat kiinnostuneita. Sovellus on ladattavissa ja k\u00e4ytett\u00e4viss\u00e4 ilmaiseksi, eik\u00e4 mainoksia ole. Saatavilla on kuitenkin premium-tilaus, joka avaa lis\u00e4ominaisuuksia, kuten rajoittamattoman viestinn\u00e4n ja mahdollisuuden n\u00e4hd\u00e4, kuka on katsellut profiiliasi. Etsitp\u00e4 sitten perverssi\u00e4 yhteytt\u00e4 tai pitk\u00e4aikaista BDSM-suhdetta, Rubmaps on tutustumisen arvoinen.<\/p>\n<h3>CharmDate<\/h3>\n<p>Jos etsit omituista treffisivustoa, joka on sek\u00e4 hauska ett\u00e4 helppok\u00e4ytt\u00f6inen, sinun kannattaa tutustua CharmDateen. Sovelluksessa on puhdas ja moderni k\u00e4ytt\u00f6liittym\u00e4, joka tekee mahdollisten otteluiden l\u00f6yt\u00e4misest\u00e4 ja keskustelemisesta helppoa. Lis\u00e4ksi sivuston laajat haku- ja suodatusvaihtoehdot helpottavat sellaisen l\u00f6yt\u00e4mist\u00e4, joka t\u00e4ytt\u00e4\u00e4 tietyt omituisuutesi ja suhteesi tarpeet.<\/p>\n<p>Yksi CharmDaten haittapuoli on kuitenkin se, ett\u00e4 se ei ole edullisin vaihtoehto siell\u00e4. Mutta jos olet valmis maksamaan premium-j\u00e4senyydest\u00e4, saat k\u00e4ytt\u00f6\u00f6si joukon ominaisuuksia, jotka tekev\u00e4t sivustosta hintansa arvoisen, mukaan lukien rajoittamaton viestint\u00e4, tarkennetut hakuvaihtoehdot ja mahdollisuus katsella valokuvia ja videoita.<\/p>\n<h3>BBWCupid<\/h3>\n<p>BBWCupid on loistava treffisovellus plus-kokoisille sinkuille tai niille, jotka ovat kiinnostuneita plus-kokoisista kumppaneista. Sovellus on helppok\u00e4ytt\u00f6inen ja siin\u00e4 on paljon hienoja ominaisuuksia, kuten hakusuodattimet ja viestit. Ainoa haittapuoli on, ett\u00e4 sill\u00e4 ei ole kovin suurta k\u00e4ytt\u00e4j\u00e4kuntaa, joten et ehk\u00e4 l\u00f6yd\u00e4 niin monta potentiaalista ottelua kuin suositummasta sovelluksesta. Jos kuitenkin etsit nimenomaan plus-kokoista kumppania, BBWCupid on ehdottomasti kokeilemisen arvoinen!<\/p>\n","protected":false},"excerpt":{"rendered":"<p>On olemassa erilaisia omituisia treffisivustoja ihmisille, jotka ovat kiinnostuneita tutkimaan seksuaalisia fetissej\u00e4\u00e4n ja omituisuuksiaan. N\u00e4m\u00e4 sivustot tarjoavat turvallisen ja mukavan ymp\u00e4rist\u00f6n, jossa ihmiset voivat olla yhteydess\u00e4 muihin, joilla on samanlaisia kiinnostuksen kohteita. Kink-treffisivustot voivat olla loistava tapa tavata uusia ihmisi\u00e4 ja tutkia seksuaalisuuttasi turvallisella ja yhteisymm\u00e4rrykseen perustuvalla tavalla. Paikallinen BDSM-kytkent\u00e4 Jos etsit paikallisia BDSM-kytkent\u00f6j\u00e4, sinun&#8230;<a class=\"read-more-link button\" href=\"https:\/\/theyoungmessiah.com\/fi\/kink-treffisivustot\/\">Read more<\/a><\/p>\n","protected":false},"author":1,"featured_media":0,"parent":0,"menu_order":0,"comment_status":"closed","ping_status":"closed","template":"","meta":[],"yoast_head":"<!-- This site is optimized with the Yoast SEO plugin v17.7.1 - https:\/\/yoast.com\/wordpress\/plugins\/seo\/ -->\n<title>Kink-treffisivustot - Online Adult Dating<\/title>\n<meta name=\"robots\" content=\"index, follow, max-snippet:-1, max-image-preview:large, max-video-preview:-1\" \/>\n<link rel=\"canonical\" href=\"https:\/\/theyoungmessiah.com\/fi\/kink-treffisivustot\/\" \/>\n<meta property=\"og:locale\" content=\"fi_FI\" \/>\n<meta property=\"og:type\" content=\"article\" \/>\n<meta property=\"og:title\" content=\"Kink-treffisivustot - Online Adult Dating\" \/>\n<meta property=\"og:description\" content=\"On olemassa erilaisia omituisia treffisivustoja ihmisille, jotka ovat kiinnostuneita tutkimaan seksuaalisia fetissej\u00e4\u00e4n ja omituisuuksiaan. N\u00e4m\u00e4 sivustot tarjoavat turvallisen ja mukavan ymp\u00e4rist\u00f6n, jossa ihmiset voivat olla yhteydess\u00e4 muihin, joilla on samanlaisia kiinnostuksen kohteita. Kink-treffisivustot voivat olla loistava tapa tavata uusia ihmisi\u00e4 ja tutkia seksuaalisuuttasi turvallisella ja yhteisymm\u00e4rrykseen perustuvalla tavalla. Paikallinen BDSM-kytkent\u00e4 Jos etsit paikallisia BDSM-kytkent\u00f6j\u00e4, sinun...Read more\" \/>\n<meta property=\"og:url\" content=\"https:\/\/theyoungmessiah.com\/fi\/kink-treffisivustot\/\" \/>\n<meta property=\"og:site_name\" content=\"Online Adult Dating\" \/>\n<meta name=\"twitter:card\" content=\"summary_large_image\" \/>\n<meta name=\"twitter:label1\" content=\"Arvioitu lukuaika\" \/>\n\t<meta name=\"twitter:data1\" content=\"3 minuuttia\" \/>\n<script type=\"application\/ld+json\" class=\"yoast-schema-graph\">{\"@context\":\"https:\/\/schema.org\",\"@graph\":[{\"@type\":\"WebSite\",\"@id\":\"https:\/\/theyoungmessiah.com\/fi\/#website\",\"url\":\"https:\/\/theyoungmessiah.com\/fi\/\",\"name\":\"Online Adult Dating\",\"description\":\"Local Sex Hookups\",\"potentialAction\":[{\"@type\":\"SearchAction\",\"target\":{\"@type\":\"EntryPoint\",\"urlTemplate\":\"https:\/\/theyoungmessiah.com\/fi\/?s={search_term_string}\"},\"query-input\":\"required name=search_term_string\"}],\"inLanguage\":\"fi\"},{\"@type\":\"WebPage\",\"@id\":\"https:\/\/theyoungmessiah.com\/fi\/kink-treffisivustot\/#webpage\",\"url\":\"https:\/\/theyoungmessiah.com\/fi\/kink-treffisivustot\/\",\"name\":\"Kink-treffisivustot - Online Adult Dating\",\"isPartOf\":{\"@id\":\"https:\/\/theyoungmessiah.com\/fi\/#website\"},\"datePublished\":\"2022-10-12T12:59:19+00:00\",\"dateModified\":\"2022-10-12T12:59:19+00:00\",\"breadcrumb\":{\"@id\":\"https:\/\/theyoungmessiah.com\/fi\/kink-treffisivustot\/#breadcrumb\"},\"inLanguage\":\"fi\",\"potentialAction\":[{\"@type\":\"ReadAction\",\"target\":[\"https:\/\/theyoungmessiah.com\/fi\/kink-treffisivustot\/\"]}]},{\"@type\":\"BreadcrumbList\",\"@id\":\"https:\/\/theyoungmessiah.com\/fi\/kink-treffisivustot\/#breadcrumb\",\"itemListElement\":[{\"@type\":\"ListItem\",\"position\":1,\"name\":\"Home\",\"item\":\"http:\/\/theyoungmessiah.com\/fi\/\"},{\"@type\":\"ListItem\",\"position\":2,\"name\":\"Kink-treffisivustot\"}]}]}<\/script>\n<!-- \/ Yoast SEO plugin. -->","yoast_head_json":{"title":"Kink-treffisivustot - Online Adult Dating","robots":{"index":"index","follow":"follow","max-snippet":"max-snippet:-1","max-image-preview":"max-image-preview:large","max-video-preview":"max-video-preview:-1"},"canonical":"https:\/\/theyoungmessiah.com\/fi\/kink-treffisivustot\/","og_locale":"fi_FI","og_type":"article","og_title":"Kink-treffisivustot - Online Adult Dating","og_description":"On olemassa erilaisia omituisia treffisivustoja ihmisille, jotka ovat kiinnostuneita tutkimaan seksuaalisia fetissej\u00e4\u00e4n ja omituisuuksiaan. N\u00e4m\u00e4 sivustot tarjoavat turvallisen ja mukavan ymp\u00e4rist\u00f6n, jossa ihmiset voivat olla yhteydess\u00e4 muihin, joilla on samanlaisia kiinnostuksen kohteita. Kink-treffisivustot voivat olla loistava tapa tavata uusia ihmisi\u00e4 ja tutkia seksuaalisuuttasi turvallisella ja yhteisymm\u00e4rrykseen perustuvalla tavalla. Paikallinen BDSM-kytkent\u00e4 Jos etsit paikallisia BDSM-kytkent\u00f6j\u00e4, sinun...Read more","og_url":"https:\/\/theyoungmessiah.com\/fi\/kink-treffisivustot\/","og_site_name":"Online Adult Dating","twitter_card":"summary_large_image","twitter_misc":{"Arvioitu lukuaika":"3 minuuttia"},"schema":{"@context":"https:\/\/schema.org","@graph":[{"@type":"WebSite","@id":"https:\/\/theyoungmessiah.com\/fi\/#website","url":"https:\/\/theyoungmessiah.com\/fi\/","name":"Online Adult Dating","description":"Local Sex Hookups","potentialAction":[{"@type":"SearchAction","target":{"@type":"EntryPoint","urlTemplate":"https:\/\/theyoungmessiah.com\/fi\/?s={search_term_string}"},"query-input":"required name=search_term_string"}],"inLanguage":"fi"},{"@type":"WebPage","@id":"https:\/\/theyoungmessiah.com\/fi\/kink-treffisivustot\/#webpage","url":"https:\/\/theyoungmessiah.com\/fi\/kink-treffisivustot\/","name":"Kink-treffisivustot - Online Adult Dating","isPartOf":{"@id":"https:\/\/theyoungmessiah.com\/fi\/#website"},"datePublished":"2022-10-12T12:59:19+00:00","dateModified":"2022-10-12T12:59:19+00:00","breadcrumb":{"@id":"https:\/\/theyoungmessiah.com\/fi\/kink-treffisivustot\/#breadcrumb"},"inLanguage":"fi","potentialAction":[{"@type":"ReadAction","target":["https:\/\/theyoungmessiah.com\/fi\/kink-treffisivustot\/"]}]},{"@type":"BreadcrumbList","@id":"https:\/\/theyoungmessiah.com\/fi\/kink-treffisivustot\/#breadcrumb","itemListElement":[{"@type":"ListItem","position":1,"name":"Home","item":"http:\/\/theyoungmessiah.com\/fi\/"},{"@type":"ListItem","position":2,"name":"Kink-treffisivustot"}]}]}},"_links":{"self":[{"href":"https:\/\/theyoungmessiah.com\/fi\/wp-json\/wp\/v2\/pages\/170"}],"collection":[{"href":"https:\/\/theyoungmessiah.com\/fi\/wp-json\/wp\/v2\/pages"}],"about":[{"href":"https:\/\/theyoungmessiah.com\/fi\/wp-json\/wp\/v2\/types\/page"}],"author":[{"embeddable":true,"href":"https:\/\/theyoungmessiah.com\/fi\/wp-json\/wp\/v2\/users\/1"}],"replies":[{"embeddable":true,"href":"https:\/\/theyoungmessiah.com\/fi\/wp-json\/wp\/v2\/comments?post=170"}],"version-history":[{"count":0,"href":"https:\/\/theyoungmessiah.com\/fi\/wp-json\/wp\/v2\/pages\/170\/revisions"}],"wp:attachment":[{"href":"https:\/\/theyoungmessiah.com\/fi\/wp-json\/wp\/v2\/media?parent=170"}],"curies":[{"name":"wp","href":"https:\/\/api.w.org\/{rel}","templated":true}]}}