{"id":183,"date":"2022-10-12T13:53:06","date_gmt":"2022-10-12T12:53:06","guid":{"rendered":"http:\/\/theyoungmessiah.com\/ystavat-joilla-on-etuussivustot\/"},"modified":"2022-10-12T13:53:06","modified_gmt":"2022-10-12T12:53:06","slug":"ystavat-joilla-on-etuussivustot","status":"publish","type":"page","link":"https:\/\/theyoungmessiah.com\/fi\/ystavat-joilla-on-etuussivustot\/","title":{"rendered":"Yst\u00e4v\u00e4t, joilla on etuussivustot"},"content":{"rendered":"<p>On olemassa muutamia erityyppisi\u00e4 yst\u00e4vi\u00e4, joilla on etuussivustoja. Ensimm\u00e4inen tyyppi on paikka, josta l\u00f6yd\u00e4t ihmisi\u00e4, joihin voit liitty\u00e4 ilman mit\u00e4\u00e4n. T\u00e4m\u00e4ntyyppinen verkkosivusto sopii erinomaisesti ihmisille, jotka haluavat vain pit\u00e4\u00e4 hauskaa eiv\u00e4tk\u00e4 ole huolissaan suhteeseen joutumisesta. Toinen tyyppi yst\u00e4vi\u00e4, joilla on etuja verkkosivusto, on paikka, josta voit l\u00f6yt\u00e4\u00e4 ihmisi\u00e4 t\u00e4h\u00e4n menness\u00e4 ja mahdollisesti olla suhteessa. T\u00e4m\u00e4ntyyppinen verkkosivusto sopii erinomaisesti ihmisille, jotka etsiv\u00e4t muutakin kuin vain yhteytt\u00e4.<\/p>\n<h2>Paras sivusto Fwb: lle<\/h2>\n<p>Siell\u00e4 on paljon upeita verkkosivustoja <a href=\"http:\/\/theyoungmessiah.com\/ebony-hookups\/\">, joilla voit l\u00f6yt\u00e4\u00e4 yst\u00e4v\u00e4n, jolla on etuja<\/a>, mutta henkil\u00f6kohtainen suosikkini on FWB Dates. Sit\u00e4 on helppo k\u00e4ytt\u00e4\u00e4, ja siin\u00e4 on paljon hienoja ominaisuuksia, jotka tekev\u00e4t ottelun l\u00f6yt\u00e4misest\u00e4 nopeaa ja helppoa. Lis\u00e4ksi sivustolle voi liitty\u00e4 ilmaiseksi, joten voit alkaa l\u00f6yt\u00e4\u00e4 t\u00e4ydellisen ottelusi heti. Siell\u00e4 on paljon ihmisi\u00e4, jotka etsiv\u00e4t vittukaveria. L\u00f6yd\u00e4t ne verkosta treffisivustolta tai jopa sosiaalisen median sivustoilta. Sinun tarvitsee vain etsi\u00e4 niit\u00e4 ja l\u00f6yd\u00e4t ne.<\/p>\n<p>Jos etsit vittukaveria, paras paikka etsi\u00e4 on verkossa. On olemassa monia verkkosivustoja ja sovelluksia, jotka voivat auttaa sinua l\u00f6yt\u00e4m\u00e4\u00e4n jonkun, joka on valmis kytkem\u00e4\u00e4n yhteyden. Sinun tarvitsee vain luoda profiili ja aloittaa mahdollisten otteluiden selaaminen. Kun l\u00f6yd\u00e4t jonkun, josta olet kiinnostunut, l\u00e4het\u00e4 h\u00e4nelle viesti ja katso, mihin asiat menev\u00e4t.<\/p>\n<h3>Vainflings<\/h3>\n<p>Jos etsit yst\u00e4vi\u00e4, joilla on etuustilanne, sinun kannattaa ehdottomasti tarkistaa OnlyFlings. Se on loistava treffisovellus, jonka avulla voit l\u00f6yt\u00e4\u00e4 mahdollisia otteluita alueeltasi. Sovellusta on helppo k\u00e4ytt\u00e4\u00e4 ja siin\u00e4 on paljon hienoja ominaisuuksia, mukaan lukien viestij\u00e4rjestelm\u00e4, jonka avulla voit kommunikoida mahdollisten otteluiden kanssa. Ainoa haittapuoli on, ett\u00e4 sovellus on hieman kallis, mutta se on ehdottomasti sen arvoista, jos etsit yst\u00e4vi\u00e4, joilla on etuustilanne.<\/p>\n<h3>BookOfSext<\/h3>\n<p>Jos etsit yst\u00e4vi\u00e4, joilla on etuja treffisovellus, BookOfSext on loistava vaihtoehto. Sovellus on ladattavissa ja k\u00e4ytett\u00e4viss\u00e4 ilmaiseksi, ja se on t\u00e4ynn\u00e4 ominaisuuksia, joiden avulla on helppo l\u00f6yt\u00e4\u00e4 ja muodostaa yhteys mahdollisiin otteluihin. Hakutoiminto on erityisen hy\u00f6dyllinen, ja voit k\u00e4ytt\u00e4\u00e4 sit\u00e4 l\u00f6yt\u00e4\u00e4ksesi osumia alueeltasi tai mist\u00e4 p\u00e4in maailmaa tahansa. Sovelluksessa on my\u00f6s viestiominaisuus, joten voit pit\u00e4\u00e4 yhteytt\u00e4 otteluihisi, vaikka et k\u00e4ytt\u00e4isi sovellusta. Kaiken kaikkiaan BookOfSext on loistava vaihtoehto kaikille, jotka etsiv\u00e4t yst\u00e4vi\u00e4, joilla on etujen treffisovellus.<\/p>\n<h3>Paljon kalaa<\/h3>\n<p>On monia syit\u00e4 kokeilla Paljon kalaa, varsinkin jos etsit yst\u00e4vi\u00e4, joilla on etuja. Treffisovelluksessa on suuri joukko k\u00e4ytt\u00e4ji\u00e4, joista valita, joten sinun on pakko l\u00f6yt\u00e4\u00e4 joku, joka on yhteensopiva kanssasi. Lis\u00e4ksi sovellus on ilmainen k\u00e4ytt\u00e4\u00e4, joten voit s\u00e4\u00e4st\u00e4\u00e4 rahaa muihin asioihin.<\/p>\n<p>Sovellusta on helppo k\u00e4ytt\u00e4\u00e4 ja navigoida, eik\u00e4 se ole liian monimutkainen. Voit etsi\u00e4 mahdollisia vastaavuuksia sijainnin, i\u00e4n ja muiden ehtojen mukaan ja l\u00e4hett\u00e4\u00e4 niille viestin suoraan. Sovelluksessa on my\u00f6s muutamia muita ominaisuuksia, kuten &#8221;Poke&#8221; -ominaisuus, jonka avulla voit flirttailla mahdollisten otteluiden kanssa.<\/p>\n<p>Kaiken kaikkiaan Plenty of Fish on loistava vaihtoehto kaikille, jotka etsiv\u00e4t yst\u00e4vi\u00e4, joilla on etuja. Sovellus on ilmainen k\u00e4ytt\u00e4\u00e4, ja potentiaalisten otteluiden l\u00f6yt\u00e4minen on helppoa. Lis\u00e4ksi sovelluksessa on muutamia muita ominaisuuksia, jotka tekev\u00e4t siit\u00e4 tutustumisen arvoisen.<\/p>\n<h3>Xpress<\/h3>\n<p>Jos etsit yst\u00e4vien etuussivustoa, joka todella toimittaa, Xpress on sovellus sinulle. Olen kokeillut paljon n\u00e4it\u00e4 sovelluksia ja suurin osa niist\u00e4 on t\u00e4ytt\u00e4 roskaa. Ne ovat joko t\u00e4ynn\u00e4 v\u00e4\u00e4rennettyj\u00e4 profiileja tai tyt\u00f6t ovat niin rumia, ett\u00e4 haluat mieluummin vain runkata. Mutta Xpress on erilainen. T\u00e4\u00e4ll\u00e4 olevat tyt\u00f6t ovat itse asiassa melko kuumia, ja he ovat my\u00f6s kiinnittym\u00e4ss\u00e4.<\/p>\n<p>Olen ollut yhteydess\u00e4 muutamaan Xpressin tytt\u00f6\u00f6n, ja se on aina ollut hieno kokemus. Tytt\u00f6jen kanssa on helppo puhua, ja he ovat itse asiassa hauskoja. Jos etsit yst\u00e4vien etuussivustoa, joka todella toimii, Xpress on sovellus sinulle.<\/p>\n","protected":false},"excerpt":{"rendered":"<p>On olemassa muutamia erityyppisi\u00e4 yst\u00e4vi\u00e4, joilla on etuussivustoja. Ensimm\u00e4inen tyyppi on paikka, josta l\u00f6yd\u00e4t ihmisi\u00e4, joihin voit liitty\u00e4 ilman mit\u00e4\u00e4n. T\u00e4m\u00e4ntyyppinen verkkosivusto sopii erinomaisesti ihmisille, jotka haluavat vain pit\u00e4\u00e4 hauskaa eiv\u00e4tk\u00e4 ole huolissaan suhteeseen joutumisesta. Toinen tyyppi yst\u00e4vi\u00e4, joilla on etuja verkkosivusto, on paikka, josta voit l\u00f6yt\u00e4\u00e4 ihmisi\u00e4 t\u00e4h\u00e4n menness\u00e4 ja mahdollisesti olla suhteessa. T\u00e4m\u00e4ntyyppinen&#8230;<a class=\"read-more-link button\" href=\"https:\/\/theyoungmessiah.com\/fi\/ystavat-joilla-on-etuussivustot\/\">Read more<\/a><\/p>\n","protected":false},"author":1,"featured_media":0,"parent":0,"menu_order":0,"comment_status":"closed","ping_status":"closed","template":"","meta":[],"yoast_head":"<!-- This site is optimized with the Yoast SEO plugin v17.7.1 - https:\/\/yoast.com\/wordpress\/plugins\/seo\/ -->\n<title>Yst\u00e4v\u00e4t, joilla on etuussivustot - Online Adult Dating<\/title>\n<meta name=\"robots\" content=\"index, follow, max-snippet:-1, max-image-preview:large, max-video-preview:-1\" \/>\n<link rel=\"canonical\" href=\"https:\/\/theyoungmessiah.com\/fi\/ystavat-joilla-on-etuussivustot\/\" \/>\n<meta property=\"og:locale\" content=\"fi_FI\" \/>\n<meta property=\"og:type\" content=\"article\" \/>\n<meta property=\"og:title\" content=\"Yst\u00e4v\u00e4t, joilla on etuussivustot - Online Adult Dating\" \/>\n<meta property=\"og:description\" content=\"On olemassa muutamia erityyppisi\u00e4 yst\u00e4vi\u00e4, joilla on etuussivustoja. Ensimm\u00e4inen tyyppi on paikka, josta l\u00f6yd\u00e4t ihmisi\u00e4, joihin voit liitty\u00e4 ilman mit\u00e4\u00e4n. T\u00e4m\u00e4ntyyppinen verkkosivusto sopii erinomaisesti ihmisille, jotka haluavat vain pit\u00e4\u00e4 hauskaa eiv\u00e4tk\u00e4 ole huolissaan suhteeseen joutumisesta. Toinen tyyppi yst\u00e4vi\u00e4, joilla on etuja verkkosivusto, on paikka, josta voit l\u00f6yt\u00e4\u00e4 ihmisi\u00e4 t\u00e4h\u00e4n menness\u00e4 ja mahdollisesti olla suhteessa. T\u00e4m\u00e4ntyyppinen...Read more\" \/>\n<meta property=\"og:url\" content=\"https:\/\/theyoungmessiah.com\/fi\/ystavat-joilla-on-etuussivustot\/\" \/>\n<meta property=\"og:site_name\" content=\"Online Adult Dating\" \/>\n<meta name=\"twitter:card\" content=\"summary_large_image\" \/>\n<meta name=\"twitter:label1\" content=\"Arvioitu lukuaika\" \/>\n\t<meta name=\"twitter:data1\" content=\"3 minuuttia\" \/>\n<script type=\"application\/ld+json\" class=\"yoast-schema-graph\">{\"@context\":\"https:\/\/schema.org\",\"@graph\":[{\"@type\":\"WebSite\",\"@id\":\"https:\/\/theyoungmessiah.com\/fi\/#website\",\"url\":\"https:\/\/theyoungmessiah.com\/fi\/\",\"name\":\"Online Adult Dating\",\"description\":\"Local Sex Hookups\",\"potentialAction\":[{\"@type\":\"SearchAction\",\"target\":{\"@type\":\"EntryPoint\",\"urlTemplate\":\"https:\/\/theyoungmessiah.com\/fi\/?s={search_term_string}\"},\"query-input\":\"required name=search_term_string\"}],\"inLanguage\":\"fi\"},{\"@type\":\"WebPage\",\"@id\":\"https:\/\/theyoungmessiah.com\/fi\/ystavat-joilla-on-etuussivustot\/#webpage\",\"url\":\"https:\/\/theyoungmessiah.com\/fi\/ystavat-joilla-on-etuussivustot\/\",\"name\":\"Yst\\u00e4v\\u00e4t, joilla on etuussivustot - Online Adult Dating\",\"isPartOf\":{\"@id\":\"https:\/\/theyoungmessiah.com\/fi\/#website\"},\"datePublished\":\"2022-10-12T12:53:06+00:00\",\"dateModified\":\"2022-10-12T12:53:06+00:00\",\"breadcrumb\":{\"@id\":\"https:\/\/theyoungmessiah.com\/fi\/ystavat-joilla-on-etuussivustot\/#breadcrumb\"},\"inLanguage\":\"fi\",\"potentialAction\":[{\"@type\":\"ReadAction\",\"target\":[\"https:\/\/theyoungmessiah.com\/fi\/ystavat-joilla-on-etuussivustot\/\"]}]},{\"@type\":\"BreadcrumbList\",\"@id\":\"https:\/\/theyoungmessiah.com\/fi\/ystavat-joilla-on-etuussivustot\/#breadcrumb\",\"itemListElement\":[{\"@type\":\"ListItem\",\"position\":1,\"name\":\"Home\",\"item\":\"http:\/\/theyoungmessiah.com\/fi\/\"},{\"@type\":\"ListItem\",\"position\":2,\"name\":\"Yst\\u00e4v\\u00e4t, joilla on etuussivustot\"}]}]}<\/script>\n<!-- \/ Yoast SEO plugin. -->","yoast_head_json":{"title":"Yst\u00e4v\u00e4t, joilla on etuussivustot - Online Adult Dating","robots":{"index":"index","follow":"follow","max-snippet":"max-snippet:-1","max-image-preview":"max-image-preview:large","max-video-preview":"max-video-preview:-1"},"canonical":"https:\/\/theyoungmessiah.com\/fi\/ystavat-joilla-on-etuussivustot\/","og_locale":"fi_FI","og_type":"article","og_title":"Yst\u00e4v\u00e4t, joilla on etuussivustot - Online Adult Dating","og_description":"On olemassa muutamia erityyppisi\u00e4 yst\u00e4vi\u00e4, joilla on etuussivustoja. Ensimm\u00e4inen tyyppi on paikka, josta l\u00f6yd\u00e4t ihmisi\u00e4, joihin voit liitty\u00e4 ilman mit\u00e4\u00e4n. T\u00e4m\u00e4ntyyppinen verkkosivusto sopii erinomaisesti ihmisille, jotka haluavat vain pit\u00e4\u00e4 hauskaa eiv\u00e4tk\u00e4 ole huolissaan suhteeseen joutumisesta. Toinen tyyppi yst\u00e4vi\u00e4, joilla on etuja verkkosivusto, on paikka, josta voit l\u00f6yt\u00e4\u00e4 ihmisi\u00e4 t\u00e4h\u00e4n menness\u00e4 ja mahdollisesti olla suhteessa. T\u00e4m\u00e4ntyyppinen...Read more","og_url":"https:\/\/theyoungmessiah.com\/fi\/ystavat-joilla-on-etuussivustot\/","og_site_name":"Online Adult Dating","twitter_card":"summary_large_image","twitter_misc":{"Arvioitu lukuaika":"3 minuuttia"},"schema":{"@context":"https:\/\/schema.org","@graph":[{"@type":"WebSite","@id":"https:\/\/theyoungmessiah.com\/fi\/#website","url":"https:\/\/theyoungmessiah.com\/fi\/","name":"Online Adult Dating","description":"Local Sex Hookups","potentialAction":[{"@type":"SearchAction","target":{"@type":"EntryPoint","urlTemplate":"https:\/\/theyoungmessiah.com\/fi\/?s={search_term_string}"},"query-input":"required name=search_term_string"}],"inLanguage":"fi"},{"@type":"WebPage","@id":"https:\/\/theyoungmessiah.com\/fi\/ystavat-joilla-on-etuussivustot\/#webpage","url":"https:\/\/theyoungmessiah.com\/fi\/ystavat-joilla-on-etuussivustot\/","name":"Yst\u00e4v\u00e4t, joilla on etuussivustot - Online Adult Dating","isPartOf":{"@id":"https:\/\/theyoungmessiah.com\/fi\/#website"},"datePublished":"2022-10-12T12:53:06+00:00","dateModified":"2022-10-12T12:53:06+00:00","breadcrumb":{"@id":"https:\/\/theyoungmessiah.com\/fi\/ystavat-joilla-on-etuussivustot\/#breadcrumb"},"inLanguage":"fi","potentialAction":[{"@type":"ReadAction","target":["https:\/\/theyoungmessiah.com\/fi\/ystavat-joilla-on-etuussivustot\/"]}]},{"@type":"BreadcrumbList","@id":"https:\/\/theyoungmessiah.com\/fi\/ystavat-joilla-on-etuussivustot\/#breadcrumb","itemListElement":[{"@type":"ListItem","position":1,"name":"Home","item":"http:\/\/theyoungmessiah.com\/fi\/"},{"@type":"ListItem","position":2,"name":"Yst\u00e4v\u00e4t, joilla on etuussivustot"}]}]}},"_links":{"self":[{"href":"https:\/\/theyoungmessiah.com\/fi\/wp-json\/wp\/v2\/pages\/183"}],"collection":[{"href":"https:\/\/theyoungmessiah.com\/fi\/wp-json\/wp\/v2\/pages"}],"about":[{"href":"https:\/\/theyoungmessiah.com\/fi\/wp-json\/wp\/v2\/types\/page"}],"author":[{"embeddable":true,"href":"https:\/\/theyoungmessiah.com\/fi\/wp-json\/wp\/v2\/users\/1"}],"replies":[{"embeddable":true,"href":"https:\/\/theyoungmessiah.com\/fi\/wp-json\/wp\/v2\/comments?post=183"}],"version-history":[{"count":0,"href":"https:\/\/theyoungmessiah.com\/fi\/wp-json\/wp\/v2\/pages\/183\/revisions"}],"wp:attachment":[{"href":"https:\/\/theyoungmessiah.com\/fi\/wp-json\/wp\/v2\/media?parent=183"}],"curies":[{"name":"wp","href":"https:\/\/api.w.org\/{rel}","templated":true}]}}