{"id":185,"date":"2022-10-12T14:00:38","date_gmt":"2022-10-12T13:00:38","guid":{"rendered":"http:\/\/theyoungmessiah.com\/biseksuaalinen-kytkenta\/"},"modified":"2022-10-12T14:00:38","modified_gmt":"2022-10-12T13:00:38","slug":"biseksuaalinen-kytkenta","status":"publish","type":"page","link":"https:\/\/theyoungmessiah.com\/fi\/biseksuaalinen-kytkenta\/","title":{"rendered":"Biseksuaalinen kytkent\u00e4"},"content":{"rendered":"<p>On olemassa muutamia erilaisia biseksuaalisia treffisivustoja, joiden avulla voit muodostaa yhteyden jonkun kanssa. N\u00e4m\u00e4 sivustot on suunniteltu erityisesti ihmisille, jotka ovat kiinnostuneita treffailusta tai yhteydenpidosta jonkun biseksuaalin kanssa. Ne voivat olla loistava tapa tavata uusia ihmisi\u00e4 ja tutkia seksuaalisuuttasi. On kuitenkin t\u00e4rke\u00e4\u00e4 olla varovainen k\u00e4ytt\u00e4ess\u00e4si n\u00e4it\u00e4 sivustoja, koska on joitain ihmisi\u00e4, jotka eiv\u00e4t ehk\u00e4 ole aitoja. Muista aina keskustella ihmisten kanssa verkossa ennen kuin tapaat heid\u00e4t henkil\u00f6kohtaisesti.<\/p>\n<h2>Biseksuaaliset verkkosivustot<\/h2>\n<p>On olemassa monia biseksuaalisia verkkosivustoja, jotka palvelevat niit\u00e4, jotka ovat kiinnostuneita tapaamaan sek\u00e4 miehi\u00e4 ett\u00e4 naisia. N\u00e4ill\u00e4 sivustoilla on yleens\u00e4 suuri joukko j\u00e4seni\u00e4, joista valita, ja ne tarjoavat erilaisia ominaisuuksia, jotka tekev\u00e4t niist\u00e4 helppok\u00e4ytt\u00f6isi\u00e4 ja tehokkaita auttamaan ihmisi\u00e4 l\u00f6yt\u00e4m\u00e4\u00e4n yhteensopivia otteluita. Jotkut suosituimmista biseksuaalisista treffisivustoista ovat Bicupid, BiPeopleMeet ja BiCurious. N\u00e4m\u00e4 sivustot ovat olleet olemassa jo jonkin aikaa, ja ne ovat vakiinnuttaneet maineensa luotettavina ja onnistuneina auttamaan ihmisi\u00e4 l\u00f6yt\u00e4m\u00e4\u00e4n etsim\u00e4ns\u00e4.<\/p>\n<h2>Rento Bi-treffit<\/h2>\n<p>On monia syit\u00e4 kokeilla rentoa bi-treffailua. Ehk\u00e4 olet utelias tutkimaan seksuaalisuuttasi tai olet kiinnostunut kokeilemaan jotain uutta kumppanisi kanssa. Olipa syy mik\u00e4 tahansa, rento bi-treffit voivat olla loistava tapa tavata uusia ihmisi\u00e4 ja pit\u00e4\u00e4 hauskaa.<\/p>\n<p>On muutamia asioita, jotka on pidett\u00e4v\u00e4 mieless\u00e4, jos harkitset rentoa bi-treffailua. Ensinn\u00e4kin on t\u00e4rke\u00e4\u00e4 olla rehellinen itsellesi ja kumppanillesi siit\u00e4, mit\u00e4 etsit. Kerro selke\u00e4sti rajoistasi ja odotuksistasi ja varmista, ett\u00e4 kaikki ovat samalla sivulla. On my\u00f6s hyv\u00e4 idea tehd\u00e4 tutkimusta etuk\u00e4teen, jotta tied\u00e4t mit\u00e4 odottaa.<\/p>\n<p>Jos olet avoin ja rehellinen etsim\u00e4st\u00e4si, rento bi-treffit voivat olla loistava tapa tutkia seksuaalisuuttasi ja pit\u00e4\u00e4 hauskaa. Muista vain kommunikoida kumppanisi kanssa ja asettaa joitain rajoja, jotta kaikki ovat mukavia ja turvallisia.<\/p>\n<p>Ei voida kiist\u00e4\u00e4, ett\u00e4 <a href=\"http:\/\/theyoungmessiah.com\/meet-for-sex\/\">online-treffit ovat tehneet yhteyden muodostamisesta helpompaa kuin koskaan ennen<\/a>. Mutta biseksuaalisille sinkuille voi olla hieman vaikeampaa l\u00f6yt\u00e4\u00e4 hyv\u00e4 ottelu.<\/p>\n<p>Vaikka on olemassa paljon treffisivustoja ja -sovelluksia, jotka palvelevat suoria sinkkuja, biseksuaaleiksi identifioituville ei ole niin paljon vaihtoehtoja. Ja sen vuoksi biseksuaalisia kytkent\u00f6j\u00e4 voi olla hieman vaikeampi saada.<\/p>\n<p>Mutta se ei tarkoita, ett\u00e4 niit\u00e4 olisi mahdotonta l\u00f6yt\u00e4\u00e4. Siell\u00e4 on muutamia biseksuaalikohtaisia treffisivustoja ja -sovelluksia, ja jopa joitain yleisi\u00e4 treffisivustoja ja -sovelluksia, jotka sis\u00e4lt\u00e4v\u00e4t kaikki seksuaaliset suuntautumiset.<\/p>\n<p>Joten jos etsit biseksuaalista yhteytt\u00e4, \u00e4l\u00e4 ep\u00e4toivo. Siell\u00e4 on paljon ihmisi\u00e4, jotka ovat aivan kuten sin\u00e4.<\/p>\n<h3>Lovoo<\/h3>\n<p>Lovoo on treffisovellus, jonka suosio kasvaa erityisesti biseksuaalisten sinkkujen keskuudessa. Sovellusta on helppo k\u00e4ytt\u00e4\u00e4 ja sill\u00e4 on k\u00e4ytt\u00e4j\u00e4yst\u00e4v\u00e4llinen k\u00e4ytt\u00f6liittym\u00e4. Siin\u00e4 on my\u00f6s paljon ominaisuuksia, jotka tekev\u00e4t siit\u00e4 loistavan vaihtoehdon biseksuaaliseen treffailuun. Esimerkiksi Lovoolla on ominaisuus, jonka avulla k\u00e4ytt\u00e4j\u00e4t voivat n\u00e4hd\u00e4, kuka on verkossa samanaikaisesti heid\u00e4n kanssaan. T\u00e4m\u00e4 sopii erinomaisesti potentiaalisten otteluiden l\u00f6yt\u00e4miseen, jotka ovat verkossa ja valmiita keskustelemaan. Sovelluksessa on my\u00f6s &#8221;matchmaker&#8221; -ominaisuus, joka auttaa k\u00e4ytt\u00e4ji\u00e4 l\u00f6yt\u00e4m\u00e4\u00e4n mahdollisia osumia kiinnostuksen kohteidensa perusteella. Kaiken kaikkiaan Lovoo on loistava vaihtoehto biseksuaalisille sinkuille, jotka etsiv\u00e4t treffisovellusta, jota on helppo k\u00e4ytt\u00e4\u00e4 ja jossa on paljon ominaisuuksia.<\/p>\n<h3>BoneAMilf<\/h3>\n<p>BoneAMilf on uusi treffisovellus, joka ravistelee biseksuaalien online-treffimaailmaa. T\u00e4m\u00e4 sovellus on suunniteltu erityisesti niille, jotka ovat kiinnostuneita kypsist\u00e4 naisista ja haluavat l\u00f6yt\u00e4\u00e4 treffit tai yhteyden sellaisen kanssa. Sovellusta on helppo k\u00e4ytt\u00e4\u00e4 ja sill\u00e4 on puhdas, moderni k\u00e4ytt\u00f6liittym\u00e4. Sill\u00e4 on my\u00f6s suuri tietokanta k\u00e4ytt\u00e4jist\u00e4, joten l\u00f6yd\u00e4t varmasti jonkun, joka t\u00e4ytt\u00e4\u00e4 kriteerisi.<\/p>\n<h3>FriendFinder-X<\/h3>\n<p>FriendFinder-X on loistava vaihtoehto biseksuaalisille sinkuille tai pariskunnille, jotka etsiv\u00e4t seksik\u00e4st\u00e4 hauskaa verkossa. Sivustolla on miljoonia j\u00e4seni\u00e4 ymp\u00e4ri maailmaa, joten jokaiselle l\u00f6ytyy ehdottomasti jotain. Rekister\u00f6itymisprosessi on nopea ja helppo, ja voit aloittaa keskustelun, flirttailun ja yhteydenpidon heti.<\/p>\n<p>Sivustolla on paljon hienoja ominaisuuksia, kuten live-chat, videokeskustelu ja virtuaalimaailma, jossa voit tutkia fantasioitasi. L\u00f6yd\u00e4t my\u00f6s paikallisia j\u00e4seni\u00e4, joiden kanssa voit olla yhteydess\u00e4 henkil\u00f6kohtaisesti. FriendFinder-X on loistava vaihtoehto kaikille, jotka etsiv\u00e4t biseksuaalista hauskaa.<\/p>\n<h3>Yhdess\u00e42y\u00f6<\/h3>\n<p>Jos etsit treffisovellusta, joka palvelee biseksuaalisia sinkkuja, sinun kannattaa tutustua Together2Nightiin. T\u00e4m\u00e4 sovellus on yksi suosituimmista biseksuaalisista treffisivustoista, ja on helppo ymm\u00e4rt\u00e4\u00e4 miksi. Sivustolla on puhdas, helppok\u00e4ytt\u00f6inen k\u00e4ytt\u00f6liittym\u00e4, ja se on t\u00e4ynn\u00e4 ominaisuuksia, joiden avulla on helppo muodostaa yhteys muihin biseksuaalisiin sinkkuihin. Mik\u00e4 parasta, liittyminen on ilmaista, joten voit aloittaa uusien ihmisten tapaamisen heti.<\/p>\n","protected":false},"excerpt":{"rendered":"<p>On olemassa muutamia erilaisia biseksuaalisia treffisivustoja, joiden avulla voit muodostaa yhteyden jonkun kanssa. N\u00e4m\u00e4 sivustot on suunniteltu erityisesti ihmisille, jotka ovat kiinnostuneita treffailusta tai yhteydenpidosta jonkun biseksuaalin kanssa. Ne voivat olla loistava tapa tavata uusia ihmisi\u00e4 ja tutkia seksuaalisuuttasi. On kuitenkin t\u00e4rke\u00e4\u00e4 olla varovainen k\u00e4ytt\u00e4ess\u00e4si n\u00e4it\u00e4 sivustoja, koska on joitain ihmisi\u00e4, jotka eiv\u00e4t ehk\u00e4 ole&#8230;<a class=\"read-more-link button\" href=\"https:\/\/theyoungmessiah.com\/fi\/biseksuaalinen-kytkenta\/\">Read more<\/a><\/p>\n","protected":false},"author":1,"featured_media":0,"parent":0,"menu_order":0,"comment_status":"closed","ping_status":"closed","template":"","meta":[],"yoast_head":"<!-- This site is optimized with the Yoast SEO plugin v17.7.1 - https:\/\/yoast.com\/wordpress\/plugins\/seo\/ -->\n<title>Biseksuaalinen kytkent\u00e4 - Online Adult Dating<\/title>\n<meta name=\"robots\" content=\"index, follow, max-snippet:-1, max-image-preview:large, max-video-preview:-1\" \/>\n<link rel=\"canonical\" href=\"https:\/\/theyoungmessiah.com\/fi\/biseksuaalinen-kytkenta\/\" \/>\n<meta property=\"og:locale\" content=\"fi_FI\" \/>\n<meta property=\"og:type\" content=\"article\" \/>\n<meta property=\"og:title\" content=\"Biseksuaalinen kytkent\u00e4 - Online Adult Dating\" \/>\n<meta property=\"og:description\" content=\"On olemassa muutamia erilaisia biseksuaalisia treffisivustoja, joiden avulla voit muodostaa yhteyden jonkun kanssa. N\u00e4m\u00e4 sivustot on suunniteltu erityisesti ihmisille, jotka ovat kiinnostuneita treffailusta tai yhteydenpidosta jonkun biseksuaalin kanssa. Ne voivat olla loistava tapa tavata uusia ihmisi\u00e4 ja tutkia seksuaalisuuttasi. On kuitenkin t\u00e4rke\u00e4\u00e4 olla varovainen k\u00e4ytt\u00e4ess\u00e4si n\u00e4it\u00e4 sivustoja, koska on joitain ihmisi\u00e4, jotka eiv\u00e4t ehk\u00e4 ole...Read more\" \/>\n<meta property=\"og:url\" content=\"https:\/\/theyoungmessiah.com\/fi\/biseksuaalinen-kytkenta\/\" \/>\n<meta property=\"og:site_name\" content=\"Online Adult Dating\" \/>\n<meta name=\"twitter:card\" content=\"summary_large_image\" \/>\n<meta name=\"twitter:label1\" content=\"Arvioitu lukuaika\" \/>\n\t<meta name=\"twitter:data1\" content=\"4 minuuttia\" \/>\n<script type=\"application\/ld+json\" class=\"yoast-schema-graph\">{\"@context\":\"https:\/\/schema.org\",\"@graph\":[{\"@type\":\"WebSite\",\"@id\":\"https:\/\/theyoungmessiah.com\/fi\/#website\",\"url\":\"https:\/\/theyoungmessiah.com\/fi\/\",\"name\":\"Online Adult Dating\",\"description\":\"Local Sex Hookups\",\"potentialAction\":[{\"@type\":\"SearchAction\",\"target\":{\"@type\":\"EntryPoint\",\"urlTemplate\":\"https:\/\/theyoungmessiah.com\/fi\/?s={search_term_string}\"},\"query-input\":\"required name=search_term_string\"}],\"inLanguage\":\"fi\"},{\"@type\":\"WebPage\",\"@id\":\"https:\/\/theyoungmessiah.com\/fi\/biseksuaalinen-kytkenta\/#webpage\",\"url\":\"https:\/\/theyoungmessiah.com\/fi\/biseksuaalinen-kytkenta\/\",\"name\":\"Biseksuaalinen kytkent\\u00e4 - Online Adult Dating\",\"isPartOf\":{\"@id\":\"https:\/\/theyoungmessiah.com\/fi\/#website\"},\"datePublished\":\"2022-10-12T13:00:38+00:00\",\"dateModified\":\"2022-10-12T13:00:38+00:00\",\"breadcrumb\":{\"@id\":\"https:\/\/theyoungmessiah.com\/fi\/biseksuaalinen-kytkenta\/#breadcrumb\"},\"inLanguage\":\"fi\",\"potentialAction\":[{\"@type\":\"ReadAction\",\"target\":[\"https:\/\/theyoungmessiah.com\/fi\/biseksuaalinen-kytkenta\/\"]}]},{\"@type\":\"BreadcrumbList\",\"@id\":\"https:\/\/theyoungmessiah.com\/fi\/biseksuaalinen-kytkenta\/#breadcrumb\",\"itemListElement\":[{\"@type\":\"ListItem\",\"position\":1,\"name\":\"Home\",\"item\":\"http:\/\/theyoungmessiah.com\/fi\/\"},{\"@type\":\"ListItem\",\"position\":2,\"name\":\"Biseksuaalinen kytkent\\u00e4\"}]}]}<\/script>\n<!-- \/ Yoast SEO plugin. -->","yoast_head_json":{"title":"Biseksuaalinen kytkent\u00e4 - Online Adult Dating","robots":{"index":"index","follow":"follow","max-snippet":"max-snippet:-1","max-image-preview":"max-image-preview:large","max-video-preview":"max-video-preview:-1"},"canonical":"https:\/\/theyoungmessiah.com\/fi\/biseksuaalinen-kytkenta\/","og_locale":"fi_FI","og_type":"article","og_title":"Biseksuaalinen kytkent\u00e4 - Online Adult Dating","og_description":"On olemassa muutamia erilaisia biseksuaalisia treffisivustoja, joiden avulla voit muodostaa yhteyden jonkun kanssa. N\u00e4m\u00e4 sivustot on suunniteltu erityisesti ihmisille, jotka ovat kiinnostuneita treffailusta tai yhteydenpidosta jonkun biseksuaalin kanssa. Ne voivat olla loistava tapa tavata uusia ihmisi\u00e4 ja tutkia seksuaalisuuttasi. On kuitenkin t\u00e4rke\u00e4\u00e4 olla varovainen k\u00e4ytt\u00e4ess\u00e4si n\u00e4it\u00e4 sivustoja, koska on joitain ihmisi\u00e4, jotka eiv\u00e4t ehk\u00e4 ole...Read more","og_url":"https:\/\/theyoungmessiah.com\/fi\/biseksuaalinen-kytkenta\/","og_site_name":"Online Adult Dating","twitter_card":"summary_large_image","twitter_misc":{"Arvioitu lukuaika":"4 minuuttia"},"schema":{"@context":"https:\/\/schema.org","@graph":[{"@type":"WebSite","@id":"https:\/\/theyoungmessiah.com\/fi\/#website","url":"https:\/\/theyoungmessiah.com\/fi\/","name":"Online Adult Dating","description":"Local Sex Hookups","potentialAction":[{"@type":"SearchAction","target":{"@type":"EntryPoint","urlTemplate":"https:\/\/theyoungmessiah.com\/fi\/?s={search_term_string}"},"query-input":"required name=search_term_string"}],"inLanguage":"fi"},{"@type":"WebPage","@id":"https:\/\/theyoungmessiah.com\/fi\/biseksuaalinen-kytkenta\/#webpage","url":"https:\/\/theyoungmessiah.com\/fi\/biseksuaalinen-kytkenta\/","name":"Biseksuaalinen kytkent\u00e4 - Online Adult Dating","isPartOf":{"@id":"https:\/\/theyoungmessiah.com\/fi\/#website"},"datePublished":"2022-10-12T13:00:38+00:00","dateModified":"2022-10-12T13:00:38+00:00","breadcrumb":{"@id":"https:\/\/theyoungmessiah.com\/fi\/biseksuaalinen-kytkenta\/#breadcrumb"},"inLanguage":"fi","potentialAction":[{"@type":"ReadAction","target":["https:\/\/theyoungmessiah.com\/fi\/biseksuaalinen-kytkenta\/"]}]},{"@type":"BreadcrumbList","@id":"https:\/\/theyoungmessiah.com\/fi\/biseksuaalinen-kytkenta\/#breadcrumb","itemListElement":[{"@type":"ListItem","position":1,"name":"Home","item":"http:\/\/theyoungmessiah.com\/fi\/"},{"@type":"ListItem","position":2,"name":"Biseksuaalinen kytkent\u00e4"}]}]}},"_links":{"self":[{"href":"https:\/\/theyoungmessiah.com\/fi\/wp-json\/wp\/v2\/pages\/185"}],"collection":[{"href":"https:\/\/theyoungmessiah.com\/fi\/wp-json\/wp\/v2\/pages"}],"about":[{"href":"https:\/\/theyoungmessiah.com\/fi\/wp-json\/wp\/v2\/types\/page"}],"author":[{"embeddable":true,"href":"https:\/\/theyoungmessiah.com\/fi\/wp-json\/wp\/v2\/users\/1"}],"replies":[{"embeddable":true,"href":"https:\/\/theyoungmessiah.com\/fi\/wp-json\/wp\/v2\/comments?post=185"}],"version-history":[{"count":0,"href":"https:\/\/theyoungmessiah.com\/fi\/wp-json\/wp\/v2\/pages\/185\/revisions"}],"wp:attachment":[{"href":"https:\/\/theyoungmessiah.com\/fi\/wp-json\/wp\/v2\/media?parent=185"}],"curies":[{"name":"wp","href":"https:\/\/api.w.org\/{rel}","templated":true}]}}