{"id":193,"date":"2022-10-12T14:00:11","date_gmt":"2022-10-12T13:00:11","guid":{"rendered":"http:\/\/theyoungmessiah.com\/tapaa-seksia-varten\/"},"modified":"2022-10-12T14:00:11","modified_gmt":"2022-10-12T13:00:11","slug":"tapaa-seksia-varten","status":"publish","type":"page","link":"https:\/\/theyoungmessiah.com\/fi\/tapaa-seksia-varten\/","title":{"rendered":"Tapaa seksi\u00e4 varten"},"content":{"rendered":"<p>Kun kaksi ihmist\u00e4 tapaa seksi\u00e4 varten, se johtuu yleens\u00e4 siit\u00e4, ett\u00e4 he ovat kiinnostuneita toisistaan ja haluavat olla yhdynn\u00e4ss\u00e4. Joskus ihmiset tapaavat seksi\u00e4 varten, koska he etsiv\u00e4t rentoa seksuaalista kohtaamista ilman emotionaalista kiintymyst\u00e4; n\u00e4in ei kuitenkaan aina ole. Ihmiset voivat my\u00f6s tavata seksi\u00e4 varten, koska he ovat sitoutuneessa suhteessa ja haluavat pirist\u00e4\u00e4 asioita tai koska he ovat avoimessa suhteessa ja etsiv\u00e4t uusia seksikumppaneita. Riippumatta siit\u00e4, mik\u00e4 syy on, seksitapaaminen voi olla hauska ja j\u00e4nnitt\u00e4v\u00e4 kokemus molemmille osapuolille.<\/p>\n<h2>Paikalliset seksisivustot<\/h2>\n<p>Useimmat treffisivustot on suunniteltu auttamaan ihmisi\u00e4 l\u00f6yt\u00e4m\u00e4\u00e4n paikallisia sinkkuja alueeltaan. On kuitenkin my\u00f6s useita seksisivustoja, jotka palvelevat ihmisi\u00e4, jotka etsiv\u00e4t paikallisia kytkent\u00f6j\u00e4. N\u00e4m\u00e4 sivustot voivat olla loistava tapa l\u00f6yt\u00e4\u00e4 paikallisia kumppaneita satunnaiseen seksiin, mutta on t\u00e4rke\u00e4\u00e4 olla tietoinen siihen liittyvist\u00e4 riskeist\u00e4.<\/p>\n<p>On olemassa muutamia asioita, jotka on pidett\u00e4v\u00e4 mieless\u00e4, kun k\u00e4yt\u00e4t paikallisia seksisivustoja. Ensinn\u00e4kin on t\u00e4rke\u00e4\u00e4 varmistaa, ett\u00e4 tapaat vain ihmisi\u00e4, jotka ovat t\u00e4ysi-ik\u00e4isi\u00e4. Toiseksi on t\u00e4rke\u00e4\u00e4 olla tietoinen huijausten mahdollisuudesta. On olemassa useita ihmisi\u00e4, jotka luovat v\u00e4\u00e4rennettyj\u00e4 profiileja n\u00e4ille sivustoille hy\u00f6dynt\u00e4\u00e4kseen hyv\u00e4uskoisia k\u00e4ytt\u00e4ji\u00e4. Lopuksi on t\u00e4rke\u00e4\u00e4 k\u00e4ytt\u00e4\u00e4 tervett\u00e4 j\u00e4rke\u00e4, kun tapaat jonkun paikalliselta seksisivustolta. Varmista, ett\u00e4 tapaat julkisella paikalla ja ett\u00e4 sinulla on tapa ottaa yhteytt\u00e4 toisiinsa, jos jokin menee pieleen.<\/p>\n<h2>Ilmaiset seksitreffisivustot<\/h2>\n<p>Verkossa on monia ilmaisia seksitreffisivustoja, jotka palvelevat ihmisi\u00e4, jotka etsiv\u00e4t rentoja seksiyhteyksi\u00e4. N\u00e4m\u00e4 sivustot ovat yleens\u00e4 helppok\u00e4ytt\u00f6isi\u00e4, ja niiden avulla voit etsi\u00e4 alueeltasi ihmisi\u00e4, jotka etsiv\u00e4t samaa asiaa kuin sin\u00e4. Voit yleens\u00e4 l\u00e4hett\u00e4\u00e4 n\u00e4ille ihmisille viestin ja j\u00e4rjest\u00e4\u00e4 tapaamisen yhteydenpitoon. On kuitenkin t\u00e4rke\u00e4\u00e4 muistaa, ett\u00e4 kaikki n\u00e4ill\u00e4 sivustoilla eiv\u00e4t etsi samaa asiaa, joten on t\u00e4rke\u00e4\u00e4 olla selv\u00e4 siit\u00e4, mit\u00e4 etsit, ennen kuin tapaat jonkun kanssa.<\/p>\n<h2>Ilmaiset seksisivustot<\/h2>\n<p>Siell\u00e4 on paljon ilmaisia seksisivustoja, mutta kaikkia niit\u00e4 ei kannata k\u00e4ytt\u00e4\u00e4. Niill\u00e4, joita kannattaa k\u00e4ytt\u00e4\u00e4, on paljon j\u00e4seni\u00e4 ja ne ovat helppok\u00e4ytt\u00f6isi\u00e4. Sinun pit\u00e4isi my\u00f6s pysty\u00e4 l\u00f6yt\u00e4m\u00e4\u00e4n otteluita helposti n\u00e4ilt\u00e4 sivustoilta.<\/p>\n<h3>BBWCupid<\/h3>\n<p>BBWCupid on treffisovellus, joka on suunniteltu kurvikkaille naisille ja heit\u00e4 rakastaville miehille. Profiilin lataaminen ja luominen on ilmaista, ja voit selata alueesi paikallisten sinkkujen profiileja. Jos n\u00e4et jonkun, josta pid\u00e4t, voit l\u00e4hett\u00e4\u00e4 h\u00e4nelle viestin ja n\u00e4hd\u00e4, onko h\u00e4n kiinnostunut tapaamaan.<\/p>\n<p>Sovellus on helppok\u00e4ytt\u00f6inen ja siin\u00e4 on paljon hienoja ominaisuuksia, kuten videokeskustelu ja pikaviestit. Se on loistava tapa tavata kurvikkaita naisia treffailua, yst\u00e4vyytt\u00e4 tai jopa vain yhteydenpitoa varten. Jos etsit BBW-treffisovellusta, BBWCupid on loistava vaihtoehto.<\/p>\n<h3>SimpleFlirts<\/h3>\n<p>SimpleFlirts on suosittu treffisovellus, joka auttaa ihmisi\u00e4 olemaan yhteydess\u00e4 toisiinsa rentoa seksi\u00e4 varten. Sovelluksella on hyv\u00e4 maine helppok\u00e4ytt\u00f6isen\u00e4 ja ihmisten nopeana yhdist\u00e4misen\u00e4. Sovellus on ladattavissa ja k\u00e4ytett\u00e4viss\u00e4 ilmaiseksi, ja se tarjoaa k\u00e4ytt\u00e4jilleen laajan valikoiman ominaisuuksia. Jotkut k\u00e4ytt\u00e4j\u00e4t ovat kuitenkin valittaneet, ett\u00e4 sovellus on buginen ja ett\u00e4 hakutoiminto puuttuu. Kaiken kaikkiaan SimpleFlirts on hyv\u00e4 vaihtoehto ihmisille, jotka etsiv\u00e4t rentoja seksikumppaneita.<\/p>\n<h3>Rubmap-kartat<\/h3>\n<p>Rubmaps on suosittu treffisovellus, jonka avulla k\u00e4ytt\u00e4j\u00e4t voivat l\u00f6yt\u00e4\u00e4 potentiaalisia kumppaneita satunnaisiin kohtaamisiin. Sovelluksella on yksinkertainen k\u00e4ytt\u00f6liittym\u00e4 ja se on helppok\u00e4ytt\u00f6inen. Sill\u00e4 on my\u00f6s suuri tietokanta k\u00e4ytt\u00e4jist\u00e4, joten se on loistava valinta niille, jotka etsiv\u00e4t rentoa kohtaamista. Sovellus on ladattavissa ja k\u00e4ytett\u00e4viss\u00e4 ilmaiseksi, eik\u00e4 tili\u00e4 tarvitse luoda. On kuitenkin t\u00e4rke\u00e4\u00e4 huomata, ett\u00e4 Rubmaps ei ole kytkent\u00e4sovellus, ja k\u00e4ytt\u00e4jien tulisi olla tietoisia siit\u00e4, ett\u00e4 he saattavat tavata potentiaalisia kumppaneita seksi\u00e4 varten.<\/p>\n<h3>Xpress<\/h3>\n<p>Jos etsit treffisovellusta, joka auttaa sinua tapaamaan jonkun nopeaan kytkemiseen, Xpress on loistava vaihtoehto. Suuren k\u00e4ytt\u00e4j\u00e4kunnan ja nopean rekister\u00f6itymisprosessin ansiosta on helppo l\u00f6yt\u00e4\u00e4 joku, johon liitty\u00e4 nopeasti ja helposti. Sovelluksella on my\u00f6s hyv\u00e4 maine turvallisena, joten voit olla varma, ett\u00e4 tietosi ovat suojattuja. Koska se on kuitenkin kytkent\u00e4sovellus, on olemassa muutamia v\u00e4\u00e4rennettyj\u00e4 profiileja ja huijareita, joten ole varovainen pyyhk\u00e4isem\u00e4ll\u00e4. Kaiken kaikkiaan Xpress on loistava vaihtoehto, jos etsit nopeaa ja helppoa tapaa tavata joku nopeaa kytkemist\u00e4 varten.<\/p>\n","protected":false},"excerpt":{"rendered":"<p>Kun kaksi ihmist\u00e4 tapaa seksi\u00e4 varten, se johtuu yleens\u00e4 siit\u00e4, ett\u00e4 he ovat kiinnostuneita toisistaan ja haluavat olla yhdynn\u00e4ss\u00e4. Joskus ihmiset tapaavat seksi\u00e4 varten, koska he etsiv\u00e4t rentoa seksuaalista kohtaamista ilman emotionaalista kiintymyst\u00e4; n\u00e4in ei kuitenkaan aina ole. Ihmiset voivat my\u00f6s tavata seksi\u00e4 varten, koska he ovat sitoutuneessa suhteessa ja haluavat pirist\u00e4\u00e4 asioita tai koska&#8230;<a class=\"read-more-link button\" href=\"https:\/\/theyoungmessiah.com\/fi\/tapaa-seksia-varten\/\">Read more<\/a><\/p>\n","protected":false},"author":1,"featured_media":0,"parent":0,"menu_order":0,"comment_status":"closed","ping_status":"closed","template":"","meta":[],"yoast_head":"<!-- This site is optimized with the Yoast SEO plugin v17.7.1 - https:\/\/yoast.com\/wordpress\/plugins\/seo\/ -->\n<title>Tapaa seksi\u00e4 varten - Online Adult Dating<\/title>\n<meta name=\"robots\" content=\"index, follow, max-snippet:-1, max-image-preview:large, max-video-preview:-1\" \/>\n<link rel=\"canonical\" href=\"https:\/\/theyoungmessiah.com\/fi\/tapaa-seksia-varten\/\" \/>\n<meta property=\"og:locale\" content=\"fi_FI\" \/>\n<meta property=\"og:type\" content=\"article\" \/>\n<meta property=\"og:title\" content=\"Tapaa seksi\u00e4 varten - Online Adult Dating\" \/>\n<meta property=\"og:description\" content=\"Kun kaksi ihmist\u00e4 tapaa seksi\u00e4 varten, se johtuu yleens\u00e4 siit\u00e4, ett\u00e4 he ovat kiinnostuneita toisistaan ja haluavat olla yhdynn\u00e4ss\u00e4. Joskus ihmiset tapaavat seksi\u00e4 varten, koska he etsiv\u00e4t rentoa seksuaalista kohtaamista ilman emotionaalista kiintymyst\u00e4; n\u00e4in ei kuitenkaan aina ole. Ihmiset voivat my\u00f6s tavata seksi\u00e4 varten, koska he ovat sitoutuneessa suhteessa ja haluavat pirist\u00e4\u00e4 asioita tai koska...Read more\" \/>\n<meta property=\"og:url\" content=\"https:\/\/theyoungmessiah.com\/fi\/tapaa-seksia-varten\/\" \/>\n<meta property=\"og:site_name\" content=\"Online Adult Dating\" \/>\n<meta name=\"twitter:card\" content=\"summary_large_image\" \/>\n<meta name=\"twitter:label1\" content=\"Arvioitu lukuaika\" \/>\n\t<meta name=\"twitter:data1\" content=\"3 minuuttia\" \/>\n<script type=\"application\/ld+json\" class=\"yoast-schema-graph\">{\"@context\":\"https:\/\/schema.org\",\"@graph\":[{\"@type\":\"WebSite\",\"@id\":\"https:\/\/theyoungmessiah.com\/fi\/#website\",\"url\":\"https:\/\/theyoungmessiah.com\/fi\/\",\"name\":\"Online Adult Dating\",\"description\":\"Local Sex Hookups\",\"potentialAction\":[{\"@type\":\"SearchAction\",\"target\":{\"@type\":\"EntryPoint\",\"urlTemplate\":\"https:\/\/theyoungmessiah.com\/fi\/?s={search_term_string}\"},\"query-input\":\"required name=search_term_string\"}],\"inLanguage\":\"fi\"},{\"@type\":\"WebPage\",\"@id\":\"https:\/\/theyoungmessiah.com\/fi\/tapaa-seksia-varten\/#webpage\",\"url\":\"https:\/\/theyoungmessiah.com\/fi\/tapaa-seksia-varten\/\",\"name\":\"Tapaa seksi\\u00e4 varten - Online Adult Dating\",\"isPartOf\":{\"@id\":\"https:\/\/theyoungmessiah.com\/fi\/#website\"},\"datePublished\":\"2022-10-12T13:00:11+00:00\",\"dateModified\":\"2022-10-12T13:00:11+00:00\",\"breadcrumb\":{\"@id\":\"https:\/\/theyoungmessiah.com\/fi\/tapaa-seksia-varten\/#breadcrumb\"},\"inLanguage\":\"fi\",\"potentialAction\":[{\"@type\":\"ReadAction\",\"target\":[\"https:\/\/theyoungmessiah.com\/fi\/tapaa-seksia-varten\/\"]}]},{\"@type\":\"BreadcrumbList\",\"@id\":\"https:\/\/theyoungmessiah.com\/fi\/tapaa-seksia-varten\/#breadcrumb\",\"itemListElement\":[{\"@type\":\"ListItem\",\"position\":1,\"name\":\"Home\",\"item\":\"http:\/\/theyoungmessiah.com\/fi\/\"},{\"@type\":\"ListItem\",\"position\":2,\"name\":\"Tapaa seksi\\u00e4 varten\"}]}]}<\/script>\n<!-- \/ Yoast SEO plugin. -->","yoast_head_json":{"title":"Tapaa seksi\u00e4 varten - Online Adult Dating","robots":{"index":"index","follow":"follow","max-snippet":"max-snippet:-1","max-image-preview":"max-image-preview:large","max-video-preview":"max-video-preview:-1"},"canonical":"https:\/\/theyoungmessiah.com\/fi\/tapaa-seksia-varten\/","og_locale":"fi_FI","og_type":"article","og_title":"Tapaa seksi\u00e4 varten - Online Adult Dating","og_description":"Kun kaksi ihmist\u00e4 tapaa seksi\u00e4 varten, se johtuu yleens\u00e4 siit\u00e4, ett\u00e4 he ovat kiinnostuneita toisistaan ja haluavat olla yhdynn\u00e4ss\u00e4. Joskus ihmiset tapaavat seksi\u00e4 varten, koska he etsiv\u00e4t rentoa seksuaalista kohtaamista ilman emotionaalista kiintymyst\u00e4; n\u00e4in ei kuitenkaan aina ole. Ihmiset voivat my\u00f6s tavata seksi\u00e4 varten, koska he ovat sitoutuneessa suhteessa ja haluavat pirist\u00e4\u00e4 asioita tai koska...Read more","og_url":"https:\/\/theyoungmessiah.com\/fi\/tapaa-seksia-varten\/","og_site_name":"Online Adult Dating","twitter_card":"summary_large_image","twitter_misc":{"Arvioitu lukuaika":"3 minuuttia"},"schema":{"@context":"https:\/\/schema.org","@graph":[{"@type":"WebSite","@id":"https:\/\/theyoungmessiah.com\/fi\/#website","url":"https:\/\/theyoungmessiah.com\/fi\/","name":"Online Adult Dating","description":"Local Sex Hookups","potentialAction":[{"@type":"SearchAction","target":{"@type":"EntryPoint","urlTemplate":"https:\/\/theyoungmessiah.com\/fi\/?s={search_term_string}"},"query-input":"required name=search_term_string"}],"inLanguage":"fi"},{"@type":"WebPage","@id":"https:\/\/theyoungmessiah.com\/fi\/tapaa-seksia-varten\/#webpage","url":"https:\/\/theyoungmessiah.com\/fi\/tapaa-seksia-varten\/","name":"Tapaa seksi\u00e4 varten - Online Adult Dating","isPartOf":{"@id":"https:\/\/theyoungmessiah.com\/fi\/#website"},"datePublished":"2022-10-12T13:00:11+00:00","dateModified":"2022-10-12T13:00:11+00:00","breadcrumb":{"@id":"https:\/\/theyoungmessiah.com\/fi\/tapaa-seksia-varten\/#breadcrumb"},"inLanguage":"fi","potentialAction":[{"@type":"ReadAction","target":["https:\/\/theyoungmessiah.com\/fi\/tapaa-seksia-varten\/"]}]},{"@type":"BreadcrumbList","@id":"https:\/\/theyoungmessiah.com\/fi\/tapaa-seksia-varten\/#breadcrumb","itemListElement":[{"@type":"ListItem","position":1,"name":"Home","item":"http:\/\/theyoungmessiah.com\/fi\/"},{"@type":"ListItem","position":2,"name":"Tapaa seksi\u00e4 varten"}]}]}},"_links":{"self":[{"href":"https:\/\/theyoungmessiah.com\/fi\/wp-json\/wp\/v2\/pages\/193"}],"collection":[{"href":"https:\/\/theyoungmessiah.com\/fi\/wp-json\/wp\/v2\/pages"}],"about":[{"href":"https:\/\/theyoungmessiah.com\/fi\/wp-json\/wp\/v2\/types\/page"}],"author":[{"embeddable":true,"href":"https:\/\/theyoungmessiah.com\/fi\/wp-json\/wp\/v2\/users\/1"}],"replies":[{"embeddable":true,"href":"https:\/\/theyoungmessiah.com\/fi\/wp-json\/wp\/v2\/comments?post=193"}],"version-history":[{"count":0,"href":"https:\/\/theyoungmessiah.com\/fi\/wp-json\/wp\/v2\/pages\/193\/revisions"}],"wp:attachment":[{"href":"https:\/\/theyoungmessiah.com\/fi\/wp-json\/wp\/v2\/media?parent=193"}],"curies":[{"name":"wp","href":"https:\/\/api.w.org\/{rel}","templated":true}]}}