{"id":204,"date":"2022-10-12T13:52:44","date_gmt":"2022-10-12T12:52:44","guid":{"rendered":"http:\/\/theyoungmessiah.com\/ebony-kytkennat\/"},"modified":"2022-10-12T13:52:44","modified_gmt":"2022-10-12T12:52:44","slug":"ebony-kytkennat","status":"publish","type":"page","link":"https:\/\/theyoungmessiah.com\/fi\/ebony-kytkennat\/","title":{"rendered":"Ebony-kytkenn\u00e4t"},"content":{"rendered":"<p>Verkossa on saatavilla useita ilmaisia mustia <a href=\"http:\/\/theyoungmessiah.com\/senior-dating-apps\/\">kytkent\u00e4sivustoja<\/a>. N\u00e4m\u00e4 verkkosivustot tarjoavat alustan mustille sinkuille, jotka voivat olla yhteydess\u00e4 ja olla yhteydess\u00e4 samanhenkisiin henkil\u00f6ihin. Verkkosivustoja on helppo k\u00e4ytt\u00e4\u00e4, ja niiden avulla k\u00e4ytt\u00e4j\u00e4t voivat luoda profiilin ja selata muiden j\u00e4senten profiileja. Jotkut suosituista ilmaisista mustista kytkent\u00e4sivustoista ovat BlackPeopleMeet ja BlackSingles.<\/p>\n<h2>Mustat ilmaiset treffisovellukset<\/h2>\n<p>Internetiss\u00e4 on monia mustia ilmaisia treffisovelluksia. Yksi suosituimmista on Tinder. Tinderin avulla k\u00e4ytt\u00e4j\u00e4t voivat pyyhk\u00e4ist\u00e4 oikealle, jos he ovat kiinnostuneita henkil\u00f6st\u00e4, jota he katsovat, ja j\u00e4tt\u00e4\u00e4, jos he eiv\u00e4t ole. Jos molemmat k\u00e4ytt\u00e4j\u00e4t pyyhk\u00e4isev\u00e4t oikealle toisilleen, he ovat ottelu ja voivat aloittaa keskustelun. Tinder on suosittu valinta mustille sinkuille, koska se on yksi k\u00e4ytt\u00e4j\u00e4yst\u00e4v\u00e4llisimmist\u00e4 ja suoraviivaisimmista saatavilla olevista treffisovelluksista. Toinen suosittu musta ilmainen treffisovellus on Plenty of Fish. T\u00e4m\u00e4n sovelluksen avulla k\u00e4ytt\u00e4j\u00e4t voivat luoda profiilin ja selata mahdollisia otteluita. K\u00e4ytt\u00e4j\u00e4t voivat l\u00e4hett\u00e4\u00e4 toisilleen viestej\u00e4 ja m\u00e4\u00e4ritt\u00e4\u00e4 p\u00e4iv\u00e4m\u00e4\u00e4ri\u00e4, jos he ovat kiinnostuneita. Plenty of Fish on loistava vaihtoehto mustille sinkuille, jotka etsiv\u00e4t vakavampaa suhdetta.<\/p>\n<p>Jos etsit eebenpuuyhteyksi\u00e4, online-treffit ovat oikea tapa edet\u00e4. L\u00f6yd\u00e4t eebenpuu-sinkkuja treffisivustoilta ja -sovelluksista, jotka palvelevat mustia sinkkuja, ja voit l\u00e4hett\u00e4\u00e4 viestej\u00e4 ja keskustella heid\u00e4n kanssaan tutustuaksesi heihin paremmin. Kun olet l\u00f6yt\u00e4nyt jonkun, josta olet kiinnostunut, voit j\u00e4rjest\u00e4\u00e4 tapaamisen henkil\u00f6kohtaisesti n\u00e4hd\u00e4ksesi, onko kipin\u00e4\u00e4. Jos olette molemmat kiinnostuneita toisistanne, voitte vied\u00e4 asiat seuraavalle tasolle ja aloittaa suhteen. Online-treffien avulla on helppo l\u00f6yt\u00e4\u00e4 eebenpuu-kytkent\u00f6j\u00e4, joten miksi et kokeilisi sit\u00e4?<\/p>\n<h2>Treffit Ebony Lady<\/h2>\n<p>Jos haluat seurustella eebenpuu-naisen kanssa, sinun tulee pit\u00e4\u00e4 mieless\u00e4si muutama asia. Ensinn\u00e4kin eebenpuu-naiset ovat tyypillisesti eritt\u00e4in itsevarmoja ja itsen\u00e4isi\u00e4, joten sinun on oltava tyytyv\u00e4inen siihen. Toiseksi he ovat usein kiinnostuneita miehist\u00e4, jotka ovat menestyvi\u00e4 ja kunnianhimoisia, joten on t\u00e4rke\u00e4\u00e4 osoittaa h\u00e4nelle, ett\u00e4 olet motivoitunut ja sinulla on tavoitteita. Lopuksi eebenpuu-naiset suosivat usein miehi\u00e4, jotka ovat pitki\u00e4 ja lihaksikkaita, joten on t\u00e4rke\u00e4\u00e4 esitell\u00e4 parhaat fyysiset piirteesi. N\u00e4m\u00e4 vinkit mieless\u00e4si olet hyv\u00e4\u00e4 vauhtia vaikuttamassa unelmiesi eebenpuu-naiseen.<\/p>\n<h3>Lovoo<\/h3>\n<p>Lovoo on ilmainen musta kytkent\u00e4sivusto, jonka avulla voit l\u00f6yt\u00e4\u00e4 mustia sinkkuja alueeltasi. Sivustolla on suuri tietokanta mustista sinkuista, ja voit k\u00e4ytt\u00e4\u00e4 hakutoimintoa l\u00f6yt\u00e4\u00e4ksesi kriteerej\u00e4si vastaavia mustia sinkkuja. Sivustolla on my\u00f6s chat-toiminto, joten voit keskustella sinua kiinnostavien mustien sinkkujen kanssa. Sivustolla on my\u00f6s videotoiminto, joten voit katsella mustia sinkkuja, joista olet kiinnostunut. Sivustolla on my\u00f6s blogitoiminto, joten voit lukea mustia sinkkuja, joista olet kiinnostunut. Sivustolla on my\u00f6s foorumitoiminto, joten voit keskustella mustista sinkuista, joista olet kiinnostunut.<\/p>\n<h3>TinderMeets-hotellit<\/h3>\n<p>Jos etsit ilmaista mustaa kytkent\u00e4sivustoa, TinderMeets on loistava vaihtoehto. Sivustolla on puhdas, k\u00e4ytt\u00e4j\u00e4yst\u00e4v\u00e4llinen k\u00e4ytt\u00f6liittym\u00e4 ja se tarjoaa laajan valikoiman ominaisuuksia, joiden avulla voit l\u00f6yt\u00e4\u00e4 ottelun. Voit etsi\u00e4 osumia sijainnin, i\u00e4n ja kiinnostuksen kohteiden mukaan ja tarkastella profiileja useilla eri tavoilla. Sivustolla on my\u00f6s viestij\u00e4rjestelm\u00e4, joten voit tutustua mahdollisiin otteluihin ennen tapaamista henkil\u00f6kohtaisesti.<\/p>\n<p>Kaiken kaikkiaan TinderMeets on loistava vaihtoehto ilmaisen mustan kytkent\u00e4sivuston l\u00f6yt\u00e4miseen. Sivusto on helppok\u00e4ytt\u00f6inen ja siin\u00e4 on paljon ominaisuuksia, joiden avulla voit l\u00f6yt\u00e4\u00e4 ottelun. Ainoa haittapuoli on, ett\u00e4 sivustolla ei ole paljon j\u00e4seni\u00e4, joten saatat joutua etsim\u00e4\u00e4n jonkin aikaa l\u00f6yt\u00e4\u00e4ksesi sinulle sopivan henkil\u00f6n.<\/p>\n<h3>FlingPals<\/h3>\n<p>Jos etsit ilmaista mustaa kytkent\u00e4sivustoa, sinun kannattaa ehdottomasti tutustua FlingPalsiin. T\u00e4m\u00e4 sivusto on suunniteltu erityisesti mustille sinkuille, jotka etsiv\u00e4t rentoja kytkent\u00f6j\u00e4. Voit luoda profiilin, selata muita profiileja ja l\u00e4hett\u00e4\u00e4 viestej\u00e4 ilmaiseksi.<\/p>\n<p>Sivusto on helppok\u00e4ytt\u00f6inen ja siin\u00e4 on paljon hienoja ominaisuuksia. Voit etsi\u00e4 muita mustia sinkkuja sijainnin, i\u00e4n ja kiinnostuksen kohteiden mukaan. Voit my\u00f6s katsella muiden j\u00e4senten valokuvia ja videoita.<\/p>\n<p>Kaiken kaikkiaan FlingPals on loistava valinta mustille sinkuille, jotka etsiv\u00e4t rentoa kytkent\u00e4sivustoa. Sivusto on ilmainen k\u00e4ytt\u00e4\u00e4 ja siin\u00e4 on paljon hienoja ominaisuuksia.<\/p>\n<h3>Zoosk<\/h3>\n<p>Zoosk on treffisovellus, jonka avulla voit muodostaa yhteyden mahdollisiin osumiin Facebookin, puhelinnumerosi tai s\u00e4hk\u00f6postiosoitteesi kautta. Voit my\u00f6s luoda profiilin, jonka avulla muut k\u00e4ytt\u00e4j\u00e4t voivat l\u00f6yt\u00e4\u00e4 sinut kiinnostuksen kohteidesi ja mieltymystesi perusteella. Zooskissa on my\u00f6s &#8221;Karuselli&#8221; -ominaisuus, jonka avulla voit pyyhk\u00e4ist\u00e4 l\u00e4pi mahdollisia otteluita ja l\u00e4hett\u00e4\u00e4 heille viestin suoraan. Zoosk on ilmainen sovellus, mutta voit p\u00e4ivitt\u00e4\u00e4 maksulliseen j\u00e4senyyteen avataksesi lis\u00e4\u00e4 ominaisuuksia.<\/p>\n","protected":false},"excerpt":{"rendered":"<p>Verkossa on saatavilla useita ilmaisia mustia kytkent\u00e4sivustoja. N\u00e4m\u00e4 verkkosivustot tarjoavat alustan mustille sinkuille, jotka voivat olla yhteydess\u00e4 ja olla yhteydess\u00e4 samanhenkisiin henkil\u00f6ihin. Verkkosivustoja on helppo k\u00e4ytt\u00e4\u00e4, ja niiden avulla k\u00e4ytt\u00e4j\u00e4t voivat luoda profiilin ja selata muiden j\u00e4senten profiileja. Jotkut suosituista ilmaisista mustista kytkent\u00e4sivustoista ovat BlackPeopleMeet ja BlackSingles. Mustat ilmaiset treffisovellukset Internetiss\u00e4 on monia mustia ilmaisia&#8230;<a class=\"read-more-link button\" href=\"https:\/\/theyoungmessiah.com\/fi\/ebony-kytkennat\/\">Read more<\/a><\/p>\n","protected":false},"author":1,"featured_media":0,"parent":0,"menu_order":0,"comment_status":"closed","ping_status":"closed","template":"","meta":[],"yoast_head":"<!-- This site is optimized with the Yoast SEO plugin v17.7.1 - https:\/\/yoast.com\/wordpress\/plugins\/seo\/ -->\n<title>Ebony-kytkenn\u00e4t - Online Adult Dating<\/title>\n<meta name=\"robots\" content=\"index, follow, max-snippet:-1, max-image-preview:large, max-video-preview:-1\" \/>\n<link rel=\"canonical\" href=\"https:\/\/theyoungmessiah.com\/fi\/ebony-kytkennat\/\" \/>\n<meta property=\"og:locale\" content=\"fi_FI\" \/>\n<meta property=\"og:type\" content=\"article\" \/>\n<meta property=\"og:title\" content=\"Ebony-kytkenn\u00e4t - Online Adult Dating\" \/>\n<meta property=\"og:description\" content=\"Verkossa on saatavilla useita ilmaisia mustia kytkent\u00e4sivustoja. N\u00e4m\u00e4 verkkosivustot tarjoavat alustan mustille sinkuille, jotka voivat olla yhteydess\u00e4 ja olla yhteydess\u00e4 samanhenkisiin henkil\u00f6ihin. Verkkosivustoja on helppo k\u00e4ytt\u00e4\u00e4, ja niiden avulla k\u00e4ytt\u00e4j\u00e4t voivat luoda profiilin ja selata muiden j\u00e4senten profiileja. Jotkut suosituista ilmaisista mustista kytkent\u00e4sivustoista ovat BlackPeopleMeet ja BlackSingles. Mustat ilmaiset treffisovellukset Internetiss\u00e4 on monia mustia ilmaisia...Read more\" \/>\n<meta property=\"og:url\" content=\"https:\/\/theyoungmessiah.com\/fi\/ebony-kytkennat\/\" \/>\n<meta property=\"og:site_name\" content=\"Online Adult Dating\" \/>\n<meta name=\"twitter:card\" content=\"summary_large_image\" \/>\n<meta name=\"twitter:label1\" content=\"Arvioitu lukuaika\" \/>\n\t<meta name=\"twitter:data1\" content=\"4 minuuttia\" \/>\n<script type=\"application\/ld+json\" class=\"yoast-schema-graph\">{\"@context\":\"https:\/\/schema.org\",\"@graph\":[{\"@type\":\"WebSite\",\"@id\":\"https:\/\/theyoungmessiah.com\/fi\/#website\",\"url\":\"https:\/\/theyoungmessiah.com\/fi\/\",\"name\":\"Online Adult Dating\",\"description\":\"Local Sex Hookups\",\"potentialAction\":[{\"@type\":\"SearchAction\",\"target\":{\"@type\":\"EntryPoint\",\"urlTemplate\":\"https:\/\/theyoungmessiah.com\/fi\/?s={search_term_string}\"},\"query-input\":\"required name=search_term_string\"}],\"inLanguage\":\"fi\"},{\"@type\":\"WebPage\",\"@id\":\"https:\/\/theyoungmessiah.com\/fi\/ebony-kytkennat\/#webpage\",\"url\":\"https:\/\/theyoungmessiah.com\/fi\/ebony-kytkennat\/\",\"name\":\"Ebony-kytkenn\\u00e4t - Online Adult Dating\",\"isPartOf\":{\"@id\":\"https:\/\/theyoungmessiah.com\/fi\/#website\"},\"datePublished\":\"2022-10-12T12:52:44+00:00\",\"dateModified\":\"2022-10-12T12:52:44+00:00\",\"breadcrumb\":{\"@id\":\"https:\/\/theyoungmessiah.com\/fi\/ebony-kytkennat\/#breadcrumb\"},\"inLanguage\":\"fi\",\"potentialAction\":[{\"@type\":\"ReadAction\",\"target\":[\"https:\/\/theyoungmessiah.com\/fi\/ebony-kytkennat\/\"]}]},{\"@type\":\"BreadcrumbList\",\"@id\":\"https:\/\/theyoungmessiah.com\/fi\/ebony-kytkennat\/#breadcrumb\",\"itemListElement\":[{\"@type\":\"ListItem\",\"position\":1,\"name\":\"Home\",\"item\":\"http:\/\/theyoungmessiah.com\/fi\/\"},{\"@type\":\"ListItem\",\"position\":2,\"name\":\"Ebony-kytkenn\\u00e4t\"}]}]}<\/script>\n<!-- \/ Yoast SEO plugin. -->","yoast_head_json":{"title":"Ebony-kytkenn\u00e4t - Online Adult Dating","robots":{"index":"index","follow":"follow","max-snippet":"max-snippet:-1","max-image-preview":"max-image-preview:large","max-video-preview":"max-video-preview:-1"},"canonical":"https:\/\/theyoungmessiah.com\/fi\/ebony-kytkennat\/","og_locale":"fi_FI","og_type":"article","og_title":"Ebony-kytkenn\u00e4t - Online Adult Dating","og_description":"Verkossa on saatavilla useita ilmaisia mustia kytkent\u00e4sivustoja. N\u00e4m\u00e4 verkkosivustot tarjoavat alustan mustille sinkuille, jotka voivat olla yhteydess\u00e4 ja olla yhteydess\u00e4 samanhenkisiin henkil\u00f6ihin. Verkkosivustoja on helppo k\u00e4ytt\u00e4\u00e4, ja niiden avulla k\u00e4ytt\u00e4j\u00e4t voivat luoda profiilin ja selata muiden j\u00e4senten profiileja. Jotkut suosituista ilmaisista mustista kytkent\u00e4sivustoista ovat BlackPeopleMeet ja BlackSingles. Mustat ilmaiset treffisovellukset Internetiss\u00e4 on monia mustia ilmaisia...Read more","og_url":"https:\/\/theyoungmessiah.com\/fi\/ebony-kytkennat\/","og_site_name":"Online Adult Dating","twitter_card":"summary_large_image","twitter_misc":{"Arvioitu lukuaika":"4 minuuttia"},"schema":{"@context":"https:\/\/schema.org","@graph":[{"@type":"WebSite","@id":"https:\/\/theyoungmessiah.com\/fi\/#website","url":"https:\/\/theyoungmessiah.com\/fi\/","name":"Online Adult Dating","description":"Local Sex Hookups","potentialAction":[{"@type":"SearchAction","target":{"@type":"EntryPoint","urlTemplate":"https:\/\/theyoungmessiah.com\/fi\/?s={search_term_string}"},"query-input":"required name=search_term_string"}],"inLanguage":"fi"},{"@type":"WebPage","@id":"https:\/\/theyoungmessiah.com\/fi\/ebony-kytkennat\/#webpage","url":"https:\/\/theyoungmessiah.com\/fi\/ebony-kytkennat\/","name":"Ebony-kytkenn\u00e4t - Online Adult Dating","isPartOf":{"@id":"https:\/\/theyoungmessiah.com\/fi\/#website"},"datePublished":"2022-10-12T12:52:44+00:00","dateModified":"2022-10-12T12:52:44+00:00","breadcrumb":{"@id":"https:\/\/theyoungmessiah.com\/fi\/ebony-kytkennat\/#breadcrumb"},"inLanguage":"fi","potentialAction":[{"@type":"ReadAction","target":["https:\/\/theyoungmessiah.com\/fi\/ebony-kytkennat\/"]}]},{"@type":"BreadcrumbList","@id":"https:\/\/theyoungmessiah.com\/fi\/ebony-kytkennat\/#breadcrumb","itemListElement":[{"@type":"ListItem","position":1,"name":"Home","item":"http:\/\/theyoungmessiah.com\/fi\/"},{"@type":"ListItem","position":2,"name":"Ebony-kytkenn\u00e4t"}]}]}},"_links":{"self":[{"href":"https:\/\/theyoungmessiah.com\/fi\/wp-json\/wp\/v2\/pages\/204"}],"collection":[{"href":"https:\/\/theyoungmessiah.com\/fi\/wp-json\/wp\/v2\/pages"}],"about":[{"href":"https:\/\/theyoungmessiah.com\/fi\/wp-json\/wp\/v2\/types\/page"}],"author":[{"embeddable":true,"href":"https:\/\/theyoungmessiah.com\/fi\/wp-json\/wp\/v2\/users\/1"}],"replies":[{"embeddable":true,"href":"https:\/\/theyoungmessiah.com\/fi\/wp-json\/wp\/v2\/comments?post=204"}],"version-history":[{"count":0,"href":"https:\/\/theyoungmessiah.com\/fi\/wp-json\/wp\/v2\/pages\/204\/revisions"}],"wp:attachment":[{"href":"https:\/\/theyoungmessiah.com\/fi\/wp-json\/wp\/v2\/media?parent=204"}],"curies":[{"name":"wp","href":"https:\/\/api.w.org\/{rel}","templated":true}]}}