{"id":221,"date":"2022-10-12T13:59:54","date_gmt":"2022-10-12T12:59:54","guid":{"rendered":"http:\/\/theyoungmessiah.com\/ilmaiset-sexting-sovellukset\/"},"modified":"2022-10-12T13:59:54","modified_gmt":"2022-10-12T12:59:54","slug":"ilmaiset-sexting-sovellukset","status":"publish","type":"page","link":"https:\/\/theyoungmessiah.com\/fi\/ilmaiset-sexting-sovellukset\/","title":{"rendered":"Ilmaiset Sexting-sovellukset"},"content":{"rendered":"<p>Saatavilla on muutamia erilaisia ilmaisia sexting-sovelluksia, ja niill\u00e4 kaikilla on omat hyv\u00e4t ja huonot puolensa. Joitakin suosituimmista ovat Kik, Snapchat ja WhatsApp. Kik on loistava vaihtoehto, koska sit\u00e4 on helppo k\u00e4ytt\u00e4\u00e4 ja siin\u00e4 on paljon ihmisi\u00e4. On kuitenkin t\u00e4rke\u00e4\u00e4 olla tietoinen siit\u00e4, ett\u00e4 Kik on my\u00f6s suosittu alusta lasten saalistajille. Snapchat on toinen suosittu vaihtoehto, koska se on nopea ja helppok\u00e4ytt\u00f6inen, ja voit l\u00e4hett\u00e4\u00e4 katoavia viestej\u00e4. Snapchatilla on kuitenkin my\u00f6s maine siit\u00e4, ett\u00e4 se on hieman sexting-sovellus, joten sinun kannattaa olla varovainen sen suhteen, kenet lis\u00e4\u00e4t yst\u00e4v\u00e4ksi. WhatsApp on hyv\u00e4 vaihtoehto, jos etsit jotain hieman yksityisemp\u00e4\u00e4, koska se tarjoaa p\u00e4\u00e4st\u00e4 p\u00e4\u00e4h\u00e4n -salauksen. Se voi kuitenkin olla hieman vaikeampi k\u00e4ytt\u00e4\u00e4 kuin joitain muita vaihtoehtoja.<\/p>\n<h2>Paikalliset Sexting-sovellukset<\/h2>\n<p>On olemassa muutamia paikallisia sexting-sovelluksia, joita voidaan k\u00e4ytt\u00e4\u00e4 treffailuun. Niit\u00e4 voidaan k\u00e4ytt\u00e4\u00e4 seksuaalisten viestien ja kuvien l\u00e4hett\u00e4miseen ja vastaanottamiseen. N\u00e4m\u00e4 sovellukset voivat olla loistava tapa pirist\u00e4\u00e4 seksiel\u00e4m\u00e4\u00e4si tai saada uusia yst\u00e4vi\u00e4, jotka ovat kiinnostuneita samoista asioista kuin sin\u00e4. On kuitenkin t\u00e4rke\u00e4\u00e4 olla tietoinen sextingiin liittyvist\u00e4 riskeist\u00e4 ennen kuin aloitat n\u00e4iden sovellusten k\u00e4yt\u00f6n. Sexting voi olla loistava tapa olla yhteydess\u00e4 johonkin, mutta se voi my\u00f6s olla tapa, jolla saalistajat voivat hy\u00f6dynt\u00e4\u00e4 ja hoitaa mahdollisia uhreja. Ole aina varovainen sekstingiss\u00e4si, \u00e4l\u00e4k\u00e4 koskaan l\u00e4het\u00e4 tai vastaanota mit\u00e4\u00e4n, mik\u00e4 tekee sinusta ep\u00e4mukavan.<\/p>\n<h2>Ilmainen seksitekstitoiminta<\/h2>\n<p>Ilmainen seksitekstitoiminta voi olla loistava tapa pirist\u00e4\u00e4 treffiel\u00e4m\u00e4\u00e4si ja tutustua kumppaniisi paremmin. Se voi my\u00f6s olla loistava tapa p\u00e4\u00e4st\u00e4 eroon urasta ja lis\u00e4t\u00e4 j\u00e4nnityst\u00e4 suhteeseesi. On kuitenkin t\u00e4rke\u00e4\u00e4 olla turvassa l\u00e4hett\u00e4ess\u00e4si seksuaalisia viestej\u00e4 ja varmistaa, ett\u00e4 kumppanisi on tyytyv\u00e4inen ajatukseen ennen kuin aloitat. Jos et ole varma, mist\u00e4 aloittaa, yrit\u00e4 l\u00e4hett\u00e4\u00e4 flirttaileva viesti tai kuva saadaksesi keskustelun k\u00e4yntiin.<\/p>\n<p>Verkossa on saatavilla monia ilmaisia sexting-sivustoja, joita voidaan k\u00e4ytt\u00e4\u00e4 online-treffitarkoituksiin. N\u00e4iden sivustojen avulla k\u00e4ytt\u00e4j\u00e4t voivat l\u00e4hett\u00e4\u00e4 ja vastaanottaa seksuaalisia viestej\u00e4 ja kuvia ilman kustannuksia. T\u00e4m\u00e4 voi olla loistava tapa pirist\u00e4\u00e4 online-treffikokemustasi, ja se voi my\u00f6s auttaa sinua olemaan yhteydess\u00e4 muihin sinkkuihin, jotka ovat kiinnostuneita sextingist\u00e4.<\/p>\n<h3>Taula<\/h3>\n<p>Tinder on ilmainen sexting-sovellus, jonka avulla k\u00e4ytt\u00e4j\u00e4t voivat olla yhteydess\u00e4 toisiinsa ja vaihtaa valokuvia ja viestej\u00e4. Sovellusta on helppo k\u00e4ytt\u00e4\u00e4 ja sill\u00e4 on k\u00e4ytt\u00e4j\u00e4yst\u00e4v\u00e4llinen k\u00e4ytt\u00f6liittym\u00e4. Tinderill\u00e4 on my\u00f6s tietosuojak\u00e4yt\u00e4nt\u00f6, joka suojaa k\u00e4ytt\u00e4jien tietoja ja varmistaa, ett\u00e4 heid\u00e4n valokuvansa ja viestins\u00e4 jaetaan vain heid\u00e4n otteluidensa kanssa.<\/p>\n<h3>Instasex<\/h3>\n<p>Instasex on ilmainen sexting-sovellus, jonka avulla k\u00e4ytt\u00e4j\u00e4t voivat l\u00e4hett\u00e4\u00e4 ja vastaanottaa seksuaalisia valokuvia ja videoita. Sovellus on saatavana sek\u00e4 iOS- ett\u00e4 Android-laitteille. Instasexilla on 4 t\u00e4hden luokitus App Storessa ja 3,5 t\u00e4hden luokitus Google Playssa. Instasex on loistava sexting-sovellus ihmisille, jotka etsiv\u00e4t nopeaa ja helppoa tapaa l\u00e4hett\u00e4\u00e4 ja vastaanottaa seksuaalisia valokuvia ja videoita. Sovellusta on helppo k\u00e4ytt\u00e4\u00e4 ja sill\u00e4 on loistava k\u00e4ytt\u00f6liittym\u00e4. Ainoa haittapuoli on, ett\u00e4 sovellus on saatavana vain iOS- ja Android-laitteille.<\/p>\n<h3>FlingPals<\/h3>\n<p>Jos etsit ilmaista sexting-sovellusta, FlingPals on ehdottomasti tutustumisen arvoinen. Sovellus on helppok\u00e4ytt\u00f6inen ja siin\u00e4 on paljon ominaisuuksia, jotka tekev\u00e4t sextingist\u00e4 hauskaa ja helppoa. Voit l\u00e4hett\u00e4\u00e4 valokuvia, videoita ja jopa \u00e4\u00e4niviestej\u00e4, eik\u00e4 l\u00e4hetett\u00e4vien viestien m\u00e4\u00e4r\u00e4\u00e4 ole rajoitettu. Ainoa haittapuoli on, ett\u00e4 sovellus on saatavilla vain Yhdysvalloissa.<\/p>\n<h3>FlirtHookup<\/h3>\n<p>FlirtHookup on ilmainen sexting-sovellus, jonka avulla voit l\u00e4hett\u00e4\u00e4 ja vastaanottaa viestej\u00e4, valokuvia ja videoita muiden k\u00e4ytt\u00e4jien kanssa. Sovellus on helppok\u00e4ytt\u00f6inen ja tarjoaa loistavan tavan pit\u00e4\u00e4 yhteytt\u00e4 yst\u00e4viisi ja mahdollisiin kytkent\u00f6ihin. Ainoa haittapuoli on, ett\u00e4 sovellus on saatavana vain iOS-laitteille.<\/p>\n","protected":false},"excerpt":{"rendered":"<p>Saatavilla on muutamia erilaisia ilmaisia sexting-sovelluksia, ja niill\u00e4 kaikilla on omat hyv\u00e4t ja huonot puolensa. Joitakin suosituimmista ovat Kik, Snapchat ja WhatsApp. Kik on loistava vaihtoehto, koska sit\u00e4 on helppo k\u00e4ytt\u00e4\u00e4 ja siin\u00e4 on paljon ihmisi\u00e4. On kuitenkin t\u00e4rke\u00e4\u00e4 olla tietoinen siit\u00e4, ett\u00e4 Kik on my\u00f6s suosittu alusta lasten saalistajille. Snapchat on toinen suosittu vaihtoehto,&#8230;<a class=\"read-more-link button\" href=\"https:\/\/theyoungmessiah.com\/fi\/ilmaiset-sexting-sovellukset\/\">Read more<\/a><\/p>\n","protected":false},"author":1,"featured_media":0,"parent":0,"menu_order":0,"comment_status":"closed","ping_status":"closed","template":"","meta":[],"yoast_head":"<!-- This site is optimized with the Yoast SEO plugin v17.7.1 - https:\/\/yoast.com\/wordpress\/plugins\/seo\/ -->\n<title>Ilmaiset Sexting-sovellukset - Online Adult Dating<\/title>\n<meta name=\"robots\" content=\"index, follow, max-snippet:-1, max-image-preview:large, max-video-preview:-1\" \/>\n<link rel=\"canonical\" href=\"https:\/\/theyoungmessiah.com\/fi\/ilmaiset-sexting-sovellukset\/\" \/>\n<meta property=\"og:locale\" content=\"fi_FI\" \/>\n<meta property=\"og:type\" content=\"article\" \/>\n<meta property=\"og:title\" content=\"Ilmaiset Sexting-sovellukset - Online Adult Dating\" \/>\n<meta property=\"og:description\" content=\"Saatavilla on muutamia erilaisia ilmaisia sexting-sovelluksia, ja niill\u00e4 kaikilla on omat hyv\u00e4t ja huonot puolensa. Joitakin suosituimmista ovat Kik, Snapchat ja WhatsApp. Kik on loistava vaihtoehto, koska sit\u00e4 on helppo k\u00e4ytt\u00e4\u00e4 ja siin\u00e4 on paljon ihmisi\u00e4. On kuitenkin t\u00e4rke\u00e4\u00e4 olla tietoinen siit\u00e4, ett\u00e4 Kik on my\u00f6s suosittu alusta lasten saalistajille. Snapchat on toinen suosittu vaihtoehto,...Read more\" \/>\n<meta property=\"og:url\" content=\"https:\/\/theyoungmessiah.com\/fi\/ilmaiset-sexting-sovellukset\/\" \/>\n<meta property=\"og:site_name\" content=\"Online Adult Dating\" \/>\n<meta name=\"twitter:card\" content=\"summary_large_image\" \/>\n<meta name=\"twitter:label1\" content=\"Arvioitu lukuaika\" \/>\n\t<meta name=\"twitter:data1\" content=\"3 minuuttia\" \/>\n<script type=\"application\/ld+json\" class=\"yoast-schema-graph\">{\"@context\":\"https:\/\/schema.org\",\"@graph\":[{\"@type\":\"WebSite\",\"@id\":\"https:\/\/theyoungmessiah.com\/fi\/#website\",\"url\":\"https:\/\/theyoungmessiah.com\/fi\/\",\"name\":\"Online Adult Dating\",\"description\":\"Local Sex Hookups\",\"potentialAction\":[{\"@type\":\"SearchAction\",\"target\":{\"@type\":\"EntryPoint\",\"urlTemplate\":\"https:\/\/theyoungmessiah.com\/fi\/?s={search_term_string}\"},\"query-input\":\"required name=search_term_string\"}],\"inLanguage\":\"fi\"},{\"@type\":\"WebPage\",\"@id\":\"https:\/\/theyoungmessiah.com\/fi\/ilmaiset-sexting-sovellukset\/#webpage\",\"url\":\"https:\/\/theyoungmessiah.com\/fi\/ilmaiset-sexting-sovellukset\/\",\"name\":\"Ilmaiset Sexting-sovellukset - Online Adult Dating\",\"isPartOf\":{\"@id\":\"https:\/\/theyoungmessiah.com\/fi\/#website\"},\"datePublished\":\"2022-10-12T12:59:54+00:00\",\"dateModified\":\"2022-10-12T12:59:54+00:00\",\"breadcrumb\":{\"@id\":\"https:\/\/theyoungmessiah.com\/fi\/ilmaiset-sexting-sovellukset\/#breadcrumb\"},\"inLanguage\":\"fi\",\"potentialAction\":[{\"@type\":\"ReadAction\",\"target\":[\"https:\/\/theyoungmessiah.com\/fi\/ilmaiset-sexting-sovellukset\/\"]}]},{\"@type\":\"BreadcrumbList\",\"@id\":\"https:\/\/theyoungmessiah.com\/fi\/ilmaiset-sexting-sovellukset\/#breadcrumb\",\"itemListElement\":[{\"@type\":\"ListItem\",\"position\":1,\"name\":\"Home\",\"item\":\"http:\/\/theyoungmessiah.com\/fi\/\"},{\"@type\":\"ListItem\",\"position\":2,\"name\":\"Ilmaiset Sexting-sovellukset\"}]}]}<\/script>\n<!-- \/ Yoast SEO plugin. -->","yoast_head_json":{"title":"Ilmaiset Sexting-sovellukset - Online Adult Dating","robots":{"index":"index","follow":"follow","max-snippet":"max-snippet:-1","max-image-preview":"max-image-preview:large","max-video-preview":"max-video-preview:-1"},"canonical":"https:\/\/theyoungmessiah.com\/fi\/ilmaiset-sexting-sovellukset\/","og_locale":"fi_FI","og_type":"article","og_title":"Ilmaiset Sexting-sovellukset - Online Adult Dating","og_description":"Saatavilla on muutamia erilaisia ilmaisia sexting-sovelluksia, ja niill\u00e4 kaikilla on omat hyv\u00e4t ja huonot puolensa. Joitakin suosituimmista ovat Kik, Snapchat ja WhatsApp. Kik on loistava vaihtoehto, koska sit\u00e4 on helppo k\u00e4ytt\u00e4\u00e4 ja siin\u00e4 on paljon ihmisi\u00e4. On kuitenkin t\u00e4rke\u00e4\u00e4 olla tietoinen siit\u00e4, ett\u00e4 Kik on my\u00f6s suosittu alusta lasten saalistajille. Snapchat on toinen suosittu vaihtoehto,...Read more","og_url":"https:\/\/theyoungmessiah.com\/fi\/ilmaiset-sexting-sovellukset\/","og_site_name":"Online Adult Dating","twitter_card":"summary_large_image","twitter_misc":{"Arvioitu lukuaika":"3 minuuttia"},"schema":{"@context":"https:\/\/schema.org","@graph":[{"@type":"WebSite","@id":"https:\/\/theyoungmessiah.com\/fi\/#website","url":"https:\/\/theyoungmessiah.com\/fi\/","name":"Online Adult Dating","description":"Local Sex Hookups","potentialAction":[{"@type":"SearchAction","target":{"@type":"EntryPoint","urlTemplate":"https:\/\/theyoungmessiah.com\/fi\/?s={search_term_string}"},"query-input":"required name=search_term_string"}],"inLanguage":"fi"},{"@type":"WebPage","@id":"https:\/\/theyoungmessiah.com\/fi\/ilmaiset-sexting-sovellukset\/#webpage","url":"https:\/\/theyoungmessiah.com\/fi\/ilmaiset-sexting-sovellukset\/","name":"Ilmaiset Sexting-sovellukset - Online Adult Dating","isPartOf":{"@id":"https:\/\/theyoungmessiah.com\/fi\/#website"},"datePublished":"2022-10-12T12:59:54+00:00","dateModified":"2022-10-12T12:59:54+00:00","breadcrumb":{"@id":"https:\/\/theyoungmessiah.com\/fi\/ilmaiset-sexting-sovellukset\/#breadcrumb"},"inLanguage":"fi","potentialAction":[{"@type":"ReadAction","target":["https:\/\/theyoungmessiah.com\/fi\/ilmaiset-sexting-sovellukset\/"]}]},{"@type":"BreadcrumbList","@id":"https:\/\/theyoungmessiah.com\/fi\/ilmaiset-sexting-sovellukset\/#breadcrumb","itemListElement":[{"@type":"ListItem","position":1,"name":"Home","item":"http:\/\/theyoungmessiah.com\/fi\/"},{"@type":"ListItem","position":2,"name":"Ilmaiset Sexting-sovellukset"}]}]}},"_links":{"self":[{"href":"https:\/\/theyoungmessiah.com\/fi\/wp-json\/wp\/v2\/pages\/221"}],"collection":[{"href":"https:\/\/theyoungmessiah.com\/fi\/wp-json\/wp\/v2\/pages"}],"about":[{"href":"https:\/\/theyoungmessiah.com\/fi\/wp-json\/wp\/v2\/types\/page"}],"author":[{"embeddable":true,"href":"https:\/\/theyoungmessiah.com\/fi\/wp-json\/wp\/v2\/users\/1"}],"replies":[{"embeddable":true,"href":"https:\/\/theyoungmessiah.com\/fi\/wp-json\/wp\/v2\/comments?post=221"}],"version-history":[{"count":0,"href":"https:\/\/theyoungmessiah.com\/fi\/wp-json\/wp\/v2\/pages\/221\/revisions"}],"wp:attachment":[{"href":"https:\/\/theyoungmessiah.com\/fi\/wp-json\/wp\/v2\/media?parent=221"}],"curies":[{"name":"wp","href":"https:\/\/api.w.org\/{rel}","templated":true}]}}