{"id":230,"date":"2022-10-12T13:59:28","date_gmt":"2022-10-12T12:59:28","guid":{"rendered":"http:\/\/theyoungmessiah.com\/sugar-mummy-sivustot\/"},"modified":"2022-10-12T13:59:28","modified_gmt":"2022-10-12T12:59:28","slug":"sugar-mummy-sivustot","status":"publish","type":"page","link":"https:\/\/theyoungmessiah.com\/fi\/sugar-mummy-sivustot\/","title":{"rendered":"Sugar Mummy -sivustot"},"content":{"rendered":"<p>Internetiss\u00e4 on saatavilla erilaisia sokerimummisivustoja. N\u00e4m\u00e4 verkkosivustot tarjoavat vanhemmille naisille alustan olla yhteydess\u00e4 nuorempiin miehiin seksuaalisia suhteita varten. Sokerimummisivustot veloittavat tyypillisesti j\u00e4senmaksun, ja vanhemmat naiset tarjoavat taloudellisia kannustimia nuoremmille miehille vastineeksi seksuaalisista palveluksista. J\u00e4rjestely on molempia osapuolia hy\u00f6dytt\u00e4v\u00e4, sill\u00e4 vanhemmat naiset saavat nauttia nuorempien, houkuttelevien miesten seurasta ja nuoremmat miehet saavat kokea seksisuhteita vanhempien, kokeneempien naisten kanssa.<\/p>\n<h2>Paikallinen sokeri\u00e4iti<\/h2>\n<p>Treffimaailmassa on paljon sokeri\u00e4itej\u00e4, ja niit\u00e4 on kaiken muotoisia ja kokoisia. Jotkut ovat vanhempia naisia, jotka etsiv\u00e4t nuorta, komeaa miest\u00e4 pilaamaan ja hemmottelemaan, kun taas toiset etsiv\u00e4t yksinkertaisesti jotakuta, joka voi saada heid\u00e4t tuntemaan itsens\u00e4 j\u00e4lleen nuoriksi ja el\u00e4viksi. Riippumatta tyypist\u00e4si, siell\u00e4 on varmasti sokeri\u00e4iti, joka on t\u00e4ydellinen sinulle. Paras tapa l\u00f6yt\u00e4\u00e4 t\u00e4ydellinen ottelusi on p\u00e4\u00e4st\u00e4 ulos ja aloittaa seurustelu! Osallistu paikallisiin sinkkutapahtumiin tai rekister\u00f6idy treffisivustolle, joka on suunnattu erityisesti sokeri\u00e4ideille ja heit\u00e4 rakastaville miehille. Pienell\u00e4 vaivalla l\u00f6yd\u00e4t varmasti unelmiesi sokeri\u00e4idin.<\/p>\n<p>On olemassa muutamia asioita, jotka on pidett\u00e4v\u00e4 mieless\u00e4, kun etsit sokeri\u00e4iti\u00e4 verkossa. Ensinn\u00e4kin on t\u00e4rke\u00e4\u00e4 olla rehellinen siit\u00e4, mit\u00e4 etsit. Kerro aikeistasi selke\u00e4sti ja muista kertoa niist\u00e4 mahdollisille otteluille. Toiseksi, ole k\u00e4rsiv\u00e4llinen ja ole valmis tekem\u00e4\u00e4n ty\u00f6t\u00e4 l\u00f6yt\u00e4\u00e4ksesi sinulle oikean henkil\u00f6n. Siell\u00e4 on paljon sokeri\u00e4itej\u00e4, mutta sinulle sopivan l\u00f6yt\u00e4minen voi vied\u00e4 jonkin aikaa. Lopuksi, kun l\u00f6yd\u00e4t sokeri\u00e4idin, jonka kanssa napsautat, muista kohdella h\u00e4nt\u00e4 kunnioittavasti ja arvostavasti.<\/p>\n<h2>Treffit sokeri\u00e4iti<\/h2>\n<p>On muutamia asioita, jotka on pidett\u00e4v\u00e4 mieless\u00e4, jos olet kiinnostunut tapaamaan sokeri\u00e4iti\u00e4 verkossa. Ensinn\u00e4kin sokeri\u00e4idit ovat tyypillisesti vanhempia naisia, joten sinun on oltava kunnossa sen kanssa. Toiseksi he etsiv\u00e4t yleens\u00e4 jotakuta, joka voi saada heid\u00e4t tuntemaan olonsa erityiseksi ja arvostetuksi, joten muista n\u00e4ytt\u00e4\u00e4 parhaat ominaisuutesi. Lopuksi, he ovat todenn\u00e4k\u00f6isesti eritt\u00e4in anteliaita aikansa ja rahansa kanssa, joten ole valmis pilaantumaan! Jos luulet pystyv\u00e4si k\u00e4sittelem\u00e4\u00e4n kaiken t\u00e4m\u00e4n, mene eteenp\u00e4in ja kokeile sit\u00e4. Kuka tiet\u00e4\u00e4, saatat vain l\u00f6yt\u00e4\u00e4 t\u00e4ydellisen sokeri\u00e4idin sinulle.<\/p>\n<h3>Paljon kalaa<\/h3>\n<p>Plenty of Fish on treffisovellus, jonka avulla k\u00e4ytt\u00e4j\u00e4t voivat luoda profiilin, l\u00f6yt\u00e4\u00e4 osumia ja keskustella muiden k\u00e4ytt\u00e4jien kanssa. Sovelluksella on hyv\u00e4 maine helppok\u00e4ytt\u00f6isen\u00e4 ja suurena potentiaalisten otteluiden valikoimana. Jotkut k\u00e4ytt\u00e4j\u00e4t ovat kuitenkin valittaneet, ett\u00e4 sovellus on viallinen ja ett\u00e4 tilauksen peruuttaminen on vaikeaa. Kaiken kaikkiaan Plenty of Fish on hyv\u00e4 vaihtoehto niille, jotka etsiv\u00e4t sokerimummisivustoa.<\/p>\n<h3>XCheaters<\/h3>\n<p>Jos etsit sokerimukia, sinun kannattaa ehdottomasti tarkistaa XCheaters. Se on yksi suosituimmista sokerimummisivustoista, ja hyv\u00e4st\u00e4 syyst\u00e4. Sovellusta on helppo k\u00e4ytt\u00e4\u00e4 ja siihen liittyminen on ilmaista. Lis\u00e4ksi sivustolla on tonnia sokerimuumeja, jotka etsiv\u00e4t jotain kaltaistasi.<\/p>\n<p>Joten jos etsit sokerimuukkia, XCheaters on ehdottomasti sivusto sinulle. Sovellus on helppok\u00e4ytt\u00f6inen ja sivustolla on tonnia sokerimuummia. Lis\u00e4ksi liittyminen on ilmaista. Joten mit\u00e4 odotat? Mene katsomaan sit\u00e4!<\/p>\n<h3>Instasex<\/h3>\n<p>Instasex on uusi treffisovellus, joka lupaa tuoda sokerimuumisivustot aivan uudelle tasolle. Ainutlaatuisten ominaisuuksiensa ja k\u00e4ytt\u00e4j\u00e4yst\u00e4v\u00e4llisen k\u00e4ytt\u00f6liittym\u00e4n ansiosta k\u00e4ytt\u00e4jien on helppo l\u00f6yt\u00e4\u00e4 sokerimummisivustoja ja muodostaa niihin yhteys. Sovelluksen avulla k\u00e4ytt\u00e4j\u00e4t voivat my\u00f6s keskustella ja jakaa valokuvia kesken\u00e4\u00e4n, mik\u00e4 tekee siit\u00e4 loistavan alustan sokerimuumisivustoille yhteydenpitoon ja vuorovaikutukseen kesken\u00e4\u00e4n.<\/p>\n<h3>J\u00e4rjestelyjen hakeminen<\/h3>\n<p>Jos etsit sokerimukiaista, Seeking Arrangements on treffisovellus sinulle. Sill\u00e4 on yli 10 miljoonaa j\u00e4sent\u00e4 ymp\u00e4ri maailmaa, ja se on Internetin suurin sokerimummisivusto. Ja liittyminen on ilmaista! Voit luoda profiilin, etsi\u00e4 sokerimunkkeja alueeltasi ja l\u00e4hett\u00e4\u00e4 heille viestin ilmaiseksi.<\/p>\n<p>Parasta Seeking Arrangementsissa on, ett\u00e4 se on turvallinen ja helppo tapa tavata sokerimuumeja. Sinun ei tarvitse huolehtia huijareista tai v\u00e4\u00e4rennetyist\u00e4 profiileista, koska sivustoa valvoo ammattilaisten tiimi. Ja jos sinulla on kysytt\u00e4v\u00e4\u00e4 tai huolenaiheita, voit aina ottaa yhteytt\u00e4 asiakastukeen.<\/p>\n<p>Joten jos etsit sokerimuukkia, Seeking Arrangements on t\u00e4ydellinen treffisovellus sinulle. Rekister\u00f6idy t\u00e4n\u00e4\u00e4n ja aloita viestittely sugar mummies alueellasi!<\/p>\n","protected":false},"excerpt":{"rendered":"<p>Internetiss\u00e4 on saatavilla erilaisia sokerimummisivustoja. N\u00e4m\u00e4 verkkosivustot tarjoavat vanhemmille naisille alustan olla yhteydess\u00e4 nuorempiin miehiin seksuaalisia suhteita varten. Sokerimummisivustot veloittavat tyypillisesti j\u00e4senmaksun, ja vanhemmat naiset tarjoavat taloudellisia kannustimia nuoremmille miehille vastineeksi seksuaalisista palveluksista. J\u00e4rjestely on molempia osapuolia hy\u00f6dytt\u00e4v\u00e4, sill\u00e4 vanhemmat naiset saavat nauttia nuorempien, houkuttelevien miesten seurasta ja nuoremmat miehet saavat kokea seksisuhteita vanhempien, kokeneempien&#8230;<a class=\"read-more-link button\" href=\"https:\/\/theyoungmessiah.com\/fi\/sugar-mummy-sivustot\/\">Read more<\/a><\/p>\n","protected":false},"author":1,"featured_media":0,"parent":0,"menu_order":0,"comment_status":"closed","ping_status":"closed","template":"","meta":[],"yoast_head":"<!-- This site is optimized with the Yoast SEO plugin v17.7.1 - https:\/\/yoast.com\/wordpress\/plugins\/seo\/ -->\n<title>Sugar Mummy -sivustot - Online Adult Dating<\/title>\n<meta name=\"robots\" content=\"index, follow, max-snippet:-1, max-image-preview:large, max-video-preview:-1\" \/>\n<link rel=\"canonical\" href=\"https:\/\/theyoungmessiah.com\/fi\/sugar-mummy-sivustot\/\" \/>\n<meta property=\"og:locale\" content=\"fi_FI\" \/>\n<meta property=\"og:type\" content=\"article\" \/>\n<meta property=\"og:title\" content=\"Sugar Mummy -sivustot - Online Adult Dating\" \/>\n<meta property=\"og:description\" content=\"Internetiss\u00e4 on saatavilla erilaisia sokerimummisivustoja. N\u00e4m\u00e4 verkkosivustot tarjoavat vanhemmille naisille alustan olla yhteydess\u00e4 nuorempiin miehiin seksuaalisia suhteita varten. Sokerimummisivustot veloittavat tyypillisesti j\u00e4senmaksun, ja vanhemmat naiset tarjoavat taloudellisia kannustimia nuoremmille miehille vastineeksi seksuaalisista palveluksista. J\u00e4rjestely on molempia osapuolia hy\u00f6dytt\u00e4v\u00e4, sill\u00e4 vanhemmat naiset saavat nauttia nuorempien, houkuttelevien miesten seurasta ja nuoremmat miehet saavat kokea seksisuhteita vanhempien, kokeneempien...Read more\" \/>\n<meta property=\"og:url\" content=\"https:\/\/theyoungmessiah.com\/fi\/sugar-mummy-sivustot\/\" \/>\n<meta property=\"og:site_name\" content=\"Online Adult Dating\" \/>\n<meta name=\"twitter:card\" content=\"summary_large_image\" \/>\n<meta name=\"twitter:label1\" content=\"Arvioitu lukuaika\" \/>\n\t<meta name=\"twitter:data1\" content=\"3 minuuttia\" \/>\n<script type=\"application\/ld+json\" class=\"yoast-schema-graph\">{\"@context\":\"https:\/\/schema.org\",\"@graph\":[{\"@type\":\"WebSite\",\"@id\":\"https:\/\/theyoungmessiah.com\/fi\/#website\",\"url\":\"https:\/\/theyoungmessiah.com\/fi\/\",\"name\":\"Online Adult Dating\",\"description\":\"Local Sex Hookups\",\"potentialAction\":[{\"@type\":\"SearchAction\",\"target\":{\"@type\":\"EntryPoint\",\"urlTemplate\":\"https:\/\/theyoungmessiah.com\/fi\/?s={search_term_string}\"},\"query-input\":\"required name=search_term_string\"}],\"inLanguage\":\"fi\"},{\"@type\":\"WebPage\",\"@id\":\"https:\/\/theyoungmessiah.com\/fi\/sugar-mummy-sivustot\/#webpage\",\"url\":\"https:\/\/theyoungmessiah.com\/fi\/sugar-mummy-sivustot\/\",\"name\":\"Sugar Mummy -sivustot - Online Adult Dating\",\"isPartOf\":{\"@id\":\"https:\/\/theyoungmessiah.com\/fi\/#website\"},\"datePublished\":\"2022-10-12T12:59:28+00:00\",\"dateModified\":\"2022-10-12T12:59:28+00:00\",\"breadcrumb\":{\"@id\":\"https:\/\/theyoungmessiah.com\/fi\/sugar-mummy-sivustot\/#breadcrumb\"},\"inLanguage\":\"fi\",\"potentialAction\":[{\"@type\":\"ReadAction\",\"target\":[\"https:\/\/theyoungmessiah.com\/fi\/sugar-mummy-sivustot\/\"]}]},{\"@type\":\"BreadcrumbList\",\"@id\":\"https:\/\/theyoungmessiah.com\/fi\/sugar-mummy-sivustot\/#breadcrumb\",\"itemListElement\":[{\"@type\":\"ListItem\",\"position\":1,\"name\":\"Home\",\"item\":\"http:\/\/theyoungmessiah.com\/fi\/\"},{\"@type\":\"ListItem\",\"position\":2,\"name\":\"Sugar Mummy -sivustot\"}]}]}<\/script>\n<!-- \/ Yoast SEO plugin. -->","yoast_head_json":{"title":"Sugar Mummy -sivustot - Online Adult Dating","robots":{"index":"index","follow":"follow","max-snippet":"max-snippet:-1","max-image-preview":"max-image-preview:large","max-video-preview":"max-video-preview:-1"},"canonical":"https:\/\/theyoungmessiah.com\/fi\/sugar-mummy-sivustot\/","og_locale":"fi_FI","og_type":"article","og_title":"Sugar Mummy -sivustot - Online Adult Dating","og_description":"Internetiss\u00e4 on saatavilla erilaisia sokerimummisivustoja. N\u00e4m\u00e4 verkkosivustot tarjoavat vanhemmille naisille alustan olla yhteydess\u00e4 nuorempiin miehiin seksuaalisia suhteita varten. Sokerimummisivustot veloittavat tyypillisesti j\u00e4senmaksun, ja vanhemmat naiset tarjoavat taloudellisia kannustimia nuoremmille miehille vastineeksi seksuaalisista palveluksista. J\u00e4rjestely on molempia osapuolia hy\u00f6dytt\u00e4v\u00e4, sill\u00e4 vanhemmat naiset saavat nauttia nuorempien, houkuttelevien miesten seurasta ja nuoremmat miehet saavat kokea seksisuhteita vanhempien, kokeneempien...Read more","og_url":"https:\/\/theyoungmessiah.com\/fi\/sugar-mummy-sivustot\/","og_site_name":"Online Adult Dating","twitter_card":"summary_large_image","twitter_misc":{"Arvioitu lukuaika":"3 minuuttia"},"schema":{"@context":"https:\/\/schema.org","@graph":[{"@type":"WebSite","@id":"https:\/\/theyoungmessiah.com\/fi\/#website","url":"https:\/\/theyoungmessiah.com\/fi\/","name":"Online Adult Dating","description":"Local Sex Hookups","potentialAction":[{"@type":"SearchAction","target":{"@type":"EntryPoint","urlTemplate":"https:\/\/theyoungmessiah.com\/fi\/?s={search_term_string}"},"query-input":"required name=search_term_string"}],"inLanguage":"fi"},{"@type":"WebPage","@id":"https:\/\/theyoungmessiah.com\/fi\/sugar-mummy-sivustot\/#webpage","url":"https:\/\/theyoungmessiah.com\/fi\/sugar-mummy-sivustot\/","name":"Sugar Mummy -sivustot - Online Adult Dating","isPartOf":{"@id":"https:\/\/theyoungmessiah.com\/fi\/#website"},"datePublished":"2022-10-12T12:59:28+00:00","dateModified":"2022-10-12T12:59:28+00:00","breadcrumb":{"@id":"https:\/\/theyoungmessiah.com\/fi\/sugar-mummy-sivustot\/#breadcrumb"},"inLanguage":"fi","potentialAction":[{"@type":"ReadAction","target":["https:\/\/theyoungmessiah.com\/fi\/sugar-mummy-sivustot\/"]}]},{"@type":"BreadcrumbList","@id":"https:\/\/theyoungmessiah.com\/fi\/sugar-mummy-sivustot\/#breadcrumb","itemListElement":[{"@type":"ListItem","position":1,"name":"Home","item":"http:\/\/theyoungmessiah.com\/fi\/"},{"@type":"ListItem","position":2,"name":"Sugar Mummy -sivustot"}]}]}},"_links":{"self":[{"href":"https:\/\/theyoungmessiah.com\/fi\/wp-json\/wp\/v2\/pages\/230"}],"collection":[{"href":"https:\/\/theyoungmessiah.com\/fi\/wp-json\/wp\/v2\/pages"}],"about":[{"href":"https:\/\/theyoungmessiah.com\/fi\/wp-json\/wp\/v2\/types\/page"}],"author":[{"embeddable":true,"href":"https:\/\/theyoungmessiah.com\/fi\/wp-json\/wp\/v2\/users\/1"}],"replies":[{"embeddable":true,"href":"https:\/\/theyoungmessiah.com\/fi\/wp-json\/wp\/v2\/comments?post=230"}],"version-history":[{"count":0,"href":"https:\/\/theyoungmessiah.com\/fi\/wp-json\/wp\/v2\/pages\/230\/revisions"}],"wp:attachment":[{"href":"https:\/\/theyoungmessiah.com\/fi\/wp-json\/wp\/v2\/media?parent=230"}],"curies":[{"name":"wp","href":"https:\/\/api.w.org\/{rel}","templated":true}]}}