{"id":235,"date":"2022-10-12T13:52:14","date_gmt":"2022-10-12T12:52:14","guid":{"rendered":"http:\/\/theyoungmessiah.com\/ilmaiset-paikalliset-kytkentasivustot\/"},"modified":"2022-10-12T13:52:14","modified_gmt":"2022-10-12T12:52:14","slug":"ilmaiset-paikalliset-kytkentasivustot","status":"publish","type":"page","link":"https:\/\/theyoungmessiah.com\/fi\/ilmaiset-paikalliset-kytkentasivustot\/","title":{"rendered":"Ilmaiset paikalliset kytkent\u00e4sivustot"},"content":{"rendered":"<p>On olemassa monia <a href=\"http:\/\/theyoungmessiah.com\/free-milf-chat-sites\/\">paikallisia kytkent\u00e4sivustoja<\/a> , jotka voivat auttaa sinua l\u00f6yt\u00e4m\u00e4\u00e4n jonkun, johon liitty\u00e4. Sinun tarvitsee vain luoda profiili ja alkaa etsi\u00e4 jotakuta, joka t\u00e4ytt\u00e4\u00e4 kriteerisi. Yhteydenpito jonkun kanssa voi olla loistava tapa pit\u00e4\u00e4 hauskaa ja kokea uusia asioita, mutta on t\u00e4rke\u00e4\u00e4 olla turvallinen ja vastuullinen tehdess\u00e4\u00e4n niin. Varmista, ett\u00e4 tunnet henkil\u00f6n hyvin ennen tapaamista ja tapaat aina ensin julkisella paikalla. Pienell\u00e4 suunnittelulla ja tuurilla voit l\u00f6yt\u00e4\u00e4 jonkun, johon liitty\u00e4 jollakin n\u00e4ist\u00e4 paikallisista sivustoista.<\/p>\n<h2>Paikallinen koukku l\u00e4hell\u00e4ni<\/h2>\n<p>Mik\u00e4\u00e4n ei ved\u00e4 vertoja sille j\u00e4nnitykselle, ett\u00e4 tapaat jonkun uuden ja odotamme, mit\u00e4 seuraavaksi voi tapahtua. Kun on kyse paikallisen koukun l\u00f6yt\u00e4misest\u00e4 l\u00e4helt\u00e4ni, vaihtoehdoista ei ole pulaa. Etsitp\u00e4 sitten rentoa kohtaamista tai jotain hieman vakavampaa, siell\u00e4 on varmasti joku, joka on juuri sinulle sopiva.<\/p>\n<p>Hienoa Internetiss\u00e4 on, ett\u00e4 se on avannut treffailun ja koukuttamisen maailman kaikille. Riippumatta siit\u00e4, miss\u00e4 asut, l\u00e4hell\u00e4 on varmasti joku, joka etsii samaa asiaa kuin sin\u00e4. Sinun tarvitsee vain laittaa itsesi ulos ja n\u00e4hd\u00e4, mit\u00e4 tapahtuu.<\/p>\n<p>Kuka tiet\u00e4\u00e4, saatat vain l\u00f6yt\u00e4\u00e4 el\u00e4m\u00e4si rakkauden. Tai ainakin sinulla on hienoja tarinoita kerrottavana yst\u00e4villesi.<\/p>\n<p>Siell\u00e4 on paljon treffisivustoja ja -sovelluksia, jotka tarjoavat ilmaisia paikallisia kytkent\u00f6j\u00e4. T\u00e4m\u00e4 tarkoittaa, ett\u00e4 voit k\u00e4ytt\u00e4\u00e4 niit\u00e4 l\u00f6yt\u00e4\u00e4ksesi alueeltasi ihmisi\u00e4, jotka etsiv\u00e4t samaa asiaa kuin sin\u00e4. Sinun tarvitsee vain luoda profiili ja aloittaa haku. Voit my\u00f6s k\u00e4ytt\u00e4\u00e4 n\u00e4it\u00e4 verkkosivustoja ja sovelluksia keskustellaksesi alueesi ihmisten kanssa, jotka etsiv\u00e4t samaa kuin sin\u00e4.<\/p>\n<h2>Paikalliset kytkenn\u00e4t l\u00e4hell\u00e4ni<\/h2>\n<p>L\u00e4hell\u00e4ni on paljon paikallisia kytkent\u00e4vaihtoehtoja online-treffien suhteen. L\u00f6yd\u00e4t verkkosivustoja ja sovelluksia, jotka on erityisesti suunniteltu auttamaan sinua olemaan yhteydess\u00e4 muihin alueesi sinkkuihin. T\u00e4m\u00e4n ansiosta on helppo l\u00f6yt\u00e4\u00e4 p\u00e4iv\u00e4m\u00e4\u00e4r\u00e4 tai yhteys ilman, ett\u00e4 sinun tarvitsee matkustaa kovin kauas. On my\u00f6s paljon ihmisi\u00e4, jotka k\u00e4ytt\u00e4v\u00e4t online-treffailua keinona tavata uusia ihmisi\u00e4 ja saada uusia yst\u00e4vi\u00e4. Etsitp\u00e4 sitten rentoa yhteytt\u00e4 tai vakavaa suhdetta, siell\u00e4 on joku sinua varten.<\/p>\n<h3>BBWCupid<\/h3>\n<p>BBWCupid on yksi suosituimmista treffisovelluksista kurvikkaille naisille ja miehille, jotka rakastavat heit\u00e4. Sovellus on ladattavissa ja k\u00e4ytett\u00e4viss\u00e4 ilmaiseksi, ja se tarjoaa premium-j\u00e4senyyden hintaan 9.99 dollaria kuukaudessa, mik\u00e4 avaa joitain lis\u00e4ominaisuuksia.<\/p>\n<p>Sovellus on hyvin suunniteltu ja helppok\u00e4ytt\u00f6inen, ja siin\u00e4 on puhdas ja moderni k\u00e4ytt\u00f6liittym\u00e4. Se on my\u00f6s yksi harvoista treffisovelluksista, joka palvelee erityisesti kurvikkaita naisia ja heid\u00e4n ihailijoitaan.<\/p>\n<p>Yksi haittapuoli on, ett\u00e4 alueellani ei ole paljon k\u00e4ytt\u00e4ji\u00e4, joten otteluiden l\u00f6yt\u00e4minen voi olla vaikeaa. Mutta kaiken kaikkiaan mielest\u00e4ni BBWCupid on loistava treffisovellus kurvikkaille naisille ja heid\u00e4n ihailijoilleen.<\/p>\n<h3>Paljon kalaa<\/h3>\n<p>Jos etsit paikallista kytkent\u00e4sivustoa, Plenty of Fish on loistava vaihtoehto. Sill\u00e4 on suuri k\u00e4ytt\u00e4j\u00e4kunta ja se on helppok\u00e4ytt\u00f6inen. Siin\u00e4 ei kuitenkaan ole niin paljon ominaisuuksia kuin joillakin muilla t\u00e4m\u00e4n luettelon sivustoilla.<\/p>\n<h3>\u00c4nkytt\u00e4\u00e4<\/h3>\n<p>Bumble on sijaintiin perustuva sosiaalinen ja treffisovellus, joka helpottaa viestint\u00e4\u00e4 kiinnostuneiden k\u00e4ytt\u00e4jien v\u00e4lill\u00e4. Heteroseksuaalisissa otteluissa vain naisk\u00e4ytt\u00e4j\u00e4t voivat aloittaa yhteydenpidon miesk\u00e4ytt\u00e4jiin, kun taas samaa sukupuolta olevien otteluissa kumpi tahansa osallistuja voi aloittaa yhteydenpidon. K\u00e4ytt\u00e4j\u00e4t voivat rekister\u00f6ity\u00e4 puhelinnumerollaan tai Facebook-profiilillaan, ja heill\u00e4 on mahdollisuus piilottaa ik\u00e4ns\u00e4, sijaintinsa ja nimens\u00e4 muilta k\u00e4ytt\u00e4jilt\u00e4. Bumblen p\u00e4\u00e4konttori sijaitsee Austinissa, Texasissa, ja sill\u00e4 on yli 50 miljoonaa k\u00e4ytt\u00e4j\u00e4\u00e4 maailmanlaajuisesti.<\/p>\n<p>Sovellus on suunniteltu luomaan mielekk\u00e4it\u00e4 yhteyksi\u00e4, joiden tavoitteena on avioliitto tai pitk\u00e4aikaiset suhteet. Sovelluksella on 4 t\u00e4hden luokitus App Storessa, ja k\u00e4ytt\u00e4j\u00e4t ylist\u00e4v\u00e4t sen helppok\u00e4ytt\u00f6isyytt\u00e4 ja turvaominaisuuksia. Jotkut k\u00e4ytt\u00e4j\u00e4t ovat kuitenkin valittaneet, ett\u00e4 sovellus on liian kytkent\u00e4\u00e4n keskittyv\u00e4 ja ett\u00e4 vakavaa suhdetta on vaikea l\u00f6yt\u00e4\u00e4. Kaiken kaikkiaan Bumble on loistava vaihtoehto niille, jotka etsiv\u00e4t vakavaa suhdetta, tai vain hauska ja helppo tapa tavata uusia ihmisi\u00e4.<\/p>\n<h3>Zoosk<\/h3>\n<p>Zoosk on treffisovellus, jonka avulla voit tarkastella alueesi paikallisten sinkkujen profiileja. Voit my\u00f6s katsella kuvia paikallisista sinkuista ja n\u00e4hd\u00e4, kuka on nyt online-tilassa. Sovelluksessa on my\u00f6s viestiominaisuus, joten voit l\u00e4hett\u00e4\u00e4 viestej\u00e4 otteluihisi. Sovellus on ladattavissa ja k\u00e4ytett\u00e4viss\u00e4 ilmaiseksi, mutta voit p\u00e4ivitt\u00e4\u00e4 maksulliseen j\u00e4senyyteen avataksesi kaikki ominaisuudet. Sovellus on saatavana iPhonelle ja Androidille.<\/p>\n","protected":false},"excerpt":{"rendered":"<p>On olemassa monia paikallisia kytkent\u00e4sivustoja , jotka voivat auttaa sinua l\u00f6yt\u00e4m\u00e4\u00e4n jonkun, johon liitty\u00e4. Sinun tarvitsee vain luoda profiili ja alkaa etsi\u00e4 jotakuta, joka t\u00e4ytt\u00e4\u00e4 kriteerisi. Yhteydenpito jonkun kanssa voi olla loistava tapa pit\u00e4\u00e4 hauskaa ja kokea uusia asioita, mutta on t\u00e4rke\u00e4\u00e4 olla turvallinen ja vastuullinen tehdess\u00e4\u00e4n niin. Varmista, ett\u00e4 tunnet henkil\u00f6n hyvin ennen tapaamista&#8230;<a class=\"read-more-link button\" href=\"https:\/\/theyoungmessiah.com\/fi\/ilmaiset-paikalliset-kytkentasivustot\/\">Read more<\/a><\/p>\n","protected":false},"author":1,"featured_media":0,"parent":0,"menu_order":0,"comment_status":"closed","ping_status":"closed","template":"","meta":[],"yoast_head":"<!-- This site is optimized with the Yoast SEO plugin v17.7.1 - https:\/\/yoast.com\/wordpress\/plugins\/seo\/ -->\n<title>Ilmaiset paikalliset kytkent\u00e4sivustot - Online Adult Dating<\/title>\n<meta name=\"robots\" content=\"index, follow, max-snippet:-1, max-image-preview:large, max-video-preview:-1\" \/>\n<link rel=\"canonical\" href=\"https:\/\/theyoungmessiah.com\/fi\/ilmaiset-paikalliset-kytkentasivustot\/\" \/>\n<meta property=\"og:locale\" content=\"fi_FI\" \/>\n<meta property=\"og:type\" content=\"article\" \/>\n<meta property=\"og:title\" content=\"Ilmaiset paikalliset kytkent\u00e4sivustot - Online Adult Dating\" \/>\n<meta property=\"og:description\" content=\"On olemassa monia paikallisia kytkent\u00e4sivustoja , jotka voivat auttaa sinua l\u00f6yt\u00e4m\u00e4\u00e4n jonkun, johon liitty\u00e4. Sinun tarvitsee vain luoda profiili ja alkaa etsi\u00e4 jotakuta, joka t\u00e4ytt\u00e4\u00e4 kriteerisi. Yhteydenpito jonkun kanssa voi olla loistava tapa pit\u00e4\u00e4 hauskaa ja kokea uusia asioita, mutta on t\u00e4rke\u00e4\u00e4 olla turvallinen ja vastuullinen tehdess\u00e4\u00e4n niin. Varmista, ett\u00e4 tunnet henkil\u00f6n hyvin ennen tapaamista...Read more\" \/>\n<meta property=\"og:url\" content=\"https:\/\/theyoungmessiah.com\/fi\/ilmaiset-paikalliset-kytkentasivustot\/\" \/>\n<meta property=\"og:site_name\" content=\"Online Adult Dating\" \/>\n<meta name=\"twitter:card\" content=\"summary_large_image\" \/>\n<meta name=\"twitter:label1\" content=\"Arvioitu lukuaika\" \/>\n\t<meta name=\"twitter:data1\" content=\"4 minuuttia\" \/>\n<script type=\"application\/ld+json\" class=\"yoast-schema-graph\">{\"@context\":\"https:\/\/schema.org\",\"@graph\":[{\"@type\":\"WebSite\",\"@id\":\"https:\/\/theyoungmessiah.com\/fi\/#website\",\"url\":\"https:\/\/theyoungmessiah.com\/fi\/\",\"name\":\"Online Adult Dating\",\"description\":\"Local Sex Hookups\",\"potentialAction\":[{\"@type\":\"SearchAction\",\"target\":{\"@type\":\"EntryPoint\",\"urlTemplate\":\"https:\/\/theyoungmessiah.com\/fi\/?s={search_term_string}\"},\"query-input\":\"required name=search_term_string\"}],\"inLanguage\":\"fi\"},{\"@type\":\"WebPage\",\"@id\":\"https:\/\/theyoungmessiah.com\/fi\/ilmaiset-paikalliset-kytkentasivustot\/#webpage\",\"url\":\"https:\/\/theyoungmessiah.com\/fi\/ilmaiset-paikalliset-kytkentasivustot\/\",\"name\":\"Ilmaiset paikalliset kytkent\\u00e4sivustot - Online Adult Dating\",\"isPartOf\":{\"@id\":\"https:\/\/theyoungmessiah.com\/fi\/#website\"},\"datePublished\":\"2022-10-12T12:52:14+00:00\",\"dateModified\":\"2022-10-12T12:52:14+00:00\",\"breadcrumb\":{\"@id\":\"https:\/\/theyoungmessiah.com\/fi\/ilmaiset-paikalliset-kytkentasivustot\/#breadcrumb\"},\"inLanguage\":\"fi\",\"potentialAction\":[{\"@type\":\"ReadAction\",\"target\":[\"https:\/\/theyoungmessiah.com\/fi\/ilmaiset-paikalliset-kytkentasivustot\/\"]}]},{\"@type\":\"BreadcrumbList\",\"@id\":\"https:\/\/theyoungmessiah.com\/fi\/ilmaiset-paikalliset-kytkentasivustot\/#breadcrumb\",\"itemListElement\":[{\"@type\":\"ListItem\",\"position\":1,\"name\":\"Home\",\"item\":\"http:\/\/theyoungmessiah.com\/fi\/\"},{\"@type\":\"ListItem\",\"position\":2,\"name\":\"Ilmaiset paikalliset kytkent\\u00e4sivustot\"}]}]}<\/script>\n<!-- \/ Yoast SEO plugin. -->","yoast_head_json":{"title":"Ilmaiset paikalliset kytkent\u00e4sivustot - Online Adult Dating","robots":{"index":"index","follow":"follow","max-snippet":"max-snippet:-1","max-image-preview":"max-image-preview:large","max-video-preview":"max-video-preview:-1"},"canonical":"https:\/\/theyoungmessiah.com\/fi\/ilmaiset-paikalliset-kytkentasivustot\/","og_locale":"fi_FI","og_type":"article","og_title":"Ilmaiset paikalliset kytkent\u00e4sivustot - Online Adult Dating","og_description":"On olemassa monia paikallisia kytkent\u00e4sivustoja , jotka voivat auttaa sinua l\u00f6yt\u00e4m\u00e4\u00e4n jonkun, johon liitty\u00e4. Sinun tarvitsee vain luoda profiili ja alkaa etsi\u00e4 jotakuta, joka t\u00e4ytt\u00e4\u00e4 kriteerisi. Yhteydenpito jonkun kanssa voi olla loistava tapa pit\u00e4\u00e4 hauskaa ja kokea uusia asioita, mutta on t\u00e4rke\u00e4\u00e4 olla turvallinen ja vastuullinen tehdess\u00e4\u00e4n niin. Varmista, ett\u00e4 tunnet henkil\u00f6n hyvin ennen tapaamista...Read more","og_url":"https:\/\/theyoungmessiah.com\/fi\/ilmaiset-paikalliset-kytkentasivustot\/","og_site_name":"Online Adult Dating","twitter_card":"summary_large_image","twitter_misc":{"Arvioitu lukuaika":"4 minuuttia"},"schema":{"@context":"https:\/\/schema.org","@graph":[{"@type":"WebSite","@id":"https:\/\/theyoungmessiah.com\/fi\/#website","url":"https:\/\/theyoungmessiah.com\/fi\/","name":"Online Adult Dating","description":"Local Sex Hookups","potentialAction":[{"@type":"SearchAction","target":{"@type":"EntryPoint","urlTemplate":"https:\/\/theyoungmessiah.com\/fi\/?s={search_term_string}"},"query-input":"required name=search_term_string"}],"inLanguage":"fi"},{"@type":"WebPage","@id":"https:\/\/theyoungmessiah.com\/fi\/ilmaiset-paikalliset-kytkentasivustot\/#webpage","url":"https:\/\/theyoungmessiah.com\/fi\/ilmaiset-paikalliset-kytkentasivustot\/","name":"Ilmaiset paikalliset kytkent\u00e4sivustot - Online Adult Dating","isPartOf":{"@id":"https:\/\/theyoungmessiah.com\/fi\/#website"},"datePublished":"2022-10-12T12:52:14+00:00","dateModified":"2022-10-12T12:52:14+00:00","breadcrumb":{"@id":"https:\/\/theyoungmessiah.com\/fi\/ilmaiset-paikalliset-kytkentasivustot\/#breadcrumb"},"inLanguage":"fi","potentialAction":[{"@type":"ReadAction","target":["https:\/\/theyoungmessiah.com\/fi\/ilmaiset-paikalliset-kytkentasivustot\/"]}]},{"@type":"BreadcrumbList","@id":"https:\/\/theyoungmessiah.com\/fi\/ilmaiset-paikalliset-kytkentasivustot\/#breadcrumb","itemListElement":[{"@type":"ListItem","position":1,"name":"Home","item":"http:\/\/theyoungmessiah.com\/fi\/"},{"@type":"ListItem","position":2,"name":"Ilmaiset paikalliset kytkent\u00e4sivustot"}]}]}},"_links":{"self":[{"href":"https:\/\/theyoungmessiah.com\/fi\/wp-json\/wp\/v2\/pages\/235"}],"collection":[{"href":"https:\/\/theyoungmessiah.com\/fi\/wp-json\/wp\/v2\/pages"}],"about":[{"href":"https:\/\/theyoungmessiah.com\/fi\/wp-json\/wp\/v2\/types\/page"}],"author":[{"embeddable":true,"href":"https:\/\/theyoungmessiah.com\/fi\/wp-json\/wp\/v2\/users\/1"}],"replies":[{"embeddable":true,"href":"https:\/\/theyoungmessiah.com\/fi\/wp-json\/wp\/v2\/comments?post=235"}],"version-history":[{"count":0,"href":"https:\/\/theyoungmessiah.com\/fi\/wp-json\/wp\/v2\/pages\/235\/revisions"}],"wp:attachment":[{"href":"https:\/\/theyoungmessiah.com\/fi\/wp-json\/wp\/v2\/media?parent=235"}],"curies":[{"name":"wp","href":"https:\/\/api.w.org\/{rel}","templated":true}]}}