{"id":236,"date":"2022-10-12T13:52:31","date_gmt":"2022-10-12T12:52:31","guid":{"rendered":"http:\/\/theyoungmessiah.com\/vanhemmat-treffisovellukset\/"},"modified":"2022-10-12T13:52:31","modified_gmt":"2022-10-12T12:52:31","slug":"vanhemmat-treffisovellukset","status":"publish","type":"page","link":"https:\/\/theyoungmessiah.com\/fi\/vanhemmat-treffisovellukset\/","title":{"rendered":"Vanhemmat treffisovellukset"},"content":{"rendered":"<p>On olemassa muutamia erilaisia vanhempia treffisovelluksia, mutta suosituin on Tinder. Tinder on <a href=\"http:\/\/theyoungmessiah.com\/free-local-hookups-sites\/\">treffisovellus<\/a> , jonka avulla k\u00e4ytt\u00e4j\u00e4t voivat pyyhk\u00e4ist\u00e4 vasemmalle tai oikealle mahdollisissa otteluissa. Jos kaksi k\u00e4ytt\u00e4j\u00e4\u00e4 pyyhk\u00e4isee oikealle toisilleen, he vastaavat toisiaan ja voivat keskustella. Tinderi\u00e4 k\u00e4ytet\u00e4\u00e4n yleisimmin kytkemiseen, mutta sit\u00e4 voidaan k\u00e4ytt\u00e4\u00e4 my\u00f6s treffailuun.<\/p>\n<h2>Treffisivustot yli 40-vuotiaille<\/h2>\n<p>Siell\u00e4 on monia treffisivustoja yli 40-vuotiaille, joten voi olla ylivoimaista yritt\u00e4\u00e4 p\u00e4\u00e4tt\u00e4\u00e4, mik\u00e4 niist\u00e4 sopii sinulle. Hyv\u00e4 paikka aloittaa on mietti\u00e4, mit\u00e4 etsit kumppanilta. Haluatko jonkun, joka on hauska ja rento? Joku, joka on vakava ja motivoitunut? Kun tied\u00e4t, mit\u00e4 etsit, voit alkaa rajata vaihtoehtojasi.<\/p>\n<p>Toinen huomioitava asia on, millaisesta treffailusta olet kiinnostunut. Etsitk\u00f6 jotain rentoa vai oletko kiinnostunut jostakin vakavammasta? Molemmille suhteille on treffisivustoja, joten sinun on p\u00e4\u00e4tett\u00e4v\u00e4, mik\u00e4 niist\u00e4 sopii sinulle.<\/p>\n<p>Jos olet yli 40-vuotias ja sinkku, ei ole mit\u00e4\u00e4n syyt\u00e4 ep\u00e4toivoon. Siell\u00e4 on paljon treffisivustoja, jotka voivat auttaa sinua l\u00f6yt\u00e4m\u00e4\u00e4n t\u00e4ydellisen kumppanin. Ota vain aikaa, tee tutkimuksesi ja l\u00f6yd\u00e4t sinulle sopivan.<\/p>\n<h2>Ilmaiset seniori treffisivustot<\/h2>\n<p>Verkossa on paljon ilmaisia seniori-treffisivustoja, mutta kaikki eiv\u00e4t ole aikasi arvoisia. Parhaat ilmaiset vanhempien treffisivustot ovat niit\u00e4, jotka antavat sinulle mahdollisuuden tavata uusia ihmisi\u00e4, rakentaa suhteita ja ehk\u00e4 jopa l\u00f6yt\u00e4\u00e4 rakkautta. L\u00f6yt\u00e4\u00e4ksesi parhaat ilmaiset vanhemmat treffisivustot, sinun kannattaa varmistaa, ett\u00e4 niill\u00e4 on suuri k\u00e4ytt\u00e4j\u00e4kunta, ett\u00e4 ne tarjoavat runsaasti ominaisuuksia ja ett\u00e4 niill\u00e4 on positiivinen maine. Koska valittavana on niin monia ilmaisia seniori-treffisivustoja, on t\u00e4rke\u00e4\u00e4 l\u00f6yt\u00e4\u00e4 sinulle sopiva sivusto.<\/p>\n<p>On monia syit\u00e4, miksi ihmiset saattavat p\u00e4\u00e4tt\u00e4\u00e4 seurustella my\u00f6hemmin el\u00e4m\u00e4ss\u00e4. Ehk\u00e4 he ovat kypsempi\u00e4 ja heill\u00e4 on parempi k\u00e4sitys siit\u00e4, mit\u00e4 he etsiv\u00e4t parisuhteesta. Ehk\u00e4 he ovat k\u00e4yneet l\u00e4pi avioeron tai heill\u00e4 on ollut jokin muu el\u00e4m\u00e4nkokemus, joka on tehnyt heist\u00e4 varovaisempia osallistumaan jonkun kanssa. Olipa syy mik\u00e4 tahansa, siell\u00e4 on paljon kypsi\u00e4 sinkkuja, jotka k\u00e4ytt\u00e4v\u00e4t online-treffisivustoja rakkauden ja kumppanuuden l\u00f6yt\u00e4miseen.<\/p>\n<p>Jos aiot kokeilla online-treffailua, on t\u00e4rke\u00e4\u00e4 valita sivusto, joka on suunnattu aikuisille sinkuille. Sinun kannattaa etsi\u00e4 sivustoa, jolla on suuri ja aktiivinen j\u00e4senpohja sek\u00e4 vankka joukko ominaisuuksia ja turvatoimia. Ja tietysti sinun kannattaa varmistaa, ett\u00e4 valitsemasi sivusto on sellainen, jota tunnet olosi mukavaksi k\u00e4ytt\u00e4\u00e4.<\/p>\n<p>Pienell\u00e4 tutkimuksella sinun pit\u00e4isi pysty\u00e4 l\u00f6yt\u00e4m\u00e4\u00e4n sinulle t\u00e4ydellinen online-treffisivusto. Ja kuka tiet\u00e4\u00e4, saatat vain l\u00f6yt\u00e4\u00e4 el\u00e4m\u00e4si rakkauden.<\/p>\n<h3>LuckyCrush<\/h3>\n<p>Jos etsit vanhempaa treffisovellusta, joka on onnipohjainen, LuckyCrush on loistava vaihtoehto. Se on ilmainen sovellus, joka yhdist\u00e4\u00e4 sinut muiden k\u00e4ytt\u00e4jien kanssa sijaintisi perusteella, ja voit keskustella heid\u00e4n kanssaan, jos olet molemmat kiinnostuneita. Sovelluksella on my\u00f6s 4 t\u00e4hden luokitus App Storessa, joten kannattaa ehdottomasti tarkistaa.<\/p>\n<h3>OneNightFriend<\/h3>\n<p>Jos etsit vanhempaa treffisovellusta, OneNightFriend on loistava vaihtoehto. Se on helppok\u00e4ytt\u00f6inen ja siin\u00e4 on paljon ominaisuuksia, jotka tekev\u00e4t siit\u00e4 loistavan valinnan el\u00e4kel\u00e4isille. Sovellus on ladattavissa ja k\u00e4ytett\u00e4viss\u00e4 ilmaiseksi, ja se on saatavilla sek\u00e4 iOS- ett\u00e4 Android-laitteille. OneNightFriend on loistava tapa tavata uusia ihmisi\u00e4 ja l\u00f6yt\u00e4\u00e4 potentiaalisia otteluita. Sovellusta on helppo k\u00e4ytt\u00e4\u00e4 ja siin\u00e4 on paljon ominaisuuksia, jotka tekev\u00e4t siit\u00e4 loistavan valinnan el\u00e4kel\u00e4isille. OneNightFriend on loistava tapa tavata uusia ihmisi\u00e4 ja l\u00f6yt\u00e4\u00e4 potentiaalisia otteluita.<\/p>\n<h3>XPickup<\/h3>\n<p>XPickup on uusi treffisovellus, joka on suunniteltu erityisesti el\u00e4kel\u00e4isille. Se on saatavilla ilmaiseksi App Storesta ja Google Playsta. Sovelluksella on yksinkertainen ja k\u00e4ytt\u00e4j\u00e4yst\u00e4v\u00e4llinen k\u00e4ytt\u00f6liittym\u00e4. K\u00e4ytt\u00e4j\u00e4t voivat luoda profiilin ja lis\u00e4t\u00e4 valokuvia. He voivat sitten etsi\u00e4 muita el\u00e4kel\u00e4isi\u00e4, jotka etsiv\u00e4t treffej\u00e4. XPickup tarjoaa my\u00f6s chat-ominaisuuden, jotta k\u00e4ytt\u00e4j\u00e4t voivat kommunikoida kesken\u00e4\u00e4n. Sovellus on turvallinen ja turvallinen, ja sit\u00e4 on helppo k\u00e4ytt\u00e4\u00e4. Kaiken kaikkiaan XPickup on loistava treffisovellus el\u00e4kel\u00e4isille.<\/p>\n<h3>BoneAMilf<\/h3>\n<p>Jos etsit treffisovellusta, joka on suunniteltu erityisesti vanhemmille aikuisille, sinun kannattaa ehdottomasti tarkistaa BoneAMilf. T\u00e4m\u00e4 sovellus on t\u00e4ynn\u00e4 ominaisuuksia, joiden avulla on helppo l\u00f6yt\u00e4\u00e4 ja muodostaa yhteys mahdollisiin otteluihin, ja sill\u00e4 on my\u00f6s loistava k\u00e4ytt\u00f6liittym\u00e4.<\/p>\n<p>Yksi BoneAMilfin parhaista asioista on, ett\u00e4 se tarjoaa laajan valikoiman hakuvaihtoehtoja, joten l\u00f6yd\u00e4t helposti ihmisi\u00e4, jotka t\u00e4ytt\u00e4v\u00e4t tietyt kriteerisi. Sovelluksen avulla voit my\u00f6s tarkastella muiden k\u00e4ytt\u00e4jien profiileja ja n\u00e4hd\u00e4, ketk\u00e4 ovat t\u00e4ll\u00e4 hetkell\u00e4 online-tilassa.<\/p>\n<p>Sovelluksessa on my\u00f6s sis\u00e4\u00e4nrakennettu viestij\u00e4rjestelm\u00e4, joten voit helposti keskustella mahdollisten otteluiden kanssa. Kaiken kaikkiaan BoneAMilf on loistava vaihtoehto vanhemmille aikuisille, jotka etsiv\u00e4t treffisovellusta, jota on helppo k\u00e4ytt\u00e4\u00e4 ja joka on t\u00e4ynn\u00e4 ominaisuuksia.<\/p>\n","protected":false},"excerpt":{"rendered":"<p>On olemassa muutamia erilaisia vanhempia treffisovelluksia, mutta suosituin on Tinder. Tinder on treffisovellus , jonka avulla k\u00e4ytt\u00e4j\u00e4t voivat pyyhk\u00e4ist\u00e4 vasemmalle tai oikealle mahdollisissa otteluissa. Jos kaksi k\u00e4ytt\u00e4j\u00e4\u00e4 pyyhk\u00e4isee oikealle toisilleen, he vastaavat toisiaan ja voivat keskustella. Tinderi\u00e4 k\u00e4ytet\u00e4\u00e4n yleisimmin kytkemiseen, mutta sit\u00e4 voidaan k\u00e4ytt\u00e4\u00e4 my\u00f6s treffailuun. Treffisivustot yli 40-vuotiaille Siell\u00e4 on monia treffisivustoja yli 40-vuotiaille,&#8230;<a class=\"read-more-link button\" href=\"https:\/\/theyoungmessiah.com\/fi\/vanhemmat-treffisovellukset\/\">Read more<\/a><\/p>\n","protected":false},"author":1,"featured_media":0,"parent":0,"menu_order":0,"comment_status":"closed","ping_status":"closed","template":"","meta":[],"yoast_head":"<!-- This site is optimized with the Yoast SEO plugin v17.7.1 - https:\/\/yoast.com\/wordpress\/plugins\/seo\/ -->\n<title>Vanhemmat treffisovellukset - Online Adult Dating<\/title>\n<meta name=\"robots\" content=\"index, follow, max-snippet:-1, max-image-preview:large, max-video-preview:-1\" \/>\n<link rel=\"canonical\" href=\"https:\/\/theyoungmessiah.com\/fi\/vanhemmat-treffisovellukset\/\" \/>\n<meta property=\"og:locale\" content=\"fi_FI\" \/>\n<meta property=\"og:type\" content=\"article\" \/>\n<meta property=\"og:title\" content=\"Vanhemmat treffisovellukset - Online Adult Dating\" \/>\n<meta property=\"og:description\" content=\"On olemassa muutamia erilaisia vanhempia treffisovelluksia, mutta suosituin on Tinder. Tinder on treffisovellus , jonka avulla k\u00e4ytt\u00e4j\u00e4t voivat pyyhk\u00e4ist\u00e4 vasemmalle tai oikealle mahdollisissa otteluissa. Jos kaksi k\u00e4ytt\u00e4j\u00e4\u00e4 pyyhk\u00e4isee oikealle toisilleen, he vastaavat toisiaan ja voivat keskustella. Tinderi\u00e4 k\u00e4ytet\u00e4\u00e4n yleisimmin kytkemiseen, mutta sit\u00e4 voidaan k\u00e4ytt\u00e4\u00e4 my\u00f6s treffailuun. Treffisivustot yli 40-vuotiaille Siell\u00e4 on monia treffisivustoja yli 40-vuotiaille,...Read more\" \/>\n<meta property=\"og:url\" content=\"https:\/\/theyoungmessiah.com\/fi\/vanhemmat-treffisovellukset\/\" \/>\n<meta property=\"og:site_name\" content=\"Online Adult Dating\" \/>\n<meta name=\"twitter:card\" content=\"summary_large_image\" \/>\n<meta name=\"twitter:label1\" content=\"Arvioitu lukuaika\" \/>\n\t<meta name=\"twitter:data1\" content=\"4 minuuttia\" \/>\n<script type=\"application\/ld+json\" class=\"yoast-schema-graph\">{\"@context\":\"https:\/\/schema.org\",\"@graph\":[{\"@type\":\"WebSite\",\"@id\":\"https:\/\/theyoungmessiah.com\/fi\/#website\",\"url\":\"https:\/\/theyoungmessiah.com\/fi\/\",\"name\":\"Online Adult Dating\",\"description\":\"Local Sex Hookups\",\"potentialAction\":[{\"@type\":\"SearchAction\",\"target\":{\"@type\":\"EntryPoint\",\"urlTemplate\":\"https:\/\/theyoungmessiah.com\/fi\/?s={search_term_string}\"},\"query-input\":\"required name=search_term_string\"}],\"inLanguage\":\"fi\"},{\"@type\":\"WebPage\",\"@id\":\"https:\/\/theyoungmessiah.com\/fi\/vanhemmat-treffisovellukset\/#webpage\",\"url\":\"https:\/\/theyoungmessiah.com\/fi\/vanhemmat-treffisovellukset\/\",\"name\":\"Vanhemmat treffisovellukset - Online Adult Dating\",\"isPartOf\":{\"@id\":\"https:\/\/theyoungmessiah.com\/fi\/#website\"},\"datePublished\":\"2022-10-12T12:52:31+00:00\",\"dateModified\":\"2022-10-12T12:52:31+00:00\",\"breadcrumb\":{\"@id\":\"https:\/\/theyoungmessiah.com\/fi\/vanhemmat-treffisovellukset\/#breadcrumb\"},\"inLanguage\":\"fi\",\"potentialAction\":[{\"@type\":\"ReadAction\",\"target\":[\"https:\/\/theyoungmessiah.com\/fi\/vanhemmat-treffisovellukset\/\"]}]},{\"@type\":\"BreadcrumbList\",\"@id\":\"https:\/\/theyoungmessiah.com\/fi\/vanhemmat-treffisovellukset\/#breadcrumb\",\"itemListElement\":[{\"@type\":\"ListItem\",\"position\":1,\"name\":\"Home\",\"item\":\"http:\/\/theyoungmessiah.com\/fi\/\"},{\"@type\":\"ListItem\",\"position\":2,\"name\":\"Vanhemmat treffisovellukset\"}]}]}<\/script>\n<!-- \/ Yoast SEO plugin. -->","yoast_head_json":{"title":"Vanhemmat treffisovellukset - Online Adult Dating","robots":{"index":"index","follow":"follow","max-snippet":"max-snippet:-1","max-image-preview":"max-image-preview:large","max-video-preview":"max-video-preview:-1"},"canonical":"https:\/\/theyoungmessiah.com\/fi\/vanhemmat-treffisovellukset\/","og_locale":"fi_FI","og_type":"article","og_title":"Vanhemmat treffisovellukset - Online Adult Dating","og_description":"On olemassa muutamia erilaisia vanhempia treffisovelluksia, mutta suosituin on Tinder. Tinder on treffisovellus , jonka avulla k\u00e4ytt\u00e4j\u00e4t voivat pyyhk\u00e4ist\u00e4 vasemmalle tai oikealle mahdollisissa otteluissa. Jos kaksi k\u00e4ytt\u00e4j\u00e4\u00e4 pyyhk\u00e4isee oikealle toisilleen, he vastaavat toisiaan ja voivat keskustella. Tinderi\u00e4 k\u00e4ytet\u00e4\u00e4n yleisimmin kytkemiseen, mutta sit\u00e4 voidaan k\u00e4ytt\u00e4\u00e4 my\u00f6s treffailuun. Treffisivustot yli 40-vuotiaille Siell\u00e4 on monia treffisivustoja yli 40-vuotiaille,...Read more","og_url":"https:\/\/theyoungmessiah.com\/fi\/vanhemmat-treffisovellukset\/","og_site_name":"Online Adult Dating","twitter_card":"summary_large_image","twitter_misc":{"Arvioitu lukuaika":"4 minuuttia"},"schema":{"@context":"https:\/\/schema.org","@graph":[{"@type":"WebSite","@id":"https:\/\/theyoungmessiah.com\/fi\/#website","url":"https:\/\/theyoungmessiah.com\/fi\/","name":"Online Adult Dating","description":"Local Sex Hookups","potentialAction":[{"@type":"SearchAction","target":{"@type":"EntryPoint","urlTemplate":"https:\/\/theyoungmessiah.com\/fi\/?s={search_term_string}"},"query-input":"required name=search_term_string"}],"inLanguage":"fi"},{"@type":"WebPage","@id":"https:\/\/theyoungmessiah.com\/fi\/vanhemmat-treffisovellukset\/#webpage","url":"https:\/\/theyoungmessiah.com\/fi\/vanhemmat-treffisovellukset\/","name":"Vanhemmat treffisovellukset - Online Adult Dating","isPartOf":{"@id":"https:\/\/theyoungmessiah.com\/fi\/#website"},"datePublished":"2022-10-12T12:52:31+00:00","dateModified":"2022-10-12T12:52:31+00:00","breadcrumb":{"@id":"https:\/\/theyoungmessiah.com\/fi\/vanhemmat-treffisovellukset\/#breadcrumb"},"inLanguage":"fi","potentialAction":[{"@type":"ReadAction","target":["https:\/\/theyoungmessiah.com\/fi\/vanhemmat-treffisovellukset\/"]}]},{"@type":"BreadcrumbList","@id":"https:\/\/theyoungmessiah.com\/fi\/vanhemmat-treffisovellukset\/#breadcrumb","itemListElement":[{"@type":"ListItem","position":1,"name":"Home","item":"http:\/\/theyoungmessiah.com\/fi\/"},{"@type":"ListItem","position":2,"name":"Vanhemmat treffisovellukset"}]}]}},"_links":{"self":[{"href":"https:\/\/theyoungmessiah.com\/fi\/wp-json\/wp\/v2\/pages\/236"}],"collection":[{"href":"https:\/\/theyoungmessiah.com\/fi\/wp-json\/wp\/v2\/pages"}],"about":[{"href":"https:\/\/theyoungmessiah.com\/fi\/wp-json\/wp\/v2\/types\/page"}],"author":[{"embeddable":true,"href":"https:\/\/theyoungmessiah.com\/fi\/wp-json\/wp\/v2\/users\/1"}],"replies":[{"embeddable":true,"href":"https:\/\/theyoungmessiah.com\/fi\/wp-json\/wp\/v2\/comments?post=236"}],"version-history":[{"count":0,"href":"https:\/\/theyoungmessiah.com\/fi\/wp-json\/wp\/v2\/pages\/236\/revisions"}],"wp:attachment":[{"href":"https:\/\/theyoungmessiah.com\/fi\/wp-json\/wp\/v2\/media?parent=236"}],"curies":[{"name":"wp","href":"https:\/\/api.w.org\/{rel}","templated":true}]}}