{"id":257,"date":"2022-10-12T13:51:18","date_gmt":"2022-10-12T12:51:18","guid":{"rendered":"http:\/\/theyoungmessiah.com\/kiimaiset-ihmiset-lahellani\/"},"modified":"2022-10-12T13:51:18","modified_gmt":"2022-10-12T12:51:18","slug":"kiimaiset-ihmiset-lahellani","status":"publish","type":"page","link":"https:\/\/theyoungmessiah.com\/fi\/kiimaiset-ihmiset-lahellani\/","title":{"rendered":"Kiimaiset ihmiset l\u00e4hell\u00e4ni"},"content":{"rendered":"<p>L\u00e4hell\u00e4si on paljon kiimaisia ihmisi\u00e4, jos haluat liitty\u00e4. Paras tapa l\u00f6yt\u00e4\u00e4 ne on k\u00e4ytt\u00e4\u00e4 treffi- tai yhteyssovellusta, kuten Tinder, Bumble tai Grindr. Voit my\u00f6s yritt\u00e4\u00e4 k\u00e4yd\u00e4 alueesi suosituissa baareissa tai klubeissa. Jos sinulla on vaikeuksia l\u00f6yt\u00e4\u00e4 joku, voit aina kysy\u00e4 yst\u00e4vilt\u00e4si, tuntevatko he ket\u00e4\u00e4n, joka saattaa olla kiinnostunut.<\/p>\n<p><a href=\"http:\/\/theyoungmessiah.com\/local-women-looking-for-sex\/\">Kiimaisia naisia<\/a> l\u00f6ytyy kaikkialta Internetist\u00e4, ja he ovat yleens\u00e4 keskustelemassa mist\u00e4 tahansa ja kaikesta. Kun on kyse treffailusta, on kuitenkin muutamia asioita, jotka sinun tulee pit\u00e4\u00e4 mieless\u00e4. Ensinn\u00e4kin kiimaiset naiset ovat usein hyvin eteenp\u00e4in, joten sinun on oltava valmis siihen. Toiseksi he etsiv\u00e4t yleens\u00e4 nopeaa kytkemist\u00e4, joten \u00e4l\u00e4 odota mit\u00e4\u00e4n liian vakavaa. Lopuksi, kiimaiset naiset ovat usein melko villej\u00e4 s\u00e4ngyss\u00e4, joten varaudu hyv\u00e4\u00e4n aikaan!<\/p>\n<h2>Kiimaisten tytt\u00f6jen tapaaminen<\/h2>\n<p>Ei ole mit\u00e4\u00e4n muuta kuin tavata kuuma tytt\u00f6 verkossa ja tiet\u00e4\u00e4, ett\u00e4 h\u00e4n on yht\u00e4 kiimainen kuin sin\u00e4kin. Se on loistava tapa tutustua johonkin ja p\u00e4\u00e4st\u00e4 pois samaan aikaan. Muista vain olla turvallinen ja k\u00e4ytt\u00e4\u00e4 hyv\u00e4maineista sivustoa.<\/p>\n<p>L\u00e4hell\u00e4ni ja eri puolilla maata on paljon kiimaisia naisia, jotka etsiv\u00e4t kaltaistasi kaveria. L\u00f6yd\u00e4t ne verkosta mist\u00e4 tahansa useista treffisivustoista. Sinun tarvitsee vain m\u00e4\u00e4ritt\u00e4\u00e4 profiili, laittaa muutama kuva ja aloittaa viestit. N\u00e4iden verkkosivustojen naiset ovat yleens\u00e4 avoimia tapaamaan rentoa seksi\u00e4 varten, joten sinulla ei pit\u00e4isi olla vaikeuksia l\u00f6yt\u00e4\u00e4 joku, jonka kanssa olla yhteydess\u00e4.<\/p>\n<h3>Chat Avenue<\/h3>\n<p>Jos etsit treffisovellusta, joka auttaa sinua l\u00f6yt\u00e4m\u00e4\u00e4n kiimaisia ihmisi\u00e4 l\u00e4helt\u00e4si, Chat Avenue on hyv\u00e4 vaihtoehto. Sovelluksella on suuri k\u00e4ytt\u00e4j\u00e4kunta, joten l\u00f6yd\u00e4t todenn\u00e4k\u00f6isesti jonkun, joka on kiinnostunut kytkemisest\u00e4. Sovellus on ladattavissa ja k\u00e4ytett\u00e4viss\u00e4 ilmaiseksi, ja on helppo rekister\u00f6ity\u00e4 ja aloittaa keskustelu ihmisten kanssa. Sovellus ei kuitenkaan ole virheet\u00f6n. Jotkut k\u00e4ytt\u00e4j\u00e4t ovat ilmoittaneet, ett\u00e4 sovellus on buginen ja kaatuu usein. Lis\u00e4ksi sovelluksessa ei ole paljon ominaisuuksia, joten se ei ole yht\u00e4 kattava kuin jotkut muut siell\u00e4 olevat treffisovellukset. Kaiken kaikkiaan Chat Avenue on kunnollinen vaihtoehto l\u00f6yt\u00e4\u00e4 kiimaisia ihmisi\u00e4, joiden kanssa olla yhteydess\u00e4.<\/p>\n<h3>Zoosk<\/h3>\n<p>Jos etsit treffisovellusta, jonka avulla on helppo muodostaa yhteys paikallisiin sinkkuihin, Zoosk on loistava valinta. Sill\u00e4 on yli 30 miljoonaa j\u00e4sent\u00e4, ja se on yksi suosituimmista treffisovelluksista. Ja se on erityisen suosittu l\u00e4hell\u00e4ni olevien kiimaisten ihmisten keskuudessa.<\/p>\n<p>Zoosk-sovellus on ladattavissa ja k\u00e4ytett\u00e4viss\u00e4 ilmaiseksi, ja sit\u00e4 on melko helppo k\u00e4ytt\u00e4\u00e4. Luo vain profiili, lataa valokuva ja aloita paikallisten sinkkujen selaaminen. Voit suodattaa hakusi sijainnin, i\u00e4n ja kiinnostuksen kohteiden mukaan ja l\u00e4hett\u00e4\u00e4 viestin kaikille, jotka kiinnitt\u00e4v\u00e4t huomiosi.<\/p>\n<p>Zooskin ainoa haittapuoli on, ett\u00e4 se ei ole yht\u00e4 suosittu kuin jotkut muut siell\u00e4 olevat treffisovellukset, joten sinulla voi olla vaikeampaa l\u00f6yt\u00e4\u00e4 otteluita. Mutta jos etsit nopeaa kytkemist\u00e4, se on ehdottomasti kokeilemisen arvoinen.<\/p>\n<h3>Fling.com<\/h3>\n<p>Fling.com on treffisovellus, jonka avulla voit l\u00f6yt\u00e4\u00e4 kiimaisia ihmisi\u00e4 l\u00e4helt\u00e4si. Sovellus on ladattavissa ja k\u00e4ytett\u00e4viss\u00e4 ilmaiseksi, ja se tarjoaa erilaisia ominaisuuksia, joiden avulla voit l\u00f6yt\u00e4\u00e4 ottelun. Voit etsi\u00e4 k\u00e4ytt\u00e4ji\u00e4 sijainnin, i\u00e4n ja sukupuolen mukaan ja aloittaa keskustelun l\u00e4hett\u00e4m\u00e4ll\u00e4 heille viestin. Sovellus sis\u00e4lt\u00e4\u00e4 my\u00f6s &#8221;fling finder&#8221; -ominaisuuden, jonka avulla voit l\u00f6yt\u00e4\u00e4 k\u00e4ytt\u00e4ji\u00e4, jotka etsiv\u00e4t heittoa. Kaiken kaikkiaan sovellus on loistava tapa tavata uusia ihmisi\u00e4 ja p\u00e4\u00e4st\u00e4 makaamaan.<\/p>\n<h3>\u00c4nkytt\u00e4\u00e4<\/h3>\n<p>Bumble on treffisovellus, jonka avulla voit l\u00f6yt\u00e4\u00e4 mahdollisia p\u00e4iv\u00e4m\u00e4\u00e4ri\u00e4 l\u00e4helt\u00e4si. Se on samanlainen kuin muut treffisovellukset, kuten Tinder ja OkCupid, mutta sill\u00e4 on muutamia keskeisi\u00e4 eroja. Ensinn\u00e4kin naiset hallitsevat. Heid\u00e4n on teht\u00e4v\u00e4 ensimm\u00e4inen siirto, ja he voivat l\u00e4hett\u00e4\u00e4 viestej\u00e4 vain miehille, joiden kanssa he ovat olleet tekemisiss\u00e4. Toiseksi sovellus on suunnattu vakavampiin suhteisiin. Se ei ole yht\u00e4 rento kuin Tinder, ja l\u00f6yd\u00e4t todenn\u00e4k\u00f6isemmin jonkun, joka etsii pitk\u00e4aikaista suhdetta. Kaiken kaikkiaan Bumble on loistava treffisovellus naisille, jotka haluavat hallita, ja ihmisille, jotka etsiv\u00e4t vakavampia suhteita.<\/p>\n","protected":false},"excerpt":{"rendered":"<p>L\u00e4hell\u00e4si on paljon kiimaisia ihmisi\u00e4, jos haluat liitty\u00e4. Paras tapa l\u00f6yt\u00e4\u00e4 ne on k\u00e4ytt\u00e4\u00e4 treffi- tai yhteyssovellusta, kuten Tinder, Bumble tai Grindr. Voit my\u00f6s yritt\u00e4\u00e4 k\u00e4yd\u00e4 alueesi suosituissa baareissa tai klubeissa. Jos sinulla on vaikeuksia l\u00f6yt\u00e4\u00e4 joku, voit aina kysy\u00e4 yst\u00e4vilt\u00e4si, tuntevatko he ket\u00e4\u00e4n, joka saattaa olla kiinnostunut. Kiimaisia naisia l\u00f6ytyy kaikkialta Internetist\u00e4, ja he&#8230;<a class=\"read-more-link button\" href=\"https:\/\/theyoungmessiah.com\/fi\/kiimaiset-ihmiset-lahellani\/\">Read more<\/a><\/p>\n","protected":false},"author":1,"featured_media":0,"parent":0,"menu_order":0,"comment_status":"closed","ping_status":"closed","template":"","meta":[],"yoast_head":"<!-- This site is optimized with the Yoast SEO plugin v17.7.1 - https:\/\/yoast.com\/wordpress\/plugins\/seo\/ -->\n<title>Kiimaiset ihmiset l\u00e4hell\u00e4ni - Online Adult Dating<\/title>\n<meta name=\"robots\" content=\"index, follow, max-snippet:-1, max-image-preview:large, max-video-preview:-1\" \/>\n<link rel=\"canonical\" href=\"https:\/\/theyoungmessiah.com\/fi\/kiimaiset-ihmiset-lahellani\/\" \/>\n<meta property=\"og:locale\" content=\"fi_FI\" \/>\n<meta property=\"og:type\" content=\"article\" \/>\n<meta property=\"og:title\" content=\"Kiimaiset ihmiset l\u00e4hell\u00e4ni - Online Adult Dating\" \/>\n<meta property=\"og:description\" content=\"L\u00e4hell\u00e4si on paljon kiimaisia ihmisi\u00e4, jos haluat liitty\u00e4. Paras tapa l\u00f6yt\u00e4\u00e4 ne on k\u00e4ytt\u00e4\u00e4 treffi- tai yhteyssovellusta, kuten Tinder, Bumble tai Grindr. Voit my\u00f6s yritt\u00e4\u00e4 k\u00e4yd\u00e4 alueesi suosituissa baareissa tai klubeissa. Jos sinulla on vaikeuksia l\u00f6yt\u00e4\u00e4 joku, voit aina kysy\u00e4 yst\u00e4vilt\u00e4si, tuntevatko he ket\u00e4\u00e4n, joka saattaa olla kiinnostunut. Kiimaisia naisia l\u00f6ytyy kaikkialta Internetist\u00e4, ja he...Read more\" \/>\n<meta property=\"og:url\" content=\"https:\/\/theyoungmessiah.com\/fi\/kiimaiset-ihmiset-lahellani\/\" \/>\n<meta property=\"og:site_name\" content=\"Online Adult Dating\" \/>\n<meta name=\"twitter:card\" content=\"summary_large_image\" \/>\n<meta name=\"twitter:label1\" content=\"Arvioitu lukuaika\" \/>\n\t<meta name=\"twitter:data1\" content=\"3 minuuttia\" \/>\n<script type=\"application\/ld+json\" class=\"yoast-schema-graph\">{\"@context\":\"https:\/\/schema.org\",\"@graph\":[{\"@type\":\"WebSite\",\"@id\":\"https:\/\/theyoungmessiah.com\/fi\/#website\",\"url\":\"https:\/\/theyoungmessiah.com\/fi\/\",\"name\":\"Online Adult Dating\",\"description\":\"Local Sex Hookups\",\"potentialAction\":[{\"@type\":\"SearchAction\",\"target\":{\"@type\":\"EntryPoint\",\"urlTemplate\":\"https:\/\/theyoungmessiah.com\/fi\/?s={search_term_string}\"},\"query-input\":\"required name=search_term_string\"}],\"inLanguage\":\"fi\"},{\"@type\":\"WebPage\",\"@id\":\"https:\/\/theyoungmessiah.com\/fi\/kiimaiset-ihmiset-lahellani\/#webpage\",\"url\":\"https:\/\/theyoungmessiah.com\/fi\/kiimaiset-ihmiset-lahellani\/\",\"name\":\"Kiimaiset ihmiset l\\u00e4hell\\u00e4ni - Online Adult Dating\",\"isPartOf\":{\"@id\":\"https:\/\/theyoungmessiah.com\/fi\/#website\"},\"datePublished\":\"2022-10-12T12:51:18+00:00\",\"dateModified\":\"2022-10-12T12:51:18+00:00\",\"breadcrumb\":{\"@id\":\"https:\/\/theyoungmessiah.com\/fi\/kiimaiset-ihmiset-lahellani\/#breadcrumb\"},\"inLanguage\":\"fi\",\"potentialAction\":[{\"@type\":\"ReadAction\",\"target\":[\"https:\/\/theyoungmessiah.com\/fi\/kiimaiset-ihmiset-lahellani\/\"]}]},{\"@type\":\"BreadcrumbList\",\"@id\":\"https:\/\/theyoungmessiah.com\/fi\/kiimaiset-ihmiset-lahellani\/#breadcrumb\",\"itemListElement\":[{\"@type\":\"ListItem\",\"position\":1,\"name\":\"Home\",\"item\":\"http:\/\/theyoungmessiah.com\/fi\/\"},{\"@type\":\"ListItem\",\"position\":2,\"name\":\"Kiimaiset ihmiset l\\u00e4hell\\u00e4ni\"}]}]}<\/script>\n<!-- \/ Yoast SEO plugin. -->","yoast_head_json":{"title":"Kiimaiset ihmiset l\u00e4hell\u00e4ni - Online Adult Dating","robots":{"index":"index","follow":"follow","max-snippet":"max-snippet:-1","max-image-preview":"max-image-preview:large","max-video-preview":"max-video-preview:-1"},"canonical":"https:\/\/theyoungmessiah.com\/fi\/kiimaiset-ihmiset-lahellani\/","og_locale":"fi_FI","og_type":"article","og_title":"Kiimaiset ihmiset l\u00e4hell\u00e4ni - Online Adult Dating","og_description":"L\u00e4hell\u00e4si on paljon kiimaisia ihmisi\u00e4, jos haluat liitty\u00e4. Paras tapa l\u00f6yt\u00e4\u00e4 ne on k\u00e4ytt\u00e4\u00e4 treffi- tai yhteyssovellusta, kuten Tinder, Bumble tai Grindr. Voit my\u00f6s yritt\u00e4\u00e4 k\u00e4yd\u00e4 alueesi suosituissa baareissa tai klubeissa. Jos sinulla on vaikeuksia l\u00f6yt\u00e4\u00e4 joku, voit aina kysy\u00e4 yst\u00e4vilt\u00e4si, tuntevatko he ket\u00e4\u00e4n, joka saattaa olla kiinnostunut. Kiimaisia naisia l\u00f6ytyy kaikkialta Internetist\u00e4, ja he...Read more","og_url":"https:\/\/theyoungmessiah.com\/fi\/kiimaiset-ihmiset-lahellani\/","og_site_name":"Online Adult Dating","twitter_card":"summary_large_image","twitter_misc":{"Arvioitu lukuaika":"3 minuuttia"},"schema":{"@context":"https:\/\/schema.org","@graph":[{"@type":"WebSite","@id":"https:\/\/theyoungmessiah.com\/fi\/#website","url":"https:\/\/theyoungmessiah.com\/fi\/","name":"Online Adult Dating","description":"Local Sex Hookups","potentialAction":[{"@type":"SearchAction","target":{"@type":"EntryPoint","urlTemplate":"https:\/\/theyoungmessiah.com\/fi\/?s={search_term_string}"},"query-input":"required name=search_term_string"}],"inLanguage":"fi"},{"@type":"WebPage","@id":"https:\/\/theyoungmessiah.com\/fi\/kiimaiset-ihmiset-lahellani\/#webpage","url":"https:\/\/theyoungmessiah.com\/fi\/kiimaiset-ihmiset-lahellani\/","name":"Kiimaiset ihmiset l\u00e4hell\u00e4ni - Online Adult Dating","isPartOf":{"@id":"https:\/\/theyoungmessiah.com\/fi\/#website"},"datePublished":"2022-10-12T12:51:18+00:00","dateModified":"2022-10-12T12:51:18+00:00","breadcrumb":{"@id":"https:\/\/theyoungmessiah.com\/fi\/kiimaiset-ihmiset-lahellani\/#breadcrumb"},"inLanguage":"fi","potentialAction":[{"@type":"ReadAction","target":["https:\/\/theyoungmessiah.com\/fi\/kiimaiset-ihmiset-lahellani\/"]}]},{"@type":"BreadcrumbList","@id":"https:\/\/theyoungmessiah.com\/fi\/kiimaiset-ihmiset-lahellani\/#breadcrumb","itemListElement":[{"@type":"ListItem","position":1,"name":"Home","item":"http:\/\/theyoungmessiah.com\/fi\/"},{"@type":"ListItem","position":2,"name":"Kiimaiset ihmiset l\u00e4hell\u00e4ni"}]}]}},"_links":{"self":[{"href":"https:\/\/theyoungmessiah.com\/fi\/wp-json\/wp\/v2\/pages\/257"}],"collection":[{"href":"https:\/\/theyoungmessiah.com\/fi\/wp-json\/wp\/v2\/pages"}],"about":[{"href":"https:\/\/theyoungmessiah.com\/fi\/wp-json\/wp\/v2\/types\/page"}],"author":[{"embeddable":true,"href":"https:\/\/theyoungmessiah.com\/fi\/wp-json\/wp\/v2\/users\/1"}],"replies":[{"embeddable":true,"href":"https:\/\/theyoungmessiah.com\/fi\/wp-json\/wp\/v2\/comments?post=257"}],"version-history":[{"count":0,"href":"https:\/\/theyoungmessiah.com\/fi\/wp-json\/wp\/v2\/pages\/257\/revisions"}],"wp:attachment":[{"href":"https:\/\/theyoungmessiah.com\/fi\/wp-json\/wp\/v2\/media?parent=257"}],"curies":[{"name":"wp","href":"https:\/\/api.w.org\/{rel}","templated":true}]}}