{"id":260,"date":"2022-10-12T13:51:58","date_gmt":"2022-10-12T12:51:58","guid":{"rendered":"http:\/\/theyoungmessiah.com\/ilmaiset-milf-chat-sivustot\/"},"modified":"2022-10-12T13:51:58","modified_gmt":"2022-10-12T12:51:58","slug":"ilmaiset-milf-chat-sivustot","status":"publish","type":"page","link":"https:\/\/theyoungmessiah.com\/fi\/ilmaiset-milf-chat-sivustot\/","title":{"rendered":"Ilmaiset Milf-chat-sivustot"},"content":{"rendered":"<p>Verkossa on paljon ilmaisia milf-chat-sivustoja, joiden avulla voit keskustella kypsien naisten kanssa, jotka etsiv\u00e4t heittoa. N\u00e4m\u00e4 sivustot ovat loistava tapa olla yhteydess\u00e4 vanhempiin naisiin, jotka ovat kiinnostuneita yhteyden muodostamisesta. Sinun tarvitsee vain luoda profiili ja aloittaa keskustelu. Tulet yll\u00e4ttym\u00e4\u00e4n siit\u00e4, kuinka helppoa on l\u00f6yt\u00e4\u00e4 milf, jonka kanssa keskustella.<\/p>\n<h2>Ilmaiset MILF-chat-huoneet<\/h2>\n<p>Verkossa on monia ilmaisia milf-chat-huoneita, joita voidaan <a href=\"http:\/\/theyoungmessiah.com\/horny-people-near-me\/\">k\u00e4ytt\u00e4\u00e4 treffitarkoituksiin<\/a>. N\u00e4m\u00e4 chat-huoneet tarjoavat loistavan alustan potentiaalisten kumppaneiden tapaamiseen ja heid\u00e4n tuntemiseensa paremmin. Monissa chat-huoneissa on my\u00f6s verkkokamerapalvelut, joita voidaan k\u00e4ytt\u00e4\u00e4 jatkoviestint\u00e4\u00e4n. Ilmaiset milf-chat-huoneet l\u00f6ytyv\u00e4t monilta treffisivustoilta, ja ne ovat loistava resurssi uusien ihmisten tapaamiseen.<\/p>\n<p>Keskustelu milfsin kanssa verkossa voi olla loistava tapa tutustua heihin paremmin ja rakentaa suhdetta. T\u00e4ss\u00e4 on muutamia vinkkej\u00e4, joiden avulla saat kaiken irti keskusteluistasi:<\/p>\n<p>K\u00e4yt\u00e4 aikaa heid\u00e4n profiilinsa lukemiseen, ennen kuin aloitat keskustelun. T\u00e4m\u00e4 antaa sinulle k\u00e4sityksen siit\u00e4, mist\u00e4 he ovat kiinnostuneita, ja auttaa sinua ohjaamaan keskustelua siihen suuntaan.<\/p>\n<ul>\n<li>Ole kunnioittava ja v\u00e4lt\u00e4 tekem\u00e4st\u00e4 loukkaavia tai vihjailevia huomautuksia.<\/li>\n<li>Esit\u00e4 kysymyksi\u00e4 ja kuuntele huolellisesti heid\u00e4n vastauksiaan. T\u00e4m\u00e4 osoittaa, ett\u00e4 olet kiinnostunut niist\u00e4, ja auttaa pit\u00e4m\u00e4\u00e4n keskustelun k\u00e4ynniss\u00e4.<\/li>\n<li>\u00c4l\u00e4 pelk\u00e4\u00e4 flirttailla v\u00e4h\u00e4n &#8211; se on kaikki osa hauskaa!<\/li>\n<li>Lopeta keskustelu positiiviseen s\u00e4vyyn, kerro heille, ett\u00e4 olet nauttinut puhumisesta heid\u00e4n kanssaan ja toivonut voivasi keskustella pian uudelleen.<\/li>\n<\/ul>\n<h2>Keskustele Milfsin kanssa<\/h2>\n<p>Olen k\u00e4ynyt hienoja keskusteluja milf:ien kanssa online-treffisivustoilla. He ovat yleens\u00e4 hyvin ennakkoluulottomia ja halukkaita puhumaan erilaisista aiheista. Olen huomannut, ett\u00e4 he ovat usein kokeneempia kuin nuoremmat naiset ja he ovat tyypillisesti luottavaisempia seksuaalisuuteensa. T\u00e4m\u00e4 on loistava yhdistelm\u00e4 makuuhuoneessa. Olen my\u00f6s huomannut, ett\u00e4 milfit ovat usein hyvin avoimia kokeilemaan uusia asioita ja he ovat yleens\u00e4 valmiita kokeilemaan. Minulla on ollut hienoja kokemuksia milfsist\u00e4 ja suosittelen niit\u00e4 ehdottomasti kaikille, jotka etsiv\u00e4t hauskaa.<\/p>\n<h3>N\u00f6rtti2Geek<\/h3>\n<p>Jos etsit treffisovellusta, joka palvelee n\u00f6rttej\u00e4, sinun kannattaa tutustua Geek2Geekiin. T\u00e4m\u00e4 sovellus on suunniteltu erityisesti n\u00f6rteille ja tarjoaa hauskan, turvallisen ja helpon tavan tavata ja keskustella muiden n\u00f6rttien kanssa. Sovellus on ladattavissa ja k\u00e4ytett\u00e4viss\u00e4 ilmaiseksi, ja se on saatavana sek\u00e4 iOS- ett\u00e4 Android-laitteille. Yksi Geek2Geekin parhaista asioista on, ett\u00e4 se on tuomitsematon vy\u00f6hyke. Olitpa sitten kiinnostunut cosplaysta, pelaamisesta, sarjakuvista tai mist\u00e4 tahansa muusta n\u00f6rtist\u00e4, l\u00f6yd\u00e4t t\u00e4st\u00e4 sovelluksesta samanhenkisten ihmisten yhteis\u00f6n. Sovelluksessa on my\u00f6s useita ominaisuuksia, joiden avulla voit muodostaa yhteyden muihin n\u00f6rtteihin, mukaan lukien yksityinen viestij\u00e4rjestelm\u00e4, &#8221;n\u00f6rttivisa&#8221;, joka auttaa sinua l\u00f6yt\u00e4m\u00e4\u00e4n otteluita, ja &#8221;geekipedia&#8221;, jossa on paljon tietoa kaikesta n\u00f6rttim\u00e4isest\u00e4.<\/p>\n<p>Jos etsit hauskaa, turvallista ja helppoa tapaa olla yhteydess\u00e4 muihin n\u00f6rtteihin, Geek2Geek on treffisovellus sinulle.<\/p>\n<h3>Chatzy<\/h3>\n<p>Jos etsit ilmaista milf-chat-sivustoa, Chatzy on loistava vaihtoehto. Sivustolla on puhdas, k\u00e4ytt\u00e4j\u00e4yst\u00e4v\u00e4llinen k\u00e4ytt\u00f6liittym\u00e4, ja se on helppo l\u00f6yt\u00e4\u00e4 ja liitty\u00e4 chat-huoneisiin. On my\u00f6s useita ominaisuuksia, mukaan lukien mahdollisuus l\u00e4hett\u00e4\u00e4 yksityisviestej\u00e4, jakaa valokuvia ja luoda ryhmi\u00e4.<\/p>\n<p>Vaikka sivustolla ei ole paljon k\u00e4ytt\u00e4ji\u00e4, se on silti loistava vaihtoehto keskustella milf:ien kanssa. Huoneet ovat yleens\u00e4 aktiivisia, ja voit yleens\u00e4 l\u00f6yt\u00e4\u00e4 milfin, jonka kanssa keskustella. Sivustolla on my\u00f6s hyv\u00e4 valikoima huoneita, joten l\u00f6yd\u00e4t varmasti sinulle sopivan.<\/p>\n<h3>L\u00e4mmitetyt \u00c4rh\u00e4k\u00e4t<\/h3>\n<p>HeatedAffairs on milf-chat-sivusto, jonka avulla voit olla yhteydess\u00e4 vanhempiin naisiin ilmaiseksi. Sivustolla on yksinkertainen muotoilu ja se on helppok\u00e4ytt\u00f6inen. Voit selata profiileja ja l\u00e4hett\u00e4\u00e4 viestej\u00e4 sinua kiinnostaville naisille. Sivuston naiset ovat aktiivisia ja reagoivia. Voit my\u00f6s k\u00e4ytt\u00e4\u00e4 sivustoa l\u00f6yt\u00e4\u00e4ksesi milf-tiedostoja alueeltasi.<\/p>\n<h3>Milfaholic<\/h3>\n<p>Jos etsit ilmaista milf-chat-sivustoa, sinun kannattaa ehdottomasti tarkistaa Milfaholic. T\u00e4m\u00e4 sivusto on loistava vaihtoehto niille, jotka etsiv\u00e4t paikkaa keskustella vanhempien naisten kanssa. Sivustolla on monia erilaisia chat-huoneita, joten voit aina l\u00f6yt\u00e4\u00e4 sinua kiinnostavan. Voit my\u00f6s etsi\u00e4 j\u00e4seni\u00e4 i\u00e4n, sijainnin tai kiinnostuksen kohteiden mukaan.<\/p>\n<p>Parasta Milfaholicissa on, ett\u00e4 se on t\u00e4ysin ilmainen k\u00e4ytt\u00e4\u00e4. Voit rekister\u00f6id\u00e4 tilin ja aloittaa keskustelun heti. Sivuston k\u00e4yt\u00f6st\u00e4 ei tarvitse maksaa mit\u00e4\u00e4n. T\u00e4m\u00e4 tekee siit\u00e4 loistavan vaihtoehdon niille, jotka haluavat keskustella vanhempien naisten kanssa ilman, ett\u00e4 heid\u00e4n tarvitsee k\u00e4ytt\u00e4\u00e4 rahaa.<\/p>\n","protected":false},"excerpt":{"rendered":"<p>Verkossa on paljon ilmaisia milf-chat-sivustoja, joiden avulla voit keskustella kypsien naisten kanssa, jotka etsiv\u00e4t heittoa. N\u00e4m\u00e4 sivustot ovat loistava tapa olla yhteydess\u00e4 vanhempiin naisiin, jotka ovat kiinnostuneita yhteyden muodostamisesta. Sinun tarvitsee vain luoda profiili ja aloittaa keskustelu. Tulet yll\u00e4ttym\u00e4\u00e4n siit\u00e4, kuinka helppoa on l\u00f6yt\u00e4\u00e4 milf, jonka kanssa keskustella. Ilmaiset MILF-chat-huoneet Verkossa on monia ilmaisia milf-chat-huoneita,&#8230;<a class=\"read-more-link button\" href=\"https:\/\/theyoungmessiah.com\/fi\/ilmaiset-milf-chat-sivustot\/\">Read more<\/a><\/p>\n","protected":false},"author":1,"featured_media":0,"parent":0,"menu_order":0,"comment_status":"closed","ping_status":"closed","template":"","meta":[],"yoast_head":"<!-- This site is optimized with the Yoast SEO plugin v17.7.1 - https:\/\/yoast.com\/wordpress\/plugins\/seo\/ -->\n<title>Ilmaiset Milf-chat-sivustot - Online Adult Dating<\/title>\n<meta name=\"robots\" content=\"index, follow, max-snippet:-1, max-image-preview:large, max-video-preview:-1\" \/>\n<link rel=\"canonical\" href=\"https:\/\/theyoungmessiah.com\/fi\/ilmaiset-milf-chat-sivustot\/\" \/>\n<meta property=\"og:locale\" content=\"fi_FI\" \/>\n<meta property=\"og:type\" content=\"article\" \/>\n<meta property=\"og:title\" content=\"Ilmaiset Milf-chat-sivustot - Online Adult Dating\" \/>\n<meta property=\"og:description\" content=\"Verkossa on paljon ilmaisia milf-chat-sivustoja, joiden avulla voit keskustella kypsien naisten kanssa, jotka etsiv\u00e4t heittoa. N\u00e4m\u00e4 sivustot ovat loistava tapa olla yhteydess\u00e4 vanhempiin naisiin, jotka ovat kiinnostuneita yhteyden muodostamisesta. Sinun tarvitsee vain luoda profiili ja aloittaa keskustelu. Tulet yll\u00e4ttym\u00e4\u00e4n siit\u00e4, kuinka helppoa on l\u00f6yt\u00e4\u00e4 milf, jonka kanssa keskustella. Ilmaiset MILF-chat-huoneet Verkossa on monia ilmaisia milf-chat-huoneita,...Read more\" \/>\n<meta property=\"og:url\" content=\"https:\/\/theyoungmessiah.com\/fi\/ilmaiset-milf-chat-sivustot\/\" \/>\n<meta property=\"og:site_name\" content=\"Online Adult Dating\" \/>\n<meta name=\"twitter:card\" content=\"summary_large_image\" \/>\n<meta name=\"twitter:label1\" content=\"Arvioitu lukuaika\" \/>\n\t<meta name=\"twitter:data1\" content=\"3 minuuttia\" \/>\n<script type=\"application\/ld+json\" class=\"yoast-schema-graph\">{\"@context\":\"https:\/\/schema.org\",\"@graph\":[{\"@type\":\"WebSite\",\"@id\":\"https:\/\/theyoungmessiah.com\/fi\/#website\",\"url\":\"https:\/\/theyoungmessiah.com\/fi\/\",\"name\":\"Online Adult Dating\",\"description\":\"Local Sex Hookups\",\"potentialAction\":[{\"@type\":\"SearchAction\",\"target\":{\"@type\":\"EntryPoint\",\"urlTemplate\":\"https:\/\/theyoungmessiah.com\/fi\/?s={search_term_string}\"},\"query-input\":\"required name=search_term_string\"}],\"inLanguage\":\"fi\"},{\"@type\":\"WebPage\",\"@id\":\"https:\/\/theyoungmessiah.com\/fi\/ilmaiset-milf-chat-sivustot\/#webpage\",\"url\":\"https:\/\/theyoungmessiah.com\/fi\/ilmaiset-milf-chat-sivustot\/\",\"name\":\"Ilmaiset Milf-chat-sivustot - Online Adult Dating\",\"isPartOf\":{\"@id\":\"https:\/\/theyoungmessiah.com\/fi\/#website\"},\"datePublished\":\"2022-10-12T12:51:58+00:00\",\"dateModified\":\"2022-10-12T12:51:58+00:00\",\"breadcrumb\":{\"@id\":\"https:\/\/theyoungmessiah.com\/fi\/ilmaiset-milf-chat-sivustot\/#breadcrumb\"},\"inLanguage\":\"fi\",\"potentialAction\":[{\"@type\":\"ReadAction\",\"target\":[\"https:\/\/theyoungmessiah.com\/fi\/ilmaiset-milf-chat-sivustot\/\"]}]},{\"@type\":\"BreadcrumbList\",\"@id\":\"https:\/\/theyoungmessiah.com\/fi\/ilmaiset-milf-chat-sivustot\/#breadcrumb\",\"itemListElement\":[{\"@type\":\"ListItem\",\"position\":1,\"name\":\"Home\",\"item\":\"http:\/\/theyoungmessiah.com\/fi\/\"},{\"@type\":\"ListItem\",\"position\":2,\"name\":\"Ilmaiset Milf-chat-sivustot\"}]}]}<\/script>\n<!-- \/ Yoast SEO plugin. -->","yoast_head_json":{"title":"Ilmaiset Milf-chat-sivustot - Online Adult Dating","robots":{"index":"index","follow":"follow","max-snippet":"max-snippet:-1","max-image-preview":"max-image-preview:large","max-video-preview":"max-video-preview:-1"},"canonical":"https:\/\/theyoungmessiah.com\/fi\/ilmaiset-milf-chat-sivustot\/","og_locale":"fi_FI","og_type":"article","og_title":"Ilmaiset Milf-chat-sivustot - Online Adult Dating","og_description":"Verkossa on paljon ilmaisia milf-chat-sivustoja, joiden avulla voit keskustella kypsien naisten kanssa, jotka etsiv\u00e4t heittoa. N\u00e4m\u00e4 sivustot ovat loistava tapa olla yhteydess\u00e4 vanhempiin naisiin, jotka ovat kiinnostuneita yhteyden muodostamisesta. Sinun tarvitsee vain luoda profiili ja aloittaa keskustelu. Tulet yll\u00e4ttym\u00e4\u00e4n siit\u00e4, kuinka helppoa on l\u00f6yt\u00e4\u00e4 milf, jonka kanssa keskustella. Ilmaiset MILF-chat-huoneet Verkossa on monia ilmaisia milf-chat-huoneita,...Read more","og_url":"https:\/\/theyoungmessiah.com\/fi\/ilmaiset-milf-chat-sivustot\/","og_site_name":"Online Adult Dating","twitter_card":"summary_large_image","twitter_misc":{"Arvioitu lukuaika":"3 minuuttia"},"schema":{"@context":"https:\/\/schema.org","@graph":[{"@type":"WebSite","@id":"https:\/\/theyoungmessiah.com\/fi\/#website","url":"https:\/\/theyoungmessiah.com\/fi\/","name":"Online Adult Dating","description":"Local Sex Hookups","potentialAction":[{"@type":"SearchAction","target":{"@type":"EntryPoint","urlTemplate":"https:\/\/theyoungmessiah.com\/fi\/?s={search_term_string}"},"query-input":"required name=search_term_string"}],"inLanguage":"fi"},{"@type":"WebPage","@id":"https:\/\/theyoungmessiah.com\/fi\/ilmaiset-milf-chat-sivustot\/#webpage","url":"https:\/\/theyoungmessiah.com\/fi\/ilmaiset-milf-chat-sivustot\/","name":"Ilmaiset Milf-chat-sivustot - Online Adult Dating","isPartOf":{"@id":"https:\/\/theyoungmessiah.com\/fi\/#website"},"datePublished":"2022-10-12T12:51:58+00:00","dateModified":"2022-10-12T12:51:58+00:00","breadcrumb":{"@id":"https:\/\/theyoungmessiah.com\/fi\/ilmaiset-milf-chat-sivustot\/#breadcrumb"},"inLanguage":"fi","potentialAction":[{"@type":"ReadAction","target":["https:\/\/theyoungmessiah.com\/fi\/ilmaiset-milf-chat-sivustot\/"]}]},{"@type":"BreadcrumbList","@id":"https:\/\/theyoungmessiah.com\/fi\/ilmaiset-milf-chat-sivustot\/#breadcrumb","itemListElement":[{"@type":"ListItem","position":1,"name":"Home","item":"http:\/\/theyoungmessiah.com\/fi\/"},{"@type":"ListItem","position":2,"name":"Ilmaiset Milf-chat-sivustot"}]}]}},"_links":{"self":[{"href":"https:\/\/theyoungmessiah.com\/fi\/wp-json\/wp\/v2\/pages\/260"}],"collection":[{"href":"https:\/\/theyoungmessiah.com\/fi\/wp-json\/wp\/v2\/pages"}],"about":[{"href":"https:\/\/theyoungmessiah.com\/fi\/wp-json\/wp\/v2\/types\/page"}],"author":[{"embeddable":true,"href":"https:\/\/theyoungmessiah.com\/fi\/wp-json\/wp\/v2\/users\/1"}],"replies":[{"embeddable":true,"href":"https:\/\/theyoungmessiah.com\/fi\/wp-json\/wp\/v2\/comments?post=260"}],"version-history":[{"count":0,"href":"https:\/\/theyoungmessiah.com\/fi\/wp-json\/wp\/v2\/pages\/260\/revisions"}],"wp:attachment":[{"href":"https:\/\/theyoungmessiah.com\/fi\/wp-json\/wp\/v2\/media?parent=260"}],"curies":[{"name":"wp","href":"https:\/\/api.w.org\/{rel}","templated":true}]}}