{"id":267,"date":"2022-10-12T13:51:02","date_gmt":"2022-10-12T12:51:02","guid":{"rendered":"http:\/\/theyoungmessiah.com\/paikalliset-naiset-etsivat-seksia\/"},"modified":"2022-10-12T13:51:02","modified_gmt":"2022-10-12T12:51:02","slug":"paikalliset-naiset-etsivat-seksia","status":"publish","type":"page","link":"https:\/\/theyoungmessiah.com\/fi\/paikalliset-naiset-etsivat-seksia\/","title":{"rendered":"Paikalliset naiset etsiv\u00e4t seksi\u00e4"},"content":{"rendered":"<p>Paikalliset naiset, jotka etsiv\u00e4t seksi\u00e4, ovat usein valmiita olemaan yhteydess\u00e4 miehiin, joita he tapaavat verkossa. On olemassa useita verkkosivustoja ja sovelluksia, jotka palvelevat t\u00e4t\u00e4 v\u00e4est\u00f6ryhm\u00e4\u00e4, mik\u00e4 helpottaa yhteydenpitoa potentiaalisiin kumppaneihin. Monissa tapauksissa n\u00e4m\u00e4 naiset etsiv\u00e4t vain fyysist\u00e4 yhteytt\u00e4 eiv\u00e4tk\u00e4 ole kiinnostuneita mist\u00e4\u00e4n muusta. On kuitenkin my\u00f6s joitain naisia, jotka etsiv\u00e4t vakavampaa suhdetta. N\u00e4it\u00e4 naisia voi olla vaikeampi l\u00f6yt\u00e4\u00e4, mutta he ovat siell\u00e4. Paras tapa l\u00f6yt\u00e4\u00e4 ne on k\u00e4ytt\u00e4\u00e4 treffisivustoa tai -sovellusta, jonka avulla voit etsi\u00e4 naisia, jotka etsiv\u00e4t <a href=\"http:\/\/theyoungmessiah.com\/date-in-your-area\/\">jotain muuta kuin vain yhteytt\u00e4<\/a>.<\/p>\n<h2>Naiset, jotka haluavat naida<\/h2>\n<p>Ei ole mit\u00e4\u00e4n vikaa siin\u00e4, ett\u00e4 haluaa naida, ja siell\u00e4 on paljon naisia, jotka tuntevat samoin. T\u00e4rkeint\u00e4 on l\u00f6yt\u00e4\u00e4 joku, joka jakaa toiveesi ja jonka kanssa olet yhteensopiva.<\/p>\n<p>On muutamia asioita, jotka on pidett\u00e4v\u00e4 mieless\u00e4, kun etsit vittukaveria.<\/p>\n<ul>\n<li>Varmista ensin, ett\u00e4 olet samalla sivulla etsim\u00e4si suhteen. Ei ole mit\u00e4\u00e4n j\u00e4rke\u00e4 sekaantua jonkun kanssa, jos et ole samalla sivulla siit\u00e4, mit\u00e4 olet tekem\u00e4ss\u00e4.<\/li>\n<li>Toiseksi, varmista, ett\u00e4 olette molemmat mukavia toistensa kanssa. Jos et ole tyytyv\u00e4inen toisiinsa, se ei tule olemaan hyv\u00e4 aika.<\/li>\n<li>Kolmanneksi viestint\u00e4 on avainasemassa. Varmista, ett\u00e4 kerrot molemmat, mit\u00e4 haluat ja tarvitset parisuhteelta. Jos et ole samalla sivulla, se ei onnistu.<\/li>\n<li>Lopuksi, \u00e4l\u00e4 pelk\u00e4\u00e4 kokeilla. Jos et ole varma, mit\u00e4 haluat, kokeile erilaisia asioita ja katso, mik\u00e4 toimii sinulle. Ei ole olemassa yht\u00e4 oikeaa tapaa tehd\u00e4 asioita, joten \u00e4l\u00e4 pelk\u00e4\u00e4 tutkia.<\/li>\n<\/ul>\n<p>L\u00e4hell\u00e4si on monia tapoja tavata kiimaisia naisia, mutta suosituin tapa on ehdottomasti online-treffit. T\u00e4m\u00e4 johtuu siit\u00e4, ett\u00e4 online-treffit antavat sinulle paljon enemm\u00e4n vaihtoehtoja ja paljon enemm\u00e4n joustavuutta, kun haluat valita, kenet haluat tavata. Voit my\u00f6s k\u00e4ytt\u00e4\u00e4 online-treffailua l\u00f6yt\u00e4\u00e4ksesi naisia, jotka etsiv\u00e4t samaa asiaa kuin sin\u00e4, mik\u00e4 on paljon helpompaa kuin yritt\u00e4\u00e4 poimia heid\u00e4t henkil\u00f6kohtaisesti.<\/p>\n<h2>Tapaa paikallisia naisia seksi\u00e4 varten<\/h2>\n<p>On paljon verkkosivustoja, joiden avulla voit tavata paikallisia naisia seksi\u00e4 varten. Voit k\u00e4ytt\u00e4\u00e4 n\u00e4it\u00e4 verkkosivustoja l\u00f6yt\u00e4\u00e4ksesi naisia, jotka etsiv\u00e4t seksi\u00e4 alueeltasi. Voit my\u00f6s k\u00e4ytt\u00e4\u00e4 n\u00e4it\u00e4 verkkosivustoja l\u00f6yt\u00e4\u00e4ksesi naisia, jotka etsiv\u00e4t suhdetta. N\u00e4iden verkkosivustojen avulla voit l\u00f6yt\u00e4\u00e4 naisia, jotka etsiv\u00e4t yhden y\u00f6n juttua. N\u00e4iden verkkosivustojen avulla voit l\u00f6yt\u00e4\u00e4 naisia, jotka etsiv\u00e4t satunnaista kohtaamista.<\/p>\n<h3>Zoosk<\/h3>\n<p>Zoosk on treffisovellus, jonka avulla voit olla yhteydess\u00e4 paikallisiin naisiin, jotka etsiv\u00e4t seksi\u00e4. Sovellus on helppok\u00e4ytt\u00f6inen ja siin\u00e4 on erilaisia ominaisuuksia, jotka tekev\u00e4t siit\u00e4 loistavan vaihtoehdon niille, jotka etsiv\u00e4t rentoa yhteytt\u00e4 tai vakavampaa suhdetta. Sovelluksella on my\u00f6s suuri k\u00e4ytt\u00e4j\u00e4kunta, mik\u00e4 tarkoittaa, ett\u00e4 l\u00f6yd\u00e4t todenn\u00e4k\u00f6isemmin jonkun, joka sopii sinulle hyvin.<\/p>\n<h3>Milfaholic<\/h3>\n<p>Siell\u00e4 on paljon treffisovelluksia, mutta Milfaholic on yksi ainoista, jotka on erityisesti suunniteltu vanhemmille naisille ja nuoremmille miehille. T\u00e4m\u00e4 sovellus on t\u00e4ydellinen kaikille, jotka etsiv\u00e4t merkkijonoihin sitoutumatonta suhdetta kuumaan vanhempaan naiseen. Rekister\u00f6itymisprosessi on nopea ja helppo, ja voit aloittaa viestien l\u00e4hett\u00e4misen naisille heti. Milfaholicin naiset ovat kaikki paikallisia, joten voit olla varma, ett\u00e4 l\u00f6yd\u00e4t jonkun alueeltasi. Ja jos etsit jotain hieman pitk\u00e4aikaisempaa, voit my\u00f6s k\u00e4ytt\u00e4\u00e4 Milfaholicia l\u00f6yt\u00e4\u00e4ksesi vanhempia naisia, jotka ovat kiinnostuneita tapaamaan nuorempia miehi\u00e4.<\/p>\n<h3>Flingster<\/h3>\n<p>Jos etsit heittoa tai yhteytt\u00e4, Flingster on ehdottomasti treffisovellus sinulle. Sovellus on uskomattoman helppok\u00e4ytt\u00f6inen ja rekister\u00f6ityminen on ilmaista. Voit selata paikallisia profiileja ja l\u00e4hett\u00e4\u00e4 viestej\u00e4 kaikille, joista olet kiinnostunut. Sovellus on my\u00f6s eritt\u00e4in suosittu paikallisten naisten keskuudessa, jotka etsiv\u00e4t seksi\u00e4. Hakutoiminto on eritt\u00e4in k\u00e4ytt\u00e4j\u00e4yst\u00e4v\u00e4llinen ja voit suodattaa sijainnin, i\u00e4n ja kiinnostuksen kohteiden mukaan. Kaiken kaikkiaan Flingster on loistava vaihtoehto kaikille, jotka etsiv\u00e4t rentoa kytkemist\u00e4 tai heittoa.<\/p>\n<h3>Tule Kanssasi<\/h3>\n<p>ComeWithYou on uusi treffisovellus, joka saa paljon buzzia. Sovellus on suunniteltu auttamaan naisia l\u00f6yt\u00e4m\u00e4\u00e4n paikallisia miehi\u00e4 rentoon seksiin. Sovellusta on eritt\u00e4in helppo k\u00e4ytt\u00e4\u00e4, ja rekister\u00f6ityminen vie vain muutaman sekunnin. Sovellus on ladattavissa ilmaiseksi ja se on saatavana sek\u00e4 iOS: lle ett\u00e4 Androidille. ComeWithYou on loistava vaihtoehto naisille, jotka etsiv\u00e4t rentoa seksi\u00e4. Sovellus on eritt\u00e4in helppok\u00e4ytt\u00f6inen ja se on ladattavissa ilmaiseksi. Sovellus on saatavana my\u00f6s sek\u00e4 iOS: lle ett\u00e4 Androidille.<\/p>\n","protected":false},"excerpt":{"rendered":"<p>Paikalliset naiset, jotka etsiv\u00e4t seksi\u00e4, ovat usein valmiita olemaan yhteydess\u00e4 miehiin, joita he tapaavat verkossa. On olemassa useita verkkosivustoja ja sovelluksia, jotka palvelevat t\u00e4t\u00e4 v\u00e4est\u00f6ryhm\u00e4\u00e4, mik\u00e4 helpottaa yhteydenpitoa potentiaalisiin kumppaneihin. Monissa tapauksissa n\u00e4m\u00e4 naiset etsiv\u00e4t vain fyysist\u00e4 yhteytt\u00e4 eiv\u00e4tk\u00e4 ole kiinnostuneita mist\u00e4\u00e4n muusta. On kuitenkin my\u00f6s joitain naisia, jotka etsiv\u00e4t vakavampaa suhdetta. N\u00e4it\u00e4 naisia voi&#8230;<a class=\"read-more-link button\" href=\"https:\/\/theyoungmessiah.com\/fi\/paikalliset-naiset-etsivat-seksia\/\">Read more<\/a><\/p>\n","protected":false},"author":1,"featured_media":0,"parent":0,"menu_order":0,"comment_status":"closed","ping_status":"closed","template":"","meta":[],"yoast_head":"<!-- This site is optimized with the Yoast SEO plugin v17.7.1 - https:\/\/yoast.com\/wordpress\/plugins\/seo\/ -->\n<title>Paikalliset naiset etsiv\u00e4t seksi\u00e4 - Online Adult Dating<\/title>\n<meta name=\"robots\" content=\"index, follow, max-snippet:-1, max-image-preview:large, max-video-preview:-1\" \/>\n<link rel=\"canonical\" href=\"https:\/\/theyoungmessiah.com\/fi\/paikalliset-naiset-etsivat-seksia\/\" \/>\n<meta property=\"og:locale\" content=\"fi_FI\" \/>\n<meta property=\"og:type\" content=\"article\" \/>\n<meta property=\"og:title\" content=\"Paikalliset naiset etsiv\u00e4t seksi\u00e4 - Online Adult Dating\" \/>\n<meta property=\"og:description\" content=\"Paikalliset naiset, jotka etsiv\u00e4t seksi\u00e4, ovat usein valmiita olemaan yhteydess\u00e4 miehiin, joita he tapaavat verkossa. On olemassa useita verkkosivustoja ja sovelluksia, jotka palvelevat t\u00e4t\u00e4 v\u00e4est\u00f6ryhm\u00e4\u00e4, mik\u00e4 helpottaa yhteydenpitoa potentiaalisiin kumppaneihin. Monissa tapauksissa n\u00e4m\u00e4 naiset etsiv\u00e4t vain fyysist\u00e4 yhteytt\u00e4 eiv\u00e4tk\u00e4 ole kiinnostuneita mist\u00e4\u00e4n muusta. On kuitenkin my\u00f6s joitain naisia, jotka etsiv\u00e4t vakavampaa suhdetta. N\u00e4it\u00e4 naisia voi...Read more\" \/>\n<meta property=\"og:url\" content=\"https:\/\/theyoungmessiah.com\/fi\/paikalliset-naiset-etsivat-seksia\/\" \/>\n<meta property=\"og:site_name\" content=\"Online Adult Dating\" \/>\n<meta name=\"twitter:card\" content=\"summary_large_image\" \/>\n<meta name=\"twitter:label1\" content=\"Arvioitu lukuaika\" \/>\n\t<meta name=\"twitter:data1\" content=\"4 minuuttia\" \/>\n<script type=\"application\/ld+json\" class=\"yoast-schema-graph\">{\"@context\":\"https:\/\/schema.org\",\"@graph\":[{\"@type\":\"WebSite\",\"@id\":\"https:\/\/theyoungmessiah.com\/fi\/#website\",\"url\":\"https:\/\/theyoungmessiah.com\/fi\/\",\"name\":\"Online Adult Dating\",\"description\":\"Local Sex Hookups\",\"potentialAction\":[{\"@type\":\"SearchAction\",\"target\":{\"@type\":\"EntryPoint\",\"urlTemplate\":\"https:\/\/theyoungmessiah.com\/fi\/?s={search_term_string}\"},\"query-input\":\"required name=search_term_string\"}],\"inLanguage\":\"fi\"},{\"@type\":\"WebPage\",\"@id\":\"https:\/\/theyoungmessiah.com\/fi\/paikalliset-naiset-etsivat-seksia\/#webpage\",\"url\":\"https:\/\/theyoungmessiah.com\/fi\/paikalliset-naiset-etsivat-seksia\/\",\"name\":\"Paikalliset naiset etsiv\\u00e4t seksi\\u00e4 - Online Adult Dating\",\"isPartOf\":{\"@id\":\"https:\/\/theyoungmessiah.com\/fi\/#website\"},\"datePublished\":\"2022-10-12T12:51:02+00:00\",\"dateModified\":\"2022-10-12T12:51:02+00:00\",\"breadcrumb\":{\"@id\":\"https:\/\/theyoungmessiah.com\/fi\/paikalliset-naiset-etsivat-seksia\/#breadcrumb\"},\"inLanguage\":\"fi\",\"potentialAction\":[{\"@type\":\"ReadAction\",\"target\":[\"https:\/\/theyoungmessiah.com\/fi\/paikalliset-naiset-etsivat-seksia\/\"]}]},{\"@type\":\"BreadcrumbList\",\"@id\":\"https:\/\/theyoungmessiah.com\/fi\/paikalliset-naiset-etsivat-seksia\/#breadcrumb\",\"itemListElement\":[{\"@type\":\"ListItem\",\"position\":1,\"name\":\"Home\",\"item\":\"http:\/\/theyoungmessiah.com\/fi\/\"},{\"@type\":\"ListItem\",\"position\":2,\"name\":\"Paikalliset naiset etsiv\\u00e4t seksi\\u00e4\"}]}]}<\/script>\n<!-- \/ Yoast SEO plugin. -->","yoast_head_json":{"title":"Paikalliset naiset etsiv\u00e4t seksi\u00e4 - Online Adult Dating","robots":{"index":"index","follow":"follow","max-snippet":"max-snippet:-1","max-image-preview":"max-image-preview:large","max-video-preview":"max-video-preview:-1"},"canonical":"https:\/\/theyoungmessiah.com\/fi\/paikalliset-naiset-etsivat-seksia\/","og_locale":"fi_FI","og_type":"article","og_title":"Paikalliset naiset etsiv\u00e4t seksi\u00e4 - Online Adult Dating","og_description":"Paikalliset naiset, jotka etsiv\u00e4t seksi\u00e4, ovat usein valmiita olemaan yhteydess\u00e4 miehiin, joita he tapaavat verkossa. On olemassa useita verkkosivustoja ja sovelluksia, jotka palvelevat t\u00e4t\u00e4 v\u00e4est\u00f6ryhm\u00e4\u00e4, mik\u00e4 helpottaa yhteydenpitoa potentiaalisiin kumppaneihin. Monissa tapauksissa n\u00e4m\u00e4 naiset etsiv\u00e4t vain fyysist\u00e4 yhteytt\u00e4 eiv\u00e4tk\u00e4 ole kiinnostuneita mist\u00e4\u00e4n muusta. On kuitenkin my\u00f6s joitain naisia, jotka etsiv\u00e4t vakavampaa suhdetta. N\u00e4it\u00e4 naisia voi...Read more","og_url":"https:\/\/theyoungmessiah.com\/fi\/paikalliset-naiset-etsivat-seksia\/","og_site_name":"Online Adult Dating","twitter_card":"summary_large_image","twitter_misc":{"Arvioitu lukuaika":"4 minuuttia"},"schema":{"@context":"https:\/\/schema.org","@graph":[{"@type":"WebSite","@id":"https:\/\/theyoungmessiah.com\/fi\/#website","url":"https:\/\/theyoungmessiah.com\/fi\/","name":"Online Adult Dating","description":"Local Sex Hookups","potentialAction":[{"@type":"SearchAction","target":{"@type":"EntryPoint","urlTemplate":"https:\/\/theyoungmessiah.com\/fi\/?s={search_term_string}"},"query-input":"required name=search_term_string"}],"inLanguage":"fi"},{"@type":"WebPage","@id":"https:\/\/theyoungmessiah.com\/fi\/paikalliset-naiset-etsivat-seksia\/#webpage","url":"https:\/\/theyoungmessiah.com\/fi\/paikalliset-naiset-etsivat-seksia\/","name":"Paikalliset naiset etsiv\u00e4t seksi\u00e4 - Online Adult Dating","isPartOf":{"@id":"https:\/\/theyoungmessiah.com\/fi\/#website"},"datePublished":"2022-10-12T12:51:02+00:00","dateModified":"2022-10-12T12:51:02+00:00","breadcrumb":{"@id":"https:\/\/theyoungmessiah.com\/fi\/paikalliset-naiset-etsivat-seksia\/#breadcrumb"},"inLanguage":"fi","potentialAction":[{"@type":"ReadAction","target":["https:\/\/theyoungmessiah.com\/fi\/paikalliset-naiset-etsivat-seksia\/"]}]},{"@type":"BreadcrumbList","@id":"https:\/\/theyoungmessiah.com\/fi\/paikalliset-naiset-etsivat-seksia\/#breadcrumb","itemListElement":[{"@type":"ListItem","position":1,"name":"Home","item":"http:\/\/theyoungmessiah.com\/fi\/"},{"@type":"ListItem","position":2,"name":"Paikalliset naiset etsiv\u00e4t seksi\u00e4"}]}]}},"_links":{"self":[{"href":"https:\/\/theyoungmessiah.com\/fi\/wp-json\/wp\/v2\/pages\/267"}],"collection":[{"href":"https:\/\/theyoungmessiah.com\/fi\/wp-json\/wp\/v2\/pages"}],"about":[{"href":"https:\/\/theyoungmessiah.com\/fi\/wp-json\/wp\/v2\/types\/page"}],"author":[{"embeddable":true,"href":"https:\/\/theyoungmessiah.com\/fi\/wp-json\/wp\/v2\/users\/1"}],"replies":[{"embeddable":true,"href":"https:\/\/theyoungmessiah.com\/fi\/wp-json\/wp\/v2\/comments?post=267"}],"version-history":[{"count":0,"href":"https:\/\/theyoungmessiah.com\/fi\/wp-json\/wp\/v2\/pages\/267\/revisions"}],"wp:attachment":[{"href":"https:\/\/theyoungmessiah.com\/fi\/wp-json\/wp\/v2\/media?parent=267"}],"curies":[{"name":"wp","href":"https:\/\/api.w.org\/{rel}","templated":true}]}}