{"id":282,"date":"2022-10-12T13:50:34","date_gmt":"2022-10-12T12:50:34","guid":{"rendered":"http:\/\/theyoungmessiah.com\/paivamaara-alueellasi\/"},"modified":"2022-10-12T13:50:34","modified_gmt":"2022-10-12T12:50:34","slug":"paivamaara-alueellasi","status":"publish","type":"page","link":"https:\/\/theyoungmessiah.com\/fi\/paivamaara-alueellasi\/","title":{"rendered":"P\u00e4iv\u00e4m\u00e4\u00e4r\u00e4 alueellasi"},"content":{"rendered":"<p>Alueellasi on paljon tapoja tavata sinkkuja, mutta <a href=\"http:\/\/theyoungmessiah.com\/local-milf-dating\/\">paras tapa l\u00f6yt\u00e4\u00e4 joku, johon olla yhteydess\u00e4<\/a> , on menn\u00e4 verkkoon. Sivustot, kuten Adult Friend Finder ja Tinder, on suunniteltu erityisesti ihmisille, jotka etsiv\u00e4t rentoa seksi\u00e4 ja kytkent\u00f6j\u00e4. Sinun tarvitsee vain rekister\u00f6ity\u00e4, luoda profiili ja aloittaa pyyhk\u00e4iseminen. Sinut yhdistet\u00e4\u00e4n alueesi ihmisiin, jotka etsiv\u00e4t samaa asiaa kuin sin\u00e4. Ja jos olet onnekas, saatat vain l\u00f6yt\u00e4\u00e4 jonkun, joka on t\u00e4ydellinen hauskanpitoon.<\/p>\n<h2>Ilmaiset treffisivustot<\/h2>\n<p>Nyky\u00e4\u00e4n on tarjolla paljon ilmaisia treffisivustoja. Suosituimmat ovat Tinder ja Bumble, mutta on my\u00f6s monia muita. T\u00e4rkeint\u00e4 on l\u00f6yt\u00e4\u00e4 tarpeisiisi ja kiinnostuksen kohteisiisi sopiva. Esimerkiksi, jos etsit vakavaa suhdetta, eHarmonyn kaltainen sivusto olisi hyv\u00e4 valinta. Vaihtoehtoisesti, jos etsit vain hauskaa, Tinderin kaltainen sivusto olisi sopivampi. T\u00e4rke\u00e4\u00e4 on tehd\u00e4 tutkimuksesi ja l\u00f6yt\u00e4\u00e4 sinulle sopiva sivusto.<\/p>\n<p>Saatavilla on monia paikallisia treffisovelluksia ihmisille, jotka etsiv\u00e4t rakkautta tai kumppanuutta. Joitakin suosittuja sovelluksia ovat Tinder, Bumble ja Hinge. N\u00e4iden sovellusten avulla k\u00e4ytt\u00e4j\u00e4t voivat selata mahdollisia otteluita ja keskustella ihmisten kanssa, joista he ovat kiinnostuneita. Ne tarjoavat my\u00f6s k\u00e4ytt\u00e4jille tavan olla yhteydess\u00e4 ihmisiin, jotka ovat samalla alueellaan. T\u00e4m\u00e4 voi olla hy\u00f6dyllist\u00e4 ihmisille, jotka etsiv\u00e4t p\u00e4iv\u00e4m\u00e4\u00e4r\u00e4\u00e4 tai yhteytt\u00e4.<\/p>\n<h2>Etsi p\u00e4iv\u00e4m\u00e4\u00e4r\u00e4 t\u00e4n\u00e4 iltana<\/h2>\n<p>On monia tapoja l\u00f6yt\u00e4\u00e4 p\u00e4iv\u00e4m\u00e4\u00e4r\u00e4 t\u00e4n\u00e4 iltana, mutta yksi helpoimmista ja suosituimmista tavoista on online-treffit. On olemassa tonnia treffisivustoja ja -sovelluksia, jotka voivat auttaa sinua l\u00f6yt\u00e4m\u00e4\u00e4n mahdollisia otteluita, ja monet niist\u00e4 ovat vapaasti k\u00e4ytett\u00e4viss\u00e4. Sinun tarvitsee vain luoda profiili, ja voit aloittaa viestien l\u00e4hett\u00e4misen ihmisille heti. Voit my\u00f6s etsi\u00e4 tietyntyyppisi\u00e4 ihmisi\u00e4, kuten niit\u00e4, jotka jakavat kiinnostuksen kohteesi tai jotka asuvat l\u00e4hell\u00e4si. Etsitp\u00e4 sitten rentoa yhteytt\u00e4 tai pitk\u00e4aikaista suhdetta, online-treffit ovat loistava tapa tavata uusia ihmisi\u00e4.<\/p>\n<h3>Lovoo<\/h3>\n<p>Lovoo on ainutlaatuinen treffisovellus, jonka avulla voit l\u00f6yt\u00e4\u00e4 mahdollisia p\u00e4iv\u00e4m\u00e4\u00e4ri\u00e4 alueeltasi. Sovellus on ladattavissa ja k\u00e4ytett\u00e4viss\u00e4 ilmaiseksi, ja se tarjoaa erilaisia ominaisuuksia, joiden avulla on helppo l\u00f6yt\u00e4\u00e4 ja muodostaa yhteys mahdollisiin otteluihin. Sovelluksessa on my\u00f6s k\u00e4ytt\u00e4j\u00e4yst\u00e4v\u00e4llinen k\u00e4ytt\u00f6liittym\u00e4 ja erilaisia haku- ja suodatinvaihtoehtoja, joten t\u00e4ydellisen ottelun l\u00f6yt\u00e4minen on helppoa. Kaiken kaikkiaan Lovoo on loistava vaihtoehto niille, jotka etsiv\u00e4t p\u00e4iv\u00e4m\u00e4\u00e4r\u00e4\u00e4 alueellaan.<\/p>\n<h3>SimpleFlirts<\/h3>\n<p>Jos etsit treffej\u00e4 alueeltasi, SimpleFlirts on loistava vaihtoehto. Sovellusta on helppo k\u00e4ytt\u00e4\u00e4 ja siin\u00e4 on paljon ominaisuuksia, joten se on loistava valinta p\u00e4iv\u00e4m\u00e4\u00e4r\u00e4n l\u00f6yt\u00e4miseen. Hakutoiminto on eritt\u00e4in hy\u00f6dyllinen, ja sovelluksen avulla voit my\u00f6s tarkastella alueesi muiden k\u00e4ytt\u00e4jien profiileja. Kaiken kaikkiaan SimpleFlirts on loistava valinta p\u00e4iv\u00e4m\u00e4\u00e4r\u00e4n l\u00f6yt\u00e4miseen alueeltasi.<\/p>\n<h3>Yhdess\u00e42y\u00f6<\/h3>\n<p>Together2Night-treffisovellus on yksi suosituimmista saatavilla olevista treffisovelluksista t\u00e4n\u00e4\u00e4n. Se on loistava tapa tavata uusia ihmisi\u00e4 ja olla yhteydess\u00e4 mahdollisiin otteluihin alueellasi. Sovellus on ladattavissa ja k\u00e4ytett\u00e4viss\u00e4 ilmaiseksi, ja se tarjoaa laajan valikoiman ominaisuuksia, joiden avulla on helppo l\u00f6yt\u00e4\u00e4 ja muodostaa yhteys mahdollisiin otteluihin. Sovelluksella on my\u00f6s loistava k\u00e4ytt\u00f6liittym\u00e4 ja se on eritt\u00e4in k\u00e4ytt\u00e4j\u00e4yst\u00e4v\u00e4llinen. Kaiken kaikkiaan Together2Night-treffisovellus on loistava vaihtoehto kaikille, jotka etsiv\u00e4t uutta tapaa tavata ihmisi\u00e4 ja olla yhteydess\u00e4 mahdollisiin otteluihin.<\/p>\n<h3>Badoo<\/h3>\n<p>Badoo on treffisovellus, jonka avulla voit tavata uusia ihmisi\u00e4 alueellasi. Voit luoda profiilin, tarkastella muiden k\u00e4ytt\u00e4jien profiileja ja keskustella muiden k\u00e4ytt\u00e4jien kanssa. Sovelluksessa on my\u00f6s ominaisuus nimelt\u00e4 &#8221;Badoo Encounters&#8221;, jonka avulla voit l\u00f6yt\u00e4\u00e4 mahdollisia otteluita l\u00e4helt\u00e4. Sovellus on ladattavissa ja k\u00e4ytett\u00e4viss\u00e4 ilmaiseksi, mutta voit tehd\u00e4 joitain sovelluksen sis\u00e4isi\u00e4 ostoksia. Kaiken kaikkiaan Badoo on loistava treffisovellus uusien ihmisten tapaamiseen alueellasi.<\/p>\n","protected":false},"excerpt":{"rendered":"<p>Alueellasi on paljon tapoja tavata sinkkuja, mutta paras tapa l\u00f6yt\u00e4\u00e4 joku, johon olla yhteydess\u00e4 , on menn\u00e4 verkkoon. Sivustot, kuten Adult Friend Finder ja Tinder, on suunniteltu erityisesti ihmisille, jotka etsiv\u00e4t rentoa seksi\u00e4 ja kytkent\u00f6j\u00e4. Sinun tarvitsee vain rekister\u00f6ity\u00e4, luoda profiili ja aloittaa pyyhk\u00e4iseminen. Sinut yhdistet\u00e4\u00e4n alueesi ihmisiin, jotka etsiv\u00e4t samaa asiaa kuin sin\u00e4. Ja&#8230;<a class=\"read-more-link button\" href=\"https:\/\/theyoungmessiah.com\/fi\/paivamaara-alueellasi\/\">Read more<\/a><\/p>\n","protected":false},"author":1,"featured_media":0,"parent":0,"menu_order":0,"comment_status":"closed","ping_status":"closed","template":"","meta":[],"yoast_head":"<!-- This site is optimized with the Yoast SEO plugin v17.7.1 - https:\/\/yoast.com\/wordpress\/plugins\/seo\/ -->\n<title>P\u00e4iv\u00e4m\u00e4\u00e4r\u00e4 alueellasi - Online Adult Dating<\/title>\n<meta name=\"robots\" content=\"index, follow, max-snippet:-1, max-image-preview:large, max-video-preview:-1\" \/>\n<link rel=\"canonical\" href=\"https:\/\/theyoungmessiah.com\/fi\/paivamaara-alueellasi\/\" \/>\n<meta property=\"og:locale\" content=\"fi_FI\" \/>\n<meta property=\"og:type\" content=\"article\" \/>\n<meta property=\"og:title\" content=\"P\u00e4iv\u00e4m\u00e4\u00e4r\u00e4 alueellasi - Online Adult Dating\" \/>\n<meta property=\"og:description\" content=\"Alueellasi on paljon tapoja tavata sinkkuja, mutta paras tapa l\u00f6yt\u00e4\u00e4 joku, johon olla yhteydess\u00e4 , on menn\u00e4 verkkoon. Sivustot, kuten Adult Friend Finder ja Tinder, on suunniteltu erityisesti ihmisille, jotka etsiv\u00e4t rentoa seksi\u00e4 ja kytkent\u00f6j\u00e4. Sinun tarvitsee vain rekister\u00f6ity\u00e4, luoda profiili ja aloittaa pyyhk\u00e4iseminen. Sinut yhdistet\u00e4\u00e4n alueesi ihmisiin, jotka etsiv\u00e4t samaa asiaa kuin sin\u00e4. Ja...Read more\" \/>\n<meta property=\"og:url\" content=\"https:\/\/theyoungmessiah.com\/fi\/paivamaara-alueellasi\/\" \/>\n<meta property=\"og:site_name\" content=\"Online Adult Dating\" \/>\n<meta name=\"twitter:card\" content=\"summary_large_image\" \/>\n<meta name=\"twitter:label1\" content=\"Arvioitu lukuaika\" \/>\n\t<meta name=\"twitter:data1\" content=\"3 minuuttia\" \/>\n<script type=\"application\/ld+json\" class=\"yoast-schema-graph\">{\"@context\":\"https:\/\/schema.org\",\"@graph\":[{\"@type\":\"WebSite\",\"@id\":\"https:\/\/theyoungmessiah.com\/fi\/#website\",\"url\":\"https:\/\/theyoungmessiah.com\/fi\/\",\"name\":\"Online Adult Dating\",\"description\":\"Local Sex Hookups\",\"potentialAction\":[{\"@type\":\"SearchAction\",\"target\":{\"@type\":\"EntryPoint\",\"urlTemplate\":\"https:\/\/theyoungmessiah.com\/fi\/?s={search_term_string}\"},\"query-input\":\"required name=search_term_string\"}],\"inLanguage\":\"fi\"},{\"@type\":\"WebPage\",\"@id\":\"https:\/\/theyoungmessiah.com\/fi\/paivamaara-alueellasi\/#webpage\",\"url\":\"https:\/\/theyoungmessiah.com\/fi\/paivamaara-alueellasi\/\",\"name\":\"P\\u00e4iv\\u00e4m\\u00e4\\u00e4r\\u00e4 alueellasi - Online Adult Dating\",\"isPartOf\":{\"@id\":\"https:\/\/theyoungmessiah.com\/fi\/#website\"},\"datePublished\":\"2022-10-12T12:50:34+00:00\",\"dateModified\":\"2022-10-12T12:50:34+00:00\",\"breadcrumb\":{\"@id\":\"https:\/\/theyoungmessiah.com\/fi\/paivamaara-alueellasi\/#breadcrumb\"},\"inLanguage\":\"fi\",\"potentialAction\":[{\"@type\":\"ReadAction\",\"target\":[\"https:\/\/theyoungmessiah.com\/fi\/paivamaara-alueellasi\/\"]}]},{\"@type\":\"BreadcrumbList\",\"@id\":\"https:\/\/theyoungmessiah.com\/fi\/paivamaara-alueellasi\/#breadcrumb\",\"itemListElement\":[{\"@type\":\"ListItem\",\"position\":1,\"name\":\"Home\",\"item\":\"http:\/\/theyoungmessiah.com\/fi\/\"},{\"@type\":\"ListItem\",\"position\":2,\"name\":\"P\\u00e4iv\\u00e4m\\u00e4\\u00e4r\\u00e4 alueellasi\"}]}]}<\/script>\n<!-- \/ Yoast SEO plugin. -->","yoast_head_json":{"title":"P\u00e4iv\u00e4m\u00e4\u00e4r\u00e4 alueellasi - Online Adult Dating","robots":{"index":"index","follow":"follow","max-snippet":"max-snippet:-1","max-image-preview":"max-image-preview:large","max-video-preview":"max-video-preview:-1"},"canonical":"https:\/\/theyoungmessiah.com\/fi\/paivamaara-alueellasi\/","og_locale":"fi_FI","og_type":"article","og_title":"P\u00e4iv\u00e4m\u00e4\u00e4r\u00e4 alueellasi - Online Adult Dating","og_description":"Alueellasi on paljon tapoja tavata sinkkuja, mutta paras tapa l\u00f6yt\u00e4\u00e4 joku, johon olla yhteydess\u00e4 , on menn\u00e4 verkkoon. Sivustot, kuten Adult Friend Finder ja Tinder, on suunniteltu erityisesti ihmisille, jotka etsiv\u00e4t rentoa seksi\u00e4 ja kytkent\u00f6j\u00e4. Sinun tarvitsee vain rekister\u00f6ity\u00e4, luoda profiili ja aloittaa pyyhk\u00e4iseminen. Sinut yhdistet\u00e4\u00e4n alueesi ihmisiin, jotka etsiv\u00e4t samaa asiaa kuin sin\u00e4. Ja...Read more","og_url":"https:\/\/theyoungmessiah.com\/fi\/paivamaara-alueellasi\/","og_site_name":"Online Adult Dating","twitter_card":"summary_large_image","twitter_misc":{"Arvioitu lukuaika":"3 minuuttia"},"schema":{"@context":"https:\/\/schema.org","@graph":[{"@type":"WebSite","@id":"https:\/\/theyoungmessiah.com\/fi\/#website","url":"https:\/\/theyoungmessiah.com\/fi\/","name":"Online Adult Dating","description":"Local Sex Hookups","potentialAction":[{"@type":"SearchAction","target":{"@type":"EntryPoint","urlTemplate":"https:\/\/theyoungmessiah.com\/fi\/?s={search_term_string}"},"query-input":"required name=search_term_string"}],"inLanguage":"fi"},{"@type":"WebPage","@id":"https:\/\/theyoungmessiah.com\/fi\/paivamaara-alueellasi\/#webpage","url":"https:\/\/theyoungmessiah.com\/fi\/paivamaara-alueellasi\/","name":"P\u00e4iv\u00e4m\u00e4\u00e4r\u00e4 alueellasi - Online Adult Dating","isPartOf":{"@id":"https:\/\/theyoungmessiah.com\/fi\/#website"},"datePublished":"2022-10-12T12:50:34+00:00","dateModified":"2022-10-12T12:50:34+00:00","breadcrumb":{"@id":"https:\/\/theyoungmessiah.com\/fi\/paivamaara-alueellasi\/#breadcrumb"},"inLanguage":"fi","potentialAction":[{"@type":"ReadAction","target":["https:\/\/theyoungmessiah.com\/fi\/paivamaara-alueellasi\/"]}]},{"@type":"BreadcrumbList","@id":"https:\/\/theyoungmessiah.com\/fi\/paivamaara-alueellasi\/#breadcrumb","itemListElement":[{"@type":"ListItem","position":1,"name":"Home","item":"http:\/\/theyoungmessiah.com\/fi\/"},{"@type":"ListItem","position":2,"name":"P\u00e4iv\u00e4m\u00e4\u00e4r\u00e4 alueellasi"}]}]}},"_links":{"self":[{"href":"https:\/\/theyoungmessiah.com\/fi\/wp-json\/wp\/v2\/pages\/282"}],"collection":[{"href":"https:\/\/theyoungmessiah.com\/fi\/wp-json\/wp\/v2\/pages"}],"about":[{"href":"https:\/\/theyoungmessiah.com\/fi\/wp-json\/wp\/v2\/types\/page"}],"author":[{"embeddable":true,"href":"https:\/\/theyoungmessiah.com\/fi\/wp-json\/wp\/v2\/users\/1"}],"replies":[{"embeddable":true,"href":"https:\/\/theyoungmessiah.com\/fi\/wp-json\/wp\/v2\/comments?post=282"}],"version-history":[{"count":0,"href":"https:\/\/theyoungmessiah.com\/fi\/wp-json\/wp\/v2\/pages\/282\/revisions"}],"wp:attachment":[{"href":"https:\/\/theyoungmessiah.com\/fi\/wp-json\/wp\/v2\/media?parent=282"}],"curies":[{"name":"wp","href":"https:\/\/api.w.org\/{rel}","templated":true}]}}