{"id":288,"date":"2022-10-12T13:50:25","date_gmt":"2022-10-12T12:50:25","guid":{"rendered":"http:\/\/theyoungmessiah.com\/paikallinen-milf-dating\/"},"modified":"2022-10-12T13:50:25","modified_gmt":"2022-10-12T12:50:25","slug":"paikallinen-milf-dating","status":"publish","type":"page","link":"https:\/\/theyoungmessiah.com\/fi\/paikallinen-milf-dating\/","title":{"rendered":"Paikallinen Milf Dating"},"content":{"rendered":"<p>On paljon tapoja saada ilmainen milf-yhteys. L\u00f6yd\u00e4t verkkosivustoja, jotka ovat erikoistuneet milf-kytkent\u00f6ihin, tai voit k\u00e4ytt\u00e4\u00e4 tavallisia treffisivustoja. Voit my\u00f6s kokeilla sosiaalisen median sivustoja, kuten Facebookia ja Twitteri\u00e4. Riippumatta siit\u00e4, mink\u00e4 menetelm\u00e4n valitset, varmista, ett\u00e4 olet kunnioittava ja huomaavainen milfille, johon yrit\u00e4t liitty\u00e4.<\/p>\n<h2>MILF Treffit<\/h2>\n<p>Milfsiss\u00e4 on jotain kiehtovaa. He ovat kokeneita, he tiet\u00e4v\u00e4t mit\u00e4 haluavat, eiv\u00e4tk\u00e4 he pelk\u00e4\u00e4 menn\u00e4 sen per\u00e4\u00e4n. Siksi milf-treffit voivat olla niin j\u00e4nnitt\u00e4vi\u00e4. Saat oppia joltakulta, joka tiet\u00e4\u00e4, mit\u00e4 tekee, ja saat kokea uusia asioita.<\/p>\n<p><a href=\"http:\/\/theyoungmessiah.com\/granny-hookup\/\">Milf-treffit<\/a> voivat kuitenkin olla my\u00f6s haastavia. N\u00e4m\u00e4 naiset ovat usein kiireisi\u00e4, eik\u00e4 heill\u00e4 ehk\u00e4 ole paljon aikaa seurustella. Siksi on t\u00e4rke\u00e4\u00e4 olla k\u00e4rsiv\u00e4llinen ja ymm\u00e4rt\u00e4\u00e4, ett\u00e4 asiat eiv\u00e4t v\u00e4ltt\u00e4m\u00e4tt\u00e4 aina tapahdu niin nopeasti kuin haluaisit.<\/p>\n<p>Jos olet kiinnostunut milf-treffailusta, on t\u00e4rke\u00e4\u00e4 olla kunnioittava ja ymm\u00e4rt\u00e4\u00e4, mit\u00e4 h\u00e4n etsii. H\u00e4n ei etsi yhden y\u00f6n juttua, h\u00e4n etsii suhdetta. Joten ota aikaa, tutustu h\u00e4neen ja katso, mihin asiat menev\u00e4t.<\/p>\n<p>Ei voida kiist\u00e4\u00e4, ett\u00e4 treffailulla verkossa on etunsa &#8211; voit tavoittaa laajemman joukon potentiaalisia kumppaneita ja voit tehd\u00e4 sen mukavasti omassa kodissasi. Mutta yksi asia, jota online-treffit eiv\u00e4t voi antaa sinulle, on kyky tavata joku henkil\u00f6kohtaisesti heti. Ja siell\u00e4 paikalliset MILF: t tulevat sis\u00e4\u00e4n.<\/p>\n<p>Paikalliset MILF:t sopivat erinomaisesti ihmisille, jotka haluavat vied\u00e4 online-treffiprosessin offline-tilaan mahdollisimman nopeasti. Ne ovat my\u00f6s t\u00e4ydellisi\u00e4 niille, jotka saattavat olla hieman ruosteisia seurustelun suhteen. Loppujen lopuksi mik\u00e4\u00e4n ei voita harjoittelua.<\/p>\n<p>Joten jos haluat tavata jonkun erityisen etk\u00e4 ole varma mist\u00e4 aloittaa, miksi et yrit\u00e4 etsi\u00e4 paikallisia MILF:i\u00e4 alueeltasi? Saatat vain olla yll\u00e4ttynyt siit\u00e4, kuinka monta houkuttelevaa, kelvollista naista on siell\u00e4 &#8211; ja kuinka helppoa on l\u00f6yt\u00e4\u00e4 heid\u00e4t.<\/p>\n<h2>Tutustu MILF:\u00e4\u00e4n<\/h2>\n<p>MILF: n kanssa seurustelussa on jotain, joka vain saa sinut tuntemaan itsesi mieheksi. Ehk\u00e4 se johtuu siit\u00e4, ett\u00e4 he tiet\u00e4v\u00e4t mit\u00e4 haluavat, tai ehk\u00e4 se johtuu siit\u00e4, ett\u00e4 he eiv\u00e4t pelk\u00e4\u00e4 menn\u00e4 sen per\u00e4\u00e4n. Joka tapauksessa, jos haluat tavata MILF: n, ei ole parempaa paikkaa tehd\u00e4 sit\u00e4 kuin verkossa.<\/p>\n<p>Siell\u00e4 on paljon MILF-treffisivustoja, mutta kaikkia niit\u00e4 ei ole luotu tasa-arvoisiksi. Haluat varmistaa, ett\u00e4 k\u00e4yt\u00e4t sivustoa, joka on suosittu ja jolla on hyv\u00e4 maine. Haluat my\u00f6s varmistaa, ett\u00e4 k\u00e4yt\u00e4t sivustoa, jossa on paljon aktiivisia j\u00e4seni\u00e4. T\u00e4ll\u00e4 tavalla l\u00f6yd\u00e4t todenn\u00e4k\u00f6isemmin jonkun, joka on todella kiinnostunut tapaamaan.<\/p>\n<p>Kun olet l\u00f6yt\u00e4nyt MILF-treffisivuston, josta pid\u00e4t, rekister\u00f6idy ja luo profiili. Muista sis\u00e4llytt\u00e4\u00e4 joitain kuvia ja v\u00e4h\u00e4n itsest\u00e4si. Aloita sitten MILF-tiedostojen etsiminen alueeltasi. Kun l\u00f6yd\u00e4t jonkun, josta olet kiinnostunut, l\u00e4het\u00e4 h\u00e4nelle viesti ja katso, onko h\u00e4n kiinnostunut tapaamaan.<\/p>\n<p>Jos pelaat korttisi oikein, saatat tavata MILF: n hetkess\u00e4. Muista vain olla kunnioittava ja ottaa asiat hitaasti. Loppujen lopuksi et halua kiirehti\u00e4 mihink\u00e4\u00e4n ja lopulta satuttaa.<\/p>\n<h3>Vainflings<\/h3>\n<p>Jos etsit ilmaista milf-yhteytt\u00e4, OnlyFlings on loistava vaihtoehto. Sovellusta on helppo k\u00e4ytt\u00e4\u00e4 ja siin\u00e4 on paljon hienoja ominaisuuksia, kuten videokeskustelu ja sis\u00e4\u00e4nrakennettu viestij\u00e4rjestelm\u00e4. Ainoa haittapuoli on, ett\u00e4 sovelluksessa ei ole viel\u00e4 paljon k\u00e4ytt\u00e4ji\u00e4, joten sinulla voi olla vaikeuksia l\u00f6yt\u00e4\u00e4 joku alueeltasi. Kaiken kaikkiaan OnlyFlings on kuitenkin loistava vaihtoehto ilmaiseen milf-kytkent\u00e4\u00e4n.<\/p>\n<h3>\u00c4nkytt\u00e4\u00e4<\/h3>\n<p>Bumble on ilmainen online-treffisovellus, jonka avulla k\u00e4ytt\u00e4j\u00e4t voivat muodostaa yhteyden mahdollisiin otteluihin ymp\u00e4ri maailmaa. Sovelluksella on yksinkertainen k\u00e4ytt\u00f6liittym\u00e4 ja se on helppok\u00e4ytt\u00f6inen. Bumblella on suuri joukko potentiaalisia otteluita ja paljon ominaisuuksia, jotka tekev\u00e4t siit\u00e4 loistavan valinnan online-treffailuun. Sovellus on ladattavissa ja k\u00e4ytett\u00e4viss\u00e4 ilmaiseksi, ja siin\u00e4 on maksullinen tilausvaihtoehto, joka antaa k\u00e4ytt\u00e4jille p\u00e4\u00e4syn muihin ominaisuuksiin. Kaiken kaikkiaan Bumble on loistava valinta online-treffailuun ja kannattaa kokeilla.<\/p>\n<h3>BoneAMilf<\/h3>\n<p>Jos etsit ilmaista milf-yhteytt\u00e4, BoneAMilf on sovellus sinulle. Yli 1 miljoonalla j\u00e4senell\u00e4 ymp\u00e4ri maailmaa on helppo l\u00f6yt\u00e4\u00e4 joku alueeltasi, johon liitty\u00e4. Sovellus on ladattavissa ja k\u00e4ytett\u00e4viss\u00e4 ilmaiseksi, eik\u00e4 sovelluksen sis\u00e4isi\u00e4 ostoksia ole. Voit etsi\u00e4 j\u00e4seni\u00e4 sijainnin, i\u00e4n ja kiinnostuksen kohteiden mukaan ja l\u00e4hett\u00e4\u00e4 heille viestin suoraan. Sovelluksessa on my\u00f6s &#8221;suosikit&#8221; -ominaisuus, joten voit seurata sinua kiinnostavia j\u00e4seni\u00e4. Ainoa haittapuoli on, ett\u00e4 sovellus on saatavilla vain englanniksi.<\/p>\n<h3>Sarana<\/h3>\n<p>Jos etsit treffisovellusta, joka ei vaadi paljon sitoutumista, Hinge on loistava vaihtoehto. Sovellus on ladattavissa ja k\u00e4ytett\u00e4viss\u00e4 ilmaiseksi, ja se tarjoaa erilaisia ominaisuuksia, joiden avulla voit l\u00f6yt\u00e4\u00e4 ottelun. Voit luoda profiilin, tarkastella muiden k\u00e4ytt\u00e4jien profiileja ja l\u00e4hett\u00e4\u00e4 viestej\u00e4 ilmaiseksi. Voit my\u00f6s p\u00e4ivitt\u00e4\u00e4 maksulliseen j\u00e4senyyteen avataksesi lis\u00e4ominaisuuksia.<\/p>\n<p>Hinge on suosittu treffisovellus syyst\u00e4. Sit\u00e4 on helppo k\u00e4ytt\u00e4\u00e4 ja se on ilmainen ladata ja k\u00e4ytt\u00e4\u00e4. Sovellus tarjoaa erilaisia ominaisuuksia, joiden avulla voit l\u00f6yt\u00e4\u00e4 ottelun, ja siin\u00e4 on helppo navigoida. Jos etsit treffisovellusta, joka ei vaadi paljon sitoutumista, Hinge on loistava vaihtoehto.<\/p>\n","protected":false},"excerpt":{"rendered":"<p>On paljon tapoja saada ilmainen milf-yhteys. L\u00f6yd\u00e4t verkkosivustoja, jotka ovat erikoistuneet milf-kytkent\u00f6ihin, tai voit k\u00e4ytt\u00e4\u00e4 tavallisia treffisivustoja. Voit my\u00f6s kokeilla sosiaalisen median sivustoja, kuten Facebookia ja Twitteri\u00e4. Riippumatta siit\u00e4, mink\u00e4 menetelm\u00e4n valitset, varmista, ett\u00e4 olet kunnioittava ja huomaavainen milfille, johon yrit\u00e4t liitty\u00e4. MILF Treffit Milfsiss\u00e4 on jotain kiehtovaa. He ovat kokeneita, he tiet\u00e4v\u00e4t mit\u00e4 haluavat,&#8230;<a class=\"read-more-link button\" href=\"https:\/\/theyoungmessiah.com\/fi\/paikallinen-milf-dating\/\">Read more<\/a><\/p>\n","protected":false},"author":1,"featured_media":0,"parent":0,"menu_order":0,"comment_status":"closed","ping_status":"closed","template":"","meta":[],"yoast_head":"<!-- This site is optimized with the Yoast SEO plugin v17.7.1 - https:\/\/yoast.com\/wordpress\/plugins\/seo\/ -->\n<title>Paikallinen Milf Dating - Online Adult Dating<\/title>\n<meta name=\"robots\" content=\"index, follow, max-snippet:-1, max-image-preview:large, max-video-preview:-1\" \/>\n<link rel=\"canonical\" href=\"https:\/\/theyoungmessiah.com\/fi\/paikallinen-milf-dating\/\" \/>\n<meta property=\"og:locale\" content=\"fi_FI\" \/>\n<meta property=\"og:type\" content=\"article\" \/>\n<meta property=\"og:title\" content=\"Paikallinen Milf Dating - Online Adult Dating\" \/>\n<meta property=\"og:description\" content=\"On paljon tapoja saada ilmainen milf-yhteys. L\u00f6yd\u00e4t verkkosivustoja, jotka ovat erikoistuneet milf-kytkent\u00f6ihin, tai voit k\u00e4ytt\u00e4\u00e4 tavallisia treffisivustoja. Voit my\u00f6s kokeilla sosiaalisen median sivustoja, kuten Facebookia ja Twitteri\u00e4. Riippumatta siit\u00e4, mink\u00e4 menetelm\u00e4n valitset, varmista, ett\u00e4 olet kunnioittava ja huomaavainen milfille, johon yrit\u00e4t liitty\u00e4. MILF Treffit Milfsiss\u00e4 on jotain kiehtovaa. He ovat kokeneita, he tiet\u00e4v\u00e4t mit\u00e4 haluavat,...Read more\" \/>\n<meta property=\"og:url\" content=\"https:\/\/theyoungmessiah.com\/fi\/paikallinen-milf-dating\/\" \/>\n<meta property=\"og:site_name\" content=\"Online Adult Dating\" \/>\n<meta name=\"twitter:card\" content=\"summary_large_image\" \/>\n<meta name=\"twitter:label1\" content=\"Arvioitu lukuaika\" \/>\n\t<meta name=\"twitter:data1\" content=\"4 minuuttia\" \/>\n<script type=\"application\/ld+json\" class=\"yoast-schema-graph\">{\"@context\":\"https:\/\/schema.org\",\"@graph\":[{\"@type\":\"WebSite\",\"@id\":\"https:\/\/theyoungmessiah.com\/fi\/#website\",\"url\":\"https:\/\/theyoungmessiah.com\/fi\/\",\"name\":\"Online Adult Dating\",\"description\":\"Local Sex Hookups\",\"potentialAction\":[{\"@type\":\"SearchAction\",\"target\":{\"@type\":\"EntryPoint\",\"urlTemplate\":\"https:\/\/theyoungmessiah.com\/fi\/?s={search_term_string}\"},\"query-input\":\"required name=search_term_string\"}],\"inLanguage\":\"fi\"},{\"@type\":\"WebPage\",\"@id\":\"https:\/\/theyoungmessiah.com\/fi\/paikallinen-milf-dating\/#webpage\",\"url\":\"https:\/\/theyoungmessiah.com\/fi\/paikallinen-milf-dating\/\",\"name\":\"Paikallinen Milf Dating - Online Adult Dating\",\"isPartOf\":{\"@id\":\"https:\/\/theyoungmessiah.com\/fi\/#website\"},\"datePublished\":\"2022-10-12T12:50:25+00:00\",\"dateModified\":\"2022-10-12T12:50:25+00:00\",\"breadcrumb\":{\"@id\":\"https:\/\/theyoungmessiah.com\/fi\/paikallinen-milf-dating\/#breadcrumb\"},\"inLanguage\":\"fi\",\"potentialAction\":[{\"@type\":\"ReadAction\",\"target\":[\"https:\/\/theyoungmessiah.com\/fi\/paikallinen-milf-dating\/\"]}]},{\"@type\":\"BreadcrumbList\",\"@id\":\"https:\/\/theyoungmessiah.com\/fi\/paikallinen-milf-dating\/#breadcrumb\",\"itemListElement\":[{\"@type\":\"ListItem\",\"position\":1,\"name\":\"Home\",\"item\":\"http:\/\/theyoungmessiah.com\/fi\/\"},{\"@type\":\"ListItem\",\"position\":2,\"name\":\"Paikallinen Milf Dating\"}]}]}<\/script>\n<!-- \/ Yoast SEO plugin. -->","yoast_head_json":{"title":"Paikallinen Milf Dating - Online Adult Dating","robots":{"index":"index","follow":"follow","max-snippet":"max-snippet:-1","max-image-preview":"max-image-preview:large","max-video-preview":"max-video-preview:-1"},"canonical":"https:\/\/theyoungmessiah.com\/fi\/paikallinen-milf-dating\/","og_locale":"fi_FI","og_type":"article","og_title":"Paikallinen Milf Dating - Online Adult Dating","og_description":"On paljon tapoja saada ilmainen milf-yhteys. L\u00f6yd\u00e4t verkkosivustoja, jotka ovat erikoistuneet milf-kytkent\u00f6ihin, tai voit k\u00e4ytt\u00e4\u00e4 tavallisia treffisivustoja. Voit my\u00f6s kokeilla sosiaalisen median sivustoja, kuten Facebookia ja Twitteri\u00e4. Riippumatta siit\u00e4, mink\u00e4 menetelm\u00e4n valitset, varmista, ett\u00e4 olet kunnioittava ja huomaavainen milfille, johon yrit\u00e4t liitty\u00e4. MILF Treffit Milfsiss\u00e4 on jotain kiehtovaa. He ovat kokeneita, he tiet\u00e4v\u00e4t mit\u00e4 haluavat,...Read more","og_url":"https:\/\/theyoungmessiah.com\/fi\/paikallinen-milf-dating\/","og_site_name":"Online Adult Dating","twitter_card":"summary_large_image","twitter_misc":{"Arvioitu lukuaika":"4 minuuttia"},"schema":{"@context":"https:\/\/schema.org","@graph":[{"@type":"WebSite","@id":"https:\/\/theyoungmessiah.com\/fi\/#website","url":"https:\/\/theyoungmessiah.com\/fi\/","name":"Online Adult Dating","description":"Local Sex Hookups","potentialAction":[{"@type":"SearchAction","target":{"@type":"EntryPoint","urlTemplate":"https:\/\/theyoungmessiah.com\/fi\/?s={search_term_string}"},"query-input":"required name=search_term_string"}],"inLanguage":"fi"},{"@type":"WebPage","@id":"https:\/\/theyoungmessiah.com\/fi\/paikallinen-milf-dating\/#webpage","url":"https:\/\/theyoungmessiah.com\/fi\/paikallinen-milf-dating\/","name":"Paikallinen Milf Dating - Online Adult Dating","isPartOf":{"@id":"https:\/\/theyoungmessiah.com\/fi\/#website"},"datePublished":"2022-10-12T12:50:25+00:00","dateModified":"2022-10-12T12:50:25+00:00","breadcrumb":{"@id":"https:\/\/theyoungmessiah.com\/fi\/paikallinen-milf-dating\/#breadcrumb"},"inLanguage":"fi","potentialAction":[{"@type":"ReadAction","target":["https:\/\/theyoungmessiah.com\/fi\/paikallinen-milf-dating\/"]}]},{"@type":"BreadcrumbList","@id":"https:\/\/theyoungmessiah.com\/fi\/paikallinen-milf-dating\/#breadcrumb","itemListElement":[{"@type":"ListItem","position":1,"name":"Home","item":"http:\/\/theyoungmessiah.com\/fi\/"},{"@type":"ListItem","position":2,"name":"Paikallinen Milf Dating"}]}]}},"_links":{"self":[{"href":"https:\/\/theyoungmessiah.com\/fi\/wp-json\/wp\/v2\/pages\/288"}],"collection":[{"href":"https:\/\/theyoungmessiah.com\/fi\/wp-json\/wp\/v2\/pages"}],"about":[{"href":"https:\/\/theyoungmessiah.com\/fi\/wp-json\/wp\/v2\/types\/page"}],"author":[{"embeddable":true,"href":"https:\/\/theyoungmessiah.com\/fi\/wp-json\/wp\/v2\/users\/1"}],"replies":[{"embeddable":true,"href":"https:\/\/theyoungmessiah.com\/fi\/wp-json\/wp\/v2\/comments?post=288"}],"version-history":[{"count":0,"href":"https:\/\/theyoungmessiah.com\/fi\/wp-json\/wp\/v2\/pages\/288\/revisions"}],"wp:attachment":[{"href":"https:\/\/theyoungmessiah.com\/fi\/wp-json\/wp\/v2\/media?parent=288"}],"curies":[{"name":"wp","href":"https:\/\/api.w.org\/{rel}","templated":true}]}}