{"id":305,"date":"2022-10-12T13:50:13","date_gmt":"2022-10-12T12:50:13","guid":{"rendered":"http:\/\/theyoungmessiah.com\/mummon-kytkenta\/"},"modified":"2022-10-12T13:50:13","modified_gmt":"2022-10-12T12:50:13","slug":"mummon-kytkenta","status":"publish","type":"page","link":"https:\/\/theyoungmessiah.com\/fi\/mummon-kytkenta\/","title":{"rendered":"Mummon kytkent\u00e4"},"content":{"rendered":"<p>Ajatuksessa olla yhteydess\u00e4 mummoon on jotain kiehtovaa. Ehk\u00e4 se on sen tabu-luonne tai se, ett\u00e4 he ovat kokeneita ja tiet\u00e4v\u00e4t, mit\u00e4 tekev\u00e4t. Olipa syy mik\u00e4 tahansa, mummon kytkenn\u00e4t voivat olla hauskoja.<\/p>\n<p>Tietenkin on muutamia asioita, jotka sinun on pidett\u00e4v\u00e4 mieless\u00e4 ennen kuin <a href=\"http:\/\/theyoungmessiah.com\/dating-site-for-older-women\/\">olet yhteydess\u00e4<\/a> mummoon. Ensinn\u00e4kin he ovat todenn\u00e4k\u00f6isesti paljon kokeneempia kuin sin\u00e4, joten \u00e4l\u00e4 odota hallitsevasi. Ne eiv\u00e4t my\u00f6sk\u00e4\u00e4n v\u00e4ltt\u00e4m\u00e4tt\u00e4 ole yht\u00e4 joustavia kuin olet tottunut, joten varaudu joihinkin ep\u00e4tavallisiin asemiin.<\/p>\n<p>Mutta jos olet kiinnostunut hauskanpidosta, niin mummon kytkeminen voi olla hieno kokemus. Varmista vain, ett\u00e4 menet siihen oikeilla odotuksilla ja sinulla on varmasti hauskaa.<\/p>\n<h2>Paikalliset mummon treffisivustot<\/h2>\n<p>On olemassa monia paikallisia mummon treffisivustoja, jotka voivat auttaa sinua tapaamaan vanhempia naisia alueellasi. N\u00e4m\u00e4 sivustot voivat olla loistava tapa tavata uusia ihmisi\u00e4 ja rakentaa uusia suhteita. Monet n\u00e4ist\u00e4 sivustoista tarjoavat ilmaisen j\u00e4senyyden, joten voit kokeilla niit\u00e4 ennen maksulliseen j\u00e4senyyteen sitoutumista. Muista lukea kunkin sivuston ehdot ennen rekister\u00f6itymist\u00e4, jotta tied\u00e4t, mihin olet ryhtym\u00e4ss\u00e4. Kun olet l\u00f6yt\u00e4nyt muutamia mahdollisia otteluita, k\u00e4yt\u00e4 aikaa l\u00e4hett\u00e4\u00e4ksesi heille viestej\u00e4 ja tutustuaksesi niihin paremmin. Jos kaikki menee hyvin, voit j\u00e4rjest\u00e4\u00e4 tapaamisen henkil\u00f6kohtaisesti ja n\u00e4hd\u00e4, onko kipin\u00e4\u00e4. Lykky\u00e4 tyk\u00f6!<\/p>\n<p>Siell\u00e4 on paljon vanhempia naisia, jotka ovat kiinnostuneita tapaamaan nuorempia miehi\u00e4 ja p\u00e4invastoin. Otteluiden l\u00f6yt\u00e4minen voi kuitenkin olla vaikeaa perinteisill\u00e4 treffimenetelmill\u00e4, kuten online-treffailulla. T\u00e4m\u00e4 johtuu siit\u00e4, ett\u00e4 monet treffisivustot ja -sovellukset on suunnattu samanik\u00e4isten ihmisten yhdist\u00e4miseen sen sijaan, ett\u00e4 ihmiset yhdistett\u00e4isiin heid\u00e4n kiinnostuksen kohteidensa perusteella.<\/p>\n<p>Yksi tapa l\u00f6yt\u00e4\u00e4 otteluita vanhempien naisten kanssa, jos olet nuorempi mies, joka on kiinnostunut tapaamaan heit\u00e4, on etsi\u00e4 sivustoja ja sovelluksia, jotka palvelevat erityisesti t\u00e4t\u00e4 v\u00e4est\u00f6rakennetta. Esimerkiksi on olemassa sivustoja, kuten CougarLife.com, jotka on suunniteltu erityisesti vanhemmille naisille ja nuoremmille miehille tapaamaan ja treffailemaan. On my\u00f6s treffisovelluksia, kuten Tinder, joiden avulla voit asettaa ik\u00e4asetuksesi, jotta n\u00e4et vain vanhemmat naiset, jotka ovat haluamassasi ik\u00e4ryhm\u00e4ss\u00e4.<\/p>\n<p>Tietenkin voit my\u00f6s yritt\u00e4\u00e4 tavata vanhempia naisia offline-tilassa, yhteisten yst\u00e4vien kautta tai yksinkertaisesti l\u00e4hestym\u00e4ll\u00e4 heit\u00e4 henkil\u00f6kohtaisesti. Online-treffit voivat kuitenkin olla loistava tapa olla yhteydess\u00e4 vanhempiin naisiin, joita sinulla ei ehk\u00e4 muuten ehk\u00e4 olisi mahdollisuutta tavata.<\/p>\n<h2>Vanhemmat naiset etsiv\u00e4t seksi\u00e4<\/h2>\n<p>On kasvava trendi, ett\u00e4 vanhemmat naiset etsiv\u00e4t seksi\u00e4 verkossa. T\u00e4m\u00e4 johtuu todenn\u00e4k\u00f6isesti siit\u00e4, ett\u00e4 monet naiset ovat nyt mukavampia seksuaalisuutensa kanssa ja ovat avoimempia tutkimaan seksuaalisia halujaan. Lis\u00e4ksi vanhemmilla naisilla voi olla enemm\u00e4n vaikeuksia l\u00f6yt\u00e4\u00e4 oman ik\u00e4isi\u00e4\u00e4n kumppaneita, joten he k\u00e4\u00e4ntyv\u00e4t Internetin puoleen l\u00f6yt\u00e4\u00e4kseen mahdollisia seksikumppaneita.<\/p>\n<p>On olemassa useita verkkosivustoja ja sovelluksia, jotka palvelevat vanhempia naisia, jotka etsiv\u00e4t seksi\u00e4. N\u00e4m\u00e4 alustat tarjoavat turvallisen ja mukavan ymp\u00e4rist\u00f6n naisille tutkia seksuaalisuuttaan ja l\u00f6yt\u00e4\u00e4 seksikumppaneita. Lis\u00e4ksi n\u00e4m\u00e4 alustat tarjoavat erilaisia ominaisuuksia ja hakusuodattimia, joiden avulla naiset voivat l\u00f6yt\u00e4\u00e4 kumppaneita, jotka vastaavat heid\u00e4n erityistarpeitaan ja toiveitaan.<\/p>\n<h3>DateMyAge<\/h3>\n<p>DateMyAge on mummon kytkent\u00e4sovellus, jonka avulla voit l\u00f6yt\u00e4\u00e4 paikallisia vanhempia naisia, jotka etsiv\u00e4t heittoa. Sovellusta on helppo k\u00e4ytt\u00e4\u00e4 ja siin\u00e4 on paljon ominaisuuksia, joiden avulla voit l\u00f6yt\u00e4\u00e4 juuri etsim\u00e4si. Hakutoiminto on eritt\u00e4in k\u00e4ytt\u00e4j\u00e4yst\u00e4v\u00e4llinen ja sovelluksen avulla voit my\u00f6s tarkastella alueesi muiden j\u00e4senten profiileja. Kaiken kaikkiaan t\u00e4m\u00e4 on loistava sovellus mummon kytkenn\u00e4n l\u00f6yt\u00e4miseen.<\/p>\n<h3>Tule Kanssasi<\/h3>\n<p>ComeWithYou on uusi treffisovellus, joka on t\u00e4ydellinen mummon kytkent\u00f6ihin. Sovellus on eritt\u00e4in k\u00e4ytt\u00e4j\u00e4yst\u00e4v\u00e4llinen ja helppo navigoida. Siin\u00e4 on paljon hienoja ominaisuuksia, joiden avulla on helppo l\u00f6yt\u00e4\u00e4 ja muodostaa yhteys mahdollisiin otteluihin. Hakutoiminto on eritt\u00e4in kattava ja sen avulla voit l\u00f6yt\u00e4\u00e4 osumia eri kriteerien perusteella. Viestiominaisuus on my\u00f6s eritt\u00e4in hyv\u00e4 ja sen avulla voit helposti muodostaa yhteyden otteluihin. Kaiken kaikkiaan ComeWithYou on loistava vaihtoehto mummon kytkent\u00f6ihin, ja suosittelen sit\u00e4 kaikille, jotka etsiv\u00e4t uutta treffisovellusta.<\/p>\n<h3>P\u00e4iv\u00e4ysOu<\/h3>\n<p>Minusta DateYou-treffisovellus oli loistava tapa tavata mummoja kytkent\u00f6j\u00e4 varten. Sovellusta on helppo k\u00e4ytt\u00e4\u00e4 ja siin\u00e4 on paljon hienoja ominaisuuksia. Hakutoiminto on loistava ja viestij\u00e4rjestelm\u00e4 on eritt\u00e4in k\u00e4ytt\u00e4j\u00e4yst\u00e4v\u00e4llinen. Pid\u00e4n my\u00f6s siit\u00e4, ett\u00e4 voit n\u00e4hd\u00e4, kuka on verkossa ja kuka ei. Kaiken kaikkiaan suosittelen ehdottomasti t\u00e4t\u00e4 sovellusta kaikille, jotka etsiv\u00e4t mummon kytkemist\u00e4.<\/p>\n<h3>Badoo<\/h3>\n<p>Jos etsit mummon yhteytt\u00e4, Badoo ei todenn\u00e4k\u00f6isesti ole treffisovellus sinulle. Vaikka se laskuttaa itse\u00e4\u00e4n treffisovellukseksi, monet k\u00e4ytt\u00e4j\u00e4t ilmoittavat, ett\u00e4 sovelluksesta on vaikea l\u00f6yt\u00e4\u00e4 osumia. Itse asiassa monet k\u00e4ytt\u00e4j\u00e4t ilmoittavat, ett\u00e4 sovellus on t\u00e4ynn\u00e4 v\u00e4\u00e4rennettyj\u00e4 profiileja ja ett\u00e4 on vaikea ottaa yhteytt\u00e4 asiakaspalveluun, kun sinulla on ongelma. Joten jos etsit mummon kytkemist\u00e4, sinun kannattaa kokeilla toista sovellusta.<\/p>\n","protected":false},"excerpt":{"rendered":"<p>Ajatuksessa olla yhteydess\u00e4 mummoon on jotain kiehtovaa. Ehk\u00e4 se on sen tabu-luonne tai se, ett\u00e4 he ovat kokeneita ja tiet\u00e4v\u00e4t, mit\u00e4 tekev\u00e4t. Olipa syy mik\u00e4 tahansa, mummon kytkenn\u00e4t voivat olla hauskoja. Tietenkin on muutamia asioita, jotka sinun on pidett\u00e4v\u00e4 mieless\u00e4 ennen kuin olet yhteydess\u00e4 mummoon. Ensinn\u00e4kin he ovat todenn\u00e4k\u00f6isesti paljon kokeneempia kuin sin\u00e4, joten \u00e4l\u00e4&#8230;<a class=\"read-more-link button\" href=\"https:\/\/theyoungmessiah.com\/fi\/mummon-kytkenta\/\">Read more<\/a><\/p>\n","protected":false},"author":1,"featured_media":0,"parent":0,"menu_order":0,"comment_status":"closed","ping_status":"closed","template":"","meta":[],"yoast_head":"<!-- This site is optimized with the Yoast SEO plugin v17.7.1 - https:\/\/yoast.com\/wordpress\/plugins\/seo\/ -->\n<title>Mummon kytkent\u00e4 - Online Adult Dating<\/title>\n<meta name=\"robots\" content=\"index, follow, max-snippet:-1, max-image-preview:large, max-video-preview:-1\" \/>\n<link rel=\"canonical\" href=\"https:\/\/theyoungmessiah.com\/fi\/mummon-kytkenta\/\" \/>\n<meta property=\"og:locale\" content=\"fi_FI\" \/>\n<meta property=\"og:type\" content=\"article\" \/>\n<meta property=\"og:title\" content=\"Mummon kytkent\u00e4 - Online Adult Dating\" \/>\n<meta property=\"og:description\" content=\"Ajatuksessa olla yhteydess\u00e4 mummoon on jotain kiehtovaa. Ehk\u00e4 se on sen tabu-luonne tai se, ett\u00e4 he ovat kokeneita ja tiet\u00e4v\u00e4t, mit\u00e4 tekev\u00e4t. Olipa syy mik\u00e4 tahansa, mummon kytkenn\u00e4t voivat olla hauskoja. Tietenkin on muutamia asioita, jotka sinun on pidett\u00e4v\u00e4 mieless\u00e4 ennen kuin olet yhteydess\u00e4 mummoon. Ensinn\u00e4kin he ovat todenn\u00e4k\u00f6isesti paljon kokeneempia kuin sin\u00e4, joten \u00e4l\u00e4...Read more\" \/>\n<meta property=\"og:url\" content=\"https:\/\/theyoungmessiah.com\/fi\/mummon-kytkenta\/\" \/>\n<meta property=\"og:site_name\" content=\"Online Adult Dating\" \/>\n<meta name=\"twitter:card\" content=\"summary_large_image\" \/>\n<meta name=\"twitter:label1\" content=\"Arvioitu lukuaika\" \/>\n\t<meta name=\"twitter:data1\" content=\"4 minuuttia\" \/>\n<script type=\"application\/ld+json\" class=\"yoast-schema-graph\">{\"@context\":\"https:\/\/schema.org\",\"@graph\":[{\"@type\":\"WebSite\",\"@id\":\"https:\/\/theyoungmessiah.com\/fi\/#website\",\"url\":\"https:\/\/theyoungmessiah.com\/fi\/\",\"name\":\"Online Adult Dating\",\"description\":\"Local Sex Hookups\",\"potentialAction\":[{\"@type\":\"SearchAction\",\"target\":{\"@type\":\"EntryPoint\",\"urlTemplate\":\"https:\/\/theyoungmessiah.com\/fi\/?s={search_term_string}\"},\"query-input\":\"required name=search_term_string\"}],\"inLanguage\":\"fi\"},{\"@type\":\"WebPage\",\"@id\":\"https:\/\/theyoungmessiah.com\/fi\/mummon-kytkenta\/#webpage\",\"url\":\"https:\/\/theyoungmessiah.com\/fi\/mummon-kytkenta\/\",\"name\":\"Mummon kytkent\\u00e4 - Online Adult Dating\",\"isPartOf\":{\"@id\":\"https:\/\/theyoungmessiah.com\/fi\/#website\"},\"datePublished\":\"2022-10-12T12:50:13+00:00\",\"dateModified\":\"2022-10-12T12:50:13+00:00\",\"breadcrumb\":{\"@id\":\"https:\/\/theyoungmessiah.com\/fi\/mummon-kytkenta\/#breadcrumb\"},\"inLanguage\":\"fi\",\"potentialAction\":[{\"@type\":\"ReadAction\",\"target\":[\"https:\/\/theyoungmessiah.com\/fi\/mummon-kytkenta\/\"]}]},{\"@type\":\"BreadcrumbList\",\"@id\":\"https:\/\/theyoungmessiah.com\/fi\/mummon-kytkenta\/#breadcrumb\",\"itemListElement\":[{\"@type\":\"ListItem\",\"position\":1,\"name\":\"Home\",\"item\":\"http:\/\/theyoungmessiah.com\/fi\/\"},{\"@type\":\"ListItem\",\"position\":2,\"name\":\"Mummon kytkent\\u00e4\"}]}]}<\/script>\n<!-- \/ Yoast SEO plugin. -->","yoast_head_json":{"title":"Mummon kytkent\u00e4 - Online Adult Dating","robots":{"index":"index","follow":"follow","max-snippet":"max-snippet:-1","max-image-preview":"max-image-preview:large","max-video-preview":"max-video-preview:-1"},"canonical":"https:\/\/theyoungmessiah.com\/fi\/mummon-kytkenta\/","og_locale":"fi_FI","og_type":"article","og_title":"Mummon kytkent\u00e4 - Online Adult Dating","og_description":"Ajatuksessa olla yhteydess\u00e4 mummoon on jotain kiehtovaa. Ehk\u00e4 se on sen tabu-luonne tai se, ett\u00e4 he ovat kokeneita ja tiet\u00e4v\u00e4t, mit\u00e4 tekev\u00e4t. Olipa syy mik\u00e4 tahansa, mummon kytkenn\u00e4t voivat olla hauskoja. Tietenkin on muutamia asioita, jotka sinun on pidett\u00e4v\u00e4 mieless\u00e4 ennen kuin olet yhteydess\u00e4 mummoon. Ensinn\u00e4kin he ovat todenn\u00e4k\u00f6isesti paljon kokeneempia kuin sin\u00e4, joten \u00e4l\u00e4...Read more","og_url":"https:\/\/theyoungmessiah.com\/fi\/mummon-kytkenta\/","og_site_name":"Online Adult Dating","twitter_card":"summary_large_image","twitter_misc":{"Arvioitu lukuaika":"4 minuuttia"},"schema":{"@context":"https:\/\/schema.org","@graph":[{"@type":"WebSite","@id":"https:\/\/theyoungmessiah.com\/fi\/#website","url":"https:\/\/theyoungmessiah.com\/fi\/","name":"Online Adult Dating","description":"Local Sex Hookups","potentialAction":[{"@type":"SearchAction","target":{"@type":"EntryPoint","urlTemplate":"https:\/\/theyoungmessiah.com\/fi\/?s={search_term_string}"},"query-input":"required name=search_term_string"}],"inLanguage":"fi"},{"@type":"WebPage","@id":"https:\/\/theyoungmessiah.com\/fi\/mummon-kytkenta\/#webpage","url":"https:\/\/theyoungmessiah.com\/fi\/mummon-kytkenta\/","name":"Mummon kytkent\u00e4 - Online Adult Dating","isPartOf":{"@id":"https:\/\/theyoungmessiah.com\/fi\/#website"},"datePublished":"2022-10-12T12:50:13+00:00","dateModified":"2022-10-12T12:50:13+00:00","breadcrumb":{"@id":"https:\/\/theyoungmessiah.com\/fi\/mummon-kytkenta\/#breadcrumb"},"inLanguage":"fi","potentialAction":[{"@type":"ReadAction","target":["https:\/\/theyoungmessiah.com\/fi\/mummon-kytkenta\/"]}]},{"@type":"BreadcrumbList","@id":"https:\/\/theyoungmessiah.com\/fi\/mummon-kytkenta\/#breadcrumb","itemListElement":[{"@type":"ListItem","position":1,"name":"Home","item":"http:\/\/theyoungmessiah.com\/fi\/"},{"@type":"ListItem","position":2,"name":"Mummon kytkent\u00e4"}]}]}},"_links":{"self":[{"href":"https:\/\/theyoungmessiah.com\/fi\/wp-json\/wp\/v2\/pages\/305"}],"collection":[{"href":"https:\/\/theyoungmessiah.com\/fi\/wp-json\/wp\/v2\/pages"}],"about":[{"href":"https:\/\/theyoungmessiah.com\/fi\/wp-json\/wp\/v2\/types\/page"}],"author":[{"embeddable":true,"href":"https:\/\/theyoungmessiah.com\/fi\/wp-json\/wp\/v2\/users\/1"}],"replies":[{"embeddable":true,"href":"https:\/\/theyoungmessiah.com\/fi\/wp-json\/wp\/v2\/comments?post=305"}],"version-history":[{"count":0,"href":"https:\/\/theyoungmessiah.com\/fi\/wp-json\/wp\/v2\/pages\/305\/revisions"}],"wp:attachment":[{"href":"https:\/\/theyoungmessiah.com\/fi\/wp-json\/wp\/v2\/media?parent=305"}],"curies":[{"name":"wp","href":"https:\/\/api.w.org\/{rel}","templated":true}]}}