{"id":307,"date":"2022-10-12T13:49:52","date_gmt":"2022-10-12T12:49:52","guid":{"rendered":"http:\/\/theyoungmessiah.com\/paikalliset-vittusivustot\/"},"modified":"2022-10-12T13:49:52","modified_gmt":"2022-10-12T12:49:52","slug":"paikalliset-vittusivustot","status":"publish","type":"page","link":"https:\/\/theyoungmessiah.com\/fi\/paikalliset-vittusivustot\/","title":{"rendered":"Paikalliset vittusivustot"},"content":{"rendered":"<p>Paikalliset vittupaikat ovat tusinaa, ja voi olla vaikea tiet\u00e4\u00e4, kumpi valita. Jos kuitenkin etsit nopeaa ja helppoa tapaa olla yhteydess\u00e4 johonkin alueellasi olevaan, paikallinen vittusivusto on ehdottomasti oikea tapa edet\u00e4. Siell\u00e4 on paljon paikallisia vittusivustoja, joten sinun pit\u00e4isi ehdottomasti pysty\u00e4 l\u00f6yt\u00e4m\u00e4\u00e4n sellainen, joka vastaa tarpeitasi. Muista vain lukea arvostelut ennen kuin rekister\u00f6idyt mihink\u00e4\u00e4n, jotta tied\u00e4t, mihin olet ryhtym\u00e4ss\u00e4.<\/p>\n<p>Jos haluat tavata ja naida jotakuta erityist\u00e4, sinun kannattaa ehdottomasti tarkistaa online-treffit. Online-treffien avulla voit olla yhteydess\u00e4 ihmisiin ymp\u00e4ri maailmaa, jotka etsiv\u00e4t samaa asiaa kuin sin\u00e4. On olemassa tonnia treffisivustoja ja -sovelluksia, joiden avulla voit l\u00f6yt\u00e4\u00e4 jonkun naida, ja voit jopa suodattaa hakusi l\u00f6yt\u00e4\u00e4ksesi jonkun, joka on kiinnostunut samoista asioista kuin sin\u00e4. Etsitp\u00e4 sitten yhden y\u00f6n juttua tai pitk\u00e4aikaista suhdetta, online-treffit ovat loistava tapa tavata ja naida jotakuta erityist\u00e4.<\/p>\n<p>Etsin ilmaista vittua t\u00e4n\u00e4 iltana. Olen l\u00e4hett\u00e4nyt viestej\u00e4 muutamalle tyt\u00f6lle treffisivustolla ja olen valmis viem\u00e4\u00e4n asiat seuraavalle tasolle. Olen valmis mihin tahansa, joten jos olet kiinnostunut, kerro siit\u00e4 minulle. Olen varma, ett\u00e4 voimme selvitt\u00e4\u00e4 jotain.<\/p>\n<h2>Vittu ilmaiseksi<\/h2>\n<p>Jos etsit ilmaista online-treffisivustoa, sinun kannattaa ehdottomasti tarkistaa Fuck For Free. T\u00e4m\u00e4 sivusto on loistava resurssi l\u00f6yt\u00e4\u00e4 paikallisia sinkkuja, jotka etsiv\u00e4t ei-merkkijonoihin liitetty\u00e4 yhteytt\u00e4. Sivusto on helppok\u00e4ytt\u00f6inen ja siin\u00e4 on paljon ominaisuuksia, jotka tekev\u00e4t ottelun l\u00f6yt\u00e4misest\u00e4 helppoa. Voit hakea esimerkiksi sijainnin, i\u00e4n, kiinnostuksen kohteiden mukaan. Lis\u00e4ksi sivustolla on loistava yhteis\u00f6llinen tunnelma, foorumeilla ja chat-huoneilla, joissa voit olla vuorovaikutuksessa muiden j\u00e4senten kanssa.<\/p>\n<h3>AdultFriendFinder<\/h3>\n<p>AdultFriendFinder on yksi suosituimmista treffisovelluksista paikallisten vittukavereiden l\u00f6yt\u00e4miseen. Sovelluksella on suuri k\u00e4ytt\u00e4j\u00e4kunta ja se on helppok\u00e4ytt\u00f6inen. Voit etsi\u00e4 mahdollisia vastaavuuksia sijainnin, i\u00e4n ja muiden ehtojen mukaan. Sovelluksessa on my\u00f6s viestiominaisuus, jotta voit kommunikoida mahdollisten otteluiden kanssa. Sovellus on ilmainen k\u00e4ytt\u00e4\u00e4, mutta voit p\u00e4ivitt\u00e4\u00e4 premium-j\u00e4senyyteen lis\u00e4ominaisuuksia varten.<\/p>\n<h3>OneNightFriend<\/h3>\n<p>OneNightFriend on suosittu treffisovellus, joka auttaa ihmisi\u00e4 olemaan yhteydess\u00e4 paikallisiin vittukavereihin. Sovelluksella on suuri tietokanta k\u00e4ytt\u00e4jist\u00e4 ja se on eritt\u00e4in helppok\u00e4ytt\u00f6inen. Sovelluksella on my\u00f6s paljon positiivisia arvosteluja k\u00e4ytt\u00e4jilt\u00e4.<\/p>\n<h3>Taula<\/h3>\n<p>Tinder on treffisovellus, jonka avulla voit l\u00f6yt\u00e4\u00e4 mahdollisia otteluita l\u00e4hialueeltasi. Voit sitten keskustella n\u00e4iden otteluiden kanssa ja mahdollisesti tavata heid\u00e4t henkil\u00f6kohtaisesti. Tinder on loistava tapa tavata uusia ihmisi\u00e4 ja mahdollisesti l\u00f6yt\u00e4\u00e4 paikallinen vittukaveri. Sovellusta on helppo k\u00e4ytt\u00e4\u00e4 ja rekister\u00f6ityminen on ilmaista. Voit lukea Tinderin arvosteluja verkossa ennen kuin p\u00e4\u00e4t\u00e4t k\u00e4ytt\u00e4\u00e4 sit\u00e4.<\/p>\n<h3>Xmeets<\/h3>\n<p>Jos etsit paikallista vittusivustoa, Xmeets on ehdottomasti tutustumisen arvoinen. Sovellusta on helppo k\u00e4ytt\u00e4\u00e4, ja valittavana on paljon paikallisia k\u00e4ytt\u00e4ji\u00e4. Parasta on, ett\u00e4 voit suodattaa hakusi l\u00f6yt\u00e4\u00e4ksesi juuri etsim\u00e4si. Etsitp\u00e4 sitten kertaluonteista yhteytt\u00e4 tai jotain pitk\u00e4aikaisempaa, Xmeets on ehdottomasti tutustumisen arvoinen.<\/p>\n","protected":false},"excerpt":{"rendered":"<p>Paikalliset vittupaikat ovat tusinaa, ja voi olla vaikea tiet\u00e4\u00e4, kumpi valita. Jos kuitenkin etsit nopeaa ja helppoa tapaa olla yhteydess\u00e4 johonkin alueellasi olevaan, paikallinen vittusivusto on ehdottomasti oikea tapa edet\u00e4. Siell\u00e4 on paljon paikallisia vittusivustoja, joten sinun pit\u00e4isi ehdottomasti pysty\u00e4 l\u00f6yt\u00e4m\u00e4\u00e4n sellainen, joka vastaa tarpeitasi. Muista vain lukea arvostelut ennen kuin rekister\u00f6idyt mihink\u00e4\u00e4n, jotta tied\u00e4t,&#8230;<a class=\"read-more-link button\" href=\"https:\/\/theyoungmessiah.com\/fi\/paikalliset-vittusivustot\/\">Read more<\/a><\/p>\n","protected":false},"author":1,"featured_media":0,"parent":0,"menu_order":0,"comment_status":"closed","ping_status":"closed","template":"","meta":[],"yoast_head":"<!-- This site is optimized with the Yoast SEO plugin v17.7.1 - https:\/\/yoast.com\/wordpress\/plugins\/seo\/ -->\n<title>Paikalliset vittusivustot - Online Adult Dating<\/title>\n<meta name=\"robots\" content=\"index, follow, max-snippet:-1, max-image-preview:large, max-video-preview:-1\" \/>\n<link rel=\"canonical\" href=\"https:\/\/theyoungmessiah.com\/fi\/paikalliset-vittusivustot\/\" \/>\n<meta property=\"og:locale\" content=\"fi_FI\" \/>\n<meta property=\"og:type\" content=\"article\" \/>\n<meta property=\"og:title\" content=\"Paikalliset vittusivustot - Online Adult Dating\" \/>\n<meta property=\"og:description\" content=\"Paikalliset vittupaikat ovat tusinaa, ja voi olla vaikea tiet\u00e4\u00e4, kumpi valita. Jos kuitenkin etsit nopeaa ja helppoa tapaa olla yhteydess\u00e4 johonkin alueellasi olevaan, paikallinen vittusivusto on ehdottomasti oikea tapa edet\u00e4. Siell\u00e4 on paljon paikallisia vittusivustoja, joten sinun pit\u00e4isi ehdottomasti pysty\u00e4 l\u00f6yt\u00e4m\u00e4\u00e4n sellainen, joka vastaa tarpeitasi. Muista vain lukea arvostelut ennen kuin rekister\u00f6idyt mihink\u00e4\u00e4n, jotta tied\u00e4t,...Read more\" \/>\n<meta property=\"og:url\" content=\"https:\/\/theyoungmessiah.com\/fi\/paikalliset-vittusivustot\/\" \/>\n<meta property=\"og:site_name\" content=\"Online Adult Dating\" \/>\n<meta name=\"twitter:card\" content=\"summary_large_image\" \/>\n<meta name=\"twitter:label1\" content=\"Arvioitu lukuaika\" \/>\n\t<meta name=\"twitter:data1\" content=\"2 minuuttia\" \/>\n<script type=\"application\/ld+json\" class=\"yoast-schema-graph\">{\"@context\":\"https:\/\/schema.org\",\"@graph\":[{\"@type\":\"WebSite\",\"@id\":\"https:\/\/theyoungmessiah.com\/fi\/#website\",\"url\":\"https:\/\/theyoungmessiah.com\/fi\/\",\"name\":\"Online Adult Dating\",\"description\":\"Local Sex Hookups\",\"potentialAction\":[{\"@type\":\"SearchAction\",\"target\":{\"@type\":\"EntryPoint\",\"urlTemplate\":\"https:\/\/theyoungmessiah.com\/fi\/?s={search_term_string}\"},\"query-input\":\"required name=search_term_string\"}],\"inLanguage\":\"fi\"},{\"@type\":\"WebPage\",\"@id\":\"https:\/\/theyoungmessiah.com\/fi\/paikalliset-vittusivustot\/#webpage\",\"url\":\"https:\/\/theyoungmessiah.com\/fi\/paikalliset-vittusivustot\/\",\"name\":\"Paikalliset vittusivustot - Online Adult Dating\",\"isPartOf\":{\"@id\":\"https:\/\/theyoungmessiah.com\/fi\/#website\"},\"datePublished\":\"2022-10-12T12:49:52+00:00\",\"dateModified\":\"2022-10-12T12:49:52+00:00\",\"breadcrumb\":{\"@id\":\"https:\/\/theyoungmessiah.com\/fi\/paikalliset-vittusivustot\/#breadcrumb\"},\"inLanguage\":\"fi\",\"potentialAction\":[{\"@type\":\"ReadAction\",\"target\":[\"https:\/\/theyoungmessiah.com\/fi\/paikalliset-vittusivustot\/\"]}]},{\"@type\":\"BreadcrumbList\",\"@id\":\"https:\/\/theyoungmessiah.com\/fi\/paikalliset-vittusivustot\/#breadcrumb\",\"itemListElement\":[{\"@type\":\"ListItem\",\"position\":1,\"name\":\"Home\",\"item\":\"http:\/\/theyoungmessiah.com\/fi\/\"},{\"@type\":\"ListItem\",\"position\":2,\"name\":\"Paikalliset vittusivustot\"}]}]}<\/script>\n<!-- \/ Yoast SEO plugin. -->","yoast_head_json":{"title":"Paikalliset vittusivustot - Online Adult Dating","robots":{"index":"index","follow":"follow","max-snippet":"max-snippet:-1","max-image-preview":"max-image-preview:large","max-video-preview":"max-video-preview:-1"},"canonical":"https:\/\/theyoungmessiah.com\/fi\/paikalliset-vittusivustot\/","og_locale":"fi_FI","og_type":"article","og_title":"Paikalliset vittusivustot - Online Adult Dating","og_description":"Paikalliset vittupaikat ovat tusinaa, ja voi olla vaikea tiet\u00e4\u00e4, kumpi valita. Jos kuitenkin etsit nopeaa ja helppoa tapaa olla yhteydess\u00e4 johonkin alueellasi olevaan, paikallinen vittusivusto on ehdottomasti oikea tapa edet\u00e4. Siell\u00e4 on paljon paikallisia vittusivustoja, joten sinun pit\u00e4isi ehdottomasti pysty\u00e4 l\u00f6yt\u00e4m\u00e4\u00e4n sellainen, joka vastaa tarpeitasi. Muista vain lukea arvostelut ennen kuin rekister\u00f6idyt mihink\u00e4\u00e4n, jotta tied\u00e4t,...Read more","og_url":"https:\/\/theyoungmessiah.com\/fi\/paikalliset-vittusivustot\/","og_site_name":"Online Adult Dating","twitter_card":"summary_large_image","twitter_misc":{"Arvioitu lukuaika":"2 minuuttia"},"schema":{"@context":"https:\/\/schema.org","@graph":[{"@type":"WebSite","@id":"https:\/\/theyoungmessiah.com\/fi\/#website","url":"https:\/\/theyoungmessiah.com\/fi\/","name":"Online Adult Dating","description":"Local Sex Hookups","potentialAction":[{"@type":"SearchAction","target":{"@type":"EntryPoint","urlTemplate":"https:\/\/theyoungmessiah.com\/fi\/?s={search_term_string}"},"query-input":"required name=search_term_string"}],"inLanguage":"fi"},{"@type":"WebPage","@id":"https:\/\/theyoungmessiah.com\/fi\/paikalliset-vittusivustot\/#webpage","url":"https:\/\/theyoungmessiah.com\/fi\/paikalliset-vittusivustot\/","name":"Paikalliset vittusivustot - Online Adult Dating","isPartOf":{"@id":"https:\/\/theyoungmessiah.com\/fi\/#website"},"datePublished":"2022-10-12T12:49:52+00:00","dateModified":"2022-10-12T12:49:52+00:00","breadcrumb":{"@id":"https:\/\/theyoungmessiah.com\/fi\/paikalliset-vittusivustot\/#breadcrumb"},"inLanguage":"fi","potentialAction":[{"@type":"ReadAction","target":["https:\/\/theyoungmessiah.com\/fi\/paikalliset-vittusivustot\/"]}]},{"@type":"BreadcrumbList","@id":"https:\/\/theyoungmessiah.com\/fi\/paikalliset-vittusivustot\/#breadcrumb","itemListElement":[{"@type":"ListItem","position":1,"name":"Home","item":"http:\/\/theyoungmessiah.com\/fi\/"},{"@type":"ListItem","position":2,"name":"Paikalliset vittusivustot"}]}]}},"_links":{"self":[{"href":"https:\/\/theyoungmessiah.com\/fi\/wp-json\/wp\/v2\/pages\/307"}],"collection":[{"href":"https:\/\/theyoungmessiah.com\/fi\/wp-json\/wp\/v2\/pages"}],"about":[{"href":"https:\/\/theyoungmessiah.com\/fi\/wp-json\/wp\/v2\/types\/page"}],"author":[{"embeddable":true,"href":"https:\/\/theyoungmessiah.com\/fi\/wp-json\/wp\/v2\/users\/1"}],"replies":[{"embeddable":true,"href":"https:\/\/theyoungmessiah.com\/fi\/wp-json\/wp\/v2\/comments?post=307"}],"version-history":[{"count":0,"href":"https:\/\/theyoungmessiah.com\/fi\/wp-json\/wp\/v2\/pages\/307\/revisions"}],"wp:attachment":[{"href":"https:\/\/theyoungmessiah.com\/fi\/wp-json\/wp\/v2\/media?parent=307"}],"curies":[{"name":"wp","href":"https:\/\/api.w.org\/{rel}","templated":true}]}}