{"id":315,"date":"2022-10-12T13:50:05","date_gmt":"2022-10-12T12:50:05","guid":{"rendered":"http:\/\/theyoungmessiah.com\/treffisivusto-vanhemmille-naisille\/"},"modified":"2022-10-12T13:50:05","modified_gmt":"2022-10-12T12:50:05","slug":"treffisivusto-vanhemmille-naisille","status":"publish","type":"page","link":"https:\/\/theyoungmessiah.com\/fi\/treffisivusto-vanhemmille-naisille\/","title":{"rendered":"Treffisivusto vanhemmille naisille"},"content":{"rendered":"<p>Vanhemmille naisille on olemassa muutamia <a href=\"http:\/\/theyoungmessiah.com\/local-fuck-sites\/\">treffisivustoja<\/a> , jotka kannattaa tarkistaa. Jos etsit heittoa tai yhteytt\u00e4, n\u00e4m\u00e4 sivustot voivat auttaa sinua l\u00f6yt\u00e4m\u00e4\u00e4n etsim\u00e4si. Vanhemmat naiset ovat usein kokeneempia ja itsevarmempia kuin nuoremmat naiset, joten he voivat olla loistava vaihtoehto hauskalle illanvietolle. Muista vain lukea arvostelut ennen kuin rekister\u00f6idyt mihink\u00e4\u00e4n, jotta tied\u00e4t, mihin olet ryhtym\u00e4ss\u00e4.<\/p>\n<p>Aikuiset naiset treffisivustot ovat loistava tapa vanhemmille naisille tavata nuorempia miehi\u00e4. On monia sivustoja, jotka palvelevat erityisesti vanhempia naisia ja nuorempia miehi\u00e4, ja n\u00e4m\u00e4 voivat olla loistava tapa l\u00f6yt\u00e4\u00e4 ottelu. Vanhemmilla naisilla voi olla enemm\u00e4n el\u00e4m\u00e4nkokemusta ja viisautta kuin nuoremmilla naisilla, ja t\u00e4m\u00e4 voi olla houkuttelevaa nuoremmille miehille. Nuoremmat miehet voivat my\u00f6s olla kiinnostuneita vanhemmista naisista, koska heill\u00e4 on taipumus olla itsevarmempia ja itsevarmempia. Aikuiset naiset treffisivustot voivat olla loistava tapa sek\u00e4 vanhemmille naisille ett\u00e4 nuoremmille miehille l\u00f6yt\u00e4\u00e4 rakkautta ja kumppanuutta.<\/p>\n<h2>Mist\u00e4 poimia vanhempia naisia<\/h2>\n<p>On monia vanhempia naisia, jotka etsiv\u00e4t rakkautta verkosta. L\u00f6yd\u00e4t ne treffisivustoilta, kuten OurTime ja eHarmony. L\u00f6yd\u00e4t ne my\u00f6s sosiaalisen median sivustoilta, kuten Facebookista ja Twitterist\u00e4. Muista vain olla kunnioittava ja kohtelias, kun otat heihin yhteytt\u00e4.<\/p>\n<h2>Vanhemmat naiset treffisivustot<\/h2>\n<p>On monia treffisivustoja, jotka palvelevat vanhempia naisia, jotka etsiv\u00e4t nuorempia miehi\u00e4, ja p\u00e4invastoin. N\u00e4m\u00e4 verkkosivustot tarjoavat k\u00e4tev\u00e4n tavan vanhemmille naisille l\u00f6yt\u00e4\u00e4 potentiaalisia kumppaneita ilman, ett\u00e4 heid\u00e4n tarvitsee menn\u00e4 ulos ja ymp\u00e4riins\u00e4, ja ne tarjoavat my\u00f6s turvallisen ja suojatun ymp\u00e4rist\u00f6n keskustella ja tutustua toisiinsa. Monilla n\u00e4ist\u00e4 verkkosivustoista on my\u00f6s foorumeita ja chat-huoneita, mik\u00e4 voi olla loistava tapa tutustua muihin j\u00e4seniin ja saada lis\u00e4tietoja treffikohtauksesta yleens\u00e4.<\/p>\n<h3>Passion.com<\/h3>\n<p>Jos etsit sovellusta, jonka avulla voit olla yhteydess\u00e4 vanhempiin naisiin seurustelua varten, Passion.com on loistava vaihtoehto. Sovellusta on helppo k\u00e4ytt\u00e4\u00e4 ja sill\u00e4 on puhdas, moderni k\u00e4ytt\u00f6liittym\u00e4. Voit etsi\u00e4 naisia i\u00e4n, sijainnin ja kiinnostuksen kohteiden mukaan ja tarkastella profiileja ruudukko- tai luettelon\u00e4kym\u00e4ss\u00e4. Passion.com tarjoaa my\u00f6s upean ominaisuuden nimelt\u00e4 &#8221;Passion Points&#8221;, jonka avulla voit ansaita pisteit\u00e4 suorittamalla tiettyj\u00e4 toimintoja sovelluksessa, jotka voit sitten lunastaa ilmaisiksi j\u00e4senp\u00e4ivityksiksi ja muiksi eduiksi. Kaiken kaikkiaan Passion.com on loistava vaihtoehto vanhemmille naisille, jotka etsiv\u00e4t treffisovellusta, jota on helppo k\u00e4ytt\u00e4\u00e4 ja jossa on paljon ominaisuuksia.<\/p>\n<h3>FindMyFlings<\/h3>\n<p>FindMyFlings on treffisovellus, joka on suunniteltu erityisesti vanhemmille naisille. Sovellus on helppok\u00e4ytt\u00f6inen ja siin\u00e4 on paljon hienoja ominaisuuksia, kuten hakutoiminto, jonka avulla voit l\u00f6yt\u00e4\u00e4 vanhempia naisia alueeltasi. Sovelluksessa on my\u00f6s viestiominaisuus, jonka avulla voit ottaa yhteytt\u00e4 suoraan vanhempiin naisiin. Kaiken kaikkiaan FindMyFlings on loistava treffisovellus vanhemmille naisille, ja se on ehdottomasti tutustumisen arvoinen.<\/p>\n<h3>Kasual-sovellus<\/h3>\n<p>Kasual-sovellus on uusi treffisovellus, joka on suunniteltu erityisesti vanhemmille naisille. Sovellus on ladattavissa ja k\u00e4ytett\u00e4viss\u00e4 ilmaiseksi, ja se tarjoaa erilaisia ominaisuuksia, jotka on suunniteltu tekem\u00e4\u00e4n treffikokemuksesta nautinnollisempi vanhemmille naisille. Sovellus sis\u00e4lt\u00e4\u00e4 hakutoiminnon, jonka avulla k\u00e4ytt\u00e4j\u00e4t voivat l\u00f6yt\u00e4\u00e4 muita l\u00e4hell\u00e4 olevia k\u00e4ytt\u00e4ji\u00e4, ja se sis\u00e4lt\u00e4\u00e4 my\u00f6s viestitoiminnon, jonka avulla k\u00e4ytt\u00e4j\u00e4t voivat kommunikoida muiden k\u00e4ytt\u00e4jien kanssa. Sovellus on t\u00e4ll\u00e4 hetkell\u00e4 ladattavissa App Storesta ja Google Playsta, ja sen odotetaan olevan ladattavissa Windows Storesta ja Amazon Appstoresta l\u00e4hitulevaisuudessa.<\/p>\n<h3>Ashley Madison<\/h3>\n<p>Ashley Madison on treffisovellus, joka on suunniteltu erityisesti vanhemmille naisille. Se on loistava sovellus vanhemmille naisille, jotka etsiv\u00e4t vakavaa suhdetta tai vain rentoa heittoa. Sovellusta on helppo k\u00e4ytt\u00e4\u00e4 ja siin\u00e4 on paljon hienoja ominaisuuksia. Sovelluksella on my\u00f6s hyv\u00e4 maine turvallisena treffisovelluksena.<\/p>\n","protected":false},"excerpt":{"rendered":"<p>Vanhemmille naisille on olemassa muutamia treffisivustoja , jotka kannattaa tarkistaa. Jos etsit heittoa tai yhteytt\u00e4, n\u00e4m\u00e4 sivustot voivat auttaa sinua l\u00f6yt\u00e4m\u00e4\u00e4n etsim\u00e4si. Vanhemmat naiset ovat usein kokeneempia ja itsevarmempia kuin nuoremmat naiset, joten he voivat olla loistava vaihtoehto hauskalle illanvietolle. Muista vain lukea arvostelut ennen kuin rekister\u00f6idyt mihink\u00e4\u00e4n, jotta tied\u00e4t, mihin olet ryhtym\u00e4ss\u00e4. Aikuiset naiset&#8230;<a class=\"read-more-link button\" href=\"https:\/\/theyoungmessiah.com\/fi\/treffisivusto-vanhemmille-naisille\/\">Read more<\/a><\/p>\n","protected":false},"author":1,"featured_media":0,"parent":0,"menu_order":0,"comment_status":"closed","ping_status":"closed","template":"","meta":[],"yoast_head":"<!-- This site is optimized with the Yoast SEO plugin v17.7.1 - https:\/\/yoast.com\/wordpress\/plugins\/seo\/ -->\n<title>Treffisivusto vanhemmille naisille - Online Adult Dating<\/title>\n<meta name=\"robots\" content=\"index, follow, max-snippet:-1, max-image-preview:large, max-video-preview:-1\" \/>\n<link rel=\"canonical\" href=\"https:\/\/theyoungmessiah.com\/fi\/treffisivusto-vanhemmille-naisille\/\" \/>\n<meta property=\"og:locale\" content=\"fi_FI\" \/>\n<meta property=\"og:type\" content=\"article\" \/>\n<meta property=\"og:title\" content=\"Treffisivusto vanhemmille naisille - Online Adult Dating\" \/>\n<meta property=\"og:description\" content=\"Vanhemmille naisille on olemassa muutamia treffisivustoja , jotka kannattaa tarkistaa. Jos etsit heittoa tai yhteytt\u00e4, n\u00e4m\u00e4 sivustot voivat auttaa sinua l\u00f6yt\u00e4m\u00e4\u00e4n etsim\u00e4si. Vanhemmat naiset ovat usein kokeneempia ja itsevarmempia kuin nuoremmat naiset, joten he voivat olla loistava vaihtoehto hauskalle illanvietolle. Muista vain lukea arvostelut ennen kuin rekister\u00f6idyt mihink\u00e4\u00e4n, jotta tied\u00e4t, mihin olet ryhtym\u00e4ss\u00e4. Aikuiset naiset...Read more\" \/>\n<meta property=\"og:url\" content=\"https:\/\/theyoungmessiah.com\/fi\/treffisivusto-vanhemmille-naisille\/\" \/>\n<meta property=\"og:site_name\" content=\"Online Adult Dating\" \/>\n<meta name=\"twitter:card\" content=\"summary_large_image\" \/>\n<meta name=\"twitter:label1\" content=\"Arvioitu lukuaika\" \/>\n\t<meta name=\"twitter:data1\" content=\"3 minuuttia\" \/>\n<script type=\"application\/ld+json\" class=\"yoast-schema-graph\">{\"@context\":\"https:\/\/schema.org\",\"@graph\":[{\"@type\":\"WebSite\",\"@id\":\"https:\/\/theyoungmessiah.com\/fi\/#website\",\"url\":\"https:\/\/theyoungmessiah.com\/fi\/\",\"name\":\"Online Adult Dating\",\"description\":\"Local Sex Hookups\",\"potentialAction\":[{\"@type\":\"SearchAction\",\"target\":{\"@type\":\"EntryPoint\",\"urlTemplate\":\"https:\/\/theyoungmessiah.com\/fi\/?s={search_term_string}\"},\"query-input\":\"required name=search_term_string\"}],\"inLanguage\":\"fi\"},{\"@type\":\"WebPage\",\"@id\":\"https:\/\/theyoungmessiah.com\/fi\/treffisivusto-vanhemmille-naisille\/#webpage\",\"url\":\"https:\/\/theyoungmessiah.com\/fi\/treffisivusto-vanhemmille-naisille\/\",\"name\":\"Treffisivusto vanhemmille naisille - Online Adult Dating\",\"isPartOf\":{\"@id\":\"https:\/\/theyoungmessiah.com\/fi\/#website\"},\"datePublished\":\"2022-10-12T12:50:05+00:00\",\"dateModified\":\"2022-10-12T12:50:05+00:00\",\"breadcrumb\":{\"@id\":\"https:\/\/theyoungmessiah.com\/fi\/treffisivusto-vanhemmille-naisille\/#breadcrumb\"},\"inLanguage\":\"fi\",\"potentialAction\":[{\"@type\":\"ReadAction\",\"target\":[\"https:\/\/theyoungmessiah.com\/fi\/treffisivusto-vanhemmille-naisille\/\"]}]},{\"@type\":\"BreadcrumbList\",\"@id\":\"https:\/\/theyoungmessiah.com\/fi\/treffisivusto-vanhemmille-naisille\/#breadcrumb\",\"itemListElement\":[{\"@type\":\"ListItem\",\"position\":1,\"name\":\"Home\",\"item\":\"http:\/\/theyoungmessiah.com\/fi\/\"},{\"@type\":\"ListItem\",\"position\":2,\"name\":\"Treffisivusto vanhemmille naisille\"}]}]}<\/script>\n<!-- \/ Yoast SEO plugin. -->","yoast_head_json":{"title":"Treffisivusto vanhemmille naisille - Online Adult Dating","robots":{"index":"index","follow":"follow","max-snippet":"max-snippet:-1","max-image-preview":"max-image-preview:large","max-video-preview":"max-video-preview:-1"},"canonical":"https:\/\/theyoungmessiah.com\/fi\/treffisivusto-vanhemmille-naisille\/","og_locale":"fi_FI","og_type":"article","og_title":"Treffisivusto vanhemmille naisille - Online Adult Dating","og_description":"Vanhemmille naisille on olemassa muutamia treffisivustoja , jotka kannattaa tarkistaa. Jos etsit heittoa tai yhteytt\u00e4, n\u00e4m\u00e4 sivustot voivat auttaa sinua l\u00f6yt\u00e4m\u00e4\u00e4n etsim\u00e4si. Vanhemmat naiset ovat usein kokeneempia ja itsevarmempia kuin nuoremmat naiset, joten he voivat olla loistava vaihtoehto hauskalle illanvietolle. Muista vain lukea arvostelut ennen kuin rekister\u00f6idyt mihink\u00e4\u00e4n, jotta tied\u00e4t, mihin olet ryhtym\u00e4ss\u00e4. Aikuiset naiset...Read more","og_url":"https:\/\/theyoungmessiah.com\/fi\/treffisivusto-vanhemmille-naisille\/","og_site_name":"Online Adult Dating","twitter_card":"summary_large_image","twitter_misc":{"Arvioitu lukuaika":"3 minuuttia"},"schema":{"@context":"https:\/\/schema.org","@graph":[{"@type":"WebSite","@id":"https:\/\/theyoungmessiah.com\/fi\/#website","url":"https:\/\/theyoungmessiah.com\/fi\/","name":"Online Adult Dating","description":"Local Sex Hookups","potentialAction":[{"@type":"SearchAction","target":{"@type":"EntryPoint","urlTemplate":"https:\/\/theyoungmessiah.com\/fi\/?s={search_term_string}"},"query-input":"required name=search_term_string"}],"inLanguage":"fi"},{"@type":"WebPage","@id":"https:\/\/theyoungmessiah.com\/fi\/treffisivusto-vanhemmille-naisille\/#webpage","url":"https:\/\/theyoungmessiah.com\/fi\/treffisivusto-vanhemmille-naisille\/","name":"Treffisivusto vanhemmille naisille - Online Adult Dating","isPartOf":{"@id":"https:\/\/theyoungmessiah.com\/fi\/#website"},"datePublished":"2022-10-12T12:50:05+00:00","dateModified":"2022-10-12T12:50:05+00:00","breadcrumb":{"@id":"https:\/\/theyoungmessiah.com\/fi\/treffisivusto-vanhemmille-naisille\/#breadcrumb"},"inLanguage":"fi","potentialAction":[{"@type":"ReadAction","target":["https:\/\/theyoungmessiah.com\/fi\/treffisivusto-vanhemmille-naisille\/"]}]},{"@type":"BreadcrumbList","@id":"https:\/\/theyoungmessiah.com\/fi\/treffisivusto-vanhemmille-naisille\/#breadcrumb","itemListElement":[{"@type":"ListItem","position":1,"name":"Home","item":"http:\/\/theyoungmessiah.com\/fi\/"},{"@type":"ListItem","position":2,"name":"Treffisivusto vanhemmille naisille"}]}]}},"_links":{"self":[{"href":"https:\/\/theyoungmessiah.com\/fi\/wp-json\/wp\/v2\/pages\/315"}],"collection":[{"href":"https:\/\/theyoungmessiah.com\/fi\/wp-json\/wp\/v2\/pages"}],"about":[{"href":"https:\/\/theyoungmessiah.com\/fi\/wp-json\/wp\/v2\/types\/page"}],"author":[{"embeddable":true,"href":"https:\/\/theyoungmessiah.com\/fi\/wp-json\/wp\/v2\/users\/1"}],"replies":[{"embeddable":true,"href":"https:\/\/theyoungmessiah.com\/fi\/wp-json\/wp\/v2\/comments?post=315"}],"version-history":[{"count":0,"href":"https:\/\/theyoungmessiah.com\/fi\/wp-json\/wp\/v2\/pages\/315\/revisions"}],"wp:attachment":[{"href":"https:\/\/theyoungmessiah.com\/fi\/wp-json\/wp\/v2\/media?parent=315"}],"curies":[{"name":"wp","href":"https:\/\/api.w.org\/{rel}","templated":true}]}}