{"id":337,"date":"2022-10-12T12:56:34","date_gmt":"2022-10-12T11:56:34","guid":{"rendered":"http:\/\/theyoungmessiah.com\/online-treffien-maailma\/"},"modified":"2022-10-12T12:56:34","modified_gmt":"2022-10-12T11:56:34","slug":"online-treffien-maailma","status":"publish","type":"page","link":"https:\/\/theyoungmessiah.com\/fi\/","title":{"rendered":"Online-treffien maailma"},"content":{"rendered":"<p>Online-treffien maailma on muuttunut dramaattisesti viimeisen vuosikymmenen aikana. Nyky\u00e4\u00e4n rakkauden l\u00f6yt\u00e4miseen on paljon vaihtoehtoja &#8211; perinteisist\u00e4 matchmaking-palveluista niche-sovelluksiin, jotka palvelevat tiettyj\u00e4 kiinnostuksen kohteita.<\/p>\n<p>Mutta mitk\u00e4 niist\u00e4 kannattaa tarkistaa? Olemme koonneet suosikki treffisivustomme luokkien, kuten kustannusten, ominaisuuksien, suosion ja helppok\u00e4ytt\u00f6isyyden, perusteella.<\/p>\n<h2>Kuinka sijoitamme sivustot<\/h2>\n<p>Testasimme jokaisen sivuston perusteellisesti ja luokittelimme ne j\u00e4senten m\u00e4\u00e4r\u00e4n, turvallisuuden, menestystarinoiden, ominaisuuksien, hinnan, mobiilisovellusten, sijainnin saatavuuden ja muun perusteella.<\/p>\n<p>Rento treffit voivat toimia siirtym\u00e4vaiheena kytkent\u00f6jen ja vakavamman suhteen v\u00e4lill\u00e4. Jotkut ihmiset tuntevat olonsa ep\u00e4mukavaksi romanttisena jonkun kanssa, jota he eiv\u00e4t tunne hyvin. Toiset pelk\u00e4\u00e4v\u00e4t loukkaantuvansa uudelleen. Toiset taas ovat huolissaan siit\u00e4, miten he k\u00e4sittelev\u00e4t l\u00e4heisyytt\u00e4. Rennosti seurustelu voi antaa sinulle harjoittelua tunteista puhumisesta, rajojen asettamisesta ja itsevarmuuden harjoittamisesta.<\/p>\n<h2>Rentojen treffien aloittaminen<\/h2>\n<p>Kaikki ihmiset eiv\u00e4t tunne olonsa mukavaksi seurustella vakavasti (ja monet ihmiset eiv\u00e4t ole kiinnostuneita siit\u00e4). Jos et halua seurustella kenenk\u00e4\u00e4n kanssa, se on hienoa. Mutta jos haluat kokeilla rentoa treffailua, t\u00e4ss\u00e4 on mit\u00e4 sinun on otettava huomioon.<\/p>\n<p>FWB: t ja kytkenn\u00e4t toimivat yleens\u00e4 yhden s\u00e4\u00e4nt\u00f6joukon mukaisesti. Rentoon treffailuun liittyy yleens\u00e4 jonkinlaisia ihmissuhdemaisia parametreja, olipa kyse sitten sitoutuneesta yst\u00e4vyydest\u00e4 ilman ehtoja tai jotain vakavampaa. Vaikka siell\u00e4 on paljon ihmisi\u00e4, jotka k\u00e4ytt\u00e4v\u00e4t termi\u00e4 &#8221;rento treffi&#8221; vaihtokelpoisesti &#8221;kytkemiseen&#8221;, sana ei v\u00e4ltt\u00e4m\u00e4tt\u00e4 tarkoita sit\u00e4.<\/p>\n<h3>Rento treffi vs. vakava treffit<\/h3>\n<p>Ero rennon treffin ja vakavan treffin v\u00e4lill\u00e4 &#8211; on olemassa muutamia selkeit\u00e4 eroja. Saimme selville, ett\u00e4 ihmiset m\u00e4\u00e4rittelev\u00e4t rennon seurustelun eri tavalla &#8211; jotkut ajattelevat, ett\u00e4 se tarkoittaa kyky\u00e4 menn\u00e4 treffeille ilman, ett\u00e4 sinun tarvitsee suunnitella etuk\u00e4teen, kun taas toiset sanovat, ett\u00e4 se tarkoittaa, ett\u00e4 et halua tehd\u00e4 siit\u00e4 suurta kauppaa. Ja on niit\u00e4, jotka uskovat, ett\u00e4 sinun ei pit\u00e4isi seurustella kenenk\u00e4\u00e4n kanssa, ellette molemmat ole valmiita sitoutumaan.<\/p>\n<ul>\n<li>Rento treffit: T\u00e4m\u00e4 on usein (mutta ei aina) ei-poissulkevaa. Ihmiset olettavat yleens\u00e4, ett\u00e4 on okei n\u00e4hd\u00e4 muita ihmisi\u00e4, ellet ole k\u00e4ynyt nimenomaista keskustelua yksinoikeudesta. Silti on aina fiksua keskustella yksinoikeudesta jossain vaiheessa vain varmistaaksesi, ett\u00e4 kaikki ovat samalla sivulla. Yleisesti ottaen rento treffi viittaa yhteyksiin, joihin liittyy jonkin verran emotionaalista kiintymyst\u00e4.<\/li>\n<li>Vakavat treffit: Ihmiset seurustelevat usein vakavasti toivoen l\u00f6yt\u00e4v\u00e4ns\u00e4 kumppanin naimisiin jonain p\u00e4iv\u00e4n\u00e4. Mutta mik\u00e4 tarkalleen ottaen on vakava suhde? Onko kyse emotionaalisesti kiinnittymisest\u00e4? Vai pit\u00e4\u00e4k\u00f6 sinun keskustella tulevaisuudestasi yhdess\u00e4? Jos etsit el\u00e4m\u00e4nkumppania, voit tiet\u00e4\u00e4, voisiko joku olla se.<\/li>\n<\/ul>\n<p><img loading=\"lazy\" class=\" wp-image-35 aligncenter\" src=\"http:\/\/theyoungmessiah.com\/wp-content\/uploads\/2022\/10\/meet-up-dating-1024x684.jpeg\" alt=\"\" width=\"612\" height=\"409\" srcset=\"https:\/\/theyoungmessiah.com\/wp-content\/uploads\/2022\/10\/meet-up-dating-1024x684.jpeg 1024w, https:\/\/theyoungmessiah.com\/wp-content\/uploads\/2022\/10\/meet-up-dating-300x200.jpeg 300w, https:\/\/theyoungmessiah.com\/wp-content\/uploads\/2022\/10\/meet-up-dating-768x513.jpeg 768w, https:\/\/theyoungmessiah.com\/wp-content\/uploads\/2022\/10\/meet-up-dating-1536x1025.jpeg 1536w, https:\/\/theyoungmessiah.com\/wp-content\/uploads\/2022\/10\/meet-up-dating-2048x1367.jpeg 2048w\" sizes=\"(max-width: 612px) 100vw, 612px\" \/><\/p>\n<h3>Mit\u00e4 tehd\u00e4 aluksi<\/h3>\n<p>Aluksi rento treffit n\u00e4ytt\u00e4v\u00e4t helpolta tavalta tavata ihmisi\u00e4 kiintym\u00e4tt\u00e4 liikaa. Loppujen lopuksi ei ole odotuksia, sitoumuksia tai vastuita. Mutta rento treffit eiv\u00e4t ole vain jonkun l\u00f6yt\u00e4mist\u00e4, jonka kanssa menn\u00e4 treffeille; kyse on luottamukseen ja keskin\u00e4iseen kunnioitukseen perustuvien suhteiden rakentamisesta. Rento treffi vaatii paljon viestint\u00e4\u00e4 ja emotionaalista kypsyytt\u00e4. Jos l\u00e4hestyt rentoa seurustelua v\u00e4\u00e4r\u00e4ll\u00e4 asenteella, saatat joutua pettym\u00e4\u00e4n my\u00f6hemmin tiell\u00e4.<\/p>\n<p>Sen lis\u00e4ksi, ett\u00e4 olet kunnioittava, harkitse seuraavia vinkkej\u00e4 ennen kuin hypp\u00e4\u00e4t rentoon treffailuun:<\/p>\n<ul>\n<li>Ole rehellinen. Kerro mahdollisille p\u00e4iv\u00e4m\u00e4\u00e4rille, mit\u00e4 todella haluat. \u00c4l\u00e4 tee lupauksia, joita et pid\u00e4.<\/li>\n<li>Tunne rajasi. Mit\u00e4 sinusta tuntuu mukavalta jakaa muiden kanssa? Oletko valmis paljastamaan henkil\u00f6kohtaisia tietojasi verkossa? Onko sinulla turvallista sanaa?<\/li>\n<li>Onko sinulla realistisia tavoitteita. Onko rento seurustelu jotain, jota odotat innolla tai pelk\u00e4\u00e4t? Mieti, kuinka sitoutunut haluaisit olla ja oletko valmis viem\u00e4\u00e4n asioita pidemm\u00e4lle.<\/li>\n<li>Aseta rajat. Varmista, ett\u00e4 tied\u00e4t miss\u00e4 seisot, ennen kuin aloitat suhteen.<\/li>\n<li>Ole avoin muutokselle. Et koskaan tied\u00e4, mit\u00e4 satunnaisen kohtaamisen aikana voi tapahtua.<\/li>\n<\/ul>\n<p>Online-treffailusta on tullut yh\u00e4 suositumpi tapa tavata potentiaalisia kumppaneita. Ei ole yll\u00e4tys, ett\u00e4 miljoonat sinkut ymp\u00e4ri maailmaa k\u00e4ytt\u00e4v\u00e4t n\u00e4it\u00e4 verkkosivustoja rakkauden l\u00f6yt\u00e4miseen.<\/p>\n<p>Useimmat ihmiset eiv\u00e4t kuitenkaan ymm\u00e4rr\u00e4, ett\u00e4 online-treffisivustot toimivat eri tavalla kuin perinteiset menetelm\u00e4t ihmisten tapaamiseksi.<\/p>\n<h3>Online-treffisivustot toimivat eri tavalla kuin perinteiset menetelm\u00e4t<\/h3>\n<p>Perinteisi\u00e4 treffimenetelmi\u00e4 ovat baarissa, klubeissa, ravintoloissa, juhlissa ja tapahtumissa k\u00e4yminen. N\u00e4m\u00e4 paikat ovat t\u00e4ynn\u00e4 ja usein t\u00e4ynn\u00e4 vieraita. T\u00e4m\u00e4 vaikeuttaa yhteyden muodostamista muihin. Toisaalta online-treffisivustojen avulla voit etsi\u00e4 osumia tiettyjen kriteerien perusteella. T\u00e4m\u00e4 tarkoittaa, ett\u00e4 voit rajata hakutuloksiasi, kunnes l\u00f6yd\u00e4t juuri sen, mit\u00e4 etsit. Voit esimerkiksi suodattaa hakutuloksiasi l\u00f6yt\u00e4\u00e4ksesi 18\u201335-vuotiaita miehi\u00e4 tai naisia. Tai voit m\u00e4\u00e4ritt\u00e4\u00e4, oletko kiinnostunut miehist\u00e4 vai naisista. Voit my\u00f6s asettaa asetuksia, kuten sijainnin, uskonnon, etnisen alkuper\u00e4n, koulutustason, ammatin, harrastukset, kiinnostuksen kohteet ja poliittiset n\u00e4kemykset.<\/p>\n<p>Kaikki n\u00e4m\u00e4 asiat auttavat sinua rajaamaan hakutuloksiasi ja l\u00f6yt\u00e4m\u00e4\u00e4n sinulle sopivan henkil\u00f6n.<\/p>\n<h3>Sinkut, jotka haluavat tavata uusia ihmisi\u00e4<\/h3>\n<p>Useimmat ihmiset, jotka k\u00e4ytt\u00e4v\u00e4t online-treffisivustoja, ovat sinkkuja. He saattavat etsi\u00e4 suhdetta tai yksinkertaisesti yritt\u00e4\u00e4 tavata uusia ihmisi\u00e4. Koska online-treffisivustojen avulla voit etsi\u00e4 osumia tiettyjen kriteerien perusteella, voit helposti l\u00f6yt\u00e4\u00e4 jonkun, jolla on samanlaiset arvot ja uskomukset. Kun tapaat jonkun, joka jakaa arvosi ja uskomuksesi, sinusta tuntuu mukavalta puhua h\u00e4nen kanssaan. T\u00e4m\u00e4 auttaa sinua kehitt\u00e4m\u00e4\u00e4n vahvempia suhteita nopeammin.<\/p>\n","protected":false},"excerpt":{"rendered":"<p>Online-treffien maailma on muuttunut dramaattisesti viimeisen vuosikymmenen aikana. Nyky\u00e4\u00e4n rakkauden l\u00f6yt\u00e4miseen on paljon vaihtoehtoja &#8211; perinteisist\u00e4 matchmaking-palveluista niche-sovelluksiin, jotka palvelevat tiettyj\u00e4 kiinnostuksen kohteita. Mutta mitk\u00e4 niist\u00e4 kannattaa tarkistaa? Olemme koonneet suosikki treffisivustomme luokkien, kuten kustannusten, ominaisuuksien, suosion ja helppok\u00e4ytt\u00f6isyyden, perusteella. Kuinka sijoitamme sivustot Testasimme jokaisen sivuston perusteellisesti ja luokittelimme ne j\u00e4senten m\u00e4\u00e4r\u00e4n, turvallisuuden, menestystarinoiden, ominaisuuksien,&#8230;<a class=\"read-more-link button\" href=\"https:\/\/theyoungmessiah.com\/fi\/\">Read more<\/a><\/p>\n","protected":false},"author":1,"featured_media":128,"parent":0,"menu_order":0,"comment_status":"closed","ping_status":"closed","template":"","meta":[],"yoast_head":"<!-- This site is optimized with the Yoast SEO plugin v17.7.1 - https:\/\/yoast.com\/wordpress\/plugins\/seo\/ -->\n<title>Online-treffien maailma - Online Adult Dating<\/title>\n<meta name=\"robots\" content=\"index, follow, max-snippet:-1, max-image-preview:large, max-video-preview:-1\" \/>\n<link rel=\"canonical\" href=\"https:\/\/theyoungmessiah.com\/fi\/\" \/>\n<meta property=\"og:locale\" content=\"fi_FI\" \/>\n<meta property=\"og:type\" content=\"article\" \/>\n<meta property=\"og:title\" content=\"Online-treffien maailma - Online Adult Dating\" \/>\n<meta property=\"og:description\" content=\"Online-treffien maailma on muuttunut dramaattisesti viimeisen vuosikymmenen aikana. Nyky\u00e4\u00e4n rakkauden l\u00f6yt\u00e4miseen on paljon vaihtoehtoja &#8211; perinteisist\u00e4 matchmaking-palveluista niche-sovelluksiin, jotka palvelevat tiettyj\u00e4 kiinnostuksen kohteita. Mutta mitk\u00e4 niist\u00e4 kannattaa tarkistaa? Olemme koonneet suosikki treffisivustomme luokkien, kuten kustannusten, ominaisuuksien, suosion ja helppok\u00e4ytt\u00f6isyyden, perusteella. Kuinka sijoitamme sivustot Testasimme jokaisen sivuston perusteellisesti ja luokittelimme ne j\u00e4senten m\u00e4\u00e4r\u00e4n, turvallisuuden, menestystarinoiden, ominaisuuksien,...Read more\" \/>\n<meta property=\"og:url\" content=\"https:\/\/theyoungmessiah.com\/fi\/\" \/>\n<meta property=\"og:site_name\" content=\"Online Adult Dating\" \/>\n<meta property=\"og:image\" content=\"http:\/\/theyoungmessiah.com\/wp-content\/uploads\/2022\/10\/hookup-finder.jpeg\" \/>\n\t<meta property=\"og:image:width\" content=\"1600\" \/>\n\t<meta property=\"og:image:height\" content=\"1067\" \/>\n<meta name=\"twitter:card\" content=\"summary_large_image\" \/>\n<meta name=\"twitter:label1\" content=\"Arvioitu lukuaika\" \/>\n\t<meta name=\"twitter:data1\" content=\"4 minuuttia\" \/>\n<script type=\"application\/ld+json\" class=\"yoast-schema-graph\">{\"@context\":\"https:\/\/schema.org\",\"@graph\":[{\"@type\":\"WebSite\",\"@id\":\"https:\/\/theyoungmessiah.com\/fi\/#website\",\"url\":\"https:\/\/theyoungmessiah.com\/fi\/\",\"name\":\"Online Adult Dating\",\"description\":\"Local Sex Hookups\",\"potentialAction\":[{\"@type\":\"SearchAction\",\"target\":{\"@type\":\"EntryPoint\",\"urlTemplate\":\"https:\/\/theyoungmessiah.com\/fi\/?s={search_term_string}\"},\"query-input\":\"required name=search_term_string\"}],\"inLanguage\":\"fi\"},{\"@type\":\"ImageObject\",\"@id\":\"https:\/\/theyoungmessiah.com\/fi\/#primaryimage\",\"inLanguage\":\"fi\",\"url\":\"https:\/\/theyoungmessiah.com\/wp-content\/uploads\/2022\/10\/hookup-finder.jpeg\",\"contentUrl\":\"https:\/\/theyoungmessiah.com\/wp-content\/uploads\/2022\/10\/hookup-finder.jpeg\",\"width\":1600,\"height\":1067},{\"@type\":\"WebPage\",\"@id\":\"https:\/\/theyoungmessiah.com\/fi\/#webpage\",\"url\":\"https:\/\/theyoungmessiah.com\/fi\/\",\"name\":\"Online-treffien maailma - Online Adult Dating\",\"isPartOf\":{\"@id\":\"https:\/\/theyoungmessiah.com\/fi\/#website\"},\"primaryImageOfPage\":{\"@id\":\"https:\/\/theyoungmessiah.com\/fi\/#primaryimage\"},\"datePublished\":\"2022-10-12T11:56:34+00:00\",\"dateModified\":\"2022-10-12T11:56:34+00:00\",\"breadcrumb\":{\"@id\":\"https:\/\/theyoungmessiah.com\/fi\/#breadcrumb\"},\"inLanguage\":\"fi\",\"potentialAction\":[{\"@type\":\"ReadAction\",\"target\":[\"https:\/\/theyoungmessiah.com\/fi\/\"]}]},{\"@type\":\"BreadcrumbList\",\"@id\":\"https:\/\/theyoungmessiah.com\/fi\/#breadcrumb\",\"itemListElement\":[{\"@type\":\"ListItem\",\"position\":1,\"name\":\"Home\",\"item\":\"http:\/\/theyoungmessiah.com\/fi\/\"},{\"@type\":\"ListItem\",\"position\":2,\"name\":\"Online-treffien maailma\"}]}]}<\/script>\n<!-- \/ Yoast SEO plugin. -->","yoast_head_json":{"title":"Online-treffien maailma - Online Adult Dating","robots":{"index":"index","follow":"follow","max-snippet":"max-snippet:-1","max-image-preview":"max-image-preview:large","max-video-preview":"max-video-preview:-1"},"canonical":"https:\/\/theyoungmessiah.com\/fi\/","og_locale":"fi_FI","og_type":"article","og_title":"Online-treffien maailma - Online Adult Dating","og_description":"Online-treffien maailma on muuttunut dramaattisesti viimeisen vuosikymmenen aikana. Nyky\u00e4\u00e4n rakkauden l\u00f6yt\u00e4miseen on paljon vaihtoehtoja &#8211; perinteisist\u00e4 matchmaking-palveluista niche-sovelluksiin, jotka palvelevat tiettyj\u00e4 kiinnostuksen kohteita. Mutta mitk\u00e4 niist\u00e4 kannattaa tarkistaa? Olemme koonneet suosikki treffisivustomme luokkien, kuten kustannusten, ominaisuuksien, suosion ja helppok\u00e4ytt\u00f6isyyden, perusteella. Kuinka sijoitamme sivustot Testasimme jokaisen sivuston perusteellisesti ja luokittelimme ne j\u00e4senten m\u00e4\u00e4r\u00e4n, turvallisuuden, menestystarinoiden, ominaisuuksien,...Read more","og_url":"https:\/\/theyoungmessiah.com\/fi\/","og_site_name":"Online Adult Dating","og_image":[{"width":1600,"height":1067,"url":"http:\/\/theyoungmessiah.com\/wp-content\/uploads\/2022\/10\/hookup-finder.jpeg","type":"image\/jpeg"}],"twitter_card":"summary_large_image","twitter_misc":{"Arvioitu lukuaika":"4 minuuttia"},"schema":{"@context":"https:\/\/schema.org","@graph":[{"@type":"WebSite","@id":"https:\/\/theyoungmessiah.com\/fi\/#website","url":"https:\/\/theyoungmessiah.com\/fi\/","name":"Online Adult Dating","description":"Local Sex Hookups","potentialAction":[{"@type":"SearchAction","target":{"@type":"EntryPoint","urlTemplate":"https:\/\/theyoungmessiah.com\/fi\/?s={search_term_string}"},"query-input":"required name=search_term_string"}],"inLanguage":"fi"},{"@type":"ImageObject","@id":"https:\/\/theyoungmessiah.com\/fi\/#primaryimage","inLanguage":"fi","url":"https:\/\/theyoungmessiah.com\/wp-content\/uploads\/2022\/10\/hookup-finder.jpeg","contentUrl":"https:\/\/theyoungmessiah.com\/wp-content\/uploads\/2022\/10\/hookup-finder.jpeg","width":1600,"height":1067},{"@type":"WebPage","@id":"https:\/\/theyoungmessiah.com\/fi\/#webpage","url":"https:\/\/theyoungmessiah.com\/fi\/","name":"Online-treffien maailma - Online Adult Dating","isPartOf":{"@id":"https:\/\/theyoungmessiah.com\/fi\/#website"},"primaryImageOfPage":{"@id":"https:\/\/theyoungmessiah.com\/fi\/#primaryimage"},"datePublished":"2022-10-12T11:56:34+00:00","dateModified":"2022-10-12T11:56:34+00:00","breadcrumb":{"@id":"https:\/\/theyoungmessiah.com\/fi\/#breadcrumb"},"inLanguage":"fi","potentialAction":[{"@type":"ReadAction","target":["https:\/\/theyoungmessiah.com\/fi\/"]}]},{"@type":"BreadcrumbList","@id":"https:\/\/theyoungmessiah.com\/fi\/#breadcrumb","itemListElement":[{"@type":"ListItem","position":1,"name":"Home","item":"http:\/\/theyoungmessiah.com\/fi\/"},{"@type":"ListItem","position":2,"name":"Online-treffien maailma"}]}]}},"_links":{"self":[{"href":"https:\/\/theyoungmessiah.com\/fi\/wp-json\/wp\/v2\/pages\/337"}],"collection":[{"href":"https:\/\/theyoungmessiah.com\/fi\/wp-json\/wp\/v2\/pages"}],"about":[{"href":"https:\/\/theyoungmessiah.com\/fi\/wp-json\/wp\/v2\/types\/page"}],"author":[{"embeddable":true,"href":"https:\/\/theyoungmessiah.com\/fi\/wp-json\/wp\/v2\/users\/1"}],"replies":[{"embeddable":true,"href":"https:\/\/theyoungmessiah.com\/fi\/wp-json\/wp\/v2\/comments?post=337"}],"version-history":[{"count":0,"href":"https:\/\/theyoungmessiah.com\/fi\/wp-json\/wp\/v2\/pages\/337\/revisions"}],"wp:featuredmedia":[{"embeddable":true,"href":"https:\/\/theyoungmessiah.com\/fi\/wp-json\/wp\/v2\/media\/128"}],"wp:attachment":[{"href":"https:\/\/theyoungmessiah.com\/fi\/wp-json\/wp\/v2\/media?parent=337"}],"curies":[{"name":"wp","href":"https:\/\/api.w.org\/{rel}","templated":true}]}}