{"id":148,"date":"2022-10-12T14:00:11","date_gmt":"2022-10-12T13:00:11","guid":{"rendered":"http:\/\/theyoungmessiah.com\/rencontrez-vous-pour-le-sexe\/"},"modified":"2022-10-12T14:00:11","modified_gmt":"2022-10-12T13:00:11","slug":"rencontrez-vous-pour-le-sexe","status":"publish","type":"page","link":"https:\/\/theyoungmessiah.com\/fr\/rencontrez-vous-pour-le-sexe\/","title":{"rendered":"Rencontrez-vous pour le sexe"},"content":{"rendered":"<p>Lorsque deux personnes se rencontrent pour des relations sexuelles, c\u2019est g\u00e9n\u00e9ralement parce qu\u2019elles sont attir\u00e9es l\u2019une par l\u2019autre et veulent avoir des rapports sexuels. Parfois, les gens se rencontrent pour le sexe parce qu\u2019ils recherchent une rencontre sexuelle occasionnelle sans aucun attachement \u00e9motionnel; cependant, ce n\u2019est pas toujours le cas. Les gens peuvent aussi se rencontrer pour le sexe parce qu\u2019ils sont dans une relation engag\u00e9e et veulent pimenter les choses, ou parce qu\u2019ils sont dans une relation ouverte et sont \u00e0 la recherche de nouveaux partenaires sexuels. Quelle que soit la raison, la rencontre pour le sexe peut \u00eatre une exp\u00e9rience amusante et excitante pour les deux parties impliqu\u00e9es.<\/p>\n<h2>Sites sexuels locaux<\/h2>\n<p>La plupart des sites de rencontres sont con\u00e7us pour aider les gens \u00e0 trouver des c\u00e9libataires locaux dans leur r\u00e9gion. Cependant, il existe \u00e9galement un certain nombre de sites sexuels qui s\u2019adressent aux personnes \u00e0 la recherche de connexions locales. Ces sites peuvent \u00eatre un excellent moyen de trouver des partenaires locaux pour des relations sexuelles occasionnelles, mais il est important d\u2019\u00eatre conscient des risques encourus.<\/p>\n<p>Il y a quelques choses \u00e0 garder \u00e0 l\u2019esprit lors de l\u2019utilisation de sites sexuels locaux. Tout d\u2019abord, il est important de vous assurer que vous ne rencontrez que des personnes majeures. Deuxi\u00e8mement, il est important d\u2019\u00eatre conscient du potentiel d\u2019escroqueries. Il y a un certain nombre de personnes qui cr\u00e9ent de faux profils sur ces sites afin de profiter des utilisateurs sans m\u00e9fiance. Enfin, il est important de faire preuve de bon sens lorsque vous rencontrez quelqu\u2019un d\u2019un site de sexe local. Assurez-vous que vous vous rencontrez dans un lieu public et que vous avez un moyen de vous contacter en cas de probl\u00e8me.<\/p>\n<h2>Sites de rencontres sexuelles gratuits<\/h2>\n<p>Il existe de nombreux sites de rencontres sexuelles gratuits en ligne qui s\u2019adressent aux personnes \u00e0 la recherche de relations sexuelles occasionnelles. Ces sites sont g\u00e9n\u00e9ralement faciles \u00e0 utiliser et vous permettent de rechercher des personnes dans votre r\u00e9gion qui recherchent la m\u00eame chose que vous. Vous pouvez g\u00e9n\u00e9ralement envoyer un message \u00e0 ces personnes et organiser une rencontre pour une connexion. Cependant, il est important de se rappeler que tout le monde sur ces sites ne recherche pas la m\u00eame chose, il est donc important d\u2019\u00eatre clair sur ce que vous recherchez avant de rencontrer quelqu\u2019un.<\/p>\n<h2>Sites de sexe gratuits<\/h2>\n<p>Il existe de nombreux sites de sexe gratuits, mais tous ne valent pas la peine d\u2019\u00eatre utilis\u00e9s. Ceux qui valent la peine d\u2019\u00eatre utilis\u00e9s auront beaucoup de membres et seront faciles \u00e0 utiliser. Vous devriez \u00e9galement \u00eatre en mesure de trouver des correspondances facilement sur ces sites.<\/p>\n<h3>BBWCupid<\/h3>\n<p>BBWCupid est une application de rencontres con\u00e7ue pour les femmes courbes et les hommes qui les aiment. Il est gratuit de t\u00e9l\u00e9charger et de cr\u00e9er un profil, et vous pouvez parcourir les profils des c\u00e9libataires locaux dans votre r\u00e9gion. Si vous voyez quelqu\u2019un que vous aimez, vous pouvez lui envoyer un message et voir s\u2019il est int\u00e9ress\u00e9 \u00e0 se rencontrer.<\/p>\n<p>L\u2019application est facile \u00e0 utiliser et poss\u00e8de de nombreuses fonctionnalit\u00e9s int\u00e9ressantes, telles que le chat vid\u00e9o et la messagerie instantan\u00e9e. C\u2019est un excellent moyen de rencontrer des femmes courbes pour des rencontres, de l\u2019amiti\u00e9 ou m\u00eame simplement des rencontres. Si vous recherchez une application de rencontres BBW, BBWCupid est une excellente option.<\/p>\n<h3>SimpleFlrts<\/h3>\n<p>SimpleFlirts est une application de rencontres populaire qui aide les gens \u00e0 se connecter les uns aux autres pour des relations sexuelles occasionnelles. L\u2019application a la r\u00e9putation d\u2019\u00eatre facile \u00e0 utiliser et de connecter rapidement les gens. L\u2019application est gratuite \u00e0 t\u00e9l\u00e9charger et \u00e0 utiliser, et elle offre un large \u00e9ventail de fonctionnalit\u00e9s \u00e0 ses utilisateurs. Cependant, certains utilisateurs se sont plaints du buggy de l\u2019application et de l\u2019absence d\u2019une fonction de recherche. Dans l\u2019ensemble, SimpleFlirts est une bonne option pour les personnes \u00e0 la recherche de partenaires sexuels occasionnels.<\/p>\n<h3>Rubmaps<\/h3>\n<p>Rubmaps est une application de rencontres populaire qui permet aux utilisateurs de trouver des partenaires potentiels pour des rencontres occasionnelles. L\u2019application a une interface simple et est facile \u00e0 utiliser. Il dispose \u00e9galement d\u2019une grande base de donn\u00e9es d\u2019utilisateurs, ce qui en fait un excellent choix pour ceux qui recherchent une rencontre occasionnelle. L\u2019application est gratuite \u00e0 t\u00e9l\u00e9charger et \u00e0 utiliser, et il n\u2019est pas n\u00e9cessaire de cr\u00e9er un compte. Cependant, il est important de noter que Rubmaps n\u2019est pas une application de connexion, et les utilisateurs doivent \u00eatre conscients qu\u2019ils peuvent rencontrer des partenaires potentiels pour le sexe.<\/p>\n<h3>Xpress<\/h3>\n<p>Si vous recherchez une application de rencontres pour vous aider \u00e0 rencontrer quelqu\u2019un pour une connexion rapide, Xpress est une excellente option. Avec une large base d\u2019utilisateurs et un processus d\u2019inscription rapide, il est facile de trouver quelqu\u2019un avec qui se connecter rapidement et facilement. L\u2019application a \u00e9galement la r\u00e9putation d\u2019\u00eatre s\u00fbre et s\u00e9curis\u00e9e, vous pouvez donc \u00eatre assur\u00e9 que vos informations sont prot\u00e9g\u00e9es. Cependant, comme il s\u2019agit d\u2019une application de connexion, il existe quelques faux profils et escrocs, alors soyez prudent lorsque vous glissez. Dans l\u2019ensemble, Xpress est une excellente option si vous recherchez un moyen rapide et facile de rencontrer quelqu\u2019un pour une connexion rapide.<\/p>\n","protected":false},"excerpt":{"rendered":"<p>Lorsque deux personnes se rencontrent pour des relations sexuelles, c\u2019est g\u00e9n\u00e9ralement parce qu\u2019elles sont attir\u00e9es l\u2019une par l\u2019autre et veulent avoir des rapports sexuels. Parfois, les gens se rencontrent pour le sexe parce qu\u2019ils recherchent une rencontre sexuelle occasionnelle sans aucun attachement \u00e9motionnel; cependant, ce n\u2019est pas toujours le cas. Les gens peuvent aussi se&#8230;<a class=\"read-more-link button\" href=\"https:\/\/theyoungmessiah.com\/fr\/rencontrez-vous-pour-le-sexe\/\">Read more<\/a><\/p>\n","protected":false},"author":1,"featured_media":0,"parent":0,"menu_order":0,"comment_status":"closed","ping_status":"closed","template":"","meta":[],"yoast_head":"<!-- This site is optimized with the Yoast SEO plugin v17.7.1 - https:\/\/yoast.com\/wordpress\/plugins\/seo\/ -->\n<title>Rencontrez-vous pour le sexe - Online Adult Dating<\/title>\n<meta name=\"robots\" content=\"index, follow, max-snippet:-1, max-image-preview:large, max-video-preview:-1\" \/>\n<link rel=\"canonical\" href=\"https:\/\/theyoungmessiah.com\/fr\/rencontrez-vous-pour-le-sexe\/\" \/>\n<meta property=\"og:locale\" content=\"fr_FR\" \/>\n<meta property=\"og:type\" content=\"article\" \/>\n<meta property=\"og:title\" content=\"Rencontrez-vous pour le sexe - Online Adult Dating\" \/>\n<meta property=\"og:description\" content=\"Lorsque deux personnes se rencontrent pour des relations sexuelles, c\u2019est g\u00e9n\u00e9ralement parce qu\u2019elles sont attir\u00e9es l\u2019une par l\u2019autre et veulent avoir des rapports sexuels. Parfois, les gens se rencontrent pour le sexe parce qu\u2019ils recherchent une rencontre sexuelle occasionnelle sans aucun attachement \u00e9motionnel; cependant, ce n\u2019est pas toujours le cas. Les gens peuvent aussi se...Read more\" \/>\n<meta property=\"og:url\" content=\"https:\/\/theyoungmessiah.com\/fr\/rencontrez-vous-pour-le-sexe\/\" \/>\n<meta property=\"og:site_name\" content=\"Online Adult Dating\" \/>\n<meta name=\"twitter:card\" content=\"summary_large_image\" \/>\n<meta name=\"twitter:label1\" content=\"Dur\u00e9e de lecture estim\u00e9e\" \/>\n\t<meta name=\"twitter:data1\" content=\"5 minutes\" \/>\n<script type=\"application\/ld+json\" class=\"yoast-schema-graph\">{\"@context\":\"https:\/\/schema.org\",\"@graph\":[{\"@type\":\"WebSite\",\"@id\":\"https:\/\/theyoungmessiah.com\/fr\/#website\",\"url\":\"https:\/\/theyoungmessiah.com\/fr\/\",\"name\":\"Online Adult Dating\",\"description\":\"Local Sex Hookups\",\"potentialAction\":[{\"@type\":\"SearchAction\",\"target\":{\"@type\":\"EntryPoint\",\"urlTemplate\":\"https:\/\/theyoungmessiah.com\/fr\/?s={search_term_string}\"},\"query-input\":\"required name=search_term_string\"}],\"inLanguage\":\"fr-FR\"},{\"@type\":\"WebPage\",\"@id\":\"https:\/\/theyoungmessiah.com\/fr\/rencontrez-vous-pour-le-sexe\/#webpage\",\"url\":\"https:\/\/theyoungmessiah.com\/fr\/rencontrez-vous-pour-le-sexe\/\",\"name\":\"Rencontrez-vous pour le sexe - Online Adult Dating\",\"isPartOf\":{\"@id\":\"https:\/\/theyoungmessiah.com\/fr\/#website\"},\"datePublished\":\"2022-10-12T13:00:11+00:00\",\"dateModified\":\"2022-10-12T13:00:11+00:00\",\"breadcrumb\":{\"@id\":\"https:\/\/theyoungmessiah.com\/fr\/rencontrez-vous-pour-le-sexe\/#breadcrumb\"},\"inLanguage\":\"fr-FR\",\"potentialAction\":[{\"@type\":\"ReadAction\",\"target\":[\"https:\/\/theyoungmessiah.com\/fr\/rencontrez-vous-pour-le-sexe\/\"]}]},{\"@type\":\"BreadcrumbList\",\"@id\":\"https:\/\/theyoungmessiah.com\/fr\/rencontrez-vous-pour-le-sexe\/#breadcrumb\",\"itemListElement\":[{\"@type\":\"ListItem\",\"position\":1,\"name\":\"Home\",\"item\":\"https:\/\/theyoungmessiah.com\/fr\/\"},{\"@type\":\"ListItem\",\"position\":2,\"name\":\"Rencontrez-vous pour le sexe\"}]}]}<\/script>\n<!-- \/ Yoast SEO plugin. -->","yoast_head_json":{"title":"Rencontrez-vous pour le sexe - Online Adult Dating","robots":{"index":"index","follow":"follow","max-snippet":"max-snippet:-1","max-image-preview":"max-image-preview:large","max-video-preview":"max-video-preview:-1"},"canonical":"https:\/\/theyoungmessiah.com\/fr\/rencontrez-vous-pour-le-sexe\/","og_locale":"fr_FR","og_type":"article","og_title":"Rencontrez-vous pour le sexe - Online Adult Dating","og_description":"Lorsque deux personnes se rencontrent pour des relations sexuelles, c\u2019est g\u00e9n\u00e9ralement parce qu\u2019elles sont attir\u00e9es l\u2019une par l\u2019autre et veulent avoir des rapports sexuels. Parfois, les gens se rencontrent pour le sexe parce qu\u2019ils recherchent une rencontre sexuelle occasionnelle sans aucun attachement \u00e9motionnel; cependant, ce n\u2019est pas toujours le cas. Les gens peuvent aussi se...Read more","og_url":"https:\/\/theyoungmessiah.com\/fr\/rencontrez-vous-pour-le-sexe\/","og_site_name":"Online Adult Dating","twitter_card":"summary_large_image","twitter_misc":{"Dur\u00e9e de lecture estim\u00e9e":"5 minutes"},"schema":{"@context":"https:\/\/schema.org","@graph":[{"@type":"WebSite","@id":"https:\/\/theyoungmessiah.com\/fr\/#website","url":"https:\/\/theyoungmessiah.com\/fr\/","name":"Online Adult Dating","description":"Local Sex Hookups","potentialAction":[{"@type":"SearchAction","target":{"@type":"EntryPoint","urlTemplate":"https:\/\/theyoungmessiah.com\/fr\/?s={search_term_string}"},"query-input":"required name=search_term_string"}],"inLanguage":"fr-FR"},{"@type":"WebPage","@id":"https:\/\/theyoungmessiah.com\/fr\/rencontrez-vous-pour-le-sexe\/#webpage","url":"https:\/\/theyoungmessiah.com\/fr\/rencontrez-vous-pour-le-sexe\/","name":"Rencontrez-vous pour le sexe - Online Adult Dating","isPartOf":{"@id":"https:\/\/theyoungmessiah.com\/fr\/#website"},"datePublished":"2022-10-12T13:00:11+00:00","dateModified":"2022-10-12T13:00:11+00:00","breadcrumb":{"@id":"https:\/\/theyoungmessiah.com\/fr\/rencontrez-vous-pour-le-sexe\/#breadcrumb"},"inLanguage":"fr-FR","potentialAction":[{"@type":"ReadAction","target":["https:\/\/theyoungmessiah.com\/fr\/rencontrez-vous-pour-le-sexe\/"]}]},{"@type":"BreadcrumbList","@id":"https:\/\/theyoungmessiah.com\/fr\/rencontrez-vous-pour-le-sexe\/#breadcrumb","itemListElement":[{"@type":"ListItem","position":1,"name":"Home","item":"https:\/\/theyoungmessiah.com\/fr\/"},{"@type":"ListItem","position":2,"name":"Rencontrez-vous pour le sexe"}]}]}},"_links":{"self":[{"href":"https:\/\/theyoungmessiah.com\/fr\/wp-json\/wp\/v2\/pages\/148"}],"collection":[{"href":"https:\/\/theyoungmessiah.com\/fr\/wp-json\/wp\/v2\/pages"}],"about":[{"href":"https:\/\/theyoungmessiah.com\/fr\/wp-json\/wp\/v2\/types\/page"}],"author":[{"embeddable":true,"href":"https:\/\/theyoungmessiah.com\/fr\/wp-json\/wp\/v2\/users\/1"}],"replies":[{"embeddable":true,"href":"https:\/\/theyoungmessiah.com\/fr\/wp-json\/wp\/v2\/comments?post=148"}],"version-history":[{"count":0,"href":"https:\/\/theyoungmessiah.com\/fr\/wp-json\/wp\/v2\/pages\/148\/revisions"}],"wp:attachment":[{"href":"https:\/\/theyoungmessiah.com\/fr\/wp-json\/wp\/v2\/media?parent=148"}],"curies":[{"name":"wp","href":"https:\/\/api.w.org\/{rel}","templated":true}]}}