{"id":158,"date":"2022-10-12T13:59:19","date_gmt":"2022-10-12T12:59:19","guid":{"rendered":"http:\/\/theyoungmessiah.com\/sites-de-rencontres-kink\/"},"modified":"2022-10-12T13:59:19","modified_gmt":"2022-10-12T12:59:19","slug":"sites-de-rencontres-kink","status":"publish","type":"page","link":"https:\/\/theyoungmessiah.com\/fr\/sites-de-rencontres-kink\/","title":{"rendered":"Sites de rencontres Kink"},"content":{"rendered":"<p>Il existe une vari\u00e9t\u00e9 de sites de rencontres kink disponibles pour les personnes qui sont int\u00e9ress\u00e9es \u00e0 explorer leurs f\u00e9tiches sexuels et leurs kinks. Ces sites offrent un environnement s\u00fbr et confortable pour que les gens puissent se connecter avec d\u2019autres personnes qui partagent des int\u00e9r\u00eats similaires. Les sites de rencontres Kink peuvent \u00eatre un excellent moyen de rencontrer de nouvelles personnes et d\u2019explorer votre sexualit\u00e9 de mani\u00e8re s\u00fbre et consensuelle.<\/p>\n<h2>Connexion BDSM locale<\/h2>\n<p>Si vous recherchez des connexions BDSM locales, il y a quelques choses que vous devez garder \u00e0 l\u2019esprit. Tout d\u2019abord, il est important de trouver un groupe ou une communaut\u00e9 avec lequel vous \u00eates \u00e0 l\u2019aise. Il existe de nombreux groupes BDSM diff\u00e9rents, il est donc important d\u2019en trouver un avec lequel vous vous int\u00e9grez. Une fois que vous avez trouv\u00e9 un groupe, l\u2019\u00e9tape suivante consiste \u00e0 trouver quelqu\u2019un avec qui vous \u00eates compatible. Cela peut \u00eatre fait en assistant \u00e0 des \u00e9v\u00e9nements ou en rencontrant des gens en ligne. Une fois que vous avez trouv\u00e9 quelqu\u2019un, il est important de communiquer et de vous assurer que vous \u00eates tous les deux sur la m\u00eame longueur d\u2019onde. Le BDSM peut \u00eatre tr\u00e8s amusant, mais il est important de s\u2019assurer que tout le monde est \u00e0 l\u2019aise et en s\u00e9curit\u00e9.<\/p>\n<p>Il existe de nombreux sites de rencontres de bondage qui s\u2019adressent \u00e0 ceux qui aiment le BDSM et le jeu sexuel plus kinkier. Vous pouvez rechercher des membres locaux qui sont dans les m\u00eames choses que vous et qui vivent \u00e0 proximit\u00e9. Cela facilite la rencontre pour s\u2019amuser. Beaucoup de ces sites ont des abonnements gratuits, vous pouvez donc les essayer avant de vous engager dans quoi que ce soit. Assurez-vous simplement de lire d\u2019abord les critiques pour voir ce que les autres ont pens\u00e9 de leur exp\u00e9rience.<\/p>\n<h2>Kinky Personals gratuit<\/h2>\n<p>Il y a beaucoup de sites personnels pervers en ligne, et ils sont tous gratuits \u00e0 utiliser. Vous pouvez trouver des c\u00e9libataires kinky dans votre r\u00e9gion qui sont dans toutes sortes de kinks et de f\u00e9tiches. Que vous soyez dans le BDSM, le f\u00e9tichisme des pieds ou toute autre chose, vous serez en mesure de trouver quelqu\u2019un qui partage vos int\u00e9r\u00eats sur un site personnel pervers.<\/p>\n<h3>AdultFriendFinder<\/h3>\n<p>AdultFriendFinder est l\u2019une des applications de rencontres les plus populaires pour les kinksters. Il a une grande base d\u2019utilisateurs et est tr\u00e8s populaire dans la communaut\u00e9 kink. L\u2019application est facile \u00e0 utiliser et poss\u00e8de de nombreuses fonctionnalit\u00e9s. Vous pouvez rechercher des utilisateurs par emplacement, \u00e2ge, sexe et centres d\u2019int\u00e9r\u00eat. L\u2019application dispose \u00e9galement d\u2019une fonction de messagerie afin que vous puissiez communiquer avec d\u2019autres utilisateurs. L\u2019application est gratuite, mais il existe une option d\u2019abonnement payant si vous souhaitez acc\u00e9der \u00e0 plus de fonctionnalit\u00e9s.<\/p>\n<h3>Rubmaps<\/h3>\n<p>Rubmaps est une nouvelle application de rencontres qui s\u2019adresse aussi bien aux kinksters qu\u2019aux fetsters. C\u2019est un concept simple : les utilisateurs cr\u00e9ent un profil, puis parcourent les correspondances potentielles, en envoyant des messages \u00e0 ceux qui les int\u00e9ressent. L\u2019application est gratuite \u00e0 t\u00e9l\u00e9charger et \u00e0 utiliser, et il n\u2019y a pas de publicit\u00e9. Cependant, il existe un abonnement premium disponible qui d\u00e9verrouille des fonctionnalit\u00e9s suppl\u00e9mentaires, telles que la messagerie illimit\u00e9e et la possibilit\u00e9 de voir qui a consult\u00e9 votre profil. Que vous recherchiez une connexion perverse ou une relation BDSM \u00e0 long terme, Rubmaps vaut le d\u00e9tour.<\/p>\n<h3>CharmDate<\/h3>\n<p>Si vous recherchez un site de rencontre kink \u00e0 la fois amusant et facile \u00e0 utiliser, vous voudrez consulter CharmDate. L\u2019application dispose d\u2019une interface propre et moderne qui facilite la recherche et le chat avec des correspondances potentielles. De plus, les nombreuses options de recherche et de filtrage du site facilitent la recherche de quelqu\u2019un qui r\u00e9pond \u00e0 vos besoins sp\u00e9cifiques en mati\u00e8re de kink et de relation.<\/p>\n<p>Cependant, un inconv\u00e9nient de CharmDate est que ce n\u2019est pas l\u2019option la plus abordable sur le march\u00e9. Mais, si vous \u00eates pr\u00eat \u00e0 payer pour un abonnement premium, vous aurez acc\u00e8s \u00e0 une foule de fonctionnalit\u00e9s qui font que le site vaut le prix, y compris la messagerie illimit\u00e9e, les options de recherche avanc\u00e9es et la possibilit\u00e9 de visualiser des photos et des vid\u00e9os.<\/p>\n<h3>BBWCupid<\/h3>\n<p>BBWCupid est une excellente application de rencontres pour les c\u00e9libataires de taille plus ou ceux qui s\u2019int\u00e9ressent \u00e0 des partenaires de taille plus. L\u2019application est facile \u00e0 utiliser et poss\u00e8de de nombreuses fonctionnalit\u00e9s int\u00e9ressantes, telles que des filtres de recherche et des messages. Le seul inconv\u00e9nient est qu\u2019il n\u2019a pas une tr\u00e8s grande base d\u2019utilisateurs, vous ne trouverez donc peut-\u00eatre pas autant de correspondances potentielles que sur une application plus populaire. Cependant, si vous recherchez sp\u00e9cifiquement un partenaire de taille plus, BBWCupid vaut vraiment la peine d\u2019\u00eatre essay\u00e9!<\/p>\n","protected":false},"excerpt":{"rendered":"<p>Il existe une vari\u00e9t\u00e9 de sites de rencontres kink disponibles pour les personnes qui sont int\u00e9ress\u00e9es \u00e0 explorer leurs f\u00e9tiches sexuels et leurs kinks. Ces sites offrent un environnement s\u00fbr et confortable pour que les gens puissent se connecter avec d\u2019autres personnes qui partagent des int\u00e9r\u00eats similaires. Les sites de rencontres Kink peuvent \u00eatre un&#8230;<a class=\"read-more-link button\" href=\"https:\/\/theyoungmessiah.com\/fr\/sites-de-rencontres-kink\/\">Read more<\/a><\/p>\n","protected":false},"author":1,"featured_media":0,"parent":0,"menu_order":0,"comment_status":"closed","ping_status":"closed","template":"","meta":[],"yoast_head":"<!-- This site is optimized with the Yoast SEO plugin v17.7.1 - https:\/\/yoast.com\/wordpress\/plugins\/seo\/ -->\n<title>Sites de rencontres Kink - Online Adult Dating<\/title>\n<meta name=\"robots\" content=\"index, follow, max-snippet:-1, max-image-preview:large, max-video-preview:-1\" \/>\n<link rel=\"canonical\" href=\"https:\/\/theyoungmessiah.com\/fr\/sites-de-rencontres-kink\/\" \/>\n<meta property=\"og:locale\" content=\"fr_FR\" \/>\n<meta property=\"og:type\" content=\"article\" \/>\n<meta property=\"og:title\" content=\"Sites de rencontres Kink - Online Adult Dating\" \/>\n<meta property=\"og:description\" content=\"Il existe une vari\u00e9t\u00e9 de sites de rencontres kink disponibles pour les personnes qui sont int\u00e9ress\u00e9es \u00e0 explorer leurs f\u00e9tiches sexuels et leurs kinks. Ces sites offrent un environnement s\u00fbr et confortable pour que les gens puissent se connecter avec d\u2019autres personnes qui partagent des int\u00e9r\u00eats similaires. Les sites de rencontres Kink peuvent \u00eatre un...Read more\" \/>\n<meta property=\"og:url\" content=\"https:\/\/theyoungmessiah.com\/fr\/sites-de-rencontres-kink\/\" \/>\n<meta property=\"og:site_name\" content=\"Online Adult Dating\" \/>\n<meta name=\"twitter:card\" content=\"summary_large_image\" \/>\n<meta name=\"twitter:label1\" content=\"Dur\u00e9e de lecture estim\u00e9e\" \/>\n\t<meta name=\"twitter:data1\" content=\"4 minutes\" \/>\n<script type=\"application\/ld+json\" class=\"yoast-schema-graph\">{\"@context\":\"https:\/\/schema.org\",\"@graph\":[{\"@type\":\"WebSite\",\"@id\":\"https:\/\/theyoungmessiah.com\/fr\/#website\",\"url\":\"https:\/\/theyoungmessiah.com\/fr\/\",\"name\":\"Online Adult Dating\",\"description\":\"Local Sex Hookups\",\"potentialAction\":[{\"@type\":\"SearchAction\",\"target\":{\"@type\":\"EntryPoint\",\"urlTemplate\":\"https:\/\/theyoungmessiah.com\/fr\/?s={search_term_string}\"},\"query-input\":\"required name=search_term_string\"}],\"inLanguage\":\"fr-FR\"},{\"@type\":\"WebPage\",\"@id\":\"https:\/\/theyoungmessiah.com\/fr\/sites-de-rencontres-kink\/#webpage\",\"url\":\"https:\/\/theyoungmessiah.com\/fr\/sites-de-rencontres-kink\/\",\"name\":\"Sites de rencontres Kink - Online Adult Dating\",\"isPartOf\":{\"@id\":\"https:\/\/theyoungmessiah.com\/fr\/#website\"},\"datePublished\":\"2022-10-12T12:59:19+00:00\",\"dateModified\":\"2022-10-12T12:59:19+00:00\",\"breadcrumb\":{\"@id\":\"https:\/\/theyoungmessiah.com\/fr\/sites-de-rencontres-kink\/#breadcrumb\"},\"inLanguage\":\"fr-FR\",\"potentialAction\":[{\"@type\":\"ReadAction\",\"target\":[\"https:\/\/theyoungmessiah.com\/fr\/sites-de-rencontres-kink\/\"]}]},{\"@type\":\"BreadcrumbList\",\"@id\":\"https:\/\/theyoungmessiah.com\/fr\/sites-de-rencontres-kink\/#breadcrumb\",\"itemListElement\":[{\"@type\":\"ListItem\",\"position\":1,\"name\":\"Home\",\"item\":\"https:\/\/theyoungmessiah.com\/fr\/\"},{\"@type\":\"ListItem\",\"position\":2,\"name\":\"Sites de rencontres Kink\"}]}]}<\/script>\n<!-- \/ Yoast SEO plugin. -->","yoast_head_json":{"title":"Sites de rencontres Kink - Online Adult Dating","robots":{"index":"index","follow":"follow","max-snippet":"max-snippet:-1","max-image-preview":"max-image-preview:large","max-video-preview":"max-video-preview:-1"},"canonical":"https:\/\/theyoungmessiah.com\/fr\/sites-de-rencontres-kink\/","og_locale":"fr_FR","og_type":"article","og_title":"Sites de rencontres Kink - Online Adult Dating","og_description":"Il existe une vari\u00e9t\u00e9 de sites de rencontres kink disponibles pour les personnes qui sont int\u00e9ress\u00e9es \u00e0 explorer leurs f\u00e9tiches sexuels et leurs kinks. Ces sites offrent un environnement s\u00fbr et confortable pour que les gens puissent se connecter avec d\u2019autres personnes qui partagent des int\u00e9r\u00eats similaires. Les sites de rencontres Kink peuvent \u00eatre un...Read more","og_url":"https:\/\/theyoungmessiah.com\/fr\/sites-de-rencontres-kink\/","og_site_name":"Online Adult Dating","twitter_card":"summary_large_image","twitter_misc":{"Dur\u00e9e de lecture estim\u00e9e":"4 minutes"},"schema":{"@context":"https:\/\/schema.org","@graph":[{"@type":"WebSite","@id":"https:\/\/theyoungmessiah.com\/fr\/#website","url":"https:\/\/theyoungmessiah.com\/fr\/","name":"Online Adult Dating","description":"Local Sex Hookups","potentialAction":[{"@type":"SearchAction","target":{"@type":"EntryPoint","urlTemplate":"https:\/\/theyoungmessiah.com\/fr\/?s={search_term_string}"},"query-input":"required name=search_term_string"}],"inLanguage":"fr-FR"},{"@type":"WebPage","@id":"https:\/\/theyoungmessiah.com\/fr\/sites-de-rencontres-kink\/#webpage","url":"https:\/\/theyoungmessiah.com\/fr\/sites-de-rencontres-kink\/","name":"Sites de rencontres Kink - Online Adult Dating","isPartOf":{"@id":"https:\/\/theyoungmessiah.com\/fr\/#website"},"datePublished":"2022-10-12T12:59:19+00:00","dateModified":"2022-10-12T12:59:19+00:00","breadcrumb":{"@id":"https:\/\/theyoungmessiah.com\/fr\/sites-de-rencontres-kink\/#breadcrumb"},"inLanguage":"fr-FR","potentialAction":[{"@type":"ReadAction","target":["https:\/\/theyoungmessiah.com\/fr\/sites-de-rencontres-kink\/"]}]},{"@type":"BreadcrumbList","@id":"https:\/\/theyoungmessiah.com\/fr\/sites-de-rencontres-kink\/#breadcrumb","itemListElement":[{"@type":"ListItem","position":1,"name":"Home","item":"https:\/\/theyoungmessiah.com\/fr\/"},{"@type":"ListItem","position":2,"name":"Sites de rencontres Kink"}]}]}},"_links":{"self":[{"href":"https:\/\/theyoungmessiah.com\/fr\/wp-json\/wp\/v2\/pages\/158"}],"collection":[{"href":"https:\/\/theyoungmessiah.com\/fr\/wp-json\/wp\/v2\/pages"}],"about":[{"href":"https:\/\/theyoungmessiah.com\/fr\/wp-json\/wp\/v2\/types\/page"}],"author":[{"embeddable":true,"href":"https:\/\/theyoungmessiah.com\/fr\/wp-json\/wp\/v2\/users\/1"}],"replies":[{"embeddable":true,"href":"https:\/\/theyoungmessiah.com\/fr\/wp-json\/wp\/v2\/comments?post=158"}],"version-history":[{"count":0,"href":"https:\/\/theyoungmessiah.com\/fr\/wp-json\/wp\/v2\/pages\/158\/revisions"}],"wp:attachment":[{"href":"https:\/\/theyoungmessiah.com\/fr\/wp-json\/wp\/v2\/media?parent=158"}],"curies":[{"name":"wp","href":"https:\/\/api.w.org\/{rel}","templated":true}]}}