{"id":166,"date":"2022-10-12T13:53:06","date_gmt":"2022-10-12T12:53:06","guid":{"rendered":"http:\/\/theyoungmessiah.com\/amis-avec-des-sites-web-davantages\/"},"modified":"2022-10-12T13:53:06","modified_gmt":"2022-10-12T12:53:06","slug":"amis-avec-des-sites-web-davantages","status":"publish","type":"page","link":"https:\/\/theyoungmessiah.com\/fr\/amis-avec-des-sites-web-davantages\/","title":{"rendered":"Amis avec des sites Web d\u2019avantages"},"content":{"rendered":"<p>Il existe diff\u00e9rents types d\u2019amis avec des sites Web d\u2019avantages. Le premier type est l\u2019endroit o\u00f9 vous pouvez trouver des personnes avec qui vous connecter sans aucune corde attach\u00e9e. Ce type de site Web est id\u00e9al pour les personnes qui veulent juste s\u2019amuser et ne pas s\u2019inqui\u00e9ter d\u2019entrer dans une relation. Le deuxi\u00e8me type de site Web d\u2019amis avec des avantages est l\u2019endroit o\u00f9 vous pouvez trouver des personnes \u00e0 fr\u00e9quenter et \u00e9ventuellement avoir une relation avec. Ce type de site Web est id\u00e9al pour les personnes qui recherchent plus qu\u2019une simple connexion.<\/p>\n<h2>Meilleur site pour Fwb<\/h2>\n<p>Il existe de nombreux sites Web pour <a href=\"http:\/\/theyoungmessiah.com\/fr\/branchements-debene\/\">trouver un ami avec des avantages<\/a>, mais mon pr\u00e9f\u00e9r\u00e9 est FWB Dates. Il est facile \u00e0 utiliser et poss\u00e8de de nombreuses fonctionnalit\u00e9s int\u00e9ressantes qui rendent la recherche d\u2019une correspondance rapide et facile. De plus, le site est gratuit, vous pouvez donc commencer \u00e0 trouver votre partenaire id\u00e9al tout de suite. Il y a beaucoup de gens qui cherchent un copain de baise. Vous pouvez les trouver en ligne sur un site de rencontres ou m\u00eame sur des sites de m\u00e9dias sociaux. Tout ce que vous avez \u00e0 faire est de les rechercher et vous les trouverez.<\/p>\n<p>Si vous cherchez un copain de baise, le meilleur endroit pour regarder est en ligne. Il existe de nombreux sites Web et applications qui peuvent vous aider \u00e0 trouver quelqu\u2019un qui est en panne pour une connexion. Tout ce que vous avez \u00e0 faire est de cr\u00e9er un profil et de commencer \u00e0 parcourir les correspondances potentielles. Lorsque vous trouvez quelqu\u2019un qui vous int\u00e9resse, envoyez-lui simplement un message et voyez o\u00f9 vont les choses.<\/p>\n<h3>OnlyFlings<\/h3>\n<p>Si vous \u00eates \u00e0 la recherche d\u2019amis avec une situation d\u2019avantages sociaux, vous devriez certainement consulter OnlyFlings. C\u2019est une excellente application de rencontres qui vous permet de trouver des correspondances potentielles dans votre r\u00e9gion. L\u2019application est facile \u00e0 utiliser et poss\u00e8de de nombreuses fonctionnalit\u00e9s int\u00e9ressantes, notamment un syst\u00e8me de messagerie qui vous permet de communiquer avec des correspondances potentielles. Le seul inconv\u00e9nient est que l\u2019application est un peu ch\u00e8re, mais cela en vaut vraiment la peine si vous recherchez un ami avec une situation d\u2019avantages.<\/p>\n<h3>BookOfSext<\/h3>\n<p>Si vous recherchez un ami avec une application de rencontres d\u2019avantages, BookOfSext est une excellente option. L\u2019application est gratuite \u00e0 t\u00e9l\u00e9charger et \u00e0 utiliser, et elle regorge de fonctionnalit\u00e9s qui facilitent la recherche et la connexion avec des correspondances potentielles. La fonction de recherche est particuli\u00e8rement utile et vous pouvez l\u2019utiliser pour trouver des correspondances dans votre r\u00e9gion ou n\u2019importe o\u00f9 dans le monde. L\u2019application dispose \u00e9galement d\u2019une fonction de messagerie, ce qui vous permet de rester en contact avec vos correspondances m\u00eame lorsque vous n\u2019utilisez pas l\u2019application. Dans l\u2019ensemble, BookOfSext est une excellente option pour tous ceux qui recherchent une application de rencontres d\u2019amis avec des avantages.<\/p>\n<h3>Beaucoup de poissons<\/h3>\n<p>Il y a beaucoup de raisons d\u2019essayer Plenty of Fish, surtout si vous cherchez des amis avec des avantages. L\u2019application de rencontres a un grand nombre d\u2019utilisateurs \u00e0 choisir, vous \u00eates donc oblig\u00e9 de trouver quelqu\u2019un qui est compatible avec vous. De plus, l\u2019application est gratuite, vous pouvez donc \u00e9conomiser votre argent pour d\u2019autres choses.<\/p>\n<p>L\u2019application est facile \u00e0 utiliser et \u00e0 naviguer, et ce n\u2019est pas trop compliqu\u00e9. Vous pouvez rechercher des correspondances potentielles par emplacement, \u00e2ge et autres crit\u00e8res, et vous pouvez leur envoyer un message directement. L\u2019application dispose \u00e9galement de quelques autres fonctionnalit\u00e9s, comme une fonction \u00ab&nbsp;Poke&nbsp;\u00bb, qui vous permet de flirter avec des correspondances potentielles.<\/p>\n<p>Dans l\u2019ensemble, Plenty of Fish est une excellente option pour tous ceux qui recherchent des amis avec des avantages. L\u2019application est gratuite et il est facile de trouver des correspondances potentielles. De plus, l\u2019application a quelques autres fonctionnalit\u00e9s qui valent la peine d\u2019\u00eatre v\u00e9rifi\u00e9es.<\/p>\n<h3>Xpress<\/h3>\n<p>Si vous recherchez un site Web d\u2019amis avec des avantages qui offre r\u00e9ellement, alors Xpress est l\u2019application qu\u2019il vous faut. J\u2019ai essay\u00e9 beaucoup de ces applications et la plupart d\u2019entre elles sont des ordures compl\u00e8tes. Soit ils sont pleins de faux profils, soit les filles sont si laides que vous pr\u00e9f\u00e9rez simplement vous branler. Mais Xpress est diff\u00e9rent. Les filles ici sont en fait assez chaudes, et elles sont aussi pr\u00eates \u00e0 se connecter.<\/p>\n<p>J\u2019ai rencontr\u00e9 quelques filles de Xpress, et \u00e7a a toujours \u00e9t\u00e9 une exp\u00e9rience formidable. Les filles sont faciles \u00e0 parler et elles sont en fait pr\u00eates \u00e0 s\u2019amuser. Si vous recherchez un site Web d\u2019amis avec des avantages qui fonctionne r\u00e9ellement, alors Xpress est l\u2019application qu\u2019il vous faut.<\/p>\n","protected":false},"excerpt":{"rendered":"<p>Il existe diff\u00e9rents types d\u2019amis avec des sites Web d\u2019avantages. Le premier type est l\u2019endroit o\u00f9 vous pouvez trouver des personnes avec qui vous connecter sans aucune corde attach\u00e9e. Ce type de site Web est id\u00e9al pour les personnes qui veulent juste s\u2019amuser et ne pas s\u2019inqui\u00e9ter d\u2019entrer dans une relation. Le deuxi\u00e8me type de&#8230;<a class=\"read-more-link button\" href=\"https:\/\/theyoungmessiah.com\/fr\/amis-avec-des-sites-web-davantages\/\">Read more<\/a><\/p>\n","protected":false},"author":1,"featured_media":0,"parent":0,"menu_order":0,"comment_status":"closed","ping_status":"closed","template":"","meta":[],"yoast_head":"<!-- This site is optimized with the Yoast SEO plugin v17.7.1 - https:\/\/yoast.com\/wordpress\/plugins\/seo\/ -->\n<title>Amis avec des sites Web d\u2019avantages - Online Adult Dating<\/title>\n<meta name=\"robots\" content=\"index, follow, max-snippet:-1, max-image-preview:large, max-video-preview:-1\" \/>\n<link rel=\"canonical\" href=\"https:\/\/theyoungmessiah.com\/fr\/amis-avec-des-sites-web-davantages\/\" \/>\n<meta property=\"og:locale\" content=\"fr_FR\" \/>\n<meta property=\"og:type\" content=\"article\" \/>\n<meta property=\"og:title\" content=\"Amis avec des sites Web d\u2019avantages - Online Adult Dating\" \/>\n<meta property=\"og:description\" content=\"Il existe diff\u00e9rents types d\u2019amis avec des sites Web d\u2019avantages. Le premier type est l\u2019endroit o\u00f9 vous pouvez trouver des personnes avec qui vous connecter sans aucune corde attach\u00e9e. Ce type de site Web est id\u00e9al pour les personnes qui veulent juste s\u2019amuser et ne pas s\u2019inqui\u00e9ter d\u2019entrer dans une relation. Le deuxi\u00e8me type de...Read more\" \/>\n<meta property=\"og:url\" content=\"https:\/\/theyoungmessiah.com\/fr\/amis-avec-des-sites-web-davantages\/\" \/>\n<meta property=\"og:site_name\" content=\"Online Adult Dating\" \/>\n<meta name=\"twitter:card\" content=\"summary_large_image\" \/>\n<meta name=\"twitter:label1\" content=\"Dur\u00e9e de lecture estim\u00e9e\" \/>\n\t<meta name=\"twitter:data1\" content=\"4 minutes\" \/>\n<script type=\"application\/ld+json\" class=\"yoast-schema-graph\">{\"@context\":\"https:\/\/schema.org\",\"@graph\":[{\"@type\":\"WebSite\",\"@id\":\"https:\/\/theyoungmessiah.com\/fr\/#website\",\"url\":\"https:\/\/theyoungmessiah.com\/fr\/\",\"name\":\"Online Adult Dating\",\"description\":\"Local Sex Hookups\",\"potentialAction\":[{\"@type\":\"SearchAction\",\"target\":{\"@type\":\"EntryPoint\",\"urlTemplate\":\"https:\/\/theyoungmessiah.com\/fr\/?s={search_term_string}\"},\"query-input\":\"required name=search_term_string\"}],\"inLanguage\":\"fr-FR\"},{\"@type\":\"WebPage\",\"@id\":\"https:\/\/theyoungmessiah.com\/fr\/amis-avec-des-sites-web-davantages\/#webpage\",\"url\":\"https:\/\/theyoungmessiah.com\/fr\/amis-avec-des-sites-web-davantages\/\",\"name\":\"Amis avec des sites Web d\\u2019avantages - Online Adult Dating\",\"isPartOf\":{\"@id\":\"https:\/\/theyoungmessiah.com\/fr\/#website\"},\"datePublished\":\"2022-10-12T12:53:06+00:00\",\"dateModified\":\"2022-10-12T12:53:06+00:00\",\"breadcrumb\":{\"@id\":\"https:\/\/theyoungmessiah.com\/fr\/amis-avec-des-sites-web-davantages\/#breadcrumb\"},\"inLanguage\":\"fr-FR\",\"potentialAction\":[{\"@type\":\"ReadAction\",\"target\":[\"https:\/\/theyoungmessiah.com\/fr\/amis-avec-des-sites-web-davantages\/\"]}]},{\"@type\":\"BreadcrumbList\",\"@id\":\"https:\/\/theyoungmessiah.com\/fr\/amis-avec-des-sites-web-davantages\/#breadcrumb\",\"itemListElement\":[{\"@type\":\"ListItem\",\"position\":1,\"name\":\"Home\",\"item\":\"https:\/\/theyoungmessiah.com\/fr\/\"},{\"@type\":\"ListItem\",\"position\":2,\"name\":\"Amis avec des sites Web d\\u2019avantages\"}]}]}<\/script>\n<!-- \/ Yoast SEO plugin. -->","yoast_head_json":{"title":"Amis avec des sites Web d\u2019avantages - Online Adult Dating","robots":{"index":"index","follow":"follow","max-snippet":"max-snippet:-1","max-image-preview":"max-image-preview:large","max-video-preview":"max-video-preview:-1"},"canonical":"https:\/\/theyoungmessiah.com\/fr\/amis-avec-des-sites-web-davantages\/","og_locale":"fr_FR","og_type":"article","og_title":"Amis avec des sites Web d\u2019avantages - Online Adult Dating","og_description":"Il existe diff\u00e9rents types d\u2019amis avec des sites Web d\u2019avantages. Le premier type est l\u2019endroit o\u00f9 vous pouvez trouver des personnes avec qui vous connecter sans aucune corde attach\u00e9e. Ce type de site Web est id\u00e9al pour les personnes qui veulent juste s\u2019amuser et ne pas s\u2019inqui\u00e9ter d\u2019entrer dans une relation. Le deuxi\u00e8me type de...Read more","og_url":"https:\/\/theyoungmessiah.com\/fr\/amis-avec-des-sites-web-davantages\/","og_site_name":"Online Adult Dating","twitter_card":"summary_large_image","twitter_misc":{"Dur\u00e9e de lecture estim\u00e9e":"4 minutes"},"schema":{"@context":"https:\/\/schema.org","@graph":[{"@type":"WebSite","@id":"https:\/\/theyoungmessiah.com\/fr\/#website","url":"https:\/\/theyoungmessiah.com\/fr\/","name":"Online Adult Dating","description":"Local Sex Hookups","potentialAction":[{"@type":"SearchAction","target":{"@type":"EntryPoint","urlTemplate":"https:\/\/theyoungmessiah.com\/fr\/?s={search_term_string}"},"query-input":"required name=search_term_string"}],"inLanguage":"fr-FR"},{"@type":"WebPage","@id":"https:\/\/theyoungmessiah.com\/fr\/amis-avec-des-sites-web-davantages\/#webpage","url":"https:\/\/theyoungmessiah.com\/fr\/amis-avec-des-sites-web-davantages\/","name":"Amis avec des sites Web d\u2019avantages - Online Adult Dating","isPartOf":{"@id":"https:\/\/theyoungmessiah.com\/fr\/#website"},"datePublished":"2022-10-12T12:53:06+00:00","dateModified":"2022-10-12T12:53:06+00:00","breadcrumb":{"@id":"https:\/\/theyoungmessiah.com\/fr\/amis-avec-des-sites-web-davantages\/#breadcrumb"},"inLanguage":"fr-FR","potentialAction":[{"@type":"ReadAction","target":["https:\/\/theyoungmessiah.com\/fr\/amis-avec-des-sites-web-davantages\/"]}]},{"@type":"BreadcrumbList","@id":"https:\/\/theyoungmessiah.com\/fr\/amis-avec-des-sites-web-davantages\/#breadcrumb","itemListElement":[{"@type":"ListItem","position":1,"name":"Home","item":"https:\/\/theyoungmessiah.com\/fr\/"},{"@type":"ListItem","position":2,"name":"Amis avec des sites Web d\u2019avantages"}]}]}},"_links":{"self":[{"href":"https:\/\/theyoungmessiah.com\/fr\/wp-json\/wp\/v2\/pages\/166"}],"collection":[{"href":"https:\/\/theyoungmessiah.com\/fr\/wp-json\/wp\/v2\/pages"}],"about":[{"href":"https:\/\/theyoungmessiah.com\/fr\/wp-json\/wp\/v2\/types\/page"}],"author":[{"embeddable":true,"href":"https:\/\/theyoungmessiah.com\/fr\/wp-json\/wp\/v2\/users\/1"}],"replies":[{"embeddable":true,"href":"https:\/\/theyoungmessiah.com\/fr\/wp-json\/wp\/v2\/comments?post=166"}],"version-history":[{"count":0,"href":"https:\/\/theyoungmessiah.com\/fr\/wp-json\/wp\/v2\/pages\/166\/revisions"}],"wp:attachment":[{"href":"https:\/\/theyoungmessiah.com\/fr\/wp-json\/wp\/v2\/media?parent=166"}],"curies":[{"name":"wp","href":"https:\/\/api.w.org\/{rel}","templated":true}]}}