{"id":167,"date":"2022-10-12T14:00:38","date_gmt":"2022-10-12T13:00:38","guid":{"rendered":"http:\/\/theyoungmessiah.com\/connexion-bisexuelle\/"},"modified":"2022-10-12T14:00:38","modified_gmt":"2022-10-12T13:00:38","slug":"connexion-bisexuelle","status":"publish","type":"page","link":"https:\/\/theyoungmessiah.com\/fr\/connexion-bisexuelle\/","title":{"rendered":"Connexion bisexuelle"},"content":{"rendered":"<p>Il existe diff\u00e9rents sites de rencontres bisexuelles que vous pouvez utiliser pour vous connecter avec quelqu\u2019un. Ces sites sont con\u00e7us sp\u00e9cifiquement pour les personnes qui sont int\u00e9ress\u00e9es \u00e0 sortir ou \u00e0 se connecter avec quelqu\u2019un qui est bisexuel. Ils peuvent \u00eatre un excellent moyen de rencontrer de nouvelles personnes et d\u2019explorer votre sexualit\u00e9. Cependant, il est important d\u2019\u00eatre prudent lors de l\u2019utilisation de ces sites, car certaines personnes peuvent ne pas \u00eatre authentiques. Assurez-vous toujours de discuter avec les gens en ligne avant de les rencontrer en personne.<\/p>\n<h2>Sites Web bisexuels<\/h2>\n<p>Il existe de nombreux sites Web bisexuels qui s\u2019adressent \u00e0 ceux qui sont int\u00e9ress\u00e9s \u00e0 sortir avec des hommes et des femmes. Ces sites ont g\u00e9n\u00e9ralement un grand nombre de membres \u00e0 choisir et offrent une vari\u00e9t\u00e9 de fonctionnalit\u00e9s qui les rendent faciles \u00e0 utiliser et efficaces pour aider les gens \u00e0 trouver des correspondances compatibles. Certains des sites de rencontres bisexuelles les plus populaires incluent Bicupid, BiPeopleMeet et BiCurious. Ces sites existent depuis un certain temps et ont acquis la r\u00e9putation d\u2019\u00eatre fiables et de r\u00e9ussir \u00e0 aider les gens \u00e0 trouver ce qu\u2019ils recherchent.<\/p>\n<h2>Rencontres Bi occasionnelles<\/h2>\n<p>Il y a beaucoup de raisons d\u2019essayer les rencontres bi occasionnelles. Peut-\u00eatre \u00eates-vous curieux d\u2019explorer votre sexualit\u00e9, ou vous \u00eates int\u00e9ress\u00e9 \u00e0 essayer quelque chose de nouveau avec votre partenaire. Quelle que soit la raison, les rencontres bi occasionnelles peuvent \u00eatre un excellent moyen de rencontrer de nouvelles personnes et de s\u2019amuser.<\/p>\n<p>Il y a quelques choses \u00e0 garder \u00e0 l\u2019esprit si vous envisagez des rencontres bi occasionnelles. Tout d\u2019abord, il est important d\u2019\u00eatre honn\u00eate avec vous-m\u00eame et votre partenaire sur ce que vous recherchez. Soyez clair sur vos limites et vos attentes, et assurez-vous que tout le monde est sur la m\u00eame longueur d\u2019onde. C\u2019est aussi une bonne id\u00e9e de faire des recherches \u00e0 l\u2019avance pour savoir \u00e0 quoi vous attendre.<\/p>\n<p>Si vous \u00eates ouvert et honn\u00eate sur ce que vous recherchez, les rencontres bi d\u00e9contract\u00e9es peuvent \u00eatre un excellent moyen d\u2019explorer votre sexualit\u00e9 et de vous amuser. Assurez-vous simplement de communiquer avec votre partenaire et de fixer des limites pour que tout le monde soit \u00e0 l\u2019aise et en s\u00e9curit\u00e9.<\/p>\n<p>Il est ind\u00e9niable que les <a href=\"http:\/\/theyoungmessiah.com\/fr\/rencontrez-vous-pour-le-sexe\/\">rencontres en ligne ont rendu les rencontres plus faciles que jamais<\/a>. Mais pour les c\u00e9libataires bisexuels, il peut \u00eatre un peu plus difficile de trouver un bon match.<\/p>\n<p>Bien qu\u2019il existe de nombreux sites de rencontres et applications qui s\u2019adressent aux c\u00e9libataires h\u00e9t\u00e9rosexuels, il n\u2019y a pas autant d\u2019options pour ceux qui s\u2019identifient comme bisexuels. Et \u00e0 cause de cela, les rencontres bisexuelles peuvent \u00eatre un peu plus difficiles \u00e0 trouver.<\/p>\n<p>Mais cela ne signifie pas qu\u2019ils sont impossibles \u00e0 trouver. Il existe quelques sites et applications de rencontres sp\u00e9cifiques aux bisexuels, et m\u00eame des sites et des applications de rencontres g\u00e9n\u00e9raux qui incluent toutes les orientations sexuelles.<\/p>\n<p>Donc, si vous cherchez une connexion bisexuelle, ne d\u00e9sesp\u00e9rez pas. Il y a beaucoup de gens qui sont comme vous.<\/p>\n<h3>Lovoo<\/h3>\n<p>Lovoo est une application de rencontres qui gagne en popularit\u00e9, en particulier parmi les c\u00e9libataires bisexuels. L\u2019application est facile \u00e0 utiliser et dispose d\u2019une interface conviviale. Il a \u00e9galement beaucoup de fonctionnalit\u00e9s qui en font une excellente option pour les rencontres bisexuelles. Par exemple, Lovoo dispose d\u2019une fonctionnalit\u00e9 qui permet aux utilisateurs de voir qui est en ligne en m\u00eame temps qu\u2019eux. C\u2019est id\u00e9al pour trouver des correspondances potentielles qui sont en ligne et pr\u00eates \u00e0 discuter. L\u2019application dispose \u00e9galement d\u2019une fonction de \u00ab&nbsp;matchmaker&nbsp;\u00bb qui aide les utilisateurs \u00e0 trouver des correspondances potentielles en fonction de leurs int\u00e9r\u00eats. Dans l\u2019ensemble, Lovoo est une excellente option pour les c\u00e9libataires bisexuels qui recherchent une application de rencontres facile \u00e0 utiliser et dot\u00e9e de nombreuses fonctionnalit\u00e9s.<\/p>\n<h3>BoneAMilf<\/h3>\n<p>BoneAMilf est une nouvelle application de rencontres qui bouleverse la sc\u00e8ne des rencontres en ligne pour les bisexuels. Cette application est con\u00e7ue sp\u00e9cifiquement pour ceux qui sont attir\u00e9s par les femmes matures et qui veulent trouver un rendez-vous ou une connexion avec une. L\u2019application est facile \u00e0 utiliser et dispose d\u2019une interface propre et moderne. Il dispose \u00e9galement d\u2019une grande base de donn\u00e9es d\u2019utilisateurs, vous \u00eates donc s\u00fbr de trouver quelqu\u2019un qui r\u00e9pond \u00e0 vos crit\u00e8res.<\/p>\n<h3>FriendFinder-X<\/h3>\n<p>FriendFinder-X est une excellente option pour les c\u00e9libataires bisexuels ou les couples \u00e0 la recherche de plaisir sexy en ligne. Le site compte des millions de membres dans le monde entier, il y en a donc pour tous les go\u00fbts. Le processus d\u2019inscription est rapide et facile, et vous pouvez commencer \u00e0 discuter, flirter et vous connecter imm\u00e9diatement.<\/p>\n<p>Le site a beaucoup de fonctionnalit\u00e9s int\u00e9ressantes, y compris le chat en direct, le chat vid\u00e9o et un monde virtuel o\u00f9 vous pouvez explorer vos fantasmes. Vous pouvez \u00e9galement trouver des membres locaux avec qui vous connecter en personne. FriendFinder-X est une excellente option pour tous ceux qui recherchent du plaisir bisexuel.<\/p>\n<h3>Ensemble2Night<\/h3>\n<p>Si vous recherchez une application de rencontres qui s\u2019adresse aux c\u00e9libataires bisexuels, vous voudrez consulter Together2Night. Cette application est l\u2019un des sites de rencontres bisexuelles les plus populaires, et il est facile de comprendre pourquoi. Le site a une interface propre et facile \u00e0 utiliser, et il regorge de fonctionnalit\u00e9s qui facilitent la connexion avec d\u2019autres c\u00e9libataires bisexuels. Mieux encore, l\u2019adh\u00e9sion est gratuite, vous pouvez donc commencer \u00e0 rencontrer de nouvelles personnes imm\u00e9diatement.<\/p>\n","protected":false},"excerpt":{"rendered":"<p>Il existe diff\u00e9rents sites de rencontres bisexuelles que vous pouvez utiliser pour vous connecter avec quelqu\u2019un. Ces sites sont con\u00e7us sp\u00e9cifiquement pour les personnes qui sont int\u00e9ress\u00e9es \u00e0 sortir ou \u00e0 se connecter avec quelqu\u2019un qui est bisexuel. Ils peuvent \u00eatre un excellent moyen de rencontrer de nouvelles personnes et d\u2019explorer votre sexualit\u00e9. Cependant, il&#8230;<a class=\"read-more-link button\" href=\"https:\/\/theyoungmessiah.com\/fr\/connexion-bisexuelle\/\">Read more<\/a><\/p>\n","protected":false},"author":1,"featured_media":0,"parent":0,"menu_order":0,"comment_status":"closed","ping_status":"closed","template":"","meta":[],"yoast_head":"<!-- This site is optimized with the Yoast SEO plugin v17.7.1 - https:\/\/yoast.com\/wordpress\/plugins\/seo\/ -->\n<title>Connexion bisexuelle - Online Adult Dating<\/title>\n<meta name=\"robots\" content=\"index, follow, max-snippet:-1, max-image-preview:large, max-video-preview:-1\" \/>\n<link rel=\"canonical\" href=\"https:\/\/theyoungmessiah.com\/fr\/connexion-bisexuelle\/\" \/>\n<meta property=\"og:locale\" content=\"fr_FR\" \/>\n<meta property=\"og:type\" content=\"article\" \/>\n<meta property=\"og:title\" content=\"Connexion bisexuelle - Online Adult Dating\" \/>\n<meta property=\"og:description\" content=\"Il existe diff\u00e9rents sites de rencontres bisexuelles que vous pouvez utiliser pour vous connecter avec quelqu\u2019un. Ces sites sont con\u00e7us sp\u00e9cifiquement pour les personnes qui sont int\u00e9ress\u00e9es \u00e0 sortir ou \u00e0 se connecter avec quelqu\u2019un qui est bisexuel. Ils peuvent \u00eatre un excellent moyen de rencontrer de nouvelles personnes et d\u2019explorer votre sexualit\u00e9. Cependant, il...Read more\" \/>\n<meta property=\"og:url\" content=\"https:\/\/theyoungmessiah.com\/fr\/connexion-bisexuelle\/\" \/>\n<meta property=\"og:site_name\" content=\"Online Adult Dating\" \/>\n<meta name=\"twitter:card\" content=\"summary_large_image\" \/>\n<meta name=\"twitter:label1\" content=\"Dur\u00e9e de lecture estim\u00e9e\" \/>\n\t<meta name=\"twitter:data1\" content=\"5 minutes\" \/>\n<script type=\"application\/ld+json\" class=\"yoast-schema-graph\">{\"@context\":\"https:\/\/schema.org\",\"@graph\":[{\"@type\":\"WebSite\",\"@id\":\"https:\/\/theyoungmessiah.com\/fr\/#website\",\"url\":\"https:\/\/theyoungmessiah.com\/fr\/\",\"name\":\"Online Adult Dating\",\"description\":\"Local Sex Hookups\",\"potentialAction\":[{\"@type\":\"SearchAction\",\"target\":{\"@type\":\"EntryPoint\",\"urlTemplate\":\"https:\/\/theyoungmessiah.com\/fr\/?s={search_term_string}\"},\"query-input\":\"required name=search_term_string\"}],\"inLanguage\":\"fr-FR\"},{\"@type\":\"WebPage\",\"@id\":\"https:\/\/theyoungmessiah.com\/fr\/connexion-bisexuelle\/#webpage\",\"url\":\"https:\/\/theyoungmessiah.com\/fr\/connexion-bisexuelle\/\",\"name\":\"Connexion bisexuelle - Online Adult Dating\",\"isPartOf\":{\"@id\":\"https:\/\/theyoungmessiah.com\/fr\/#website\"},\"datePublished\":\"2022-10-12T13:00:38+00:00\",\"dateModified\":\"2022-10-12T13:00:38+00:00\",\"breadcrumb\":{\"@id\":\"https:\/\/theyoungmessiah.com\/fr\/connexion-bisexuelle\/#breadcrumb\"},\"inLanguage\":\"fr-FR\",\"potentialAction\":[{\"@type\":\"ReadAction\",\"target\":[\"https:\/\/theyoungmessiah.com\/fr\/connexion-bisexuelle\/\"]}]},{\"@type\":\"BreadcrumbList\",\"@id\":\"https:\/\/theyoungmessiah.com\/fr\/connexion-bisexuelle\/#breadcrumb\",\"itemListElement\":[{\"@type\":\"ListItem\",\"position\":1,\"name\":\"Home\",\"item\":\"https:\/\/theyoungmessiah.com\/fr\/\"},{\"@type\":\"ListItem\",\"position\":2,\"name\":\"Connexion bisexuelle\"}]}]}<\/script>\n<!-- \/ Yoast SEO plugin. -->","yoast_head_json":{"title":"Connexion bisexuelle - Online Adult Dating","robots":{"index":"index","follow":"follow","max-snippet":"max-snippet:-1","max-image-preview":"max-image-preview:large","max-video-preview":"max-video-preview:-1"},"canonical":"https:\/\/theyoungmessiah.com\/fr\/connexion-bisexuelle\/","og_locale":"fr_FR","og_type":"article","og_title":"Connexion bisexuelle - Online Adult Dating","og_description":"Il existe diff\u00e9rents sites de rencontres bisexuelles que vous pouvez utiliser pour vous connecter avec quelqu\u2019un. Ces sites sont con\u00e7us sp\u00e9cifiquement pour les personnes qui sont int\u00e9ress\u00e9es \u00e0 sortir ou \u00e0 se connecter avec quelqu\u2019un qui est bisexuel. Ils peuvent \u00eatre un excellent moyen de rencontrer de nouvelles personnes et d\u2019explorer votre sexualit\u00e9. Cependant, il...Read more","og_url":"https:\/\/theyoungmessiah.com\/fr\/connexion-bisexuelle\/","og_site_name":"Online Adult Dating","twitter_card":"summary_large_image","twitter_misc":{"Dur\u00e9e de lecture estim\u00e9e":"5 minutes"},"schema":{"@context":"https:\/\/schema.org","@graph":[{"@type":"WebSite","@id":"https:\/\/theyoungmessiah.com\/fr\/#website","url":"https:\/\/theyoungmessiah.com\/fr\/","name":"Online Adult Dating","description":"Local Sex Hookups","potentialAction":[{"@type":"SearchAction","target":{"@type":"EntryPoint","urlTemplate":"https:\/\/theyoungmessiah.com\/fr\/?s={search_term_string}"},"query-input":"required name=search_term_string"}],"inLanguage":"fr-FR"},{"@type":"WebPage","@id":"https:\/\/theyoungmessiah.com\/fr\/connexion-bisexuelle\/#webpage","url":"https:\/\/theyoungmessiah.com\/fr\/connexion-bisexuelle\/","name":"Connexion bisexuelle - Online Adult Dating","isPartOf":{"@id":"https:\/\/theyoungmessiah.com\/fr\/#website"},"datePublished":"2022-10-12T13:00:38+00:00","dateModified":"2022-10-12T13:00:38+00:00","breadcrumb":{"@id":"https:\/\/theyoungmessiah.com\/fr\/connexion-bisexuelle\/#breadcrumb"},"inLanguage":"fr-FR","potentialAction":[{"@type":"ReadAction","target":["https:\/\/theyoungmessiah.com\/fr\/connexion-bisexuelle\/"]}]},{"@type":"BreadcrumbList","@id":"https:\/\/theyoungmessiah.com\/fr\/connexion-bisexuelle\/#breadcrumb","itemListElement":[{"@type":"ListItem","position":1,"name":"Home","item":"https:\/\/theyoungmessiah.com\/fr\/"},{"@type":"ListItem","position":2,"name":"Connexion bisexuelle"}]}]}},"_links":{"self":[{"href":"https:\/\/theyoungmessiah.com\/fr\/wp-json\/wp\/v2\/pages\/167"}],"collection":[{"href":"https:\/\/theyoungmessiah.com\/fr\/wp-json\/wp\/v2\/pages"}],"about":[{"href":"https:\/\/theyoungmessiah.com\/fr\/wp-json\/wp\/v2\/types\/page"}],"author":[{"embeddable":true,"href":"https:\/\/theyoungmessiah.com\/fr\/wp-json\/wp\/v2\/users\/1"}],"replies":[{"embeddable":true,"href":"https:\/\/theyoungmessiah.com\/fr\/wp-json\/wp\/v2\/comments?post=167"}],"version-history":[{"count":0,"href":"https:\/\/theyoungmessiah.com\/fr\/wp-json\/wp\/v2\/pages\/167\/revisions"}],"wp:attachment":[{"href":"https:\/\/theyoungmessiah.com\/fr\/wp-json\/wp\/v2\/media?parent=167"}],"curies":[{"name":"wp","href":"https:\/\/api.w.org\/{rel}","templated":true}]}}