{"id":197,"date":"2022-10-12T13:59:28","date_gmt":"2022-10-12T12:59:28","guid":{"rendered":"http:\/\/theyoungmessiah.com\/sites-de-momies-de-sucre\/"},"modified":"2022-10-12T13:59:28","modified_gmt":"2022-10-12T12:59:28","slug":"sites-de-momies-de-sucre","status":"publish","type":"page","link":"https:\/\/theyoungmessiah.com\/fr\/sites-de-momies-de-sucre\/","title":{"rendered":"Sites de momies de sucre"},"content":{"rendered":"<p>Il existe diff\u00e9rents sites de momies de sucre disponibles sur Internet. Ces sites Web fournissent une plate-forme permettant aux femmes \u00e2g\u00e9es de se connecter avec des hommes plus jeunes \u00e0 des fins de relations sexuelles. Les sites de momies de sucre facturent g\u00e9n\u00e9ralement des frais d\u2019adh\u00e9sion, et les femmes plus \u00e2g\u00e9es offrent des incitations financi\u00e8res aux hommes plus jeunes en \u00e9change de faveurs sexuelles. L\u2019arrangement est mutuellement b\u00e9n\u00e9fique, car les femmes plus \u00e2g\u00e9es peuvent profiter de la compagnie d\u2019hommes plus jeunes et attrayants, et les hommes plus jeunes peuvent avoir des relations sexuelles avec des femmes plus \u00e2g\u00e9es et plus exp\u00e9riment\u00e9es.<\/p>\n<h2>Maman de sucre locale<\/h2>\n<p>Il y a beaucoup de mamans de sucre dans la sc\u00e8ne des rencontres, et elles viennent dans toutes les formes et tailles. Certaines sont des femmes plus \u00e2g\u00e9es qui recherchent un jeune et bel homme \u00e0 g\u00e2ter et \u00e0 dorloter, tandis que d\u2019autres recherchent simplement quelqu\u2019un qui peut les faire se sentir jeunes et vivantes \u00e0 nouveau. Peu importe votre type, il y a s\u00fbrement une maman de sucre qui est parfaite pour vous. La meilleure fa\u00e7on de trouver votre partenaire id\u00e9al est de sortir et de commencer \u00e0 sortir ensemble! Assistez \u00e0 des \u00e9v\u00e9nements locaux pour c\u00e9libataires ou inscrivez-vous \u00e0 un site de rencontre sp\u00e9cialement con\u00e7u pour les mamans de sucre et les hommes qui les aiment. Avec un peu d\u2019effort, vous \u00eates s\u00fbr de trouver la maman de sucre de vos r\u00eaves.<\/p>\n<p>Il y a quelques choses \u00e0 garder \u00e0 l\u2019esprit lorsque vous recherchez une maman de sucre en ligne. Tout d\u2019abord, il est important d\u2019\u00eatre honn\u00eate sur ce que vous recherchez. Soyez clair sur vos intentions et assurez-vous de les communiquer \u00e0 des correspondances potentielles. Deuxi\u00e8mement, soyez patient et soyez pr\u00eat \u00e0 faire le travail pour trouver la bonne personne pour vous. Il y a beaucoup de mamans de sucre l\u00e0-bas, mais cela peut prendre un certain temps pour trouver celui qui vous convient. Enfin, lorsque vous trouvez une maman sucr\u00e9e avec laquelle vous cliquez, assurez-vous de la traiter avec respect et appr\u00e9ciation.<\/p>\n<h2>Date A Sugar Momma<\/h2>\n<p>Il y a quelques choses \u00e0 garder \u00e0 l\u2019esprit si vous \u00eates int\u00e9ress\u00e9 \u00e0 sortir avec une maman de sucre en ligne. Tout d\u2019abord, les mamans de sucre sont g\u00e9n\u00e9ralement des femmes plus \u00e2g\u00e9es, vous devrez donc \u00eatre d\u2019accord avec cela. Deuxi\u00e8mement, ils recherchent g\u00e9n\u00e9ralement quelqu\u2019un qui peut les faire se sentir sp\u00e9ciaux et appr\u00e9ci\u00e9s, alors assurez-vous de montrer vos meilleures qualit\u00e9s. Enfin, ils seront probablement tr\u00e8s g\u00e9n\u00e9reux avec leur temps et leur argent, alors pr\u00e9parez-vous \u00e0 \u00eatre g\u00e2t\u00e9s! Si vous pensez que vous pouvez g\u00e9rer tout cela, alors allez-y et essayez-le. Qui sait, vous trouverez peut-\u00eatre la maman de sucre parfaite pour vous.<\/p>\n<h3>Beaucoup de poissons<\/h3>\n<p>Plenty of Fish est une application de rencontres qui permet aux utilisateurs de cr\u00e9er un profil, de trouver des correspondances et de discuter avec d\u2019autres utilisateurs. L\u2019application a la r\u00e9putation d\u2019\u00eatre facile \u00e0 utiliser et de fournir un grand nombre de correspondances potentielles. Cependant, certains utilisateurs se sont plaints que l\u2019application est bogu\u00e9e et qu\u2019il est difficile d\u2019annuler un abonnement. Dans l\u2019ensemble, Plenty of Fish est une bonne option pour ceux qui recherchent un site de momie de sucre.<\/p>\n<h3>XCheaters<\/h3>\n<p>Si vous cherchez une momie de sucre, alors vous devriez certainement v\u00e9rifier XCheaters. C\u2019est l\u2019un des sites de momies de sucre les plus populaires, et pour une bonne raison. L\u2019application est facile \u00e0 utiliser et son adh\u00e9sion est gratuite. De plus, il y a des tonnes de momies au sucre sur le site qui recherchent quelqu\u2019un comme vous.<\/p>\n<p>Donc, si vous cherchez une momie de sucre, alors XCheaters est certainement le site pour vous. L\u2019application est facile \u00e0 utiliser et il y a des tonnes de momies de sucre sur le site. De plus, l\u2019adh\u00e9sion est gratuite. Alors, qu\u2019attendez-vous? Allez y jeter un coup d\u2019\u0153il!<\/p>\n<h3>Instasex<\/h3>\n<p>Instasex est une nouvelle application de rencontres qui promet d\u2019amener les sites de momies de sucre \u00e0 un tout autre niveau. Avec ses fonctionnalit\u00e9s uniques et son interface conviviale, il permet aux utilisateurs de trouver et de se connecter facilement aux sites de momies de sucre. L\u2019application permet \u00e9galement aux utilisateurs de discuter et de partager des photos les uns avec les autres, ce qui en fait une excellente plate-forme pour les sites de momies de sucre de se connecter et d\u2019interagir les uns avec les autres.<\/p>\n<h3>Recherche d\u2019arrangements<\/h3>\n<p>Si vous \u00eates \u00e0 la recherche d\u2019une momie de sucre, Seeking Arrangements est l\u2019application de rencontres qu\u2019il vous faut. Avec plus de 10 millions de membres dans le monde, c\u2019est le plus grand site de momies de sucre sur Internet. Et l\u2019adh\u00e9sion est gratuite! Vous pouvez cr\u00e9er un profil, rechercher des momies au sucre dans votre r\u00e9gion et leur envoyer un message gratuit.<\/p>\n<p>La meilleure chose \u00e0 propos de Seeking Arrangements est que c\u2019est un moyen s\u00fbr et facile de rencontrer des momies de sucre. Vous n\u2019avez pas \u00e0 vous soucier des escrocs ou des faux profils, car le site est mod\u00e9r\u00e9 par une \u00e9quipe de professionnels. Et si jamais vous avez des questions ou des pr\u00e9occupations, vous pouvez toujours contacter le support client.<\/p>\n<p>Donc, si vous cherchez une momie de sucre, Seeking Arrangements est l\u2019application de rencontres parfaite pour vous. Inscrivez-vous d\u00e8s aujourd\u2019hui et commencez \u00e0 envoyer des messages aux momies de sucre dans votre r\u00e9gion!<\/p>\n","protected":false},"excerpt":{"rendered":"<p>Il existe diff\u00e9rents sites de momies de sucre disponibles sur Internet. Ces sites Web fournissent une plate-forme permettant aux femmes \u00e2g\u00e9es de se connecter avec des hommes plus jeunes \u00e0 des fins de relations sexuelles. Les sites de momies de sucre facturent g\u00e9n\u00e9ralement des frais d\u2019adh\u00e9sion, et les femmes plus \u00e2g\u00e9es offrent des incitations financi\u00e8res&#8230;<a class=\"read-more-link button\" href=\"https:\/\/theyoungmessiah.com\/fr\/sites-de-momies-de-sucre\/\">Read more<\/a><\/p>\n","protected":false},"author":1,"featured_media":0,"parent":0,"menu_order":0,"comment_status":"closed","ping_status":"closed","template":"","meta":[],"yoast_head":"<!-- This site is optimized with the Yoast SEO plugin v17.7.1 - https:\/\/yoast.com\/wordpress\/plugins\/seo\/ -->\n<title>Sites de momies de sucre - Online Adult Dating<\/title>\n<meta name=\"robots\" content=\"index, follow, max-snippet:-1, max-image-preview:large, max-video-preview:-1\" \/>\n<link rel=\"canonical\" href=\"https:\/\/theyoungmessiah.com\/fr\/sites-de-momies-de-sucre\/\" \/>\n<meta property=\"og:locale\" content=\"fr_FR\" \/>\n<meta property=\"og:type\" content=\"article\" \/>\n<meta property=\"og:title\" content=\"Sites de momies de sucre - Online Adult Dating\" \/>\n<meta property=\"og:description\" content=\"Il existe diff\u00e9rents sites de momies de sucre disponibles sur Internet. Ces sites Web fournissent une plate-forme permettant aux femmes \u00e2g\u00e9es de se connecter avec des hommes plus jeunes \u00e0 des fins de relations sexuelles. Les sites de momies de sucre facturent g\u00e9n\u00e9ralement des frais d\u2019adh\u00e9sion, et les femmes plus \u00e2g\u00e9es offrent des incitations financi\u00e8res...Read more\" \/>\n<meta property=\"og:url\" content=\"https:\/\/theyoungmessiah.com\/fr\/sites-de-momies-de-sucre\/\" \/>\n<meta property=\"og:site_name\" content=\"Online Adult Dating\" \/>\n<meta name=\"twitter:card\" content=\"summary_large_image\" \/>\n<meta name=\"twitter:label1\" content=\"Dur\u00e9e de lecture estim\u00e9e\" \/>\n\t<meta name=\"twitter:data1\" content=\"5 minutes\" \/>\n<script type=\"application\/ld+json\" class=\"yoast-schema-graph\">{\"@context\":\"https:\/\/schema.org\",\"@graph\":[{\"@type\":\"WebSite\",\"@id\":\"https:\/\/theyoungmessiah.com\/fr\/#website\",\"url\":\"https:\/\/theyoungmessiah.com\/fr\/\",\"name\":\"Online Adult Dating\",\"description\":\"Local Sex Hookups\",\"potentialAction\":[{\"@type\":\"SearchAction\",\"target\":{\"@type\":\"EntryPoint\",\"urlTemplate\":\"https:\/\/theyoungmessiah.com\/fr\/?s={search_term_string}\"},\"query-input\":\"required name=search_term_string\"}],\"inLanguage\":\"fr-FR\"},{\"@type\":\"WebPage\",\"@id\":\"https:\/\/theyoungmessiah.com\/fr\/sites-de-momies-de-sucre\/#webpage\",\"url\":\"https:\/\/theyoungmessiah.com\/fr\/sites-de-momies-de-sucre\/\",\"name\":\"Sites de momies de sucre - Online Adult Dating\",\"isPartOf\":{\"@id\":\"https:\/\/theyoungmessiah.com\/fr\/#website\"},\"datePublished\":\"2022-10-12T12:59:28+00:00\",\"dateModified\":\"2022-10-12T12:59:28+00:00\",\"breadcrumb\":{\"@id\":\"https:\/\/theyoungmessiah.com\/fr\/sites-de-momies-de-sucre\/#breadcrumb\"},\"inLanguage\":\"fr-FR\",\"potentialAction\":[{\"@type\":\"ReadAction\",\"target\":[\"https:\/\/theyoungmessiah.com\/fr\/sites-de-momies-de-sucre\/\"]}]},{\"@type\":\"BreadcrumbList\",\"@id\":\"https:\/\/theyoungmessiah.com\/fr\/sites-de-momies-de-sucre\/#breadcrumb\",\"itemListElement\":[{\"@type\":\"ListItem\",\"position\":1,\"name\":\"Home\",\"item\":\"https:\/\/theyoungmessiah.com\/fr\/\"},{\"@type\":\"ListItem\",\"position\":2,\"name\":\"Sites de momies de sucre\"}]}]}<\/script>\n<!-- \/ Yoast SEO plugin. -->","yoast_head_json":{"title":"Sites de momies de sucre - Online Adult Dating","robots":{"index":"index","follow":"follow","max-snippet":"max-snippet:-1","max-image-preview":"max-image-preview:large","max-video-preview":"max-video-preview:-1"},"canonical":"https:\/\/theyoungmessiah.com\/fr\/sites-de-momies-de-sucre\/","og_locale":"fr_FR","og_type":"article","og_title":"Sites de momies de sucre - Online Adult Dating","og_description":"Il existe diff\u00e9rents sites de momies de sucre disponibles sur Internet. Ces sites Web fournissent une plate-forme permettant aux femmes \u00e2g\u00e9es de se connecter avec des hommes plus jeunes \u00e0 des fins de relations sexuelles. Les sites de momies de sucre facturent g\u00e9n\u00e9ralement des frais d\u2019adh\u00e9sion, et les femmes plus \u00e2g\u00e9es offrent des incitations financi\u00e8res...Read more","og_url":"https:\/\/theyoungmessiah.com\/fr\/sites-de-momies-de-sucre\/","og_site_name":"Online Adult Dating","twitter_card":"summary_large_image","twitter_misc":{"Dur\u00e9e de lecture estim\u00e9e":"5 minutes"},"schema":{"@context":"https:\/\/schema.org","@graph":[{"@type":"WebSite","@id":"https:\/\/theyoungmessiah.com\/fr\/#website","url":"https:\/\/theyoungmessiah.com\/fr\/","name":"Online Adult Dating","description":"Local Sex Hookups","potentialAction":[{"@type":"SearchAction","target":{"@type":"EntryPoint","urlTemplate":"https:\/\/theyoungmessiah.com\/fr\/?s={search_term_string}"},"query-input":"required name=search_term_string"}],"inLanguage":"fr-FR"},{"@type":"WebPage","@id":"https:\/\/theyoungmessiah.com\/fr\/sites-de-momies-de-sucre\/#webpage","url":"https:\/\/theyoungmessiah.com\/fr\/sites-de-momies-de-sucre\/","name":"Sites de momies de sucre - Online Adult Dating","isPartOf":{"@id":"https:\/\/theyoungmessiah.com\/fr\/#website"},"datePublished":"2022-10-12T12:59:28+00:00","dateModified":"2022-10-12T12:59:28+00:00","breadcrumb":{"@id":"https:\/\/theyoungmessiah.com\/fr\/sites-de-momies-de-sucre\/#breadcrumb"},"inLanguage":"fr-FR","potentialAction":[{"@type":"ReadAction","target":["https:\/\/theyoungmessiah.com\/fr\/sites-de-momies-de-sucre\/"]}]},{"@type":"BreadcrumbList","@id":"https:\/\/theyoungmessiah.com\/fr\/sites-de-momies-de-sucre\/#breadcrumb","itemListElement":[{"@type":"ListItem","position":1,"name":"Home","item":"https:\/\/theyoungmessiah.com\/fr\/"},{"@type":"ListItem","position":2,"name":"Sites de momies de sucre"}]}]}},"_links":{"self":[{"href":"https:\/\/theyoungmessiah.com\/fr\/wp-json\/wp\/v2\/pages\/197"}],"collection":[{"href":"https:\/\/theyoungmessiah.com\/fr\/wp-json\/wp\/v2\/pages"}],"about":[{"href":"https:\/\/theyoungmessiah.com\/fr\/wp-json\/wp\/v2\/types\/page"}],"author":[{"embeddable":true,"href":"https:\/\/theyoungmessiah.com\/fr\/wp-json\/wp\/v2\/users\/1"}],"replies":[{"embeddable":true,"href":"https:\/\/theyoungmessiah.com\/fr\/wp-json\/wp\/v2\/comments?post=197"}],"version-history":[{"count":0,"href":"https:\/\/theyoungmessiah.com\/fr\/wp-json\/wp\/v2\/pages\/197\/revisions"}],"wp:attachment":[{"href":"https:\/\/theyoungmessiah.com\/fr\/wp-json\/wp\/v2\/media?parent=197"}],"curies":[{"name":"wp","href":"https:\/\/api.w.org\/{rel}","templated":true}]}}