{"id":198,"date":"2022-10-12T13:59:54","date_gmt":"2022-10-12T12:59:54","guid":{"rendered":"http:\/\/theyoungmessiah.com\/applications-de-sexting-gratuites\/"},"modified":"2022-10-12T13:59:54","modified_gmt":"2022-10-12T12:59:54","slug":"applications-de-sexting-gratuites","status":"publish","type":"page","link":"https:\/\/theyoungmessiah.com\/fr\/applications-de-sexting-gratuites\/","title":{"rendered":"Applications de sexting gratuites"},"content":{"rendered":"<p>Il existe diff\u00e9rentes applications de sexting gratuites disponibles, et elles ont toutes leurs propres avantages et inconv\u00e9nients. Certains des plus populaires incluent Kik, Snapchat et WhatsApp. Kik est une excellente option car il est facile \u00e0 utiliser et il y a beaucoup de gens dessus. Cependant, il est important de savoir que Kik est \u00e9galement une plate-forme populaire pour les pr\u00e9dateurs d\u2019enfants. Snapchat est une autre option populaire car il est rapide et facile \u00e0 utiliser, et vous pouvez envoyer des messages disparus. Cependant, Snapchat a \u00e9galement la r\u00e9putation d\u2019\u00eatre un peu une application de sexting, vous voudrez donc peut-\u00eatre faire attention \u00e0 qui vous ajoutez en tant qu\u2019ami. WhatsApp est une bonne option si vous recherchez quelque chose d\u2019un peu plus priv\u00e9, car il offre un cryptage de bout en bout. Cependant, il peut \u00eatre un peu plus difficile \u00e0 utiliser que certaines des autres options.<\/p>\n<h2>Applications de sexting locales<\/h2>\n<p>Il existe quelques applications de sexting locales qui peuvent \u00eatre utilis\u00e9es pour les rencontres. Ils peuvent \u00eatre utilis\u00e9s pour envoyer et recevoir des messages et des images sexuellement explicites. Ces applications peuvent \u00eatre un excellent moyen de pimenter votre vie sexuelle ou de vous faire de nouveaux amis qui s\u2019int\u00e9ressent aux m\u00eames choses que vous. Cependant, il est important d\u2019\u00eatre conscient des risques li\u00e9s au sexting avant de commencer \u00e0 utiliser ces applications. Le sexting peut \u00eatre un excellent moyen de se connecter avec quelqu\u2019un, mais il peut aussi \u00eatre un moyen pour les pr\u00e9dateurs d\u2019exploiter et de toiletter les victimes potentielles. Soyez toujours prudent lorsque vous sextez et n\u2019envoyez ou ne recevez jamais quoi que ce soit qui vous mette mal \u00e0 l\u2019aise.<\/p>\n<h2>Textos sexuels gratuits<\/h2>\n<p>Les textos sexuels gratuits peuvent \u00eatre un excellent moyen de pimenter votre vie amoureuse et de mieux conna\u00eetre votre partenaire. Cela peut aussi \u00eatre un excellent moyen de sortir d\u2019une orni\u00e8re et d\u2019ajouter de l\u2019excitation \u00e0 votre relation. Cependant, il est important d\u2019\u00eatre en s\u00e9curit\u00e9 lors de l\u2019envoi de messages sexuellement explicites et de vous assurer que votre partenaire est \u00e0 l\u2019aise avec l\u2019id\u00e9e avant de commencer. Si vous ne savez pas par o\u00f9 commencer, essayez d\u2019envoyer un message ou une photo coquette pour lancer la conversation.<\/p>\n<p>Il existe de nombreux sites de sexting gratuits disponibles en ligne, qui peuvent \u00eatre utilis\u00e9s \u00e0 des fins de rencontres en ligne. Ces sites permettent aux utilisateurs d\u2019envoyer et de recevoir des messages et des images \u00e0 caract\u00e8re sexuel, sans aucun co\u00fbt. Cela peut \u00eatre un excellent moyen de pimenter votre exp\u00e9rience de rencontre en ligne, et cela peut \u00e9galement vous aider \u00e0 vous connecter avec d\u2019autres c\u00e9libataires int\u00e9ress\u00e9s par le sexting.<\/p>\n<h3>Amadou<\/h3>\n<p>Tinder est une application de sexting gratuite qui permet aux utilisateurs de se connecter les uns aux autres et d\u2019\u00e9changer des photos et des messages. L\u2019application est facile \u00e0 utiliser et dispose d\u2019une interface conviviale. Tinder a \u00e9galement une politique de confidentialit\u00e9 qui prot\u00e8ge les informations des utilisateurs et garantit que leurs photos et messages ne sont partag\u00e9s qu\u2019avec leurs correspondances.<\/p>\n<h3>Instasex<\/h3>\n<p>Instasex est une application de sexting gratuite qui permet aux utilisateurs d\u2019envoyer et de recevoir des photos et des vid\u00e9os sexuellement explicites. L\u2019application est disponible pour les appareils iOS et Android. Instasex a une note de 4 \u00e9toiles sur l\u2019App Store et une note de 3,5 \u00e9toiles sur Google Play. Instasex est une excellente application de sexting pour les personnes qui recherchent un moyen rapide et facile d\u2019envoyer et de recevoir des photos et des vid\u00e9os sexuellement explicites. L\u2019application est facile \u00e0 utiliser et dispose d\u2019une excellente interface utilisateur. Le seul inconv\u00e9nient est que l\u2019application n\u2019est disponible que pour les appareils iOS et Android.<\/p>\n<h3>FlingPals<\/h3>\n<p>Si vous recherchez une application de sexting gratuite, FlingPals vaut vraiment le d\u00e9tour. L\u2019application est facile \u00e0 utiliser et poss\u00e8de de nombreuses fonctionnalit\u00e9s qui rendent le sexting amusant et facile. Vous pouvez envoyer des photos, des vid\u00e9os et m\u00eame des messages audio, et il n\u2019y a pas de limites sur le nombre de messages que vous pouvez envoyer. Le seul inconv\u00e9nient est que l\u2019application n\u2019est disponible qu\u2019aux \u00c9tats-Unis.<\/p>\n<h3>FlirtHookup<\/h3>\n<p>FlirtHookup est une application de sexting gratuite qui vous permet d\u2019envoyer et de recevoir des messages, des photos et des vid\u00e9os avec d\u2019autres utilisateurs. L\u2019application est facile \u00e0 utiliser et offre un excellent moyen de rester en contact avec vos amis et vos connexions potentielles. Le seul inconv\u00e9nient est que l\u2019application n\u2019est disponible que pour les appareils iOS.<\/p>\n","protected":false},"excerpt":{"rendered":"<p>Il existe diff\u00e9rentes applications de sexting gratuites disponibles, et elles ont toutes leurs propres avantages et inconv\u00e9nients. Certains des plus populaires incluent Kik, Snapchat et WhatsApp. Kik est une excellente option car il est facile \u00e0 utiliser et il y a beaucoup de gens dessus. Cependant, il est important de savoir que Kik est \u00e9galement&#8230;<a class=\"read-more-link button\" href=\"https:\/\/theyoungmessiah.com\/fr\/applications-de-sexting-gratuites\/\">Read more<\/a><\/p>\n","protected":false},"author":1,"featured_media":0,"parent":0,"menu_order":0,"comment_status":"closed","ping_status":"closed","template":"","meta":[],"yoast_head":"<!-- This site is optimized with the Yoast SEO plugin v17.7.1 - https:\/\/yoast.com\/wordpress\/plugins\/seo\/ -->\n<title>Applications de sexting gratuites - Online Adult Dating<\/title>\n<meta name=\"robots\" content=\"index, follow, max-snippet:-1, max-image-preview:large, max-video-preview:-1\" \/>\n<link rel=\"canonical\" href=\"https:\/\/theyoungmessiah.com\/fr\/applications-de-sexting-gratuites\/\" \/>\n<meta property=\"og:locale\" content=\"fr_FR\" \/>\n<meta property=\"og:type\" content=\"article\" \/>\n<meta property=\"og:title\" content=\"Applications de sexting gratuites - Online Adult Dating\" \/>\n<meta property=\"og:description\" content=\"Il existe diff\u00e9rentes applications de sexting gratuites disponibles, et elles ont toutes leurs propres avantages et inconv\u00e9nients. Certains des plus populaires incluent Kik, Snapchat et WhatsApp. Kik est une excellente option car il est facile \u00e0 utiliser et il y a beaucoup de gens dessus. Cependant, il est important de savoir que Kik est \u00e9galement...Read more\" \/>\n<meta property=\"og:url\" content=\"https:\/\/theyoungmessiah.com\/fr\/applications-de-sexting-gratuites\/\" \/>\n<meta property=\"og:site_name\" content=\"Online Adult Dating\" \/>\n<meta name=\"twitter:card\" content=\"summary_large_image\" \/>\n<meta name=\"twitter:label1\" content=\"Dur\u00e9e de lecture estim\u00e9e\" \/>\n\t<meta name=\"twitter:data1\" content=\"4 minutes\" \/>\n<script type=\"application\/ld+json\" class=\"yoast-schema-graph\">{\"@context\":\"https:\/\/schema.org\",\"@graph\":[{\"@type\":\"WebSite\",\"@id\":\"https:\/\/theyoungmessiah.com\/fr\/#website\",\"url\":\"https:\/\/theyoungmessiah.com\/fr\/\",\"name\":\"Online Adult Dating\",\"description\":\"Local Sex Hookups\",\"potentialAction\":[{\"@type\":\"SearchAction\",\"target\":{\"@type\":\"EntryPoint\",\"urlTemplate\":\"https:\/\/theyoungmessiah.com\/fr\/?s={search_term_string}\"},\"query-input\":\"required name=search_term_string\"}],\"inLanguage\":\"fr-FR\"},{\"@type\":\"WebPage\",\"@id\":\"https:\/\/theyoungmessiah.com\/fr\/applications-de-sexting-gratuites\/#webpage\",\"url\":\"https:\/\/theyoungmessiah.com\/fr\/applications-de-sexting-gratuites\/\",\"name\":\"Applications de sexting gratuites - Online Adult Dating\",\"isPartOf\":{\"@id\":\"https:\/\/theyoungmessiah.com\/fr\/#website\"},\"datePublished\":\"2022-10-12T12:59:54+00:00\",\"dateModified\":\"2022-10-12T12:59:54+00:00\",\"breadcrumb\":{\"@id\":\"https:\/\/theyoungmessiah.com\/fr\/applications-de-sexting-gratuites\/#breadcrumb\"},\"inLanguage\":\"fr-FR\",\"potentialAction\":[{\"@type\":\"ReadAction\",\"target\":[\"https:\/\/theyoungmessiah.com\/fr\/applications-de-sexting-gratuites\/\"]}]},{\"@type\":\"BreadcrumbList\",\"@id\":\"https:\/\/theyoungmessiah.com\/fr\/applications-de-sexting-gratuites\/#breadcrumb\",\"itemListElement\":[{\"@type\":\"ListItem\",\"position\":1,\"name\":\"Home\",\"item\":\"https:\/\/theyoungmessiah.com\/fr\/\"},{\"@type\":\"ListItem\",\"position\":2,\"name\":\"Applications de sexting gratuites\"}]}]}<\/script>\n<!-- \/ Yoast SEO plugin. -->","yoast_head_json":{"title":"Applications de sexting gratuites - Online Adult Dating","robots":{"index":"index","follow":"follow","max-snippet":"max-snippet:-1","max-image-preview":"max-image-preview:large","max-video-preview":"max-video-preview:-1"},"canonical":"https:\/\/theyoungmessiah.com\/fr\/applications-de-sexting-gratuites\/","og_locale":"fr_FR","og_type":"article","og_title":"Applications de sexting gratuites - Online Adult Dating","og_description":"Il existe diff\u00e9rentes applications de sexting gratuites disponibles, et elles ont toutes leurs propres avantages et inconv\u00e9nients. Certains des plus populaires incluent Kik, Snapchat et WhatsApp. Kik est une excellente option car il est facile \u00e0 utiliser et il y a beaucoup de gens dessus. Cependant, il est important de savoir que Kik est \u00e9galement...Read more","og_url":"https:\/\/theyoungmessiah.com\/fr\/applications-de-sexting-gratuites\/","og_site_name":"Online Adult Dating","twitter_card":"summary_large_image","twitter_misc":{"Dur\u00e9e de lecture estim\u00e9e":"4 minutes"},"schema":{"@context":"https:\/\/schema.org","@graph":[{"@type":"WebSite","@id":"https:\/\/theyoungmessiah.com\/fr\/#website","url":"https:\/\/theyoungmessiah.com\/fr\/","name":"Online Adult Dating","description":"Local Sex Hookups","potentialAction":[{"@type":"SearchAction","target":{"@type":"EntryPoint","urlTemplate":"https:\/\/theyoungmessiah.com\/fr\/?s={search_term_string}"},"query-input":"required name=search_term_string"}],"inLanguage":"fr-FR"},{"@type":"WebPage","@id":"https:\/\/theyoungmessiah.com\/fr\/applications-de-sexting-gratuites\/#webpage","url":"https:\/\/theyoungmessiah.com\/fr\/applications-de-sexting-gratuites\/","name":"Applications de sexting gratuites - Online Adult Dating","isPartOf":{"@id":"https:\/\/theyoungmessiah.com\/fr\/#website"},"datePublished":"2022-10-12T12:59:54+00:00","dateModified":"2022-10-12T12:59:54+00:00","breadcrumb":{"@id":"https:\/\/theyoungmessiah.com\/fr\/applications-de-sexting-gratuites\/#breadcrumb"},"inLanguage":"fr-FR","potentialAction":[{"@type":"ReadAction","target":["https:\/\/theyoungmessiah.com\/fr\/applications-de-sexting-gratuites\/"]}]},{"@type":"BreadcrumbList","@id":"https:\/\/theyoungmessiah.com\/fr\/applications-de-sexting-gratuites\/#breadcrumb","itemListElement":[{"@type":"ListItem","position":1,"name":"Home","item":"https:\/\/theyoungmessiah.com\/fr\/"},{"@type":"ListItem","position":2,"name":"Applications de sexting gratuites"}]}]}},"_links":{"self":[{"href":"https:\/\/theyoungmessiah.com\/fr\/wp-json\/wp\/v2\/pages\/198"}],"collection":[{"href":"https:\/\/theyoungmessiah.com\/fr\/wp-json\/wp\/v2\/pages"}],"about":[{"href":"https:\/\/theyoungmessiah.com\/fr\/wp-json\/wp\/v2\/types\/page"}],"author":[{"embeddable":true,"href":"https:\/\/theyoungmessiah.com\/fr\/wp-json\/wp\/v2\/users\/1"}],"replies":[{"embeddable":true,"href":"https:\/\/theyoungmessiah.com\/fr\/wp-json\/wp\/v2\/comments?post=198"}],"version-history":[{"count":0,"href":"https:\/\/theyoungmessiah.com\/fr\/wp-json\/wp\/v2\/pages\/198\/revisions"}],"wp:attachment":[{"href":"https:\/\/theyoungmessiah.com\/fr\/wp-json\/wp\/v2\/media?parent=198"}],"curies":[{"name":"wp","href":"https:\/\/api.w.org\/{rel}","templated":true}]}}