{"id":200,"date":"2022-10-12T14:00:02","date_gmt":"2022-10-12T13:00:02","guid":{"rendered":"http:\/\/theyoungmessiah.com\/sites-de-rencontres-pour-mariages\/"},"modified":"2022-10-12T14:00:02","modified_gmt":"2022-10-12T13:00:02","slug":"sites-de-rencontres-pour-mariages","status":"publish","type":"page","link":"https:\/\/theyoungmessiah.com\/fr\/sites-de-rencontres-pour-mariages\/","title":{"rendered":"Sites de rencontres pour mariages"},"content":{"rendered":"<p>Il existe un certain nombre de sites de rencontres pour mariages qui permettent aux gens de se connecter avec d\u2019autres personnes \u00e9galement mari\u00e9es. Ces sites exigent g\u00e9n\u00e9ralement des frais d\u2019adh\u00e9sion et offrent une vari\u00e9t\u00e9 de fonctionnalit\u00e9s con\u00e7ues pour aider les gens \u00e0 se connecter avec d\u2019autres personnes int\u00e9ress\u00e9es \u00e0 avoir une liaison. Certaines des fonctionnalit\u00e9s offertes par ces sites incluent la messagerie priv\u00e9e, les salles de discussion et les bases de donn\u00e9es consultables des membres. Beaucoup de ces sites offrent \u00e9galement des conseils et un soutien aux personnes qui envisagent d\u2019avoir une liaison ou qui sont d\u00e9j\u00e0 impliqu\u00e9es dans une liaison.<\/p>\n<h2>Connexions discr\u00e8tes<\/h2>\n<p>Les rencontres discr\u00e8tes deviennent de plus en plus populaires \u00e0 mesure que les gens cherchent des moyens de s\u2019amuser sans engagement. Ces arrangements sont parfaits pour ceux qui veulent profiter de la compagnie d\u2019une autre personne sans aucune condition. Il existe de nombreuses fa\u00e7ons de trouver quelqu\u2019un avec qui se connecter, et il y a tout autant de raisons pour lesquelles les gens choisissent de le faire. Que vous recherchiez une aventure rapide ou quelque chose d\u2019un peu plus \u00e0 long terme, il y a quelqu\u2019un qui cherche la m\u00eame chose. Tout ce que vous avez \u00e0 faire est de les trouver.<\/p>\n<p>Il existe maintenant des applications de rencontres mari\u00e9es disponibles pour ceux qui sont int\u00e9ress\u00e9s \u00e0 poursuivre des relations extra-conjugales. Bien que ces applications facilitent la connexion avec des partenaires potentiels, elles comportent \u00e9galement certains risques. Par exemple, si votre conjoint d\u00e9couvrait votre utilisation d\u2019une application de rencontres mari\u00e9es, cela pourrait potentiellement nuire \u00e0 votre relation. De plus, il y a toujours la possibilit\u00e9 de rencontrer quelqu\u2019un qui n\u2019est pas celui qu\u2019ils pr\u00e9tendent \u00eatre en ligne, ce qui peut conduire \u00e0 des situations dangereuses. Si vous d\u00e9cidez d\u2019utiliser une application de rencontres mari\u00e9es, il est important d\u2019\u00eatre honn\u00eate avec vos partenaires potentiels au sujet de votre \u00e9tat matrimonial et de toujours vous rencontrer dans un lieu public.<\/p>\n<h2>Trouvez une connexion discr\u00e8te<\/h2>\n<p>Il existe de nombreuses fa\u00e7ons de trouver une connexion discr\u00e8te en ligne. Vous pouvez utiliser un site de rencontre sp\u00e9cialis\u00e9 dans les rencontres, ou vous pouvez utiliser un site de rencontre g\u00e9n\u00e9ral et \u00eatre franc sur ce que vous recherchez. Vous pouvez \u00e9galement utiliser des sites de m\u00e9dias sociaux comme Facebook et Twitter pour trouver des connexions potentielles. Une autre option consiste \u00e0 utiliser un site comme Craigslist, qui a une section consacr\u00e9e aux rencontres occasionnelles. Assurez-vous simplement d\u2019\u00eatre en s\u00e9curit\u00e9 et de faire preuve de bon sens lorsque vous rencontrez quelqu\u2019un en ligne.<\/p>\n<h3>Amadou<\/h3>\n<p>Tinder est l\u2019une des applications de rencontres les plus populaires avec plus de 50 millions d\u2019utilisateurs. Il a \u00e9t\u00e9 d\u00e9crit comme une \u00ab&nbsp;application de connexion&nbsp;\u00bb, mais il peut \u00e9galement \u00eatre utilis\u00e9 pour les rencontres et a \u00e9t\u00e9 utilis\u00e9 par les gens dans les relations pour les affaires. Tinder est rapide et facile \u00e0 utiliser et vous pouvez vous connecter avec des personnes de votre r\u00e9gion qui recherchent la m\u00eame chose que vous. L\u2019application est gratuite \u00e0 t\u00e9l\u00e9charger et \u00e0 utiliser, mais il existe des fonctionnalit\u00e9s payantes que vous pouvez utiliser pour tirer le meilleur parti de l\u2019application. Dans l\u2019ensemble, Tinder est une excellente application de rencontres pour les personnes qui recherchent un moyen rapide et facile de se connecter avec les gens de leur r\u00e9gion.<\/p>\n<h3>XPickup<\/h3>\n<p>Si vous recherchez un site de rencontre qui vous permettra d\u2019explorer vos options et de trouver une correspondance, XPickup est un excellent choix. Le site dispose d\u2019une large base d\u2019utilisateurs et d\u2019un large \u00e9ventail de fonctionnalit\u00e9s, ce qui en fait une excellente option pour trouver une correspondance. Le site a \u00e9galement une bonne r\u00e9putation d\u2019\u00eatre s\u00fbr et s\u00e9curis\u00e9, de sorte que vous pouvez \u00eatre s\u00fbr que vos informations sont en s\u00e9curit\u00e9. Dans l\u2019ensemble, XPickup est un excellent choix pour les rencontres conjugales.<\/p>\n<h3>Uberhorny<\/h3>\n<p>Si vous recherchez une application de rencontres pour vous aider \u00e0 avoir une liaison conjugale, Uberhorny est une excellente option. L\u2019application est facile \u00e0 utiliser et poss\u00e8de de nombreuses fonctionnalit\u00e9s int\u00e9ressantes pour vous aider \u00e0 trouver quelqu\u2019un avec qui tricher. La fonction de recherche est tr\u00e8s compl\u00e8te et vous pouvez affiner vos r\u00e9sultats en fonction de divers crit\u00e8res. Le syst\u00e8me de messagerie est \u00e9galement tr\u00e8s bon et vous pouvez facilement suivre vos conversations. Dans l\u2019ensemble, Uberhorny est une excellente option pour les rencontres conjugales et nous le recommandons \u00e0 tous ceux qui recherchent un moyen discret de tromper leur conjoint.<\/p>\n<h3>OnlyFlings<\/h3>\n<p>Si vous recherchez un site de rencontre discret, onlyFlings est une excellente option. Le site est facile \u00e0 utiliser et offre une vari\u00e9t\u00e9 de fonctionnalit\u00e9s pour vous aider \u00e0 trouver une correspondance. Le site a \u00e9galement une bonne r\u00e9putation en mati\u00e8re de s\u00e9curit\u00e9 et de confidentialit\u00e9.<\/p>\n","protected":false},"excerpt":{"rendered":"<p>Il existe un certain nombre de sites de rencontres pour mariages qui permettent aux gens de se connecter avec d\u2019autres personnes \u00e9galement mari\u00e9es. Ces sites exigent g\u00e9n\u00e9ralement des frais d\u2019adh\u00e9sion et offrent une vari\u00e9t\u00e9 de fonctionnalit\u00e9s con\u00e7ues pour aider les gens \u00e0 se connecter avec d\u2019autres personnes int\u00e9ress\u00e9es \u00e0 avoir une liaison. Certaines des fonctionnalit\u00e9s&#8230;<a class=\"read-more-link button\" href=\"https:\/\/theyoungmessiah.com\/fr\/sites-de-rencontres-pour-mariages\/\">Read more<\/a><\/p>\n","protected":false},"author":1,"featured_media":0,"parent":0,"menu_order":0,"comment_status":"closed","ping_status":"closed","template":"","meta":[],"yoast_head":"<!-- This site is optimized with the Yoast SEO plugin v17.7.1 - https:\/\/yoast.com\/wordpress\/plugins\/seo\/ -->\n<title>Sites de rencontres pour mariages - Online Adult Dating<\/title>\n<meta name=\"robots\" content=\"index, follow, max-snippet:-1, max-image-preview:large, max-video-preview:-1\" \/>\n<link rel=\"canonical\" href=\"https:\/\/theyoungmessiah.com\/fr\/sites-de-rencontres-pour-mariages\/\" \/>\n<meta property=\"og:locale\" content=\"fr_FR\" \/>\n<meta property=\"og:type\" content=\"article\" \/>\n<meta property=\"og:title\" content=\"Sites de rencontres pour mariages - Online Adult Dating\" \/>\n<meta property=\"og:description\" content=\"Il existe un certain nombre de sites de rencontres pour mariages qui permettent aux gens de se connecter avec d\u2019autres personnes \u00e9galement mari\u00e9es. Ces sites exigent g\u00e9n\u00e9ralement des frais d\u2019adh\u00e9sion et offrent une vari\u00e9t\u00e9 de fonctionnalit\u00e9s con\u00e7ues pour aider les gens \u00e0 se connecter avec d\u2019autres personnes int\u00e9ress\u00e9es \u00e0 avoir une liaison. Certaines des fonctionnalit\u00e9s...Read more\" \/>\n<meta property=\"og:url\" content=\"https:\/\/theyoungmessiah.com\/fr\/sites-de-rencontres-pour-mariages\/\" \/>\n<meta property=\"og:site_name\" content=\"Online Adult Dating\" \/>\n<meta name=\"twitter:card\" content=\"summary_large_image\" \/>\n<meta name=\"twitter:label1\" content=\"Dur\u00e9e de lecture estim\u00e9e\" \/>\n\t<meta name=\"twitter:data1\" content=\"4 minutes\" \/>\n<script type=\"application\/ld+json\" class=\"yoast-schema-graph\">{\"@context\":\"https:\/\/schema.org\",\"@graph\":[{\"@type\":\"WebSite\",\"@id\":\"https:\/\/theyoungmessiah.com\/fr\/#website\",\"url\":\"https:\/\/theyoungmessiah.com\/fr\/\",\"name\":\"Online Adult Dating\",\"description\":\"Local Sex Hookups\",\"potentialAction\":[{\"@type\":\"SearchAction\",\"target\":{\"@type\":\"EntryPoint\",\"urlTemplate\":\"https:\/\/theyoungmessiah.com\/fr\/?s={search_term_string}\"},\"query-input\":\"required name=search_term_string\"}],\"inLanguage\":\"fr-FR\"},{\"@type\":\"WebPage\",\"@id\":\"https:\/\/theyoungmessiah.com\/fr\/sites-de-rencontres-pour-mariages\/#webpage\",\"url\":\"https:\/\/theyoungmessiah.com\/fr\/sites-de-rencontres-pour-mariages\/\",\"name\":\"Sites de rencontres pour mariages - Online Adult Dating\",\"isPartOf\":{\"@id\":\"https:\/\/theyoungmessiah.com\/fr\/#website\"},\"datePublished\":\"2022-10-12T13:00:02+00:00\",\"dateModified\":\"2022-10-12T13:00:02+00:00\",\"breadcrumb\":{\"@id\":\"https:\/\/theyoungmessiah.com\/fr\/sites-de-rencontres-pour-mariages\/#breadcrumb\"},\"inLanguage\":\"fr-FR\",\"potentialAction\":[{\"@type\":\"ReadAction\",\"target\":[\"https:\/\/theyoungmessiah.com\/fr\/sites-de-rencontres-pour-mariages\/\"]}]},{\"@type\":\"BreadcrumbList\",\"@id\":\"https:\/\/theyoungmessiah.com\/fr\/sites-de-rencontres-pour-mariages\/#breadcrumb\",\"itemListElement\":[{\"@type\":\"ListItem\",\"position\":1,\"name\":\"Home\",\"item\":\"https:\/\/theyoungmessiah.com\/fr\/\"},{\"@type\":\"ListItem\",\"position\":2,\"name\":\"Sites de rencontres pour mariages\"}]}]}<\/script>\n<!-- \/ Yoast SEO plugin. -->","yoast_head_json":{"title":"Sites de rencontres pour mariages - Online Adult Dating","robots":{"index":"index","follow":"follow","max-snippet":"max-snippet:-1","max-image-preview":"max-image-preview:large","max-video-preview":"max-video-preview:-1"},"canonical":"https:\/\/theyoungmessiah.com\/fr\/sites-de-rencontres-pour-mariages\/","og_locale":"fr_FR","og_type":"article","og_title":"Sites de rencontres pour mariages - Online Adult Dating","og_description":"Il existe un certain nombre de sites de rencontres pour mariages qui permettent aux gens de se connecter avec d\u2019autres personnes \u00e9galement mari\u00e9es. Ces sites exigent g\u00e9n\u00e9ralement des frais d\u2019adh\u00e9sion et offrent une vari\u00e9t\u00e9 de fonctionnalit\u00e9s con\u00e7ues pour aider les gens \u00e0 se connecter avec d\u2019autres personnes int\u00e9ress\u00e9es \u00e0 avoir une liaison. Certaines des fonctionnalit\u00e9s...Read more","og_url":"https:\/\/theyoungmessiah.com\/fr\/sites-de-rencontres-pour-mariages\/","og_site_name":"Online Adult Dating","twitter_card":"summary_large_image","twitter_misc":{"Dur\u00e9e de lecture estim\u00e9e":"4 minutes"},"schema":{"@context":"https:\/\/schema.org","@graph":[{"@type":"WebSite","@id":"https:\/\/theyoungmessiah.com\/fr\/#website","url":"https:\/\/theyoungmessiah.com\/fr\/","name":"Online Adult Dating","description":"Local Sex Hookups","potentialAction":[{"@type":"SearchAction","target":{"@type":"EntryPoint","urlTemplate":"https:\/\/theyoungmessiah.com\/fr\/?s={search_term_string}"},"query-input":"required name=search_term_string"}],"inLanguage":"fr-FR"},{"@type":"WebPage","@id":"https:\/\/theyoungmessiah.com\/fr\/sites-de-rencontres-pour-mariages\/#webpage","url":"https:\/\/theyoungmessiah.com\/fr\/sites-de-rencontres-pour-mariages\/","name":"Sites de rencontres pour mariages - Online Adult Dating","isPartOf":{"@id":"https:\/\/theyoungmessiah.com\/fr\/#website"},"datePublished":"2022-10-12T13:00:02+00:00","dateModified":"2022-10-12T13:00:02+00:00","breadcrumb":{"@id":"https:\/\/theyoungmessiah.com\/fr\/sites-de-rencontres-pour-mariages\/#breadcrumb"},"inLanguage":"fr-FR","potentialAction":[{"@type":"ReadAction","target":["https:\/\/theyoungmessiah.com\/fr\/sites-de-rencontres-pour-mariages\/"]}]},{"@type":"BreadcrumbList","@id":"https:\/\/theyoungmessiah.com\/fr\/sites-de-rencontres-pour-mariages\/#breadcrumb","itemListElement":[{"@type":"ListItem","position":1,"name":"Home","item":"https:\/\/theyoungmessiah.com\/fr\/"},{"@type":"ListItem","position":2,"name":"Sites de rencontres pour mariages"}]}]}},"_links":{"self":[{"href":"https:\/\/theyoungmessiah.com\/fr\/wp-json\/wp\/v2\/pages\/200"}],"collection":[{"href":"https:\/\/theyoungmessiah.com\/fr\/wp-json\/wp\/v2\/pages"}],"about":[{"href":"https:\/\/theyoungmessiah.com\/fr\/wp-json\/wp\/v2\/types\/page"}],"author":[{"embeddable":true,"href":"https:\/\/theyoungmessiah.com\/fr\/wp-json\/wp\/v2\/users\/1"}],"replies":[{"embeddable":true,"href":"https:\/\/theyoungmessiah.com\/fr\/wp-json\/wp\/v2\/comments?post=200"}],"version-history":[{"count":0,"href":"https:\/\/theyoungmessiah.com\/fr\/wp-json\/wp\/v2\/pages\/200\/revisions"}],"wp:attachment":[{"href":"https:\/\/theyoungmessiah.com\/fr\/wp-json\/wp\/v2\/media?parent=200"}],"curies":[{"name":"wp","href":"https:\/\/api.w.org\/{rel}","templated":true}]}}