{"id":240,"date":"2022-10-12T13:52:14","date_gmt":"2022-10-12T12:52:14","guid":{"rendered":"http:\/\/theyoungmessiah.com\/sites-de-connexions-locales-gratuits\/"},"modified":"2022-10-12T13:52:14","modified_gmt":"2022-10-12T12:52:14","slug":"sites-de-connexions-locales-gratuits","status":"publish","type":"page","link":"https:\/\/theyoungmessiah.com\/fr\/sites-de-connexions-locales-gratuits\/","title":{"rendered":"Sites de connexions locales gratuits"},"content":{"rendered":"<p>Il existe de nombreux <a href=\"http:\/\/theyoungmessiah.com\/free-milf-chat-sites\/\">sites de connexion locaux<\/a> qui peuvent vous aider \u00e0 trouver quelqu\u2019un avec qui vous connecter. Tout ce que vous avez \u00e0 faire est de cr\u00e9er un profil et de commencer \u00e0 chercher quelqu\u2019un qui r\u00e9pond \u00e0 vos crit\u00e8res. Se connecter avec quelqu\u2019un peut \u00eatre un excellent moyen de s\u2019amuser et de faire l\u2019exp\u00e9rience de nouvelles choses, mais il est important d\u2019\u00eatre en s\u00e9curit\u00e9 et responsable lorsque vous le faites. Assurez-vous de bien conna\u00eetre la personne avant de vous rencontrer et de toujours vous rencontrer dans un lieu public en premier. Avec un peu de planification et de chance, vous pouvez trouver quelqu\u2019un avec qui vous connecter sur l\u2019un de ces sites locaux.<\/p>\n<h2>Connexion locale pr\u00e8s de chez moi<\/h2>\n<p>Il n\u2019y a rien de tel que le frisson de rencontrer quelqu\u2019un de nouveau et l\u2019anticipation de ce qui pourrait se passer ensuite. Quand il s\u2019agit de trouver une connexion locale pr\u00e8s de chez moi, les options ne manquent pas. Que vous recherchiez une rencontre occasionnelle ou quelque chose d\u2019un peu plus s\u00e9rieux, il y a certainement quelqu\u2019un qui vous convient.<\/p>\n<p>La grande chose \u00e0 propos d\u2019Internet est qu\u2019il a ouvert le monde des rencontres et de la connexion \u00e0 tout le monde. Peu importe o\u00f9 vous vivez, il y a forc\u00e9ment quelqu\u2019un \u00e0 proximit\u00e9 qui cherche la m\u00eame chose que vous. Tout ce que vous avez \u00e0 faire est de vous mettre dehors et de voir ce qui se passe.<\/p>\n<p>Qui sait, vous pourriez bien trouver l\u2019amour de votre vie. Ou, \u00e0 tout le moins, vous aurez de belles histoires \u00e0 raconter \u00e0 vos amis.<\/p>\n<p>Il existe de nombreux sites web et applications de rencontres qui offrent des connexions locales gratuites. Cela signifie que vous pouvez les utiliser pour trouver des personnes dans votre r\u00e9gion qui recherchent la m\u00eame chose que vous. Tout ce que vous avez \u00e0 faire est de cr\u00e9er un profil et de commencer \u00e0 chercher. Vous pouvez \u00e9galement utiliser ces sites Web et applications pour discuter avec des personnes de votre r\u00e9gion qui recherchent la m\u00eame chose que vous.<\/p>\n<h2>Connexions locales pr\u00e8s de chez moi<\/h2>\n<p>Il y a beaucoup d\u2019options de connexion locale pr\u00e8s de chez moi quand il s\u2019agit de rencontres en ligne. Vous pouvez trouver des sites Web et des applications sp\u00e9cialement con\u00e7us pour vous aider \u00e0 vous connecter avec d\u2019autres c\u00e9libataires de votre r\u00e9gion. Cela facilite la recherche d\u2019une date ou d\u2019une connexion sans avoir \u00e0 voyager tr\u00e8s loin. Il y a aussi beaucoup de gens qui utilisent les rencontres en ligne comme un moyen de rencontrer de nouvelles personnes et de se faire de nouveaux amis. Que vous recherchiez une relation occasionnelle ou une relation s\u00e9rieuse, il y a quelqu\u2019un pour vous.<\/p>\n<h3>BBWCupid<\/h3>\n<p>BBWCupid est l\u2019une des applications de rencontres les plus populaires pour les femmes et les hommes courbes qui les aiment. L\u2019application est gratuite \u00e0 t\u00e9l\u00e9charger et \u00e0 utiliser, et elle offre un abonnement premium pour 9,99 $ \/ mois qui d\u00e9verrouille certaines fonctionnalit\u00e9s suppl\u00e9mentaires.<\/p>\n<p>L\u2019application est bien con\u00e7ue et facile \u00e0 utiliser, avec une interface propre et moderne. C\u2019est aussi l\u2019une des rares applications de rencontres qui s\u2019adresse sp\u00e9cifiquement aux femmes courbes et \u00e0 leurs admirateurs.<\/p>\n<p>Un inconv\u00e9nient est qu\u2019il n\u2019y a pas beaucoup d\u2019utilisateurs dans ma r\u00e9gion, il peut donc \u00eatre difficile de trouver des correspondances. Mais dans l\u2019ensemble, je pense que BBWCupid est une excellente application de rencontres pour les femmes courbes et leurs admirateurs.<\/p>\n<h3>Beaucoup de poissons<\/h3>\n<p>Si vous recherchez un site de rencontre local, Plenty of Fish est une excellente option. Il a une grande base d\u2019utilisateurs et est facile \u00e0 utiliser. Cependant, il n\u2019a pas autant de fonctionnalit\u00e9s que certains des autres sites de cette liste.<\/p>\n<h3>Bumble<\/h3>\n<p>Bumble est une application sociale et de rencontres bas\u00e9e sur la localisation qui facilite la communication entre les utilisateurs int\u00e9ress\u00e9s. Dans les correspondances h\u00e9t\u00e9rosexuelles, seules les utilisatrices peuvent initier un contact avec des utilisateurs masculins, tandis que dans les correspondances de m\u00eame sexe, l\u2019un ou l\u2019autre participant peut initier un contact. Les utilisateurs peuvent s\u2019inscrire \u00e0 l\u2019aide de leur num\u00e9ro de t\u00e9l\u00e9phone ou de leur profil Facebook et ont la possibilit\u00e9 de masquer leur \u00e2ge, leur emplacement et leur nom aux autres utilisateurs. Bumble a son si\u00e8ge social \u00e0 Austin, au Texas, et compte plus de 50 millions d\u2019utilisateurs dans le monde.<\/p>\n<p>L\u2019application est con\u00e7ue pour cr\u00e9er des liens significatifs, dans le but de se marier ou de relations \u00e0 long terme. L\u2019application a une note de 4 \u00e9toiles sur l\u2019App Store, les utilisateurs louant sa facilit\u00e9 d\u2019utilisation et ses fonctionnalit\u00e9s de s\u00e9curit\u00e9. Cependant, certains utilisateurs se sont plaints que l\u2019application est trop ax\u00e9e sur les connexions et qu\u2019il est difficile de trouver une relation s\u00e9rieuse. Dans l\u2019ensemble, Bumble est une excellente option pour ceux qui recherchent une relation s\u00e9rieuse, ou tout simplement un moyen amusant et facile de rencontrer de nouvelles personnes.<\/p>\n<h3>Zoosk<\/h3>\n<p>Zoosk est une application de rencontres qui vous permet de voir les profils des c\u00e9libataires locaux dans votre r\u00e9gion. Vous pouvez \u00e9galement voir des photos de c\u00e9libataires locaux et voir qui est en ligne maintenant. L\u2019application dispose \u00e9galement d\u2019une fonction de messagerie afin que vous puissiez envoyer des messages \u00e0 vos correspondances. L\u2019application est gratuite \u00e0 t\u00e9l\u00e9charger et \u00e0 utiliser, mais vous pouvez passer \u00e0 un abonnement payant pour d\u00e9verrouiller toutes les fonctionnalit\u00e9s. L\u2019application est disponible pour iPhone et Android.<\/p>\n","protected":false},"excerpt":{"rendered":"<p>Il existe de nombreux sites de connexion locaux qui peuvent vous aider \u00e0 trouver quelqu\u2019un avec qui vous connecter. Tout ce que vous avez \u00e0 faire est de cr\u00e9er un profil et de commencer \u00e0 chercher quelqu\u2019un qui r\u00e9pond \u00e0 vos crit\u00e8res. Se connecter avec quelqu\u2019un peut \u00eatre un excellent moyen de s\u2019amuser et de&#8230;<a class=\"read-more-link button\" href=\"https:\/\/theyoungmessiah.com\/fr\/sites-de-connexions-locales-gratuits\/\">Read more<\/a><\/p>\n","protected":false},"author":1,"featured_media":0,"parent":0,"menu_order":0,"comment_status":"closed","ping_status":"closed","template":"","meta":[],"yoast_head":"<!-- This site is optimized with the Yoast SEO plugin v17.7.1 - https:\/\/yoast.com\/wordpress\/plugins\/seo\/ -->\n<title>Sites de connexions locales gratuits - Online Adult Dating<\/title>\n<meta name=\"robots\" content=\"index, follow, max-snippet:-1, max-image-preview:large, max-video-preview:-1\" \/>\n<link rel=\"canonical\" href=\"https:\/\/theyoungmessiah.com\/fr\/sites-de-connexions-locales-gratuits\/\" \/>\n<meta property=\"og:locale\" content=\"fr_FR\" \/>\n<meta property=\"og:type\" content=\"article\" \/>\n<meta property=\"og:title\" content=\"Sites de connexions locales gratuits - Online Adult Dating\" \/>\n<meta property=\"og:description\" content=\"Il existe de nombreux sites de connexion locaux qui peuvent vous aider \u00e0 trouver quelqu\u2019un avec qui vous connecter. Tout ce que vous avez \u00e0 faire est de cr\u00e9er un profil et de commencer \u00e0 chercher quelqu\u2019un qui r\u00e9pond \u00e0 vos crit\u00e8res. Se connecter avec quelqu\u2019un peut \u00eatre un excellent moyen de s\u2019amuser et de...Read more\" \/>\n<meta property=\"og:url\" content=\"https:\/\/theyoungmessiah.com\/fr\/sites-de-connexions-locales-gratuits\/\" \/>\n<meta property=\"og:site_name\" content=\"Online Adult Dating\" \/>\n<meta name=\"twitter:card\" content=\"summary_large_image\" \/>\n<meta name=\"twitter:label1\" content=\"Dur\u00e9e de lecture estim\u00e9e\" \/>\n\t<meta name=\"twitter:data1\" content=\"5 minutes\" \/>\n<script type=\"application\/ld+json\" class=\"yoast-schema-graph\">{\"@context\":\"https:\/\/schema.org\",\"@graph\":[{\"@type\":\"WebSite\",\"@id\":\"https:\/\/theyoungmessiah.com\/fr\/#website\",\"url\":\"https:\/\/theyoungmessiah.com\/fr\/\",\"name\":\"Online Adult Dating\",\"description\":\"Local Sex Hookups\",\"potentialAction\":[{\"@type\":\"SearchAction\",\"target\":{\"@type\":\"EntryPoint\",\"urlTemplate\":\"https:\/\/theyoungmessiah.com\/fr\/?s={search_term_string}\"},\"query-input\":\"required name=search_term_string\"}],\"inLanguage\":\"fr-FR\"},{\"@type\":\"WebPage\",\"@id\":\"https:\/\/theyoungmessiah.com\/fr\/sites-de-connexions-locales-gratuits\/#webpage\",\"url\":\"https:\/\/theyoungmessiah.com\/fr\/sites-de-connexions-locales-gratuits\/\",\"name\":\"Sites de connexions locales gratuits - Online Adult Dating\",\"isPartOf\":{\"@id\":\"https:\/\/theyoungmessiah.com\/fr\/#website\"},\"datePublished\":\"2022-10-12T12:52:14+00:00\",\"dateModified\":\"2022-10-12T12:52:14+00:00\",\"breadcrumb\":{\"@id\":\"https:\/\/theyoungmessiah.com\/fr\/sites-de-connexions-locales-gratuits\/#breadcrumb\"},\"inLanguage\":\"fr-FR\",\"potentialAction\":[{\"@type\":\"ReadAction\",\"target\":[\"https:\/\/theyoungmessiah.com\/fr\/sites-de-connexions-locales-gratuits\/\"]}]},{\"@type\":\"BreadcrumbList\",\"@id\":\"https:\/\/theyoungmessiah.com\/fr\/sites-de-connexions-locales-gratuits\/#breadcrumb\",\"itemListElement\":[{\"@type\":\"ListItem\",\"position\":1,\"name\":\"Home\",\"item\":\"https:\/\/theyoungmessiah.com\/fr\/\"},{\"@type\":\"ListItem\",\"position\":2,\"name\":\"Sites de connexions locales gratuits\"}]}]}<\/script>\n<!-- \/ Yoast SEO plugin. -->","yoast_head_json":{"title":"Sites de connexions locales gratuits - Online Adult Dating","robots":{"index":"index","follow":"follow","max-snippet":"max-snippet:-1","max-image-preview":"max-image-preview:large","max-video-preview":"max-video-preview:-1"},"canonical":"https:\/\/theyoungmessiah.com\/fr\/sites-de-connexions-locales-gratuits\/","og_locale":"fr_FR","og_type":"article","og_title":"Sites de connexions locales gratuits - Online Adult Dating","og_description":"Il existe de nombreux sites de connexion locaux qui peuvent vous aider \u00e0 trouver quelqu\u2019un avec qui vous connecter. Tout ce que vous avez \u00e0 faire est de cr\u00e9er un profil et de commencer \u00e0 chercher quelqu\u2019un qui r\u00e9pond \u00e0 vos crit\u00e8res. Se connecter avec quelqu\u2019un peut \u00eatre un excellent moyen de s\u2019amuser et de...Read more","og_url":"https:\/\/theyoungmessiah.com\/fr\/sites-de-connexions-locales-gratuits\/","og_site_name":"Online Adult Dating","twitter_card":"summary_large_image","twitter_misc":{"Dur\u00e9e de lecture estim\u00e9e":"5 minutes"},"schema":{"@context":"https:\/\/schema.org","@graph":[{"@type":"WebSite","@id":"https:\/\/theyoungmessiah.com\/fr\/#website","url":"https:\/\/theyoungmessiah.com\/fr\/","name":"Online Adult Dating","description":"Local Sex Hookups","potentialAction":[{"@type":"SearchAction","target":{"@type":"EntryPoint","urlTemplate":"https:\/\/theyoungmessiah.com\/fr\/?s={search_term_string}"},"query-input":"required name=search_term_string"}],"inLanguage":"fr-FR"},{"@type":"WebPage","@id":"https:\/\/theyoungmessiah.com\/fr\/sites-de-connexions-locales-gratuits\/#webpage","url":"https:\/\/theyoungmessiah.com\/fr\/sites-de-connexions-locales-gratuits\/","name":"Sites de connexions locales gratuits - Online Adult Dating","isPartOf":{"@id":"https:\/\/theyoungmessiah.com\/fr\/#website"},"datePublished":"2022-10-12T12:52:14+00:00","dateModified":"2022-10-12T12:52:14+00:00","breadcrumb":{"@id":"https:\/\/theyoungmessiah.com\/fr\/sites-de-connexions-locales-gratuits\/#breadcrumb"},"inLanguage":"fr-FR","potentialAction":[{"@type":"ReadAction","target":["https:\/\/theyoungmessiah.com\/fr\/sites-de-connexions-locales-gratuits\/"]}]},{"@type":"BreadcrumbList","@id":"https:\/\/theyoungmessiah.com\/fr\/sites-de-connexions-locales-gratuits\/#breadcrumb","itemListElement":[{"@type":"ListItem","position":1,"name":"Home","item":"https:\/\/theyoungmessiah.com\/fr\/"},{"@type":"ListItem","position":2,"name":"Sites de connexions locales gratuits"}]}]}},"_links":{"self":[{"href":"https:\/\/theyoungmessiah.com\/fr\/wp-json\/wp\/v2\/pages\/240"}],"collection":[{"href":"https:\/\/theyoungmessiah.com\/fr\/wp-json\/wp\/v2\/pages"}],"about":[{"href":"https:\/\/theyoungmessiah.com\/fr\/wp-json\/wp\/v2\/types\/page"}],"author":[{"embeddable":true,"href":"https:\/\/theyoungmessiah.com\/fr\/wp-json\/wp\/v2\/users\/1"}],"replies":[{"embeddable":true,"href":"https:\/\/theyoungmessiah.com\/fr\/wp-json\/wp\/v2\/comments?post=240"}],"version-history":[{"count":0,"href":"https:\/\/theyoungmessiah.com\/fr\/wp-json\/wp\/v2\/pages\/240\/revisions"}],"wp:attachment":[{"href":"https:\/\/theyoungmessiah.com\/fr\/wp-json\/wp\/v2\/media?parent=240"}],"curies":[{"name":"wp","href":"https:\/\/api.w.org\/{rel}","templated":true}]}}