{"id":263,"date":"2022-10-12T13:51:18","date_gmt":"2022-10-12T12:51:18","guid":{"rendered":"http:\/\/theyoungmessiah.com\/des-gens-excites-pres-de-chez-moi\/"},"modified":"2022-10-12T13:51:18","modified_gmt":"2022-10-12T12:51:18","slug":"des-gens-excites-pres-de-chez-moi","status":"publish","type":"page","link":"https:\/\/theyoungmessiah.com\/fr\/des-gens-excites-pres-de-chez-moi\/","title":{"rendered":"Des gens excit\u00e9s pr\u00e8s de chez moi"},"content":{"rendered":"<p>Il y a beaucoup de gens excit\u00e9s pr\u00e8s de chez vous si vous cherchez \u00e0 vous connecter. La meilleure fa\u00e7on de les trouver est d\u2019utiliser une application de rencontres ou de rencontres comme Tinder, Bumble ou Grindr. Vous pouvez \u00e9galement essayer d\u2019aller dans les bars ou les clubs populaires de votre r\u00e9gion. Si vous avez du mal \u00e0 trouver quelqu\u2019un, vous pouvez toujours demander \u00e0 vos amis s\u2019ils connaissent quelqu\u2019un qui pourrait \u00eatre int\u00e9ress\u00e9.<\/p>\n<p><a href=\"http:\/\/theyoungmessiah.com\/local-women-looking-for-sex\/\">Les femmes excit\u00e9es<\/a> peuvent \u00eatre trouv\u00e9es partout sur Internet, et elles sont g\u00e9n\u00e9ralement en train de discuter de tout et n\u2019importe quoi. Cependant, quand il s\u2019agit de rencontres, il y a quelques choses que vous devez garder \u00e0 l\u2019esprit. Tout d\u2019abord, les femmes excit\u00e9es sont souvent tr\u00e8s en avant, vous devrez donc vous y pr\u00e9parer. Deuxi\u00e8mement, ils recherchent g\u00e9n\u00e9ralement une connexion rapide, alors ne vous attendez \u00e0 rien de trop grave. Enfin, les femmes excit\u00e9es sont souvent assez sauvages au lit, alors pr\u00e9parez-vous \u00e0 passer un bon moment!<\/p>\n<h2>Rencontre avec des filles excit\u00e9es<\/h2>\n<p>Il n\u2019y a rien de tel que de rencontrer une fille sexy en ligne et de savoir qu\u2019elle est aussi excit\u00e9e que vous. C\u2019est un excellent moyen d\u2019apprendre \u00e0 conna\u00eetre quelqu\u2019un et de descendre en m\u00eame temps. Assurez-vous simplement d\u2019\u00eatre en s\u00e9curit\u00e9 et d\u2019utiliser un site de bonne r\u00e9putation.<\/p>\n<p>Il y a beaucoup de femmes excit\u00e9es pr\u00e8s de moi et \u00e0 travers le pays qui cherchent un gars comme vous. Vous pouvez les trouver en ligne sur n\u2019importe quel nombre de sites de rencontres. Tout ce que vous avez \u00e0 faire est de cr\u00e9er un profil, de mettre en place quelques photos et de commencer \u00e0 envoyer des messages. Les femmes sur ces sites Web sont g\u00e9n\u00e9ralement ouvertes \u00e0 la rencontre pour des relations sexuelles occasionnelles, vous ne devriez donc pas avoir de mal \u00e0 trouver quelqu\u2019un avec qui vous connecter.<\/p>\n<h3>Chat Avenue<\/h3>\n<p>Si vous recherchez une application de rencontres qui vous aidera \u00e0 trouver des personnes excit\u00e9es pr\u00e8s de chez vous, Chat Avenue est une bonne option. L\u2019application a une grande base d\u2019utilisateurs, vous \u00eates donc susceptible de trouver quelqu\u2019un qui est int\u00e9ress\u00e9 \u00e0 se connecter. L\u2019application est gratuite \u00e0 t\u00e9l\u00e9charger et \u00e0 utiliser, et il est facile de s\u2019inscrire et de commencer \u00e0 discuter avec les gens. Cependant, l\u2019application n\u2019est pas sans d\u00e9fauts. Certains utilisateurs ont signal\u00e9 que l\u2019application est bogu\u00e9e et se bloque souvent. De plus, l\u2019application n\u2019a pas beaucoup de fonctionnalit\u00e9s, elle n\u2019est donc pas aussi compl\u00e8te que certaines des autres applications de rencontres. Dans l\u2019ensemble, Chat Avenue est une option d\u00e9cente pour trouver des personnes excit\u00e9es avec qui se connecter.<\/p>\n<h3>Zoosk<\/h3>\n<p>Si vous recherchez une application de rencontres qui facilite la connexion avec des c\u00e9libataires locaux, zoosk est un excellent choix. Avec plus de 30 millions de membres, c\u2019est l\u2019une des applications de rencontres les plus populaires. Et c\u2019est particuli\u00e8rement populaire aupr\u00e8s des gens excit\u00e9s pr\u00e8s de chez moi.<\/p>\n<p>L\u2019application Zoosk est gratuite \u00e0 t\u00e9l\u00e9charger et \u00e0 utiliser, et elle est assez facile \u00e0 utiliser. Il suffit de cr\u00e9er un profil, de t\u00e9l\u00e9charger une photo et de commencer \u00e0 rechercher des c\u00e9libataires locaux. Vous pouvez filtrer votre recherche par emplacement, \u00e2ge et centres d\u2019int\u00e9r\u00eat, et vous pouvez envoyer un message \u00e0 toute personne qui attire votre attention.<\/p>\n<p>Le seul inconv\u00e9nient de Zoosk est qu\u2019il n\u2019est pas aussi populaire que certaines des autres applications de rencontres, vous pourriez donc avoir plus de mal \u00e0 trouver des correspondances. Mais si vous recherchez une connexion rapide, cela vaut vraiment la peine d\u2019essayer.<\/p>\n<h3>Fling.com<\/h3>\n<p>Fling.com est une application de rencontres qui vous permet de trouver des personnes excit\u00e9es pr\u00e8s de chez vous. L\u2019application est gratuite \u00e0 t\u00e9l\u00e9charger et \u00e0 utiliser, et elle offre une vari\u00e9t\u00e9 de fonctionnalit\u00e9s pour vous aider \u00e0 trouver une correspondance. Vous pouvez rechercher des utilisateurs par emplacement, \u00e2ge et sexe, et vous pouvez leur envoyer un message pour d\u00e9marrer une conversation. L\u2019application comprend \u00e9galement une fonction \u00ab&nbsp;fling finder&nbsp;\u00bb qui vous permet de trouver des utilisateurs qui recherchent une aventure. Dans l\u2019ensemble, l\u2019application est un excellent moyen de rencontrer de nouvelles personnes et de se faire poser.<\/p>\n<h3>Bumble<\/h3>\n<p>Bumble est une application de rencontres qui vous permet de trouver des dates potentielles pr\u00e8s de chez vous. Il est similaire \u00e0 d\u2019autres applications de rencontres comme Tinder et OkCupid, mais il pr\u00e9sente quelques diff\u00e9rences cl\u00e9s. Premi\u00e8rement, les femmes ont le contr\u00f4le. Ils doivent faire le premier pas, et ils ne peuvent envoyer des messages qu\u2019aux hommes avec lesquels ils ont jumel\u00e9. Deuxi\u00e8mement, l\u2019application est orient\u00e9e vers des relations plus s\u00e9rieuses. Ce n\u2019est pas aussi d\u00e9contract\u00e9 que Tinder, et vous \u00eates plus susceptible de trouver quelqu\u2019un \u00e0 la recherche d\u2019une relation \u00e0 long terme. Dans l\u2019ensemble, Bumble est une excellente application de rencontres pour les femmes qui veulent avoir le contr\u00f4le et pour les personnes qui recherchent des relations plus s\u00e9rieuses.<\/p>\n","protected":false},"excerpt":{"rendered":"<p>Il y a beaucoup de gens excit\u00e9s pr\u00e8s de chez vous si vous cherchez \u00e0 vous connecter. La meilleure fa\u00e7on de les trouver est d\u2019utiliser une application de rencontres ou de rencontres comme Tinder, Bumble ou Grindr. Vous pouvez \u00e9galement essayer d\u2019aller dans les bars ou les clubs populaires de votre r\u00e9gion. Si vous avez&#8230;<a class=\"read-more-link button\" href=\"https:\/\/theyoungmessiah.com\/fr\/des-gens-excites-pres-de-chez-moi\/\">Read more<\/a><\/p>\n","protected":false},"author":1,"featured_media":0,"parent":0,"menu_order":0,"comment_status":"closed","ping_status":"closed","template":"","meta":[],"yoast_head":"<!-- This site is optimized with the Yoast SEO plugin v17.7.1 - https:\/\/yoast.com\/wordpress\/plugins\/seo\/ -->\n<title>Des gens excit\u00e9s pr\u00e8s de chez moi - Online Adult Dating<\/title>\n<meta name=\"robots\" content=\"index, follow, max-snippet:-1, max-image-preview:large, max-video-preview:-1\" \/>\n<link rel=\"canonical\" href=\"https:\/\/theyoungmessiah.com\/fr\/des-gens-excites-pres-de-chez-moi\/\" \/>\n<meta property=\"og:locale\" content=\"fr_FR\" \/>\n<meta property=\"og:type\" content=\"article\" \/>\n<meta property=\"og:title\" content=\"Des gens excit\u00e9s pr\u00e8s de chez moi - Online Adult Dating\" \/>\n<meta property=\"og:description\" content=\"Il y a beaucoup de gens excit\u00e9s pr\u00e8s de chez vous si vous cherchez \u00e0 vous connecter. La meilleure fa\u00e7on de les trouver est d\u2019utiliser une application de rencontres ou de rencontres comme Tinder, Bumble ou Grindr. Vous pouvez \u00e9galement essayer d\u2019aller dans les bars ou les clubs populaires de votre r\u00e9gion. Si vous avez...Read more\" \/>\n<meta property=\"og:url\" content=\"https:\/\/theyoungmessiah.com\/fr\/des-gens-excites-pres-de-chez-moi\/\" \/>\n<meta property=\"og:site_name\" content=\"Online Adult Dating\" \/>\n<meta name=\"twitter:card\" content=\"summary_large_image\" \/>\n<meta name=\"twitter:label1\" content=\"Dur\u00e9e de lecture estim\u00e9e\" \/>\n\t<meta name=\"twitter:data1\" content=\"4 minutes\" \/>\n<script type=\"application\/ld+json\" class=\"yoast-schema-graph\">{\"@context\":\"https:\/\/schema.org\",\"@graph\":[{\"@type\":\"WebSite\",\"@id\":\"https:\/\/theyoungmessiah.com\/fr\/#website\",\"url\":\"https:\/\/theyoungmessiah.com\/fr\/\",\"name\":\"Online Adult Dating\",\"description\":\"Local Sex Hookups\",\"potentialAction\":[{\"@type\":\"SearchAction\",\"target\":{\"@type\":\"EntryPoint\",\"urlTemplate\":\"https:\/\/theyoungmessiah.com\/fr\/?s={search_term_string}\"},\"query-input\":\"required name=search_term_string\"}],\"inLanguage\":\"fr-FR\"},{\"@type\":\"WebPage\",\"@id\":\"https:\/\/theyoungmessiah.com\/fr\/des-gens-excites-pres-de-chez-moi\/#webpage\",\"url\":\"https:\/\/theyoungmessiah.com\/fr\/des-gens-excites-pres-de-chez-moi\/\",\"name\":\"Des gens excit\\u00e9s pr\\u00e8s de chez moi - Online Adult Dating\",\"isPartOf\":{\"@id\":\"https:\/\/theyoungmessiah.com\/fr\/#website\"},\"datePublished\":\"2022-10-12T12:51:18+00:00\",\"dateModified\":\"2022-10-12T12:51:18+00:00\",\"breadcrumb\":{\"@id\":\"https:\/\/theyoungmessiah.com\/fr\/des-gens-excites-pres-de-chez-moi\/#breadcrumb\"},\"inLanguage\":\"fr-FR\",\"potentialAction\":[{\"@type\":\"ReadAction\",\"target\":[\"https:\/\/theyoungmessiah.com\/fr\/des-gens-excites-pres-de-chez-moi\/\"]}]},{\"@type\":\"BreadcrumbList\",\"@id\":\"https:\/\/theyoungmessiah.com\/fr\/des-gens-excites-pres-de-chez-moi\/#breadcrumb\",\"itemListElement\":[{\"@type\":\"ListItem\",\"position\":1,\"name\":\"Home\",\"item\":\"https:\/\/theyoungmessiah.com\/fr\/\"},{\"@type\":\"ListItem\",\"position\":2,\"name\":\"Des gens excit\\u00e9s pr\\u00e8s de chez moi\"}]}]}<\/script>\n<!-- \/ Yoast SEO plugin. -->","yoast_head_json":{"title":"Des gens excit\u00e9s pr\u00e8s de chez moi - Online Adult Dating","robots":{"index":"index","follow":"follow","max-snippet":"max-snippet:-1","max-image-preview":"max-image-preview:large","max-video-preview":"max-video-preview:-1"},"canonical":"https:\/\/theyoungmessiah.com\/fr\/des-gens-excites-pres-de-chez-moi\/","og_locale":"fr_FR","og_type":"article","og_title":"Des gens excit\u00e9s pr\u00e8s de chez moi - Online Adult Dating","og_description":"Il y a beaucoup de gens excit\u00e9s pr\u00e8s de chez vous si vous cherchez \u00e0 vous connecter. La meilleure fa\u00e7on de les trouver est d\u2019utiliser une application de rencontres ou de rencontres comme Tinder, Bumble ou Grindr. Vous pouvez \u00e9galement essayer d\u2019aller dans les bars ou les clubs populaires de votre r\u00e9gion. Si vous avez...Read more","og_url":"https:\/\/theyoungmessiah.com\/fr\/des-gens-excites-pres-de-chez-moi\/","og_site_name":"Online Adult Dating","twitter_card":"summary_large_image","twitter_misc":{"Dur\u00e9e de lecture estim\u00e9e":"4 minutes"},"schema":{"@context":"https:\/\/schema.org","@graph":[{"@type":"WebSite","@id":"https:\/\/theyoungmessiah.com\/fr\/#website","url":"https:\/\/theyoungmessiah.com\/fr\/","name":"Online Adult Dating","description":"Local Sex Hookups","potentialAction":[{"@type":"SearchAction","target":{"@type":"EntryPoint","urlTemplate":"https:\/\/theyoungmessiah.com\/fr\/?s={search_term_string}"},"query-input":"required name=search_term_string"}],"inLanguage":"fr-FR"},{"@type":"WebPage","@id":"https:\/\/theyoungmessiah.com\/fr\/des-gens-excites-pres-de-chez-moi\/#webpage","url":"https:\/\/theyoungmessiah.com\/fr\/des-gens-excites-pres-de-chez-moi\/","name":"Des gens excit\u00e9s pr\u00e8s de chez moi - Online Adult Dating","isPartOf":{"@id":"https:\/\/theyoungmessiah.com\/fr\/#website"},"datePublished":"2022-10-12T12:51:18+00:00","dateModified":"2022-10-12T12:51:18+00:00","breadcrumb":{"@id":"https:\/\/theyoungmessiah.com\/fr\/des-gens-excites-pres-de-chez-moi\/#breadcrumb"},"inLanguage":"fr-FR","potentialAction":[{"@type":"ReadAction","target":["https:\/\/theyoungmessiah.com\/fr\/des-gens-excites-pres-de-chez-moi\/"]}]},{"@type":"BreadcrumbList","@id":"https:\/\/theyoungmessiah.com\/fr\/des-gens-excites-pres-de-chez-moi\/#breadcrumb","itemListElement":[{"@type":"ListItem","position":1,"name":"Home","item":"https:\/\/theyoungmessiah.com\/fr\/"},{"@type":"ListItem","position":2,"name":"Des gens excit\u00e9s pr\u00e8s de chez moi"}]}]}},"_links":{"self":[{"href":"https:\/\/theyoungmessiah.com\/fr\/wp-json\/wp\/v2\/pages\/263"}],"collection":[{"href":"https:\/\/theyoungmessiah.com\/fr\/wp-json\/wp\/v2\/pages"}],"about":[{"href":"https:\/\/theyoungmessiah.com\/fr\/wp-json\/wp\/v2\/types\/page"}],"author":[{"embeddable":true,"href":"https:\/\/theyoungmessiah.com\/fr\/wp-json\/wp\/v2\/users\/1"}],"replies":[{"embeddable":true,"href":"https:\/\/theyoungmessiah.com\/fr\/wp-json\/wp\/v2\/comments?post=263"}],"version-history":[{"count":0,"href":"https:\/\/theyoungmessiah.com\/fr\/wp-json\/wp\/v2\/pages\/263\/revisions"}],"wp:attachment":[{"href":"https:\/\/theyoungmessiah.com\/fr\/wp-json\/wp\/v2\/media?parent=263"}],"curies":[{"name":"wp","href":"https:\/\/api.w.org\/{rel}","templated":true}]}}