{"id":266,"date":"2022-10-12T13:51:58","date_gmt":"2022-10-12T12:51:58","guid":{"rendered":"http:\/\/theyoungmessiah.com\/sites-de-chat-milf-gratuits\/"},"modified":"2022-10-12T13:51:58","modified_gmt":"2022-10-12T12:51:58","slug":"sites-de-chat-milf-gratuits","status":"publish","type":"page","link":"https:\/\/theyoungmessiah.com\/fr\/sites-de-chat-milf-gratuits\/","title":{"rendered":"Sites de chat Milf gratuits"},"content":{"rendered":"<p>Il existe de nombreux sites de chat milf gratuits en ligne qui vous permettent de discuter avec des femmes matures \u00e0 la recherche d\u2019une aventure. Ces sites sont un excellent moyen de se connecter avec des femmes plus \u00e2g\u00e9es qui sont int\u00e9ress\u00e9es \u00e0 se connecter. Tout ce que vous avez \u00e0 faire est de cr\u00e9er un profil et de commencer \u00e0 discuter. Vous serez surpris de voir \u00e0 quel point il est facile de trouver une milf avec qui discuter.<\/p>\n<h2>Salons de discussion MILF gratuits<\/h2>\n<p>Il existe de nombreux salons de discussion milf gratuits disponibles en ligne qui peuvent \u00eatre <a href=\"http:\/\/theyoungmessiah.com\/horny-people-near-me\/\">utilis\u00e9s \u00e0 des fins de rencontres<\/a>. Ces salons de discussion offrent une excellente plate-forme pour rencontrer des partenaires potentiels et mieux les conna\u00eetre. De nombreux salons de discussion offrent \u00e9galement des installations de webcam qui peuvent \u00eatre utilis\u00e9es pour une communication ult\u00e9rieure. Les salons de discussion milf gratuits peuvent \u00eatre trouv\u00e9s sur de nombreux sites de rencontres et sont une excellente ressource pour rencontrer de nouvelles personnes.<\/p>\n<p>Discuter avec des milfs en ligne peut \u00eatre un excellent moyen de mieux les conna\u00eetre et de construire une relation. Voici quelques conseils pour tirer le meilleur parti de vos conversations :<\/p>\n<p>Prenez le temps de lire leur profil avant de commencer \u00e0 discuter. Cela vous donnera une id\u00e9e de ce qui les int\u00e9resse et vous aidera \u00e0 orienter la conversation dans cette direction.<\/p>\n<ul>\n<li>Soyez respectueux et \u00e9vitez de faire des remarques offensantes ou suggestives.<\/li>\n<li>Posez des questions et \u00e9coutez attentivement leurs r\u00e9ponses. Cela montrera que vous vous int\u00e9ressez \u00e0 eux et aidera \u00e0 maintenir la conversation fluide.<\/li>\n<li>N\u2019ayez pas peur de flirter un peu \u2013 tout cela fait partie du plaisir!<\/li>\n<li>Terminez la conversation sur une note positive, en leur faisant savoir que vous avez aim\u00e9 leur parler et en esp\u00e9rant discuter \u00e0 nouveau bient\u00f4t.<\/li>\n<\/ul>\n<h2>Parlez avec Milfs<\/h2>\n<p>J\u2019ai eu d\u2019excellentes conversations avec milfs sur des sites de rencontres en ligne. Ils sont g\u00e9n\u00e9ralement tr\u00e8s ouverts d\u2019esprit et pr\u00eats \u00e0 parler d\u2019une vari\u00e9t\u00e9 de sujets. J\u2019ai constat\u00e9 qu\u2019elles sont souvent plus exp\u00e9riment\u00e9es que les femmes plus jeunes et qu\u2019elles sont g\u00e9n\u00e9ralement plus confiantes dans leur sexualit\u00e9. Cela fait une excellente combinaison dans la chambre \u00e0 coucher. J\u2019ai \u00e9galement constat\u00e9 que les milfs sont souvent tr\u00e8s ouverts \u00e0 essayer de nouvelles choses et qu\u2019ils sont g\u00e9n\u00e9ralement pr\u00eats \u00e0 exp\u00e9rimenter. J\u2019ai eu d\u2019excellentes exp\u00e9riences avec les milfs et je les recommanderais certainement \u00e0 tous ceux qui recherchent un bon moment.<\/p>\n<h3>Geek2Geek<\/h3>\n<p>Si vous recherchez une application de rencontres qui s\u2019adresse aux geeks, vous voudrez consulter Geek2Geek. Cette application est con\u00e7ue sp\u00e9cifiquement pour les geeks et offre un moyen amusant, s\u00fbr et facile de rencontrer et de discuter avec d\u2019autres geeks. L\u2019application est gratuite \u00e0 t\u00e9l\u00e9charger et \u00e0 utiliser, et elle est disponible pour les appareils iOS et Android. L\u2019une des meilleures choses \u00e0 propos de Geek2Geek est que c\u2019est une zone sans jugement. Que vous aimiez le cosplay, les jeux, les bandes dessin\u00e9es ou tout autre geek, vous trouverez une communaut\u00e9 de personnes partageant les m\u00eames id\u00e9es sur cette application. L\u2019application dispose \u00e9galement d\u2019une vari\u00e9t\u00e9 de fonctionnalit\u00e9s pour vous aider \u00e0 vous connecter avec d\u2019autres geeks, y compris un syst\u00e8me de messagerie priv\u00e9e, un \u00ab&nbsp;quiz geek&nbsp;\u00bb pour vous aider \u00e0 trouver des correspondances et une \u00ab&nbsp;geekipedia&nbsp;\u00bb avec des tonnes d\u2019informations sur tout ce qui est geek.<\/p>\n<p>Si vous recherchez un moyen amusant, s\u00fbr et facile de vous connecter avec d\u2019autres geeks, Geek2Geek est l\u2019application de rencontres qu\u2019il vous faut.<\/p>\n<h3>Chatzy<\/h3>\n<p>Si vous recherchez un site de chat milf gratuit, Chatzy est une excellente option. Le site dispose d\u2019une interface propre et conviviale, et il est facile de trouver et de rejoindre des salles de discussion. Il existe \u00e9galement une vari\u00e9t\u00e9 de fonctionnalit\u00e9s, y compris la possibilit\u00e9 d\u2019envoyer des messages priv\u00e9s, de partager des photos et de cr\u00e9er des groupes.<\/p>\n<p>Bien que le site n\u2019ait pas une tonne d\u2019utilisateurs, c\u2019est toujours une excellente option pour discuter avec milfs. Les salles sont g\u00e9n\u00e9ralement actives, et vous pouvez g\u00e9n\u00e9ralement trouver une milf avec qui discuter. Le site propose \u00e9galement une bonne s\u00e9lection de chambres, vous \u00eates donc s\u00fbr d\u2019en trouver une qui vous convient.<\/p>\n<h3>Affaires chaudes<\/h3>\n<p>HeatedAffairs est un site de chat milf qui vous permet de vous connecter gratuitement avec des femmes plus \u00e2g\u00e9es. Le site a un design simple et est facile \u00e0 utiliser. Vous pouvez parcourir les profils et envoyer des messages aux femmes qui vous int\u00e9ressent. Les femmes sur le site sont actives et r\u00e9actives. Vous pouvez \u00e9galement utiliser le site pour trouver des milfs dans votre r\u00e9gion.<\/p>\n<h3>Milfaholic<\/h3>\n<p>Si vous recherchez un site de chat milf gratuit, alors vous devriez certainement consulter Milfaholic. Ce site est une excellente option pour ceux qui recherchent un endroit pour discuter avec des femmes plus \u00e2g\u00e9es. Il existe de nombreuses salles de discussion diff\u00e9rentes sur le site, vous pouvez donc toujours en trouver une qui vous int\u00e9resse. Vous pouvez \u00e9galement rechercher des membres par \u00e2ge, emplacement ou centres d\u2019int\u00e9r\u00eat.<\/p>\n<p>La meilleure partie de Milfaholic est qu\u2019il est absolument gratuit \u00e0 utiliser. Vous pouvez cr\u00e9er un compte et commencer \u00e0 discuter imm\u00e9diatement. Il n\u2019est pas n\u00e9cessaire de payer quoi que ce soit pour utiliser le site. Cela en fait une excellente option pour ceux qui veulent discuter avec des femmes plus \u00e2g\u00e9es sans avoir \u00e0 d\u00e9penser d\u2019argent.<\/p>\n","protected":false},"excerpt":{"rendered":"<p>Il existe de nombreux sites de chat milf gratuits en ligne qui vous permettent de discuter avec des femmes matures \u00e0 la recherche d\u2019une aventure. Ces sites sont un excellent moyen de se connecter avec des femmes plus \u00e2g\u00e9es qui sont int\u00e9ress\u00e9es \u00e0 se connecter. Tout ce que vous avez \u00e0 faire est de cr\u00e9er&#8230;<a class=\"read-more-link button\" href=\"https:\/\/theyoungmessiah.com\/fr\/sites-de-chat-milf-gratuits\/\">Read more<\/a><\/p>\n","protected":false},"author":1,"featured_media":0,"parent":0,"menu_order":0,"comment_status":"closed","ping_status":"closed","template":"","meta":[],"yoast_head":"<!-- This site is optimized with the Yoast SEO plugin v17.7.1 - https:\/\/yoast.com\/wordpress\/plugins\/seo\/ -->\n<title>Sites de chat Milf gratuits - Online Adult Dating<\/title>\n<meta name=\"robots\" content=\"index, follow, max-snippet:-1, max-image-preview:large, max-video-preview:-1\" \/>\n<link rel=\"canonical\" href=\"https:\/\/theyoungmessiah.com\/fr\/sites-de-chat-milf-gratuits\/\" \/>\n<meta property=\"og:locale\" content=\"fr_FR\" \/>\n<meta property=\"og:type\" content=\"article\" \/>\n<meta property=\"og:title\" content=\"Sites de chat Milf gratuits - Online Adult Dating\" \/>\n<meta property=\"og:description\" content=\"Il existe de nombreux sites de chat milf gratuits en ligne qui vous permettent de discuter avec des femmes matures \u00e0 la recherche d\u2019une aventure. Ces sites sont un excellent moyen de se connecter avec des femmes plus \u00e2g\u00e9es qui sont int\u00e9ress\u00e9es \u00e0 se connecter. Tout ce que vous avez \u00e0 faire est de cr\u00e9er...Read more\" \/>\n<meta property=\"og:url\" content=\"https:\/\/theyoungmessiah.com\/fr\/sites-de-chat-milf-gratuits\/\" \/>\n<meta property=\"og:site_name\" content=\"Online Adult Dating\" \/>\n<meta name=\"twitter:card\" content=\"summary_large_image\" \/>\n<meta name=\"twitter:label1\" content=\"Dur\u00e9e de lecture estim\u00e9e\" \/>\n\t<meta name=\"twitter:data1\" content=\"5 minutes\" \/>\n<script type=\"application\/ld+json\" class=\"yoast-schema-graph\">{\"@context\":\"https:\/\/schema.org\",\"@graph\":[{\"@type\":\"WebSite\",\"@id\":\"https:\/\/theyoungmessiah.com\/fr\/#website\",\"url\":\"https:\/\/theyoungmessiah.com\/fr\/\",\"name\":\"Online Adult Dating\",\"description\":\"Local Sex Hookups\",\"potentialAction\":[{\"@type\":\"SearchAction\",\"target\":{\"@type\":\"EntryPoint\",\"urlTemplate\":\"https:\/\/theyoungmessiah.com\/fr\/?s={search_term_string}\"},\"query-input\":\"required name=search_term_string\"}],\"inLanguage\":\"fr-FR\"},{\"@type\":\"WebPage\",\"@id\":\"https:\/\/theyoungmessiah.com\/fr\/sites-de-chat-milf-gratuits\/#webpage\",\"url\":\"https:\/\/theyoungmessiah.com\/fr\/sites-de-chat-milf-gratuits\/\",\"name\":\"Sites de chat Milf gratuits - Online Adult Dating\",\"isPartOf\":{\"@id\":\"https:\/\/theyoungmessiah.com\/fr\/#website\"},\"datePublished\":\"2022-10-12T12:51:58+00:00\",\"dateModified\":\"2022-10-12T12:51:58+00:00\",\"breadcrumb\":{\"@id\":\"https:\/\/theyoungmessiah.com\/fr\/sites-de-chat-milf-gratuits\/#breadcrumb\"},\"inLanguage\":\"fr-FR\",\"potentialAction\":[{\"@type\":\"ReadAction\",\"target\":[\"https:\/\/theyoungmessiah.com\/fr\/sites-de-chat-milf-gratuits\/\"]}]},{\"@type\":\"BreadcrumbList\",\"@id\":\"https:\/\/theyoungmessiah.com\/fr\/sites-de-chat-milf-gratuits\/#breadcrumb\",\"itemListElement\":[{\"@type\":\"ListItem\",\"position\":1,\"name\":\"Home\",\"item\":\"https:\/\/theyoungmessiah.com\/fr\/\"},{\"@type\":\"ListItem\",\"position\":2,\"name\":\"Sites de chat Milf gratuits\"}]}]}<\/script>\n<!-- \/ Yoast SEO plugin. -->","yoast_head_json":{"title":"Sites de chat Milf gratuits - Online Adult Dating","robots":{"index":"index","follow":"follow","max-snippet":"max-snippet:-1","max-image-preview":"max-image-preview:large","max-video-preview":"max-video-preview:-1"},"canonical":"https:\/\/theyoungmessiah.com\/fr\/sites-de-chat-milf-gratuits\/","og_locale":"fr_FR","og_type":"article","og_title":"Sites de chat Milf gratuits - Online Adult Dating","og_description":"Il existe de nombreux sites de chat milf gratuits en ligne qui vous permettent de discuter avec des femmes matures \u00e0 la recherche d\u2019une aventure. Ces sites sont un excellent moyen de se connecter avec des femmes plus \u00e2g\u00e9es qui sont int\u00e9ress\u00e9es \u00e0 se connecter. Tout ce que vous avez \u00e0 faire est de cr\u00e9er...Read more","og_url":"https:\/\/theyoungmessiah.com\/fr\/sites-de-chat-milf-gratuits\/","og_site_name":"Online Adult Dating","twitter_card":"summary_large_image","twitter_misc":{"Dur\u00e9e de lecture estim\u00e9e":"5 minutes"},"schema":{"@context":"https:\/\/schema.org","@graph":[{"@type":"WebSite","@id":"https:\/\/theyoungmessiah.com\/fr\/#website","url":"https:\/\/theyoungmessiah.com\/fr\/","name":"Online Adult Dating","description":"Local Sex Hookups","potentialAction":[{"@type":"SearchAction","target":{"@type":"EntryPoint","urlTemplate":"https:\/\/theyoungmessiah.com\/fr\/?s={search_term_string}"},"query-input":"required name=search_term_string"}],"inLanguage":"fr-FR"},{"@type":"WebPage","@id":"https:\/\/theyoungmessiah.com\/fr\/sites-de-chat-milf-gratuits\/#webpage","url":"https:\/\/theyoungmessiah.com\/fr\/sites-de-chat-milf-gratuits\/","name":"Sites de chat Milf gratuits - Online Adult Dating","isPartOf":{"@id":"https:\/\/theyoungmessiah.com\/fr\/#website"},"datePublished":"2022-10-12T12:51:58+00:00","dateModified":"2022-10-12T12:51:58+00:00","breadcrumb":{"@id":"https:\/\/theyoungmessiah.com\/fr\/sites-de-chat-milf-gratuits\/#breadcrumb"},"inLanguage":"fr-FR","potentialAction":[{"@type":"ReadAction","target":["https:\/\/theyoungmessiah.com\/fr\/sites-de-chat-milf-gratuits\/"]}]},{"@type":"BreadcrumbList","@id":"https:\/\/theyoungmessiah.com\/fr\/sites-de-chat-milf-gratuits\/#breadcrumb","itemListElement":[{"@type":"ListItem","position":1,"name":"Home","item":"https:\/\/theyoungmessiah.com\/fr\/"},{"@type":"ListItem","position":2,"name":"Sites de chat Milf gratuits"}]}]}},"_links":{"self":[{"href":"https:\/\/theyoungmessiah.com\/fr\/wp-json\/wp\/v2\/pages\/266"}],"collection":[{"href":"https:\/\/theyoungmessiah.com\/fr\/wp-json\/wp\/v2\/pages"}],"about":[{"href":"https:\/\/theyoungmessiah.com\/fr\/wp-json\/wp\/v2\/types\/page"}],"author":[{"embeddable":true,"href":"https:\/\/theyoungmessiah.com\/fr\/wp-json\/wp\/v2\/users\/1"}],"replies":[{"embeddable":true,"href":"https:\/\/theyoungmessiah.com\/fr\/wp-json\/wp\/v2\/comments?post=266"}],"version-history":[{"count":0,"href":"https:\/\/theyoungmessiah.com\/fr\/wp-json\/wp\/v2\/pages\/266\/revisions"}],"wp:attachment":[{"href":"https:\/\/theyoungmessiah.com\/fr\/wp-json\/wp\/v2\/media?parent=266"}],"curies":[{"name":"wp","href":"https:\/\/api.w.org\/{rel}","templated":true}]}}