{"id":273,"date":"2022-10-12T13:51:02","date_gmt":"2022-10-12T12:51:02","guid":{"rendered":"http:\/\/theyoungmessiah.com\/femmes-locales-a-la-recherche-de-sexe\/"},"modified":"2022-10-12T13:51:02","modified_gmt":"2022-10-12T12:51:02","slug":"femmes-locales-a-la-recherche-de-sexe","status":"publish","type":"page","link":"https:\/\/theyoungmessiah.com\/fr\/femmes-locales-a-la-recherche-de-sexe\/","title":{"rendered":"Femmes locales \u00e0 la recherche de sexe"},"content":{"rendered":"<p>Les femmes locales \u00e0 la recherche de sexe sont souvent dispos\u00e9es \u00e0 se connecter avec des hommes qu\u2019elles rencontrent en ligne. Il existe un certain nombre de sites Web et d\u2019applications qui s\u2019adressent \u00e0 ce groupe d\u00e9mographique, ce qui facilite la connexion avec des partenaires potentiels. Dans de nombreux cas, ces femmes sont simplement \u00e0 la recherche d\u2019une connexion physique et ne sont int\u00e9ress\u00e9es par rien de plus. Cependant, il y a aussi des femmes qui recherchent une relation plus s\u00e9rieuse. Ces femmes sont peut-\u00eatre plus difficiles \u00e0 trouver, mais elles sont l\u00e0. La meilleure fa\u00e7on de les trouver est d\u2019utiliser un site de rencontre ou une application qui vous permet de rechercher des femmes qui recherchent <a href=\"http:\/\/theyoungmessiah.com\/date-in-your-area\/\">quelque chose de plus qu\u2019une simple connexion<\/a>.<\/p>\n<h2>Les femmes qui veulent baiser<\/h2>\n<p>Il n\u2019y a rien de mal \u00e0 vouloir baiser, et il y a beaucoup de femmes qui ressentent la m\u00eame chose. La cl\u00e9 est de trouver quelqu\u2019un qui partage vos d\u00e9sirs et avec qui vous \u00eates compatible.<\/p>\n<p>Il y a quelques choses \u00e0 garder \u00e0 l\u2019esprit lorsque vous cherchez un copain de baise.<\/p>\n<ul>\n<li>Tout d\u2019abord, assurez-vous d\u2019\u00eatre sur la m\u00eame longueur d\u2019onde sur ce que vous recherchez. Il ne sert \u00e0 rien de s\u2019impliquer avec quelqu\u2019un si vous n\u2019\u00eates pas sur la m\u00eame longueur d\u2019onde sur ce que vous faites.<\/li>\n<li>Deuxi\u00e8mement, assurez-vous que vous \u00eates tous les deux \u00e0 l\u2019aise l\u2019un avec l\u2019autre. Si vous n\u2019\u00eates pas \u00e0 l\u2019aise l\u2019un avec l\u2019autre, ce ne sera pas un bon moment.<\/li>\n<li>Troisi\u00e8mement, la communication est essentielle. Assurez-vous que vous communiquez tous les deux ce que vous voulez et ce dont vous avez besoin de la relation. Si vous n\u2019\u00eates pas sur la m\u00eame longueur d\u2019onde, cela ne fonctionnera pas.<\/li>\n<li>Enfin, n\u2019ayez pas peur d\u2019exp\u00e9rimenter. Si vous n\u2019\u00eates pas s\u00fbr de ce que vous voulez, essayez diff\u00e9rentes choses et voyez ce qui fonctionne pour vous. Il n\u2019y a pas une seule bonne fa\u00e7on de faire les choses, alors n\u2019ayez pas peur d\u2019explorer.<\/li>\n<\/ul>\n<p>Il existe de nombreuses fa\u00e7ons de rencontrer des femmes excit\u00e9es pr\u00e8s de chez vous, mais le moyen le plus populaire est certainement les rencontres en ligne. C\u2019est parce que les rencontres en ligne vous donnent beaucoup plus d\u2019options et beaucoup plus de flexibilit\u00e9 quand il s\u2019agit de choisir qui vous voulez rencontrer. Vous pouvez \u00e9galement utiliser les rencontres en ligne pour trouver des femmes qui recherchent la m\u00eame chose que vous, ce qui est beaucoup plus facile que d\u2019essayer de les r\u00e9cup\u00e9rer en personne.<\/p>\n<h2>Rencontrez des femmes locales pour le sexe<\/h2>\n<p>Il existe de nombreux sites Web qui vous permettent de rencontrer des femmes locales pour le sexe. Vous pouvez utiliser ces sites Web pour trouver des femmes qui recherchent du sexe dans votre r\u00e9gion. Vous pouvez \u00e9galement utiliser ces sites Web pour trouver des femmes qui recherchent une relation. Vous pouvez utiliser ces sites Web pour trouver des femmes qui recherchent une aventure d\u2019un soir. Vous pouvez utiliser ces sites Web pour trouver des femmes qui recherchent une rencontre occasionnelle.<\/p>\n<h3>Zoosk<\/h3>\n<p>Zoosk est une application de rencontres qui vous permet de vous connecter avec des femmes locales \u00e0 la recherche de sexe. L\u2019application est facile \u00e0 utiliser et dispose d\u2019une vari\u00e9t\u00e9 de fonctionnalit\u00e9s qui en font une excellente option pour ceux qui recherchent une connexion occasionnelle ou une relation plus s\u00e9rieuse. L\u2019application a \u00e9galement une grande base d\u2019utilisateurs, ce qui signifie que vous \u00eates plus susceptible de trouver quelqu\u2019un qui vous correspond.<\/p>\n<h3>Milfaholic<\/h3>\n<p>Il existe de nombreuses applications de rencontres, mais Milfaholic est l\u2019une des seules sp\u00e9cialement con\u00e7ues pour les femmes plus \u00e2g\u00e9es et les hommes plus jeunes. Cette application est parfaite pour tous ceux qui recherchent une relation sans conditions avec une femme \u00e2g\u00e9e chaude. Le processus d\u2019inscription est rapide et facile, et vous pouvez commencer \u00e0 envoyer des messages aux femmes tout de suite. Les femmes sur Milfaholic sont toutes locales, vous pouvez donc \u00eatre s\u00fbr de trouver quelqu\u2019un dans votre r\u00e9gion. Et si vous cherchez quelque chose d\u2019un peu plus \u00e0 long terme, vous pouvez \u00e9galement utiliser Milfaholic pour trouver des femmes plus \u00e2g\u00e9es qui sont int\u00e9ress\u00e9es \u00e0 sortir avec des hommes plus jeunes.<\/p>\n<h3>Flingster<\/h3>\n<p>Si vous \u00eates \u00e0 la recherche d\u2019une aventure ou d\u2019une connexion, Flingster est certainement l\u2019application de rencontres qu\u2019il vous faut. L\u2019application est incroyablement facile \u00e0 utiliser et il est gratuit de s\u2019inscrire. Vous pouvez parcourir les profils locaux et envoyer un message \u00e0 toute personne qui vous int\u00e9resse. L\u2019application est \u00e9galement tr\u00e8s populaire aupr\u00e8s des femmes locales \u00e0 la recherche de sexe. La fonction de recherche est tr\u00e8s conviviale et vous pouvez filtrer par emplacement, \u00e2ge et int\u00e9r\u00eats. Dans l\u2019ensemble, Flingster est une excellente option pour tous ceux qui recherchent une connexion d\u00e9contract\u00e9e ou une aventure.<\/p>\n<h3>ComeWithYou<\/h3>\n<p>ComeWithYou est une nouvelle application de rencontres qui fait beaucoup de buzz. L\u2019application est con\u00e7ue pour aider les femmes \u00e0 trouver des hommes locaux pour des relations sexuelles occasionnelles. L\u2019application est tr\u00e8s facile \u00e0 utiliser et il ne faut que quelques secondes pour s\u2019inscrire. L\u2019application est t\u00e9l\u00e9chargeable gratuitement et elle est disponible pour iOS et Android. ComeWithYou est une excellente option pour les femmes qui recherchent des relations sexuelles occasionnelles. L\u2019application est tr\u00e8s facile \u00e0 utiliser et elle est t\u00e9l\u00e9chargeable gratuitement. L\u2019application est \u00e9galement disponible pour iOS et Android.<\/p>\n","protected":false},"excerpt":{"rendered":"<p>Les femmes locales \u00e0 la recherche de sexe sont souvent dispos\u00e9es \u00e0 se connecter avec des hommes qu\u2019elles rencontrent en ligne. Il existe un certain nombre de sites Web et d\u2019applications qui s\u2019adressent \u00e0 ce groupe d\u00e9mographique, ce qui facilite la connexion avec des partenaires potentiels. Dans de nombreux cas, ces femmes sont simplement \u00e0&#8230;<a class=\"read-more-link button\" href=\"https:\/\/theyoungmessiah.com\/fr\/femmes-locales-a-la-recherche-de-sexe\/\">Read more<\/a><\/p>\n","protected":false},"author":1,"featured_media":0,"parent":0,"menu_order":0,"comment_status":"closed","ping_status":"closed","template":"","meta":[],"yoast_head":"<!-- This site is optimized with the Yoast SEO plugin v17.7.1 - https:\/\/yoast.com\/wordpress\/plugins\/seo\/ -->\n<title>Femmes locales \u00e0 la recherche de sexe - Online Adult Dating<\/title>\n<meta name=\"robots\" content=\"index, follow, max-snippet:-1, max-image-preview:large, max-video-preview:-1\" \/>\n<link rel=\"canonical\" href=\"https:\/\/theyoungmessiah.com\/fr\/femmes-locales-a-la-recherche-de-sexe\/\" \/>\n<meta property=\"og:locale\" content=\"fr_FR\" \/>\n<meta property=\"og:type\" content=\"article\" \/>\n<meta property=\"og:title\" content=\"Femmes locales \u00e0 la recherche de sexe - Online Adult Dating\" \/>\n<meta property=\"og:description\" content=\"Les femmes locales \u00e0 la recherche de sexe sont souvent dispos\u00e9es \u00e0 se connecter avec des hommes qu\u2019elles rencontrent en ligne. Il existe un certain nombre de sites Web et d\u2019applications qui s\u2019adressent \u00e0 ce groupe d\u00e9mographique, ce qui facilite la connexion avec des partenaires potentiels. Dans de nombreux cas, ces femmes sont simplement \u00e0...Read more\" \/>\n<meta property=\"og:url\" content=\"https:\/\/theyoungmessiah.com\/fr\/femmes-locales-a-la-recherche-de-sexe\/\" \/>\n<meta property=\"og:site_name\" content=\"Online Adult Dating\" \/>\n<meta name=\"twitter:card\" content=\"summary_large_image\" \/>\n<meta name=\"twitter:label1\" content=\"Dur\u00e9e de lecture estim\u00e9e\" \/>\n\t<meta name=\"twitter:data1\" content=\"5 minutes\" \/>\n<script type=\"application\/ld+json\" class=\"yoast-schema-graph\">{\"@context\":\"https:\/\/schema.org\",\"@graph\":[{\"@type\":\"WebSite\",\"@id\":\"https:\/\/theyoungmessiah.com\/fr\/#website\",\"url\":\"https:\/\/theyoungmessiah.com\/fr\/\",\"name\":\"Online Adult Dating\",\"description\":\"Local Sex Hookups\",\"potentialAction\":[{\"@type\":\"SearchAction\",\"target\":{\"@type\":\"EntryPoint\",\"urlTemplate\":\"https:\/\/theyoungmessiah.com\/fr\/?s={search_term_string}\"},\"query-input\":\"required name=search_term_string\"}],\"inLanguage\":\"fr-FR\"},{\"@type\":\"WebPage\",\"@id\":\"https:\/\/theyoungmessiah.com\/fr\/femmes-locales-a-la-recherche-de-sexe\/#webpage\",\"url\":\"https:\/\/theyoungmessiah.com\/fr\/femmes-locales-a-la-recherche-de-sexe\/\",\"name\":\"Femmes locales \\u00e0 la recherche de sexe - Online Adult Dating\",\"isPartOf\":{\"@id\":\"https:\/\/theyoungmessiah.com\/fr\/#website\"},\"datePublished\":\"2022-10-12T12:51:02+00:00\",\"dateModified\":\"2022-10-12T12:51:02+00:00\",\"breadcrumb\":{\"@id\":\"https:\/\/theyoungmessiah.com\/fr\/femmes-locales-a-la-recherche-de-sexe\/#breadcrumb\"},\"inLanguage\":\"fr-FR\",\"potentialAction\":[{\"@type\":\"ReadAction\",\"target\":[\"https:\/\/theyoungmessiah.com\/fr\/femmes-locales-a-la-recherche-de-sexe\/\"]}]},{\"@type\":\"BreadcrumbList\",\"@id\":\"https:\/\/theyoungmessiah.com\/fr\/femmes-locales-a-la-recherche-de-sexe\/#breadcrumb\",\"itemListElement\":[{\"@type\":\"ListItem\",\"position\":1,\"name\":\"Home\",\"item\":\"https:\/\/theyoungmessiah.com\/fr\/\"},{\"@type\":\"ListItem\",\"position\":2,\"name\":\"Femmes locales \\u00e0 la recherche de sexe\"}]}]}<\/script>\n<!-- \/ Yoast SEO plugin. -->","yoast_head_json":{"title":"Femmes locales \u00e0 la recherche de sexe - Online Adult Dating","robots":{"index":"index","follow":"follow","max-snippet":"max-snippet:-1","max-image-preview":"max-image-preview:large","max-video-preview":"max-video-preview:-1"},"canonical":"https:\/\/theyoungmessiah.com\/fr\/femmes-locales-a-la-recherche-de-sexe\/","og_locale":"fr_FR","og_type":"article","og_title":"Femmes locales \u00e0 la recherche de sexe - Online Adult Dating","og_description":"Les femmes locales \u00e0 la recherche de sexe sont souvent dispos\u00e9es \u00e0 se connecter avec des hommes qu\u2019elles rencontrent en ligne. Il existe un certain nombre de sites Web et d\u2019applications qui s\u2019adressent \u00e0 ce groupe d\u00e9mographique, ce qui facilite la connexion avec des partenaires potentiels. Dans de nombreux cas, ces femmes sont simplement \u00e0...Read more","og_url":"https:\/\/theyoungmessiah.com\/fr\/femmes-locales-a-la-recherche-de-sexe\/","og_site_name":"Online Adult Dating","twitter_card":"summary_large_image","twitter_misc":{"Dur\u00e9e de lecture estim\u00e9e":"5 minutes"},"schema":{"@context":"https:\/\/schema.org","@graph":[{"@type":"WebSite","@id":"https:\/\/theyoungmessiah.com\/fr\/#website","url":"https:\/\/theyoungmessiah.com\/fr\/","name":"Online Adult Dating","description":"Local Sex Hookups","potentialAction":[{"@type":"SearchAction","target":{"@type":"EntryPoint","urlTemplate":"https:\/\/theyoungmessiah.com\/fr\/?s={search_term_string}"},"query-input":"required name=search_term_string"}],"inLanguage":"fr-FR"},{"@type":"WebPage","@id":"https:\/\/theyoungmessiah.com\/fr\/femmes-locales-a-la-recherche-de-sexe\/#webpage","url":"https:\/\/theyoungmessiah.com\/fr\/femmes-locales-a-la-recherche-de-sexe\/","name":"Femmes locales \u00e0 la recherche de sexe - Online Adult Dating","isPartOf":{"@id":"https:\/\/theyoungmessiah.com\/fr\/#website"},"datePublished":"2022-10-12T12:51:02+00:00","dateModified":"2022-10-12T12:51:02+00:00","breadcrumb":{"@id":"https:\/\/theyoungmessiah.com\/fr\/femmes-locales-a-la-recherche-de-sexe\/#breadcrumb"},"inLanguage":"fr-FR","potentialAction":[{"@type":"ReadAction","target":["https:\/\/theyoungmessiah.com\/fr\/femmes-locales-a-la-recherche-de-sexe\/"]}]},{"@type":"BreadcrumbList","@id":"https:\/\/theyoungmessiah.com\/fr\/femmes-locales-a-la-recherche-de-sexe\/#breadcrumb","itemListElement":[{"@type":"ListItem","position":1,"name":"Home","item":"https:\/\/theyoungmessiah.com\/fr\/"},{"@type":"ListItem","position":2,"name":"Femmes locales \u00e0 la recherche de sexe"}]}]}},"_links":{"self":[{"href":"https:\/\/theyoungmessiah.com\/fr\/wp-json\/wp\/v2\/pages\/273"}],"collection":[{"href":"https:\/\/theyoungmessiah.com\/fr\/wp-json\/wp\/v2\/pages"}],"about":[{"href":"https:\/\/theyoungmessiah.com\/fr\/wp-json\/wp\/v2\/types\/page"}],"author":[{"embeddable":true,"href":"https:\/\/theyoungmessiah.com\/fr\/wp-json\/wp\/v2\/users\/1"}],"replies":[{"embeddable":true,"href":"https:\/\/theyoungmessiah.com\/fr\/wp-json\/wp\/v2\/comments?post=273"}],"version-history":[{"count":0,"href":"https:\/\/theyoungmessiah.com\/fr\/wp-json\/wp\/v2\/pages\/273\/revisions"}],"wp:attachment":[{"href":"https:\/\/theyoungmessiah.com\/fr\/wp-json\/wp\/v2\/media?parent=273"}],"curies":[{"name":"wp","href":"https:\/\/api.w.org\/{rel}","templated":true}]}}