{"id":291,"date":"2022-10-12T13:50:25","date_gmt":"2022-10-12T12:50:25","guid":{"rendered":"http:\/\/theyoungmessiah.com\/rencontres-locales-milf\/"},"modified":"2022-10-12T13:50:25","modified_gmt":"2022-10-12T12:50:25","slug":"rencontres-locales-milf","status":"publish","type":"page","link":"https:\/\/theyoungmessiah.com\/fr\/rencontres-locales-milf\/","title":{"rendered":"Rencontres locales Milf"},"content":{"rendered":"<p>Il existe de nombreuses fa\u00e7ons d\u2019obtenir un branchement milf gratuit. Vous pouvez trouver des sites Web sp\u00e9cialis\u00e9s dans les connexions milf, ou vous pouvez utiliser des sites de rencontres r\u00e9guliers. Vous pouvez \u00e9galement essayer des sites de m\u00e9dias sociaux comme Facebook et Twitter. Quelle que soit la m\u00e9thode que vous choisissez, assurez-vous d\u2019\u00eatre respectueux et pr\u00e9venant envers la milf avec laquelle vous essayez de vous connecter.<\/p>\n<h2>Rencontres MILF<\/h2>\n<p>Il y a quelque chose d\u2019intrigant \u00e0 propos des milfs. Ils sont exp\u00e9riment\u00e9s, ils savent ce qu\u2019ils veulent et ils n\u2019ont pas peur de s\u2019y prendre. C\u2019est pourquoi les rencontres \u00e0 la milf peuvent \u00eatre si excitantes. Vous apprenez de quelqu\u2019un qui sait ce qu\u2019il fait et vous faites l\u2019exp\u00e9rience de nouvelles choses.<\/p>\n<p>Cependant, <a href=\"http:\/\/theyoungmessiah.com\/granny-hookup\/\">la datation<\/a> milf peut \u00e9galement \u00eatre difficile. Ces femmes sont souvent occup\u00e9es et elles n\u2019ont peut-\u00eatre pas beaucoup de temps pour sortir ensemble. C\u2019est pourquoi il est important d\u2019\u00eatre patient et de comprendre que les choses ne se produisent pas toujours aussi rapidement que vous le souhaiteriez.<\/p>\n<p>Si vous \u00eates int\u00e9ress\u00e9 par les rencontres avec des milf, il est important d\u2019\u00eatre respectueux et de comprendre ce qu\u2019elle recherche. Elle ne cherche pas une aventure d\u2019un soir, elle cherche une relation. Alors prenez votre temps, apprenez \u00e0 la conna\u00eetre et voyez o\u00f9 vont les choses.<\/p>\n<p>Il est ind\u00e9niable que les rencontres en ligne ont leurs avantages &#8211; vous pouvez atteindre un plus grand nombre de partenaires potentiels et vous pouvez le faire dans le confort de votre propre maison. Mais une chose que les rencontres en ligne ne peuvent pas vous donner est la possibilit\u00e9 de rencontrer quelqu\u2019un en personne tout de suite. Et c\u2019est l\u00e0 que les MILF locaux entrent en jeu.<\/p>\n<p>Les MILF locaux sont parfaits pour les personnes qui souhaitent mettre le processus de rencontres en ligne hors ligne le plus rapidement possible. Ils sont \u00e9galement parfaits pour ceux qui pourraient \u00eatre un peu rouill\u00e9s quand il s\u2019agit de rencontres. Apr\u00e8s tout, rien ne vaut la pratique.<\/p>\n<p>Donc, si vous cherchez \u00e0 rencontrer quelqu\u2019un de sp\u00e9cial et que vous ne savez pas par o\u00f9 commencer, pourquoi ne pas essayer de rechercher des MILF locaux dans votre r\u00e9gion? Vous pourriez \u00eatre surpris du nombre de femmes attrayantes et \u00e9ligibles et de la facilit\u00e9 avec laquelle il est possible de les trouver.<\/p>\n<h2>Rencontrez un MILF<\/h2>\n<p>Il y a quelque chose dans le fait de sortir avec un MILF qui vous fait vous sentir comme un homme. C\u2019est peut-\u00eatre parce qu\u2019ils savent ce qu\u2019ils veulent, ou peut-\u00eatre que c\u2019est parce qu\u2019ils n\u2019ont pas peur de s\u2019en prendre \u00e0 eux. Quoi qu\u2019il en soit, si vous cherchez \u00e0 rencontrer un MILF, il n\u2019y a pas de meilleur endroit pour le faire qu\u2019en ligne.<\/p>\n<p>Il existe de nombreux sites de rencontres MILF, mais tous ne sont pas cr\u00e9\u00e9s \u00e9gaux. Vous voulez vous assurer que vous utilisez un site populaire et qui a une bonne r\u00e9putation. Vous voulez \u00e9galement vous assurer que vous utilisez un site qui compte beaucoup de membres actifs. De cette fa\u00e7on, vous \u00eates plus susceptible de trouver quelqu\u2019un qui est r\u00e9ellement int\u00e9ress\u00e9 \u00e0 se rencontrer.<\/p>\n<p>Une fois que vous avez trouv\u00e9 un site de rencontre MILF que vous aimez, inscrivez-vous et cr\u00e9ez un profil. Assurez-vous d\u2019inclure quelques photos et un peu sur vous-m\u00eame. Ensuite, commencez \u00e0 rechercher des MILF dans votre r\u00e9gion. Lorsque vous trouvez quelqu\u2019un qui vous int\u00e9resse, envoyez-lui un message et voyez s\u2019il est int\u00e9ress\u00e9 \u00e0 se rencontrer.<\/p>\n<p>Si vous jouez bien vos cartes, vous pourriez rencontrer un MILF en un rien de temps. N\u2019oubliez pas d\u2019\u00eatre respectueux et de prendre les choses lentement. Apr\u00e8s tout, vous ne voulez pas vous pr\u00e9cipiter dans quoi que ce soit et finir par vous blesser.<\/p>\n<h3>OnlyFlings<\/h3>\n<p>Si vous recherchez une connexion milf gratuite, OnlyFlings est une excellente option. L\u2019application est facile \u00e0 utiliser et poss\u00e8de de nombreuses fonctionnalit\u00e9s int\u00e9ressantes, comme le chat vid\u00e9o et un syst\u00e8me de messagerie int\u00e9gr\u00e9. Le seul inconv\u00e9nient est qu\u2019il n\u2019y a pas encore beaucoup d\u2019utilisateurs sur l\u2019application, vous pouvez donc avoir du mal \u00e0 trouver quelqu\u2019un dans votre r\u00e9gion. Dans l\u2019ensemble, cependant, OnlyFlings est une excellente option pour une connexion milf gratuite.<\/p>\n<h3>Bumble<\/h3>\n<p>Bumble est une application de rencontres en ligne gratuite qui permet aux utilisateurs de se connecter avec des correspondances potentielles dans le monde entier. L\u2019application a une interface simple et est facile \u00e0 utiliser. Bumble a un grand nombre de correspondances potentielles et de nombreuses fonctionnalit\u00e9s qui en font un excellent choix pour les rencontres en ligne. L\u2019application est gratuite \u00e0 t\u00e9l\u00e9charger et \u00e0 utiliser, et elle dispose d\u2019une option d\u2019abonnement payant qui donne aux utilisateurs l\u2019acc\u00e8s \u00e0 plus de fonctionnalit\u00e9s. Dans l\u2019ensemble, Bumble est un excellent choix pour les rencontres en ligne et vaut la peine d\u2019\u00eatre essay\u00e9.<\/p>\n<h3>BoneAMilf<\/h3>\n<p>Si vous recherchez une connexion milf gratuite, BoneAMilf est l\u2019application qu\u2019il vous faut. Avec plus de 1 million de membres dans le monde, il est facile de trouver quelqu\u2019un dans votre r\u00e9gion avec qui se connecter. L\u2019application est gratuite \u00e0 t\u00e9l\u00e9charger et \u00e0 utiliser, et il n\u2019y a pas d\u2019achats int\u00e9gr\u00e9s. Vous pouvez rechercher des membres par emplacement, \u00e2ge et centres d\u2019int\u00e9r\u00eat, et vous pouvez leur envoyer un message directement. L\u2019application dispose \u00e9galement d\u2019une fonction \u00ab&nbsp;favoris&nbsp;\u00bb, de sorte que vous pouvez garder une trace des membres qui vous int\u00e9ressent. Le seul inconv\u00e9nient est que l\u2019application n\u2019est disponible qu\u2019en anglais.<\/p>\n<h3>Gond<\/h3>\n<p>Si vous recherchez une application de rencontres qui ne n\u00e9cessite pas beaucoup d\u2019engagement, Hinge est une excellente option. L\u2019application est gratuite \u00e0 t\u00e9l\u00e9charger et \u00e0 utiliser, et elle offre une vari\u00e9t\u00e9 de fonctionnalit\u00e9s pour vous aider \u00e0 trouver une correspondance. Vous pouvez cr\u00e9er un profil, afficher les profils d\u2019autres utilisateurs et envoyer des messages gratuitement. Vous pouvez \u00e9galement passer \u00e0 un abonnement payant pour d\u00e9bloquer des fonctionnalit\u00e9s suppl\u00e9mentaires.<\/p>\n<p>Hinge est une application de rencontres populaire pour une raison. Il est facile \u00e0 utiliser et il est gratuit \u00e0 t\u00e9l\u00e9charger et \u00e0 utiliser. L\u2019application offre une vari\u00e9t\u00e9 de fonctionnalit\u00e9s pour vous aider \u00e0 trouver une correspondance, et il est facile de naviguer. Si vous recherchez une application de rencontres qui ne n\u00e9cessite pas beaucoup d\u2019engagement, Hinge est une excellente option.<\/p>\n","protected":false},"excerpt":{"rendered":"<p>Il existe de nombreuses fa\u00e7ons d\u2019obtenir un branchement milf gratuit. Vous pouvez trouver des sites Web sp\u00e9cialis\u00e9s dans les connexions milf, ou vous pouvez utiliser des sites de rencontres r\u00e9guliers. Vous pouvez \u00e9galement essayer des sites de m\u00e9dias sociaux comme Facebook et Twitter. Quelle que soit la m\u00e9thode que vous choisissez, assurez-vous d\u2019\u00eatre respectueux et&#8230;<a class=\"read-more-link button\" href=\"https:\/\/theyoungmessiah.com\/fr\/rencontres-locales-milf\/\">Read more<\/a><\/p>\n","protected":false},"author":1,"featured_media":0,"parent":0,"menu_order":0,"comment_status":"closed","ping_status":"closed","template":"","meta":[],"yoast_head":"<!-- This site is optimized with the Yoast SEO plugin v17.7.1 - https:\/\/yoast.com\/wordpress\/plugins\/seo\/ -->\n<title>Rencontres locales Milf - Online Adult Dating<\/title>\n<meta name=\"robots\" content=\"index, follow, max-snippet:-1, max-image-preview:large, max-video-preview:-1\" \/>\n<link rel=\"canonical\" href=\"https:\/\/theyoungmessiah.com\/fr\/rencontres-locales-milf\/\" \/>\n<meta property=\"og:locale\" content=\"fr_FR\" \/>\n<meta property=\"og:type\" content=\"article\" \/>\n<meta property=\"og:title\" content=\"Rencontres locales Milf - Online Adult Dating\" \/>\n<meta property=\"og:description\" content=\"Il existe de nombreuses fa\u00e7ons d\u2019obtenir un branchement milf gratuit. Vous pouvez trouver des sites Web sp\u00e9cialis\u00e9s dans les connexions milf, ou vous pouvez utiliser des sites de rencontres r\u00e9guliers. Vous pouvez \u00e9galement essayer des sites de m\u00e9dias sociaux comme Facebook et Twitter. Quelle que soit la m\u00e9thode que vous choisissez, assurez-vous d\u2019\u00eatre respectueux et...Read more\" \/>\n<meta property=\"og:url\" content=\"https:\/\/theyoungmessiah.com\/fr\/rencontres-locales-milf\/\" \/>\n<meta property=\"og:site_name\" content=\"Online Adult Dating\" \/>\n<meta name=\"twitter:card\" content=\"summary_large_image\" \/>\n<meta name=\"twitter:label1\" content=\"Dur\u00e9e de lecture estim\u00e9e\" \/>\n\t<meta name=\"twitter:data1\" content=\"6 minutes\" \/>\n<script type=\"application\/ld+json\" class=\"yoast-schema-graph\">{\"@context\":\"https:\/\/schema.org\",\"@graph\":[{\"@type\":\"WebSite\",\"@id\":\"https:\/\/theyoungmessiah.com\/fr\/#website\",\"url\":\"https:\/\/theyoungmessiah.com\/fr\/\",\"name\":\"Online Adult Dating\",\"description\":\"Local Sex Hookups\",\"potentialAction\":[{\"@type\":\"SearchAction\",\"target\":{\"@type\":\"EntryPoint\",\"urlTemplate\":\"https:\/\/theyoungmessiah.com\/fr\/?s={search_term_string}\"},\"query-input\":\"required name=search_term_string\"}],\"inLanguage\":\"fr-FR\"},{\"@type\":\"WebPage\",\"@id\":\"https:\/\/theyoungmessiah.com\/fr\/rencontres-locales-milf\/#webpage\",\"url\":\"https:\/\/theyoungmessiah.com\/fr\/rencontres-locales-milf\/\",\"name\":\"Rencontres locales Milf - Online Adult Dating\",\"isPartOf\":{\"@id\":\"https:\/\/theyoungmessiah.com\/fr\/#website\"},\"datePublished\":\"2022-10-12T12:50:25+00:00\",\"dateModified\":\"2022-10-12T12:50:25+00:00\",\"breadcrumb\":{\"@id\":\"https:\/\/theyoungmessiah.com\/fr\/rencontres-locales-milf\/#breadcrumb\"},\"inLanguage\":\"fr-FR\",\"potentialAction\":[{\"@type\":\"ReadAction\",\"target\":[\"https:\/\/theyoungmessiah.com\/fr\/rencontres-locales-milf\/\"]}]},{\"@type\":\"BreadcrumbList\",\"@id\":\"https:\/\/theyoungmessiah.com\/fr\/rencontres-locales-milf\/#breadcrumb\",\"itemListElement\":[{\"@type\":\"ListItem\",\"position\":1,\"name\":\"Home\",\"item\":\"https:\/\/theyoungmessiah.com\/fr\/\"},{\"@type\":\"ListItem\",\"position\":2,\"name\":\"Rencontres locales Milf\"}]}]}<\/script>\n<!-- \/ Yoast SEO plugin. -->","yoast_head_json":{"title":"Rencontres locales Milf - Online Adult Dating","robots":{"index":"index","follow":"follow","max-snippet":"max-snippet:-1","max-image-preview":"max-image-preview:large","max-video-preview":"max-video-preview:-1"},"canonical":"https:\/\/theyoungmessiah.com\/fr\/rencontres-locales-milf\/","og_locale":"fr_FR","og_type":"article","og_title":"Rencontres locales Milf - Online Adult Dating","og_description":"Il existe de nombreuses fa\u00e7ons d\u2019obtenir un branchement milf gratuit. Vous pouvez trouver des sites Web sp\u00e9cialis\u00e9s dans les connexions milf, ou vous pouvez utiliser des sites de rencontres r\u00e9guliers. Vous pouvez \u00e9galement essayer des sites de m\u00e9dias sociaux comme Facebook et Twitter. Quelle que soit la m\u00e9thode que vous choisissez, assurez-vous d\u2019\u00eatre respectueux et...Read more","og_url":"https:\/\/theyoungmessiah.com\/fr\/rencontres-locales-milf\/","og_site_name":"Online Adult Dating","twitter_card":"summary_large_image","twitter_misc":{"Dur\u00e9e de lecture estim\u00e9e":"6 minutes"},"schema":{"@context":"https:\/\/schema.org","@graph":[{"@type":"WebSite","@id":"https:\/\/theyoungmessiah.com\/fr\/#website","url":"https:\/\/theyoungmessiah.com\/fr\/","name":"Online Adult Dating","description":"Local Sex Hookups","potentialAction":[{"@type":"SearchAction","target":{"@type":"EntryPoint","urlTemplate":"https:\/\/theyoungmessiah.com\/fr\/?s={search_term_string}"},"query-input":"required name=search_term_string"}],"inLanguage":"fr-FR"},{"@type":"WebPage","@id":"https:\/\/theyoungmessiah.com\/fr\/rencontres-locales-milf\/#webpage","url":"https:\/\/theyoungmessiah.com\/fr\/rencontres-locales-milf\/","name":"Rencontres locales Milf - Online Adult Dating","isPartOf":{"@id":"https:\/\/theyoungmessiah.com\/fr\/#website"},"datePublished":"2022-10-12T12:50:25+00:00","dateModified":"2022-10-12T12:50:25+00:00","breadcrumb":{"@id":"https:\/\/theyoungmessiah.com\/fr\/rencontres-locales-milf\/#breadcrumb"},"inLanguage":"fr-FR","potentialAction":[{"@type":"ReadAction","target":["https:\/\/theyoungmessiah.com\/fr\/rencontres-locales-milf\/"]}]},{"@type":"BreadcrumbList","@id":"https:\/\/theyoungmessiah.com\/fr\/rencontres-locales-milf\/#breadcrumb","itemListElement":[{"@type":"ListItem","position":1,"name":"Home","item":"https:\/\/theyoungmessiah.com\/fr\/"},{"@type":"ListItem","position":2,"name":"Rencontres locales Milf"}]}]}},"_links":{"self":[{"href":"https:\/\/theyoungmessiah.com\/fr\/wp-json\/wp\/v2\/pages\/291"}],"collection":[{"href":"https:\/\/theyoungmessiah.com\/fr\/wp-json\/wp\/v2\/pages"}],"about":[{"href":"https:\/\/theyoungmessiah.com\/fr\/wp-json\/wp\/v2\/types\/page"}],"author":[{"embeddable":true,"href":"https:\/\/theyoungmessiah.com\/fr\/wp-json\/wp\/v2\/users\/1"}],"replies":[{"embeddable":true,"href":"https:\/\/theyoungmessiah.com\/fr\/wp-json\/wp\/v2\/comments?post=291"}],"version-history":[{"count":0,"href":"https:\/\/theyoungmessiah.com\/fr\/wp-json\/wp\/v2\/pages\/291\/revisions"}],"wp:attachment":[{"href":"https:\/\/theyoungmessiah.com\/fr\/wp-json\/wp\/v2\/media?parent=291"}],"curies":[{"name":"wp","href":"https:\/\/api.w.org\/{rel}","templated":true}]}}