{"id":312,"date":"2022-10-12T13:49:52","date_gmt":"2022-10-12T12:49:52","guid":{"rendered":"http:\/\/theyoungmessiah.com\/sites-de-baise-locaux\/"},"modified":"2022-10-12T13:49:52","modified_gmt":"2022-10-12T12:49:52","slug":"sites-de-baise-locaux","status":"publish","type":"page","link":"https:\/\/theyoungmessiah.com\/fr\/sites-de-baise-locaux\/","title":{"rendered":"Sites de baise locaux"},"content":{"rendered":"<p>Les sites de baise locaux sont une douzaine de centimes, et il peut \u00eatre difficile de savoir lequel choisir. Cependant, si vous cherchez un moyen rapide et facile de vous connecter avec quelqu\u2019un dans votre r\u00e9gion, alors un site de baise local est certainement la voie \u00e0 suivre. Il existe de nombreux sites de baise locaux, vous devriez donc certainement \u00eatre en mesure d\u2019en trouver un qui r\u00e9pond \u00e0 vos besoins. Assurez-vous simplement de lire les critiques avant de vous inscrire \u00e0 quoi que ce soit, afin de savoir dans quoi vous vous embarquez.<\/p>\n<p>Si vous cherchez \u00e0 rencontrer et \u00e0 baiser quelqu\u2019un de sp\u00e9cial, alors vous devriez certainement consulter les rencontres en ligne. Avec les rencontres en ligne, vous pouvez vous connecter avec des personnes du monde entier qui recherchent la m\u00eame chose que vous. Il existe des tonnes de sites web et d\u2019applications de rencontres que vous pouvez utiliser pour trouver quelqu\u2019un \u00e0 baiser, et vous pouvez m\u00eame filtrer votre recherche pour trouver quelqu\u2019un qui est dans les m\u00eames choses que vous. Que vous recherchiez une aventure d\u2019un soir ou une relation \u00e0 long terme, les rencontres en ligne sont un excellent moyen de rencontrer et de baiser quelqu\u2019un de sp\u00e9cial.<\/p>\n<p>Je cherche une baise gratuite ce soir. J\u2019ai envoy\u00e9 des messages \u00e0 quelques filles sur un site de rencontre et je suis pr\u00eat \u00e0 passer au niveau sup\u00e9rieur. Je suis pr\u00eat \u00e0 tout, alors si vous \u00eates int\u00e9ress\u00e9, faites-le moi savoir. Je suis s\u00fbr que nous pouvons trouver quelque chose.<\/p>\n<h2>Fuck gratuitement<\/h2>\n<p>Si vous recherchez un site de rencontre en ligne gratuit, vous devriez absolument consulter Fuck For Free. Ce site est une excellente ressource pour trouver des c\u00e9libataires locaux qui recherchent une connexion sans conditions. Le site est facile \u00e0 utiliser et dispose d\u2019une tonne de fonctionnalit\u00e9s qui facilitent la recherche d\u2019une correspondance. Vous pouvez effectuer une recherche par emplacement, \u00e2ge, centres d\u2019int\u00e9r\u00eat, etc. De plus, le site a une excellente sensation de communaut\u00e9, avec des forums et des salles de discussion o\u00f9 vous pouvez interagir avec d\u2019autres membres.<\/p>\n<h3>AdultFriendFinder<\/h3>\n<p>AdultFriendFinder est l\u2019une des applications de rencontres les plus populaires pour trouver des copains de baise locaux. L\u2019application a une grande base d\u2019utilisateurs et est facile \u00e0 utiliser. Vous pouvez rechercher des correspondances potentielles par emplacement, \u00e2ge et autres crit\u00e8res. L\u2019application dispose \u00e9galement d\u2019une fonction de messagerie afin que vous puissiez communiquer avec des correspondances potentielles. L\u2019application est gratuite, mais vous pouvez passer \u00e0 un abonnement premium pour des fonctionnalit\u00e9s suppl\u00e9mentaires.<\/p>\n<h3>OneNightFriend<\/h3>\n<p>OneNightFriend est une application de rencontres populaire qui aide les gens \u00e0 se connecter avec des amis de baise locaux. L\u2019application dispose d\u2019une grande base de donn\u00e9es d\u2019utilisateurs et est tr\u00e8s facile \u00e0 utiliser. L\u2019application a \u00e9galement beaucoup de critiques positives de la part des utilisateurs.<\/p>\n<h3>Amadou<\/h3>\n<p>Tinder est une application de rencontres qui vous permet de trouver des correspondances potentielles dans votre r\u00e9gion. Vous pouvez ensuite discuter avec ces matchs et potentiellement les rencontrer en personne. Tinder est un excellent moyen de rencontrer de nouvelles personnes et potentiellement de trouver un copain de baise local. L\u2019application est facile \u00e0 utiliser et l\u2019inscription est gratuite. Vous pouvez lire les critiques de Tinder en ligne avant de d\u00e9cider de l\u2019utiliser.<\/p>\n<h3>Xmeets<\/h3>\n<p>Si vous cherchez un site de baise local, Xmeets vaut vraiment le d\u00e9tour. L\u2019application est facile \u00e0 utiliser et il y a des tonnes d\u2019utilisateurs locaux \u00e0 choisir. La meilleure partie est que vous pouvez filtrer votre recherche pour trouver exactement ce que vous recherchez. Que vous recherchiez une connexion unique ou quelque chose de plus \u00e0 long terme, Xmeets vaut vraiment le d\u00e9tour.<\/p>\n","protected":false},"excerpt":{"rendered":"<p>Les sites de baise locaux sont une douzaine de centimes, et il peut \u00eatre difficile de savoir lequel choisir. Cependant, si vous cherchez un moyen rapide et facile de vous connecter avec quelqu\u2019un dans votre r\u00e9gion, alors un site de baise local est certainement la voie \u00e0 suivre. Il existe de nombreux sites de baise&#8230;<a class=\"read-more-link button\" href=\"https:\/\/theyoungmessiah.com\/fr\/sites-de-baise-locaux\/\">Read more<\/a><\/p>\n","protected":false},"author":1,"featured_media":0,"parent":0,"menu_order":0,"comment_status":"closed","ping_status":"closed","template":"","meta":[],"yoast_head":"<!-- This site is optimized with the Yoast SEO plugin v17.7.1 - https:\/\/yoast.com\/wordpress\/plugins\/seo\/ -->\n<title>Sites de baise locaux - Online Adult Dating<\/title>\n<meta name=\"robots\" content=\"index, follow, max-snippet:-1, max-image-preview:large, max-video-preview:-1\" \/>\n<link rel=\"canonical\" href=\"https:\/\/theyoungmessiah.com\/fr\/sites-de-baise-locaux\/\" \/>\n<meta property=\"og:locale\" content=\"fr_FR\" \/>\n<meta property=\"og:type\" content=\"article\" \/>\n<meta property=\"og:title\" content=\"Sites de baise locaux - Online Adult Dating\" \/>\n<meta property=\"og:description\" content=\"Les sites de baise locaux sont une douzaine de centimes, et il peut \u00eatre difficile de savoir lequel choisir. Cependant, si vous cherchez un moyen rapide et facile de vous connecter avec quelqu\u2019un dans votre r\u00e9gion, alors un site de baise local est certainement la voie \u00e0 suivre. Il existe de nombreux sites de baise...Read more\" \/>\n<meta property=\"og:url\" content=\"https:\/\/theyoungmessiah.com\/fr\/sites-de-baise-locaux\/\" \/>\n<meta property=\"og:site_name\" content=\"Online Adult Dating\" \/>\n<meta name=\"twitter:card\" content=\"summary_large_image\" \/>\n<meta name=\"twitter:label1\" content=\"Dur\u00e9e de lecture estim\u00e9e\" \/>\n\t<meta name=\"twitter:data1\" content=\"3 minutes\" \/>\n<script type=\"application\/ld+json\" class=\"yoast-schema-graph\">{\"@context\":\"https:\/\/schema.org\",\"@graph\":[{\"@type\":\"WebSite\",\"@id\":\"https:\/\/theyoungmessiah.com\/fr\/#website\",\"url\":\"https:\/\/theyoungmessiah.com\/fr\/\",\"name\":\"Online Adult Dating\",\"description\":\"Local Sex Hookups\",\"potentialAction\":[{\"@type\":\"SearchAction\",\"target\":{\"@type\":\"EntryPoint\",\"urlTemplate\":\"https:\/\/theyoungmessiah.com\/fr\/?s={search_term_string}\"},\"query-input\":\"required name=search_term_string\"}],\"inLanguage\":\"fr-FR\"},{\"@type\":\"WebPage\",\"@id\":\"https:\/\/theyoungmessiah.com\/fr\/sites-de-baise-locaux\/#webpage\",\"url\":\"https:\/\/theyoungmessiah.com\/fr\/sites-de-baise-locaux\/\",\"name\":\"Sites de baise locaux - Online Adult Dating\",\"isPartOf\":{\"@id\":\"https:\/\/theyoungmessiah.com\/fr\/#website\"},\"datePublished\":\"2022-10-12T12:49:52+00:00\",\"dateModified\":\"2022-10-12T12:49:52+00:00\",\"breadcrumb\":{\"@id\":\"https:\/\/theyoungmessiah.com\/fr\/sites-de-baise-locaux\/#breadcrumb\"},\"inLanguage\":\"fr-FR\",\"potentialAction\":[{\"@type\":\"ReadAction\",\"target\":[\"https:\/\/theyoungmessiah.com\/fr\/sites-de-baise-locaux\/\"]}]},{\"@type\":\"BreadcrumbList\",\"@id\":\"https:\/\/theyoungmessiah.com\/fr\/sites-de-baise-locaux\/#breadcrumb\",\"itemListElement\":[{\"@type\":\"ListItem\",\"position\":1,\"name\":\"Home\",\"item\":\"https:\/\/theyoungmessiah.com\/fr\/\"},{\"@type\":\"ListItem\",\"position\":2,\"name\":\"Sites de baise locaux\"}]}]}<\/script>\n<!-- \/ Yoast SEO plugin. -->","yoast_head_json":{"title":"Sites de baise locaux - Online Adult Dating","robots":{"index":"index","follow":"follow","max-snippet":"max-snippet:-1","max-image-preview":"max-image-preview:large","max-video-preview":"max-video-preview:-1"},"canonical":"https:\/\/theyoungmessiah.com\/fr\/sites-de-baise-locaux\/","og_locale":"fr_FR","og_type":"article","og_title":"Sites de baise locaux - Online Adult Dating","og_description":"Les sites de baise locaux sont une douzaine de centimes, et il peut \u00eatre difficile de savoir lequel choisir. Cependant, si vous cherchez un moyen rapide et facile de vous connecter avec quelqu\u2019un dans votre r\u00e9gion, alors un site de baise local est certainement la voie \u00e0 suivre. Il existe de nombreux sites de baise...Read more","og_url":"https:\/\/theyoungmessiah.com\/fr\/sites-de-baise-locaux\/","og_site_name":"Online Adult Dating","twitter_card":"summary_large_image","twitter_misc":{"Dur\u00e9e de lecture estim\u00e9e":"3 minutes"},"schema":{"@context":"https:\/\/schema.org","@graph":[{"@type":"WebSite","@id":"https:\/\/theyoungmessiah.com\/fr\/#website","url":"https:\/\/theyoungmessiah.com\/fr\/","name":"Online Adult Dating","description":"Local Sex Hookups","potentialAction":[{"@type":"SearchAction","target":{"@type":"EntryPoint","urlTemplate":"https:\/\/theyoungmessiah.com\/fr\/?s={search_term_string}"},"query-input":"required name=search_term_string"}],"inLanguage":"fr-FR"},{"@type":"WebPage","@id":"https:\/\/theyoungmessiah.com\/fr\/sites-de-baise-locaux\/#webpage","url":"https:\/\/theyoungmessiah.com\/fr\/sites-de-baise-locaux\/","name":"Sites de baise locaux - Online Adult Dating","isPartOf":{"@id":"https:\/\/theyoungmessiah.com\/fr\/#website"},"datePublished":"2022-10-12T12:49:52+00:00","dateModified":"2022-10-12T12:49:52+00:00","breadcrumb":{"@id":"https:\/\/theyoungmessiah.com\/fr\/sites-de-baise-locaux\/#breadcrumb"},"inLanguage":"fr-FR","potentialAction":[{"@type":"ReadAction","target":["https:\/\/theyoungmessiah.com\/fr\/sites-de-baise-locaux\/"]}]},{"@type":"BreadcrumbList","@id":"https:\/\/theyoungmessiah.com\/fr\/sites-de-baise-locaux\/#breadcrumb","itemListElement":[{"@type":"ListItem","position":1,"name":"Home","item":"https:\/\/theyoungmessiah.com\/fr\/"},{"@type":"ListItem","position":2,"name":"Sites de baise locaux"}]}]}},"_links":{"self":[{"href":"https:\/\/theyoungmessiah.com\/fr\/wp-json\/wp\/v2\/pages\/312"}],"collection":[{"href":"https:\/\/theyoungmessiah.com\/fr\/wp-json\/wp\/v2\/pages"}],"about":[{"href":"https:\/\/theyoungmessiah.com\/fr\/wp-json\/wp\/v2\/types\/page"}],"author":[{"embeddable":true,"href":"https:\/\/theyoungmessiah.com\/fr\/wp-json\/wp\/v2\/users\/1"}],"replies":[{"embeddable":true,"href":"https:\/\/theyoungmessiah.com\/fr\/wp-json\/wp\/v2\/comments?post=312"}],"version-history":[{"count":0,"href":"https:\/\/theyoungmessiah.com\/fr\/wp-json\/wp\/v2\/pages\/312\/revisions"}],"wp:attachment":[{"href":"https:\/\/theyoungmessiah.com\/fr\/wp-json\/wp\/v2\/media?parent=312"}],"curies":[{"name":"wp","href":"https:\/\/api.w.org\/{rel}","templated":true}]}}