{"id":321,"date":"2022-10-12T13:50:05","date_gmt":"2022-10-12T12:50:05","guid":{"rendered":"http:\/\/theyoungmessiah.com\/site-de-rencontre-pour-femmes-agees\/"},"modified":"2022-10-12T13:50:05","modified_gmt":"2022-10-12T12:50:05","slug":"site-de-rencontre-pour-femmes-agees","status":"publish","type":"page","link":"https:\/\/theyoungmessiah.com\/fr\/site-de-rencontre-pour-femmes-agees\/","title":{"rendered":"Site de rencontre pour femmes \u00e2g\u00e9es"},"content":{"rendered":"<p>Il existe quelques <a href=\"http:\/\/theyoungmessiah.com\/local-fuck-sites\/\">sites de rencontres<\/a> pour les femmes \u00e2g\u00e9es qui valent la peine d\u2019\u00eatre consult\u00e9s. Si vous \u00eates \u00e0 la recherche d\u2019une aventure ou d\u2019une connexion, ces sites peuvent vous aider \u00e0 trouver ce que vous cherchez. Les femmes plus \u00e2g\u00e9es sont souvent plus exp\u00e9riment\u00e9es et plus confiantes que les femmes plus jeunes, elles peuvent donc \u00eatre une excellente option pour une soir\u00e9e amusante. Assurez-vous simplement de lire les critiques avant de vous inscrire \u00e0 quoi que ce soit, afin de savoir dans quoi vous vous engagez.<\/p>\n<p>Les sites de rencontres pour femmes matures sont un excellent moyen pour les femmes plus \u00e2g\u00e9es de rencontrer des hommes plus jeunes. Il existe de nombreux sites qui s\u2019adressent sp\u00e9cifiquement aux femmes plus \u00e2g\u00e9es et aux hommes plus jeunes, et ceux-ci peuvent \u00eatre un excellent moyen de trouver une correspondance. Les femmes plus \u00e2g\u00e9es peuvent avoir plus d\u2019exp\u00e9rience de vie et de sagesse que les femmes plus jeunes, ce qui peut \u00eatre attrayant pour les hommes plus jeunes. Les hommes plus jeunes peuvent \u00e9galement \u00eatre attir\u00e9s par les femmes plus \u00e2g\u00e9es parce qu\u2019ils ont tendance \u00e0 \u00eatre plus confiants et s\u00fbrs d\u2019eux. Les sites de rencontres pour femmes matures peuvent \u00eatre un excellent moyen pour les femmes plus \u00e2g\u00e9es et les hommes plus jeunes de trouver l\u2019amour et la compagnie.<\/p>\n<h2>O\u00f9 aller chercher les femmes \u00e2g\u00e9es<\/h2>\n<p>Il y a beaucoup de femmes \u00e2g\u00e9es qui recherchent l\u2019amour en ligne. Vous pouvez les trouver sur des sites de rencontres tels que OurTime et eHarmony. Vous pouvez \u00e9galement les trouver sur les sites de m\u00e9dias sociaux tels que Facebook et Twitter. Assurez-vous simplement d\u2019\u00eatre respectueux et poli lorsque vous les contactez.<\/p>\n<h2>Sites de rencontres pour femmes plus \u00e2g\u00e9es<\/h2>\n<p>Il existe de nombreux sites de rencontres qui s\u2019adressent aux femmes plus \u00e2g\u00e9es \u00e0 la recherche d\u2019hommes plus jeunes, et vice versa. Ces sites Web offrent un moyen pratique pour les femmes \u00e2g\u00e9es de trouver des partenaires potentiels sans avoir \u00e0 sortir et \u00e0 se d\u00e9placer, et ils offrent \u00e9galement un environnement s\u00fbr et s\u00e9curis\u00e9 dans lequel discuter et apprendre \u00e0 se conna\u00eetre. Beaucoup de ces sites Web ont \u00e9galement des forums et des salles de discussion, ce qui peut \u00eatre un excellent moyen de conna\u00eetre d\u2019autres membres et d\u2019en savoir plus sur la sc\u00e8ne des rencontres en g\u00e9n\u00e9ral.<\/p>\n<h3>Passion.com<\/h3>\n<p>Si vous recherchez une application qui vous permet de vous connecter avec des femmes plus \u00e2g\u00e9es pour des rencontres, Passion.com est une excellente option. L\u2019application est facile \u00e0 utiliser et dispose d\u2019une interface propre et moderne. Vous pouvez rechercher des femmes par \u00e2ge, emplacement et centres d\u2019int\u00e9r\u00eat, et afficher les profils dans une grille ou une vue de liste. Passion.com offre \u00e9galement une excellente fonctionnalit\u00e9 appel\u00e9e \u00ab&nbsp;Points Passion&nbsp;\u00bb qui vous permet de gagner des points en effectuant certaines activit\u00e9s sur l\u2019application, que vous pouvez ensuite \u00e9changer contre des mises \u00e0 niveau d\u2019adh\u00e9sion gratuites et d\u2019autres avantages. Dans l\u2019ensemble, Passion.com est une excellente option pour les femmes \u00e2g\u00e9es \u00e0 la recherche d\u2019une application de rencontres facile \u00e0 utiliser et dot\u00e9e de nombreuses fonctionnalit\u00e9s.<\/p>\n<h3>FindMyFlings<\/h3>\n<p>FindMyFlings est une application de rencontres sp\u00e9cialement con\u00e7ue pour les femmes \u00e2g\u00e9es. L\u2019application est facile \u00e0 utiliser et poss\u00e8de de nombreuses fonctionnalit\u00e9s int\u00e9ressantes, telles qu\u2019une fonction de recherche qui vous permet de trouver des femmes plus \u00e2g\u00e9es dans votre r\u00e9gion. L\u2019application dispose \u00e9galement d\u2019une fonction de messagerie qui vous permet de contacter directement les femmes \u00e2g\u00e9es. Dans l\u2019ensemble, FindMyFlings est une excellente application de rencontres pour les femmes \u00e2g\u00e9es et vaut vraiment le d\u00e9tour.<\/p>\n<h3>Application Kasual<\/h3>\n<p>Kasual App est une nouvelle application de rencontres sp\u00e9cialement con\u00e7ue pour les femmes \u00e2g\u00e9es. L\u2019application est gratuite \u00e0 t\u00e9l\u00e9charger et \u00e0 utiliser, et elle offre une vari\u00e9t\u00e9 de fonctionnalit\u00e9s con\u00e7ues pour rendre l\u2019exp\u00e9rience de rencontre plus agr\u00e9able pour les femmes \u00e2g\u00e9es. L\u2019application comprend une fonction de recherche qui permet aux utilisateurs de trouver d\u2019autres utilisateurs qui se trouvent \u00e0 proximit\u00e9, et elle comprend \u00e9galement une fonction de messagerie qui permet aux utilisateurs de communiquer avec d\u2019autres utilisateurs. L\u2019application est actuellement disponible en t\u00e9l\u00e9chargement sur l\u2019App Store et Google Play, et elle devrait \u00eatre disponible en t\u00e9l\u00e9chargement sur le Windows Store et l\u2019Amazon Appstore dans un proche avenir.<\/p>\n<h3>Ashley Madison<\/h3>\n<p>Ashley Madison est une application de rencontres sp\u00e9cialement con\u00e7ue pour les femmes \u00e2g\u00e9es. C\u2019est une excellente application pour les femmes \u00e2g\u00e9es qui recherchent une relation s\u00e9rieuse ou simplement une aventure occasionnelle. L\u2019application est facile \u00e0 utiliser et poss\u00e8de de nombreuses fonctionnalit\u00e9s int\u00e9ressantes. L\u2019application a \u00e9galement la r\u00e9putation d\u2019\u00eatre une application de rencontres s\u00fbre et s\u00e9curis\u00e9e.<\/p>\n","protected":false},"excerpt":{"rendered":"<p>Il existe quelques sites de rencontres pour les femmes \u00e2g\u00e9es qui valent la peine d\u2019\u00eatre consult\u00e9s. Si vous \u00eates \u00e0 la recherche d\u2019une aventure ou d\u2019une connexion, ces sites peuvent vous aider \u00e0 trouver ce que vous cherchez. Les femmes plus \u00e2g\u00e9es sont souvent plus exp\u00e9riment\u00e9es et plus confiantes que les femmes plus jeunes, elles&#8230;<a class=\"read-more-link button\" href=\"https:\/\/theyoungmessiah.com\/fr\/site-de-rencontre-pour-femmes-agees\/\">Read more<\/a><\/p>\n","protected":false},"author":1,"featured_media":0,"parent":0,"menu_order":0,"comment_status":"closed","ping_status":"closed","template":"","meta":[],"yoast_head":"<!-- This site is optimized with the Yoast SEO plugin v17.7.1 - https:\/\/yoast.com\/wordpress\/plugins\/seo\/ -->\n<title>Site de rencontre pour femmes \u00e2g\u00e9es - Online Adult Dating<\/title>\n<meta name=\"robots\" content=\"index, follow, max-snippet:-1, max-image-preview:large, max-video-preview:-1\" \/>\n<link rel=\"canonical\" href=\"https:\/\/theyoungmessiah.com\/fr\/site-de-rencontre-pour-femmes-agees\/\" \/>\n<meta property=\"og:locale\" content=\"fr_FR\" \/>\n<meta property=\"og:type\" content=\"article\" \/>\n<meta property=\"og:title\" content=\"Site de rencontre pour femmes \u00e2g\u00e9es - Online Adult Dating\" \/>\n<meta property=\"og:description\" content=\"Il existe quelques sites de rencontres pour les femmes \u00e2g\u00e9es qui valent la peine d\u2019\u00eatre consult\u00e9s. Si vous \u00eates \u00e0 la recherche d\u2019une aventure ou d\u2019une connexion, ces sites peuvent vous aider \u00e0 trouver ce que vous cherchez. Les femmes plus \u00e2g\u00e9es sont souvent plus exp\u00e9riment\u00e9es et plus confiantes que les femmes plus jeunes, elles...Read more\" \/>\n<meta property=\"og:url\" content=\"https:\/\/theyoungmessiah.com\/fr\/site-de-rencontre-pour-femmes-agees\/\" \/>\n<meta property=\"og:site_name\" content=\"Online Adult Dating\" \/>\n<meta name=\"twitter:card\" content=\"summary_large_image\" \/>\n<meta name=\"twitter:label1\" content=\"Dur\u00e9e de lecture estim\u00e9e\" \/>\n\t<meta name=\"twitter:data1\" content=\"4 minutes\" \/>\n<script type=\"application\/ld+json\" class=\"yoast-schema-graph\">{\"@context\":\"https:\/\/schema.org\",\"@graph\":[{\"@type\":\"WebSite\",\"@id\":\"https:\/\/theyoungmessiah.com\/fr\/#website\",\"url\":\"https:\/\/theyoungmessiah.com\/fr\/\",\"name\":\"Online Adult Dating\",\"description\":\"Local Sex Hookups\",\"potentialAction\":[{\"@type\":\"SearchAction\",\"target\":{\"@type\":\"EntryPoint\",\"urlTemplate\":\"https:\/\/theyoungmessiah.com\/fr\/?s={search_term_string}\"},\"query-input\":\"required name=search_term_string\"}],\"inLanguage\":\"fr-FR\"},{\"@type\":\"WebPage\",\"@id\":\"https:\/\/theyoungmessiah.com\/fr\/site-de-rencontre-pour-femmes-agees\/#webpage\",\"url\":\"https:\/\/theyoungmessiah.com\/fr\/site-de-rencontre-pour-femmes-agees\/\",\"name\":\"Site de rencontre pour femmes \\u00e2g\\u00e9es - Online Adult Dating\",\"isPartOf\":{\"@id\":\"https:\/\/theyoungmessiah.com\/fr\/#website\"},\"datePublished\":\"2022-10-12T12:50:05+00:00\",\"dateModified\":\"2022-10-12T12:50:05+00:00\",\"breadcrumb\":{\"@id\":\"https:\/\/theyoungmessiah.com\/fr\/site-de-rencontre-pour-femmes-agees\/#breadcrumb\"},\"inLanguage\":\"fr-FR\",\"potentialAction\":[{\"@type\":\"ReadAction\",\"target\":[\"https:\/\/theyoungmessiah.com\/fr\/site-de-rencontre-pour-femmes-agees\/\"]}]},{\"@type\":\"BreadcrumbList\",\"@id\":\"https:\/\/theyoungmessiah.com\/fr\/site-de-rencontre-pour-femmes-agees\/#breadcrumb\",\"itemListElement\":[{\"@type\":\"ListItem\",\"position\":1,\"name\":\"Home\",\"item\":\"https:\/\/theyoungmessiah.com\/fr\/\"},{\"@type\":\"ListItem\",\"position\":2,\"name\":\"Site de rencontre pour femmes \\u00e2g\\u00e9es\"}]}]}<\/script>\n<!-- \/ Yoast SEO plugin. -->","yoast_head_json":{"title":"Site de rencontre pour femmes \u00e2g\u00e9es - Online Adult Dating","robots":{"index":"index","follow":"follow","max-snippet":"max-snippet:-1","max-image-preview":"max-image-preview:large","max-video-preview":"max-video-preview:-1"},"canonical":"https:\/\/theyoungmessiah.com\/fr\/site-de-rencontre-pour-femmes-agees\/","og_locale":"fr_FR","og_type":"article","og_title":"Site de rencontre pour femmes \u00e2g\u00e9es - Online Adult Dating","og_description":"Il existe quelques sites de rencontres pour les femmes \u00e2g\u00e9es qui valent la peine d\u2019\u00eatre consult\u00e9s. Si vous \u00eates \u00e0 la recherche d\u2019une aventure ou d\u2019une connexion, ces sites peuvent vous aider \u00e0 trouver ce que vous cherchez. Les femmes plus \u00e2g\u00e9es sont souvent plus exp\u00e9riment\u00e9es et plus confiantes que les femmes plus jeunes, elles...Read more","og_url":"https:\/\/theyoungmessiah.com\/fr\/site-de-rencontre-pour-femmes-agees\/","og_site_name":"Online Adult Dating","twitter_card":"summary_large_image","twitter_misc":{"Dur\u00e9e de lecture estim\u00e9e":"4 minutes"},"schema":{"@context":"https:\/\/schema.org","@graph":[{"@type":"WebSite","@id":"https:\/\/theyoungmessiah.com\/fr\/#website","url":"https:\/\/theyoungmessiah.com\/fr\/","name":"Online Adult Dating","description":"Local Sex Hookups","potentialAction":[{"@type":"SearchAction","target":{"@type":"EntryPoint","urlTemplate":"https:\/\/theyoungmessiah.com\/fr\/?s={search_term_string}"},"query-input":"required name=search_term_string"}],"inLanguage":"fr-FR"},{"@type":"WebPage","@id":"https:\/\/theyoungmessiah.com\/fr\/site-de-rencontre-pour-femmes-agees\/#webpage","url":"https:\/\/theyoungmessiah.com\/fr\/site-de-rencontre-pour-femmes-agees\/","name":"Site de rencontre pour femmes \u00e2g\u00e9es - Online Adult Dating","isPartOf":{"@id":"https:\/\/theyoungmessiah.com\/fr\/#website"},"datePublished":"2022-10-12T12:50:05+00:00","dateModified":"2022-10-12T12:50:05+00:00","breadcrumb":{"@id":"https:\/\/theyoungmessiah.com\/fr\/site-de-rencontre-pour-femmes-agees\/#breadcrumb"},"inLanguage":"fr-FR","potentialAction":[{"@type":"ReadAction","target":["https:\/\/theyoungmessiah.com\/fr\/site-de-rencontre-pour-femmes-agees\/"]}]},{"@type":"BreadcrumbList","@id":"https:\/\/theyoungmessiah.com\/fr\/site-de-rencontre-pour-femmes-agees\/#breadcrumb","itemListElement":[{"@type":"ListItem","position":1,"name":"Home","item":"https:\/\/theyoungmessiah.com\/fr\/"},{"@type":"ListItem","position":2,"name":"Site de rencontre pour femmes \u00e2g\u00e9es"}]}]}},"_links":{"self":[{"href":"https:\/\/theyoungmessiah.com\/fr\/wp-json\/wp\/v2\/pages\/321"}],"collection":[{"href":"https:\/\/theyoungmessiah.com\/fr\/wp-json\/wp\/v2\/pages"}],"about":[{"href":"https:\/\/theyoungmessiah.com\/fr\/wp-json\/wp\/v2\/types\/page"}],"author":[{"embeddable":true,"href":"https:\/\/theyoungmessiah.com\/fr\/wp-json\/wp\/v2\/users\/1"}],"replies":[{"embeddable":true,"href":"https:\/\/theyoungmessiah.com\/fr\/wp-json\/wp\/v2\/comments?post=321"}],"version-history":[{"count":0,"href":"https:\/\/theyoungmessiah.com\/fr\/wp-json\/wp\/v2\/pages\/321\/revisions"}],"wp:attachment":[{"href":"https:\/\/theyoungmessiah.com\/fr\/wp-json\/wp\/v2\/media?parent=321"}],"curies":[{"name":"wp","href":"https:\/\/api.w.org\/{rel}","templated":true}]}}