{"id":343,"date":"2022-10-12T12:56:34","date_gmt":"2022-10-12T11:56:34","guid":{"rendered":"http:\/\/theyoungmessiah.com\/monde-des-rencontres-en-ligne\/"},"modified":"2022-10-12T12:56:34","modified_gmt":"2022-10-12T11:56:34","slug":"monde-des-rencontres-en-ligne","status":"publish","type":"page","link":"https:\/\/theyoungmessiah.com\/fr\/","title":{"rendered":"Monde des rencontres en ligne"},"content":{"rendered":"<p>Le monde des rencontres en ligne a radicalement chang\u00e9 au cours de la derni\u00e8re d\u00e9cennie. De nos jours, il existe de nombreux choix pour trouver l\u2019amour &#8211; des services de jumelage traditionnels aux applications de niche r\u00e9pondant \u00e0 des int\u00e9r\u00eats sp\u00e9cifiques.<\/p>\n<p>Mais lesquels valent la peine d\u2019\u00eatre v\u00e9rifi\u00e9s? Nous avons rassembl\u00e9 nos sites de rencontres pr\u00e9f\u00e9r\u00e9s en fonction de cat\u00e9gories telles que le co\u00fbt, les fonctionnalit\u00e9s, la popularit\u00e9 et la facilit\u00e9 d\u2019utilisation.<\/p>\n<h2>Comment nous classons les sites<\/h2>\n<p>Nous avons test\u00e9 chaque site \u00e0 fond et les avons class\u00e9s en fonction du nombre de membres, de la s\u00e9curit\u00e9, des r\u00e9ussites, des fonctionnalit\u00e9s, du prix, des applications mobiles, de la disponibilit\u00e9 de l\u2019emplacement, etc.<\/p>\n<p>Les rencontres occasionnelles peuvent servir d\u2019\u00e9tape transitoire entre les rencontres et une relation plus s\u00e9rieuse. Certaines personnes se sentent mal \u00e0 l\u2019aise d\u2019\u00eatre romantiques avec quelqu\u2019un qu\u2019elles ne connaissent pas bien. D\u2019autres ont peur de se blesser \u00e0 nouveau. D\u2019autres encore s\u2019inqui\u00e8tent de la fa\u00e7on dont ils vont g\u00e9rer l\u2019intimit\u00e9. Sortir avec d\u00e9sinvolture peut vous donner l\u2019habitude de parler de sentiments, de fixer des limites et de pratiquer l\u2019affirmation de soi.<\/p>\n<h2>Commencez avec les rencontres occasionnelles<\/h2>\n<p>Toutes les personnes ne se sentent pas \u00e0 l\u2019aise de sortir s\u00e9rieusement (et beaucoup de gens ne s\u2019y int\u00e9ressent pas). Si vous ne voulez sortir avec personne, c\u2019est tr\u00e8s bien. Mais si vous voulez essayer les rencontres occasionnelles, voici ce que vous devez consid\u00e9rer.<\/p>\n<p>Les FFWB et les branchements ont tendance \u00e0 fonctionner selon un ensemble de r\u00e8gles. Les rencontres occasionnelles impliquent g\u00e9n\u00e9ralement une sorte de param\u00e8tres relationnels, qu\u2019il s\u2019agisse d\u2019une amiti\u00e9 engag\u00e9e sans conditions ou de quelque chose de plus s\u00e9rieux. Bien qu\u2019il y ait beaucoup de gens qui utilisent le terme \u00ab&nbsp;rencontres occasionnelles&nbsp;\u00bb de mani\u00e8re interchangeable avec \u00ab&nbsp;connexion&nbsp;\u00bb, ce n\u2019est pas n\u00e9cessairement ce que le mot implique.<\/p>\n<h3>Rencontres occasionnelles vs rencontres s\u00e9rieuses<\/h3>\n<p>La diff\u00e9rence entre les rencontres occasionnelles et les rencontres s\u00e9rieuses &#8211; il existe quelques diff\u00e9rences distinctes. Nous avons d\u00e9couvert que les gens d\u00e9finissent diff\u00e9remment les rencontres occasionnelles \u2013 certains pensent que cela signifie pouvoir aller \u00e0 des rendez-vous sans avoir \u00e0 planifier \u00e0 l\u2019avance, tandis que d\u2019autres dis-le signifie que vous ne voulez pas en faire une grosse affaire. Et il y a ceux qui croient que vous ne devriez sortir avec personne \u00e0 moins que vous ne soyez tous les deux pr\u00eats \u00e0 vous engager.<\/p>\n<ul>\n<li>Rencontres occasionnelles: C\u2019est souvent (mais pas toujours) non exclusif. Les gens supposent g\u00e9n\u00e9ralement qu\u2019il est acceptable de voir d\u2019autres personnes \u00e0 moins que vous n\u2019ayez eu une conversation explicite sur l\u2019exclusivit\u00e9. Pourtant, il est toujours judicieux de discuter de l\u2019exclusivit\u00e9 \u00e0 un moment donn\u00e9 juste pour s\u2019assurer que tout le monde est sur la m\u00eame longueur d\u2019onde. D\u2019une mani\u00e8re g\u00e9n\u00e9rale, les rencontres occasionnelles font r\u00e9f\u00e9rence \u00e0 des connexions qui impliquent un certain degr\u00e9 d\u2019attachement \u00e9motionnel.<\/li>\n<li>Rencontres s\u00e9rieuses: Les gens sortent souvent s\u00e9rieusement dans l\u2019espoir de trouver un partenaire \u00e0 \u00e9pouser un jour. Mais qu\u2019est-ce qui constitue exactement une relation s\u00e9rieuse? S\u2019agit-il d\u2019\u00eatre \u00e9motionnellement attach\u00e9 ? Ou avez-vous besoin de discuter de votre avenir ensemble? Si vous \u00eates \u00e0 la recherche d\u2019un partenaire de vie, voici comment savoir si quelqu\u2019un pourrait \u00eatre celui-l\u00e0.<\/li>\n<\/ul>\n<p><img loading=\"lazy\" class=\" wp-image-35 aligncenter\" src=\"http:\/\/theyoungmessiah.com\/wp-content\/uploads\/2022\/10\/meet-up-dating-1024x684.jpeg\" alt=\"\" width=\"612\" height=\"409\" srcset=\"https:\/\/theyoungmessiah.com\/wp-content\/uploads\/2022\/10\/meet-up-dating-1024x684.jpeg 1024w, https:\/\/theyoungmessiah.com\/wp-content\/uploads\/2022\/10\/meet-up-dating-300x200.jpeg 300w, https:\/\/theyoungmessiah.com\/wp-content\/uploads\/2022\/10\/meet-up-dating-768x513.jpeg 768w, https:\/\/theyoungmessiah.com\/wp-content\/uploads\/2022\/10\/meet-up-dating-1536x1025.jpeg 1536w, https:\/\/theyoungmessiah.com\/wp-content\/uploads\/2022\/10\/meet-up-dating-2048x1367.jpeg 2048w\" sizes=\"(max-width: 612px) 100vw, 612px\" \/><\/p>\n<h3>Que faire au d\u00e9part<\/h3>\n<p>Au d\u00e9but, les rencontres occasionnelles semblent \u00eatre un moyen facile de rencontrer des gens sans trop s\u2019attacher. Apr\u00e8s tout, il n\u2019y a pas d\u2019attentes, d\u2019engagements ou de responsabilit\u00e9s. Mais les rencontres occasionnelles ne consistent pas seulement \u00e0 trouver quelqu\u2019un avec qui sortir avec quelqu\u2019un; il s\u2019agit d\u2019\u00e9tablir des relations fond\u00e9es sur la confiance et le respect mutuel. Les rencontres occasionnelles n\u00e9cessitent beaucoup de communication et de maturit\u00e9 \u00e9motionnelle. Si vous abordez les rencontres occasionnelles avec la mauvaise attitude, vous pourriez vous retrouver d\u00e9\u00e7u plus tard sur la route.<\/p>\n<p>En plus d\u2019\u00eatre respectueux, tenez compte des conseils suivants avant de vous lancer dans des rencontres occasionnelles:<\/p>\n<ul>\n<li>Soyez honn\u00eate. Dites aux dates potentielles ce que vous voulez vraiment. Ne faites pas de promesses que vous ne tiendrez pas.<\/li>\n<li>Connaissez vos limites. Qu\u2019est-ce que vous vous sentez \u00e0 l\u2019aise de partager avec les autres? \u00cates-vous pr\u00eat \u00e0 divulguer vos renseignements personnels en ligne? Avez-vous un mot s\u00fbr?<\/li>\n<li>Avoir des objectifs r\u00e9alistes. Les rencontres occasionnelles sont-elles quelque chose que vous attendez avec impatience ou que vous redoutez? Pensez \u00e0 quel point vous aimeriez \u00eatre engag\u00e9 et si vous \u00eates pr\u00eat \u00e0 aller plus loin.<\/li>\n<li>Fixez des limites. Assurez-vous de savoir o\u00f9 vous en \u00eates avant d\u2019entrer dans une relation.<\/li>\n<li>Soyez ouvert au changement. Vous ne savez jamais ce qui peut arriver lors d\u2019une rencontre occasionnelle.<\/li>\n<\/ul>\n<p>Les rencontres en ligne sont devenues une m\u00e9thode de plus en plus populaire pour rencontrer des partenaires potentiels. Il n\u2019est pas surprenant que des millions de c\u00e9libataires dans le monde utilisent ces sites Web pour trouver l\u2019amour.<\/p>\n<p>Cependant, la plupart des gens ne r\u00e9alisent pas que les sites de rencontres en ligne fonctionnent diff\u00e9remment des m\u00e9thodes traditionnelles de rencontre.<\/p>\n<h3>Les sites de rencontres en ligne fonctionnent diff\u00e9remment des m\u00e9thodes traditionnelles<\/h3>\n<p>Les m\u00e9thodes de rencontres traditionnelles comprennent aller dans les bars, les clubs, les restaurants, les f\u00eates et les \u00e9v\u00e9nements. Ces endroits sont bond\u00e9s et souvent remplis d\u2019\u00e9trangers. Cela rend difficile la connexion avec les autres. D\u2019autre part, les sites de rencontres en ligne vous permettent de rechercher des correspondances en fonction de crit\u00e8res sp\u00e9cifiques. Cela signifie que vous pouvez affiner vos r\u00e9sultats de recherche jusqu\u2019\u00e0 ce que vous trouviez exactement ce que vous cherchez. Par exemple, vous pouvez filtrer vos r\u00e9sultats de recherche pour trouver des hommes ou des femmes \u00e2g\u00e9s de 18 \u00e0 35 ans. Ou vous pouvez sp\u00e9cifier si vous \u00eates int\u00e9ress\u00e9 par les hommes ou les femmes. Vous pouvez \u00e9galement d\u00e9finir des pr\u00e9f\u00e9rences telles que l\u2019emplacement, la religion, l\u2019origine ethnique, le niveau d\u2019\u00e9ducation, la profession, les passe-temps, les int\u00e9r\u00eats et les opinions politiques.<\/p>\n<p>Toutes ces choses vous aident \u00e0 affiner vos r\u00e9sultats de recherche et \u00e0 trouver la bonne personne pour vous.<\/p>\n<h3>C\u00e9libataires qui veulent rencontrer de nouvelles personnes<\/h3>\n<p>La plupart des gens qui utilisent des sites de rencontres en ligne sont c\u00e9libataires. Ils peuvent \u00eatre \u00e0 la recherche d\u2019une relation ou simplement essayer de rencontrer de nouvelles personnes. Parce que les sites de rencontres en ligne vous permettent de rechercher des correspondances en fonction de certains crit\u00e8res, vous pouvez facilement trouver quelqu\u2019un qui partage des valeurs et des croyances similaires. Lorsque vous rencontrez quelqu\u2019un qui partage vos valeurs et vos croyances, vous vous sentez \u00e0 l\u2019aise de lui parler. Cela vous aide \u00e0 d\u00e9velopper des relations plus fortes plus rapidement.<\/p>\n","protected":false},"excerpt":{"rendered":"<p>Le monde des rencontres en ligne a radicalement chang\u00e9 au cours de la derni\u00e8re d\u00e9cennie. De nos jours, il existe de nombreux choix pour trouver l\u2019amour &#8211; des services de jumelage traditionnels aux applications de niche r\u00e9pondant \u00e0 des int\u00e9r\u00eats sp\u00e9cifiques. Mais lesquels valent la peine d\u2019\u00eatre v\u00e9rifi\u00e9s? Nous avons rassembl\u00e9 nos sites de rencontres&#8230;<a class=\"read-more-link button\" href=\"https:\/\/theyoungmessiah.com\/fr\/\">Read more<\/a><\/p>\n","protected":false},"author":1,"featured_media":129,"parent":0,"menu_order":0,"comment_status":"closed","ping_status":"closed","template":"","meta":[],"yoast_head":"<!-- This site is optimized with the Yoast SEO plugin v17.7.1 - https:\/\/yoast.com\/wordpress\/plugins\/seo\/ -->\n<title>Monde des rencontres en ligne - Online Adult Dating<\/title>\n<meta name=\"robots\" content=\"index, follow, max-snippet:-1, max-image-preview:large, max-video-preview:-1\" \/>\n<link rel=\"canonical\" href=\"https:\/\/theyoungmessiah.com\/fr\/\" \/>\n<meta property=\"og:locale\" content=\"fr_FR\" \/>\n<meta property=\"og:type\" content=\"article\" \/>\n<meta property=\"og:title\" content=\"Monde des rencontres en ligne - Online Adult Dating\" \/>\n<meta property=\"og:description\" content=\"Le monde des rencontres en ligne a radicalement chang\u00e9 au cours de la derni\u00e8re d\u00e9cennie. De nos jours, il existe de nombreux choix pour trouver l\u2019amour &#8211; des services de jumelage traditionnels aux applications de niche r\u00e9pondant \u00e0 des int\u00e9r\u00eats sp\u00e9cifiques. Mais lesquels valent la peine d\u2019\u00eatre v\u00e9rifi\u00e9s? Nous avons rassembl\u00e9 nos sites de rencontres...Read more\" \/>\n<meta property=\"og:url\" content=\"https:\/\/theyoungmessiah.com\/fr\/\" \/>\n<meta property=\"og:site_name\" content=\"Online Adult Dating\" \/>\n<meta property=\"og:image\" content=\"https:\/\/theyoungmessiah.com\/wp-content\/uploads\/2022\/10\/hookup-finder.jpeg\" \/>\n\t<meta property=\"og:image:width\" content=\"1600\" \/>\n\t<meta property=\"og:image:height\" content=\"1067\" \/>\n<meta name=\"twitter:card\" content=\"summary_large_image\" \/>\n<meta name=\"twitter:label1\" content=\"Dur\u00e9e de lecture estim\u00e9e\" \/>\n\t<meta name=\"twitter:data1\" content=\"6 minutes\" \/>\n<script type=\"application\/ld+json\" class=\"yoast-schema-graph\">{\"@context\":\"https:\/\/schema.org\",\"@graph\":[{\"@type\":\"WebSite\",\"@id\":\"https:\/\/theyoungmessiah.com\/fr\/#website\",\"url\":\"https:\/\/theyoungmessiah.com\/fr\/\",\"name\":\"Online Adult Dating\",\"description\":\"Local Sex Hookups\",\"potentialAction\":[{\"@type\":\"SearchAction\",\"target\":{\"@type\":\"EntryPoint\",\"urlTemplate\":\"https:\/\/theyoungmessiah.com\/fr\/?s={search_term_string}\"},\"query-input\":\"required name=search_term_string\"}],\"inLanguage\":\"fr-FR\"},{\"@type\":\"ImageObject\",\"@id\":\"https:\/\/theyoungmessiah.com\/fr\/#primaryimage\",\"inLanguage\":\"fr-FR\",\"url\":\"https:\/\/theyoungmessiah.com\/wp-content\/uploads\/2022\/10\/hookup-finder.jpeg\",\"contentUrl\":\"https:\/\/theyoungmessiah.com\/wp-content\/uploads\/2022\/10\/hookup-finder.jpeg\",\"width\":1600,\"height\":1067},{\"@type\":\"WebPage\",\"@id\":\"https:\/\/theyoungmessiah.com\/fr\/#webpage\",\"url\":\"https:\/\/theyoungmessiah.com\/fr\/\",\"name\":\"Monde des rencontres en ligne - Online Adult Dating\",\"isPartOf\":{\"@id\":\"https:\/\/theyoungmessiah.com\/fr\/#website\"},\"primaryImageOfPage\":{\"@id\":\"https:\/\/theyoungmessiah.com\/fr\/#primaryimage\"},\"datePublished\":\"2022-10-12T11:56:34+00:00\",\"dateModified\":\"2022-10-12T11:56:34+00:00\",\"breadcrumb\":{\"@id\":\"https:\/\/theyoungmessiah.com\/fr\/#breadcrumb\"},\"inLanguage\":\"fr-FR\",\"potentialAction\":[{\"@type\":\"ReadAction\",\"target\":[\"https:\/\/theyoungmessiah.com\/fr\/\"]}]},{\"@type\":\"BreadcrumbList\",\"@id\":\"https:\/\/theyoungmessiah.com\/fr\/#breadcrumb\",\"itemListElement\":[{\"@type\":\"ListItem\",\"position\":1,\"name\":\"Home\",\"item\":\"https:\/\/theyoungmessiah.com\/fr\/\"},{\"@type\":\"ListItem\",\"position\":2,\"name\":\"Monde des rencontres en ligne\"}]}]}<\/script>\n<!-- \/ Yoast SEO plugin. -->","yoast_head_json":{"title":"Monde des rencontres en ligne - Online Adult Dating","robots":{"index":"index","follow":"follow","max-snippet":"max-snippet:-1","max-image-preview":"max-image-preview:large","max-video-preview":"max-video-preview:-1"},"canonical":"https:\/\/theyoungmessiah.com\/fr\/","og_locale":"fr_FR","og_type":"article","og_title":"Monde des rencontres en ligne - Online Adult Dating","og_description":"Le monde des rencontres en ligne a radicalement chang\u00e9 au cours de la derni\u00e8re d\u00e9cennie. De nos jours, il existe de nombreux choix pour trouver l\u2019amour &#8211; des services de jumelage traditionnels aux applications de niche r\u00e9pondant \u00e0 des int\u00e9r\u00eats sp\u00e9cifiques. Mais lesquels valent la peine d\u2019\u00eatre v\u00e9rifi\u00e9s? Nous avons rassembl\u00e9 nos sites de rencontres...Read more","og_url":"https:\/\/theyoungmessiah.com\/fr\/","og_site_name":"Online Adult Dating","og_image":[{"width":1600,"height":1067,"url":"https:\/\/theyoungmessiah.com\/wp-content\/uploads\/2022\/10\/hookup-finder.jpeg","type":"image\/jpeg"}],"twitter_card":"summary_large_image","twitter_misc":{"Dur\u00e9e de lecture estim\u00e9e":"6 minutes"},"schema":{"@context":"https:\/\/schema.org","@graph":[{"@type":"WebSite","@id":"https:\/\/theyoungmessiah.com\/fr\/#website","url":"https:\/\/theyoungmessiah.com\/fr\/","name":"Online Adult Dating","description":"Local Sex Hookups","potentialAction":[{"@type":"SearchAction","target":{"@type":"EntryPoint","urlTemplate":"https:\/\/theyoungmessiah.com\/fr\/?s={search_term_string}"},"query-input":"required name=search_term_string"}],"inLanguage":"fr-FR"},{"@type":"ImageObject","@id":"https:\/\/theyoungmessiah.com\/fr\/#primaryimage","inLanguage":"fr-FR","url":"https:\/\/theyoungmessiah.com\/wp-content\/uploads\/2022\/10\/hookup-finder.jpeg","contentUrl":"https:\/\/theyoungmessiah.com\/wp-content\/uploads\/2022\/10\/hookup-finder.jpeg","width":1600,"height":1067},{"@type":"WebPage","@id":"https:\/\/theyoungmessiah.com\/fr\/#webpage","url":"https:\/\/theyoungmessiah.com\/fr\/","name":"Monde des rencontres en ligne - Online Adult Dating","isPartOf":{"@id":"https:\/\/theyoungmessiah.com\/fr\/#website"},"primaryImageOfPage":{"@id":"https:\/\/theyoungmessiah.com\/fr\/#primaryimage"},"datePublished":"2022-10-12T11:56:34+00:00","dateModified":"2022-10-12T11:56:34+00:00","breadcrumb":{"@id":"https:\/\/theyoungmessiah.com\/fr\/#breadcrumb"},"inLanguage":"fr-FR","potentialAction":[{"@type":"ReadAction","target":["https:\/\/theyoungmessiah.com\/fr\/"]}]},{"@type":"BreadcrumbList","@id":"https:\/\/theyoungmessiah.com\/fr\/#breadcrumb","itemListElement":[{"@type":"ListItem","position":1,"name":"Home","item":"https:\/\/theyoungmessiah.com\/fr\/"},{"@type":"ListItem","position":2,"name":"Monde des rencontres en ligne"}]}]}},"_links":{"self":[{"href":"https:\/\/theyoungmessiah.com\/fr\/wp-json\/wp\/v2\/pages\/343"}],"collection":[{"href":"https:\/\/theyoungmessiah.com\/fr\/wp-json\/wp\/v2\/pages"}],"about":[{"href":"https:\/\/theyoungmessiah.com\/fr\/wp-json\/wp\/v2\/types\/page"}],"author":[{"embeddable":true,"href":"https:\/\/theyoungmessiah.com\/fr\/wp-json\/wp\/v2\/users\/1"}],"replies":[{"embeddable":true,"href":"https:\/\/theyoungmessiah.com\/fr\/wp-json\/wp\/v2\/comments?post=343"}],"version-history":[{"count":0,"href":"https:\/\/theyoungmessiah.com\/fr\/wp-json\/wp\/v2\/pages\/343\/revisions"}],"wp:featuredmedia":[{"embeddable":true,"href":"https:\/\/theyoungmessiah.com\/fr\/wp-json\/wp\/v2\/media\/129"}],"wp:attachment":[{"href":"https:\/\/theyoungmessiah.com\/fr\/wp-json\/wp\/v2\/media?parent=343"}],"curies":[{"name":"wp","href":"https:\/\/api.w.org\/{rel}","templated":true}]}}