{"id":159,"date":"2022-10-12T13:53:06","date_gmt":"2022-10-12T12:53:06","guid":{"rendered":"http:\/\/theyoungmessiah.com\/siti-web-di-amici-con-vantaggi\/"},"modified":"2022-10-12T13:53:06","modified_gmt":"2022-10-12T12:53:06","slug":"siti-web-di-amici-con-vantaggi","status":"publish","type":"page","link":"https:\/\/theyoungmessiah.com\/it\/siti-web-di-amici-con-vantaggi\/","title":{"rendered":"Siti web di amici con vantaggi"},"content":{"rendered":"<p>Esistono diversi tipi di amici con siti Web di vantaggi. Il primo tipo \u00e8 dove puoi trovare persone con cui collegarti senza alcuna corda attaccata. Questo tipo di sito Web \u00e8 ottimo per le persone che vogliono solo divertirsi e non preoccuparsi di entrare in una relazione. Il secondo tipo di sito web di amici con benefici \u00e8 dove puoi trovare persone con cui uscire e possibilmente avere una relazione con. Questo tipo di sito Web \u00e8 ottimo per le persone che cercano pi\u00f9 di un semplice collegamento.<\/p>\n<h2>Miglior sito per Fwb<\/h2>\n<p>Ci sono molti ottimi siti Web l\u00e0 fuori per <a href=\"http:\/\/theyoungmessiah.com\/it\/collegamenti-in-ebano\/\">trovare un amico con vantaggi<\/a>, ma il mio preferito \u00e8 FWB Dates. \u00c8 facile da usare e ha molte fantastiche funzionalit\u00e0 che rendono facile e veloce trovare una corrispondenza. Inoltre, l&#8217;iscrizione al sito \u00e8 gratuita, quindi puoi iniziare subito a trovare la tua corrispondenza perfetta. Ci sono molte persone l\u00e0 fuori che sono alla ricerca di un amico del cazzo. Puoi trovarli online su un sito di incontri o anche su siti di social media. Tutto quello che devi fare \u00e8 cercarli e li troverai.<\/p>\n<p>Se stai cercando un amico del cazzo, il posto migliore per guardare \u00e8 online. Ci sono molti siti Web e app che possono aiutarti a trovare qualcuno che \u00e8 gi\u00f9 per un collegamento. Tutto quello che devi fare \u00e8 creare un profilo e iniziare a navigare tra potenziali corrispondenze. Quando trovi qualcuno che ti interessa, inviagli un messaggio e vedi dove vanno le cose.<\/p>\n<h3>OnlyFlings<\/h3>\n<p>Se stai cercando un amico con una situazione di benefici, dovresti assolutamente dare un&#8217;occhiata a OnlyFlings. \u00c8 un&#8217;ottima app di appuntamenti che ti consente di trovare potenziali corrispondenze nella tua zona. L&#8217;app \u00e8 facile da usare e ha molte fantastiche funzionalit\u00e0, tra cui un sistema di messaggistica che ti consente di comunicare con potenziali corrispondenze. L&#8217;unico aspetto negativo \u00e8 che l&#8217;app \u00e8 un po &#8216;costosa, ma ne vale sicuramente la pena se stai cercando un amico con una situazione di benefici.<\/p>\n<h3>BookOfSext<\/h3>\n<p>Se stai cercando un&#8217;app di appuntamenti con amici con vantaggi, BookOfSext \u00e8 un&#8217;ottima opzione. L&#8217;app \u00e8 scaricabile e utilizzabile gratuitamente ed \u00e8 ricca di funzionalit\u00e0 che semplificano la ricerca e la connessione con potenziali corrispondenze. La funzione di ricerca \u00e8 particolarmente utile e puoi usarla per trovare corrispondenze nella tua zona o in qualsiasi parte del mondo. L&#8217;app ha anche una funzione di messaggistica, in modo da poter rimanere in contatto con le tue partite anche quando non stai utilizzando l&#8217;app. Nel complesso, BookOfSext \u00e8 un&#8217;ottima opzione per chiunque cerchi un amico con un&#8217;app di appuntamenti vantaggiosa.<\/p>\n<h3>Un sacco di pesce<\/h3>\n<p>Ci sono molte ragioni per provare Plenty of Fish, soprattutto se stai cercando amici con benefici. L&#8217;app di appuntamenti ha un ampio pool di utenti tra cui scegliere, quindi sei destinato a trovare qualcuno compatibile con te. Inoltre, l&#8217;app \u00e8 gratuita, quindi puoi risparmiare denaro per altre cose.<\/p>\n<p>L&#8217;app \u00e8 facile da usare e navigare e non \u00e8 eccessivamente complicata. Puoi cercare potenziali corrispondenze per posizione, et\u00e0 e altri criteri e puoi inviare loro messaggi direttamente. L&#8217;app ha anche alcune altre funzionalit\u00e0, come una funzione &#8220;Poke&#8221;, che ti consente di flirtare con potenziali corrispondenze.<\/p>\n<p>Nel complesso, Plenty of Fish \u00e8 un&#8217;ottima opzione per chiunque cerchi amici con benefici. L&#8217;app \u00e8 gratuita ed \u00e8 facile trovare potenziali corrispondenze. Inoltre, l&#8217;app ha alcune altre funzionalit\u00e0 che vale la pena provare.<\/p>\n<h3>Xpress \u00b7<\/h3>\n<p>Se stai cercando un sito web di amici con vantaggi che offra effettivamente, allora Xpress \u00e8 l&#8217;app che fa per te. Ho provato molte di queste app e la maggior parte di esse sono spazzatura completa. O sono piene di profili falsi, o le ragazze sono cos\u00ec brutte che preferiresti semplicemente scrollarti di dosso. Ma Xpress \u00e8 diverso. Le ragazze qui sono in realt\u00e0 piuttosto calde, e sono anche gi\u00f9 per collegarsi.<\/p>\n<p>Mi sono collegato con alcune ragazze di Xpress, ed \u00e8 sempre stata una grande esperienza. Le ragazze sono facili da parlare e in realt\u00e0 sono gi\u00f9 per divertirsi. Se stai cercando un sito web di amici con vantaggi che funzioni davvero, allora Xpress \u00e8 l&#8217;app che fa per te.<\/p>\n","protected":false},"excerpt":{"rendered":"<p>Esistono diversi tipi di amici con siti Web di vantaggi. Il primo tipo \u00e8 dove puoi trovare persone con cui collegarti senza alcuna corda attaccata. Questo tipo di sito Web \u00e8 ottimo per le persone che vogliono solo divertirsi e non preoccuparsi di entrare in una relazione. Il secondo tipo di sito web di amici&#8230;<a class=\"read-more-link button\" href=\"https:\/\/theyoungmessiah.com\/it\/siti-web-di-amici-con-vantaggi\/\">Read more<\/a><\/p>\n","protected":false},"author":1,"featured_media":0,"parent":0,"menu_order":0,"comment_status":"closed","ping_status":"closed","template":"","meta":[],"yoast_head":"<!-- This site is optimized with the Yoast SEO plugin v17.7.1 - https:\/\/yoast.com\/wordpress\/plugins\/seo\/ -->\n<title>Siti web di amici con vantaggi - Online Adult Dating<\/title>\n<meta name=\"robots\" content=\"index, follow, max-snippet:-1, max-image-preview:large, max-video-preview:-1\" \/>\n<link rel=\"canonical\" href=\"https:\/\/theyoungmessiah.com\/it\/siti-web-di-amici-con-vantaggi\/\" \/>\n<meta property=\"og:locale\" content=\"it_IT\" \/>\n<meta property=\"og:type\" content=\"article\" \/>\n<meta property=\"og:title\" content=\"Siti web di amici con vantaggi - Online Adult Dating\" \/>\n<meta property=\"og:description\" content=\"Esistono diversi tipi di amici con siti Web di vantaggi. Il primo tipo \u00e8 dove puoi trovare persone con cui collegarti senza alcuna corda attaccata. Questo tipo di sito Web \u00e8 ottimo per le persone che vogliono solo divertirsi e non preoccuparsi di entrare in una relazione. Il secondo tipo di sito web di amici...Read more\" \/>\n<meta property=\"og:url\" content=\"https:\/\/theyoungmessiah.com\/it\/siti-web-di-amici-con-vantaggi\/\" \/>\n<meta property=\"og:site_name\" content=\"Online Adult Dating\" \/>\n<meta name=\"twitter:card\" content=\"summary_large_image\" \/>\n<meta name=\"twitter:label1\" content=\"Tempo di lettura stimato\" \/>\n\t<meta name=\"twitter:data1\" content=\"3 minuti\" \/>\n<script type=\"application\/ld+json\" class=\"yoast-schema-graph\">{\"@context\":\"https:\/\/schema.org\",\"@graph\":[{\"@type\":\"WebSite\",\"@id\":\"https:\/\/theyoungmessiah.com\/it\/#website\",\"url\":\"https:\/\/theyoungmessiah.com\/it\/\",\"name\":\"Online Adult Dating\",\"description\":\"Local Sex Hookups\",\"potentialAction\":[{\"@type\":\"SearchAction\",\"target\":{\"@type\":\"EntryPoint\",\"urlTemplate\":\"https:\/\/theyoungmessiah.com\/it\/?s={search_term_string}\"},\"query-input\":\"required name=search_term_string\"}],\"inLanguage\":\"it-IT\"},{\"@type\":\"WebPage\",\"@id\":\"https:\/\/theyoungmessiah.com\/it\/siti-web-di-amici-con-vantaggi\/#webpage\",\"url\":\"https:\/\/theyoungmessiah.com\/it\/siti-web-di-amici-con-vantaggi\/\",\"name\":\"Siti web di amici con vantaggi - Online Adult Dating\",\"isPartOf\":{\"@id\":\"https:\/\/theyoungmessiah.com\/it\/#website\"},\"datePublished\":\"2022-10-12T12:53:06+00:00\",\"dateModified\":\"2022-10-12T12:53:06+00:00\",\"breadcrumb\":{\"@id\":\"https:\/\/theyoungmessiah.com\/it\/siti-web-di-amici-con-vantaggi\/#breadcrumb\"},\"inLanguage\":\"it-IT\",\"potentialAction\":[{\"@type\":\"ReadAction\",\"target\":[\"https:\/\/theyoungmessiah.com\/it\/siti-web-di-amici-con-vantaggi\/\"]}]},{\"@type\":\"BreadcrumbList\",\"@id\":\"https:\/\/theyoungmessiah.com\/it\/siti-web-di-amici-con-vantaggi\/#breadcrumb\",\"itemListElement\":[{\"@type\":\"ListItem\",\"position\":1,\"name\":\"Home\",\"item\":\"https:\/\/theyoungmessiah.com\/it\/\"},{\"@type\":\"ListItem\",\"position\":2,\"name\":\"Siti web di amici con vantaggi\"}]}]}<\/script>\n<!-- \/ Yoast SEO plugin. -->","yoast_head_json":{"title":"Siti web di amici con vantaggi - Online Adult Dating","robots":{"index":"index","follow":"follow","max-snippet":"max-snippet:-1","max-image-preview":"max-image-preview:large","max-video-preview":"max-video-preview:-1"},"canonical":"https:\/\/theyoungmessiah.com\/it\/siti-web-di-amici-con-vantaggi\/","og_locale":"it_IT","og_type":"article","og_title":"Siti web di amici con vantaggi - Online Adult Dating","og_description":"Esistono diversi tipi di amici con siti Web di vantaggi. Il primo tipo \u00e8 dove puoi trovare persone con cui collegarti senza alcuna corda attaccata. Questo tipo di sito Web \u00e8 ottimo per le persone che vogliono solo divertirsi e non preoccuparsi di entrare in una relazione. Il secondo tipo di sito web di amici...Read more","og_url":"https:\/\/theyoungmessiah.com\/it\/siti-web-di-amici-con-vantaggi\/","og_site_name":"Online Adult Dating","twitter_card":"summary_large_image","twitter_misc":{"Tempo di lettura stimato":"3 minuti"},"schema":{"@context":"https:\/\/schema.org","@graph":[{"@type":"WebSite","@id":"https:\/\/theyoungmessiah.com\/it\/#website","url":"https:\/\/theyoungmessiah.com\/it\/","name":"Online Adult Dating","description":"Local Sex Hookups","potentialAction":[{"@type":"SearchAction","target":{"@type":"EntryPoint","urlTemplate":"https:\/\/theyoungmessiah.com\/it\/?s={search_term_string}"},"query-input":"required name=search_term_string"}],"inLanguage":"it-IT"},{"@type":"WebPage","@id":"https:\/\/theyoungmessiah.com\/it\/siti-web-di-amici-con-vantaggi\/#webpage","url":"https:\/\/theyoungmessiah.com\/it\/siti-web-di-amici-con-vantaggi\/","name":"Siti web di amici con vantaggi - Online Adult Dating","isPartOf":{"@id":"https:\/\/theyoungmessiah.com\/it\/#website"},"datePublished":"2022-10-12T12:53:06+00:00","dateModified":"2022-10-12T12:53:06+00:00","breadcrumb":{"@id":"https:\/\/theyoungmessiah.com\/it\/siti-web-di-amici-con-vantaggi\/#breadcrumb"},"inLanguage":"it-IT","potentialAction":[{"@type":"ReadAction","target":["https:\/\/theyoungmessiah.com\/it\/siti-web-di-amici-con-vantaggi\/"]}]},{"@type":"BreadcrumbList","@id":"https:\/\/theyoungmessiah.com\/it\/siti-web-di-amici-con-vantaggi\/#breadcrumb","itemListElement":[{"@type":"ListItem","position":1,"name":"Home","item":"https:\/\/theyoungmessiah.com\/it\/"},{"@type":"ListItem","position":2,"name":"Siti web di amici con vantaggi"}]}]}},"_links":{"self":[{"href":"https:\/\/theyoungmessiah.com\/it\/wp-json\/wp\/v2\/pages\/159"}],"collection":[{"href":"https:\/\/theyoungmessiah.com\/it\/wp-json\/wp\/v2\/pages"}],"about":[{"href":"https:\/\/theyoungmessiah.com\/it\/wp-json\/wp\/v2\/types\/page"}],"author":[{"embeddable":true,"href":"https:\/\/theyoungmessiah.com\/it\/wp-json\/wp\/v2\/users\/1"}],"replies":[{"embeddable":true,"href":"https:\/\/theyoungmessiah.com\/it\/wp-json\/wp\/v2\/comments?post=159"}],"version-history":[{"count":0,"href":"https:\/\/theyoungmessiah.com\/it\/wp-json\/wp\/v2\/pages\/159\/revisions"}],"wp:attachment":[{"href":"https:\/\/theyoungmessiah.com\/it\/wp-json\/wp\/v2\/media?parent=159"}],"curies":[{"name":"wp","href":"https:\/\/api.w.org\/{rel}","templated":true}]}}