{"id":161,"date":"2022-10-12T14:00:11","date_gmt":"2022-10-12T13:00:11","guid":{"rendered":"http:\/\/theyoungmessiah.com\/incontra-per-il-sesso\/"},"modified":"2022-10-12T14:00:11","modified_gmt":"2022-10-12T13:00:11","slug":"incontra-per-il-sesso","status":"publish","type":"page","link":"https:\/\/theyoungmessiah.com\/it\/incontra-per-il-sesso\/","title":{"rendered":"Incontra per il sesso"},"content":{"rendered":"<p>Quando due persone si incontrano per fare sesso, di solito \u00e8 perch\u00e9 sono attratte l&#8217;una dall&#8217;altra e vogliono avere rapporti sessuali. A volte le persone si incontrano per fare sesso perch\u00e9 sono alla ricerca di un incontro sessuale casuale senza alcun attaccamento emotivo; tuttavia, questo non \u00e8 sempre il caso. Le persone possono anche incontrarsi per fare sesso perch\u00e9 sono in una relazione impegnata e vogliono ravvivare le cose, o perch\u00e9 sono in una relazione aperta e sono alla ricerca di nuovi partner sessuali. Non importa quale sia la ragione, incontrarsi per fare sesso pu\u00f2 essere un&#8217;esperienza divertente ed emozionante per entrambe le parti coinvolte.<\/p>\n<h2>Siti di sesso locale<\/h2>\n<p>La maggior parte dei siti di incontri sono progettati per aiutare le persone a trovare single locali nella loro zona. Tuttavia, ci sono anche un certo numero di siti di sesso che si rivolgono a persone che sono alla ricerca di collegamenti locali. Questi siti possono essere un ottimo modo per trovare partner locali per il sesso occasionale, ma \u00e8 importante essere consapevoli dei rischi connessi.<\/p>\n<p>Ci sono alcune cose da tenere a mente quando si utilizzano siti di sesso locale. Innanzitutto, \u00e8 importante assicurarsi di incontrare solo persone maggiorenni. In secondo luogo, \u00e8 importante essere consapevoli del potenziale di truffe. Ci sono un certo numero di persone che creano profili falsi su questi siti per sfruttare gli utenti ignari. Infine, \u00e8 importante usare il buon senso quando si incontra qualcuno da un sito di sesso locale. Assicurati di incontrarti in un luogo pubblico e di avere un modo per contattarti nel caso in cui qualcosa vada storto.<\/p>\n<h2>Siti di incontri sessuali gratuiti<\/h2>\n<p>Ci sono molti siti di incontri sessuali gratuiti online che si rivolgono a persone che sono alla ricerca di incontri sessuali occasionali. Questi siti sono di solito facili da usare e ti consentono di cercare persone nella tua zona che stanno cercando la tua stessa cosa. Di solito puoi inviare messaggi a queste persone e organizzare un incontro per un collegamento. Tuttavia, \u00e8 importante ricordare che non tutti su questi siti stanno cercando la stessa cosa, quindi \u00e8 importante essere chiari su ci\u00f2 che stai cercando prima di incontrare qualcuno.<\/p>\n<h2>Siti di sesso gratuiti<\/h2>\n<p>Ci sono molti siti di sesso gratuiti l\u00e0 fuori, ma non tutti vale la pena usarli. Quelli che vale la pena usare avranno molti membri e saranno facili da usare. Dovresti anche essere in grado di trovare facilmente corrispondenze su questi siti.<\/p>\n<h3>BBWCupid<\/h3>\n<p>BBWCupid \u00e8 un&#8217;app di appuntamenti progettata per le donne curvy e gli uomini che le amano. \u00c8 gratuito scaricare e creare un profilo e puoi sfogliare i profili di single locali nella tua zona. Se vedi qualcuno che ti piace, puoi inviargli un messaggio e vedere se \u00e8 interessato a incontrarsi.<\/p>\n<p>L&#8217;app \u00e8 facile da usare e ha molte fantastiche funzionalit\u00e0, come la chat video e la messaggistica istantanea. \u00c8 un ottimo modo per incontrare donne curvy per appuntamenti, amicizia o anche solo per collegarsi. Se stai cercando un&#8217;app di appuntamenti BBW, BBWCupid \u00e8 un&#8217;ottima opzione.<\/p>\n<h3>SimpleFlirts<\/h3>\n<p>SimpleFlirts \u00e8 una popolare app di appuntamenti che aiuta le persone a connettersi tra loro per il sesso occasionale. L&#8217;app ha una buona reputazione per essere facile da usare e per connettere rapidamente le persone. L&#8217;app \u00e8 scaricabile e utilizzabile gratuitamente e offre una vasta gamma di funzionalit\u00e0 ai suoi utenti. Tuttavia, alcuni utenti si sono lamentati del fatto che l&#8217;app sia buggata e della mancanza di una funzione di ricerca. Nel complesso, SimpleFlirts \u00e8 una buona opzione per le persone che cercano partner sessuali occasionali.<\/p>\n<h3>Rubmaps<\/h3>\n<p>Rubmaps \u00e8 una popolare app di appuntamenti che consente agli utenti di trovare potenziali partner per incontri casuali. L&#8217;app ha un&#8217;interfaccia semplice ed \u00e8 facile da usare. Ha anche un ampio database di utenti, che lo rende un&#8217;ottima scelta per coloro che cercano un incontro casuale. L&#8217;app pu\u00f2 essere scaricata e utilizzata gratuitamente e non \u00e8 necessario creare un account. Tuttavia, \u00e8 importante notare che Rubmaps non \u00e8 un&#8217;app di collegamento e gli utenti dovrebbero essere consapevoli del fatto che potrebbero incontrare potenziali partner per il sesso.<\/p>\n<h3>Xpress \u00b7<\/h3>\n<p>Se stai cercando un&#8217;app di appuntamenti per aiutarti a incontrare qualcuno per un collegamento rapido, Xpress \u00e8 un&#8217;ottima opzione. Con una vasta base di utenti e un processo di registrazione veloce, \u00e8 facile trovare qualcuno con cui collegarsi in modo rapido e semplice. L&#8217;app ha anche una buona reputazione per essere sicura e protetta, quindi puoi essere certo che le tue informazioni sono protette. Tuttavia, poich\u00e9 si tratta di un&#8217;app di collegamento, ci sono alcuni profili falsi e truffatori, quindi fai attenzione quando scorri. Nel complesso, Xpress \u00e8 un&#8217;ottima opzione se stai cercando un modo semplice e veloce per incontrare qualcuno per un collegamento rapido.<\/p>\n","protected":false},"excerpt":{"rendered":"<p>Quando due persone si incontrano per fare sesso, di solito \u00e8 perch\u00e9 sono attratte l&#8217;una dall&#8217;altra e vogliono avere rapporti sessuali. A volte le persone si incontrano per fare sesso perch\u00e9 sono alla ricerca di un incontro sessuale casuale senza alcun attaccamento emotivo; tuttavia, questo non \u00e8 sempre il caso. Le persone possono anche incontrarsi&#8230;<a class=\"read-more-link button\" href=\"https:\/\/theyoungmessiah.com\/it\/incontra-per-il-sesso\/\">Read more<\/a><\/p>\n","protected":false},"author":1,"featured_media":0,"parent":0,"menu_order":0,"comment_status":"closed","ping_status":"closed","template":"","meta":[],"yoast_head":"<!-- This site is optimized with the Yoast SEO plugin v17.7.1 - https:\/\/yoast.com\/wordpress\/plugins\/seo\/ -->\n<title>Incontra per il sesso - Online Adult Dating<\/title>\n<meta name=\"robots\" content=\"index, follow, max-snippet:-1, max-image-preview:large, max-video-preview:-1\" \/>\n<link rel=\"canonical\" href=\"https:\/\/theyoungmessiah.com\/it\/incontra-per-il-sesso\/\" \/>\n<meta property=\"og:locale\" content=\"it_IT\" \/>\n<meta property=\"og:type\" content=\"article\" \/>\n<meta property=\"og:title\" content=\"Incontra per il sesso - Online Adult Dating\" \/>\n<meta property=\"og:description\" content=\"Quando due persone si incontrano per fare sesso, di solito \u00e8 perch\u00e9 sono attratte l&#8217;una dall&#8217;altra e vogliono avere rapporti sessuali. A volte le persone si incontrano per fare sesso perch\u00e9 sono alla ricerca di un incontro sessuale casuale senza alcun attaccamento emotivo; tuttavia, questo non \u00e8 sempre il caso. Le persone possono anche incontrarsi...Read more\" \/>\n<meta property=\"og:url\" content=\"https:\/\/theyoungmessiah.com\/it\/incontra-per-il-sesso\/\" \/>\n<meta property=\"og:site_name\" content=\"Online Adult Dating\" \/>\n<meta name=\"twitter:card\" content=\"summary_large_image\" \/>\n<meta name=\"twitter:label1\" content=\"Tempo di lettura stimato\" \/>\n\t<meta name=\"twitter:data1\" content=\"4 minuti\" \/>\n<script type=\"application\/ld+json\" class=\"yoast-schema-graph\">{\"@context\":\"https:\/\/schema.org\",\"@graph\":[{\"@type\":\"WebSite\",\"@id\":\"https:\/\/theyoungmessiah.com\/it\/#website\",\"url\":\"https:\/\/theyoungmessiah.com\/it\/\",\"name\":\"Online Adult Dating\",\"description\":\"Local Sex Hookups\",\"potentialAction\":[{\"@type\":\"SearchAction\",\"target\":{\"@type\":\"EntryPoint\",\"urlTemplate\":\"https:\/\/theyoungmessiah.com\/it\/?s={search_term_string}\"},\"query-input\":\"required name=search_term_string\"}],\"inLanguage\":\"it-IT\"},{\"@type\":\"WebPage\",\"@id\":\"https:\/\/theyoungmessiah.com\/it\/incontra-per-il-sesso\/#webpage\",\"url\":\"https:\/\/theyoungmessiah.com\/it\/incontra-per-il-sesso\/\",\"name\":\"Incontra per il sesso - Online Adult Dating\",\"isPartOf\":{\"@id\":\"https:\/\/theyoungmessiah.com\/it\/#website\"},\"datePublished\":\"2022-10-12T13:00:11+00:00\",\"dateModified\":\"2022-10-12T13:00:11+00:00\",\"breadcrumb\":{\"@id\":\"https:\/\/theyoungmessiah.com\/it\/incontra-per-il-sesso\/#breadcrumb\"},\"inLanguage\":\"it-IT\",\"potentialAction\":[{\"@type\":\"ReadAction\",\"target\":[\"https:\/\/theyoungmessiah.com\/it\/incontra-per-il-sesso\/\"]}]},{\"@type\":\"BreadcrumbList\",\"@id\":\"https:\/\/theyoungmessiah.com\/it\/incontra-per-il-sesso\/#breadcrumb\",\"itemListElement\":[{\"@type\":\"ListItem\",\"position\":1,\"name\":\"Home\",\"item\":\"https:\/\/theyoungmessiah.com\/it\/\"},{\"@type\":\"ListItem\",\"position\":2,\"name\":\"Incontra per il sesso\"}]}]}<\/script>\n<!-- \/ Yoast SEO plugin. -->","yoast_head_json":{"title":"Incontra per il sesso - Online Adult Dating","robots":{"index":"index","follow":"follow","max-snippet":"max-snippet:-1","max-image-preview":"max-image-preview:large","max-video-preview":"max-video-preview:-1"},"canonical":"https:\/\/theyoungmessiah.com\/it\/incontra-per-il-sesso\/","og_locale":"it_IT","og_type":"article","og_title":"Incontra per il sesso - Online Adult Dating","og_description":"Quando due persone si incontrano per fare sesso, di solito \u00e8 perch\u00e9 sono attratte l&#8217;una dall&#8217;altra e vogliono avere rapporti sessuali. A volte le persone si incontrano per fare sesso perch\u00e9 sono alla ricerca di un incontro sessuale casuale senza alcun attaccamento emotivo; tuttavia, questo non \u00e8 sempre il caso. Le persone possono anche incontrarsi...Read more","og_url":"https:\/\/theyoungmessiah.com\/it\/incontra-per-il-sesso\/","og_site_name":"Online Adult Dating","twitter_card":"summary_large_image","twitter_misc":{"Tempo di lettura stimato":"4 minuti"},"schema":{"@context":"https:\/\/schema.org","@graph":[{"@type":"WebSite","@id":"https:\/\/theyoungmessiah.com\/it\/#website","url":"https:\/\/theyoungmessiah.com\/it\/","name":"Online Adult Dating","description":"Local Sex Hookups","potentialAction":[{"@type":"SearchAction","target":{"@type":"EntryPoint","urlTemplate":"https:\/\/theyoungmessiah.com\/it\/?s={search_term_string}"},"query-input":"required name=search_term_string"}],"inLanguage":"it-IT"},{"@type":"WebPage","@id":"https:\/\/theyoungmessiah.com\/it\/incontra-per-il-sesso\/#webpage","url":"https:\/\/theyoungmessiah.com\/it\/incontra-per-il-sesso\/","name":"Incontra per il sesso - Online Adult Dating","isPartOf":{"@id":"https:\/\/theyoungmessiah.com\/it\/#website"},"datePublished":"2022-10-12T13:00:11+00:00","dateModified":"2022-10-12T13:00:11+00:00","breadcrumb":{"@id":"https:\/\/theyoungmessiah.com\/it\/incontra-per-il-sesso\/#breadcrumb"},"inLanguage":"it-IT","potentialAction":[{"@type":"ReadAction","target":["https:\/\/theyoungmessiah.com\/it\/incontra-per-il-sesso\/"]}]},{"@type":"BreadcrumbList","@id":"https:\/\/theyoungmessiah.com\/it\/incontra-per-il-sesso\/#breadcrumb","itemListElement":[{"@type":"ListItem","position":1,"name":"Home","item":"https:\/\/theyoungmessiah.com\/it\/"},{"@type":"ListItem","position":2,"name":"Incontra per il sesso"}]}]}},"_links":{"self":[{"href":"https:\/\/theyoungmessiah.com\/it\/wp-json\/wp\/v2\/pages\/161"}],"collection":[{"href":"https:\/\/theyoungmessiah.com\/it\/wp-json\/wp\/v2\/pages"}],"about":[{"href":"https:\/\/theyoungmessiah.com\/it\/wp-json\/wp\/v2\/types\/page"}],"author":[{"embeddable":true,"href":"https:\/\/theyoungmessiah.com\/it\/wp-json\/wp\/v2\/users\/1"}],"replies":[{"embeddable":true,"href":"https:\/\/theyoungmessiah.com\/it\/wp-json\/wp\/v2\/comments?post=161"}],"version-history":[{"count":0,"href":"https:\/\/theyoungmessiah.com\/it\/wp-json\/wp\/v2\/pages\/161\/revisions"}],"wp:attachment":[{"href":"https:\/\/theyoungmessiah.com\/it\/wp-json\/wp\/v2\/media?parent=161"}],"curies":[{"name":"wp","href":"https:\/\/api.w.org\/{rel}","templated":true}]}}