{"id":172,"date":"2022-10-12T13:59:19","date_gmt":"2022-10-12T12:59:19","guid":{"rendered":"http:\/\/theyoungmessiah.com\/kink-siti-di-incontri\/"},"modified":"2022-10-12T13:59:19","modified_gmt":"2022-10-12T12:59:19","slug":"kink-siti-di-incontri","status":"publish","type":"page","link":"https:\/\/theyoungmessiah.com\/it\/kink-siti-di-incontri\/","title":{"rendered":"Kink Siti di incontri"},"content":{"rendered":"<p>Ci sono una variet\u00e0 di siti di incontri kink disponibili per le persone che sono interessate ad esplorare i loro feticci sessuali e nodi. Questi siti forniscono un ambiente sicuro e confortevole per le persone per connettersi con altri che condividono interessi simili. I siti di incontri Kink possono essere un ottimo modo per incontrare nuove persone ed esplorare la tua sessualit\u00e0 in modo sicuro e consensuale.<\/p>\n<h2>Collegamento BDSM locale<\/h2>\n<p>Se stai cercando collegamenti BDSM locali, allora ci sono alcune cose che dovresti tenere a mente. Innanzitutto, \u00e8 importante trovare un gruppo o una comunit\u00e0 con cui ti senti a tuo agio. Ci sono molti gruppi BDSM diversi l\u00e0 fuori, quindi \u00e8 importante trovarne uno con cui ti adatti. Una volta trovato un gruppo, il passo successivo \u00e8 trovare qualcuno con cui sei compatibile. Questo pu\u00f2 essere fatto partecipando a eventi o incontrando persone online. Una volta trovato qualcuno, \u00e8 importante comunicare e assicurarsi di essere entrambi sulla stessa pagina. Il BDSM pu\u00f2 essere molto divertente, ma \u00e8 importante assicurarsi che tutti siano a proprio agio e al sicuro.<\/p>\n<p>Ci sono molti siti di incontri bondage che si rivolgono a coloro che sono in BDSM e gioco sessuale kinkier. Puoi cercare membri locali che sono nelle tue stesse cose e che vivono nelle vicinanze. Questo rende facile incontrarsi per un po &#8216;di divertimento stravagante. Molti di questi siti hanno abbonamenti gratuiti, quindi puoi provarli prima di impegnarti in qualsiasi cosa. Assicurati di leggere prima le recensioni per vedere cosa pensano gli altri della loro esperienza.<\/p>\n<h2>Kinky Personals gratuiti<\/h2>\n<p>Ci sono molti siti personali stravaganti online e sono tutti gratuiti. Puoi trovare single stravaganti nella tua zona che sono in tutti i tipi di nodi e feticci. Che tu sia appassionato di BDSM, feticcio del piede o qualsiasi altra cosa, sarai in grado di trovare qualcuno che condivide i tuoi interessi su un sito personale stravagante.<\/p>\n<h3>AdultFriendFinder<\/h3>\n<p>AdultFriendFinder \u00e8 una delle app di appuntamenti pi\u00f9 popolari per i kinkster. Ha una vasta base di utenti ed \u00e8 molto popolare nella comunit\u00e0 kink. L&#8217;app \u00e8 facile da usare e ha molte funzionalit\u00e0. Puoi cercare gli utenti per posizione, et\u00e0, sesso e interessi. L&#8217;app ha anche una funzione di messaggistica in modo da poter comunicare con altri utenti. L&#8217;app \u00e8 gratuita, ma esiste un&#8217;opzione di abbonamento a pagamento se si desidera accedere a pi\u00f9 funzionalit\u00e0.<\/p>\n<h3>Rubmaps<\/h3>\n<p>Rubmaps \u00e8 una nuova app di appuntamenti che si rivolge sia ai kinkster che ai fetster. \u00c8 un concetto semplice: gli utenti creano un profilo e poi navigano tra potenziali corrispondenze, inviando messaggi a coloro a cui sono interessati. L&#8217;app \u00e8 scaricabile e utilizzabile gratuitamente e non ci sono pubblicit\u00e0. Tuttavia, \u00e8 disponibile un abbonamento premium che sblocca funzionalit\u00e0 aggiuntive, come la messaggistica illimitata e la possibilit\u00e0 di vedere chi ha visualizzato il tuo profilo. Sia che tu stia cercando un collegamento stravagante o una relazione BDSM a lungo termine, Vale la pena dare un&#8217;occhiata a Rubmaps.<\/p>\n<h3>CharmDate<\/h3>\n<p>Se stai cercando un sito di incontri kink che sia divertente e facile da usare, ti consigliamo di dare un&#8217;occhiata a CharmDate. L&#8217;app ha un&#8217;interfaccia pulita e moderna che rende la ricerca e la chat con potenziali corrispondenze un gioco da ragazzi. Inoltre, le ampie opzioni di ricerca e filtraggio del sito semplificano la ricerca di qualcuno che soddisfi le tue specifiche esigenze di kink e relazione.<\/p>\n<p>Tuttavia, uno svantaggio di CharmDate \u00e8 che non \u00e8 l&#8217;opzione pi\u00f9 conveniente l\u00e0 fuori. Ma, se sei disposto a pagare per un abbonamento premium, avrai accesso a una serie di funzionalit\u00e0 che rendono il sito degno del prezzo, tra cui messaggistica illimitata, opzioni di ricerca avanzate e la possibilit\u00e0 di visualizzare foto e video.<\/p>\n<h3>BBWCupid<\/h3>\n<p>BBWCupid \u00e8 un&#8217;ottima app di appuntamenti per single plus-size o per coloro che sono interessati a partner plus-size. L&#8217;app \u00e8 facile da usare e ha molte fantastiche funzionalit\u00e0, come filtri di ricerca e messaggistica. L&#8217;unico aspetto negativo \u00e8 che non ha una base di utenti molto ampia, quindi potresti non trovare tante potenziali corrispondenze come faresti su un&#8217;app pi\u00f9 popolare. Tuttavia, se stai cercando specificamente un partner plus-size, BBWCupid vale sicuramente la pena provare!<\/p>\n","protected":false},"excerpt":{"rendered":"<p>Ci sono una variet\u00e0 di siti di incontri kink disponibili per le persone che sono interessate ad esplorare i loro feticci sessuali e nodi. Questi siti forniscono un ambiente sicuro e confortevole per le persone per connettersi con altri che condividono interessi simili. I siti di incontri Kink possono essere un ottimo modo per incontrare&#8230;<a class=\"read-more-link button\" href=\"https:\/\/theyoungmessiah.com\/it\/kink-siti-di-incontri\/\">Read more<\/a><\/p>\n","protected":false},"author":1,"featured_media":0,"parent":0,"menu_order":0,"comment_status":"closed","ping_status":"closed","template":"","meta":[],"yoast_head":"<!-- This site is optimized with the Yoast SEO plugin v17.7.1 - https:\/\/yoast.com\/wordpress\/plugins\/seo\/ -->\n<title>Kink Siti di incontri - Online Adult Dating<\/title>\n<meta name=\"robots\" content=\"index, follow, max-snippet:-1, max-image-preview:large, max-video-preview:-1\" \/>\n<link rel=\"canonical\" href=\"https:\/\/theyoungmessiah.com\/it\/kink-siti-di-incontri\/\" \/>\n<meta property=\"og:locale\" content=\"it_IT\" \/>\n<meta property=\"og:type\" content=\"article\" \/>\n<meta property=\"og:title\" content=\"Kink Siti di incontri - Online Adult Dating\" \/>\n<meta property=\"og:description\" content=\"Ci sono una variet\u00e0 di siti di incontri kink disponibili per le persone che sono interessate ad esplorare i loro feticci sessuali e nodi. Questi siti forniscono un ambiente sicuro e confortevole per le persone per connettersi con altri che condividono interessi simili. I siti di incontri Kink possono essere un ottimo modo per incontrare...Read more\" \/>\n<meta property=\"og:url\" content=\"https:\/\/theyoungmessiah.com\/it\/kink-siti-di-incontri\/\" \/>\n<meta property=\"og:site_name\" content=\"Online Adult Dating\" \/>\n<meta name=\"twitter:card\" content=\"summary_large_image\" \/>\n<meta name=\"twitter:label1\" content=\"Tempo di lettura stimato\" \/>\n\t<meta name=\"twitter:data1\" content=\"3 minuti\" \/>\n<script type=\"application\/ld+json\" class=\"yoast-schema-graph\">{\"@context\":\"https:\/\/schema.org\",\"@graph\":[{\"@type\":\"WebSite\",\"@id\":\"https:\/\/theyoungmessiah.com\/it\/#website\",\"url\":\"https:\/\/theyoungmessiah.com\/it\/\",\"name\":\"Online Adult Dating\",\"description\":\"Local Sex Hookups\",\"potentialAction\":[{\"@type\":\"SearchAction\",\"target\":{\"@type\":\"EntryPoint\",\"urlTemplate\":\"https:\/\/theyoungmessiah.com\/it\/?s={search_term_string}\"},\"query-input\":\"required name=search_term_string\"}],\"inLanguage\":\"it-IT\"},{\"@type\":\"WebPage\",\"@id\":\"https:\/\/theyoungmessiah.com\/it\/kink-siti-di-incontri\/#webpage\",\"url\":\"https:\/\/theyoungmessiah.com\/it\/kink-siti-di-incontri\/\",\"name\":\"Kink Siti di incontri - Online Adult Dating\",\"isPartOf\":{\"@id\":\"https:\/\/theyoungmessiah.com\/it\/#website\"},\"datePublished\":\"2022-10-12T12:59:19+00:00\",\"dateModified\":\"2022-10-12T12:59:19+00:00\",\"breadcrumb\":{\"@id\":\"https:\/\/theyoungmessiah.com\/it\/kink-siti-di-incontri\/#breadcrumb\"},\"inLanguage\":\"it-IT\",\"potentialAction\":[{\"@type\":\"ReadAction\",\"target\":[\"https:\/\/theyoungmessiah.com\/it\/kink-siti-di-incontri\/\"]}]},{\"@type\":\"BreadcrumbList\",\"@id\":\"https:\/\/theyoungmessiah.com\/it\/kink-siti-di-incontri\/#breadcrumb\",\"itemListElement\":[{\"@type\":\"ListItem\",\"position\":1,\"name\":\"Home\",\"item\":\"https:\/\/theyoungmessiah.com\/it\/\"},{\"@type\":\"ListItem\",\"position\":2,\"name\":\"Kink Siti di incontri\"}]}]}<\/script>\n<!-- \/ Yoast SEO plugin. -->","yoast_head_json":{"title":"Kink Siti di incontri - Online Adult Dating","robots":{"index":"index","follow":"follow","max-snippet":"max-snippet:-1","max-image-preview":"max-image-preview:large","max-video-preview":"max-video-preview:-1"},"canonical":"https:\/\/theyoungmessiah.com\/it\/kink-siti-di-incontri\/","og_locale":"it_IT","og_type":"article","og_title":"Kink Siti di incontri - Online Adult Dating","og_description":"Ci sono una variet\u00e0 di siti di incontri kink disponibili per le persone che sono interessate ad esplorare i loro feticci sessuali e nodi. Questi siti forniscono un ambiente sicuro e confortevole per le persone per connettersi con altri che condividono interessi simili. I siti di incontri Kink possono essere un ottimo modo per incontrare...Read more","og_url":"https:\/\/theyoungmessiah.com\/it\/kink-siti-di-incontri\/","og_site_name":"Online Adult Dating","twitter_card":"summary_large_image","twitter_misc":{"Tempo di lettura stimato":"3 minuti"},"schema":{"@context":"https:\/\/schema.org","@graph":[{"@type":"WebSite","@id":"https:\/\/theyoungmessiah.com\/it\/#website","url":"https:\/\/theyoungmessiah.com\/it\/","name":"Online Adult Dating","description":"Local Sex Hookups","potentialAction":[{"@type":"SearchAction","target":{"@type":"EntryPoint","urlTemplate":"https:\/\/theyoungmessiah.com\/it\/?s={search_term_string}"},"query-input":"required name=search_term_string"}],"inLanguage":"it-IT"},{"@type":"WebPage","@id":"https:\/\/theyoungmessiah.com\/it\/kink-siti-di-incontri\/#webpage","url":"https:\/\/theyoungmessiah.com\/it\/kink-siti-di-incontri\/","name":"Kink Siti di incontri - Online Adult Dating","isPartOf":{"@id":"https:\/\/theyoungmessiah.com\/it\/#website"},"datePublished":"2022-10-12T12:59:19+00:00","dateModified":"2022-10-12T12:59:19+00:00","breadcrumb":{"@id":"https:\/\/theyoungmessiah.com\/it\/kink-siti-di-incontri\/#breadcrumb"},"inLanguage":"it-IT","potentialAction":[{"@type":"ReadAction","target":["https:\/\/theyoungmessiah.com\/it\/kink-siti-di-incontri\/"]}]},{"@type":"BreadcrumbList","@id":"https:\/\/theyoungmessiah.com\/it\/kink-siti-di-incontri\/#breadcrumb","itemListElement":[{"@type":"ListItem","position":1,"name":"Home","item":"https:\/\/theyoungmessiah.com\/it\/"},{"@type":"ListItem","position":2,"name":"Kink Siti di incontri"}]}]}},"_links":{"self":[{"href":"https:\/\/theyoungmessiah.com\/it\/wp-json\/wp\/v2\/pages\/172"}],"collection":[{"href":"https:\/\/theyoungmessiah.com\/it\/wp-json\/wp\/v2\/pages"}],"about":[{"href":"https:\/\/theyoungmessiah.com\/it\/wp-json\/wp\/v2\/types\/page"}],"author":[{"embeddable":true,"href":"https:\/\/theyoungmessiah.com\/it\/wp-json\/wp\/v2\/users\/1"}],"replies":[{"embeddable":true,"href":"https:\/\/theyoungmessiah.com\/it\/wp-json\/wp\/v2\/comments?post=172"}],"version-history":[{"count":0,"href":"https:\/\/theyoungmessiah.com\/it\/wp-json\/wp\/v2\/pages\/172\/revisions"}],"wp:attachment":[{"href":"https:\/\/theyoungmessiah.com\/it\/wp-json\/wp\/v2\/media?parent=172"}],"curies":[{"name":"wp","href":"https:\/\/api.w.org\/{rel}","templated":true}]}}